{"id":2931,"date":"2024-09-16T08:13:34","date_gmt":"2024-09-16T08:13:34","guid":{"rendered":"https:\/\/nembutalboutique.com\/?post_type=product&#038;p=2931"},"modified":"2024-09-20T10:13:13","modified_gmt":"2024-09-20T10:13:13","slug":"mdma","status":"publish","type":"product","link":"https:\/\/nembutalboutique.com\/nl\/product\/mdma-online-kopen\/","title":{"rendered":"MDMA"},"content":{"rendered":"<h2>MDMA-Kristalle online kopen - MDMA-Kristalle online kopen<\/h2>\n<p>MDMA, ook bekend als 3,4-methylendioxymethamfetamine, is een psychoactieve stof die geluk en empathie opwekt. MDMA werd oorspronkelijk ontwikkeld als receptgeneesmiddel voor de behandeling van posttraumatische stressstoornis (PTSS). Door het wijdverspreide gebruik als partydrug, heeft vrij verkrijgbare pure MDMA aan populariteit gewonnen als recreatieve drug. De drug wordt soms Ecstasy of Molly genoemd. MDMA-Kristalle online is een krachtig stimulerend middel dat de serotoninespiegel in het lichaam verandert. Dit resulteert in verhoogde vitaliteit, concentratie en geluk.<\/p>\n<h3>Koop MDMDA online bij een betrouwbare MDMDA leverancier of verkoper.<\/h3>\n<p>Methylendioxymethamfetamine, ook bekend als MDMA, is een psychoactieve stof die gebruikers een optimistisch, energiek, reflectief en geagiteerd gevoel geeft. Toen MDMA in 1912 voor het eerst werd geproduceerd als chemisch onderzoeksmiddel, werd het gesynthetiseerd. In de jaren 1970 begon MDMA echter populair te worden bij mensen die het voor hun plezier gebruikten. Volgens de Controlled Substances Act is MDMA vandaag de dag nog steeds illegaal.<\/p>\n<h3>Waar kan ik MDMA online kopen?<\/h3>\n<p>Er zijn verschillende plaatsen waar je MDMA online kunt kopen. Op onze gespecialiseerde online websites kun je MDMA kopen. Kan ik MDMA online kopen zonder recept? Ja, je kunt MDMA veilig en discreet online kopen bij een gerenommeerde verkoper zoals wij.<\/p>\n<h3>Hoe kan ik veilig online MDMA kopen? Is het legaal om MDMA online te kopen?<\/h3>\n<p>Het is acceptabel om MDMA online te kopen. Aan de andere kant moet je de wetten van de staat naleven. Door dit te controleren kun je er zeker van zijn dat je de wetten in jouw omgeving naleeft. MDMA De meeste landen ter wereld beschouwen het als een verboden middel. In veel delen van Europa, Azi\u00eb, Australi\u00eb en Noord-Amerika is het echter legaal om MDMA te kopen.<\/p>\n<h3>Kan ik MDM online kopen?<\/h3>\n<p>Je kunt MDMA online kopen. Zoals we allemaal weten, zijn er veel verkopers die MDMA online verkopen. Het enige wat je moet weten is hoe je een echte dealer kunt herkennen en welke stappen je in deze situatie moet nemen. Er is nog een andere term voor MDMA: ecstasy. Hoewel MDMA sommige van dezelfde effecten kan hebben, verandert het het lichaam niet op dezelfde manier als euforie. Waar kan ik MDMA-Kristalle veilig en discreet online kopen?<\/p>\n<p>Wij zijn de beste bron voor het kopen van onroerend goed <a href=\"https:\/\/nembutalboutique.com\/produit\/mdma\/\">MDMA<\/a> online. We verkopen MDMA sinds 2013. Onze klanten ontvangen consistent MDMA van topkwaliteit tegen redelijke prijzen. We verzenden alles gratis naar elk land ter wereld. MDMA betekent de beschikbaarheid van veilige online transacties. Neem contact met ons op voor meer informatie over MDMA.<\/p>\n<h3>Hoe wordt MDMA gebruikt?<\/h3>\n<p>Om te gebruiken meng je gewoon 1\/8 gram MDMA met twee druppels water. Neem vervolgens tien minuten de tijd om op je gemak van het mengsel te genieten. Vermijd om het hele drankje in je eentje op te drinken. Neem in plaats daarvan een klein, gelijkmatig snufje.<\/p>\n<h3>MDMA: wat is het?<\/h3>\n<p>Een natuurlijke stof die in sommige batterijen voorkomt is <a href=\"https:\/\/en.wikipedia.org\/wiki\/MDMA\">MDMA<\/a>. Het is vergelijkbaar met mescaline, een hallucinogene drug gemaakt van de peyote plant. Ordnungsverschiebung Krachtige hallucinogenen zoals MDMA kunnen extreem pijnlijke hallucinaties veroorzaken bij gebruikers. Mensen merken vaak hoe krachtig en ongelooflijk authentiek deze beelden op hen overkomen. Deze hallucinaties worden veroorzaakt door het vrijkomen van serotonine in de hersenen. Serotonine is een neurotransmitter die stemmingen, eetlust, slaappatronen en seksueel verlangen regelt. Wanneer het serotonineniveau laag is, hebben gebruikers vaak last van depressies. MDMA verhoogt de serotoninespiegel in de hersenen, waardoor gebruikers gelukkiger en energieker worden.<\/p>\n<h3>Is MDMA een tragische farao?<\/h3>\n<p>Ja, MDMA is veilig bij correct gebruik. MDMA mag echter alleen worden gebruikt door volwassenen van 18 jaar en ouder.<\/p>\n<h3>Kan ik MDMA gebruiken tijdens de zwangerschap?<\/h3>\n<p>Zwangere vrouwen wordt vaak afgeraden MDMA te gebruiken. Er is geen bewijs dat MDMA schadelijk is voor de zich ontwikkelende foetus. Zwangere vrouwen moeten echter voorzichtig zijn met het gebruik van MDMA. MDMA online kopen.<\/p>","protected":false},"excerpt":{"rendered":"<p>Acheter MDMA-Kristalle en ligne &#8211; MDMA-Kristalle en ligne La MDMA, \u00e9galement connue sous le nom de 3,4-m\u00e9thylendioxym\u00e9thamph\u00e9tamine, est une substance psychoactive qui induit le bonheur et l&#8217;empathie. La MDMA a \u00e9t\u00e9 initialement d\u00e9velopp\u00e9e comme m\u00e9dicament sur ordonnance pour traiter le trouble de stress post-traumatique (TSPT). En raison de son utilisation r\u00e9pandue comme drogue de f\u00eate, [&hellip;]<\/p>","protected":false},"featured_media":2937,"comment_status":"open","ping_status":"closed","template":"","meta":{"_joinchat":[]},"product_brand":[],"product_cat":[385],"product_tag":[],"class_list":{"0":"post-2931","1":"product","2":"type-product","3":"status-publish","4":"has-post-thumbnail","6":"product_cat-forschung-schemikalien","8":"first","9":"instock","10":"shipping-taxable","11":"purchasable","12":"product-type-variable"},"yoast_head":"<!-- This site is optimized with the Yoast SEO plugin v23.5 - https:\/\/yoast.com\/wordpress\/plugins\/seo\/ -->\n<title>Acheter de la MDMA en ligne \u2013 MDMA \u00e0 vendre<\/title>\n<meta name=\"description\" content=\"Vous cherchez \u00e0 acheter de la MDMA en ligne \u00e0 un prix raisonnable ? Visitez notre boutique en ligne r\u00e9put\u00e9e Nembutal Boutique et obtenez de la MDMA en vente d\u00e8s aujourd&#039;hui. Passez une commande maintenant et obtenez le meilleur tarif dans notre magasin.\" \/>\n<meta name=\"robots\" content=\"index, follow, max-snippet:-1, max-image-preview:large, max-video-preview:-1\" \/>\n<link rel=\"canonical\" href=\"https:\/\/nembutalboutique.com\/nl\/product\/mdma-online-kopen\/\" \/>\n<meta property=\"og:locale\" content=\"nl_BE\" \/>\n<meta property=\"og:type\" content=\"article\" \/>\n<meta property=\"og:title\" content=\"Acheter de la MDMA en ligne \u2013 MDMA \u00e0 vendre\" \/>\n<meta property=\"og:description\" content=\"Vous cherchez \u00e0 acheter de la MDMA en ligne \u00e0 un prix raisonnable ? Visitez notre boutique en ligne r\u00e9put\u00e9e Nembutal Boutique et obtenez de la MDMA en vente d\u00e8s aujourd&#039;hui. Passez une commande maintenant et obtenez le meilleur tarif dans notre magasin.\" \/>\n<meta property=\"og:url\" content=\"https:\/\/nembutalboutique.com\/nl\/product\/mdma-online-kopen\/\" \/>\n<meta property=\"og:site_name\" content=\"Nembutal Boutique\" \/>\n<meta property=\"article:modified_time\" content=\"2024-09-20T10:13:13+00:00\" \/>\n<meta property=\"og:image\" content=\"https:\/\/nembutalboutique.com\/wp-content\/uploads\/2024\/09\/MDMA.gif\" \/>\n\t<meta property=\"og:image:width\" content=\"600\" \/>\n\t<meta property=\"og:image:height\" content=\"600\" \/>\n\t<meta property=\"og:image:type\" content=\"image\/gif\" \/>\n<meta name=\"twitter:card\" content=\"summary_large_image\" \/>\n<meta name=\"twitter:label1\" content=\"Geschatte leestijd\" \/>\n\t<meta name=\"twitter:data1\" content=\"4 minuten\" \/>\n<script type=\"application\/ld+json\" class=\"yoast-schema-graph\">{\"@context\":\"https:\/\/schema.org\",\"@graph\":[{\"@type\":\"WebPage\",\"@id\":\"https:\/\/nembutalboutique.com\/produit\/mdma\/\",\"url\":\"https:\/\/nembutalboutique.com\/produit\/mdma\/\",\"name\":\"Acheter de la MDMA en ligne \u2013 MDMA \u00e0 vendre\",\"isPartOf\":{\"@id\":\"https:\/\/nembutalboutique.com\/#website\"},\"primaryImageOfPage\":{\"@id\":\"https:\/\/nembutalboutique.com\/produit\/mdma\/#primaryimage\"},\"image\":{\"@id\":\"https:\/\/nembutalboutique.com\/produit\/mdma\/#primaryimage\"},\"thumbnailUrl\":\"https:\/\/nembutalboutique.com\/wp-content\/uploads\/2024\/09\/MDMA.gif\",\"datePublished\":\"2024-09-16T08:13:34+00:00\",\"dateModified\":\"2024-09-20T10:13:13+00:00\",\"description\":\"Vous cherchez \u00e0 acheter de la MDMA en ligne \u00e0 un prix raisonnable ? Visitez notre boutique en ligne r\u00e9put\u00e9e Nembutal Boutique et obtenez de la MDMA en vente d\u00e8s aujourd'hui. Passez une commande maintenant et obtenez le meilleur tarif dans notre magasin.\",\"breadcrumb\":{\"@id\":\"https:\/\/nembutalboutique.com\/produit\/mdma\/#breadcrumb\"},\"inLanguage\":\"nl-BE\",\"potentialAction\":[{\"@type\":\"ReadAction\",\"target\":[\"https:\/\/nembutalboutique.com\/produit\/mdma\/\"]}]},{\"@type\":\"ImageObject\",\"inLanguage\":\"nl-BE\",\"@id\":\"https:\/\/nembutalboutique.com\/produit\/mdma\/#primaryimage\",\"url\":\"https:\/\/nembutalboutique.com\/wp-content\/uploads\/2024\/09\/MDMA.gif\",\"contentUrl\":\"https:\/\/nembutalboutique.com\/wp-content\/uploads\/2024\/09\/MDMA.gif\",\"width\":600,\"height\":600,\"caption\":\"Acheter MDMA.gif\"},{\"@type\":\"BreadcrumbList\",\"@id\":\"https:\/\/nembutalboutique.com\/produit\/mdma\/#breadcrumb\",\"itemListElement\":[{\"@type\":\"ListItem\",\"position\":1,\"name\":\"Home\",\"item\":\"https:\/\/nembutalboutique.com\/\"},{\"@type\":\"ListItem\",\"position\":2,\"name\":\"Boutique\",\"item\":\"https:\/\/nembutalboutique.com\/shop\/\"},{\"@type\":\"ListItem\",\"position\":3,\"name\":\"MDMA\"}]},{\"@type\":\"WebSite\",\"@id\":\"https:\/\/nembutalboutique.com\/#website\",\"url\":\"https:\/\/nembutalboutique.com\/\",\"name\":\"Nembutal Boutique\",\"description\":\"My WordPress Blog\",\"publisher\":{\"@id\":\"https:\/\/nembutalboutique.com\/#organization\"},\"potentialAction\":[{\"@type\":\"SearchAction\",\"target\":{\"@type\":\"EntryPoint\",\"urlTemplate\":\"https:\/\/nembutalboutique.com\/?s={search_term_string}\"},\"query-input\":{\"@type\":\"PropertyValueSpecification\",\"valueRequired\":true,\"valueName\":\"search_term_string\"}}],\"inLanguage\":\"nl-BE\"},{\"@type\":\"Organization\",\"@id\":\"https:\/\/nembutalboutique.com\/#organization\",\"name\":\"Nembutal Boutique\",\"url\":\"https:\/\/nembutalboutique.com\/\",\"logo\":{\"@type\":\"ImageObject\",\"inLanguage\":\"nl-BE\",\"@id\":\"https:\/\/nembutalboutique.com\/#\/schema\/logo\/image\/\",\"url\":\"https:\/\/nembutalboutique.com\/wp-content\/uploads\/2024\/01\/logo.png\",\"contentUrl\":\"https:\/\/nembutalboutique.com\/wp-content\/uploads\/2024\/01\/logo.png\",\"width\":494,\"height\":121,\"caption\":\"Nembutal Boutique\"},\"image\":{\"@id\":\"https:\/\/nembutalboutique.com\/#\/schema\/logo\/image\/\"}}]}<\/script>\n<!-- \/ Yoast SEO plugin. -->","yoast_head_json":{"title":"MDMA online kopen - MDMA te koop","description":"Op zoek naar MDMA online kopen tegen een redelijke prijs? Bezoek onze gerenommeerde online winkel Nembutal Boutique en haal MDMA vandaag nog in huis. Plaats nu een bestelling en krijg de beste prijs in onze winkel.","robots":{"index":"index","follow":"follow","max-snippet":"max-snippet:-1","max-image-preview":"max-image-preview:large","max-video-preview":"max-video-preview:-1"},"canonical":"https:\/\/nembutalboutique.com\/nl\/product\/mdma-online-kopen\/","og_locale":"nl_BE","og_type":"article","og_title":"Acheter de la MDMA en ligne \u2013 MDMA \u00e0 vendre","og_description":"Vous cherchez \u00e0 acheter de la MDMA en ligne \u00e0 un prix raisonnable ? Visitez notre boutique en ligne r\u00e9put\u00e9e Nembutal Boutique et obtenez de la MDMA en vente d\u00e8s aujourd'hui. Passez une commande maintenant et obtenez le meilleur tarif dans notre magasin.","og_url":"https:\/\/nembutalboutique.com\/nl\/product\/mdma-online-kopen\/","og_site_name":"Nembutal Boutique","article_modified_time":"2024-09-20T10:13:13+00:00","og_image":[{"width":600,"height":600,"url":"https:\/\/nembutalboutique.com\/wp-content\/uploads\/2024\/09\/MDMA.gif","type":"image\/gif"}],"twitter_card":"summary_large_image","twitter_misc":{"Geschatte leestijd":"4 minuten"},"schema":{"@context":"https:\/\/schema.org","@graph":[{"@type":"WebPage","@id":"https:\/\/nembutalboutique.com\/produit\/mdma\/","url":"https:\/\/nembutalboutique.com\/produit\/mdma\/","name":"MDMA online kopen - MDMA te koop","isPartOf":{"@id":"https:\/\/nembutalboutique.com\/#website"},"primaryImageOfPage":{"@id":"https:\/\/nembutalboutique.com\/produit\/mdma\/#primaryimage"},"image":{"@id":"https:\/\/nembutalboutique.com\/produit\/mdma\/#primaryimage"},"thumbnailUrl":"https:\/\/nembutalboutique.com\/wp-content\/uploads\/2024\/09\/MDMA.gif","datePublished":"2024-09-16T08:13:34+00:00","dateModified":"2024-09-20T10:13:13+00:00","description":"Op zoek naar MDMA online kopen tegen een redelijke prijs? Bezoek onze gerenommeerde online winkel Nembutal Boutique en haal MDMA vandaag nog in huis. Plaats nu een bestelling en krijg de beste prijs in onze winkel.","breadcrumb":{"@id":"https:\/\/nembutalboutique.com\/produit\/mdma\/#breadcrumb"},"inLanguage":"nl-BE","potentialAction":[{"@type":"ReadAction","target":["https:\/\/nembutalboutique.com\/produit\/mdma\/"]}]},{"@type":"ImageObject","inLanguage":"nl-BE","@id":"https:\/\/nembutalboutique.com\/produit\/mdma\/#primaryimage","url":"https:\/\/nembutalboutique.com\/wp-content\/uploads\/2024\/09\/MDMA.gif","contentUrl":"https:\/\/nembutalboutique.com\/wp-content\/uploads\/2024\/09\/MDMA.gif","width":600,"height":600,"caption":"Acheter MDMA.gif"},{"@type":"BreadcrumbList","@id":"https:\/\/nembutalboutique.com\/produit\/mdma\/#breadcrumb","itemListElement":[{"@type":"ListItem","position":1,"name":"Home","item":"https:\/\/nembutalboutique.com\/"},{"@type":"ListItem","position":2,"name":"Boutique","item":"https:\/\/nembutalboutique.com\/shop\/"},{"@type":"ListItem","position":3,"name":"MDMA"}]},{"@type":"WebSite","@id":"https:\/\/nembutalboutique.com\/#website","url":"https:\/\/nembutalboutique.com\/","name":"Nembutal winkel","description":"Mijn WordPress Blog","publisher":{"@id":"https:\/\/nembutalboutique.com\/#organization"},"potentialAction":[{"@type":"SearchAction","target":{"@type":"EntryPoint","urlTemplate":"https:\/\/nembutalboutique.com\/?s={search_term_string}"},"query-input":{"@type":"PropertyValueSpecification","valueRequired":true,"valueName":"search_term_string"}}],"inLanguage":"nl-BE"},{"@type":"Organization","@id":"https:\/\/nembutalboutique.com\/#organization","name":"Nembutal winkel","url":"https:\/\/nembutalboutique.com\/","logo":{"@type":"ImageObject","inLanguage":"nl-BE","@id":"https:\/\/nembutalboutique.com\/#\/schema\/logo\/image\/","url":"https:\/\/nembutalboutique.com\/wp-content\/uploads\/2024\/01\/logo.png","contentUrl":"https:\/\/nembutalboutique.com\/wp-content\/uploads\/2024\/01\/logo.png","width":494,"height":121,"caption":"Nembutal Boutique"},"image":{"@id":"https:\/\/nembutalboutique.com\/#\/schema\/logo\/image\/"}}]}},"_links":{"self":[{"href":"https:\/\/nembutalboutique.com\/nl\/wp-json\/wp\/v2\/product\/2931"}],"collection":[{"href":"https:\/\/nembutalboutique.com\/nl\/wp-json\/wp\/v2\/product"}],"about":[{"href":"https:\/\/nembutalboutique.com\/nl\/wp-json\/wp\/v2\/types\/product"}],"replies":[{"embeddable":true,"href":"https:\/\/nembutalboutique.com\/nl\/wp-json\/wp\/v2\/comments?post=2931"}],"wp:featuredmedia":[{"embeddable":true,"href":"https:\/\/nembutalboutique.com\/nl\/wp-json\/wp\/v2\/media\/2937"}],"wp:attachment":[{"href":"https:\/\/nembutalboutique.com\/nl\/wp-json\/wp\/v2\/media?parent=2931"}],"wp:term":[{"taxonomy":"product_brand","embeddable":true,"href":"https:\/\/nembutalboutique.com\/nl\/wp-json\/wp\/v2\/product_brand?post=2931"},{"taxonomy":"product_cat","embeddable":true,"href":"https:\/\/nembutalboutique.com\/nl\/wp-json\/wp\/v2\/product_cat?post=2931"},{"taxonomy":"product_tag","embeddable":true,"href":"https:\/\/nembutalboutique.com\/nl\/wp-json\/wp\/v2\/product_tag?post=2931"}],"curies":[{"name":"wp","href":"https:\/\/api.w.org\/{rel}","templated":true}]}}