{"id":2878,"date":"2024-09-16T08:13:15","date_gmt":"2024-09-16T08:13:15","guid":{"rendered":"https:\/\/nembutalboutique.com\/?post_type=product&#038;p=2878"},"modified":"2024-09-20T10:25:23","modified_gmt":"2024-09-20T10:25:23","slug":"ebk-kristall","status":"publish","type":"product","link":"https:\/\/nembutalboutique.com\/nl\/product\/ebk-online-kopen\/","title":{"rendered":"EBK Kristall"},"content":{"rendered":"<h2>EBK online kopen<\/h2>\n<p>Bestel EBK-Kristall online. nembutalboutique.com is een bekende online verkoper van onderzoekschemicali\u00ebn waar iedereen boven de 18 jaar EBK-Kristall kan kopen.<a href=\"https:\/\/en.wikipedia.org\/wiki\/EBK\">EBK<\/a>dat wordt beschouwd als de meest stimulerende chemische stof. Het kan worden gekweekt als vervanging voor N-ethylpentylon en is aanwezig in de vorm van grote kristallen. Het staat ook bekend als Ephylon en bk-EBDP.<\/p>\n<h2>Waar worden EBK-chemicali\u00ebn gebruikt?<\/h2>\n<p>Aangezien EBC-kristal in de meeste landen legaal is, zou het online bestellen niet al te moeilijk moeten zijn. Het wordt alleen verkocht voor onderzoeksdoeleinden en wordt voor geen enkel ander doel gebruikt. De toepassing is niet beperkt tot in vivo diagnostiek, geneesmiddelen, maaltijden, medische apparatuur, cosmetica of farmacie. Voordat u het online bestelformulier voor chemische producten invult <a href=\"https:\/\/nembutalboutique.com\/produit\/ebk-kristall\/\">EBK<\/a>Zorg voor voldoende zwerfvuil in je buurt.<\/p>\n<p>We hebben een lange geschiedenis als betrouwbare en legitieme bron van onderzoekschemicali\u00ebn. Authentieke getuigenissen van nieuwe en bestaande klanten op onze websites moedigen potenti\u00eble klanten aan om een bestelling bij ons te plaatsen.<\/p>\n<p>De grootste en meest betrouwbare leverancier van EBK-chemicali\u00ebn tegen een eerlijke prijs is NembuKauFlog. We bieden EBK-chemicali\u00ebn van superieure kwaliteit te koop aan en verzenden EBK-chemicali\u00ebn naar alle landen, waaronder de Verenigde Staten, Europa, Australi\u00eb en Canada. Door de uitzonderlijke kwaliteit van onze producten zijn we onge\u00ebvenaard in de productie en distributie van researchchemicali\u00ebn.<\/p>\n<p>Het beschermen van de privacy van onze klanten is erg belangrijk voor ons en we doen hier nooit concessies aan. We integreren de nieuwste beveiligingstechnologie\u00ebn in elke transactie. Klanttevredenheid is essentieel voor het succes van ons bedrijf. EBK Chemicals is een bedrijf dat diepgaand onderzoek en analyses uitvoert voordat het een product op de markt brengt. We hoeven geen concessies te doen als het gaat om productconsistentie en kwaliteit.<\/p>\n<p>Gebruik onze hotline voor klantenservice om contact met ons op te nemen als je vragen of opmerkingen hebt. We beloven zo snel mogelijk op je verzoek te reageren. EBK online kopen.<\/p>\n<p>Ons merk is het merk dat mensen om verschillende redenen kiezen, zoals de beschikbaarheid van onze producten in alle hoeveelheden, handige bezorgdiensten en professionele verpakking. De verwerking van bestellingen begint zodra de betaling is ontvangen.<\/p>","protected":false},"excerpt":{"rendered":"<p>Achetez EBK en ligne commandez EBK-Kristall en ligne. nembutalboutique.com est un d\u00e9taillant en ligne bien connu de produits chimiques de recherche o\u00f9 toute personne de plus de 18 ans peut se procurer de l&rsquo;EBK, qui est consid\u00e9r\u00e9 comme le produit chimique le plus stimulant. Il peut \u00eatre cultiv\u00e9 comme substitut du N-\u00e9thylpentylon et est pr\u00e9sent [&hellip;]<\/p>","protected":false},"featured_media":3249,"comment_status":"open","ping_status":"closed","template":"","meta":{"_joinchat":[]},"product_brand":[],"product_cat":[447],"product_tag":[],"class_list":{"0":"post-2878","1":"product","2":"type-product","3":"status-publish","4":"has-post-thumbnail","6":"product_cat-stimulants","8":"first","9":"instock","10":"shipping-taxable","11":"purchasable","12":"product-type-variable"},"yoast_head":"<!-- This site is optimized with the Yoast SEO plugin v23.5 - https:\/\/yoast.com\/wordpress\/plugins\/seo\/ -->\n<title>Cristal EBK \u00e0 vendre - Achetez du cristal EBK en ligne<\/title>\n<meta name=\"description\" content=\"Vous pouvez obtenir du cristal EBK \u00e0 vendre aux meilleurs prix dans notre boutique en ligne. Nous sommes l\u00e0 pour vous aider \u00e0 acheter du cristal EBK en ligne. Connectez-vous au meilleur magasin de la ville d\u00e8s aujourd&#039;hui\u00a0!\" \/>\n<meta name=\"robots\" content=\"index, follow, max-snippet:-1, max-image-preview:large, max-video-preview:-1\" \/>\n<link rel=\"canonical\" href=\"https:\/\/nembutalboutique.com\/nl\/product\/ebk-online-kopen\/\" \/>\n<meta property=\"og:locale\" content=\"nl_BE\" \/>\n<meta property=\"og:type\" content=\"article\" \/>\n<meta property=\"og:title\" content=\"Cristal EBK \u00e0 vendre - Achetez du cristal EBK en ligne\" \/>\n<meta property=\"og:description\" content=\"Vous pouvez obtenir du cristal EBK \u00e0 vendre aux meilleurs prix dans notre boutique en ligne. Nous sommes l\u00e0 pour vous aider \u00e0 acheter du cristal EBK en ligne. Connectez-vous au meilleur magasin de la ville d\u00e8s aujourd&#039;hui\u00a0!\" \/>\n<meta property=\"og:url\" content=\"https:\/\/nembutalboutique.com\/nl\/product\/ebk-online-kopen\/\" \/>\n<meta property=\"og:site_name\" content=\"Nembutal Boutique\" \/>\n<meta property=\"article:modified_time\" content=\"2024-09-20T10:25:23+00:00\" \/>\n<meta property=\"og:image\" content=\"https:\/\/nembutalboutique.com\/wp-content\/uploads\/2024\/09\/MAM-2201.gif\" \/>\n\t<meta property=\"og:image:width\" content=\"600\" \/>\n\t<meta property=\"og:image:height\" content=\"600\" \/>\n\t<meta property=\"og:image:type\" content=\"image\/gif\" \/>\n<meta name=\"twitter:card\" content=\"summary_large_image\" \/>\n<meta name=\"twitter:label1\" content=\"Geschatte leestijd\" \/>\n\t<meta name=\"twitter:data1\" content=\"3 minuten\" \/>\n<script type=\"application\/ld+json\" class=\"yoast-schema-graph\">{\"@context\":\"https:\/\/schema.org\",\"@graph\":[{\"@type\":\"WebPage\",\"@id\":\"https:\/\/nembutalboutique.com\/produit\/ebk-kristall\/\",\"url\":\"https:\/\/nembutalboutique.com\/produit\/ebk-kristall\/\",\"name\":\"Cristal EBK \u00e0 vendre - Achetez du cristal EBK en ligne\",\"isPartOf\":{\"@id\":\"https:\/\/nembutalboutique.com\/#website\"},\"primaryImageOfPage\":{\"@id\":\"https:\/\/nembutalboutique.com\/produit\/ebk-kristall\/#primaryimage\"},\"image\":{\"@id\":\"https:\/\/nembutalboutique.com\/produit\/ebk-kristall\/#primaryimage\"},\"thumbnailUrl\":\"https:\/\/nembutalboutique.com\/wp-content\/uploads\/2024\/09\/MAM-2201.gif\",\"datePublished\":\"2024-09-16T08:13:15+00:00\",\"dateModified\":\"2024-09-20T10:25:23+00:00\",\"description\":\"Vous pouvez obtenir du cristal EBK \u00e0 vendre aux meilleurs prix dans notre boutique en ligne. Nous sommes l\u00e0 pour vous aider \u00e0 acheter du cristal EBK en ligne. Connectez-vous au meilleur magasin de la ville d\u00e8s aujourd'hui\u00a0!\",\"breadcrumb\":{\"@id\":\"https:\/\/nembutalboutique.com\/produit\/ebk-kristall\/#breadcrumb\"},\"inLanguage\":\"nl-BE\",\"potentialAction\":[{\"@type\":\"ReadAction\",\"target\":[\"https:\/\/nembutalboutique.com\/produit\/ebk-kristall\/\"]}]},{\"@type\":\"ImageObject\",\"inLanguage\":\"nl-BE\",\"@id\":\"https:\/\/nembutalboutique.com\/produit\/ebk-kristall\/#primaryimage\",\"url\":\"https:\/\/nembutalboutique.com\/wp-content\/uploads\/2024\/09\/MAM-2201.gif\",\"contentUrl\":\"https:\/\/nembutalboutique.com\/wp-content\/uploads\/2024\/09\/MAM-2201.gif\",\"width\":600,\"height\":600,\"caption\":\"EBK Kristall\"},{\"@type\":\"BreadcrumbList\",\"@id\":\"https:\/\/nembutalboutique.com\/produit\/ebk-kristall\/#breadcrumb\",\"itemListElement\":[{\"@type\":\"ListItem\",\"position\":1,\"name\":\"Home\",\"item\":\"https:\/\/nembutalboutique.com\/\"},{\"@type\":\"ListItem\",\"position\":2,\"name\":\"Boutique\",\"item\":\"https:\/\/nembutalboutique.com\/shop\/\"},{\"@type\":\"ListItem\",\"position\":3,\"name\":\"EBK Kristall\"}]},{\"@type\":\"WebSite\",\"@id\":\"https:\/\/nembutalboutique.com\/#website\",\"url\":\"https:\/\/nembutalboutique.com\/\",\"name\":\"Nembutal Boutique\",\"description\":\"My WordPress Blog\",\"publisher\":{\"@id\":\"https:\/\/nembutalboutique.com\/#organization\"},\"potentialAction\":[{\"@type\":\"SearchAction\",\"target\":{\"@type\":\"EntryPoint\",\"urlTemplate\":\"https:\/\/nembutalboutique.com\/?s={search_term_string}\"},\"query-input\":{\"@type\":\"PropertyValueSpecification\",\"valueRequired\":true,\"valueName\":\"search_term_string\"}}],\"inLanguage\":\"nl-BE\"},{\"@type\":\"Organization\",\"@id\":\"https:\/\/nembutalboutique.com\/#organization\",\"name\":\"Nembutal Boutique\",\"url\":\"https:\/\/nembutalboutique.com\/\",\"logo\":{\"@type\":\"ImageObject\",\"inLanguage\":\"nl-BE\",\"@id\":\"https:\/\/nembutalboutique.com\/#\/schema\/logo\/image\/\",\"url\":\"https:\/\/nembutalboutique.com\/wp-content\/uploads\/2024\/01\/logo.png\",\"contentUrl\":\"https:\/\/nembutalboutique.com\/wp-content\/uploads\/2024\/01\/logo.png\",\"width\":494,\"height\":121,\"caption\":\"Nembutal Boutique\"},\"image\":{\"@id\":\"https:\/\/nembutalboutique.com\/#\/schema\/logo\/image\/\"}}]}<\/script>\n<!-- \/ Yoast SEO plugin. -->","yoast_head_json":{"title":"Kristal EBK te koop - EBK kristal online kopen","description":"Je kunt EBK kristal kopen tegen de beste prijzen in onze online winkel. We zijn er om je te helpen EBK kristal online te kopen. Maak vandaag nog verbinding met de beste winkel in de stad!","robots":{"index":"index","follow":"follow","max-snippet":"max-snippet:-1","max-image-preview":"max-image-preview:large","max-video-preview":"max-video-preview:-1"},"canonical":"https:\/\/nembutalboutique.com\/nl\/product\/ebk-online-kopen\/","og_locale":"nl_BE","og_type":"article","og_title":"Cristal EBK \u00e0 vendre - Achetez du cristal EBK en ligne","og_description":"Vous pouvez obtenir du cristal EBK \u00e0 vendre aux meilleurs prix dans notre boutique en ligne. Nous sommes l\u00e0 pour vous aider \u00e0 acheter du cristal EBK en ligne. Connectez-vous au meilleur magasin de la ville d\u00e8s aujourd'hui\u00a0!","og_url":"https:\/\/nembutalboutique.com\/nl\/product\/ebk-online-kopen\/","og_site_name":"Nembutal Boutique","article_modified_time":"2024-09-20T10:25:23+00:00","og_image":[{"width":600,"height":600,"url":"https:\/\/nembutalboutique.com\/wp-content\/uploads\/2024\/09\/MAM-2201.gif","type":"image\/gif"}],"twitter_card":"summary_large_image","twitter_misc":{"Geschatte leestijd":"3 minuten"},"schema":{"@context":"https:\/\/schema.org","@graph":[{"@type":"WebPage","@id":"https:\/\/nembutalboutique.com\/produit\/ebk-kristall\/","url":"https:\/\/nembutalboutique.com\/produit\/ebk-kristall\/","name":"Kristal EBK te koop - EBK kristal online kopen","isPartOf":{"@id":"https:\/\/nembutalboutique.com\/#website"},"primaryImageOfPage":{"@id":"https:\/\/nembutalboutique.com\/produit\/ebk-kristall\/#primaryimage"},"image":{"@id":"https:\/\/nembutalboutique.com\/produit\/ebk-kristall\/#primaryimage"},"thumbnailUrl":"https:\/\/nembutalboutique.com\/wp-content\/uploads\/2024\/09\/MAM-2201.gif","datePublished":"2024-09-16T08:13:15+00:00","dateModified":"2024-09-20T10:25:23+00:00","description":"Je kunt EBK kristal kopen tegen de beste prijzen in onze online winkel. We zijn er om je te helpen EBK kristal online te kopen. Maak vandaag nog verbinding met de beste winkel in de stad!","breadcrumb":{"@id":"https:\/\/nembutalboutique.com\/produit\/ebk-kristall\/#breadcrumb"},"inLanguage":"nl-BE","potentialAction":[{"@type":"ReadAction","target":["https:\/\/nembutalboutique.com\/produit\/ebk-kristall\/"]}]},{"@type":"ImageObject","inLanguage":"nl-BE","@id":"https:\/\/nembutalboutique.com\/produit\/ebk-kristall\/#primaryimage","url":"https:\/\/nembutalboutique.com\/wp-content\/uploads\/2024\/09\/MAM-2201.gif","contentUrl":"https:\/\/nembutalboutique.com\/wp-content\/uploads\/2024\/09\/MAM-2201.gif","width":600,"height":600,"caption":"EBK Kristall"},{"@type":"BreadcrumbList","@id":"https:\/\/nembutalboutique.com\/produit\/ebk-kristall\/#breadcrumb","itemListElement":[{"@type":"ListItem","position":1,"name":"Home","item":"https:\/\/nembutalboutique.com\/"},{"@type":"ListItem","position":2,"name":"Boutique","item":"https:\/\/nembutalboutique.com\/shop\/"},{"@type":"ListItem","position":3,"name":"EBK Kristall"}]},{"@type":"WebSite","@id":"https:\/\/nembutalboutique.com\/#website","url":"https:\/\/nembutalboutique.com\/","name":"Nembutal winkel","description":"Mijn WordPress Blog","publisher":{"@id":"https:\/\/nembutalboutique.com\/#organization"},"potentialAction":[{"@type":"SearchAction","target":{"@type":"EntryPoint","urlTemplate":"https:\/\/nembutalboutique.com\/?s={search_term_string}"},"query-input":{"@type":"PropertyValueSpecification","valueRequired":true,"valueName":"search_term_string"}}],"inLanguage":"nl-BE"},{"@type":"Organization","@id":"https:\/\/nembutalboutique.com\/#organization","name":"Nembutal winkel","url":"https:\/\/nembutalboutique.com\/","logo":{"@type":"ImageObject","inLanguage":"nl-BE","@id":"https:\/\/nembutalboutique.com\/#\/schema\/logo\/image\/","url":"https:\/\/nembutalboutique.com\/wp-content\/uploads\/2024\/01\/logo.png","contentUrl":"https:\/\/nembutalboutique.com\/wp-content\/uploads\/2024\/01\/logo.png","width":494,"height":121,"caption":"Nembutal Boutique"},"image":{"@id":"https:\/\/nembutalboutique.com\/#\/schema\/logo\/image\/"}}]}},"_links":{"self":[{"href":"https:\/\/nembutalboutique.com\/nl\/wp-json\/wp\/v2\/product\/2878"}],"collection":[{"href":"https:\/\/nembutalboutique.com\/nl\/wp-json\/wp\/v2\/product"}],"about":[{"href":"https:\/\/nembutalboutique.com\/nl\/wp-json\/wp\/v2\/types\/product"}],"replies":[{"embeddable":true,"href":"https:\/\/nembutalboutique.com\/nl\/wp-json\/wp\/v2\/comments?post=2878"}],"wp:featuredmedia":[{"embeddable":true,"href":"https:\/\/nembutalboutique.com\/nl\/wp-json\/wp\/v2\/media\/3249"}],"wp:attachment":[{"href":"https:\/\/nembutalboutique.com\/nl\/wp-json\/wp\/v2\/media?parent=2878"}],"wp:term":[{"taxonomy":"product_brand","embeddable":true,"href":"https:\/\/nembutalboutique.com\/nl\/wp-json\/wp\/v2\/product_brand?post=2878"},{"taxonomy":"product_cat","embeddable":true,"href":"https:\/\/nembutalboutique.com\/nl\/wp-json\/wp\/v2\/product_cat?post=2878"},{"taxonomy":"product_tag","embeddable":true,"href":"https:\/\/nembutalboutique.com\/nl\/wp-json\/wp\/v2\/product_tag?post=2878"}],"curies":[{"name":"wp","href":"https:\/\/api.w.org\/{rel}","templated":true}]}}