{"id":2877,"date":"2024-09-16T08:13:15","date_gmt":"2024-09-16T08:13:15","guid":{"rendered":"https:\/\/nembutalboutique.com\/?post_type=product&#038;p=2877"},"modified":"2024-09-20T10:32:57","modified_gmt":"2024-09-20T10:32:57","slug":"lethylene","status":"publish","type":"product","link":"https:\/\/nembutalboutique.com\/nl\/product\/ethylon-online-kopen\/","title":{"rendered":"ethyleen"},"content":{"rendered":"<h2>Ethylon Kristall online kopen.<\/h2>\n<p>kopen <a href=\"https:\/\/nembutalboutique.com\/produit\/lethylene\/\">Ethylone<\/a> online De meest verspreide zijn bk-MDEA, DEC en 3,4-Methylendioxy-N-ethylcathinon. Ethylone is een synthetische recreatieve drug met soortgelijke eigenschappen, effecten en structuur als amfetamine. Het is minder effectief dan methylone en is niet zo grondig onderzocht als de meeste amfetaminen of kakain. Om complicaties en lichamelijke schade te voorkomen, is het raadzaam om de drug alleen voor studiedoeleinden te gebruiken.<\/p>\n<p>Er zijn verschillende manieren om de chemische inhoud te controleren. De twee belangrijkste benaderingen zijn oraal en intraveneus. De chemische stof werkt het meest effectief wanneer het oraal wordt ingenomen, wat mogelijk wordt gemaakt door de hoge concentratie van serotonine 5HT receptoren. Je kunt genieten van een aantal voordelen wanneer je ethylone online koopt, zoals de volgende.<\/p>\n<p>verbetert je waarneming van kleuren en vloeiendere contouren, maakt dat je de mensen en muziek om je heen meer waardeert, heeft bepaalde empathische en entactogene effecten, evenals stimulerende en euforische gevoelens. Dit zijn goede idee\u00ebn, maar er zijn ook slechte, die hieronder worden opgesomd: ernstige depressie en paranoia, bloeddruk bij mensen met hartproblemen en -stoornissen, angstaanvallen en, in zeldzame gevallen, misselijkheid.<\/p>\n<p><a href=\"https:\/\/en.wikipedia.org\/wiki\/Ethylone\">Ethyleen<\/a> begint te werken bij orale inname 30 minuten na toediening. De eerste sensaties zijn onder andere opwinding en een gevoel van euforie. Andere kunnen optreden, afhankelijk van de dosering. Het duurt een uur of langer voordat het effect zijn piek bereikt. Hoewel het effect vergelijkbaar is met dat van MDMA, is het niet zo sterk. Deze piek kan drie tot vijf uur duren. Dosering en chemische compatibiliteit bepalen: hoe lang duurt het? Goed gevoede mensen ervaren geen ernstige gezondheidseffecten.<\/p>\n<p>Als je problemen wilt voorkomen, koop dan alleen ethyleen voor toegestaan gebruik. Het is alleen bedoeld voor gebruik in laboratoriumtests, experimenten en onderzoek; het is niet bedoeld voor menselijke of dierlijke consumptie.<\/p>\n<h3>Koop ethyleen van Koop Nembutal omdat kwaliteit telt!<\/h3>\n<p>Koop ethyleen online van de beste Europese chemische bedrijven Professioneel vervaardigd met minstens 98 % Reinheit garantie. We leveren de COA van elke chemisch geproduceerde batch tijdens ons onderzoek!<\/p>\n<p>Ethyleen materialen<\/p>\n<h3>Bevat minimaal 98 % plus \u00e9\u00e9n ethyl per besturingseenheid.<\/h3>\n<p>Bepaling van ethyleen<br \/>\nOmdat ethyleen alleen wordt verkocht voor gebruik in wetenschappelijk chemisch onderzoek en niet bedoeld is voor menselijke consumptie, is er geen aanbevolen dosering.<\/p>\n<h3>Effect van ethyleen :<\/h3>\n<p>De klinische effecten van de meeste nieuwe synthetische drugs, zoals ethyleen, kunnen worden geclassificeerd als stimulerend, hallucinogeen of opio\u00efde-achtig. Bovendien krijg je een combinatie van deze effecten met synthetische sideketensubstitutie.<\/p>\n<h3>Ongewenste effecten van ethyleen<\/h3>\n<p>Het gebruik van ethyleen kan, net als andere synthetische geneesmiddelen, ernstige bijwerkingen veroorzaken; de stof is niet professioneel getest of op enigerlei wijze goedgekeurd als farmaceutisch product! Ethyleen is daarom alleen bedoeld voor wetenschappelijk onderzoek en niet voor menselijke consumptie!<\/p>\n<h3>Begrijpen hoe ethyleen moet worden opgeslagen<\/h3>\n<p>Bewaar ethyleen bij een temperatuur lager dan dertig graden Celsius. Bewaar ethyleen in de oorspronkelijke verpakking, uit de buurt van direct zonlicht en vocht.<\/p>","protected":false},"excerpt":{"rendered":"<p>Acheter Ethylon Kristall en ligne. Acheter Ethylone en ligne Les plus largement distribu\u00e9s sont le bk-MDEA, le DEC et le 3,4-Methylendioxy-N-ethylcathinon. Acheter Ethylone en ligne ; c&rsquo;est une drogue de synth\u00e8se r\u00e9cr\u00e9ative dont les propri\u00e9t\u00e9s, les effets et la structure sont similaires \u00e0 ceux de l&rsquo;amph\u00e9tamine. Elle est moins efficace que la m\u00e9thylone et n&rsquo;a [&hellip;]<\/p>","protected":false},"featured_media":2902,"comment_status":"open","ping_status":"closed","template":"","meta":{"_joinchat":[]},"product_brand":[],"product_cat":[387,385],"product_tag":[],"class_list":{"0":"post-2877","1":"product","2":"type-product","3":"status-publish","4":"has-post-thumbnail","6":"product_cat-cathinone","7":"product_cat-forschung-schemikalien","9":"first","10":"instock","11":"shipping-taxable","12":"purchasable","13":"product-type-variable"},"yoast_head":"<!-- This site is optimized with the Yoast SEO plugin v23.5 - https:\/\/yoast.com\/wordpress\/plugins\/seo\/ -->\n<title>Acheter de l&#039;\u00e9thyl\u00e8ne en ligne - Ethyl\u00e8ne \u00e0 vendre<\/title>\n<meta name=\"description\" content=\"Si vous \u00eates passionn\u00e9 par l&#039;\u00e9thyl\u00e8ne, notre magasin est le meilleur endroit pour acheter de l&#039;\u00e9thyl\u00e8ne en ligne. Vous pouvez avoir de l&#039;\u00e9thyl\u00e8ne en vente au prix le plus bas. Commandez maintenant et recevez-le sous peu !\" \/>\n<meta name=\"robots\" content=\"index, follow, max-snippet:-1, max-image-preview:large, max-video-preview:-1\" \/>\n<link rel=\"canonical\" href=\"https:\/\/nembutalboutique.com\/nl\/product\/ethylon-online-kopen\/\" \/>\n<meta property=\"og:locale\" content=\"nl_BE\" \/>\n<meta property=\"og:type\" content=\"article\" \/>\n<meta property=\"og:title\" content=\"Acheter de l&#039;\u00e9thyl\u00e8ne en ligne - Ethyl\u00e8ne \u00e0 vendre\" \/>\n<meta property=\"og:description\" content=\"Si vous \u00eates passionn\u00e9 par l&#039;\u00e9thyl\u00e8ne, notre magasin est le meilleur endroit pour acheter de l&#039;\u00e9thyl\u00e8ne en ligne. Vous pouvez avoir de l&#039;\u00e9thyl\u00e8ne en vente au prix le plus bas. Commandez maintenant et recevez-le sous peu !\" \/>\n<meta property=\"og:url\" content=\"https:\/\/nembutalboutique.com\/nl\/product\/ethylon-online-kopen\/\" \/>\n<meta property=\"og:site_name\" content=\"Nembutal Boutique\" \/>\n<meta property=\"article:modified_time\" content=\"2024-09-20T10:32:57+00:00\" \/>\n<meta property=\"og:image\" content=\"https:\/\/nembutalboutique.com\/wp-content\/uploads\/2024\/09\/Ethylone.gif\" \/>\n\t<meta property=\"og:image:width\" content=\"600\" \/>\n\t<meta property=\"og:image:height\" content=\"600\" \/>\n\t<meta property=\"og:image:type\" content=\"image\/gif\" \/>\n<meta name=\"twitter:card\" content=\"summary_large_image\" \/>\n<meta name=\"twitter:label1\" content=\"Geschatte leestijd\" \/>\n\t<meta name=\"twitter:data1\" content=\"3 minuten\" \/>\n<script type=\"application\/ld+json\" class=\"yoast-schema-graph\">{\"@context\":\"https:\/\/schema.org\",\"@graph\":[{\"@type\":\"WebPage\",\"@id\":\"https:\/\/nembutalboutique.com\/produit\/lethylene\/\",\"url\":\"https:\/\/nembutalboutique.com\/produit\/lethylene\/\",\"name\":\"Acheter de l'\u00e9thyl\u00e8ne en ligne - Ethyl\u00e8ne \u00e0 vendre\",\"isPartOf\":{\"@id\":\"https:\/\/nembutalboutique.com\/#website\"},\"primaryImageOfPage\":{\"@id\":\"https:\/\/nembutalboutique.com\/produit\/lethylene\/#primaryimage\"},\"image\":{\"@id\":\"https:\/\/nembutalboutique.com\/produit\/lethylene\/#primaryimage\"},\"thumbnailUrl\":\"https:\/\/nembutalboutique.com\/wp-content\/uploads\/2024\/09\/Ethylone.gif\",\"datePublished\":\"2024-09-16T08:13:15+00:00\",\"dateModified\":\"2024-09-20T10:32:57+00:00\",\"description\":\"Si vous \u00eates passionn\u00e9 par l'\u00e9thyl\u00e8ne, notre magasin est le meilleur endroit pour acheter de l'\u00e9thyl\u00e8ne en ligne. Vous pouvez avoir de l'\u00e9thyl\u00e8ne en vente au prix le plus bas. Commandez maintenant et recevez-le sous peu !\",\"breadcrumb\":{\"@id\":\"https:\/\/nembutalboutique.com\/produit\/lethylene\/#breadcrumb\"},\"inLanguage\":\"nl-BE\",\"potentialAction\":[{\"@type\":\"ReadAction\",\"target\":[\"https:\/\/nembutalboutique.com\/produit\/lethylene\/\"]}]},{\"@type\":\"ImageObject\",\"inLanguage\":\"nl-BE\",\"@id\":\"https:\/\/nembutalboutique.com\/produit\/lethylene\/#primaryimage\",\"url\":\"https:\/\/nembutalboutique.com\/wp-content\/uploads\/2024\/09\/Ethylone.gif\",\"contentUrl\":\"https:\/\/nembutalboutique.com\/wp-content\/uploads\/2024\/09\/Ethylone.gif\",\"width\":600,\"height\":600,\"caption\":\"Acheter Ethylone.gif\"},{\"@type\":\"BreadcrumbList\",\"@id\":\"https:\/\/nembutalboutique.com\/produit\/lethylene\/#breadcrumb\",\"itemListElement\":[{\"@type\":\"ListItem\",\"position\":1,\"name\":\"Home\",\"item\":\"https:\/\/nembutalboutique.com\/\"},{\"@type\":\"ListItem\",\"position\":2,\"name\":\"Boutique\",\"item\":\"https:\/\/nembutalboutique.com\/shop\/\"},{\"@type\":\"ListItem\",\"position\":3,\"name\":\"l&#8217;\u00e9thyl\u00e8ne\"}]},{\"@type\":\"WebSite\",\"@id\":\"https:\/\/nembutalboutique.com\/#website\",\"url\":\"https:\/\/nembutalboutique.com\/\",\"name\":\"Nembutal Boutique\",\"description\":\"My WordPress Blog\",\"publisher\":{\"@id\":\"https:\/\/nembutalboutique.com\/#organization\"},\"potentialAction\":[{\"@type\":\"SearchAction\",\"target\":{\"@type\":\"EntryPoint\",\"urlTemplate\":\"https:\/\/nembutalboutique.com\/?s={search_term_string}\"},\"query-input\":{\"@type\":\"PropertyValueSpecification\",\"valueRequired\":true,\"valueName\":\"search_term_string\"}}],\"inLanguage\":\"nl-BE\"},{\"@type\":\"Organization\",\"@id\":\"https:\/\/nembutalboutique.com\/#organization\",\"name\":\"Nembutal Boutique\",\"url\":\"https:\/\/nembutalboutique.com\/\",\"logo\":{\"@type\":\"ImageObject\",\"inLanguage\":\"nl-BE\",\"@id\":\"https:\/\/nembutalboutique.com\/#\/schema\/logo\/image\/\",\"url\":\"https:\/\/nembutalboutique.com\/wp-content\/uploads\/2024\/01\/logo.png\",\"contentUrl\":\"https:\/\/nembutalboutique.com\/wp-content\/uploads\/2024\/01\/logo.png\",\"width\":494,\"height\":121,\"caption\":\"Nembutal Boutique\"},\"image\":{\"@id\":\"https:\/\/nembutalboutique.com\/#\/schema\/logo\/image\/\"}}]}<\/script>\n<!-- \/ Yoast SEO plugin. -->","yoast_head_json":{"title":"Ethyleen online kopen - Ethyleen te koop","description":"Als je dol bent op ethyleen, is onze winkel de beste plek om ethyleen online te kopen. Je kunt ethyleen kopen tegen de laagste prijs. Bestel nu en ontvang het binnenkort!","robots":{"index":"index","follow":"follow","max-snippet":"max-snippet:-1","max-image-preview":"max-image-preview:large","max-video-preview":"max-video-preview:-1"},"canonical":"https:\/\/nembutalboutique.com\/nl\/product\/ethylon-online-kopen\/","og_locale":"nl_BE","og_type":"article","og_title":"Acheter de l'\u00e9thyl\u00e8ne en ligne - Ethyl\u00e8ne \u00e0 vendre","og_description":"Si vous \u00eates passionn\u00e9 par l'\u00e9thyl\u00e8ne, notre magasin est le meilleur endroit pour acheter de l'\u00e9thyl\u00e8ne en ligne. Vous pouvez avoir de l'\u00e9thyl\u00e8ne en vente au prix le plus bas. Commandez maintenant et recevez-le sous peu !","og_url":"https:\/\/nembutalboutique.com\/nl\/product\/ethylon-online-kopen\/","og_site_name":"Nembutal Boutique","article_modified_time":"2024-09-20T10:32:57+00:00","og_image":[{"width":600,"height":600,"url":"https:\/\/nembutalboutique.com\/wp-content\/uploads\/2024\/09\/Ethylone.gif","type":"image\/gif"}],"twitter_card":"summary_large_image","twitter_misc":{"Geschatte leestijd":"3 minuten"},"schema":{"@context":"https:\/\/schema.org","@graph":[{"@type":"WebPage","@id":"https:\/\/nembutalboutique.com\/produit\/lethylene\/","url":"https:\/\/nembutalboutique.com\/produit\/lethylene\/","name":"Ethyleen online kopen - Ethyleen te koop","isPartOf":{"@id":"https:\/\/nembutalboutique.com\/#website"},"primaryImageOfPage":{"@id":"https:\/\/nembutalboutique.com\/produit\/lethylene\/#primaryimage"},"image":{"@id":"https:\/\/nembutalboutique.com\/produit\/lethylene\/#primaryimage"},"thumbnailUrl":"https:\/\/nembutalboutique.com\/wp-content\/uploads\/2024\/09\/Ethylone.gif","datePublished":"2024-09-16T08:13:15+00:00","dateModified":"2024-09-20T10:32:57+00:00","description":"Als je dol bent op ethyleen, is onze winkel de beste plek om ethyleen online te kopen. Je kunt ethyleen kopen tegen de laagste prijs. Bestel nu en ontvang het binnenkort!","breadcrumb":{"@id":"https:\/\/nembutalboutique.com\/produit\/lethylene\/#breadcrumb"},"inLanguage":"nl-BE","potentialAction":[{"@type":"ReadAction","target":["https:\/\/nembutalboutique.com\/produit\/lethylene\/"]}]},{"@type":"ImageObject","inLanguage":"nl-BE","@id":"https:\/\/nembutalboutique.com\/produit\/lethylene\/#primaryimage","url":"https:\/\/nembutalboutique.com\/wp-content\/uploads\/2024\/09\/Ethylone.gif","contentUrl":"https:\/\/nembutalboutique.com\/wp-content\/uploads\/2024\/09\/Ethylone.gif","width":600,"height":600,"caption":"Acheter Ethylone.gif"},{"@type":"BreadcrumbList","@id":"https:\/\/nembutalboutique.com\/produit\/lethylene\/#breadcrumb","itemListElement":[{"@type":"ListItem","position":1,"name":"Home","item":"https:\/\/nembutalboutique.com\/"},{"@type":"ListItem","position":2,"name":"Boutique","item":"https:\/\/nembutalboutique.com\/shop\/"},{"@type":"ListItem","position":3,"name":"l&#8217;\u00e9thyl\u00e8ne"}]},{"@type":"WebSite","@id":"https:\/\/nembutalboutique.com\/#website","url":"https:\/\/nembutalboutique.com\/","name":"Nembutal winkel","description":"Mijn WordPress Blog","publisher":{"@id":"https:\/\/nembutalboutique.com\/#organization"},"potentialAction":[{"@type":"SearchAction","target":{"@type":"EntryPoint","urlTemplate":"https:\/\/nembutalboutique.com\/?s={search_term_string}"},"query-input":{"@type":"PropertyValueSpecification","valueRequired":true,"valueName":"search_term_string"}}],"inLanguage":"nl-BE"},{"@type":"Organization","@id":"https:\/\/nembutalboutique.com\/#organization","name":"Nembutal winkel","url":"https:\/\/nembutalboutique.com\/","logo":{"@type":"ImageObject","inLanguage":"nl-BE","@id":"https:\/\/nembutalboutique.com\/#\/schema\/logo\/image\/","url":"https:\/\/nembutalboutique.com\/wp-content\/uploads\/2024\/01\/logo.png","contentUrl":"https:\/\/nembutalboutique.com\/wp-content\/uploads\/2024\/01\/logo.png","width":494,"height":121,"caption":"Nembutal Boutique"},"image":{"@id":"https:\/\/nembutalboutique.com\/#\/schema\/logo\/image\/"}}]}},"_links":{"self":[{"href":"https:\/\/nembutalboutique.com\/nl\/wp-json\/wp\/v2\/product\/2877"}],"collection":[{"href":"https:\/\/nembutalboutique.com\/nl\/wp-json\/wp\/v2\/product"}],"about":[{"href":"https:\/\/nembutalboutique.com\/nl\/wp-json\/wp\/v2\/types\/product"}],"replies":[{"embeddable":true,"href":"https:\/\/nembutalboutique.com\/nl\/wp-json\/wp\/v2\/comments?post=2877"}],"wp:featuredmedia":[{"embeddable":true,"href":"https:\/\/nembutalboutique.com\/nl\/wp-json\/wp\/v2\/media\/2902"}],"wp:attachment":[{"href":"https:\/\/nembutalboutique.com\/nl\/wp-json\/wp\/v2\/media?parent=2877"}],"wp:term":[{"taxonomy":"product_brand","embeddable":true,"href":"https:\/\/nembutalboutique.com\/nl\/wp-json\/wp\/v2\/product_brand?post=2877"},{"taxonomy":"product_cat","embeddable":true,"href":"https:\/\/nembutalboutique.com\/nl\/wp-json\/wp\/v2\/product_cat?post=2877"},{"taxonomy":"product_tag","embeddable":true,"href":"https:\/\/nembutalboutique.com\/nl\/wp-json\/wp\/v2\/product_tag?post=2877"}],"curies":[{"name":"wp","href":"https:\/\/api.w.org\/{rel}","templated":true}]}}