{"id":2876,"date":"2024-09-16T08:13:15","date_gmt":"2024-09-16T08:13:15","guid":{"rendered":"https:\/\/nembutalboutique.com\/?post_type=product&#038;p=2876"},"modified":"2024-09-20T10:32:37","modified_gmt":"2024-09-20T10:32:37","slug":"lethylphenidate","status":"publish","type":"product","link":"https:\/\/nembutalboutique.com\/nl\/product\/ethylfenidaat-online-kopen\/","title":{"rendered":"ethylfenidaat"},"content":{"rendered":"<h2>Ethylfenidaat online kopen<\/h2>\n<p>Wanneer je Nembutal koopt, telt kwaliteit!<br \/>\nKopen bij <a href=\"https:\/\/nembutalboutique.com\/produit\/lethylphenidate\/\">ethylfenidaat<\/a> online van de grootste Europese chemische bedrijven met een gegarandeerde minimale Reinheit productie van 98 %. Wij leveren de COA van elke batch die chemisch geproduceerd is tijdens ons onderzoek!<\/p>\n<h3>Bestanddelen van ethylfenidaat<\/h3>\n<p>Bevat ten minste 98 % zuiver ethylfenidaat per controle-eenheid.<\/p>\n<h3>Bepaling van ethyleendiamine<\/h3>\n<p>Gegeven dat <a href=\"https:\/\/en.wikipedia.org\/wiki\/Ethylphenidate\">ethylfenidaat<\/a> wordt alleen verkocht voor gebruik in wetenschappelijk chemisch onderzoek en is niet bedoeld voor menselijke consumptie. Er is geen aanbevolen dosering.<\/p>\n<h3>Effecten van methylfenidaat :<\/h3>\n<p>De klinische effecten van de meeste nieuwe synthetische drugs, zoals ethylfenidaat, kunnen worden geclassificeerd als stimulerend, hallucinogeen of opio\u00efde-achtig. Bovendien krijg je een combinatie van deze effecten met synthetische sideketensubstitutie.<br \/>\nBijwerkingen van ethylfenidaat<br \/>\nHet gebruik van ethyleendiamine kan, net als andere synthetische drugs, ernstige bijwerkingen hebben; de stof is op geen enkele manier klinisch getest of goedgekeurd als farmaceutisch product! Ethylfenidaat mag daarom alleen gebruikt worden voor wetenschappelijk onderzoek en niet voor menselijke consumptie!<\/p>\n<h3>Begrip: ethylfenidaat bewaren<\/h3>\n<p>Bewaar ethyleenglycol beneden 30 graden Celsius. Bewaar ethyleenglycol in de originele verpakking, uit de buurt van direct zonlicht en vocht.<\/p>\n<h3>ETHYLFENIDAAT ONLINE KOPEN<\/h3>\n<p>Ethylfenidaat online kopen, ETHYLPHENIDATKRISTALLE is een krachtig psychostimulerend middel dat ook werkt als een omgekeerde agonist van dopamine en noradrenaline en dat de transporteiwitten die deze monoamine normaal gesproken uit synaptisch speeksel verwijderen, gedeeltelijk blokkeert. Hierdoor neemt de hoeveelheid van deze neurotransmitter in de hersenen effectief toe.<\/p>\n<p>Ethyleendiamine kristallen methylfenidaat, onderdeel van een structuur die methylfenidaat (Ritalin) bevat, is alleen beschikbaar voor onderzoeksdoeleinden.<\/p>\n<p>Ethylfenidaat werkt als een psychostimulant en be\u00efnvloedt de voorlopers van dopamine en noradrenaline om een euforische toestand te produceren.<\/p>\n<p>Forscher kan 57413-43-1 leveren in poeder-, kristal- of korrelvorm voor in vitro gebruik. Het is niet bedoeld voor onderzoek bij mensen.<\/p>\n<p>We moeten nog veel leren over dit molecuul, hoewel we al weten dat het bepaalde eigenschappen heeft.<\/p>\n<p>Volgens voorlopige testresultaten verhoogde het de neurotransmitterindex van dopamine en noradrenaline in de hersenen door het vermogen van de hersenen om dopamine en noradrenaline opnieuw op te nemen te blokkeren.<\/p>\n<p>De IUPAC-lijst voor de chemische stof is 2-ethyl-fenyl-3-piperidine-2-ylacetaat en de formule is C15H21NO2.<\/p>\n<p>Het CAS-nummer van ethyleenglycol is 57413-43-1. Dit product is alleen bedoeld voor gebruik in laboratoriumonderzoeksomgevingen.<\/p>\n<p>Wij leveren de beste ethyleenglycol op de huidige markt, inclusief poeder, kristal en glas!<\/p>\n<p>Hoewel we weten dat deze molecule psychostimulerende effecten heeft, moeten we er nog veel over leren. Volgens voorlopige testresultaten verhoogde het de dopamine en noradrenaline neurotransmitterindex van de hersenen door het vermogen van de hersenen om dopamine en noradrenaline opnieuw op te nemen te blokkeren.<\/p>\n<p>De IUPAC-lijst van de chemische stof is Ethyl-2-fenyl-3-piperidine-2-ylacetaat en de formule is C15H21NO2. Het CAS nummer is 57413-43-1, het ethylfenidaat nummer. Vanwege de effectiviteit van deze chemische stof raden we je aan om altijd veiligheidsuitrusting te dragen wanneer je ermee werkt.<\/p>\n<p>Hoewel we weten dat deze specifieke molecule psychostimulerende effecten heeft, moeten we er nog veel over leren.<\/p>\n<p>Volgens voorlopige testresultaten verhoogde het de neurotransmitterindex van dopamine en noradrenaline in de hersenen door het vermogen van de hersenen om dopamine en noradrenaline opnieuw op te nemen te blokkeren.<\/p>\n<p>De IUPAC-lijst voor de chemische stof is 2-ethyl-fenyl-3-piperidine-2-ylacetaat en de formule is C15H21NO2.<\/p>\n<p>Het CAS-nummer van ethyleenglycol is 57413-43-1. Dit product is alleen bedoeld voor gebruik in laboratoriumonderzoeksomgevingen.<\/p>\n<p>Wij leveren de beste ethyleenglycol op de huidige markt, inclusief poeder, kristal en glas!<\/p>\n<p>Hoewel we weten dat deze specifieke molecule psychostimulerende effecten heeft, valt er nog veel over te leren. Volgens voorlopige testresultaten verhoogde het de dopamine en noradrenaline neurotransmitterindex van de hersenen door het vermogen van de hersenen om dopamine en noradrenaline opnieuw op te nemen te blokkeren.<\/p>\n<p>De IUPAC-lijst van de chemische stof is ethyl-2-fenyl-3-piperidine-2-ylacetaat en de formule is C15H21NO2. Het CAS-nummer van methylfenidaat is 57413-43-1. Vanwege de effectiviteit van deze chemische stof raden we je aan om altijd veiligheidsuitrusting te dragen wanneer je ermee werkt.<\/p>","protected":false},"excerpt":{"rendered":"<p>Acheter de l&rsquo;\u00e9thylph\u00e9nidate en ligne Lorsque vous achetez du Nembutal, car la qualit\u00e9 compte\u00a0! Achetez de l&rsquo;\u00e9thylph\u00e9nidate en ligne aupr\u00e8s des plus grandes entreprises chimiques europ\u00e9ennes avec une production Reinheit minimale garantie de 98\u00a0%. Nous fournissons le COA de chaque lot produit chimiquement au cours de nos recherches\u00a0! Composants de l&rsquo;\u00e9thylph\u00e9nidate Contient au moins 98\u00a0% [&hellip;]<\/p>","protected":false},"featured_media":2901,"comment_status":"open","ping_status":"closed","template":"","meta":{"_joinchat":[]},"product_brand":[],"product_cat":[385],"product_tag":[],"class_list":{"0":"post-2876","1":"product","2":"type-product","3":"status-publish","4":"has-post-thumbnail","6":"product_cat-forschung-schemikalien","8":"first","9":"instock","10":"shipping-taxable","11":"purchasable","12":"product-type-variable"},"yoast_head":"<!-- This site is optimized with the Yoast SEO plugin v23.5 - https:\/\/yoast.com\/wordpress\/plugins\/seo\/ -->\n<title>Acheter de l&#039;\u00e9thylph\u00e9nidate en ligne - \u00c9thylph\u00e9nidate \u00e0 vendre<\/title>\n<meta name=\"description\" content=\"Dans notre boutique en ligne Nembutal Boutique, nous proposons de l&#039;\u00e9thylph\u00e9nidate \u00e0 la vente. Vous pouvez facilement acheter de l&#039;\u00e9thylph\u00e9nidate en ligne de qualit\u00e9 sup\u00e9rieure chez nous, disponible aux meilleurs prix. Commandez maintenant !\" \/>\n<meta name=\"robots\" content=\"index, follow, max-snippet:-1, max-image-preview:large, max-video-preview:-1\" \/>\n<link rel=\"canonical\" href=\"https:\/\/nembutalboutique.com\/nl\/product\/ethylfenidaat-online-kopen\/\" \/>\n<meta property=\"og:locale\" content=\"nl_BE\" \/>\n<meta property=\"og:type\" content=\"article\" \/>\n<meta property=\"og:title\" content=\"Acheter de l&#039;\u00e9thylph\u00e9nidate en ligne - \u00c9thylph\u00e9nidate \u00e0 vendre\" \/>\n<meta property=\"og:description\" content=\"Dans notre boutique en ligne Nembutal Boutique, nous proposons de l&#039;\u00e9thylph\u00e9nidate \u00e0 la vente. Vous pouvez facilement acheter de l&#039;\u00e9thylph\u00e9nidate en ligne de qualit\u00e9 sup\u00e9rieure chez nous, disponible aux meilleurs prix. Commandez maintenant !\" \/>\n<meta property=\"og:url\" content=\"https:\/\/nembutalboutique.com\/nl\/product\/ethylfenidaat-online-kopen\/\" \/>\n<meta property=\"og:site_name\" content=\"Nembutal Boutique\" \/>\n<meta property=\"article:modified_time\" content=\"2024-09-20T10:32:37+00:00\" \/>\n<meta property=\"og:image\" content=\"https:\/\/nembutalboutique.com\/wp-content\/uploads\/2024\/09\/Ethylphenidate.gif\" \/>\n\t<meta property=\"og:image:width\" content=\"600\" \/>\n\t<meta property=\"og:image:height\" content=\"600\" \/>\n\t<meta property=\"og:image:type\" content=\"image\/gif\" \/>\n<meta name=\"twitter:card\" content=\"summary_large_image\" \/>\n<meta name=\"twitter:label1\" content=\"Geschatte leestijd\" \/>\n\t<meta name=\"twitter:data1\" content=\"4 minuten\" \/>\n<script type=\"application\/ld+json\" class=\"yoast-schema-graph\">{\"@context\":\"https:\/\/schema.org\",\"@graph\":[{\"@type\":\"WebPage\",\"@id\":\"https:\/\/nembutalboutique.com\/produit\/lethylphenidate\/\",\"url\":\"https:\/\/nembutalboutique.com\/produit\/lethylphenidate\/\",\"name\":\"Acheter de l'\u00e9thylph\u00e9nidate en ligne - \u00c9thylph\u00e9nidate \u00e0 vendre\",\"isPartOf\":{\"@id\":\"https:\/\/nembutalboutique.com\/#website\"},\"primaryImageOfPage\":{\"@id\":\"https:\/\/nembutalboutique.com\/produit\/lethylphenidate\/#primaryimage\"},\"image\":{\"@id\":\"https:\/\/nembutalboutique.com\/produit\/lethylphenidate\/#primaryimage\"},\"thumbnailUrl\":\"https:\/\/nembutalboutique.com\/wp-content\/uploads\/2024\/09\/Ethylphenidate.gif\",\"datePublished\":\"2024-09-16T08:13:15+00:00\",\"dateModified\":\"2024-09-20T10:32:37+00:00\",\"description\":\"Dans notre boutique en ligne Nembutal Boutique, nous proposons de l'\u00e9thylph\u00e9nidate \u00e0 la vente. Vous pouvez facilement acheter de l'\u00e9thylph\u00e9nidate en ligne de qualit\u00e9 sup\u00e9rieure chez nous, disponible aux meilleurs prix. Commandez maintenant !\",\"breadcrumb\":{\"@id\":\"https:\/\/nembutalboutique.com\/produit\/lethylphenidate\/#breadcrumb\"},\"inLanguage\":\"nl-BE\",\"potentialAction\":[{\"@type\":\"ReadAction\",\"target\":[\"https:\/\/nembutalboutique.com\/produit\/lethylphenidate\/\"]}]},{\"@type\":\"ImageObject\",\"inLanguage\":\"nl-BE\",\"@id\":\"https:\/\/nembutalboutique.com\/produit\/lethylphenidate\/#primaryimage\",\"url\":\"https:\/\/nembutalboutique.com\/wp-content\/uploads\/2024\/09\/Ethylphenidate.gif\",\"contentUrl\":\"https:\/\/nembutalboutique.com\/wp-content\/uploads\/2024\/09\/Ethylphenidate.gif\",\"width\":600,\"height\":600,\"caption\":\"Acheter Ethylphenidate.gif\"},{\"@type\":\"BreadcrumbList\",\"@id\":\"https:\/\/nembutalboutique.com\/produit\/lethylphenidate\/#breadcrumb\",\"itemListElement\":[{\"@type\":\"ListItem\",\"position\":1,\"name\":\"Home\",\"item\":\"https:\/\/nembutalboutique.com\/\"},{\"@type\":\"ListItem\",\"position\":2,\"name\":\"Boutique\",\"item\":\"https:\/\/nembutalboutique.com\/shop\/\"},{\"@type\":\"ListItem\",\"position\":3,\"name\":\"l&#8217;\u00e9thylph\u00e9nidate\"}]},{\"@type\":\"WebSite\",\"@id\":\"https:\/\/nembutalboutique.com\/#website\",\"url\":\"https:\/\/nembutalboutique.com\/\",\"name\":\"Nembutal Boutique\",\"description\":\"My WordPress Blog\",\"publisher\":{\"@id\":\"https:\/\/nembutalboutique.com\/#organization\"},\"potentialAction\":[{\"@type\":\"SearchAction\",\"target\":{\"@type\":\"EntryPoint\",\"urlTemplate\":\"https:\/\/nembutalboutique.com\/?s={search_term_string}\"},\"query-input\":{\"@type\":\"PropertyValueSpecification\",\"valueRequired\":true,\"valueName\":\"search_term_string\"}}],\"inLanguage\":\"nl-BE\"},{\"@type\":\"Organization\",\"@id\":\"https:\/\/nembutalboutique.com\/#organization\",\"name\":\"Nembutal Boutique\",\"url\":\"https:\/\/nembutalboutique.com\/\",\"logo\":{\"@type\":\"ImageObject\",\"inLanguage\":\"nl-BE\",\"@id\":\"https:\/\/nembutalboutique.com\/#\/schema\/logo\/image\/\",\"url\":\"https:\/\/nembutalboutique.com\/wp-content\/uploads\/2024\/01\/logo.png\",\"contentUrl\":\"https:\/\/nembutalboutique.com\/wp-content\/uploads\/2024\/01\/logo.png\",\"width\":494,\"height\":121,\"caption\":\"Nembutal Boutique\"},\"image\":{\"@id\":\"https:\/\/nembutalboutique.com\/#\/schema\/logo\/image\/\"}}]}<\/script>\n<!-- \/ Yoast SEO plugin. -->","yoast_head_json":{"title":"Ethylfenidaat online kopen - Ethylfenidaat te koop","description":"In onze online winkel Nembutal Boutique bieden we ethylfenidaat te koop aan. Bij ons kun je ethylfenidaat van topkwaliteit eenvoudig online kopen tegen de beste prijzen. Bestel nu!","robots":{"index":"index","follow":"follow","max-snippet":"max-snippet:-1","max-image-preview":"max-image-preview:large","max-video-preview":"max-video-preview:-1"},"canonical":"https:\/\/nembutalboutique.com\/nl\/product\/ethylfenidaat-online-kopen\/","og_locale":"nl_BE","og_type":"article","og_title":"Acheter de l'\u00e9thylph\u00e9nidate en ligne - \u00c9thylph\u00e9nidate \u00e0 vendre","og_description":"Dans notre boutique en ligne Nembutal Boutique, nous proposons de l'\u00e9thylph\u00e9nidate \u00e0 la vente. Vous pouvez facilement acheter de l'\u00e9thylph\u00e9nidate en ligne de qualit\u00e9 sup\u00e9rieure chez nous, disponible aux meilleurs prix. Commandez maintenant !","og_url":"https:\/\/nembutalboutique.com\/nl\/product\/ethylfenidaat-online-kopen\/","og_site_name":"Nembutal Boutique","article_modified_time":"2024-09-20T10:32:37+00:00","og_image":[{"width":600,"height":600,"url":"https:\/\/nembutalboutique.com\/wp-content\/uploads\/2024\/09\/Ethylphenidate.gif","type":"image\/gif"}],"twitter_card":"summary_large_image","twitter_misc":{"Geschatte leestijd":"4 minuten"},"schema":{"@context":"https:\/\/schema.org","@graph":[{"@type":"WebPage","@id":"https:\/\/nembutalboutique.com\/produit\/lethylphenidate\/","url":"https:\/\/nembutalboutique.com\/produit\/lethylphenidate\/","name":"Ethylfenidaat online kopen - Ethylfenidaat te koop","isPartOf":{"@id":"https:\/\/nembutalboutique.com\/#website"},"primaryImageOfPage":{"@id":"https:\/\/nembutalboutique.com\/produit\/lethylphenidate\/#primaryimage"},"image":{"@id":"https:\/\/nembutalboutique.com\/produit\/lethylphenidate\/#primaryimage"},"thumbnailUrl":"https:\/\/nembutalboutique.com\/wp-content\/uploads\/2024\/09\/Ethylphenidate.gif","datePublished":"2024-09-16T08:13:15+00:00","dateModified":"2024-09-20T10:32:37+00:00","description":"In onze online winkel Nembutal Boutique bieden we ethylfenidaat te koop aan. Bij ons kun je ethylfenidaat van topkwaliteit eenvoudig online kopen tegen de beste prijzen. Bestel nu!","breadcrumb":{"@id":"https:\/\/nembutalboutique.com\/produit\/lethylphenidate\/#breadcrumb"},"inLanguage":"nl-BE","potentialAction":[{"@type":"ReadAction","target":["https:\/\/nembutalboutique.com\/produit\/lethylphenidate\/"]}]},{"@type":"ImageObject","inLanguage":"nl-BE","@id":"https:\/\/nembutalboutique.com\/produit\/lethylphenidate\/#primaryimage","url":"https:\/\/nembutalboutique.com\/wp-content\/uploads\/2024\/09\/Ethylphenidate.gif","contentUrl":"https:\/\/nembutalboutique.com\/wp-content\/uploads\/2024\/09\/Ethylphenidate.gif","width":600,"height":600,"caption":"Acheter Ethylphenidate.gif"},{"@type":"BreadcrumbList","@id":"https:\/\/nembutalboutique.com\/produit\/lethylphenidate\/#breadcrumb","itemListElement":[{"@type":"ListItem","position":1,"name":"Home","item":"https:\/\/nembutalboutique.com\/"},{"@type":"ListItem","position":2,"name":"Boutique","item":"https:\/\/nembutalboutique.com\/shop\/"},{"@type":"ListItem","position":3,"name":"l&#8217;\u00e9thylph\u00e9nidate"}]},{"@type":"WebSite","@id":"https:\/\/nembutalboutique.com\/#website","url":"https:\/\/nembutalboutique.com\/","name":"Nembutal winkel","description":"Mijn WordPress Blog","publisher":{"@id":"https:\/\/nembutalboutique.com\/#organization"},"potentialAction":[{"@type":"SearchAction","target":{"@type":"EntryPoint","urlTemplate":"https:\/\/nembutalboutique.com\/?s={search_term_string}"},"query-input":{"@type":"PropertyValueSpecification","valueRequired":true,"valueName":"search_term_string"}}],"inLanguage":"nl-BE"},{"@type":"Organization","@id":"https:\/\/nembutalboutique.com\/#organization","name":"Nembutal winkel","url":"https:\/\/nembutalboutique.com\/","logo":{"@type":"ImageObject","inLanguage":"nl-BE","@id":"https:\/\/nembutalboutique.com\/#\/schema\/logo\/image\/","url":"https:\/\/nembutalboutique.com\/wp-content\/uploads\/2024\/01\/logo.png","contentUrl":"https:\/\/nembutalboutique.com\/wp-content\/uploads\/2024\/01\/logo.png","width":494,"height":121,"caption":"Nembutal Boutique"},"image":{"@id":"https:\/\/nembutalboutique.com\/#\/schema\/logo\/image\/"}}]}},"_links":{"self":[{"href":"https:\/\/nembutalboutique.com\/nl\/wp-json\/wp\/v2\/product\/2876"}],"collection":[{"href":"https:\/\/nembutalboutique.com\/nl\/wp-json\/wp\/v2\/product"}],"about":[{"href":"https:\/\/nembutalboutique.com\/nl\/wp-json\/wp\/v2\/types\/product"}],"replies":[{"embeddable":true,"href":"https:\/\/nembutalboutique.com\/nl\/wp-json\/wp\/v2\/comments?post=2876"}],"wp:featuredmedia":[{"embeddable":true,"href":"https:\/\/nembutalboutique.com\/nl\/wp-json\/wp\/v2\/media\/2901"}],"wp:attachment":[{"href":"https:\/\/nembutalboutique.com\/nl\/wp-json\/wp\/v2\/media?parent=2876"}],"wp:term":[{"taxonomy":"product_brand","embeddable":true,"href":"https:\/\/nembutalboutique.com\/nl\/wp-json\/wp\/v2\/product_brand?post=2876"},{"taxonomy":"product_cat","embeddable":true,"href":"https:\/\/nembutalboutique.com\/nl\/wp-json\/wp\/v2\/product_cat?post=2876"},{"taxonomy":"product_tag","embeddable":true,"href":"https:\/\/nembutalboutique.com\/nl\/wp-json\/wp\/v2\/product_tag?post=2876"}],"curies":[{"name":"wp","href":"https:\/\/api.w.org\/{rel}","templated":true}]}}