{"id":2874,"date":"2024-09-16T08:13:15","date_gmt":"2024-09-16T08:13:15","guid":{"rendered":"https:\/\/nembutalboutique.com\/?post_type=product&#038;p=2874"},"modified":"2024-09-20T10:31:44","modified_gmt":"2024-09-20T10:31:44","slug":"dibutylone","status":"publish","type":"product","link":"https:\/\/nembutalboutique.com\/nl\/product\/dibutylon-online-kopen\/","title":{"rendered":"dibutylon"},"content":{"rendered":"<h2>Dibutylon Kristall online kopen.<\/h2>\n<p>Le <a href=\"https:\/\/nembutalboutique.com\/produit\/dibutylone\/\">dibutylon<\/a>bk-DMBDB, soms bk-DMBDB genoemd, is een psychoactieve stof die online gekocht kan worden. Het behoort tot dezelfde klasse drugs als cathinon, fenethylamine en amfetamine. Methylone en dibutylone, twee 'designer drugs' die vaak gebruikt worden om bijvoorbeeld beddengoed te maken, hebben een vergelijkbare structuur. Dibutylon kristal online kopen.<\/p>\n<p>Net als veel andere geneesmiddelen in zijn familie is het verkrijgbaar als glanzend wit poeder en bauschiger. Het heeft ook een vage geur die lijkt op die van citroengras. Mensen die deze drug hebben genomen beschrijven het vaak als een 'ansturm' en beweren dat de effecten van dibutylone en MDMA vergelijkbaar zijn.<\/p>\n<h3>Dibutylonkristallen kun je online kopen - Dibutylon Kristal Online<\/h3>\n<p>Je tolerantieniveau en dosering bepalen het effect van de <a href=\"https:\/\/en.wikipedia.org\/wiki\/Dibutylone\">dibutylon<\/a> op je. Het beste is om een korte 'testdosis' te nemen en daarna te kijken of er veranderingen zijn. Als alles goed gaat na de testdosis, kun je de dosis verhogen om de voordelen van het medicijn ten volle te benutten. Hier zijn enkele typische effecten:<\/p>\n<p>Gevoel van verhoogde alertheid en bewustzijn<\/p>\n<p>Ofwel eufemisme of desintegratie (afhankelijk van dosering en individuele verschillen)<\/p>\n<p>Ik vind het moeilijk om op een redelijk uur in slaap te vallen.<\/p>\n<p>Derealisatie en hallucinaties (varieert tussen individuen, maar wordt het vaakst waargenomen bij hooggedoseerde of langdurige gebruikers)<\/p>\n<p>hoge bloeddruk<\/p>\n<p>hoge lichaamstemperatuur en blekend vermogen<\/p>\n<p>Gevoel van ongemak<\/p>\n<p>Alleen voorbijgaande erectiestoornissen<\/p>\n<p>Onze leveranciers<\/p>\n<p>Zoals je kunt zien zijn de effecten van dibutylone vergelijkbaar met die van partydrugs zoals MDMA. Je moet je er echter van bewust zijn dat de effecten die je ervaart afhankelijk zijn van de dosering die je neemt en van het type drug dat je gebruikt.<br \/>\nje persoonlijkheid kan aanzienlijk veranderen. Zoals gebruikelijk is het een goed idee om met een lage dosis te beginnen en deze geleidelijk te verhogen om te zien hoe goed je de drug kunt verdragen. Je moet er ook rekening mee houden dat het innemen van de drug een langduriger effect heeft, met een langer begin van de werking. Zelfs als je denkt dat het middel je geen kwaad heeft gedaan, is het toch raadzaam om het niet opnieuw te gebruiken. Dibutylon Kristall online kopen.<\/p>\n<p>Wat is dibutyleen?<\/p>\n<p>Dibutylone, ook bekend als bk-DMBDB, is een chemische stof voor onderzoek die sterk lijkt op butyl. Dibutylone behoort tot de amfetamine chemische groep. Het kan echter ook worden geclassificeerd als een cathinon.<\/p>\n<p>Deze chemische stof is relatief zeldzaam en niet in alle onderzoekscentra beschikbaar. Dennoch a es Er zijn al een aanzienlijk aantal pogingen geweest. Onderzoeksstudies met dibutylone hebben resultaten opgeleverd die typisch zijn voor stimulerende drugs. Enkele van deze resultaten zijn euforie, verhoogde energie, verhoogde tactiele perceptie, empathie, tijdsdilatatie, aandacht, gedachte-dilatatie, verhoogde muzikale waardering en verhoogd libido.<\/p>\n<p>Waar kan ik dibutyleen kopen?<\/p>\n<p>Bij Chemical Planet verkopen we dibutylon van hoge kwaliteit. Normaal gesproken is onze dibutylon beschikbaar in poedervorm. Als je de voorkeur geeft aan een andere vorm, neem dan contact met ons op. We zullen je dan snel informeren als we andere vormen van tevoren hebben.<\/p>\n<p>Om dibutylon van Chemical Planet te kopen, moet je ten minste achttien jaar oud zijn en voldoen aan alle toepasselijke wetten met betrekking tot chemisch onderzoek in jouw land. Onze stoffen zijn niet bedoeld voor menselijke of dierlijke consumptie; ze worden alleen gebruikt voor onderzoeksdoeleinden.<br \/>\nOver de legaliteit van dibutylon<\/p>\n<p>Dibutylone komt slechts in een paar landen voor. Het zou echter geclassificeerd kunnen worden als een homoloog van butyl, dat in verschillende staten verboden is. [Pauze voor tekstverpakking][Pauze voor tekstverpakking]Voor een optimale houdbaarheid altijd op een koele, droge plaats bewaren. Dit product is bedoeld voor gebruik in forensisch onderzoek en research. Het is daarom niet geschikt voor menselijk gebruik of voor enige vorm van in vivo testen op dieren of levende organismen. Dibutylon online kopen.<\/p>","protected":false},"excerpt":{"rendered":"<p>Acheter Dibutylon Kristall en ligne. Le dibutylone, parfois appel\u00e9 bk-DMBDB, est une substance psychoactive qui peut \u00eatre achet\u00e9e en ligne. Il appartient \u00e0 la m\u00eame classe de m\u00e9dicaments que la cathinone, la ph\u00e9n\u00e9thylamine et l&rsquo;amph\u00e9tamine. La m\u00e9thylone et le dibutylone, deux \u00ab drogues de synth\u00e8se \u00bb couramment utilis\u00e9es pour fabriquer des articles comme la literie, [&hellip;]<\/p>","protected":false},"featured_media":2899,"comment_status":"open","ping_status":"closed","template":"","meta":{"_joinchat":[]},"product_brand":[],"product_cat":[385],"product_tag":[],"class_list":{"0":"post-2874","1":"product","2":"type-product","3":"status-publish","4":"has-post-thumbnail","6":"product_cat-forschung-schemikalien","8":"first","9":"instock","10":"shipping-taxable","11":"purchasable","12":"product-type-variable"},"yoast_head":"<!-- This site is optimized with the Yoast SEO plugin v23.5 - https:\/\/yoast.com\/wordpress\/plugins\/seo\/ -->\n<title>Acheter du dibutylone en ligne - Dibutylone \u00e0 vendre<\/title>\n<meta name=\"description\" content=\"Le dibutylone est d\u00e9sormais facilement disponible \u00e0 la vente dans notre boutique en ligne Nembutal. Vous pouvez vous connecter directement \u00e0 notre boutique de m\u00e9dicaments et acheter du dibutylone en ligne aux meilleurs prix.\" \/>\n<meta name=\"robots\" content=\"index, follow, max-snippet:-1, max-image-preview:large, max-video-preview:-1\" \/>\n<link rel=\"canonical\" href=\"https:\/\/nembutalboutique.com\/nl\/product\/dibutylon-online-kopen\/\" \/>\n<meta property=\"og:locale\" content=\"nl_BE\" \/>\n<meta property=\"og:type\" content=\"article\" \/>\n<meta property=\"og:title\" content=\"Acheter du dibutylone en ligne - Dibutylone \u00e0 vendre\" \/>\n<meta property=\"og:description\" content=\"Le dibutylone est d\u00e9sormais facilement disponible \u00e0 la vente dans notre boutique en ligne Nembutal. Vous pouvez vous connecter directement \u00e0 notre boutique de m\u00e9dicaments et acheter du dibutylone en ligne aux meilleurs prix.\" \/>\n<meta property=\"og:url\" content=\"https:\/\/nembutalboutique.com\/nl\/product\/dibutylon-online-kopen\/\" \/>\n<meta property=\"og:site_name\" content=\"Nembutal Boutique\" \/>\n<meta property=\"article:modified_time\" content=\"2024-09-20T10:31:44+00:00\" \/>\n<meta property=\"og:image\" content=\"https:\/\/nembutalboutique.com\/wp-content\/uploads\/2024\/09\/Dibutylone.gif\" \/>\n\t<meta property=\"og:image:width\" content=\"600\" \/>\n\t<meta property=\"og:image:height\" content=\"600\" \/>\n\t<meta property=\"og:image:type\" content=\"image\/gif\" \/>\n<meta name=\"twitter:card\" content=\"summary_large_image\" \/>\n<meta name=\"twitter:label1\" content=\"Geschatte leestijd\" \/>\n\t<meta name=\"twitter:data1\" content=\"4 minuten\" \/>\n<script type=\"application\/ld+json\" class=\"yoast-schema-graph\">{\"@context\":\"https:\/\/schema.org\",\"@graph\":[{\"@type\":\"WebPage\",\"@id\":\"https:\/\/nembutalboutique.com\/produit\/dibutylone\/\",\"url\":\"https:\/\/nembutalboutique.com\/produit\/dibutylone\/\",\"name\":\"Acheter du dibutylone en ligne - Dibutylone \u00e0 vendre\",\"isPartOf\":{\"@id\":\"https:\/\/nembutalboutique.com\/#website\"},\"primaryImageOfPage\":{\"@id\":\"https:\/\/nembutalboutique.com\/produit\/dibutylone\/#primaryimage\"},\"image\":{\"@id\":\"https:\/\/nembutalboutique.com\/produit\/dibutylone\/#primaryimage\"},\"thumbnailUrl\":\"https:\/\/nembutalboutique.com\/wp-content\/uploads\/2024\/09\/Dibutylone.gif\",\"datePublished\":\"2024-09-16T08:13:15+00:00\",\"dateModified\":\"2024-09-20T10:31:44+00:00\",\"description\":\"Le dibutylone est d\u00e9sormais facilement disponible \u00e0 la vente dans notre boutique en ligne Nembutal. Vous pouvez vous connecter directement \u00e0 notre boutique de m\u00e9dicaments et acheter du dibutylone en ligne aux meilleurs prix.\",\"breadcrumb\":{\"@id\":\"https:\/\/nembutalboutique.com\/produit\/dibutylone\/#breadcrumb\"},\"inLanguage\":\"nl-BE\",\"potentialAction\":[{\"@type\":\"ReadAction\",\"target\":[\"https:\/\/nembutalboutique.com\/produit\/dibutylone\/\"]}]},{\"@type\":\"ImageObject\",\"inLanguage\":\"nl-BE\",\"@id\":\"https:\/\/nembutalboutique.com\/produit\/dibutylone\/#primaryimage\",\"url\":\"https:\/\/nembutalboutique.com\/wp-content\/uploads\/2024\/09\/Dibutylone.gif\",\"contentUrl\":\"https:\/\/nembutalboutique.com\/wp-content\/uploads\/2024\/09\/Dibutylone.gif\",\"width\":600,\"height\":600,\"caption\":\"Acheter Dibutylone.gif\"},{\"@type\":\"BreadcrumbList\",\"@id\":\"https:\/\/nembutalboutique.com\/produit\/dibutylone\/#breadcrumb\",\"itemListElement\":[{\"@type\":\"ListItem\",\"position\":1,\"name\":\"Home\",\"item\":\"https:\/\/nembutalboutique.com\/\"},{\"@type\":\"ListItem\",\"position\":2,\"name\":\"Boutique\",\"item\":\"https:\/\/nembutalboutique.com\/shop\/\"},{\"@type\":\"ListItem\",\"position\":3,\"name\":\"dibutylone\"}]},{\"@type\":\"WebSite\",\"@id\":\"https:\/\/nembutalboutique.com\/#website\",\"url\":\"https:\/\/nembutalboutique.com\/\",\"name\":\"Nembutal Boutique\",\"description\":\"My WordPress Blog\",\"publisher\":{\"@id\":\"https:\/\/nembutalboutique.com\/#organization\"},\"potentialAction\":[{\"@type\":\"SearchAction\",\"target\":{\"@type\":\"EntryPoint\",\"urlTemplate\":\"https:\/\/nembutalboutique.com\/?s={search_term_string}\"},\"query-input\":{\"@type\":\"PropertyValueSpecification\",\"valueRequired\":true,\"valueName\":\"search_term_string\"}}],\"inLanguage\":\"nl-BE\"},{\"@type\":\"Organization\",\"@id\":\"https:\/\/nembutalboutique.com\/#organization\",\"name\":\"Nembutal Boutique\",\"url\":\"https:\/\/nembutalboutique.com\/\",\"logo\":{\"@type\":\"ImageObject\",\"inLanguage\":\"nl-BE\",\"@id\":\"https:\/\/nembutalboutique.com\/#\/schema\/logo\/image\/\",\"url\":\"https:\/\/nembutalboutique.com\/wp-content\/uploads\/2024\/01\/logo.png\",\"contentUrl\":\"https:\/\/nembutalboutique.com\/wp-content\/uploads\/2024\/01\/logo.png\",\"width\":494,\"height\":121,\"caption\":\"Nembutal Boutique\"},\"image\":{\"@id\":\"https:\/\/nembutalboutique.com\/#\/schema\/logo\/image\/\"}}]}<\/script>\n<!-- \/ Yoast SEO plugin. -->","yoast_head_json":{"title":"Dibutylon online kopen - Dibutylon te koop","description":"Dibutylon is nu gemakkelijk te koop in onze Nembutal online winkel. Je kunt direct inloggen op onze medicijnenwinkel en dibutylon online kopen tegen de beste prijzen.","robots":{"index":"index","follow":"follow","max-snippet":"max-snippet:-1","max-image-preview":"max-image-preview:large","max-video-preview":"max-video-preview:-1"},"canonical":"https:\/\/nembutalboutique.com\/nl\/product\/dibutylon-online-kopen\/","og_locale":"nl_BE","og_type":"article","og_title":"Acheter du dibutylone en ligne - Dibutylone \u00e0 vendre","og_description":"Le dibutylone est d\u00e9sormais facilement disponible \u00e0 la vente dans notre boutique en ligne Nembutal. Vous pouvez vous connecter directement \u00e0 notre boutique de m\u00e9dicaments et acheter du dibutylone en ligne aux meilleurs prix.","og_url":"https:\/\/nembutalboutique.com\/nl\/product\/dibutylon-online-kopen\/","og_site_name":"Nembutal Boutique","article_modified_time":"2024-09-20T10:31:44+00:00","og_image":[{"width":600,"height":600,"url":"https:\/\/nembutalboutique.com\/wp-content\/uploads\/2024\/09\/Dibutylone.gif","type":"image\/gif"}],"twitter_card":"summary_large_image","twitter_misc":{"Geschatte leestijd":"4 minuten"},"schema":{"@context":"https:\/\/schema.org","@graph":[{"@type":"WebPage","@id":"https:\/\/nembutalboutique.com\/produit\/dibutylone\/","url":"https:\/\/nembutalboutique.com\/produit\/dibutylone\/","name":"Dibutylon online kopen - Dibutylon te koop","isPartOf":{"@id":"https:\/\/nembutalboutique.com\/#website"},"primaryImageOfPage":{"@id":"https:\/\/nembutalboutique.com\/produit\/dibutylone\/#primaryimage"},"image":{"@id":"https:\/\/nembutalboutique.com\/produit\/dibutylone\/#primaryimage"},"thumbnailUrl":"https:\/\/nembutalboutique.com\/wp-content\/uploads\/2024\/09\/Dibutylone.gif","datePublished":"2024-09-16T08:13:15+00:00","dateModified":"2024-09-20T10:31:44+00:00","description":"Dibutylon is nu gemakkelijk te koop in onze Nembutal online winkel. Je kunt direct inloggen op onze medicijnenwinkel en dibutylon online kopen tegen de beste prijzen.","breadcrumb":{"@id":"https:\/\/nembutalboutique.com\/produit\/dibutylone\/#breadcrumb"},"inLanguage":"nl-BE","potentialAction":[{"@type":"ReadAction","target":["https:\/\/nembutalboutique.com\/produit\/dibutylone\/"]}]},{"@type":"ImageObject","inLanguage":"nl-BE","@id":"https:\/\/nembutalboutique.com\/produit\/dibutylone\/#primaryimage","url":"https:\/\/nembutalboutique.com\/wp-content\/uploads\/2024\/09\/Dibutylone.gif","contentUrl":"https:\/\/nembutalboutique.com\/wp-content\/uploads\/2024\/09\/Dibutylone.gif","width":600,"height":600,"caption":"Acheter Dibutylone.gif"},{"@type":"BreadcrumbList","@id":"https:\/\/nembutalboutique.com\/produit\/dibutylone\/#breadcrumb","itemListElement":[{"@type":"ListItem","position":1,"name":"Home","item":"https:\/\/nembutalboutique.com\/"},{"@type":"ListItem","position":2,"name":"Boutique","item":"https:\/\/nembutalboutique.com\/shop\/"},{"@type":"ListItem","position":3,"name":"dibutylone"}]},{"@type":"WebSite","@id":"https:\/\/nembutalboutique.com\/#website","url":"https:\/\/nembutalboutique.com\/","name":"Nembutal winkel","description":"Mijn WordPress Blog","publisher":{"@id":"https:\/\/nembutalboutique.com\/#organization"},"potentialAction":[{"@type":"SearchAction","target":{"@type":"EntryPoint","urlTemplate":"https:\/\/nembutalboutique.com\/?s={search_term_string}"},"query-input":{"@type":"PropertyValueSpecification","valueRequired":true,"valueName":"search_term_string"}}],"inLanguage":"nl-BE"},{"@type":"Organization","@id":"https:\/\/nembutalboutique.com\/#organization","name":"Nembutal winkel","url":"https:\/\/nembutalboutique.com\/","logo":{"@type":"ImageObject","inLanguage":"nl-BE","@id":"https:\/\/nembutalboutique.com\/#\/schema\/logo\/image\/","url":"https:\/\/nembutalboutique.com\/wp-content\/uploads\/2024\/01\/logo.png","contentUrl":"https:\/\/nembutalboutique.com\/wp-content\/uploads\/2024\/01\/logo.png","width":494,"height":121,"caption":"Nembutal Boutique"},"image":{"@id":"https:\/\/nembutalboutique.com\/#\/schema\/logo\/image\/"}}]}},"_links":{"self":[{"href":"https:\/\/nembutalboutique.com\/nl\/wp-json\/wp\/v2\/product\/2874"}],"collection":[{"href":"https:\/\/nembutalboutique.com\/nl\/wp-json\/wp\/v2\/product"}],"about":[{"href":"https:\/\/nembutalboutique.com\/nl\/wp-json\/wp\/v2\/types\/product"}],"replies":[{"embeddable":true,"href":"https:\/\/nembutalboutique.com\/nl\/wp-json\/wp\/v2\/comments?post=2874"}],"wp:featuredmedia":[{"embeddable":true,"href":"https:\/\/nembutalboutique.com\/nl\/wp-json\/wp\/v2\/media\/2899"}],"wp:attachment":[{"href":"https:\/\/nembutalboutique.com\/nl\/wp-json\/wp\/v2\/media?parent=2874"}],"wp:term":[{"taxonomy":"product_brand","embeddable":true,"href":"https:\/\/nembutalboutique.com\/nl\/wp-json\/wp\/v2\/product_brand?post=2874"},{"taxonomy":"product_cat","embeddable":true,"href":"https:\/\/nembutalboutique.com\/nl\/wp-json\/wp\/v2\/product_cat?post=2874"},{"taxonomy":"product_tag","embeddable":true,"href":"https:\/\/nembutalboutique.com\/nl\/wp-json\/wp\/v2\/product_tag?post=2874"}],"curies":[{"name":"wp","href":"https:\/\/api.w.org\/{rel}","templated":true}]}}