{"id":2824,"date":"2024-09-16T08:12:45","date_gmt":"2024-09-16T08:12:45","guid":{"rendered":"https:\/\/nembutalboutique.com\/?post_type=product&#038;p=2824"},"modified":"2024-09-20T10:33:52","modified_gmt":"2024-09-20T10:33:52","slug":"bk-ebdp","status":"publish","type":"product","link":"https:\/\/nembutalboutique.com\/nl\/product\/bk-ebdp-online-kopen\/","title":{"rendered":"BK-EBDP"},"content":{"rendered":"<h2>BK-EBDP online kopen,<\/h2>\n<p>Een nieuwe strategie voor onderzoek en stimulering is de <a href=\"https:\/\/nembutalboutique.com\/produit\/bk-ebdp\/\">BK-EBDP<\/a>. Hoewel het een veel hogere werkstijfheid heeft dan zijn tegenhanger Methylon, is het toch vergelijkbaar met Methylon. Ephylon, ook bekend als bk-EBDP, is een psychoactieve stof die behoort tot de chemische klasse van de fenethylamine. Het wordt gebruikt als stimulerend, psychedelisch en entactogeen. Alexander Shulgin zou de eerste zijn geweest die het synthetiseerde. Het werd ook op de markt gebracht onder de naam Ethyl-K.<\/p>\n<h3>Waar wordt de bk-EBDP voor gebruikt?<\/h3>\n<p>Hoewel Bk-EBDP niet zo krachtig is als andere stimulerende middelen zoals MDMA, staat het bij gebruik bekend als een mild stimulerend middel en eetlustremmer. Mensen die een milde euforie willen ervaren, maar geen dwangmatig of onvrijwillig gedrag willen vertonen, zijn degenen die deze methode gebruiken. Dit kan via de media. Het cre\u00ebert een sterk verlangen naar fysiek veeleisende activiteiten en wordt gebruikt door mensen die aan intensieve training en lichaamsbeweging doen.<\/p>\n<p>Het stimuleert ook overmatig waterverbruik. Hoewel niet iedereen het lekker vindt, kan het de eetlust verhogen. Er zijn mensen bekend die het voor niet-medische doeleinden gebruiken om effecten te bereiken zoals ego-versterking of emotionele verbetering.<\/p>\n<h3>Bijwerkingen van bk-EBDP<\/h3>\n<p>Le <a href=\"https:\/\/en.wikipedia.org\/wiki\/1,3-Benzodioxolyl-N-ethylpentanamine\">bk-EBDP<\/a> is een stimulerend middel met psychedelische en entactogene effecten. Het kan licht grillig gedrag veroorzaken, vaak beschreven als nerveus of opgewonden gedrag bij acceptatie. Het kan lichamelijk contact verbeteren. Een van de bijwerkingen van het middel is milde oogirritatie, die \u00e9\u00e9n tot twee weken na het begin van de behandeling optreedt.<\/p>\n<p>Fysieke effecten zijn onder andere amputaties van ledematen, stuiptrekkingen in het hele lichaam en oncontroleerbare ledematen door verlies van motorische functie. Te veel water drinken kan ernstige katers en verlies van eetlust veroorzaken. Bijwerkingen zijn onder andere een verhoogde hartslag en bloedingen.<\/p>\n<p>Verschillen in drugsgebruik kunnen schadelijke gevolgen hebben.<\/p>\n<h3>Dosering en overdosering van bk-EBDP<\/h3>\n<p>Mensen willen meer nemen omdat de gebruikelijke dosering zelden het volledige spectrum van effecten dekt. Een overdosis kan deze bijwerkingen veroorzaken, maar ook bijkomende ongewenste effecten zoals ernstige bloedingen of, in het ergste geval, zelfs de dood.<br \/>\nJuridische status van het bk-EBDP<br \/>\nDe meeste landen reguleren de productie, distributie en eigendom van deze drones.<\/p>\n<h3>Waar kan ik bk-EBDP kopen?<\/h3>\n<p>Geneesmiddelen van goede kwaliteit zijn wereldwijd verkrijgbaar op onze online apotheekmarktplaats, tegen zeer concurrerende prijzen voor laboratoria, apotheken, onderzoekscentra of individuele consumenten.<\/p>","protected":false},"excerpt":{"rendered":"<p>ACHETER BK-EBDP en ligne, Une nouvelle strat\u00e9gie de recherche et de stimulation est le BK-EBDP. Bien qu&rsquo;il ait une rigidit\u00e9 de travail beaucoup plus \u00e9lev\u00e9e que son homologue Methylon, il est n\u00e9anmoins comparable au Methylon. L&rsquo;Ephylon, \u00e9galement appel\u00e9 bk-EBDP, est une substance psychoactive qui appartient \u00e0 la classe chimique des ph\u00e9n\u00e9thylamines. Il est utilis\u00e9 comme [&hellip;]<\/p>","protected":false},"featured_media":2837,"comment_status":"open","ping_status":"closed","template":"","meta":{"_joinchat":[]},"product_brand":[],"product_cat":[386],"product_tag":[],"class_list":{"0":"post-2824","1":"product","2":"type-product","3":"status-publish","4":"has-post-thumbnail","6":"product_cat-cannabinoids","8":"first","9":"instock","10":"shipping-taxable","11":"purchasable","12":"product-type-variable"},"yoast_head":"<!-- This site is optimized with the Yoast SEO plugin v23.5 - https:\/\/yoast.com\/wordpress\/plugins\/seo\/ -->\n<title>EBDP \u00e0 vendre - Achetez EBDP en ligne - Commandez EBDP<\/title>\n<meta name=\"description\" content=\"Vous pouvez obtenir EBDP \u00e0 vendre aux meilleurs tarifs dans notre boutique en ligne. Nous sommes l\u00e0 pour vous aider \u00e0 acheter EBDP en ligne. Connectez-vous au meilleur magasin de la ville d\u00e8s aujourd&#039;hui\u00a0!\" \/>\n<meta name=\"robots\" content=\"index, follow, max-snippet:-1, max-image-preview:large, max-video-preview:-1\" \/>\n<link rel=\"canonical\" href=\"https:\/\/nembutalboutique.com\/nl\/product\/bk-ebdp-online-kopen\/\" \/>\n<meta property=\"og:locale\" content=\"nl_BE\" \/>\n<meta property=\"og:type\" content=\"article\" \/>\n<meta property=\"og:title\" content=\"EBDP \u00e0 vendre - Achetez EBDP en ligne - Commandez EBDP\" \/>\n<meta property=\"og:description\" content=\"Vous pouvez obtenir EBDP \u00e0 vendre aux meilleurs tarifs dans notre boutique en ligne. Nous sommes l\u00e0 pour vous aider \u00e0 acheter EBDP en ligne. Connectez-vous au meilleur magasin de la ville d\u00e8s aujourd&#039;hui\u00a0!\" \/>\n<meta property=\"og:url\" content=\"https:\/\/nembutalboutique.com\/nl\/product\/bk-ebdp-online-kopen\/\" \/>\n<meta property=\"og:site_name\" content=\"Nembutal Boutique\" \/>\n<meta property=\"article:modified_time\" content=\"2024-09-20T10:33:52+00:00\" \/>\n<meta property=\"og:image\" content=\"https:\/\/nembutalboutique.com\/wp-content\/uploads\/2024\/09\/BK-EBDP.gif\" \/>\n\t<meta property=\"og:image:width\" content=\"600\" \/>\n\t<meta property=\"og:image:height\" content=\"600\" \/>\n\t<meta property=\"og:image:type\" content=\"image\/gif\" \/>\n<meta name=\"twitter:card\" content=\"summary_large_image\" \/>\n<meta name=\"twitter:label1\" content=\"Geschatte leestijd\" \/>\n\t<meta name=\"twitter:data1\" content=\"3 minuten\" \/>\n<script type=\"application\/ld+json\" class=\"yoast-schema-graph\">{\"@context\":\"https:\/\/schema.org\",\"@graph\":[{\"@type\":\"WebPage\",\"@id\":\"https:\/\/nembutalboutique.com\/produit\/bk-ebdp\/\",\"url\":\"https:\/\/nembutalboutique.com\/produit\/bk-ebdp\/\",\"name\":\"EBDP \u00e0 vendre - Achetez EBDP en ligne - Commandez EBDP\",\"isPartOf\":{\"@id\":\"https:\/\/nembutalboutique.com\/#website\"},\"primaryImageOfPage\":{\"@id\":\"https:\/\/nembutalboutique.com\/produit\/bk-ebdp\/#primaryimage\"},\"image\":{\"@id\":\"https:\/\/nembutalboutique.com\/produit\/bk-ebdp\/#primaryimage\"},\"thumbnailUrl\":\"https:\/\/nembutalboutique.com\/wp-content\/uploads\/2024\/09\/BK-EBDP.gif\",\"datePublished\":\"2024-09-16T08:12:45+00:00\",\"dateModified\":\"2024-09-20T10:33:52+00:00\",\"description\":\"Vous pouvez obtenir EBDP \u00e0 vendre aux meilleurs tarifs dans notre boutique en ligne. Nous sommes l\u00e0 pour vous aider \u00e0 acheter EBDP en ligne. Connectez-vous au meilleur magasin de la ville d\u00e8s aujourd'hui\u00a0!\",\"breadcrumb\":{\"@id\":\"https:\/\/nembutalboutique.com\/produit\/bk-ebdp\/#breadcrumb\"},\"inLanguage\":\"nl-BE\",\"potentialAction\":[{\"@type\":\"ReadAction\",\"target\":[\"https:\/\/nembutalboutique.com\/produit\/bk-ebdp\/\"]}]},{\"@type\":\"ImageObject\",\"inLanguage\":\"nl-BE\",\"@id\":\"https:\/\/nembutalboutique.com\/produit\/bk-ebdp\/#primaryimage\",\"url\":\"https:\/\/nembutalboutique.com\/wp-content\/uploads\/2024\/09\/BK-EBDP.gif\",\"contentUrl\":\"https:\/\/nembutalboutique.com\/wp-content\/uploads\/2024\/09\/BK-EBDP.gif\",\"width\":600,\"height\":600,\"caption\":\"Acheter BK-EBDP.gif\"},{\"@type\":\"BreadcrumbList\",\"@id\":\"https:\/\/nembutalboutique.com\/produit\/bk-ebdp\/#breadcrumb\",\"itemListElement\":[{\"@type\":\"ListItem\",\"position\":1,\"name\":\"Home\",\"item\":\"https:\/\/nembutalboutique.com\/\"},{\"@type\":\"ListItem\",\"position\":2,\"name\":\"Boutique\",\"item\":\"https:\/\/nembutalboutique.com\/shop\/\"},{\"@type\":\"ListItem\",\"position\":3,\"name\":\"BK-EBDP\"}]},{\"@type\":\"WebSite\",\"@id\":\"https:\/\/nembutalboutique.com\/#website\",\"url\":\"https:\/\/nembutalboutique.com\/\",\"name\":\"Nembutal Boutique\",\"description\":\"My WordPress Blog\",\"publisher\":{\"@id\":\"https:\/\/nembutalboutique.com\/#organization\"},\"potentialAction\":[{\"@type\":\"SearchAction\",\"target\":{\"@type\":\"EntryPoint\",\"urlTemplate\":\"https:\/\/nembutalboutique.com\/?s={search_term_string}\"},\"query-input\":{\"@type\":\"PropertyValueSpecification\",\"valueRequired\":true,\"valueName\":\"search_term_string\"}}],\"inLanguage\":\"nl-BE\"},{\"@type\":\"Organization\",\"@id\":\"https:\/\/nembutalboutique.com\/#organization\",\"name\":\"Nembutal Boutique\",\"url\":\"https:\/\/nembutalboutique.com\/\",\"logo\":{\"@type\":\"ImageObject\",\"inLanguage\":\"nl-BE\",\"@id\":\"https:\/\/nembutalboutique.com\/#\/schema\/logo\/image\/\",\"url\":\"https:\/\/nembutalboutique.com\/wp-content\/uploads\/2024\/01\/logo.png\",\"contentUrl\":\"https:\/\/nembutalboutique.com\/wp-content\/uploads\/2024\/01\/logo.png\",\"width\":494,\"height\":121,\"caption\":\"Nembutal Boutique\"},\"image\":{\"@id\":\"https:\/\/nembutalboutique.com\/#\/schema\/logo\/image\/\"}}]}<\/script>\n<!-- \/ Yoast SEO plugin. -->","yoast_head_json":{"title":"EBDP te koop - EBDP online kopen - EBDP bestellen","description":"EBDP is te koop tegen de beste prijzen in onze online winkel. We zijn er om je te helpen EBDP online te kopen. Sluit je vandaag nog aan bij de beste winkel in de stad!","robots":{"index":"index","follow":"follow","max-snippet":"max-snippet:-1","max-image-preview":"max-image-preview:large","max-video-preview":"max-video-preview:-1"},"canonical":"https:\/\/nembutalboutique.com\/nl\/product\/bk-ebdp-online-kopen\/","og_locale":"nl_BE","og_type":"article","og_title":"EBDP \u00e0 vendre - Achetez EBDP en ligne - Commandez EBDP","og_description":"Vous pouvez obtenir EBDP \u00e0 vendre aux meilleurs tarifs dans notre boutique en ligne. Nous sommes l\u00e0 pour vous aider \u00e0 acheter EBDP en ligne. Connectez-vous au meilleur magasin de la ville d\u00e8s aujourd'hui\u00a0!","og_url":"https:\/\/nembutalboutique.com\/nl\/product\/bk-ebdp-online-kopen\/","og_site_name":"Nembutal Boutique","article_modified_time":"2024-09-20T10:33:52+00:00","og_image":[{"width":600,"height":600,"url":"https:\/\/nembutalboutique.com\/wp-content\/uploads\/2024\/09\/BK-EBDP.gif","type":"image\/gif"}],"twitter_card":"summary_large_image","twitter_misc":{"Geschatte leestijd":"3 minuten"},"schema":{"@context":"https:\/\/schema.org","@graph":[{"@type":"WebPage","@id":"https:\/\/nembutalboutique.com\/produit\/bk-ebdp\/","url":"https:\/\/nembutalboutique.com\/produit\/bk-ebdp\/","name":"EBDP te koop - EBDP online kopen - EBDP bestellen","isPartOf":{"@id":"https:\/\/nembutalboutique.com\/#website"},"primaryImageOfPage":{"@id":"https:\/\/nembutalboutique.com\/produit\/bk-ebdp\/#primaryimage"},"image":{"@id":"https:\/\/nembutalboutique.com\/produit\/bk-ebdp\/#primaryimage"},"thumbnailUrl":"https:\/\/nembutalboutique.com\/wp-content\/uploads\/2024\/09\/BK-EBDP.gif","datePublished":"2024-09-16T08:12:45+00:00","dateModified":"2024-09-20T10:33:52+00:00","description":"EBDP is te koop tegen de beste prijzen in onze online winkel. We zijn er om je te helpen EBDP online te kopen. Sluit je vandaag nog aan bij de beste winkel in de stad!","breadcrumb":{"@id":"https:\/\/nembutalboutique.com\/produit\/bk-ebdp\/#breadcrumb"},"inLanguage":"nl-BE","potentialAction":[{"@type":"ReadAction","target":["https:\/\/nembutalboutique.com\/produit\/bk-ebdp\/"]}]},{"@type":"ImageObject","inLanguage":"nl-BE","@id":"https:\/\/nembutalboutique.com\/produit\/bk-ebdp\/#primaryimage","url":"https:\/\/nembutalboutique.com\/wp-content\/uploads\/2024\/09\/BK-EBDP.gif","contentUrl":"https:\/\/nembutalboutique.com\/wp-content\/uploads\/2024\/09\/BK-EBDP.gif","width":600,"height":600,"caption":"Acheter BK-EBDP.gif"},{"@type":"BreadcrumbList","@id":"https:\/\/nembutalboutique.com\/produit\/bk-ebdp\/#breadcrumb","itemListElement":[{"@type":"ListItem","position":1,"name":"Home","item":"https:\/\/nembutalboutique.com\/"},{"@type":"ListItem","position":2,"name":"Boutique","item":"https:\/\/nembutalboutique.com\/shop\/"},{"@type":"ListItem","position":3,"name":"BK-EBDP"}]},{"@type":"WebSite","@id":"https:\/\/nembutalboutique.com\/#website","url":"https:\/\/nembutalboutique.com\/","name":"Nembutal winkel","description":"Mijn WordPress Blog","publisher":{"@id":"https:\/\/nembutalboutique.com\/#organization"},"potentialAction":[{"@type":"SearchAction","target":{"@type":"EntryPoint","urlTemplate":"https:\/\/nembutalboutique.com\/?s={search_term_string}"},"query-input":{"@type":"PropertyValueSpecification","valueRequired":true,"valueName":"search_term_string"}}],"inLanguage":"nl-BE"},{"@type":"Organization","@id":"https:\/\/nembutalboutique.com\/#organization","name":"Nembutal winkel","url":"https:\/\/nembutalboutique.com\/","logo":{"@type":"ImageObject","inLanguage":"nl-BE","@id":"https:\/\/nembutalboutique.com\/#\/schema\/logo\/image\/","url":"https:\/\/nembutalboutique.com\/wp-content\/uploads\/2024\/01\/logo.png","contentUrl":"https:\/\/nembutalboutique.com\/wp-content\/uploads\/2024\/01\/logo.png","width":494,"height":121,"caption":"Nembutal Boutique"},"image":{"@id":"https:\/\/nembutalboutique.com\/#\/schema\/logo\/image\/"}}]}},"_links":{"self":[{"href":"https:\/\/nembutalboutique.com\/nl\/wp-json\/wp\/v2\/product\/2824"}],"collection":[{"href":"https:\/\/nembutalboutique.com\/nl\/wp-json\/wp\/v2\/product"}],"about":[{"href":"https:\/\/nembutalboutique.com\/nl\/wp-json\/wp\/v2\/types\/product"}],"replies":[{"embeddable":true,"href":"https:\/\/nembutalboutique.com\/nl\/wp-json\/wp\/v2\/comments?post=2824"}],"wp:featuredmedia":[{"embeddable":true,"href":"https:\/\/nembutalboutique.com\/nl\/wp-json\/wp\/v2\/media\/2837"}],"wp:attachment":[{"href":"https:\/\/nembutalboutique.com\/nl\/wp-json\/wp\/v2\/media?parent=2824"}],"wp:term":[{"taxonomy":"product_brand","embeddable":true,"href":"https:\/\/nembutalboutique.com\/nl\/wp-json\/wp\/v2\/product_brand?post=2824"},{"taxonomy":"product_cat","embeddable":true,"href":"https:\/\/nembutalboutique.com\/nl\/wp-json\/wp\/v2\/product_cat?post=2824"},{"taxonomy":"product_tag","embeddable":true,"href":"https:\/\/nembutalboutique.com\/nl\/wp-json\/wp\/v2\/product_tag?post=2824"}],"curies":[{"name":"wp","href":"https:\/\/api.w.org\/{rel}","templated":true}]}}