{"id":2822,"date":"2024-09-16T08:12:44","date_gmt":"2024-09-16T08:12:44","guid":{"rendered":"https:\/\/nembutalboutique.com\/?post_type=product&#038;p=2822"},"modified":"2024-09-20T10:47:58","modified_gmt":"2024-09-20T10:47:58","slug":"alpha-php","status":"publish","type":"product","link":"https:\/\/nembutalboutique.com\/nl\/product\/alfa-php-online-kopen\/","title":{"rendered":"Alfa PHP"},"content":{"rendered":"<h2>Alpha PHP online kopen<\/h2>\n<p>Wij zijn een wereldwijde leverancier van chemicali\u00ebn voor onderzoek. Onze leveranciers zijn betrouwbaar, gecontroleerd, veilig en goedgekeurd.<br \/>\nMaak kennis met NembutalBoutique, een gerenommeerde leverancier van onderzoekschemicali\u00ebn die de nieuwste materialen voor uw projecten aanbiedt. U hebt een leverancier nodig die u kunt vertrouwen om u te voorzien van echte en zuivere 100 % chemicali\u00ebn. Werken met ons zal u vertrouwen geven. We zijn er trots op dat we ons hebben gevestigd als een van de meest gerenommeerde leveranciers in de industrie door onze toewijding aan kwaliteit en wetenschappelijke integriteit.<\/p>\n<p>Onze klanten kunnen profiteren van onze uitgebreide betalingsmogelijkheden, betrouwbare levering en onze grootste selectie aan onderzoekschemicali\u00ebn. Op deze manier kunnen we veel onderzoekers over het hele continent helpen om zeldzame en te weinig onderzochte onderzoeksbronnen te vinden. Deze hebben vaak een grote invloed op onderzoek op het gebied van natuurkunde, scheikunde, biologie of farmacologie. We zijn voortdurend op zoek naar manieren om ons aanbod te verbeteren en, waar mogelijk, nieuwe onderzoekschemicali\u00ebn aan onze lijst van producten toe te voegen om ons doel te bereiken.<\/p>\n<p>Afhankelijk van hun onmiddellijke behoeften kunnen onze klanten bestellingen plaatsen in grotere of kleinere hoeveelheden. We zijn er trots op dat we de voorkeuren die onze klanten over de hele wereld onder onze aandacht hebben gebracht, goed doordenken en onderzoekschemicali\u00ebn leveren waar onze klanten specifiek om vragen. Ons primaire doel is om de toegang tot hoogwaardige, baanbrekende onderzoekschemicali\u00ebn voor de wetenschappelijke gemeenschap te vergemakkelijken en tegelijkertijd kennis te bevorderen door middel van technologie.<\/p>\n<p>Wanneer NembutalBoutiqueCompany onderzoeksartikelen stuurt, sturen ze de klant door.<br \/>\nHet mag alleen worden gebruikt voor legitieme wetenschappelijke studies die worden uitgevoerd in een veilige en gecontroleerde laboratoriumomgeving met inachtneming van de lokale wet- en regelgeving. Menselijk onderzoek van ons artikel is in alle gevallen ten strengste verboden.<\/p>\n<p>Chemical Store, First Research, Inc.<\/p>\n<p>We leveren researchchemicali\u00ebn aan medische instellingen, toxicologen, biochemici, apothekers, scheikundestudenten, farmaceutische onderzoekers en onderwijsinstellingen.<\/p>\n<h3>A-PHP van de hoogste kwaliteit. Hoogontwikkeld PHP.<\/h3>\n<p>a-PHP test<\/p>\n<p>Er is geen aanbevolen dosering omdat de<a href=\"https:\/\/nembutalboutique.com\/produit\/alpha-php\/\">a-PHP<\/a> wordt alleen verkocht voor wetenschappelijk onderzoek en wordt niet aanbevolen voor menselijke consumptie.<\/p>\n<h3>Effecten van a-PHP :<\/h3>\n<p>De klinische effecten van de meeste nieuwe synthetische drugs, zoals<a href=\"https:\/\/en.wikipedia.org\/wiki\/%CE%91-Pyrrolidinohexiophenone\">a-PHP<\/a>Deze drugs kunnen worden gekarakteriseerd als stimulerende middelen, hallucinogenen of opio\u00efden. Vaak wordt een combinatie van deze effecten verkregen door de zijketens te vervangen door synthetische drugs. Soortgelijke ervaringsverslagen over a-PHP zijn te vinden in<br \/>\n\u00fcber Suchmaschinen in F\u00fclle und H\u00fclle und schl\u00e4gigen Foren.<\/p>\n<h3>Bijwerkingen van a-PHP<\/h3>\n<p>Net als andere synthetische drugs kan het innemen van a-PHP ernstige bijwerkingen hebben; de stof is niet klinisch getest of goedgekeurd voor gebruik in de menselijke geneeskunde. Daarom wordt a-PHP alleen aanbevolen voor wetenschappelijk onderzoek, niet voor menselijk gebruik!<\/p>\n<h3>Opslag en stabiliteit van a-PHP<\/h3>\n<p>Bewaar a-PHP bij 30 graden Celsius of lager in de originele verpakking. Vermijd direct zonlicht en houd de vochtigheidsgraad laag. Bij correcte opslag is het materiaal minstens een jaar houdbaar. Neem contact met ons op voor meer informatie.<\/p>","protected":false},"excerpt":{"rendered":"<p>Acheter Alpha PHP en ligne Nous sommes un fournisseur mondial de produits chimiques de recherche. Nos fournisseurs sont fiables, dignes de confiance, contr\u00f4l\u00e9s, s\u00e9curis\u00e9s et agr\u00e9\u00e9s. Pr\u00e9sentation de NembutalBoutique, un fournisseur r\u00e9put\u00e9 de produits chimiques de recherche qui propose les derniers mat\u00e9riaux pour vos projets. Vous avez besoin d&rsquo;un fournisseur en qui vous pouvez avoir [&hellip;]<\/p>","protected":false},"featured_media":2835,"comment_status":"open","ping_status":"closed","template":"","meta":{"_joinchat":[]},"product_brand":[],"product_cat":[385],"product_tag":[],"class_list":{"0":"post-2822","1":"product","2":"type-product","3":"status-publish","4":"has-post-thumbnail","6":"product_cat-forschung-schemikalien","8":"first","9":"instock","10":"shipping-taxable","11":"purchasable","12":"product-type-variable"},"yoast_head":"<!-- This site is optimized with the Yoast SEO plugin v23.5 - https:\/\/yoast.com\/wordpress\/plugins\/seo\/ -->\n<title>Acheter Alpha PHP en ligne - Alpha PHP \u00e0 vendre en ligne<\/title>\n<meta name=\"description\" content=\"Dans notre boutique NembutalBoutique, vous pouvez obtenir Alpha PHP \u00e0 des prix avantageux. Nous ne vendons que des produits de qualit\u00e9 sup\u00e9rieure. Achetez Alpha PHP en ligne d\u00e8s maintenant dans notre boutique. Passez votre commande imm\u00e9diatement !\" \/>\n<meta name=\"robots\" content=\"index, follow, max-snippet:-1, max-image-preview:large, max-video-preview:-1\" \/>\n<link rel=\"canonical\" href=\"https:\/\/nembutalboutique.com\/nl\/product\/alfa-php-online-kopen\/\" \/>\n<meta property=\"og:locale\" content=\"nl_BE\" \/>\n<meta property=\"og:type\" content=\"article\" \/>\n<meta property=\"og:title\" content=\"Acheter Alpha PHP en ligne - Alpha PHP \u00e0 vendre en ligne\" \/>\n<meta property=\"og:description\" content=\"Dans notre boutique NembutalBoutique, vous pouvez obtenir Alpha PHP \u00e0 des prix avantageux. Nous ne vendons que des produits de qualit\u00e9 sup\u00e9rieure. Achetez Alpha PHP en ligne d\u00e8s maintenant dans notre boutique. Passez votre commande imm\u00e9diatement !\" \/>\n<meta property=\"og:url\" content=\"https:\/\/nembutalboutique.com\/nl\/product\/alfa-php-online-kopen\/\" \/>\n<meta property=\"og:site_name\" content=\"Nembutal Boutique\" \/>\n<meta property=\"article:modified_time\" content=\"2024-09-20T10:47:58+00:00\" \/>\n<meta property=\"og:image\" content=\"https:\/\/nembutalboutique.com\/wp-content\/uploads\/2024\/09\/A-PPP.gif\" \/>\n\t<meta property=\"og:image:width\" content=\"600\" \/>\n\t<meta property=\"og:image:height\" content=\"600\" \/>\n\t<meta property=\"og:image:type\" content=\"image\/gif\" \/>\n<meta name=\"twitter:card\" content=\"summary_large_image\" \/>\n<meta name=\"twitter:label1\" content=\"Geschatte leestijd\" \/>\n\t<meta name=\"twitter:data1\" content=\"3 minuten\" \/>\n<script type=\"application\/ld+json\" class=\"yoast-schema-graph\">{\"@context\":\"https:\/\/schema.org\",\"@graph\":[{\"@type\":\"WebPage\",\"@id\":\"https:\/\/nembutalboutique.com\/produit\/alpha-php\/\",\"url\":\"https:\/\/nembutalboutique.com\/produit\/alpha-php\/\",\"name\":\"Acheter Alpha PHP en ligne - Alpha PHP \u00e0 vendre en ligne\",\"isPartOf\":{\"@id\":\"https:\/\/nembutalboutique.com\/#website\"},\"primaryImageOfPage\":{\"@id\":\"https:\/\/nembutalboutique.com\/produit\/alpha-php\/#primaryimage\"},\"image\":{\"@id\":\"https:\/\/nembutalboutique.com\/produit\/alpha-php\/#primaryimage\"},\"thumbnailUrl\":\"https:\/\/nembutalboutique.com\/wp-content\/uploads\/2024\/09\/A-PPP.gif\",\"datePublished\":\"2024-09-16T08:12:44+00:00\",\"dateModified\":\"2024-09-20T10:47:58+00:00\",\"description\":\"Dans notre boutique NembutalBoutique, vous pouvez obtenir Alpha PHP \u00e0 des prix avantageux. Nous ne vendons que des produits de qualit\u00e9 sup\u00e9rieure. Achetez Alpha PHP en ligne d\u00e8s maintenant dans notre boutique. Passez votre commande imm\u00e9diatement !\",\"breadcrumb\":{\"@id\":\"https:\/\/nembutalboutique.com\/produit\/alpha-php\/#breadcrumb\"},\"inLanguage\":\"nl-BE\",\"potentialAction\":[{\"@type\":\"ReadAction\",\"target\":[\"https:\/\/nembutalboutique.com\/produit\/alpha-php\/\"]}]},{\"@type\":\"ImageObject\",\"inLanguage\":\"nl-BE\",\"@id\":\"https:\/\/nembutalboutique.com\/produit\/alpha-php\/#primaryimage\",\"url\":\"https:\/\/nembutalboutique.com\/wp-content\/uploads\/2024\/09\/A-PPP.gif\",\"contentUrl\":\"https:\/\/nembutalboutique.com\/wp-content\/uploads\/2024\/09\/A-PPP.gif\",\"width\":600,\"height\":600,\"caption\":\"Acheter A-PPP\"},{\"@type\":\"BreadcrumbList\",\"@id\":\"https:\/\/nembutalboutique.com\/produit\/alpha-php\/#breadcrumb\",\"itemListElement\":[{\"@type\":\"ListItem\",\"position\":1,\"name\":\"Home\",\"item\":\"https:\/\/nembutalboutique.com\/\"},{\"@type\":\"ListItem\",\"position\":2,\"name\":\"Boutique\",\"item\":\"https:\/\/nembutalboutique.com\/shop\/\"},{\"@type\":\"ListItem\",\"position\":3,\"name\":\"Alpha PHP\"}]},{\"@type\":\"WebSite\",\"@id\":\"https:\/\/nembutalboutique.com\/#website\",\"url\":\"https:\/\/nembutalboutique.com\/\",\"name\":\"Nembutal Boutique\",\"description\":\"My WordPress Blog\",\"publisher\":{\"@id\":\"https:\/\/nembutalboutique.com\/#organization\"},\"potentialAction\":[{\"@type\":\"SearchAction\",\"target\":{\"@type\":\"EntryPoint\",\"urlTemplate\":\"https:\/\/nembutalboutique.com\/?s={search_term_string}\"},\"query-input\":{\"@type\":\"PropertyValueSpecification\",\"valueRequired\":true,\"valueName\":\"search_term_string\"}}],\"inLanguage\":\"nl-BE\"},{\"@type\":\"Organization\",\"@id\":\"https:\/\/nembutalboutique.com\/#organization\",\"name\":\"Nembutal Boutique\",\"url\":\"https:\/\/nembutalboutique.com\/\",\"logo\":{\"@type\":\"ImageObject\",\"inLanguage\":\"nl-BE\",\"@id\":\"https:\/\/nembutalboutique.com\/#\/schema\/logo\/image\/\",\"url\":\"https:\/\/nembutalboutique.com\/wp-content\/uploads\/2024\/01\/logo.png\",\"contentUrl\":\"https:\/\/nembutalboutique.com\/wp-content\/uploads\/2024\/01\/logo.png\",\"width\":494,\"height\":121,\"caption\":\"Nembutal Boutique\"},\"image\":{\"@id\":\"https:\/\/nembutalboutique.com\/#\/schema\/logo\/image\/\"}}]}<\/script>\n<!-- \/ Yoast SEO plugin. -->","yoast_head_json":{"title":"Alpha PHP online kopen - Alpha PHP online te koop","description":"In onze NembutalBoutique kun je Alpha PHP krijgen tegen geweldige prijzen. Wij verkopen alleen producten van topkwaliteit. Koop Alpha PHP nu online in onze winkel. Plaats nu je bestelling!","robots":{"index":"index","follow":"follow","max-snippet":"max-snippet:-1","max-image-preview":"max-image-preview:large","max-video-preview":"max-video-preview:-1"},"canonical":"https:\/\/nembutalboutique.com\/nl\/product\/alfa-php-online-kopen\/","og_locale":"nl_BE","og_type":"article","og_title":"Acheter Alpha PHP en ligne - Alpha PHP \u00e0 vendre en ligne","og_description":"Dans notre boutique NembutalBoutique, vous pouvez obtenir Alpha PHP \u00e0 des prix avantageux. Nous ne vendons que des produits de qualit\u00e9 sup\u00e9rieure. Achetez Alpha PHP en ligne d\u00e8s maintenant dans notre boutique. Passez votre commande imm\u00e9diatement !","og_url":"https:\/\/nembutalboutique.com\/nl\/product\/alfa-php-online-kopen\/","og_site_name":"Nembutal Boutique","article_modified_time":"2024-09-20T10:47:58+00:00","og_image":[{"width":600,"height":600,"url":"https:\/\/nembutalboutique.com\/wp-content\/uploads\/2024\/09\/A-PPP.gif","type":"image\/gif"}],"twitter_card":"summary_large_image","twitter_misc":{"Geschatte leestijd":"3 minuten"},"schema":{"@context":"https:\/\/schema.org","@graph":[{"@type":"WebPage","@id":"https:\/\/nembutalboutique.com\/produit\/alpha-php\/","url":"https:\/\/nembutalboutique.com\/produit\/alpha-php\/","name":"Alpha PHP online kopen - Alpha PHP online te koop","isPartOf":{"@id":"https:\/\/nembutalboutique.com\/#website"},"primaryImageOfPage":{"@id":"https:\/\/nembutalboutique.com\/produit\/alpha-php\/#primaryimage"},"image":{"@id":"https:\/\/nembutalboutique.com\/produit\/alpha-php\/#primaryimage"},"thumbnailUrl":"https:\/\/nembutalboutique.com\/wp-content\/uploads\/2024\/09\/A-PPP.gif","datePublished":"2024-09-16T08:12:44+00:00","dateModified":"2024-09-20T10:47:58+00:00","description":"In onze NembutalBoutique kun je Alpha PHP krijgen tegen geweldige prijzen. Wij verkopen alleen producten van topkwaliteit. Koop Alpha PHP nu online in onze winkel. Plaats nu je bestelling!","breadcrumb":{"@id":"https:\/\/nembutalboutique.com\/produit\/alpha-php\/#breadcrumb"},"inLanguage":"nl-BE","potentialAction":[{"@type":"ReadAction","target":["https:\/\/nembutalboutique.com\/produit\/alpha-php\/"]}]},{"@type":"ImageObject","inLanguage":"nl-BE","@id":"https:\/\/nembutalboutique.com\/produit\/alpha-php\/#primaryimage","url":"https:\/\/nembutalboutique.com\/wp-content\/uploads\/2024\/09\/A-PPP.gif","contentUrl":"https:\/\/nembutalboutique.com\/wp-content\/uploads\/2024\/09\/A-PPP.gif","width":600,"height":600,"caption":"Acheter A-PPP"},{"@type":"BreadcrumbList","@id":"https:\/\/nembutalboutique.com\/produit\/alpha-php\/#breadcrumb","itemListElement":[{"@type":"ListItem","position":1,"name":"Home","item":"https:\/\/nembutalboutique.com\/"},{"@type":"ListItem","position":2,"name":"Boutique","item":"https:\/\/nembutalboutique.com\/shop\/"},{"@type":"ListItem","position":3,"name":"Alpha PHP"}]},{"@type":"WebSite","@id":"https:\/\/nembutalboutique.com\/#website","url":"https:\/\/nembutalboutique.com\/","name":"Nembutal winkel","description":"Mijn WordPress Blog","publisher":{"@id":"https:\/\/nembutalboutique.com\/#organization"},"potentialAction":[{"@type":"SearchAction","target":{"@type":"EntryPoint","urlTemplate":"https:\/\/nembutalboutique.com\/?s={search_term_string}"},"query-input":{"@type":"PropertyValueSpecification","valueRequired":true,"valueName":"search_term_string"}}],"inLanguage":"nl-BE"},{"@type":"Organization","@id":"https:\/\/nembutalboutique.com\/#organization","name":"Nembutal winkel","url":"https:\/\/nembutalboutique.com\/","logo":{"@type":"ImageObject","inLanguage":"nl-BE","@id":"https:\/\/nembutalboutique.com\/#\/schema\/logo\/image\/","url":"https:\/\/nembutalboutique.com\/wp-content\/uploads\/2024\/01\/logo.png","contentUrl":"https:\/\/nembutalboutique.com\/wp-content\/uploads\/2024\/01\/logo.png","width":494,"height":121,"caption":"Nembutal Boutique"},"image":{"@id":"https:\/\/nembutalboutique.com\/#\/schema\/logo\/image\/"}}]}},"_links":{"self":[{"href":"https:\/\/nembutalboutique.com\/nl\/wp-json\/wp\/v2\/product\/2822"}],"collection":[{"href":"https:\/\/nembutalboutique.com\/nl\/wp-json\/wp\/v2\/product"}],"about":[{"href":"https:\/\/nembutalboutique.com\/nl\/wp-json\/wp\/v2\/types\/product"}],"replies":[{"embeddable":true,"href":"https:\/\/nembutalboutique.com\/nl\/wp-json\/wp\/v2\/comments?post=2822"}],"wp:featuredmedia":[{"embeddable":true,"href":"https:\/\/nembutalboutique.com\/nl\/wp-json\/wp\/v2\/media\/2835"}],"wp:attachment":[{"href":"https:\/\/nembutalboutique.com\/nl\/wp-json\/wp\/v2\/media?parent=2822"}],"wp:term":[{"taxonomy":"product_brand","embeddable":true,"href":"https:\/\/nembutalboutique.com\/nl\/wp-json\/wp\/v2\/product_brand?post=2822"},{"taxonomy":"product_cat","embeddable":true,"href":"https:\/\/nembutalboutique.com\/nl\/wp-json\/wp\/v2\/product_cat?post=2822"},{"taxonomy":"product_tag","embeddable":true,"href":"https:\/\/nembutalboutique.com\/nl\/wp-json\/wp\/v2\/product_tag?post=2822"}],"curies":[{"name":"wp","href":"https:\/\/api.w.org\/{rel}","templated":true}]}}