{"id":2821,"date":"2024-09-16T08:12:44","date_gmt":"2024-09-16T08:12:44","guid":{"rendered":"https:\/\/nembutalboutique.com\/?post_type=product&#038;p=2821"},"modified":"2024-09-20T10:47:21","modified_gmt":"2024-09-20T10:47:21","slug":"a-ppp","status":"publish","type":"product","link":"https:\/\/nembutalboutique.com\/nl\/product\/online-een-ppp-kopen\/","title":{"rendered":"A-PPP"},"content":{"rendered":"<h2>\u03b1-PPP online kopen<\/h2>\n<p>Acrylopyrrolidinopropiofenon, of <a href=\"https:\/\/en.wikipedia.org\/wiki\/Purchasing_power_parity\">\u03b1-PPP<\/a>is een stimulerend middel. De structuur lijkt op die van de chelaatvormer diethylpropion en de effecten op dieren zijn vergelijkbaar. Er is weinig bekend over dit verband, maar Duitse laboratoria hebben gemeld dat het een bestanddeel was van ecstasy tabletten die door de politie in beslag zijn genomen. Deze hond heeft bewezen een stimulerend middel te zijn voor dieren en, volgens de ervaringen van degenen die het geprobeerd hebben, ook een belangrijk stimulerend middel voor mensen.<\/p>\n<p>Kaufen Nembutal, een gerenommeerde leverancier van chemische stoffen voor onderzoek, biedt de nieuwste materialen voor jouw projecten.<\/p>\n<p>Je hebt een leverancier nodig die je kunt vertrouwen om je te voorzien van echte, zuivere 100 % chemicali\u00ebn. Als u met ons werkt, bent u daarvan overtuigd.<\/p>\n<p>We zijn er trots op dat we ons hebben gevestigd als een van de meest gerenommeerde leveranciers in de sector, dankzij onze toewijding aan kwaliteit en wetenschappelijke integriteit.<\/p>\n<p>Onze klanten kunnen profiteren van onze uitgebreide betalingsmogelijkheden, betrouwbare levering en de grootste selectie onderzoekschemicali\u00ebn.<\/p>\n<p>Dankzij deze aanpak kunnen we onderzoekers over de continenten helpen bij het vinden van zeldzame en weinig bekende studiematerialen die vaak een grote impact kunnen hebben op wetenschappelijke, chemische, biologische of farmaceutische studies.<\/p>\n<p>We zijn voortdurend op zoek naar manieren om ons aanbod te verbeteren en, waar mogelijk, nieuwe onderzoekschemicali\u00ebn aan onze productenlijst toe te voegen om ons doel te bereiken.<\/p>\n<p>Afhankelijk van hun onmiddellijke behoeften kunnen onze klanten bestellingen plaatsen in grotere of kleinere hoeveelheden.<\/p>\n<p>We zijn er trots op dat we de voorkeuren die onze klanten over de hele wereld onder onze aandacht hebben gebracht, goed doordenken en de researchchemicali\u00ebn leveren waar onze klanten specifiek om vragen.<\/p>\n<p>Ons belangrijkste doel is om de wetenschappelijke gemeenschap te voorzien van een nuttige manier om hoogwaardige onderzoekschemicali\u00ebn te verkrijgen tegen redelijke prijzen.<\/p>\n<h3>in een technische hoedanigheid om kennis te bevorderen.<\/h3>\n<p>Houd er rekening mee dat NembuKauFlog het strikte gebruik van haar onderzoekssubjecten alleen toestaat voor legitieme wetenschappelijke studies die worden uitgevoerd in een veilige en gecontroleerde laboratoriumomgeving, in overeenstemming met de lokale wet- en regelgeving.<\/p>\n<p>Menselijke verificatie van ons artikel is in alle gevallen strikt verboden.<\/p>\n<h3>The First Research Chemical Store, Inc.<\/h3>\n<p>We leveren onderzoekschemicali\u00ebn aan medische instellingen, toxicologen, biochemici, apothekers, scheikundestudenten, farmaceutische onderzoekers en onderwijsinstellingen.<br \/>\nA-PPP van hoge kwaliteit. Spitzen <a href=\"https:\/\/nembutalboutique.com\/produit\/a-ppp\/\">a-PPP<\/a>.<\/p>\n<h3>De geschiedenis van A-PPP<\/h3>\n<p>A-PVP is onlangs ontdekt en wordt sinds 2011 onderzocht door onderzoekers en de media, vooral omdat mensen het misbruiken door de stimulerende effecten te gebruiken zonder de juiste procedures of richtlijnen te volgen.<\/p>\n<h3>Waar wordt A-PPP voor gebruikt?<\/h3>\n<p>A-PPP is een onderzoeksinstrument dat zowel in de massaspectrometrie als in de wetenschappelijke gemeenschap is gebruikt.<\/p>\n<p>A-PPP wordt gebruikt in niet-medische contexten en staat bekend om zijn overdreven effecten bij inname. Het is een stimulerend middel vergelijkbaar met cadmium.<\/p>\n<p>Het is ook bekend dat deze drug ervoor zorgt dat gebruikers energieke of stimulerende activiteiten gaan ondernemen; bij hogere doseringen is deze bijwerking moeilijker te verdragen. De aandacht van mensen is gevestigd op deze eigenschappen door hun frequente, energierijke activiteiten.<br \/>\nHet kan gevoelens van motivatie, sociale energie en zelfbewustzijn opwekken.<\/p>\n<h3>Effect van A-PPP<\/h3>\n<p>A-PPP staat genoteerd als eetlustremmer, maar het heeft ook soortgelijke effecten bij gebruik als stimulerend middel. Het veroorzaakt buitensporig of geforceerd energiek gedrag. De stof is verslavend en wekt gevoelens van extase op.<\/p>\n<p>Het kan ook oncontroleerbare wenkbrauwbewegingen of zichtproblemen veroorzaken. Te veel water drinken kan misselijkheid en overgeven veroorzaken, wat in ernstige gevallen kan leiden tot uitdroging. Tot de bijwerkingen behoren moeite met plassen. Een verhoogde hartslag is een van de bijwerkingen. Door de angst voor overmatige lichamelijke activiteit is het risico om ziek te worden verhoogd.<\/p>\n<p>Verschillen in drugsgebruik kunnen schadelijke gevolgen hebben.<\/p>\n<h3>Dosering en overdosering van A-PPP<\/h3>\n<p>De dosering van dit medicijn is onbekend, omdat het tot nu toe alleen op dieren is getest en het gebruik bij mensen zeer onwaarschijnlijk is.<\/p>","protected":false},"excerpt":{"rendered":"<p>Acheter \u03b1-PPP en ligne L&rsquo;acrylopyrrolidinopropioph\u00e9none, ou \u03b1-PPP, est une drogue stimulante. Sa structure est similaire \u00e0 celle de l&rsquo;agent ch\u00e9lateur di\u00e9thylpropion et ses effets sur les animaux sont comparables. On conna\u00eet peu de d\u00e9tails sur ce lien, mais des laboratoires allemands ont signal\u00e9 qu&rsquo;il s&rsquo;agissait d&rsquo;un composant de comprim\u00e9s d&rsquo;ecstasy saisis par les forces de [&hellip;]<\/p>","protected":false},"featured_media":2835,"comment_status":"open","ping_status":"closed","template":"","meta":{"_joinchat":[]},"product_brand":[],"product_cat":[385],"product_tag":[],"class_list":{"0":"post-2821","1":"product","2":"type-product","3":"status-publish","4":"has-post-thumbnail","6":"product_cat-forschung-schemikalien","8":"first","9":"instock","10":"shipping-taxable","11":"purchasable","12":"product-type-variable"},"yoast_head":"<!-- This site is optimized with the Yoast SEO plugin v23.5 - https:\/\/yoast.com\/wordpress\/plugins\/seo\/ -->\n<title>Acheter A-PPP en ligne - A-PPP \u00e0 vendre - Commander A-PPP<\/title>\n<meta name=\"description\" content=\"Votre demande d&#039;achat d&#039;A-PPP en ligne peut \u00eatre satisfaite dans notre boutique en ligne car nous avons A-PPP \u00e0 vendre ici. Passez votre commande et obtenez des offres abordables tous les jours. Commandez maintenant !\" \/>\n<meta name=\"robots\" content=\"index, follow, max-snippet:-1, max-image-preview:large, max-video-preview:-1\" \/>\n<link rel=\"canonical\" href=\"https:\/\/nembutalboutique.com\/nl\/product\/online-een-ppp-kopen\/\" \/>\n<meta property=\"og:locale\" content=\"nl_BE\" \/>\n<meta property=\"og:type\" content=\"article\" \/>\n<meta property=\"og:title\" content=\"Acheter A-PPP en ligne - A-PPP \u00e0 vendre - Commander A-PPP\" \/>\n<meta property=\"og:description\" content=\"Votre demande d&#039;achat d&#039;A-PPP en ligne peut \u00eatre satisfaite dans notre boutique en ligne car nous avons A-PPP \u00e0 vendre ici. Passez votre commande et obtenez des offres abordables tous les jours. Commandez maintenant !\" \/>\n<meta property=\"og:url\" content=\"https:\/\/nembutalboutique.com\/nl\/product\/online-een-ppp-kopen\/\" \/>\n<meta property=\"og:site_name\" content=\"Nembutal Boutique\" \/>\n<meta property=\"article:modified_time\" content=\"2024-09-20T10:47:21+00:00\" \/>\n<meta property=\"og:image\" content=\"https:\/\/nembutalboutique.com\/wp-content\/uploads\/2024\/09\/A-PPP.gif\" \/>\n\t<meta property=\"og:image:width\" content=\"600\" \/>\n\t<meta property=\"og:image:height\" content=\"600\" \/>\n\t<meta property=\"og:image:type\" content=\"image\/gif\" \/>\n<meta name=\"twitter:card\" content=\"summary_large_image\" \/>\n<meta name=\"twitter:label1\" content=\"Geschatte leestijd\" \/>\n\t<meta name=\"twitter:data1\" content=\"4 minuten\" \/>\n<script type=\"application\/ld+json\" class=\"yoast-schema-graph\">{\"@context\":\"https:\/\/schema.org\",\"@graph\":[{\"@type\":\"WebPage\",\"@id\":\"https:\/\/nembutalboutique.com\/produit\/a-ppp\/\",\"url\":\"https:\/\/nembutalboutique.com\/produit\/a-ppp\/\",\"name\":\"Acheter A-PPP en ligne - A-PPP \u00e0 vendre - Commander A-PPP\",\"isPartOf\":{\"@id\":\"https:\/\/nembutalboutique.com\/#website\"},\"primaryImageOfPage\":{\"@id\":\"https:\/\/nembutalboutique.com\/produit\/a-ppp\/#primaryimage\"},\"image\":{\"@id\":\"https:\/\/nembutalboutique.com\/produit\/a-ppp\/#primaryimage\"},\"thumbnailUrl\":\"https:\/\/nembutalboutique.com\/wp-content\/uploads\/2024\/09\/A-PPP.gif\",\"datePublished\":\"2024-09-16T08:12:44+00:00\",\"dateModified\":\"2024-09-20T10:47:21+00:00\",\"description\":\"Votre demande d'achat d'A-PPP en ligne peut \u00eatre satisfaite dans notre boutique en ligne car nous avons A-PPP \u00e0 vendre ici. Passez votre commande et obtenez des offres abordables tous les jours. Commandez maintenant !\",\"breadcrumb\":{\"@id\":\"https:\/\/nembutalboutique.com\/produit\/a-ppp\/#breadcrumb\"},\"inLanguage\":\"nl-BE\",\"potentialAction\":[{\"@type\":\"ReadAction\",\"target\":[\"https:\/\/nembutalboutique.com\/produit\/a-ppp\/\"]}]},{\"@type\":\"ImageObject\",\"inLanguage\":\"nl-BE\",\"@id\":\"https:\/\/nembutalboutique.com\/produit\/a-ppp\/#primaryimage\",\"url\":\"https:\/\/nembutalboutique.com\/wp-content\/uploads\/2024\/09\/A-PPP.gif\",\"contentUrl\":\"https:\/\/nembutalboutique.com\/wp-content\/uploads\/2024\/09\/A-PPP.gif\",\"width\":600,\"height\":600,\"caption\":\"Acheter A-PPP\"},{\"@type\":\"BreadcrumbList\",\"@id\":\"https:\/\/nembutalboutique.com\/produit\/a-ppp\/#breadcrumb\",\"itemListElement\":[{\"@type\":\"ListItem\",\"position\":1,\"name\":\"Home\",\"item\":\"https:\/\/nembutalboutique.com\/\"},{\"@type\":\"ListItem\",\"position\":2,\"name\":\"Boutique\",\"item\":\"https:\/\/nembutalboutique.com\/shop\/\"},{\"@type\":\"ListItem\",\"position\":3,\"name\":\"A-PPP\"}]},{\"@type\":\"WebSite\",\"@id\":\"https:\/\/nembutalboutique.com\/#website\",\"url\":\"https:\/\/nembutalboutique.com\/\",\"name\":\"Nembutal Boutique\",\"description\":\"My WordPress Blog\",\"publisher\":{\"@id\":\"https:\/\/nembutalboutique.com\/#organization\"},\"potentialAction\":[{\"@type\":\"SearchAction\",\"target\":{\"@type\":\"EntryPoint\",\"urlTemplate\":\"https:\/\/nembutalboutique.com\/?s={search_term_string}\"},\"query-input\":{\"@type\":\"PropertyValueSpecification\",\"valueRequired\":true,\"valueName\":\"search_term_string\"}}],\"inLanguage\":\"nl-BE\"},{\"@type\":\"Organization\",\"@id\":\"https:\/\/nembutalboutique.com\/#organization\",\"name\":\"Nembutal Boutique\",\"url\":\"https:\/\/nembutalboutique.com\/\",\"logo\":{\"@type\":\"ImageObject\",\"inLanguage\":\"nl-BE\",\"@id\":\"https:\/\/nembutalboutique.com\/#\/schema\/logo\/image\/\",\"url\":\"https:\/\/nembutalboutique.com\/wp-content\/uploads\/2024\/01\/logo.png\",\"contentUrl\":\"https:\/\/nembutalboutique.com\/wp-content\/uploads\/2024\/01\/logo.png\",\"width\":494,\"height\":121,\"caption\":\"Nembutal Boutique\"},\"image\":{\"@id\":\"https:\/\/nembutalboutique.com\/#\/schema\/logo\/image\/\"}}]}<\/script>\n<!-- \/ Yoast SEO plugin. -->","yoast_head_json":{"title":"A-PPP online kopen - A-PPP te koop - A-PPP bestellen","description":"Je verzoek om A-PPP online te kopen kan worden vervuld in onze online winkel, omdat we A-PPP hier te koop hebben. Plaats je bestelling en ontvang elke dag betaalbare aanbiedingen. Plaats nu je bestelling!","robots":{"index":"index","follow":"follow","max-snippet":"max-snippet:-1","max-image-preview":"max-image-preview:large","max-video-preview":"max-video-preview:-1"},"canonical":"https:\/\/nembutalboutique.com\/nl\/product\/online-een-ppp-kopen\/","og_locale":"nl_BE","og_type":"article","og_title":"Acheter A-PPP en ligne - A-PPP \u00e0 vendre - Commander A-PPP","og_description":"Votre demande d'achat d'A-PPP en ligne peut \u00eatre satisfaite dans notre boutique en ligne car nous avons A-PPP \u00e0 vendre ici. Passez votre commande et obtenez des offres abordables tous les jours. Commandez maintenant !","og_url":"https:\/\/nembutalboutique.com\/nl\/product\/online-een-ppp-kopen\/","og_site_name":"Nembutal Boutique","article_modified_time":"2024-09-20T10:47:21+00:00","og_image":[{"width":600,"height":600,"url":"https:\/\/nembutalboutique.com\/wp-content\/uploads\/2024\/09\/A-PPP.gif","type":"image\/gif"}],"twitter_card":"summary_large_image","twitter_misc":{"Geschatte leestijd":"4 minuten"},"schema":{"@context":"https:\/\/schema.org","@graph":[{"@type":"WebPage","@id":"https:\/\/nembutalboutique.com\/produit\/a-ppp\/","url":"https:\/\/nembutalboutique.com\/produit\/a-ppp\/","name":"A-PPP online kopen - A-PPP te koop - A-PPP bestellen","isPartOf":{"@id":"https:\/\/nembutalboutique.com\/#website"},"primaryImageOfPage":{"@id":"https:\/\/nembutalboutique.com\/produit\/a-ppp\/#primaryimage"},"image":{"@id":"https:\/\/nembutalboutique.com\/produit\/a-ppp\/#primaryimage"},"thumbnailUrl":"https:\/\/nembutalboutique.com\/wp-content\/uploads\/2024\/09\/A-PPP.gif","datePublished":"2024-09-16T08:12:44+00:00","dateModified":"2024-09-20T10:47:21+00:00","description":"Je verzoek om A-PPP online te kopen kan worden vervuld in onze online winkel, omdat we A-PPP hier te koop hebben. Plaats je bestelling en ontvang elke dag betaalbare aanbiedingen. Plaats nu je bestelling!","breadcrumb":{"@id":"https:\/\/nembutalboutique.com\/produit\/a-ppp\/#breadcrumb"},"inLanguage":"nl-BE","potentialAction":[{"@type":"ReadAction","target":["https:\/\/nembutalboutique.com\/produit\/a-ppp\/"]}]},{"@type":"ImageObject","inLanguage":"nl-BE","@id":"https:\/\/nembutalboutique.com\/produit\/a-ppp\/#primaryimage","url":"https:\/\/nembutalboutique.com\/wp-content\/uploads\/2024\/09\/A-PPP.gif","contentUrl":"https:\/\/nembutalboutique.com\/wp-content\/uploads\/2024\/09\/A-PPP.gif","width":600,"height":600,"caption":"Acheter A-PPP"},{"@type":"BreadcrumbList","@id":"https:\/\/nembutalboutique.com\/produit\/a-ppp\/#breadcrumb","itemListElement":[{"@type":"ListItem","position":1,"name":"Home","item":"https:\/\/nembutalboutique.com\/"},{"@type":"ListItem","position":2,"name":"Boutique","item":"https:\/\/nembutalboutique.com\/shop\/"},{"@type":"ListItem","position":3,"name":"A-PPP"}]},{"@type":"WebSite","@id":"https:\/\/nembutalboutique.com\/#website","url":"https:\/\/nembutalboutique.com\/","name":"Nembutal winkel","description":"Mijn WordPress Blog","publisher":{"@id":"https:\/\/nembutalboutique.com\/#organization"},"potentialAction":[{"@type":"SearchAction","target":{"@type":"EntryPoint","urlTemplate":"https:\/\/nembutalboutique.com\/?s={search_term_string}"},"query-input":{"@type":"PropertyValueSpecification","valueRequired":true,"valueName":"search_term_string"}}],"inLanguage":"nl-BE"},{"@type":"Organization","@id":"https:\/\/nembutalboutique.com\/#organization","name":"Nembutal winkel","url":"https:\/\/nembutalboutique.com\/","logo":{"@type":"ImageObject","inLanguage":"nl-BE","@id":"https:\/\/nembutalboutique.com\/#\/schema\/logo\/image\/","url":"https:\/\/nembutalboutique.com\/wp-content\/uploads\/2024\/01\/logo.png","contentUrl":"https:\/\/nembutalboutique.com\/wp-content\/uploads\/2024\/01\/logo.png","width":494,"height":121,"caption":"Nembutal Boutique"},"image":{"@id":"https:\/\/nembutalboutique.com\/#\/schema\/logo\/image\/"}}]}},"_links":{"self":[{"href":"https:\/\/nembutalboutique.com\/nl\/wp-json\/wp\/v2\/product\/2821"}],"collection":[{"href":"https:\/\/nembutalboutique.com\/nl\/wp-json\/wp\/v2\/product"}],"about":[{"href":"https:\/\/nembutalboutique.com\/nl\/wp-json\/wp\/v2\/types\/product"}],"replies":[{"embeddable":true,"href":"https:\/\/nembutalboutique.com\/nl\/wp-json\/wp\/v2\/comments?post=2821"}],"wp:featuredmedia":[{"embeddable":true,"href":"https:\/\/nembutalboutique.com\/nl\/wp-json\/wp\/v2\/media\/2835"}],"wp:attachment":[{"href":"https:\/\/nembutalboutique.com\/nl\/wp-json\/wp\/v2\/media?parent=2821"}],"wp:term":[{"taxonomy":"product_brand","embeddable":true,"href":"https:\/\/nembutalboutique.com\/nl\/wp-json\/wp\/v2\/product_brand?post=2821"},{"taxonomy":"product_cat","embeddable":true,"href":"https:\/\/nembutalboutique.com\/nl\/wp-json\/wp\/v2\/product_cat?post=2821"},{"taxonomy":"product_tag","embeddable":true,"href":"https:\/\/nembutalboutique.com\/nl\/wp-json\/wp\/v2\/product_tag?post=2821"}],"curies":[{"name":"wp","href":"https:\/\/api.w.org\/{rel}","templated":true}]}}