{"id":2820,"date":"2024-09-16T08:12:44","date_gmt":"2024-09-16T08:12:44","guid":{"rendered":"https:\/\/nembutalboutique.com\/?post_type=product&#038;p=2820"},"modified":"2024-09-20T07:50:15","modified_gmt":"2024-09-20T07:50:15","slug":"4f-pv8","status":"publish","type":"product","link":"https:\/\/nembutalboutique.com\/nl\/product\/4f-pv8-online-kopen\/","title":{"rendered":"4F-PV8"},"content":{"rendered":"<p><a href=\"https:\/\/en.wikipedia.org\/wiki\/4%27-Fluoro-%CE%B1-pyrrolidinooctanophenone\">4F-PV8<\/a> bij het kopen van nembutal kopen omdat kwaliteit belangrijk is!<br \/>\nKoop 4F-PV8 online bij de beste Europese chemische bedrijven. Gegarandeerd geproduceerd met ten minste 98 % zuiverheid. Wij leveren de COA van elke lading die chemisch geproduceerd is tijdens ons onderzoek!<\/p>\n<h2>Materialen in de 4F-PV8<\/h2>\n<p>Bevat minimaal 98 zuivere % + 4F-PV8 per besturingseenheid.<\/p>\n<p><strong>Dosering van 4-F-PV8<\/strong><\/p>\n<p>Er is geen aanbevolen dosering omdat de <a href=\"https:\/\/nembutalboutique.com\/produit\/acheter-4f-pv8-en-ligne\/\">4F-PV8<\/a> wordt alleen verkocht voor gebruik in wetenschappelijk chemisch onderzoek en is niet bedoeld voor menselijke consumptie.<\/p>\n<p><strong>De effecten van 4F-PV8<\/strong><\/p>\n<p>De klinische effecten van de meeste nieuwe synthetische drugs, zoals 4F-PV8, kunnen worden geclassificeerd als stimulerend, hallucinogeen of opio\u00efde-achtig. Daarnaast heb je een combinatie van deze effecten met de substitutie van synthetische sidekette.<br \/>\nHet gebruik van 4F-PV8 in combinatie met andere synthetische drugs kan ernstige bijwerkingen veroorzaken. Hoewel de stof niet klinisch is getest, is het op een bepaalde manier goedgekeurd als product voor de voorschrijver! Als zodanig is 4F-PV8 alleen bedoeld voor wetenschappelijk onderzoek en mag het niet worden gebruikt voor menselijke doeleinden!<\/p>\n<h3>Uitleg over het opslaan van 4F-PV8<\/h3>\n<p>4F-PV8 moet worden bewaard bij een temperatuur lager dan 30 graden Celsius. 4F-PV8 moet worden bewaard in de originele verpakking, uit de buurt van direct zonlicht en vocht.<\/p>\n<p>4-PV8<\/p>\n<p>Technische gegevens<\/p>\n<p>1-(4-methoxyfenyl)-2-(pyrrolidin-1-yl)heptan-1-on, monohydrochloride is de offici\u00eble naam.<\/p>\n<p>Gelijkwaardig<\/p>\n<p>4-PV8<\/p>\n<p>p-MeO-PV8<\/p>\n<p>4-PHP Phoxy<\/p>\n<p>HCl - Toevoegingsvorm C18H27NO2<\/p>\n<p>325,9 Formulegewicht<\/p>\n<p>Weerstand 98 %<\/p>\n<p>Formulering A gekristalliseerd in vaste vorm<br \/>\nNembutalboutique: Wij leveren chemicali\u00ebn voor onderzoek aan mensen over de hele wereld.<\/p>\n<p>Leveranciers van betrouwbare, gecontroleerde, gevalideerde, veilige en geautoriseerde onderzoekschemicali\u00ebn<\/p>\n<p>Maak kennis met NembutalBoutique, een gerenommeerde leverancier van onderzoekschemicali\u00ebn die de nieuwste materialen voor uw projecten biedt. U hebt een leverancier nodig die u kunt vertrouwen om u te voorzien van echte, zuivere 100 % chemicali\u00ebn. Werken met ons zal u hiervan overtuigen. We zijn er trots op dat we ons hebben gevestigd als een van de meest gerenommeerde leveranciers in de industrie door onze toewijding aan kwaliteit en wetenschappelijke integriteit.<\/p>\n<p>Onze klanten kunnen profiteren van onze uitgebreide betalingsmogelijkheden, betrouwbare levering en de grootste selectie aan onderzoekschemicali\u00ebn. Op deze manier kunnen we veel onderzoekers over het hele continent ondersteunen.<\/p>\n<p>Vind onconventionele en weinig onderzochte onderzoeksmaterialen die het potentieel hebben om een significante impact te hebben op studies in fysica, chemie, biologie of farmacologie. We zijn voortdurend op zoek naar manieren om ons aanbod te verbeteren en voegen waar mogelijk nieuwe onderzoekschemicali\u00ebn toe aan onze productlijst om ons doel te bereiken.<\/p>\n<p>Afhankelijk van hun onmiddellijke behoeften kunnen onze klanten bestellingen plaatsen in grotere of kleinere hoeveelheden. We zijn er trots op dat we de voorkeuren die onze klanten over de hele wereld onder onze aandacht hebben gebracht, goed doordenken en de onderzoekschemicali\u00ebn leveren waar onze klanten specifiek om vragen. Ons belangrijkste doel is om de toegang van de wetenschappelijke gemeenschap tot hoogwaardige en revolutionaire chemicali\u00ebn voor onderzoek te vergemakkelijken en tegelijkertijd kennis te bevorderen door middel van technologie.<\/p>\n<p>Houd er rekening mee dat de aankoop van nembutal het strikte gebruik van hun proefpersonen beperkt tot legitieme wetenschappelijke studies die worden uitgevoerd in een veilige en gereguleerde laboratoriumomgeving met inachtneming van de lokale wet- en regelgeving. Het testen van ons artikel op mensen is in alle gevallen ten strengste verboden.<\/p>\n<h3>Chemicali\u00ebnwinkel, First Research, Inc.<\/h3>\n<p>We leveren onderzoekschemicali\u00ebn aan medische instellingen, toxicologen, biochemici, apothekers, scheikundestudenten, farmaceutische onderzoekers en onderwijsinstellingen.<\/p>","protected":false},"excerpt":{"rendered":"<p>4F-PV8 \u00e0 l&rsquo;achat Achetez du nembutal car la qualit\u00e9 est importante ! Achetez du 4F-PV8 en ligne aupr\u00e8s des meilleures entreprises chimiques europ\u00e9ennes. Garanti d&rsquo;\u00eatre produit avec au moins 98 % de puret\u00e9. Nous fournissons le COA de chaque charge produite chimiquement au cours de nos recherches ! Mat\u00e9riaux dans le 4F-PV8 Contient un minimum [&hellip;]<\/p>","protected":false},"featured_media":2834,"comment_status":"open","ping_status":"closed","template":"","meta":{"_joinchat":[]},"product_brand":[],"product_cat":[385],"product_tag":[],"class_list":{"0":"post-2820","1":"product","2":"type-product","3":"status-publish","4":"has-post-thumbnail","6":"product_cat-forschung-schemikalien","8":"first","9":"instock","10":"shipping-taxable","11":"purchasable","12":"product-type-variable"},"yoast_head":"<!-- This site is optimized with the Yoast SEO plugin v23.5 - https:\/\/yoast.com\/wordpress\/plugins\/seo\/ -->\n<title>Achetez 4F-PV8 en ligne - 4F-PV8 \u00e0 vendre - Commandez 4F-PV8<\/title>\n<meta name=\"description\" content=\"Vous pouvez acheter du 4F-PV8 en ligne aux meilleurs prix dans notre boutique de m\u00e9dicaments en ligne. Nous proposons du 4F-PV8 bon march\u00e9 et de haute qualit\u00e9 \u00e0 la vente et proposons une livraison dans le monde entier. Vous pouvez commander de n&#039;importe o\u00f9, \u00e0 tout moment.\" \/>\n<meta name=\"robots\" content=\"index, follow, max-snippet:-1, max-image-preview:large, max-video-preview:-1\" \/>\n<link rel=\"canonical\" href=\"https:\/\/nembutalboutique.com\/nl\/product\/4f-pv8-online-kopen\/\" \/>\n<meta property=\"og:locale\" content=\"nl_BE\" \/>\n<meta property=\"og:type\" content=\"article\" \/>\n<meta property=\"og:title\" content=\"Achetez 4F-PV8 en ligne - 4F-PV8 \u00e0 vendre - Commandez 4F-PV8\" \/>\n<meta property=\"og:description\" content=\"Vous pouvez acheter du 4F-PV8 en ligne aux meilleurs prix dans notre boutique de m\u00e9dicaments en ligne. Nous proposons du 4F-PV8 bon march\u00e9 et de haute qualit\u00e9 \u00e0 la vente et proposons une livraison dans le monde entier. Vous pouvez commander de n&#039;importe o\u00f9, \u00e0 tout moment.\" \/>\n<meta property=\"og:url\" content=\"https:\/\/nembutalboutique.com\/nl\/product\/4f-pv8-online-kopen\/\" \/>\n<meta property=\"og:site_name\" content=\"Nembutal Boutique\" \/>\n<meta property=\"article:modified_time\" content=\"2024-09-20T07:50:15+00:00\" \/>\n<meta property=\"og:image\" content=\"https:\/\/nembutalboutique.com\/wp-content\/uploads\/2024\/09\/4FPV8.gif\" \/>\n\t<meta property=\"og:image:width\" content=\"600\" \/>\n\t<meta property=\"og:image:height\" content=\"600\" \/>\n\t<meta property=\"og:image:type\" content=\"image\/gif\" \/>\n<meta name=\"twitter:card\" content=\"summary_large_image\" \/>\n<meta name=\"twitter:label1\" content=\"Geschatte leestijd\" \/>\n\t<meta name=\"twitter:data1\" content=\"4 minuten\" \/>\n<script type=\"application\/ld+json\" class=\"yoast-schema-graph\">{\"@context\":\"https:\/\/schema.org\",\"@graph\":[{\"@type\":\"WebPage\",\"@id\":\"https:\/\/nembutalboutique.com\/produit\/4f-pv8\/\",\"url\":\"https:\/\/nembutalboutique.com\/produit\/4f-pv8\/\",\"name\":\"Achetez 4F-PV8 en ligne - 4F-PV8 \u00e0 vendre - Commandez 4F-PV8\",\"isPartOf\":{\"@id\":\"https:\/\/nembutalboutique.com\/#website\"},\"primaryImageOfPage\":{\"@id\":\"https:\/\/nembutalboutique.com\/produit\/4f-pv8\/#primaryimage\"},\"image\":{\"@id\":\"https:\/\/nembutalboutique.com\/produit\/4f-pv8\/#primaryimage\"},\"thumbnailUrl\":\"https:\/\/nembutalboutique.com\/wp-content\/uploads\/2024\/09\/4FPV8.gif\",\"datePublished\":\"2024-09-16T08:12:44+00:00\",\"dateModified\":\"2024-09-20T07:50:15+00:00\",\"description\":\"Vous pouvez acheter du 4F-PV8 en ligne aux meilleurs prix dans notre boutique de m\u00e9dicaments en ligne. Nous proposons du 4F-PV8 bon march\u00e9 et de haute qualit\u00e9 \u00e0 la vente et proposons une livraison dans le monde entier. Vous pouvez commander de n'importe o\u00f9, \u00e0 tout moment.\",\"breadcrumb\":{\"@id\":\"https:\/\/nembutalboutique.com\/produit\/4f-pv8\/#breadcrumb\"},\"inLanguage\":\"nl-BE\",\"potentialAction\":[{\"@type\":\"ReadAction\",\"target\":[\"https:\/\/nembutalboutique.com\/produit\/4f-pv8\/\"]}]},{\"@type\":\"ImageObject\",\"inLanguage\":\"nl-BE\",\"@id\":\"https:\/\/nembutalboutique.com\/produit\/4f-pv8\/#primaryimage\",\"url\":\"https:\/\/nembutalboutique.com\/wp-content\/uploads\/2024\/09\/4FPV8.gif\",\"contentUrl\":\"https:\/\/nembutalboutique.com\/wp-content\/uploads\/2024\/09\/4FPV8.gif\",\"width\":600,\"height\":600,\"caption\":\"Acheter 4F-PV8\"},{\"@type\":\"BreadcrumbList\",\"@id\":\"https:\/\/nembutalboutique.com\/produit\/4f-pv8\/#breadcrumb\",\"itemListElement\":[{\"@type\":\"ListItem\",\"position\":1,\"name\":\"Home\",\"item\":\"https:\/\/nembutalboutique.com\/\"},{\"@type\":\"ListItem\",\"position\":2,\"name\":\"Boutique\",\"item\":\"https:\/\/nembutalboutique.com\/shop\/\"},{\"@type\":\"ListItem\",\"position\":3,\"name\":\"4F-PV8\"}]},{\"@type\":\"WebSite\",\"@id\":\"https:\/\/nembutalboutique.com\/#website\",\"url\":\"https:\/\/nembutalboutique.com\/\",\"name\":\"Nembutal Boutique\",\"description\":\"My WordPress Blog\",\"publisher\":{\"@id\":\"https:\/\/nembutalboutique.com\/#organization\"},\"potentialAction\":[{\"@type\":\"SearchAction\",\"target\":{\"@type\":\"EntryPoint\",\"urlTemplate\":\"https:\/\/nembutalboutique.com\/?s={search_term_string}\"},\"query-input\":{\"@type\":\"PropertyValueSpecification\",\"valueRequired\":true,\"valueName\":\"search_term_string\"}}],\"inLanguage\":\"nl-BE\"},{\"@type\":\"Organization\",\"@id\":\"https:\/\/nembutalboutique.com\/#organization\",\"name\":\"Nembutal Boutique\",\"url\":\"https:\/\/nembutalboutique.com\/\",\"logo\":{\"@type\":\"ImageObject\",\"inLanguage\":\"nl-BE\",\"@id\":\"https:\/\/nembutalboutique.com\/#\/schema\/logo\/image\/\",\"url\":\"https:\/\/nembutalboutique.com\/wp-content\/uploads\/2024\/01\/logo.png\",\"contentUrl\":\"https:\/\/nembutalboutique.com\/wp-content\/uploads\/2024\/01\/logo.png\",\"width\":494,\"height\":121,\"caption\":\"Nembutal Boutique\"},\"image\":{\"@id\":\"https:\/\/nembutalboutique.com\/#\/schema\/logo\/image\/\"}}]}<\/script>\n<!-- \/ Yoast SEO plugin. -->","yoast_head_json":{"title":"Online 4F-PV8 kopen - 4F-PV8 kopen - 4F-PV8 bestellen","description":"U kunt 4F-PV8 online kopen tegen de beste prijzen in onze online medicijn winkel. Wij bieden goedkope en hoge kwaliteit 4F-PV8 te koop en levering wereldwijd. Je kunt overal en altijd bestellen.","robots":{"index":"index","follow":"follow","max-snippet":"max-snippet:-1","max-image-preview":"max-image-preview:large","max-video-preview":"max-video-preview:-1"},"canonical":"https:\/\/nembutalboutique.com\/nl\/product\/4f-pv8-online-kopen\/","og_locale":"nl_BE","og_type":"article","og_title":"Achetez 4F-PV8 en ligne - 4F-PV8 \u00e0 vendre - Commandez 4F-PV8","og_description":"Vous pouvez acheter du 4F-PV8 en ligne aux meilleurs prix dans notre boutique de m\u00e9dicaments en ligne. Nous proposons du 4F-PV8 bon march\u00e9 et de haute qualit\u00e9 \u00e0 la vente et proposons une livraison dans le monde entier. Vous pouvez commander de n'importe o\u00f9, \u00e0 tout moment.","og_url":"https:\/\/nembutalboutique.com\/nl\/product\/4f-pv8-online-kopen\/","og_site_name":"Nembutal Boutique","article_modified_time":"2024-09-20T07:50:15+00:00","og_image":[{"width":600,"height":600,"url":"https:\/\/nembutalboutique.com\/wp-content\/uploads\/2024\/09\/4FPV8.gif","type":"image\/gif"}],"twitter_card":"summary_large_image","twitter_misc":{"Geschatte leestijd":"4 minuten"},"schema":{"@context":"https:\/\/schema.org","@graph":[{"@type":"WebPage","@id":"https:\/\/nembutalboutique.com\/produit\/4f-pv8\/","url":"https:\/\/nembutalboutique.com\/produit\/4f-pv8\/","name":"Online 4F-PV8 kopen - 4F-PV8 kopen - 4F-PV8 bestellen","isPartOf":{"@id":"https:\/\/nembutalboutique.com\/#website"},"primaryImageOfPage":{"@id":"https:\/\/nembutalboutique.com\/produit\/4f-pv8\/#primaryimage"},"image":{"@id":"https:\/\/nembutalboutique.com\/produit\/4f-pv8\/#primaryimage"},"thumbnailUrl":"https:\/\/nembutalboutique.com\/wp-content\/uploads\/2024\/09\/4FPV8.gif","datePublished":"2024-09-16T08:12:44+00:00","dateModified":"2024-09-20T07:50:15+00:00","description":"U kunt 4F-PV8 online kopen tegen de beste prijzen in onze online medicijn winkel. Wij bieden goedkope en hoge kwaliteit 4F-PV8 te koop en levering wereldwijd. Je kunt overal en altijd bestellen.","breadcrumb":{"@id":"https:\/\/nembutalboutique.com\/produit\/4f-pv8\/#breadcrumb"},"inLanguage":"nl-BE","potentialAction":[{"@type":"ReadAction","target":["https:\/\/nembutalboutique.com\/produit\/4f-pv8\/"]}]},{"@type":"ImageObject","inLanguage":"nl-BE","@id":"https:\/\/nembutalboutique.com\/produit\/4f-pv8\/#primaryimage","url":"https:\/\/nembutalboutique.com\/wp-content\/uploads\/2024\/09\/4FPV8.gif","contentUrl":"https:\/\/nembutalboutique.com\/wp-content\/uploads\/2024\/09\/4FPV8.gif","width":600,"height":600,"caption":"Acheter 4F-PV8"},{"@type":"BreadcrumbList","@id":"https:\/\/nembutalboutique.com\/produit\/4f-pv8\/#breadcrumb","itemListElement":[{"@type":"ListItem","position":1,"name":"Home","item":"https:\/\/nembutalboutique.com\/"},{"@type":"ListItem","position":2,"name":"Boutique","item":"https:\/\/nembutalboutique.com\/shop\/"},{"@type":"ListItem","position":3,"name":"4F-PV8"}]},{"@type":"WebSite","@id":"https:\/\/nembutalboutique.com\/#website","url":"https:\/\/nembutalboutique.com\/","name":"Nembutal winkel","description":"Mijn WordPress Blog","publisher":{"@id":"https:\/\/nembutalboutique.com\/#organization"},"potentialAction":[{"@type":"SearchAction","target":{"@type":"EntryPoint","urlTemplate":"https:\/\/nembutalboutique.com\/?s={search_term_string}"},"query-input":{"@type":"PropertyValueSpecification","valueRequired":true,"valueName":"search_term_string"}}],"inLanguage":"nl-BE"},{"@type":"Organization","@id":"https:\/\/nembutalboutique.com\/#organization","name":"Nembutal winkel","url":"https:\/\/nembutalboutique.com\/","logo":{"@type":"ImageObject","inLanguage":"nl-BE","@id":"https:\/\/nembutalboutique.com\/#\/schema\/logo\/image\/","url":"https:\/\/nembutalboutique.com\/wp-content\/uploads\/2024\/01\/logo.png","contentUrl":"https:\/\/nembutalboutique.com\/wp-content\/uploads\/2024\/01\/logo.png","width":494,"height":121,"caption":"Nembutal Boutique"},"image":{"@id":"https:\/\/nembutalboutique.com\/#\/schema\/logo\/image\/"}}]}},"_links":{"self":[{"href":"https:\/\/nembutalboutique.com\/nl\/wp-json\/wp\/v2\/product\/2820"}],"collection":[{"href":"https:\/\/nembutalboutique.com\/nl\/wp-json\/wp\/v2\/product"}],"about":[{"href":"https:\/\/nembutalboutique.com\/nl\/wp-json\/wp\/v2\/types\/product"}],"replies":[{"embeddable":true,"href":"https:\/\/nembutalboutique.com\/nl\/wp-json\/wp\/v2\/comments?post=2820"}],"wp:featuredmedia":[{"embeddable":true,"href":"https:\/\/nembutalboutique.com\/nl\/wp-json\/wp\/v2\/media\/2834"}],"wp:attachment":[{"href":"https:\/\/nembutalboutique.com\/nl\/wp-json\/wp\/v2\/media?parent=2820"}],"wp:term":[{"taxonomy":"product_brand","embeddable":true,"href":"https:\/\/nembutalboutique.com\/nl\/wp-json\/wp\/v2\/product_brand?post=2820"},{"taxonomy":"product_cat","embeddable":true,"href":"https:\/\/nembutalboutique.com\/nl\/wp-json\/wp\/v2\/product_cat?post=2820"},{"taxonomy":"product_tag","embeddable":true,"href":"https:\/\/nembutalboutique.com\/nl\/wp-json\/wp\/v2\/product_tag?post=2820"}],"curies":[{"name":"wp","href":"https:\/\/api.w.org\/{rel}","templated":true}]}}