{"id":2764,"date":"2024-09-16T08:12:18","date_gmt":"2024-09-16T08:12:18","guid":{"rendered":"https:\/\/nembutalboutique.com\/?post_type=product&#038;p=2764"},"modified":"2024-09-20T07:35:00","modified_gmt":"2024-09-20T07:35:00","slug":"4-emc","status":"publish","type":"product","link":"https:\/\/nembutalboutique.com\/nl\/product\/4-emc-online-kopen\/","title":{"rendered":"4-EMC"},"content":{"rendered":"<h2>Acheter 4-EMC-Kristall (4-Ethylmethcathinon) en ligne.<\/h2>\n<p><a href=\"https:\/\/nembutalboutique.com\/produit\/4-emc\/\">Le 4-EMC<\/a> est un outil de recherche et un m\u00e9dicament stimulant de la classe des ph\u00e9nylalanines substitu\u00e9es. Les m\u00e9dicaments alternatifs de la classe des cat\u00e9chinones sont d\u00e9riv\u00e9s de m\u00e9dicaments de la classe des cat\u00e9chinones aux propri\u00e9t\u00e9s entactog\u00e8nes et stimulantes. Le 4-EMC est utilis\u00e9 dans divers domaines de la science et de la m\u00e9decine. Les gens l&rsquo;utilisent pendant leur temps libre, m\u00eame s&rsquo;il est ill\u00e9gal dans la majorit\u00e9 des pays du monde. L&rsquo;effet le plus courant du 4-EMC est une augmentation de l&rsquo;\u00e9nergie physique du corps, tandis qu&rsquo;il peut \u00e9galement avoir des effets allant du physique au cognitif. Le 4-EMC est vendu sur le march\u00e9 sous diff\u00e9rentes marques, mais les clients peuvent \u00e9galement l&rsquo;obtenir aupr\u00e8s de d\u00e9taillants en ligne.<\/p>\n<h3>Quel est le m\u00e9dicament connu sous le nom de 4-EMC ?<\/h3>\n<p>Le <a href=\"https:\/\/en.wikipedia.org\/wiki\/4-Ethylmethcathinone\">4-EMC<\/a> est un m\u00e9dicament synth\u00e9tique qui fait partie de la famille des stimulants et des entactog\u00e8nes. Le 4-EMC est un m\u00e9dicament synth\u00e9tique qui fait partie de la famille des stimulants et des entactog\u00e8nes. Le 4-MEC est pr\u00e9sent\u00e9 comme son isom\u00e8re. Les utilisateurs peuvent le consommer pour profiter de ses bienfaits ; il est disponible sous forme de poudre et de cristaux. Le 4-EMC a pour formule chimique 1-(4-\u00e9thylph\u00e9nyl)-2-(m\u00e9thylamino)propan-1-one et pour forme d&rsquo;addition C12H17NO. Le poids mol\u00e9culaire du 4-EMC est de 191,27 g\/mol. Le m\u00e9dicament est pr\u00e9par\u00e9 en laboratoire selon des proc\u00e9dures approuv\u00e9es et est souvent stock\u00e9 dans un environnement froid. Pour le 4-EMC, la temp\u00e9rature de stockage typique est de 20 \u00e0 25 degr\u00e9s Celsius.<\/p>\n<p>En g\u00e9n\u00e9ral, la technique de synth\u00e8se d\u00e9termine le Reinheit du 4-EMC ; cependant, dans la plupart des environnements o\u00f9 les crit\u00e8res de contr\u00f4le de la qualit\u00e9 sont respect\u00e9s, le pourcentage de Reinheit se situe g\u00e9n\u00e9ralement entre 98 % et 99 %. Diverses formes, variations et analogues du 4-EMC.<\/p>\n<p>Le 4-EMC est disponible sous forme de poudre cristalline et de cristaux. L&rsquo;impact a \u00e9t\u00e9 atteint. Bien que le 4-EMC soit consid\u00e9r\u00e9 comme un isom\u00e8re du 4-MEC, sa structure mol\u00e9culaire est similaire \u00e0 celle des autres m\u00e9dicaments de sa cat\u00e9gorie. De plus, le 4-EMC est consid\u00e9r\u00e9 comme un membre de la classe des d\u00e9riv\u00e9s de la cathinone, \u00e9galement connue sous le nom de classe de remplacement de la cathinone.<\/p>\n<p>Straatnamen en chemische namen<\/p>\n<p>Le 4-EMC, ou 4-\u00e9thylm\u00e9thcathinone, est vendu sur le march\u00e9 sous plusieurs noms de marque, dont PGCO8. En raison de ses qualit\u00e9s stimulantes, le m\u00e9dicament est devenu bien connu des consommateurs et une drogue r\u00e9cr\u00e9ative populaire. Des rumeurs telles que \u00ab Ecstasy \u00bb existent en raison de la consommation de drogue, bien que les noms varient d&rsquo;un endroit \u00e0 l&rsquo;autre.<\/p>\n<h3>Waar kan ik 4-EMC kopen?<\/h3>\n<p>Le 4-EMC est un outil de recherche utilis\u00e9 en m\u00e9decine l\u00e9gale, en spectrom\u00e9trie de masse et dans d&rsquo;autres sciences analytiques. Il est fr\u00e9quemment utilis\u00e9 par les m\u00e9decins pour traiter leurs patients. Comme il s&rsquo;agit d&rsquo;un stimulant, les m\u00e9decins peuvent le prescrire pour traiter la d\u00e9pression et les crises d&rsquo;anxi\u00e9t\u00e9. En raison de ses nombreuses applications, le 4-EMC est un m\u00e9dicament populaire aupr\u00e8s d&rsquo;un large \u00e9ventail d&rsquo;utilisateurs, notamment les patients, les pharmaciens, les chercheurs et les particuliers. Le m\u00e9dicament est g\u00e9n\u00e9ralement disponible en personne ou via des d\u00e9taillants en ligne, de sorte que les magasins physiques de la r\u00e9gion sont parmi les meilleurs endroits pour l&rsquo;obtenir. Les clients ont plus de flexibilit\u00e9 lors de leurs achats chez les d\u00e9taillants en ligne, car le processus d&rsquo;achat en ligne n&rsquo;a pas les m\u00eames restrictions que le processus d&rsquo;achat en magasin. Nous pouvons utiliser le m\u00e9dicament dans notre vie quotidienne en raison de ses nombreuses applications.<\/p>\n<p>Boutique en ligne an. Les chercheurs et les m\u00e9decins g\u00e9n\u00e9ralistes se connectent \u00e0 notre cercle de clients internationaux et notre boutique en ligne est un v\u00e9ritable fournisseur pour ces produits. Voici les principales raisons pour lesquelles nos clients nous soutiennent en permanence en ce qui concerne la livraison sans erreur de nos produits\u00a0:<\/p>\n<p>De producten die ons bedrijf aanbiedt, worden vervaardigd volgens strikte kwaliteitscontroleprocedures. We volgen een kwaliteitsgeori\u00ebnteerde bedrijfsstrategie en gebruiken standaard werkprocedures en richtlijnen die zijn ontwikkeld door internationale agenten.<\/p>\n<p>De plus, nous pensons que m\u00eame si nous fournissons des produits de haute qualit\u00e9, nous devons maintenir nos prix aussi bas que possible. Machbar. Les prix que vous pouvez obtenir dans notre boutique en ligne sont vraiment raisonnables par rapport \u00e0 nos concurrents dans ce secteur. Comme nous pensons qu&rsquo;avoir un client est essentiel pour g\u00e9n\u00e9rer une vente, nous offrons \u00e9galement \u00e0 nos clients des remises et des coupons exclusifs.<\/p>\n<p>La flexibilit\u00e9 d&rsquo;exp\u00e9dier des marchandises partout dans le monde est ce qui distingue notre boutique en ligne. Peu d&rsquo;entreprises au monde peuvent honn\u00eatement dire cela. Afin de prot\u00e9ger la confidentialit\u00e9 et la s\u00e9curit\u00e9 de nos clients, nous gardons \u00e9galement leurs informations d&rsquo;exp\u00e9dition priv\u00e9es.<\/p>\n<p>Notre boutique en ligne propose des transactions s\u00e9curis\u00e9es \u00e0 tous ses clients.<\/p>","protected":false},"excerpt":{"rendered":"<h1><span style=\"vertical-align: inherit;\"><span style=\"vertical-align: inherit;\">4-EMC (4-Ethylmethcathinon)<\/span><\/span><\/h1>\n<p><span style=\"vertical-align: inherit;\"><span style=\"vertical-align: inherit;\">4-Ethylmethcathinone (4-EMC) is a recreational synthetic drug of the stimulant and entactogen class. It is a structural isomer of 4-MEC and 3,4-DMMC. It has been identified in many countries around the world, first in Europe and then in Australia in 2020.<\/span><\/span><\/p>","protected":false},"featured_media":2767,"comment_status":"open","ping_status":"closed","template":"","meta":{"_joinchat":[]},"product_brand":[],"product_cat":[387],"product_tag":[],"class_list":{"0":"post-2764","1":"product","2":"type-product","3":"status-publish","4":"has-post-thumbnail","6":"product_cat-cathinone","8":"first","9":"instock","10":"shipping-taxable","11":"purchasable","12":"product-type-variable"},"yoast_head":"<!-- This site is optimized with the Yoast SEO plugin v23.5 - https:\/\/yoast.com\/wordpress\/plugins\/seo\/ -->\n<title>Achetez 4-EMC en ligne - 4-EMC \u00e0 vendre - Commandez 4-EMC<\/title>\n<meta name=\"description\" content=\"Si vous souhaitez acheter du 4-EMC en ligne, notre boutique NembutalBoutique peut vous aider. Nous avons du 4-EMC \u00e0 vendre aux meilleurs prix ici. Passez votre commande maintenant !\" \/>\n<meta name=\"robots\" content=\"index, follow, max-snippet:-1, max-image-preview:large, max-video-preview:-1\" \/>\n<link rel=\"canonical\" href=\"https:\/\/nembutalboutique.com\/nl\/product\/4-emc-online-kopen\/\" \/>\n<meta property=\"og:locale\" content=\"nl_BE\" \/>\n<meta property=\"og:type\" content=\"article\" \/>\n<meta property=\"og:title\" content=\"Achetez 4-EMC en ligne - 4-EMC \u00e0 vendre - Commandez 4-EMC\" \/>\n<meta property=\"og:description\" content=\"Si vous souhaitez acheter du 4-EMC en ligne, notre boutique NembutalBoutique peut vous aider. Nous avons du 4-EMC \u00e0 vendre aux meilleurs prix ici. Passez votre commande maintenant !\" \/>\n<meta property=\"og:url\" content=\"https:\/\/nembutalboutique.com\/nl\/product\/4-emc-online-kopen\/\" \/>\n<meta property=\"og:site_name\" content=\"Nembutal Boutique\" \/>\n<meta property=\"article:modified_time\" content=\"2024-09-20T07:35:00+00:00\" \/>\n<meta property=\"og:image\" content=\"https:\/\/nembutalboutique.com\/wp-content\/uploads\/2024\/09\/4-EMC.gif\" \/>\n\t<meta property=\"og:image:width\" content=\"600\" \/>\n\t<meta property=\"og:image:height\" content=\"600\" \/>\n\t<meta property=\"og:image:type\" content=\"image\/gif\" \/>\n<meta name=\"twitter:card\" content=\"summary_large_image\" \/>\n<meta name=\"twitter:label1\" content=\"Geschatte leestijd\" \/>\n\t<meta name=\"twitter:data1\" content=\"4 minuten\" \/>\n<script type=\"application\/ld+json\" class=\"yoast-schema-graph\">{\"@context\":\"https:\/\/schema.org\",\"@graph\":[{\"@type\":\"WebPage\",\"@id\":\"https:\/\/nembutalboutique.com\/produit\/4-emc\/\",\"url\":\"https:\/\/nembutalboutique.com\/produit\/4-emc\/\",\"name\":\"Achetez 4-EMC en ligne - 4-EMC \u00e0 vendre - Commandez 4-EMC\",\"isPartOf\":{\"@id\":\"https:\/\/nembutalboutique.com\/#website\"},\"primaryImageOfPage\":{\"@id\":\"https:\/\/nembutalboutique.com\/produit\/4-emc\/#primaryimage\"},\"image\":{\"@id\":\"https:\/\/nembutalboutique.com\/produit\/4-emc\/#primaryimage\"},\"thumbnailUrl\":\"https:\/\/nembutalboutique.com\/wp-content\/uploads\/2024\/09\/4-EMC.gif\",\"datePublished\":\"2024-09-16T08:12:18+00:00\",\"dateModified\":\"2024-09-20T07:35:00+00:00\",\"description\":\"Si vous souhaitez acheter du 4-EMC en ligne, notre boutique NembutalBoutique peut vous aider. Nous avons du 4-EMC \u00e0 vendre aux meilleurs prix ici. Passez votre commande maintenant !\",\"breadcrumb\":{\"@id\":\"https:\/\/nembutalboutique.com\/produit\/4-emc\/#breadcrumb\"},\"inLanguage\":\"nl-BE\",\"potentialAction\":[{\"@type\":\"ReadAction\",\"target\":[\"https:\/\/nembutalboutique.com\/produit\/4-emc\/\"]}]},{\"@type\":\"ImageObject\",\"inLanguage\":\"nl-BE\",\"@id\":\"https:\/\/nembutalboutique.com\/produit\/4-emc\/#primaryimage\",\"url\":\"https:\/\/nembutalboutique.com\/wp-content\/uploads\/2024\/09\/4-EMC.gif\",\"contentUrl\":\"https:\/\/nembutalboutique.com\/wp-content\/uploads\/2024\/09\/4-EMC.gif\",\"width\":600,\"height\":600,\"caption\":\"4-EMC\"},{\"@type\":\"BreadcrumbList\",\"@id\":\"https:\/\/nembutalboutique.com\/produit\/4-emc\/#breadcrumb\",\"itemListElement\":[{\"@type\":\"ListItem\",\"position\":1,\"name\":\"Home\",\"item\":\"https:\/\/nembutalboutique.com\/\"},{\"@type\":\"ListItem\",\"position\":2,\"name\":\"Boutique\",\"item\":\"https:\/\/nembutalboutique.com\/shop\/\"},{\"@type\":\"ListItem\",\"position\":3,\"name\":\"4-EMC\"}]},{\"@type\":\"WebSite\",\"@id\":\"https:\/\/nembutalboutique.com\/#website\",\"url\":\"https:\/\/nembutalboutique.com\/\",\"name\":\"Nembutal Boutique\",\"description\":\"My WordPress Blog\",\"publisher\":{\"@id\":\"https:\/\/nembutalboutique.com\/#organization\"},\"potentialAction\":[{\"@type\":\"SearchAction\",\"target\":{\"@type\":\"EntryPoint\",\"urlTemplate\":\"https:\/\/nembutalboutique.com\/?s={search_term_string}\"},\"query-input\":{\"@type\":\"PropertyValueSpecification\",\"valueRequired\":true,\"valueName\":\"search_term_string\"}}],\"inLanguage\":\"nl-BE\"},{\"@type\":\"Organization\",\"@id\":\"https:\/\/nembutalboutique.com\/#organization\",\"name\":\"Nembutal Boutique\",\"url\":\"https:\/\/nembutalboutique.com\/\",\"logo\":{\"@type\":\"ImageObject\",\"inLanguage\":\"nl-BE\",\"@id\":\"https:\/\/nembutalboutique.com\/#\/schema\/logo\/image\/\",\"url\":\"https:\/\/nembutalboutique.com\/wp-content\/uploads\/2024\/01\/logo.png\",\"contentUrl\":\"https:\/\/nembutalboutique.com\/wp-content\/uploads\/2024\/01\/logo.png\",\"width\":494,\"height\":121,\"caption\":\"Nembutal Boutique\"},\"image\":{\"@id\":\"https:\/\/nembutalboutique.com\/#\/schema\/logo\/image\/\"}}]}<\/script>\n<!-- \/ Yoast SEO plugin. -->","yoast_head_json":{"title":"Achetez 4-EMC en ligne - 4-EMC \u00e0 vendre - Commandez 4-EMC","description":"Si vous souhaitez acheter du 4-EMC en ligne, notre boutique NembutalBoutique peut vous aider. Nous avons du 4-EMC \u00e0 vendre aux meilleurs prix ici. Passez votre commande maintenant !","robots":{"index":"index","follow":"follow","max-snippet":"max-snippet:-1","max-image-preview":"max-image-preview:large","max-video-preview":"max-video-preview:-1"},"canonical":"https:\/\/nembutalboutique.com\/nl\/product\/4-emc-online-kopen\/","og_locale":"nl_BE","og_type":"article","og_title":"Achetez 4-EMC en ligne - 4-EMC \u00e0 vendre - Commandez 4-EMC","og_description":"Si vous souhaitez acheter du 4-EMC en ligne, notre boutique NembutalBoutique peut vous aider. Nous avons du 4-EMC \u00e0 vendre aux meilleurs prix ici. Passez votre commande maintenant !","og_url":"https:\/\/nembutalboutique.com\/nl\/product\/4-emc-online-kopen\/","og_site_name":"Nembutal Boutique","article_modified_time":"2024-09-20T07:35:00+00:00","og_image":[{"width":600,"height":600,"url":"https:\/\/nembutalboutique.com\/wp-content\/uploads\/2024\/09\/4-EMC.gif","type":"image\/gif"}],"twitter_card":"summary_large_image","twitter_misc":{"Geschatte leestijd":"4 minuten"},"schema":{"@context":"https:\/\/schema.org","@graph":[{"@type":"WebPage","@id":"https:\/\/nembutalboutique.com\/produit\/4-emc\/","url":"https:\/\/nembutalboutique.com\/produit\/4-emc\/","name":"Achetez 4-EMC en ligne - 4-EMC \u00e0 vendre - Commandez 4-EMC","isPartOf":{"@id":"https:\/\/nembutalboutique.com\/#website"},"primaryImageOfPage":{"@id":"https:\/\/nembutalboutique.com\/produit\/4-emc\/#primaryimage"},"image":{"@id":"https:\/\/nembutalboutique.com\/produit\/4-emc\/#primaryimage"},"thumbnailUrl":"https:\/\/nembutalboutique.com\/wp-content\/uploads\/2024\/09\/4-EMC.gif","datePublished":"2024-09-16T08:12:18+00:00","dateModified":"2024-09-20T07:35:00+00:00","description":"Si vous souhaitez acheter du 4-EMC en ligne, notre boutique NembutalBoutique peut vous aider. Nous avons du 4-EMC \u00e0 vendre aux meilleurs prix ici. Passez votre commande maintenant !","breadcrumb":{"@id":"https:\/\/nembutalboutique.com\/produit\/4-emc\/#breadcrumb"},"inLanguage":"nl-BE","potentialAction":[{"@type":"ReadAction","target":["https:\/\/nembutalboutique.com\/produit\/4-emc\/"]}]},{"@type":"ImageObject","inLanguage":"nl-BE","@id":"https:\/\/nembutalboutique.com\/produit\/4-emc\/#primaryimage","url":"https:\/\/nembutalboutique.com\/wp-content\/uploads\/2024\/09\/4-EMC.gif","contentUrl":"https:\/\/nembutalboutique.com\/wp-content\/uploads\/2024\/09\/4-EMC.gif","width":600,"height":600,"caption":"4-EMC"},{"@type":"BreadcrumbList","@id":"https:\/\/nembutalboutique.com\/produit\/4-emc\/#breadcrumb","itemListElement":[{"@type":"ListItem","position":1,"name":"Home","item":"https:\/\/nembutalboutique.com\/"},{"@type":"ListItem","position":2,"name":"Boutique","item":"https:\/\/nembutalboutique.com\/shop\/"},{"@type":"ListItem","position":3,"name":"4-EMC"}]},{"@type":"WebSite","@id":"https:\/\/nembutalboutique.com\/#website","url":"https:\/\/nembutalboutique.com\/","name":"Nembutal winkel","description":"Mijn WordPress Blog","publisher":{"@id":"https:\/\/nembutalboutique.com\/#organization"},"potentialAction":[{"@type":"SearchAction","target":{"@type":"EntryPoint","urlTemplate":"https:\/\/nembutalboutique.com\/?s={search_term_string}"},"query-input":{"@type":"PropertyValueSpecification","valueRequired":true,"valueName":"search_term_string"}}],"inLanguage":"nl-BE"},{"@type":"Organization","@id":"https:\/\/nembutalboutique.com\/#organization","name":"Nembutal winkel","url":"https:\/\/nembutalboutique.com\/","logo":{"@type":"ImageObject","inLanguage":"nl-BE","@id":"https:\/\/nembutalboutique.com\/#\/schema\/logo\/image\/","url":"https:\/\/nembutalboutique.com\/wp-content\/uploads\/2024\/01\/logo.png","contentUrl":"https:\/\/nembutalboutique.com\/wp-content\/uploads\/2024\/01\/logo.png","width":494,"height":121,"caption":"Nembutal Boutique"},"image":{"@id":"https:\/\/nembutalboutique.com\/#\/schema\/logo\/image\/"}}]}},"_links":{"self":[{"href":"https:\/\/nembutalboutique.com\/nl\/wp-json\/wp\/v2\/product\/2764"}],"collection":[{"href":"https:\/\/nembutalboutique.com\/nl\/wp-json\/wp\/v2\/product"}],"about":[{"href":"https:\/\/nembutalboutique.com\/nl\/wp-json\/wp\/v2\/types\/product"}],"replies":[{"embeddable":true,"href":"https:\/\/nembutalboutique.com\/nl\/wp-json\/wp\/v2\/comments?post=2764"}],"wp:featuredmedia":[{"embeddable":true,"href":"https:\/\/nembutalboutique.com\/nl\/wp-json\/wp\/v2\/media\/2767"}],"wp:attachment":[{"href":"https:\/\/nembutalboutique.com\/nl\/wp-json\/wp\/v2\/media?parent=2764"}],"wp:term":[{"taxonomy":"product_brand","embeddable":true,"href":"https:\/\/nembutalboutique.com\/nl\/wp-json\/wp\/v2\/product_brand?post=2764"},{"taxonomy":"product_cat","embeddable":true,"href":"https:\/\/nembutalboutique.com\/nl\/wp-json\/wp\/v2\/product_cat?post=2764"},{"taxonomy":"product_tag","embeddable":true,"href":"https:\/\/nembutalboutique.com\/nl\/wp-json\/wp\/v2\/product_tag?post=2764"}],"curies":[{"name":"wp","href":"https:\/\/api.w.org\/{rel}","templated":true}]}}