{"id":2690,"date":"2024-09-16T08:11:44","date_gmt":"2024-09-16T08:11:44","guid":{"rendered":"https:\/\/nembutalboutique.com\/?post_type=product&#038;p=2690"},"modified":"2024-09-20T11:15:05","modified_gmt":"2024-09-20T11:15:05","slug":"thpvp","status":"publish","type":"product","link":"https:\/\/nembutalboutique.com\/nl\/product\/thpvp-online-kopen\/","title":{"rendered":"THPVP"},"content":{"rendered":"<h2>TH-PVP KOPEN: WAT IS HET?<\/h2>\n<p>THPVP kopen <a href=\"https:\/\/nembutalboutique.com\/produit\/thpvp\/\">TH-PVP<\/a> is de laatste jaren beroemd geworden als een synthetische drug. Deze chemische verbinding is een natuurlijk bijproduct van de khatplant en wordt gemaakt van chinon. Duitsland, Spanje, Belgi\u00eb, Polen, Turkije en Brazili\u00eb zijn slechts enkele van de landen waar TH-PVP is ontdekt. Dit artikel gaat in op de farmacologie, effecten, historische achtergrond en mogelijke risico's van TH-PVP.<\/p>\n<h3><strong>DE TH-PVP-VERSIE<\/strong><\/h3>\n<p>Het Duitse forensische laboratorium identificeerde TH-PVP voor het eerst in 2015. Het verspreidde zich snel naar andere landen en kreeg bekendheid als afschrikmiddel tegen de toename van seksueel geweld. TH-PVP wordt meestal geleverd als een wit of grijs poeder en verkocht als een chemische stof voor onderzoek of designerdrug. De stof wordt meestal oraal ingenomen, opgelost of ingeslikt.<\/p>\n<h3>Farmacologie van PVP (Th-PVP)<\/h3>\n<p>In-vitro-onderzoeken hebben aangetoond dat <a href=\"https:\/\/en.wikipedia.org\/wiki\/PVP\">TH-PVP<\/a> zorgt voor het herstel van monoamine neurotransmitters, waaronder serotonine. Daarnaast is er een toename in de afgifte van deze neurotransmitter, wat kan leiden tot veranderingen in gedrag en stemming. Ondanks deze resultaten is niet aangetoond dat TH-PVP een stimulerend effect heeft op dieren. Volgens sommige onderzoekers ligt het farmacologische profiel van TH-PVP dichter bij dat van kalmerende empathogenen zoals 5-methyl-MDA en MDAI.<\/p>\n<h3>TH-PVP AUSWIRKUNGEN UNGEN UND EFAHREN<\/h3>\n<p>De effecten van TH-PVP kunnen aanzienlijk vari\u00ebren, afhankelijk van de dosering, de toedieningsweg en individuele kenmerken. Gebruikers van TH-PVP hebben gemeld dat ze zich gelukkig, tevreden en zelfverzekerd voelden. Anderen rapporteerden gevoelens van woede, paranoia en feindseligkeit. Gevaarlijke bijwerkingen van TH-PVP zijn soms krampen, hallucinaties en zelfs de dood.<\/p>\n<p>Omdat TH-PVP vaak wordt verkocht als een synthetische drug, zijn de risico's bijzonder ernstig. Dit geeft aan dat de chemische stof misbruikt zal worden en vervangen zal worden door een veilig substituut voor illegale drugs. Maar omdat TH-PVP meestal in een ongereguleerde omgeving wordt gemaakt, kunnen de samenhang en flexibiliteit van de vulstoffen aanzienlijk verschillen. Dit kan onverwachte en gevaarlijke gevolgen hebben.<\/p>\n<p>In de afgelopen jaren is TH-PVP steeds populairder geworden als synthetische drug. Hoewel het wordt gepresenteerd als een veilige en legale vervanging voor illegale drugs, wordt de stof vaak geproduceerd in ongereguleerde laboratoria en kan het schadelijk zijn voor de gezondheid. De risico's van TH-PVP moeten worden begrepen en het gebruik ervan moet worden vermeden. Als jij of iemand die je kent lijdt aan drugsverslaving, raadpleeg dan een gekwalificeerde arts en koop THPVP.<\/p>","protected":false},"excerpt":{"rendered":"<p>ACHETER DU TH-PVP : QU&rsquo;EST-CE QUE C&rsquo;EST ? Acheter du THPVP ; Le TH-PVP est devenu c\u00e9l\u00e8bre en tant que drogue de synth\u00e8se ces derni\u00e8res ann\u00e9es. Ce compos\u00e9 chimique est un sous-produit naturel de la plante de khat et est fabriqu\u00e9 \u00e0 partir de chinon. L&rsquo;Allemagne, l&rsquo;Espagne, la Belgique, la Pologne, la Turquie et le [&hellip;]<\/p>","protected":false},"featured_media":2703,"comment_status":"open","ping_status":"closed","template":"","meta":{"_joinchat":[]},"product_brand":[],"product_cat":[387],"product_tag":[],"class_list":{"0":"post-2690","1":"product","2":"type-product","3":"status-publish","4":"has-post-thumbnail","6":"product_cat-cathinone","8":"first","9":"instock","10":"shipping-taxable","11":"purchasable","12":"product-type-variable"},"yoast_head":"<!-- This site is optimized with the Yoast SEO plugin v23.5 - https:\/\/yoast.com\/wordpress\/plugins\/seo\/ -->\n<title>Achetez THPVP en ligne - THPVP \u00e0 vendre<\/title>\n<meta name=\"description\" content=\"Si vous souhaitez acheter du THPVP en ligne, notre boutique Nembutal peut vous aider. Nous avons du THPVP en vente aux meilleurs prix ici. Passez votre commande maintenant !\" \/>\n<meta name=\"robots\" content=\"index, follow, max-snippet:-1, max-image-preview:large, max-video-preview:-1\" \/>\n<link rel=\"canonical\" href=\"https:\/\/nembutalboutique.com\/nl\/product\/thpvp-online-kopen\/\" \/>\n<meta property=\"og:locale\" content=\"nl_BE\" \/>\n<meta property=\"og:type\" content=\"article\" \/>\n<meta property=\"og:title\" content=\"Achetez THPVP en ligne - THPVP \u00e0 vendre\" \/>\n<meta property=\"og:description\" content=\"Si vous souhaitez acheter du THPVP en ligne, notre boutique Nembutal peut vous aider. Nous avons du THPVP en vente aux meilleurs prix ici. Passez votre commande maintenant !\" \/>\n<meta property=\"og:url\" content=\"https:\/\/nembutalboutique.com\/nl\/product\/thpvp-online-kopen\/\" \/>\n<meta property=\"og:site_name\" content=\"Nembutal Boutique\" \/>\n<meta property=\"article:modified_time\" content=\"2024-09-20T11:15:05+00:00\" \/>\n<meta property=\"og:image\" content=\"https:\/\/nembutalboutique.com\/wp-content\/uploads\/2024\/09\/Thpvp.gif\" \/>\n\t<meta property=\"og:image:width\" content=\"600\" \/>\n\t<meta property=\"og:image:height\" content=\"600\" \/>\n\t<meta property=\"og:image:type\" content=\"image\/gif\" \/>\n<meta name=\"twitter:card\" content=\"summary_large_image\" \/>\n<meta name=\"twitter:label1\" content=\"Geschatte leestijd\" \/>\n\t<meta name=\"twitter:data1\" content=\"3 minuten\" \/>\n<script type=\"application\/ld+json\" class=\"yoast-schema-graph\">{\"@context\":\"https:\/\/schema.org\",\"@graph\":[{\"@type\":\"WebPage\",\"@id\":\"https:\/\/nembutalboutique.com\/produit\/thpvp\/\",\"url\":\"https:\/\/nembutalboutique.com\/produit\/thpvp\/\",\"name\":\"Achetez THPVP en ligne - THPVP \u00e0 vendre\",\"isPartOf\":{\"@id\":\"https:\/\/nembutalboutique.com\/#website\"},\"primaryImageOfPage\":{\"@id\":\"https:\/\/nembutalboutique.com\/produit\/thpvp\/#primaryimage\"},\"image\":{\"@id\":\"https:\/\/nembutalboutique.com\/produit\/thpvp\/#primaryimage\"},\"thumbnailUrl\":\"https:\/\/nembutalboutique.com\/wp-content\/uploads\/2024\/09\/Thpvp.gif\",\"datePublished\":\"2024-09-16T08:11:44+00:00\",\"dateModified\":\"2024-09-20T11:15:05+00:00\",\"description\":\"Si vous souhaitez acheter du THPVP en ligne, notre boutique Nembutal peut vous aider. Nous avons du THPVP en vente aux meilleurs prix ici. Passez votre commande maintenant !\",\"breadcrumb\":{\"@id\":\"https:\/\/nembutalboutique.com\/produit\/thpvp\/#breadcrumb\"},\"inLanguage\":\"nl-BE\",\"potentialAction\":[{\"@type\":\"ReadAction\",\"target\":[\"https:\/\/nembutalboutique.com\/produit\/thpvp\/\"]}]},{\"@type\":\"ImageObject\",\"inLanguage\":\"nl-BE\",\"@id\":\"https:\/\/nembutalboutique.com\/produit\/thpvp\/#primaryimage\",\"url\":\"https:\/\/nembutalboutique.com\/wp-content\/uploads\/2024\/09\/Thpvp.gif\",\"contentUrl\":\"https:\/\/nembutalboutique.com\/wp-content\/uploads\/2024\/09\/Thpvp.gif\",\"width\":600,\"height\":600,\"caption\":\"acheter Thpvp.gif\"},{\"@type\":\"BreadcrumbList\",\"@id\":\"https:\/\/nembutalboutique.com\/produit\/thpvp\/#breadcrumb\",\"itemListElement\":[{\"@type\":\"ListItem\",\"position\":1,\"name\":\"Home\",\"item\":\"https:\/\/nembutalboutique.com\/\"},{\"@type\":\"ListItem\",\"position\":2,\"name\":\"Boutique\",\"item\":\"https:\/\/nembutalboutique.com\/shop\/\"},{\"@type\":\"ListItem\",\"position\":3,\"name\":\"THPVP\"}]},{\"@type\":\"WebSite\",\"@id\":\"https:\/\/nembutalboutique.com\/#website\",\"url\":\"https:\/\/nembutalboutique.com\/\",\"name\":\"Nembutal Boutique\",\"description\":\"My WordPress Blog\",\"publisher\":{\"@id\":\"https:\/\/nembutalboutique.com\/#organization\"},\"potentialAction\":[{\"@type\":\"SearchAction\",\"target\":{\"@type\":\"EntryPoint\",\"urlTemplate\":\"https:\/\/nembutalboutique.com\/?s={search_term_string}\"},\"query-input\":{\"@type\":\"PropertyValueSpecification\",\"valueRequired\":true,\"valueName\":\"search_term_string\"}}],\"inLanguage\":\"nl-BE\"},{\"@type\":\"Organization\",\"@id\":\"https:\/\/nembutalboutique.com\/#organization\",\"name\":\"Nembutal Boutique\",\"url\":\"https:\/\/nembutalboutique.com\/\",\"logo\":{\"@type\":\"ImageObject\",\"inLanguage\":\"nl-BE\",\"@id\":\"https:\/\/nembutalboutique.com\/#\/schema\/logo\/image\/\",\"url\":\"https:\/\/nembutalboutique.com\/wp-content\/uploads\/2024\/01\/logo.png\",\"contentUrl\":\"https:\/\/nembutalboutique.com\/wp-content\/uploads\/2024\/01\/logo.png\",\"width\":494,\"height\":121,\"caption\":\"Nembutal Boutique\"},\"image\":{\"@id\":\"https:\/\/nembutalboutique.com\/#\/schema\/logo\/image\/\"}}]}<\/script>\n<!-- \/ Yoast SEO plugin. -->","yoast_head_json":{"title":"THPVP online kopen - THPVP te koop","description":"Als je THPVP online wilt kopen, kan onze Nembutal winkel je helpen. We hebben THPVP hier te koop tegen de beste prijzen. Plaats nu je bestelling!","robots":{"index":"index","follow":"follow","max-snippet":"max-snippet:-1","max-image-preview":"max-image-preview:large","max-video-preview":"max-video-preview:-1"},"canonical":"https:\/\/nembutalboutique.com\/nl\/product\/thpvp-online-kopen\/","og_locale":"nl_BE","og_type":"article","og_title":"Achetez THPVP en ligne - THPVP \u00e0 vendre","og_description":"Si vous souhaitez acheter du THPVP en ligne, notre boutique Nembutal peut vous aider. Nous avons du THPVP en vente aux meilleurs prix ici. Passez votre commande maintenant !","og_url":"https:\/\/nembutalboutique.com\/nl\/product\/thpvp-online-kopen\/","og_site_name":"Nembutal Boutique","article_modified_time":"2024-09-20T11:15:05+00:00","og_image":[{"width":600,"height":600,"url":"https:\/\/nembutalboutique.com\/wp-content\/uploads\/2024\/09\/Thpvp.gif","type":"image\/gif"}],"twitter_card":"summary_large_image","twitter_misc":{"Geschatte leestijd":"3 minuten"},"schema":{"@context":"https:\/\/schema.org","@graph":[{"@type":"WebPage","@id":"https:\/\/nembutalboutique.com\/produit\/thpvp\/","url":"https:\/\/nembutalboutique.com\/produit\/thpvp\/","name":"THPVP online kopen - THPVP te koop","isPartOf":{"@id":"https:\/\/nembutalboutique.com\/#website"},"primaryImageOfPage":{"@id":"https:\/\/nembutalboutique.com\/produit\/thpvp\/#primaryimage"},"image":{"@id":"https:\/\/nembutalboutique.com\/produit\/thpvp\/#primaryimage"},"thumbnailUrl":"https:\/\/nembutalboutique.com\/wp-content\/uploads\/2024\/09\/Thpvp.gif","datePublished":"2024-09-16T08:11:44+00:00","dateModified":"2024-09-20T11:15:05+00:00","description":"Als je THPVP online wilt kopen, kan onze Nembutal winkel je helpen. We hebben THPVP hier te koop tegen de beste prijzen. Plaats nu je bestelling!","breadcrumb":{"@id":"https:\/\/nembutalboutique.com\/produit\/thpvp\/#breadcrumb"},"inLanguage":"nl-BE","potentialAction":[{"@type":"ReadAction","target":["https:\/\/nembutalboutique.com\/produit\/thpvp\/"]}]},{"@type":"ImageObject","inLanguage":"nl-BE","@id":"https:\/\/nembutalboutique.com\/produit\/thpvp\/#primaryimage","url":"https:\/\/nembutalboutique.com\/wp-content\/uploads\/2024\/09\/Thpvp.gif","contentUrl":"https:\/\/nembutalboutique.com\/wp-content\/uploads\/2024\/09\/Thpvp.gif","width":600,"height":600,"caption":"acheter Thpvp.gif"},{"@type":"BreadcrumbList","@id":"https:\/\/nembutalboutique.com\/produit\/thpvp\/#breadcrumb","itemListElement":[{"@type":"ListItem","position":1,"name":"Home","item":"https:\/\/nembutalboutique.com\/"},{"@type":"ListItem","position":2,"name":"Boutique","item":"https:\/\/nembutalboutique.com\/shop\/"},{"@type":"ListItem","position":3,"name":"THPVP"}]},{"@type":"WebSite","@id":"https:\/\/nembutalboutique.com\/#website","url":"https:\/\/nembutalboutique.com\/","name":"Nembutal winkel","description":"Mijn WordPress Blog","publisher":{"@id":"https:\/\/nembutalboutique.com\/#organization"},"potentialAction":[{"@type":"SearchAction","target":{"@type":"EntryPoint","urlTemplate":"https:\/\/nembutalboutique.com\/?s={search_term_string}"},"query-input":{"@type":"PropertyValueSpecification","valueRequired":true,"valueName":"search_term_string"}}],"inLanguage":"nl-BE"},{"@type":"Organization","@id":"https:\/\/nembutalboutique.com\/#organization","name":"Nembutal winkel","url":"https:\/\/nembutalboutique.com\/","logo":{"@type":"ImageObject","inLanguage":"nl-BE","@id":"https:\/\/nembutalboutique.com\/#\/schema\/logo\/image\/","url":"https:\/\/nembutalboutique.com\/wp-content\/uploads\/2024\/01\/logo.png","contentUrl":"https:\/\/nembutalboutique.com\/wp-content\/uploads\/2024\/01\/logo.png","width":494,"height":121,"caption":"Nembutal Boutique"},"image":{"@id":"https:\/\/nembutalboutique.com\/#\/schema\/logo\/image\/"}}]}},"_links":{"self":[{"href":"https:\/\/nembutalboutique.com\/nl\/wp-json\/wp\/v2\/product\/2690"}],"collection":[{"href":"https:\/\/nembutalboutique.com\/nl\/wp-json\/wp\/v2\/product"}],"about":[{"href":"https:\/\/nembutalboutique.com\/nl\/wp-json\/wp\/v2\/types\/product"}],"replies":[{"embeddable":true,"href":"https:\/\/nembutalboutique.com\/nl\/wp-json\/wp\/v2\/comments?post=2690"}],"wp:featuredmedia":[{"embeddable":true,"href":"https:\/\/nembutalboutique.com\/nl\/wp-json\/wp\/v2\/media\/2703"}],"wp:attachment":[{"href":"https:\/\/nembutalboutique.com\/nl\/wp-json\/wp\/v2\/media?parent=2690"}],"wp:term":[{"taxonomy":"product_brand","embeddable":true,"href":"https:\/\/nembutalboutique.com\/nl\/wp-json\/wp\/v2\/product_brand?post=2690"},{"taxonomy":"product_cat","embeddable":true,"href":"https:\/\/nembutalboutique.com\/nl\/wp-json\/wp\/v2\/product_cat?post=2690"},{"taxonomy":"product_tag","embeddable":true,"href":"https:\/\/nembutalboutique.com\/nl\/wp-json\/wp\/v2\/product_tag?post=2690"}],"curies":[{"name":"wp","href":"https:\/\/api.w.org\/{rel}","templated":true}]}}