{"id":2689,"date":"2024-09-16T08:11:44","date_gmt":"2024-09-16T08:11:44","guid":{"rendered":"https:\/\/nembutalboutique.com\/?post_type=product&#038;p=2689"},"modified":"2024-09-20T11:14:44","modified_gmt":"2024-09-20T11:14:44","slug":"neh-2","status":"publish","type":"product","link":"https:\/\/nembutalboutique.com\/nl\/product\/neh-poeder-kopen\/","title":{"rendered":"NEH"},"content":{"rendered":"<h2>Bestel NEH-Pulver online.<\/h2>\n<p>NEH-Pulver Kaufen is een eersteklas zoekhulpmiddel dat online gekocht kan worden. NDH-Pulver kan online gekocht worden bij de gerenommeerde leverancier Nembutalboutique.com tegen een redelijke prijs.<\/p>\n<p>Bij Nembutalboutique presenteren we met trots <a href=\"https:\/\/nembutalboutique.com\/produit\/neh-2\/\">NEH-Pulver<\/a>dat uitsluitend voor onderzoeksdoeleinden wordt geleverd. Het mag niet worden gebruikt voor andere doeleinden, inclusief, maar niet beperkt tot, in vivo diagnostiek, maaltijden, geneesmiddelen, medische hulpmiddelen of cosmetica voor mens of dier.<\/p>\n<p>Voordat je dit product bij ons koopt, moet je ervoor zorgen dat je het gereedschap hebt dat je nodig hebt om met chemicali\u00ebn voor onderzoek om te gaan en dat je werkruimte goed geventileerd is.<\/p>\n<h3>De minimumleeftijd om dit product te bestellen is negentien jaar.<\/h3>\n<p>In het land van herkomst, <a href=\"https:\/\/en.wikipedia.org\/wiki\/Neh\">NEH-Pulver<\/a> legaal is. Het is uw verantwoordelijkheid om het rechtssysteem van uw land te begrijpen. Wij zijn niet verantwoordelijk voor acties of resultaten die voortvloeien uit uw beslissing om dit product te bestellen of te gebruiken.<\/p>\n<h3>Cultuur vroeger en nu<\/h3>\n<p>De eerste identificatie van n-ethylhexidine werd gedaan in een Belgische Zolllabor sonde, die in november 2015 werd gelanceerd met het GCO. De stof werd in januari 2016 door het GCO ge\u00efdentificeerd in een sonde die beschikbaar was gesteld door het Franse Zoll. Vervolgens ontving het Europees Geneesmiddelencomit\u00e9 in februari 2016 rapporten over de identificatie van deze stof uit andere landen, waaronder Zwitserland, Nederland, Duitsland, Belgi\u00eb en Sloveni\u00eb.<\/p>\n<h3>Scheikunde<\/h3>\n<p>Een moleculaire verbinding die behoort tot de chemische klasse van katalysatoren is n-ethylhexdron. De term \"gesubstitueerd cathinon\" verwijst naar een breed scala van stoffen gebaseerd op cathinon, het belangrijkste actieve ingredi\u00ebnt in de Khat plant. Er is een cathinon dat bestaat uit een amfetamine (een fenethylamine met een alkylgroep aan het beta koolstofatoom) en een sauerstoffgroep aan het beta koolstofatoom. Cathinonen staan ook bekend als beta keton (\u03b2k) analogen, wat zwavelverbindingen zijn met een dubbele binding op het \u03b2-keton atoom van amfetaminen.<\/p>\n<p>In het bijzonder kan de cathinonkatalysator op drie verschillende punten worden gewijzigd, waardoor honderden potenti\u00eble verbindingen ontstaan, waaronder substituten zoals<\/p>\n<p>dan op de aromatische ring, de alfa-keton of de aminegroep.<\/p>\n<h3>Farmaceutische producten<\/h3>\n<p>Er zijn zeer weinig gegevens beschikbaar over de farmacologie en farmacodynamiek van n-ethylhexdrone en andere gesubstitueerde cathinonen bij mensen. Synthetisch cathinon oefent net als amfetamine zijn sympathomimetische en stimulerende effecten uit door de concentratie van catecholaminen in synapsen te verhogen, met name dopamine, serotonine en noradrenaline. Deze moleculen kunnen monoamine-wherteraufnahme transporters blokkeren, wat leidt tot een verminderde klaring van neurotransmitters uit synapsen. Daarnaast kunnen ze het vrijkomen van biogene amine uit intracellulaire opslag be\u00efnvloeden.<\/p>\n<p>Synthetische catechinonen hebben vaak een lagere capaciteit dan amfetaminen om de bloed-hersenbarri\u00e8re te passeren, omdat de beta-ketogroep de polariteit verhoogt. In tegenstelling tot andere synthetische catechinonen hebben pyrrolidinederivaten een groter vermogen om bloedstollingsbarri\u00e8res te overwinnen, omdat de pyrrolidinering deze moleculen een lagere polariteit geeft. Onderzoek naar de chemische transformatie van synthetisch catechinon heeft uitgewezen dat het wordt n-demethylated, de keto groep wordt gereduceerd tot hydroxyl en de alkylgroepen in de ring worden geoxideerd.<\/p>","protected":false},"excerpt":{"rendered":"<p>Commandez NEH-Pulver en ligne. NEH-Pulver Kaufen est un outil de recherche haut de gamme qui peut \u00eatre achet\u00e9 en ligne. NDH-Pulver peut \u00eatre achet\u00e9 en ligne aupr\u00e8s du fournisseur r\u00e9put\u00e9 Nembutalboutique.com \u00e0 un prix raisonnable. Chez Nembutalboutique, nous sommes heureux de pr\u00e9senter NEH-Pulver, qui est fourni uniquement \u00e0 des fins de recherche. Il ne peut [&hellip;]<\/p>","protected":false},"featured_media":2702,"comment_status":"open","ping_status":"closed","template":"","meta":{"_joinchat":[]},"product_brand":[],"product_cat":[387],"product_tag":[],"class_list":{"0":"post-2689","1":"product","2":"type-product","3":"status-publish","4":"has-post-thumbnail","6":"product_cat-cathinone","8":"first","9":"instock","10":"shipping-taxable","11":"purchasable","12":"product-type-variable"},"yoast_head":"<!-- This site is optimized with the Yoast SEO plugin v23.5 - https:\/\/yoast.com\/wordpress\/plugins\/seo\/ -->\n<title>Achetez de la poudre NEH en ligne - Poudre NEH \u00e0 vendre<\/title>\n<meta name=\"description\" content=\"Vous pouvez acheter de la poudre NEH en vente dans notre magasin et la recevoir \u00e0 votre porte sans aucun probl\u00e8me. Nous vous aiderons \u00e0 acheter de la poudre NEH en ligne. Commandez maintenant !\" \/>\n<meta name=\"robots\" content=\"index, follow, max-snippet:-1, max-image-preview:large, max-video-preview:-1\" \/>\n<link rel=\"canonical\" href=\"https:\/\/nembutalboutique.com\/nl\/product\/neh-poeder-kopen\/\" \/>\n<meta property=\"og:locale\" content=\"nl_BE\" \/>\n<meta property=\"og:type\" content=\"article\" \/>\n<meta property=\"og:title\" content=\"Achetez de la poudre NEH en ligne - Poudre NEH \u00e0 vendre\" \/>\n<meta property=\"og:description\" content=\"Vous pouvez acheter de la poudre NEH en vente dans notre magasin et la recevoir \u00e0 votre porte sans aucun probl\u00e8me. Nous vous aiderons \u00e0 acheter de la poudre NEH en ligne. Commandez maintenant !\" \/>\n<meta property=\"og:url\" content=\"https:\/\/nembutalboutique.com\/nl\/product\/neh-poeder-kopen\/\" \/>\n<meta property=\"og:site_name\" content=\"Nembutal Boutique\" \/>\n<meta property=\"article:modified_time\" content=\"2024-09-20T11:14:44+00:00\" \/>\n<meta property=\"og:image\" content=\"https:\/\/nembutalboutique.com\/wp-content\/uploads\/2024\/09\/NEH.gif\" \/>\n\t<meta property=\"og:image:width\" content=\"600\" \/>\n\t<meta property=\"og:image:height\" content=\"600\" \/>\n\t<meta property=\"og:image:type\" content=\"image\/gif\" \/>\n<meta name=\"twitter:card\" content=\"summary_large_image\" \/>\n<meta name=\"twitter:label1\" content=\"Geschatte leestijd\" \/>\n\t<meta name=\"twitter:data1\" content=\"3 minuten\" \/>\n<script type=\"application\/ld+json\" class=\"yoast-schema-graph\">{\"@context\":\"https:\/\/schema.org\",\"@graph\":[{\"@type\":\"WebPage\",\"@id\":\"https:\/\/nembutalboutique.com\/produit\/neh-2\/\",\"url\":\"https:\/\/nembutalboutique.com\/produit\/neh-2\/\",\"name\":\"Achetez de la poudre NEH en ligne - Poudre NEH \u00e0 vendre\",\"isPartOf\":{\"@id\":\"https:\/\/nembutalboutique.com\/#website\"},\"primaryImageOfPage\":{\"@id\":\"https:\/\/nembutalboutique.com\/produit\/neh-2\/#primaryimage\"},\"image\":{\"@id\":\"https:\/\/nembutalboutique.com\/produit\/neh-2\/#primaryimage\"},\"thumbnailUrl\":\"https:\/\/nembutalboutique.com\/wp-content\/uploads\/2024\/09\/NEH.gif\",\"datePublished\":\"2024-09-16T08:11:44+00:00\",\"dateModified\":\"2024-09-20T11:14:44+00:00\",\"description\":\"Vous pouvez acheter de la poudre NEH en vente dans notre magasin et la recevoir \u00e0 votre porte sans aucun probl\u00e8me. Nous vous aiderons \u00e0 acheter de la poudre NEH en ligne. Commandez maintenant !\",\"breadcrumb\":{\"@id\":\"https:\/\/nembutalboutique.com\/produit\/neh-2\/#breadcrumb\"},\"inLanguage\":\"nl-BE\",\"potentialAction\":[{\"@type\":\"ReadAction\",\"target\":[\"https:\/\/nembutalboutique.com\/produit\/neh-2\/\"]}]},{\"@type\":\"ImageObject\",\"inLanguage\":\"nl-BE\",\"@id\":\"https:\/\/nembutalboutique.com\/produit\/neh-2\/#primaryimage\",\"url\":\"https:\/\/nembutalboutique.com\/wp-content\/uploads\/2024\/09\/NEH.gif\",\"contentUrl\":\"https:\/\/nembutalboutique.com\/wp-content\/uploads\/2024\/09\/NEH.gif\",\"width\":600,\"height\":600,\"caption\":\"Acheter NEH.gif\"},{\"@type\":\"BreadcrumbList\",\"@id\":\"https:\/\/nembutalboutique.com\/produit\/neh-2\/#breadcrumb\",\"itemListElement\":[{\"@type\":\"ListItem\",\"position\":1,\"name\":\"Home\",\"item\":\"https:\/\/nembutalboutique.com\/\"},{\"@type\":\"ListItem\",\"position\":2,\"name\":\"Boutique\",\"item\":\"https:\/\/nembutalboutique.com\/shop\/\"},{\"@type\":\"ListItem\",\"position\":3,\"name\":\"NEH\"}]},{\"@type\":\"WebSite\",\"@id\":\"https:\/\/nembutalboutique.com\/#website\",\"url\":\"https:\/\/nembutalboutique.com\/\",\"name\":\"Nembutal Boutique\",\"description\":\"My WordPress Blog\",\"publisher\":{\"@id\":\"https:\/\/nembutalboutique.com\/#organization\"},\"potentialAction\":[{\"@type\":\"SearchAction\",\"target\":{\"@type\":\"EntryPoint\",\"urlTemplate\":\"https:\/\/nembutalboutique.com\/?s={search_term_string}\"},\"query-input\":{\"@type\":\"PropertyValueSpecification\",\"valueRequired\":true,\"valueName\":\"search_term_string\"}}],\"inLanguage\":\"nl-BE\"},{\"@type\":\"Organization\",\"@id\":\"https:\/\/nembutalboutique.com\/#organization\",\"name\":\"Nembutal Boutique\",\"url\":\"https:\/\/nembutalboutique.com\/\",\"logo\":{\"@type\":\"ImageObject\",\"inLanguage\":\"nl-BE\",\"@id\":\"https:\/\/nembutalboutique.com\/#\/schema\/logo\/image\/\",\"url\":\"https:\/\/nembutalboutique.com\/wp-content\/uploads\/2024\/01\/logo.png\",\"contentUrl\":\"https:\/\/nembutalboutique.com\/wp-content\/uploads\/2024\/01\/logo.png\",\"width\":494,\"height\":121,\"caption\":\"Nembutal Boutique\"},\"image\":{\"@id\":\"https:\/\/nembutalboutique.com\/#\/schema\/logo\/image\/\"}}]}<\/script>\n<!-- \/ Yoast SEO plugin. -->","yoast_head_json":{"title":"NEH-poeder online kopen - NEH-poeder te koop","description":"Je kunt NEH poeder kopen in onze winkel en het zonder problemen thuis laten bezorgen. Wij helpen je NEH poeder online te kopen. Bestel nu!","robots":{"index":"index","follow":"follow","max-snippet":"max-snippet:-1","max-image-preview":"max-image-preview:large","max-video-preview":"max-video-preview:-1"},"canonical":"https:\/\/nembutalboutique.com\/nl\/product\/neh-poeder-kopen\/","og_locale":"nl_BE","og_type":"article","og_title":"Achetez de la poudre NEH en ligne - Poudre NEH \u00e0 vendre","og_description":"Vous pouvez acheter de la poudre NEH en vente dans notre magasin et la recevoir \u00e0 votre porte sans aucun probl\u00e8me. Nous vous aiderons \u00e0 acheter de la poudre NEH en ligne. Commandez maintenant !","og_url":"https:\/\/nembutalboutique.com\/nl\/product\/neh-poeder-kopen\/","og_site_name":"Nembutal Boutique","article_modified_time":"2024-09-20T11:14:44+00:00","og_image":[{"width":600,"height":600,"url":"https:\/\/nembutalboutique.com\/wp-content\/uploads\/2024\/09\/NEH.gif","type":"image\/gif"}],"twitter_card":"summary_large_image","twitter_misc":{"Geschatte leestijd":"3 minuten"},"schema":{"@context":"https:\/\/schema.org","@graph":[{"@type":"WebPage","@id":"https:\/\/nembutalboutique.com\/produit\/neh-2\/","url":"https:\/\/nembutalboutique.com\/produit\/neh-2\/","name":"NEH-poeder online kopen - NEH-poeder te koop","isPartOf":{"@id":"https:\/\/nembutalboutique.com\/#website"},"primaryImageOfPage":{"@id":"https:\/\/nembutalboutique.com\/produit\/neh-2\/#primaryimage"},"image":{"@id":"https:\/\/nembutalboutique.com\/produit\/neh-2\/#primaryimage"},"thumbnailUrl":"https:\/\/nembutalboutique.com\/wp-content\/uploads\/2024\/09\/NEH.gif","datePublished":"2024-09-16T08:11:44+00:00","dateModified":"2024-09-20T11:14:44+00:00","description":"Je kunt NEH poeder kopen in onze winkel en het zonder problemen thuis laten bezorgen. Wij helpen je NEH poeder online te kopen. Bestel nu!","breadcrumb":{"@id":"https:\/\/nembutalboutique.com\/produit\/neh-2\/#breadcrumb"},"inLanguage":"nl-BE","potentialAction":[{"@type":"ReadAction","target":["https:\/\/nembutalboutique.com\/produit\/neh-2\/"]}]},{"@type":"ImageObject","inLanguage":"nl-BE","@id":"https:\/\/nembutalboutique.com\/produit\/neh-2\/#primaryimage","url":"https:\/\/nembutalboutique.com\/wp-content\/uploads\/2024\/09\/NEH.gif","contentUrl":"https:\/\/nembutalboutique.com\/wp-content\/uploads\/2024\/09\/NEH.gif","width":600,"height":600,"caption":"Acheter NEH.gif"},{"@type":"BreadcrumbList","@id":"https:\/\/nembutalboutique.com\/produit\/neh-2\/#breadcrumb","itemListElement":[{"@type":"ListItem","position":1,"name":"Home","item":"https:\/\/nembutalboutique.com\/"},{"@type":"ListItem","position":2,"name":"Boutique","item":"https:\/\/nembutalboutique.com\/shop\/"},{"@type":"ListItem","position":3,"name":"NEH"}]},{"@type":"WebSite","@id":"https:\/\/nembutalboutique.com\/#website","url":"https:\/\/nembutalboutique.com\/","name":"Nembutal winkel","description":"Mijn WordPress Blog","publisher":{"@id":"https:\/\/nembutalboutique.com\/#organization"},"potentialAction":[{"@type":"SearchAction","target":{"@type":"EntryPoint","urlTemplate":"https:\/\/nembutalboutique.com\/?s={search_term_string}"},"query-input":{"@type":"PropertyValueSpecification","valueRequired":true,"valueName":"search_term_string"}}],"inLanguage":"nl-BE"},{"@type":"Organization","@id":"https:\/\/nembutalboutique.com\/#organization","name":"Nembutal winkel","url":"https:\/\/nembutalboutique.com\/","logo":{"@type":"ImageObject","inLanguage":"nl-BE","@id":"https:\/\/nembutalboutique.com\/#\/schema\/logo\/image\/","url":"https:\/\/nembutalboutique.com\/wp-content\/uploads\/2024\/01\/logo.png","contentUrl":"https:\/\/nembutalboutique.com\/wp-content\/uploads\/2024\/01\/logo.png","width":494,"height":121,"caption":"Nembutal Boutique"},"image":{"@id":"https:\/\/nembutalboutique.com\/#\/schema\/logo\/image\/"}}]}},"_links":{"self":[{"href":"https:\/\/nembutalboutique.com\/nl\/wp-json\/wp\/v2\/product\/2689"}],"collection":[{"href":"https:\/\/nembutalboutique.com\/nl\/wp-json\/wp\/v2\/product"}],"about":[{"href":"https:\/\/nembutalboutique.com\/nl\/wp-json\/wp\/v2\/types\/product"}],"replies":[{"embeddable":true,"href":"https:\/\/nembutalboutique.com\/nl\/wp-json\/wp\/v2\/comments?post=2689"}],"wp:featuredmedia":[{"embeddable":true,"href":"https:\/\/nembutalboutique.com\/nl\/wp-json\/wp\/v2\/media\/2702"}],"wp:attachment":[{"href":"https:\/\/nembutalboutique.com\/nl\/wp-json\/wp\/v2\/media?parent=2689"}],"wp:term":[{"taxonomy":"product_brand","embeddable":true,"href":"https:\/\/nembutalboutique.com\/nl\/wp-json\/wp\/v2\/product_brand?post=2689"},{"taxonomy":"product_cat","embeddable":true,"href":"https:\/\/nembutalboutique.com\/nl\/wp-json\/wp\/v2\/product_cat?post=2689"},{"taxonomy":"product_tag","embeddable":true,"href":"https:\/\/nembutalboutique.com\/nl\/wp-json\/wp\/v2\/product_tag?post=2689"}],"curies":[{"name":"wp","href":"https:\/\/api.w.org\/{rel}","templated":true}]}}