{"id":2688,"date":"2024-09-16T08:11:44","date_gmt":"2024-09-16T08:11:44","guid":{"rendered":"https:\/\/nembutalboutique.com\/?post_type=product&#038;p=2688"},"modified":"2024-09-20T11:10:27","modified_gmt":"2024-09-20T11:10:27","slug":"ethylhexedrone","status":"publish","type":"product","link":"https:\/\/nembutalboutique.com\/nl\/product\/n-ethylhexedrone-kopen\/","title":{"rendered":"N-ethylhexedrone"},"content":{"rendered":"<h2>HEX online kopen.<\/h2>\n<p><a href=\"https:\/\/nembutalboutique.com\/produit\/ethylhexedrone\/\">N-Ethylhexdron kopen<\/a>ook bekend als \u03b1-Ethylaminocaprofenon, N-Ethylnorhexedron, Hexen of NEH, is een catechinon stimulerend middel dat functioneert als een noradrenaline-dopamine remmer (NDRI) met IC50 waarden van 0,0978 en 0,0467 \u03bcM. N-ethylhexdron werd voor het eerst genoemd in een reeks octrooien van Boehringer Ingelheim in de jaren 1960, die bijdroegen aan de ontwikkeling van de bekendere drug methylendioxypyrovaleron (MDPV).<\/p>\n<p>Koop online hoogwaardige onderzoekschemicali\u00ebn van N-Ethylhexdron. N-Ethylhexdron (HEXEN, NEH) is online verkrijgbaar tegen groothandelsprijzen van een gerenommeerde leverancier bij NembuKauFlog.com.<\/p>\n<p>N-ethylnorhexedron, ook wel HEX genoemd, is een stimulerend middel uit de catheminonengroep. Sinds het middel in 2015 op de markt kwam, zijn reviews van gebruikers de enige beschikbare bron van informatie over de effectiviteit.<\/p>\n<h3>HEX online kopen.<\/h3>\n<p>Le <a href=\"https:\/\/en.wikipedia.org\/wiki\/N-Ethylhexedrone\">N-ethylhexeen<\/a>ook bekend als N-ethylnorhexedron, \u03b1-ethylaminocaprofenon en NEH, wordt soms een stimulerend middel van de cathinon klasse genoemd. Boehringer Ingelheim vroeg in de jaren 60 talrijke patenten aan op N-ethylhexedron, wat de weg vrijmaakte voor de ontwikkeling van de bekendere drug, methylendioxypyrovalerone (MDPV). N-ethylhexedrine wordt sinds medio 2010 online verkocht als een synthetische drug.<\/p>\n<p>N-ethylhexedra is een chemische stof voor onderzoek die ook bekend staat als HEX, NEH, a-ethylaminocaprofenon en N-ethylnorhexedra.<\/p>\n<p>hoort bij de Cathinone Groep.<\/p>\n<h3>HEX online kopen.<\/h3>\n<p>Aangenomen wordt dat de basis voor de stimulatie van HEX (N-ethylhexedra; NEH) zijn affiniteit als NDRI (Norepinephrin-Dopamin-Wiederaufnahmehemmer) is. heeft een extra hydroxygroep op de koolstofketen die de stickstoff bevat, waardoor het nauw verwant is aan hexadron. Dankzij de integratie is de werkzaamheid ongeveer drie keer zo groot als die van hexadron.<\/p>\n<p>Er zijn momenteel zeer weinig details beschikbaar over de farmacologische eigenschappen, het metabolisme en de toxiciteit van N-ethylhexedra. Nieuwe onderzoekschemicali\u00ebn zijn beschikbaar op www.Nembutalboutique.com (HEX; NEH).<\/p>\n<p>De stof kan worden gebruikt als een productieve stimulant in lage tot hoge doses, hoewel de meerderheid van de gebruikers het alleen gebruikt in de hoop euforie te bereiken.<\/p>","protected":false},"excerpt":{"rendered":"<p>Achetez HEX en ligne. Achetez N-Ethylhexdron, \u00e9galement appel\u00e9 \u03b1-Ethylaminocaprophenon, N-Ethylnorhexedron, Hexen ou NEH, est un stimulant de la cat\u00e9chinone qui fonctionne comme un inhibiteur de la noradr\u00e9naline-dopamine (NDRI) avec des valeurs IC50 de 0,0978 et 0,0467 \u03bcM. Le N-\u00e9thylhexdron a \u00e9t\u00e9 mentionn\u00e9 pour la premi\u00e8re fois dans une s\u00e9rie de brevets de Boehringer Ingelheim dans [&hellip;]<\/p>","protected":false},"featured_media":2701,"comment_status":"open","ping_status":"closed","template":"","meta":{"_joinchat":[]},"product_brand":[],"product_cat":[387],"product_tag":[],"class_list":{"0":"post-2688","1":"product","2":"type-product","3":"status-publish","4":"has-post-thumbnail","6":"product_cat-cathinone","8":"first","9":"instock","10":"shipping-taxable","11":"purchasable","12":"product-type-variable"},"yoast_head":"<!-- This site is optimized with the Yoast SEO plugin v23.5 - https:\/\/yoast.com\/wordpress\/plugins\/seo\/ -->\n<title>Acheter N-\u00e9thylhex\u00e9drone en ligne - N-\u00e9thylhex\u00e9drone \u00e0 vendre<\/title>\n<meta name=\"description\" content=\"Votre demande d&#039;achat de N-\u00e9thylhex\u00e9drone peut \u00eatre satisfaite dans notre boutique en ligne Nembutal, car nous avons du N-\u00e9thylhex\u00e9drone \u00e0 vendre ici. Passez votre commande et obtenez des offres abordables tous les jours.\" \/>\n<meta name=\"robots\" content=\"index, follow, max-snippet:-1, max-image-preview:large, max-video-preview:-1\" \/>\n<link rel=\"canonical\" href=\"https:\/\/nembutalboutique.com\/nl\/product\/n-ethylhexedrone-kopen\/\" \/>\n<meta property=\"og:locale\" content=\"nl_BE\" \/>\n<meta property=\"og:type\" content=\"article\" \/>\n<meta property=\"og:title\" content=\"Acheter N-\u00e9thylhex\u00e9drone en ligne - N-\u00e9thylhex\u00e9drone \u00e0 vendre\" \/>\n<meta property=\"og:description\" content=\"Votre demande d&#039;achat de N-\u00e9thylhex\u00e9drone peut \u00eatre satisfaite dans notre boutique en ligne Nembutal, car nous avons du N-\u00e9thylhex\u00e9drone \u00e0 vendre ici. Passez votre commande et obtenez des offres abordables tous les jours.\" \/>\n<meta property=\"og:url\" content=\"https:\/\/nembutalboutique.com\/nl\/product\/n-ethylhexedrone-kopen\/\" \/>\n<meta property=\"og:site_name\" content=\"Nembutal Boutique\" \/>\n<meta property=\"article:modified_time\" content=\"2024-09-20T11:10:27+00:00\" \/>\n<meta property=\"og:image\" content=\"https:\/\/nembutalboutique.com\/wp-content\/uploads\/2024\/09\/crystal_rocks-e1570651788830-7.jpg\" \/>\n\t<meta property=\"og:image:width\" content=\"841\" \/>\n\t<meta property=\"og:image:height\" content=\"640\" \/>\n\t<meta property=\"og:image:type\" content=\"image\/jpeg\" \/>\n<meta name=\"twitter:card\" content=\"summary_large_image\" \/>\n<meta name=\"twitter:label1\" content=\"Geschatte leestijd\" \/>\n\t<meta name=\"twitter:data1\" content=\"2 minuten\" \/>\n<script type=\"application\/ld+json\" class=\"yoast-schema-graph\">{\"@context\":\"https:\/\/schema.org\",\"@graph\":[{\"@type\":\"WebPage\",\"@id\":\"https:\/\/nembutalboutique.com\/produit\/ethylhexedrone\/\",\"url\":\"https:\/\/nembutalboutique.com\/produit\/ethylhexedrone\/\",\"name\":\"Acheter N-\u00e9thylhex\u00e9drone en ligne - N-\u00e9thylhex\u00e9drone \u00e0 vendre\",\"isPartOf\":{\"@id\":\"https:\/\/nembutalboutique.com\/#website\"},\"primaryImageOfPage\":{\"@id\":\"https:\/\/nembutalboutique.com\/produit\/ethylhexedrone\/#primaryimage\"},\"image\":{\"@id\":\"https:\/\/nembutalboutique.com\/produit\/ethylhexedrone\/#primaryimage\"},\"thumbnailUrl\":\"https:\/\/nembutalboutique.com\/wp-content\/uploads\/2024\/09\/crystal_rocks-e1570651788830-7.jpg\",\"datePublished\":\"2024-09-16T08:11:44+00:00\",\"dateModified\":\"2024-09-20T11:10:27+00:00\",\"description\":\"Votre demande d'achat de N-\u00e9thylhex\u00e9drone peut \u00eatre satisfaite dans notre boutique en ligne Nembutal, car nous avons du N-\u00e9thylhex\u00e9drone \u00e0 vendre ici. Passez votre commande et obtenez des offres abordables tous les jours.\",\"breadcrumb\":{\"@id\":\"https:\/\/nembutalboutique.com\/produit\/ethylhexedrone\/#breadcrumb\"},\"inLanguage\":\"nl-BE\",\"potentialAction\":[{\"@type\":\"ReadAction\",\"target\":[\"https:\/\/nembutalboutique.com\/produit\/ethylhexedrone\/\"]}]},{\"@type\":\"ImageObject\",\"inLanguage\":\"nl-BE\",\"@id\":\"https:\/\/nembutalboutique.com\/produit\/ethylhexedrone\/#primaryimage\",\"url\":\"https:\/\/nembutalboutique.com\/wp-content\/uploads\/2024\/09\/crystal_rocks-e1570651788830-7.jpg\",\"contentUrl\":\"https:\/\/nembutalboutique.com\/wp-content\/uploads\/2024\/09\/crystal_rocks-e1570651788830-7.jpg\",\"width\":841,\"height\":640,\"caption\":\"Acheter de la N-\u00e9thylhexedrone\"},{\"@type\":\"BreadcrumbList\",\"@id\":\"https:\/\/nembutalboutique.com\/produit\/ethylhexedrone\/#breadcrumb\",\"itemListElement\":[{\"@type\":\"ListItem\",\"position\":1,\"name\":\"Home\",\"item\":\"https:\/\/nembutalboutique.com\/\"},{\"@type\":\"ListItem\",\"position\":2,\"name\":\"Boutique\",\"item\":\"https:\/\/nembutalboutique.com\/shop\/\"},{\"@type\":\"ListItem\",\"position\":3,\"name\":\"N-\u00e9thylhexedrone\"}]},{\"@type\":\"WebSite\",\"@id\":\"https:\/\/nembutalboutique.com\/#website\",\"url\":\"https:\/\/nembutalboutique.com\/\",\"name\":\"Nembutal Boutique\",\"description\":\"My WordPress Blog\",\"publisher\":{\"@id\":\"https:\/\/nembutalboutique.com\/#organization\"},\"potentialAction\":[{\"@type\":\"SearchAction\",\"target\":{\"@type\":\"EntryPoint\",\"urlTemplate\":\"https:\/\/nembutalboutique.com\/?s={search_term_string}\"},\"query-input\":{\"@type\":\"PropertyValueSpecification\",\"valueRequired\":true,\"valueName\":\"search_term_string\"}}],\"inLanguage\":\"nl-BE\"},{\"@type\":\"Organization\",\"@id\":\"https:\/\/nembutalboutique.com\/#organization\",\"name\":\"Nembutal Boutique\",\"url\":\"https:\/\/nembutalboutique.com\/\",\"logo\":{\"@type\":\"ImageObject\",\"inLanguage\":\"nl-BE\",\"@id\":\"https:\/\/nembutalboutique.com\/#\/schema\/logo\/image\/\",\"url\":\"https:\/\/nembutalboutique.com\/wp-content\/uploads\/2024\/01\/logo.png\",\"contentUrl\":\"https:\/\/nembutalboutique.com\/wp-content\/uploads\/2024\/01\/logo.png\",\"width\":494,\"height\":121,\"caption\":\"Nembutal Boutique\"},\"image\":{\"@id\":\"https:\/\/nembutalboutique.com\/#\/schema\/logo\/image\/\"}}]}<\/script>\n<!-- \/ Yoast SEO plugin. -->","yoast_head_json":{"title":"N-ethylhexedrone online kopen - N-ethylhexedrone te koop","description":"Uw N-ethylhexedrone aankoopverzoek kan worden vervuld in onze Nembutal online winkel, omdat we hier N-ethylhexedrone te koop hebben. Plaats uw bestelling en ontvang elke dag betaalbare aanbiedingen.","robots":{"index":"index","follow":"follow","max-snippet":"max-snippet:-1","max-image-preview":"max-image-preview:large","max-video-preview":"max-video-preview:-1"},"canonical":"https:\/\/nembutalboutique.com\/nl\/product\/n-ethylhexedrone-kopen\/","og_locale":"nl_BE","og_type":"article","og_title":"Acheter N-\u00e9thylhex\u00e9drone en ligne - N-\u00e9thylhex\u00e9drone \u00e0 vendre","og_description":"Votre demande d'achat de N-\u00e9thylhex\u00e9drone peut \u00eatre satisfaite dans notre boutique en ligne Nembutal, car nous avons du N-\u00e9thylhex\u00e9drone \u00e0 vendre ici. Passez votre commande et obtenez des offres abordables tous les jours.","og_url":"https:\/\/nembutalboutique.com\/nl\/product\/n-ethylhexedrone-kopen\/","og_site_name":"Nembutal Boutique","article_modified_time":"2024-09-20T11:10:27+00:00","og_image":[{"width":841,"height":640,"url":"https:\/\/nembutalboutique.com\/wp-content\/uploads\/2024\/09\/crystal_rocks-e1570651788830-7.jpg","type":"image\/jpeg"}],"twitter_card":"summary_large_image","twitter_misc":{"Geschatte leestijd":"2 minuten"},"schema":{"@context":"https:\/\/schema.org","@graph":[{"@type":"WebPage","@id":"https:\/\/nembutalboutique.com\/produit\/ethylhexedrone\/","url":"https:\/\/nembutalboutique.com\/produit\/ethylhexedrone\/","name":"N-ethylhexedrone online kopen - N-ethylhexedrone te koop","isPartOf":{"@id":"https:\/\/nembutalboutique.com\/#website"},"primaryImageOfPage":{"@id":"https:\/\/nembutalboutique.com\/produit\/ethylhexedrone\/#primaryimage"},"image":{"@id":"https:\/\/nembutalboutique.com\/produit\/ethylhexedrone\/#primaryimage"},"thumbnailUrl":"https:\/\/nembutalboutique.com\/wp-content\/uploads\/2024\/09\/crystal_rocks-e1570651788830-7.jpg","datePublished":"2024-09-16T08:11:44+00:00","dateModified":"2024-09-20T11:10:27+00:00","description":"Uw N-ethylhexedrone aankoopverzoek kan worden vervuld in onze Nembutal online winkel, omdat we hier N-ethylhexedrone te koop hebben. Plaats uw bestelling en ontvang elke dag betaalbare aanbiedingen.","breadcrumb":{"@id":"https:\/\/nembutalboutique.com\/produit\/ethylhexedrone\/#breadcrumb"},"inLanguage":"nl-BE","potentialAction":[{"@type":"ReadAction","target":["https:\/\/nembutalboutique.com\/produit\/ethylhexedrone\/"]}]},{"@type":"ImageObject","inLanguage":"nl-BE","@id":"https:\/\/nembutalboutique.com\/produit\/ethylhexedrone\/#primaryimage","url":"https:\/\/nembutalboutique.com\/wp-content\/uploads\/2024\/09\/crystal_rocks-e1570651788830-7.jpg","contentUrl":"https:\/\/nembutalboutique.com\/wp-content\/uploads\/2024\/09\/crystal_rocks-e1570651788830-7.jpg","width":841,"height":640,"caption":"Acheter de la N-\u00e9thylhexedrone"},{"@type":"BreadcrumbList","@id":"https:\/\/nembutalboutique.com\/produit\/ethylhexedrone\/#breadcrumb","itemListElement":[{"@type":"ListItem","position":1,"name":"Home","item":"https:\/\/nembutalboutique.com\/"},{"@type":"ListItem","position":2,"name":"Boutique","item":"https:\/\/nembutalboutique.com\/shop\/"},{"@type":"ListItem","position":3,"name":"N-\u00e9thylhexedrone"}]},{"@type":"WebSite","@id":"https:\/\/nembutalboutique.com\/#website","url":"https:\/\/nembutalboutique.com\/","name":"Nembutal winkel","description":"Mijn WordPress Blog","publisher":{"@id":"https:\/\/nembutalboutique.com\/#organization"},"potentialAction":[{"@type":"SearchAction","target":{"@type":"EntryPoint","urlTemplate":"https:\/\/nembutalboutique.com\/?s={search_term_string}"},"query-input":{"@type":"PropertyValueSpecification","valueRequired":true,"valueName":"search_term_string"}}],"inLanguage":"nl-BE"},{"@type":"Organization","@id":"https:\/\/nembutalboutique.com\/#organization","name":"Nembutal winkel","url":"https:\/\/nembutalboutique.com\/","logo":{"@type":"ImageObject","inLanguage":"nl-BE","@id":"https:\/\/nembutalboutique.com\/#\/schema\/logo\/image\/","url":"https:\/\/nembutalboutique.com\/wp-content\/uploads\/2024\/01\/logo.png","contentUrl":"https:\/\/nembutalboutique.com\/wp-content\/uploads\/2024\/01\/logo.png","width":494,"height":121,"caption":"Nembutal Boutique"},"image":{"@id":"https:\/\/nembutalboutique.com\/#\/schema\/logo\/image\/"}}]}},"_links":{"self":[{"href":"https:\/\/nembutalboutique.com\/nl\/wp-json\/wp\/v2\/product\/2688"}],"collection":[{"href":"https:\/\/nembutalboutique.com\/nl\/wp-json\/wp\/v2\/product"}],"about":[{"href":"https:\/\/nembutalboutique.com\/nl\/wp-json\/wp\/v2\/types\/product"}],"replies":[{"embeddable":true,"href":"https:\/\/nembutalboutique.com\/nl\/wp-json\/wp\/v2\/comments?post=2688"}],"wp:featuredmedia":[{"embeddable":true,"href":"https:\/\/nembutalboutique.com\/nl\/wp-json\/wp\/v2\/media\/2701"}],"wp:attachment":[{"href":"https:\/\/nembutalboutique.com\/nl\/wp-json\/wp\/v2\/media?parent=2688"}],"wp:term":[{"taxonomy":"product_brand","embeddable":true,"href":"https:\/\/nembutalboutique.com\/nl\/wp-json\/wp\/v2\/product_brand?post=2688"},{"taxonomy":"product_cat","embeddable":true,"href":"https:\/\/nembutalboutique.com\/nl\/wp-json\/wp\/v2\/product_cat?post=2688"},{"taxonomy":"product_tag","embeddable":true,"href":"https:\/\/nembutalboutique.com\/nl\/wp-json\/wp\/v2\/product_tag?post=2688"}],"curies":[{"name":"wp","href":"https:\/\/api.w.org\/{rel}","templated":true}]}}