{"id":2687,"date":"2024-09-16T08:11:44","date_gmt":"2024-09-16T08:11:44","guid":{"rendered":"https:\/\/nembutalboutique.com\/?post_type=product&#038;p=2687"},"modified":"2024-09-20T11:10:36","modified_gmt":"2024-09-20T11:10:36","slug":"hep","status":"publish","type":"product","link":"https:\/\/nembutalboutique.com\/nl\/product\/hep-online-kopen\/","title":{"rendered":"HEP"},"content":{"rendered":"<h2>HEP-Pulver online kopen.<\/h2>\n<p><a href=\"https:\/\/nembutalboutique.com\/produit\/hep\/\">HEP kopen<\/a> online HEP-Poeder kopen is een afgeleide en alternatief voor Pyrovaleron. Koop HEP-Pulver in bulk van de fabrikant. Een goed gemaakt product voor een redelijke prijs dat wereldwijd wordt verzonden.<\/p>\n<p>HEP-Pulver is een derivaat van pyrovaleron en een vervanger voor cathinon. HEP-Pulver heeft momenteel veel van dezelfde chemische eigenschappen als pyrovalerol en MDPV en is van even groot belang voor de internationale wetenschappelijke gemeenschap.<\/p>\n<p>Met de recente ontwikkeling van Nembutalboutique, <a href=\"https:\/\/en.wikipedia.org\/wiki\/HEP\">HEP-Pulver<\/a>Er is nu een waardevol onderzoeksinstrument beschikbaar voor zeer gewilde maar over het algemeen illegale pyrrolidines zoals MDPV en piperidinederivaten zoals methylfenidaat.<\/p>\n<p>Je hebt de ongelofelijke kans om HEP-Pulver in een zeer zuivere vorm te verkrijgen bij Nembutalboutique.<\/p>\n<p>een betrouwbare leverancier die je helpt bij wetenschappelijk onderzoek naar de beste chemische producten.<\/p>\n<h3>Koop HEP-poeder op het internet.<\/h3>\n<p>Afhankelijk van de chemische formule van deze stof kunnen de effecten van HEP-poeder sterk lijken op die van 2C-B en 2C-I, de twee bekende gesubstitueerde fenethylamine onderzoeksverbindingen die worden genoemd in Alexander Schulg's PiHKAL.<\/p>\n<p>Sterk bewijs dat een verband legt tussen de giftigheid ervan en de 5-HT2A receptor kan clusterhoofdpijn helpen voorkomen, en de chemische stof HEP-Pulver kan mogelijk de psychologische pijn verminderen die gepaard gaat met terminale kanker.<\/p>\n<p>Houd er rekening mee dat in vivo studies met levende organismen verboden zijn en dat onderzoek met HEP-poeder alleen kan worden uitgevoerd in geverifieerde laboratoriumomgevingen. HEP-poeder kan tot twee jaar bij kamertemperatuur worden bewaard. Raadpleeg voordat u een bestelling bij ons plaatst de wetgeving van uw land met betrekking tot de wettelijke status van HEP-Pulver.<\/p>\n<p>HEP-Poeder online is een combinatie van pyrovaleron en een cathinonvervanger. Koop HEP-Pulver groothandel van de fabrikant. Koop HEP online voor een product ausgezeichnetes tegen een prijs angemessenen, van over de hele wereld.<\/p>","protected":false},"excerpt":{"rendered":"<p>Achetez HEP-Pulver via Internet. Acheter HEP en ligne Acheter HEP Powder en ligne est un d\u00e9riv\u00e9 et une alternative au Pyrovaleron. Achetez HEP-Pulver en vrac aupr\u00e8s du fabricant. Un produit bien fait \u00e0 un prix raisonnable qui est exp\u00e9di\u00e9 partout dans le monde. HEP-Pulver est un d\u00e9riv\u00e9 du pyrovaleron et un substitut du cathinon. Actuellement, [&hellip;]<\/p>","protected":false},"featured_media":2700,"comment_status":"open","ping_status":"closed","template":"","meta":{"_joinchat":[]},"product_brand":[],"product_cat":[447],"product_tag":[],"class_list":{"0":"post-2687","1":"product","2":"type-product","3":"status-publish","4":"has-post-thumbnail","6":"product_cat-stimulants","8":"first","9":"instock","10":"shipping-taxable","11":"purchasable","12":"product-type-variable"},"yoast_head":"<!-- This site is optimized with the Yoast SEO plugin v23.5 - https:\/\/yoast.com\/wordpress\/plugins\/seo\/ -->\n<title>HEP \u00e0 vendre - Achetez HEP en ligne - Commandez HEP<\/title>\n<meta name=\"description\" content=\"D\u00e9couvrez notre boutique en ligne de HEP \u00e0 vendre, proposant des HEP de haute qualit\u00e9. Achetez des HEP en ligne en toute s\u00e9curit\u00e9 et lancez-vous dans votre parcours de recherche en toute confiance.\" \/>\n<meta name=\"robots\" content=\"index, follow, max-snippet:-1, max-image-preview:large, max-video-preview:-1\" \/>\n<link rel=\"canonical\" href=\"https:\/\/nembutalboutique.com\/nl\/product\/hep-online-kopen\/\" \/>\n<meta property=\"og:locale\" content=\"nl_BE\" \/>\n<meta property=\"og:type\" content=\"article\" \/>\n<meta property=\"og:title\" content=\"HEP \u00e0 vendre - Achetez HEP en ligne - Commandez HEP\" \/>\n<meta property=\"og:description\" content=\"D\u00e9couvrez notre boutique en ligne de HEP \u00e0 vendre, proposant des HEP de haute qualit\u00e9. Achetez des HEP en ligne en toute s\u00e9curit\u00e9 et lancez-vous dans votre parcours de recherche en toute confiance.\" \/>\n<meta property=\"og:url\" content=\"https:\/\/nembutalboutique.com\/nl\/product\/hep-online-kopen\/\" \/>\n<meta property=\"og:site_name\" content=\"Nembutal Boutique\" \/>\n<meta property=\"article:modified_time\" content=\"2024-09-20T11:10:36+00:00\" \/>\n<meta property=\"og:image\" content=\"https:\/\/nembutalboutique.com\/wp-content\/uploads\/2024\/09\/Hep.gif\" \/>\n\t<meta property=\"og:image:width\" content=\"600\" \/>\n\t<meta property=\"og:image:height\" content=\"600\" \/>\n\t<meta property=\"og:image:type\" content=\"image\/gif\" \/>\n<meta name=\"twitter:card\" content=\"summary_large_image\" \/>\n<meta name=\"twitter:label1\" content=\"Geschatte leestijd\" \/>\n\t<meta name=\"twitter:data1\" content=\"2 minuten\" \/>\n<script type=\"application\/ld+json\" class=\"yoast-schema-graph\">{\"@context\":\"https:\/\/schema.org\",\"@graph\":[{\"@type\":\"WebPage\",\"@id\":\"https:\/\/nembutalboutique.com\/produit\/hep\/\",\"url\":\"https:\/\/nembutalboutique.com\/produit\/hep\/\",\"name\":\"HEP \u00e0 vendre - Achetez HEP en ligne - Commandez HEP\",\"isPartOf\":{\"@id\":\"https:\/\/nembutalboutique.com\/#website\"},\"primaryImageOfPage\":{\"@id\":\"https:\/\/nembutalboutique.com\/produit\/hep\/#primaryimage\"},\"image\":{\"@id\":\"https:\/\/nembutalboutique.com\/produit\/hep\/#primaryimage\"},\"thumbnailUrl\":\"https:\/\/nembutalboutique.com\/wp-content\/uploads\/2024\/09\/Hep.gif\",\"datePublished\":\"2024-09-16T08:11:44+00:00\",\"dateModified\":\"2024-09-20T11:10:36+00:00\",\"description\":\"D\u00e9couvrez notre boutique en ligne de HEP \u00e0 vendre, proposant des HEP de haute qualit\u00e9. Achetez des HEP en ligne en toute s\u00e9curit\u00e9 et lancez-vous dans votre parcours de recherche en toute confiance.\",\"breadcrumb\":{\"@id\":\"https:\/\/nembutalboutique.com\/produit\/hep\/#breadcrumb\"},\"inLanguage\":\"nl-BE\",\"potentialAction\":[{\"@type\":\"ReadAction\",\"target\":[\"https:\/\/nembutalboutique.com\/produit\/hep\/\"]}]},{\"@type\":\"ImageObject\",\"inLanguage\":\"nl-BE\",\"@id\":\"https:\/\/nembutalboutique.com\/produit\/hep\/#primaryimage\",\"url\":\"https:\/\/nembutalboutique.com\/wp-content\/uploads\/2024\/09\/Hep.gif\",\"contentUrl\":\"https:\/\/nembutalboutique.com\/wp-content\/uploads\/2024\/09\/Hep.gif\",\"width\":600,\"height\":600,\"caption\":\"Acheter Hep.gif\"},{\"@type\":\"BreadcrumbList\",\"@id\":\"https:\/\/nembutalboutique.com\/produit\/hep\/#breadcrumb\",\"itemListElement\":[{\"@type\":\"ListItem\",\"position\":1,\"name\":\"Home\",\"item\":\"https:\/\/nembutalboutique.com\/\"},{\"@type\":\"ListItem\",\"position\":2,\"name\":\"Boutique\",\"item\":\"https:\/\/nembutalboutique.com\/shop\/\"},{\"@type\":\"ListItem\",\"position\":3,\"name\":\"HEP\"}]},{\"@type\":\"WebSite\",\"@id\":\"https:\/\/nembutalboutique.com\/#website\",\"url\":\"https:\/\/nembutalboutique.com\/\",\"name\":\"Nembutal Boutique\",\"description\":\"My WordPress Blog\",\"publisher\":{\"@id\":\"https:\/\/nembutalboutique.com\/#organization\"},\"potentialAction\":[{\"@type\":\"SearchAction\",\"target\":{\"@type\":\"EntryPoint\",\"urlTemplate\":\"https:\/\/nembutalboutique.com\/?s={search_term_string}\"},\"query-input\":{\"@type\":\"PropertyValueSpecification\",\"valueRequired\":true,\"valueName\":\"search_term_string\"}}],\"inLanguage\":\"nl-BE\"},{\"@type\":\"Organization\",\"@id\":\"https:\/\/nembutalboutique.com\/#organization\",\"name\":\"Nembutal Boutique\",\"url\":\"https:\/\/nembutalboutique.com\/\",\"logo\":{\"@type\":\"ImageObject\",\"inLanguage\":\"nl-BE\",\"@id\":\"https:\/\/nembutalboutique.com\/#\/schema\/logo\/image\/\",\"url\":\"https:\/\/nembutalboutique.com\/wp-content\/uploads\/2024\/01\/logo.png\",\"contentUrl\":\"https:\/\/nembutalboutique.com\/wp-content\/uploads\/2024\/01\/logo.png\",\"width\":494,\"height\":121,\"caption\":\"Nembutal Boutique\"},\"image\":{\"@id\":\"https:\/\/nembutalboutique.com\/#\/schema\/logo\/image\/\"}}]}<\/script>\n<!-- \/ Yoast SEO plugin. -->","yoast_head_json":{"title":"HEP te koop - HEP online kopen - HEP bestellen","description":"Ontdek onze online winkel voor HEP te koop met hoge kwaliteit HEP. Koop HEP online in alle veiligheid en begin je zoektocht in vertrouwen.","robots":{"index":"index","follow":"follow","max-snippet":"max-snippet:-1","max-image-preview":"max-image-preview:large","max-video-preview":"max-video-preview:-1"},"canonical":"https:\/\/nembutalboutique.com\/nl\/product\/hep-online-kopen\/","og_locale":"nl_BE","og_type":"article","og_title":"HEP \u00e0 vendre - Achetez HEP en ligne - Commandez HEP","og_description":"D\u00e9couvrez notre boutique en ligne de HEP \u00e0 vendre, proposant des HEP de haute qualit\u00e9. Achetez des HEP en ligne en toute s\u00e9curit\u00e9 et lancez-vous dans votre parcours de recherche en toute confiance.","og_url":"https:\/\/nembutalboutique.com\/nl\/product\/hep-online-kopen\/","og_site_name":"Nembutal Boutique","article_modified_time":"2024-09-20T11:10:36+00:00","og_image":[{"width":600,"height":600,"url":"https:\/\/nembutalboutique.com\/wp-content\/uploads\/2024\/09\/Hep.gif","type":"image\/gif"}],"twitter_card":"summary_large_image","twitter_misc":{"Geschatte leestijd":"2 minuten"},"schema":{"@context":"https:\/\/schema.org","@graph":[{"@type":"WebPage","@id":"https:\/\/nembutalboutique.com\/produit\/hep\/","url":"https:\/\/nembutalboutique.com\/produit\/hep\/","name":"HEP te koop - HEP online kopen - HEP bestellen","isPartOf":{"@id":"https:\/\/nembutalboutique.com\/#website"},"primaryImageOfPage":{"@id":"https:\/\/nembutalboutique.com\/produit\/hep\/#primaryimage"},"image":{"@id":"https:\/\/nembutalboutique.com\/produit\/hep\/#primaryimage"},"thumbnailUrl":"https:\/\/nembutalboutique.com\/wp-content\/uploads\/2024\/09\/Hep.gif","datePublished":"2024-09-16T08:11:44+00:00","dateModified":"2024-09-20T11:10:36+00:00","description":"Ontdek onze online winkel voor HEP te koop met hoge kwaliteit HEP. Koop HEP online in alle veiligheid en begin je zoektocht in vertrouwen.","breadcrumb":{"@id":"https:\/\/nembutalboutique.com\/produit\/hep\/#breadcrumb"},"inLanguage":"nl-BE","potentialAction":[{"@type":"ReadAction","target":["https:\/\/nembutalboutique.com\/produit\/hep\/"]}]},{"@type":"ImageObject","inLanguage":"nl-BE","@id":"https:\/\/nembutalboutique.com\/produit\/hep\/#primaryimage","url":"https:\/\/nembutalboutique.com\/wp-content\/uploads\/2024\/09\/Hep.gif","contentUrl":"https:\/\/nembutalboutique.com\/wp-content\/uploads\/2024\/09\/Hep.gif","width":600,"height":600,"caption":"Acheter Hep.gif"},{"@type":"BreadcrumbList","@id":"https:\/\/nembutalboutique.com\/produit\/hep\/#breadcrumb","itemListElement":[{"@type":"ListItem","position":1,"name":"Home","item":"https:\/\/nembutalboutique.com\/"},{"@type":"ListItem","position":2,"name":"Boutique","item":"https:\/\/nembutalboutique.com\/shop\/"},{"@type":"ListItem","position":3,"name":"HEP"}]},{"@type":"WebSite","@id":"https:\/\/nembutalboutique.com\/#website","url":"https:\/\/nembutalboutique.com\/","name":"Nembutal winkel","description":"Mijn WordPress Blog","publisher":{"@id":"https:\/\/nembutalboutique.com\/#organization"},"potentialAction":[{"@type":"SearchAction","target":{"@type":"EntryPoint","urlTemplate":"https:\/\/nembutalboutique.com\/?s={search_term_string}"},"query-input":{"@type":"PropertyValueSpecification","valueRequired":true,"valueName":"search_term_string"}}],"inLanguage":"nl-BE"},{"@type":"Organization","@id":"https:\/\/nembutalboutique.com\/#organization","name":"Nembutal winkel","url":"https:\/\/nembutalboutique.com\/","logo":{"@type":"ImageObject","inLanguage":"nl-BE","@id":"https:\/\/nembutalboutique.com\/#\/schema\/logo\/image\/","url":"https:\/\/nembutalboutique.com\/wp-content\/uploads\/2024\/01\/logo.png","contentUrl":"https:\/\/nembutalboutique.com\/wp-content\/uploads\/2024\/01\/logo.png","width":494,"height":121,"caption":"Nembutal Boutique"},"image":{"@id":"https:\/\/nembutalboutique.com\/#\/schema\/logo\/image\/"}}]}},"_links":{"self":[{"href":"https:\/\/nembutalboutique.com\/nl\/wp-json\/wp\/v2\/product\/2687"}],"collection":[{"href":"https:\/\/nembutalboutique.com\/nl\/wp-json\/wp\/v2\/product"}],"about":[{"href":"https:\/\/nembutalboutique.com\/nl\/wp-json\/wp\/v2\/types\/product"}],"replies":[{"embeddable":true,"href":"https:\/\/nembutalboutique.com\/nl\/wp-json\/wp\/v2\/comments?post=2687"}],"wp:featuredmedia":[{"embeddable":true,"href":"https:\/\/nembutalboutique.com\/nl\/wp-json\/wp\/v2\/media\/2700"}],"wp:attachment":[{"href":"https:\/\/nembutalboutique.com\/nl\/wp-json\/wp\/v2\/media?parent=2687"}],"wp:term":[{"taxonomy":"product_brand","embeddable":true,"href":"https:\/\/nembutalboutique.com\/nl\/wp-json\/wp\/v2\/product_brand?post=2687"},{"taxonomy":"product_cat","embeddable":true,"href":"https:\/\/nembutalboutique.com\/nl\/wp-json\/wp\/v2\/product_cat?post=2687"},{"taxonomy":"product_tag","embeddable":true,"href":"https:\/\/nembutalboutique.com\/nl\/wp-json\/wp\/v2\/product_tag?post=2687"}],"curies":[{"name":"wp","href":"https:\/\/api.w.org\/{rel}","templated":true}]}}