{"id":2685,"date":"2024-09-16T08:11:44","date_gmt":"2024-09-16T08:11:44","guid":{"rendered":"https:\/\/nembutalboutique.com\/?post_type=product&#038;p=2685"},"modified":"2024-09-20T11:06:54","modified_gmt":"2024-09-20T11:06:54","slug":"apvp","status":"publish","type":"product","link":"https:\/\/nembutalboutique.com\/nl\/product\/apvp-online-kopen\/","title":{"rendered":"PYLL"},"content":{"rendered":"<h2>Koop echte A-PVP 100% bij Kaufen Nembutal | veilig online kopen A-PVP QUEENS<\/h2>\n<p>Net zoals MDPV en \"Badesalz\" in de eerste maanden van 2011 werden beschreven, is a-PVP Crystal Powder Online kopen een relatief nieuw product dat nauwlettend in de gaten wordt gehouden door de media.<\/p>\n<p>Een stof die behoort tot de familie van synthetische stimulerende middelen, Pyrovalerone en Cathinone. Koop a-PVP kristalpoeder online. Ook bekend als <a href=\"https:\/\/nembutalboutique.com\/produit\/apvp\/\">A-PVP<\/a>Alpha-PVP, \u03b1-Pyrrolidinopentiofenon of Flakka. Qua chemie is het vergelijkbaar met andere pyroclazone-bevattende verbindingen zoals MDPV en fenol-bevattende verbindingen die voorkomen in de Zuid-Afrikaanse khatplant. Gebruikers kunnen het consumeren om effecten te krijgen die lijken op die van kakaine en amfetamine. Het komt meestal voor in de vorm van een enorme kristalscheider of kristalpoeder.<\/p>\n<p>A-PVP poeder online kopen. Poeder kopen <a href=\"https:\/\/en.wikipedia.org\/wiki\/Alpha-Pyrrolidinopentiophenone\">A-PVP<\/a> online. Het poeder is een relatief nieuw product en wordt nauwlettend in de gaten gehouden door de media, net als MDPV en 'Badesalz' die in 2011 werden gelanceerd. Het wordt vaak in grote hoeveelheden geproduceerd in China en door verkopers online verkocht als onderzoekschemicali\u00ebn.<\/p>\n<h3>Effecten van Alpha-PVP-kristallen op het lichaam<\/h3>\n<p>Onverwachte tactiele ervaringen Het hele lichaam wordt be\u00efnvloed door een milde tot sterke euforische tinteling die bekend staat als de 'K\u00f6rperhoch' van \u03b1-PVP. Het kan worden overschreden bij hogere doses. Deze sensatie is globaal; het begint normaal en bereikt een piek voordat het afneemt.<\/p>\n<p>Er wordt aangenomen dat \u03b1-PVP een goed effect had op het fysieke energieniveau van de gebruiker.<\/p>\n<p>ongelooflijk inspirerend en motiverend. Het stimuleert lichamelijke activiteit zoals dansen,<\/p>\n<p>De geschiedenis van A-PVP<br \/>\nA-PVP is onlangs ontdekt en wordt sinds 2011 onderzocht door onderzoekers en de media, voornamelijk omdat mensen het misbruiken door de stimulerende effecten te gebruiken zonder de juiste procedures of richtlijnen te volgen. Hoewel het gebruik als onderzoeksmiddel beperkt is, wordt A-PVP massaal geproduceerd in China.<\/p>\n<h3>Waar wordt A-PVP voor gebruikt?<\/h3>\n<p>A-PVP staat bekend om zijn stimulerende effecten en blijkt na gebruik energieke effecten te geven die mensen helpen om te rennen, dansen of contact te maken met anderen. Het staat er ook om bekend dat het gebruikers aanzet tot energieke of stimulerende activiteiten; bij hogere doses zal deze bijwerking moeilijker te verdragen zijn. Deze eigenschappen hebben de aandacht van mensen op zich gevestigd, waardoor ze veelvuldige, energieke activiteiten ondernemen.<\/p>\n<p>Het kan gevoelens van motivatie, sociale energie en zelfbewustzijn opwekken. Het cre\u00ebert een sterke drang naar fysiek veeleisende activiteiten en wordt gebruikt door mensen die aan intensieve training en lichaamsbeweging doen.<br \/>\nHet stimuleert ook overmatig waterverbruik. Hoewel het misschien niet alle gebruikers aanspreekt, kan het de eetlust verhogen. Het is bekend dat mensen het voor niet-medische doeleinden gebruiken om effecten te bereiken zoals ego-verhoging of emotionele verbetering.<\/p>\n<h3>Invloed van A-PVP<\/h3>\n<p>Vanwege het stimulerende effect van drosera zijn de effecten vergelijkbaar. Het zorgt ervoor dat gebruikers excessief handelen of zich energiek gedragen. Fysieke effecten zijn onder andere amputaties van ledematen, samentrekkingen over het hele lichaam en oncontroleerbare ledematen door verlies van motorische functie. Daarnaast vallen apen op door hun oncontroleerbare bewegingen of bewegingsproblemen. Te veel water drinken kan misselijkheid en braken veroorzaken, wat in ernstige gevallen kan leiden tot uitdroging. Bijwerkingen zijn onder andere moeite met plassen. Een verhoogde hartslag is een van de bijwerkingen. Door de angst voor overmatige lichamelijke activiteit neemt het risico op ziek worden toe.<\/p>\n<p>Ongelijkheden in medicijnen kunnen een schadelijk effect hebben APVP Online Kaufen.<\/p>\n<h3>Dosering en overdosering van A-PVP<\/h3>\n<p>De dosering van het geneesmiddel varieert van 1 mg tot 25 mg. Lagere doseringen vari\u00ebren van minder dan 1 tot 2 mg, terwijl de typische dosering tussen de 5 en 15 mg ligt. Meer dan 25 mg wordt beschouwd als een zware dosering van dit geneesmiddel.<\/p>\n<p>Een overdosis kan deze bijwerkingen veroorzaken, maar ook bijkomende ongewenste effecten zoals ernstige bloedingen of, in het ergste geval, zelfs de dood.<\/p>\n<h3>Juridische status van de A-PVP<\/h3>\n<p>Vanwege het slechte gedrag zijn de productie, de distributie en het bezit van deze drug in de meeste landen verboden.<\/p>\n<h3>Waar kan ik A-PVP kopen?<\/h3>\n<p>Geneesmiddelen van goede kwaliteit zijn wereldwijd verkrijgbaar op onze online apotheekmarktplaats, tegen zeer concurrerende prijzen voor laboratoria, apotheken, onderzoekscentra of individuele consumenten.<\/p>","protected":false},"excerpt":{"rendered":"<p>Achetez de l&rsquo;A-PVP 100% authentique chez Kaufen Nembutal | ACHETEZ REINES A-PVP en toute s\u00e9curit\u00e9 en ligne Achats APVP en ligne Similaire \u00e0 la fa\u00e7on dont MDPV et \u00ab\u00a0Badesalz\u00a0\u00bb ont \u00e9t\u00e9 d\u00e9crits au cours des premiers mois de 2011, Buy a-PVP Crystal Powder Online est un produit relativement nouveau qui est examin\u00e9 de pr\u00e8s par [&hellip;]<\/p>","protected":false},"featured_media":2698,"comment_status":"open","ping_status":"closed","template":"","meta":{"_joinchat":[]},"product_brand":[],"product_cat":[386,385],"product_tag":[],"class_list":{"0":"post-2685","1":"product","2":"type-product","3":"status-publish","4":"has-post-thumbnail","6":"product_cat-cannabinoids","7":"product_cat-forschung-schemikalien","9":"first","10":"instock","11":"shipping-taxable","12":"purchasable","13":"product-type-variable"},"yoast_head":"<!-- This site is optimized with the Yoast SEO plugin v23.5 - https:\/\/yoast.com\/wordpress\/plugins\/seo\/ -->\n<title>Achetez APVP en ligne - APVP \u00e0 vendre en ligne<\/title>\n<meta name=\"description\" content=\"Ne manquez aucune opportunit\u00e9 d&#039;acheter APVP en ligne sur notre boutique NB. Nous vendons exclusivement des APVP \u00e0 des prix avantageux. Nous sommes l\u00e0 pour vous aider. Commandez maintenant !\" \/>\n<meta name=\"robots\" content=\"index, follow, max-snippet:-1, max-image-preview:large, max-video-preview:-1\" \/>\n<link rel=\"canonical\" href=\"https:\/\/nembutalboutique.com\/nl\/product\/apvp-online-kopen\/\" \/>\n<meta property=\"og:locale\" content=\"nl_BE\" \/>\n<meta property=\"og:type\" content=\"article\" \/>\n<meta property=\"og:title\" content=\"Achetez APVP en ligne - APVP \u00e0 vendre en ligne\" \/>\n<meta property=\"og:description\" content=\"Ne manquez aucune opportunit\u00e9 d&#039;acheter APVP en ligne sur notre boutique NB. Nous vendons exclusivement des APVP \u00e0 des prix avantageux. Nous sommes l\u00e0 pour vous aider. Commandez maintenant !\" \/>\n<meta property=\"og:url\" content=\"https:\/\/nembutalboutique.com\/nl\/product\/apvp-online-kopen\/\" \/>\n<meta property=\"og:site_name\" content=\"Nembutal Boutique\" \/>\n<meta property=\"article:modified_time\" content=\"2024-09-20T11:06:54+00:00\" \/>\n<meta property=\"og:image\" content=\"https:\/\/nembutalboutique.com\/wp-content\/uploads\/2024\/09\/APVP.gif\" \/>\n\t<meta property=\"og:image:width\" content=\"600\" \/>\n\t<meta property=\"og:image:height\" content=\"600\" \/>\n\t<meta property=\"og:image:type\" content=\"image\/gif\" \/>\n<meta name=\"twitter:card\" content=\"summary_large_image\" \/>\n<meta name=\"twitter:label1\" content=\"Geschatte leestijd\" \/>\n\t<meta name=\"twitter:data1\" content=\"4 minuten\" \/>\n<script type=\"application\/ld+json\" class=\"yoast-schema-graph\">{\"@context\":\"https:\/\/schema.org\",\"@graph\":[{\"@type\":\"WebPage\",\"@id\":\"https:\/\/nembutalboutique.com\/produit\/apvp\/\",\"url\":\"https:\/\/nembutalboutique.com\/produit\/apvp\/\",\"name\":\"Achetez APVP en ligne - APVP \u00e0 vendre en ligne\",\"isPartOf\":{\"@id\":\"https:\/\/nembutalboutique.com\/#website\"},\"primaryImageOfPage\":{\"@id\":\"https:\/\/nembutalboutique.com\/produit\/apvp\/#primaryimage\"},\"image\":{\"@id\":\"https:\/\/nembutalboutique.com\/produit\/apvp\/#primaryimage\"},\"thumbnailUrl\":\"https:\/\/nembutalboutique.com\/wp-content\/uploads\/2024\/09\/APVP.gif\",\"datePublished\":\"2024-09-16T08:11:44+00:00\",\"dateModified\":\"2024-09-20T11:06:54+00:00\",\"description\":\"Ne manquez aucune opportunit\u00e9 d'acheter APVP en ligne sur notre boutique NB. Nous vendons exclusivement des APVP \u00e0 des prix avantageux. Nous sommes l\u00e0 pour vous aider. Commandez maintenant !\",\"breadcrumb\":{\"@id\":\"https:\/\/nembutalboutique.com\/produit\/apvp\/#breadcrumb\"},\"inLanguage\":\"nl-BE\",\"potentialAction\":[{\"@type\":\"ReadAction\",\"target\":[\"https:\/\/nembutalboutique.com\/produit\/apvp\/\"]}]},{\"@type\":\"ImageObject\",\"inLanguage\":\"nl-BE\",\"@id\":\"https:\/\/nembutalboutique.com\/produit\/apvp\/#primaryimage\",\"url\":\"https:\/\/nembutalboutique.com\/wp-content\/uploads\/2024\/09\/APVP.gif\",\"contentUrl\":\"https:\/\/nembutalboutique.com\/wp-content\/uploads\/2024\/09\/APVP.gif\",\"width\":600,\"height\":600,\"caption\":\"Acheter APVP.gif\"},{\"@type\":\"BreadcrumbList\",\"@id\":\"https:\/\/nembutalboutique.com\/produit\/apvp\/#breadcrumb\",\"itemListElement\":[{\"@type\":\"ListItem\",\"position\":1,\"name\":\"Home\",\"item\":\"https:\/\/nembutalboutique.com\/\"},{\"@type\":\"ListItem\",\"position\":2,\"name\":\"Boutique\",\"item\":\"https:\/\/nembutalboutique.com\/shop\/\"},{\"@type\":\"ListItem\",\"position\":3,\"name\":\"APVP\"}]},{\"@type\":\"WebSite\",\"@id\":\"https:\/\/nembutalboutique.com\/#website\",\"url\":\"https:\/\/nembutalboutique.com\/\",\"name\":\"Nembutal Boutique\",\"description\":\"My WordPress Blog\",\"publisher\":{\"@id\":\"https:\/\/nembutalboutique.com\/#organization\"},\"potentialAction\":[{\"@type\":\"SearchAction\",\"target\":{\"@type\":\"EntryPoint\",\"urlTemplate\":\"https:\/\/nembutalboutique.com\/?s={search_term_string}\"},\"query-input\":{\"@type\":\"PropertyValueSpecification\",\"valueRequired\":true,\"valueName\":\"search_term_string\"}}],\"inLanguage\":\"nl-BE\"},{\"@type\":\"Organization\",\"@id\":\"https:\/\/nembutalboutique.com\/#organization\",\"name\":\"Nembutal Boutique\",\"url\":\"https:\/\/nembutalboutique.com\/\",\"logo\":{\"@type\":\"ImageObject\",\"inLanguage\":\"nl-BE\",\"@id\":\"https:\/\/nembutalboutique.com\/#\/schema\/logo\/image\/\",\"url\":\"https:\/\/nembutalboutique.com\/wp-content\/uploads\/2024\/01\/logo.png\",\"contentUrl\":\"https:\/\/nembutalboutique.com\/wp-content\/uploads\/2024\/01\/logo.png\",\"width\":494,\"height\":121,\"caption\":\"Nembutal Boutique\"},\"image\":{\"@id\":\"https:\/\/nembutalboutique.com\/#\/schema\/logo\/image\/\"}}]}<\/script>\n<!-- \/ Yoast SEO plugin. -->","yoast_head_json":{"title":"APVP online kopen - APVP online te koop","description":"Mis geen enkele kans om APVP online te kopen in onze NB winkel. Wij verkopen alleen APVP tegen lage prijzen. We zijn er om je te helpen. Bestel nu!","robots":{"index":"index","follow":"follow","max-snippet":"max-snippet:-1","max-image-preview":"max-image-preview:large","max-video-preview":"max-video-preview:-1"},"canonical":"https:\/\/nembutalboutique.com\/nl\/product\/apvp-online-kopen\/","og_locale":"nl_BE","og_type":"article","og_title":"Achetez APVP en ligne - APVP \u00e0 vendre en ligne","og_description":"Ne manquez aucune opportunit\u00e9 d'acheter APVP en ligne sur notre boutique NB. Nous vendons exclusivement des APVP \u00e0 des prix avantageux. Nous sommes l\u00e0 pour vous aider. Commandez maintenant !","og_url":"https:\/\/nembutalboutique.com\/nl\/product\/apvp-online-kopen\/","og_site_name":"Nembutal Boutique","article_modified_time":"2024-09-20T11:06:54+00:00","og_image":[{"width":600,"height":600,"url":"https:\/\/nembutalboutique.com\/wp-content\/uploads\/2024\/09\/APVP.gif","type":"image\/gif"}],"twitter_card":"summary_large_image","twitter_misc":{"Geschatte leestijd":"4 minuten"},"schema":{"@context":"https:\/\/schema.org","@graph":[{"@type":"WebPage","@id":"https:\/\/nembutalboutique.com\/produit\/apvp\/","url":"https:\/\/nembutalboutique.com\/produit\/apvp\/","name":"APVP online kopen - APVP online te koop","isPartOf":{"@id":"https:\/\/nembutalboutique.com\/#website"},"primaryImageOfPage":{"@id":"https:\/\/nembutalboutique.com\/produit\/apvp\/#primaryimage"},"image":{"@id":"https:\/\/nembutalboutique.com\/produit\/apvp\/#primaryimage"},"thumbnailUrl":"https:\/\/nembutalboutique.com\/wp-content\/uploads\/2024\/09\/APVP.gif","datePublished":"2024-09-16T08:11:44+00:00","dateModified":"2024-09-20T11:06:54+00:00","description":"Mis geen enkele kans om APVP online te kopen in onze NB winkel. Wij verkopen alleen APVP tegen lage prijzen. We zijn er om je te helpen. Bestel nu!","breadcrumb":{"@id":"https:\/\/nembutalboutique.com\/produit\/apvp\/#breadcrumb"},"inLanguage":"nl-BE","potentialAction":[{"@type":"ReadAction","target":["https:\/\/nembutalboutique.com\/produit\/apvp\/"]}]},{"@type":"ImageObject","inLanguage":"nl-BE","@id":"https:\/\/nembutalboutique.com\/produit\/apvp\/#primaryimage","url":"https:\/\/nembutalboutique.com\/wp-content\/uploads\/2024\/09\/APVP.gif","contentUrl":"https:\/\/nembutalboutique.com\/wp-content\/uploads\/2024\/09\/APVP.gif","width":600,"height":600,"caption":"Acheter APVP.gif"},{"@type":"BreadcrumbList","@id":"https:\/\/nembutalboutique.com\/produit\/apvp\/#breadcrumb","itemListElement":[{"@type":"ListItem","position":1,"name":"Home","item":"https:\/\/nembutalboutique.com\/"},{"@type":"ListItem","position":2,"name":"Boutique","item":"https:\/\/nembutalboutique.com\/shop\/"},{"@type":"ListItem","position":3,"name":"APVP"}]},{"@type":"WebSite","@id":"https:\/\/nembutalboutique.com\/#website","url":"https:\/\/nembutalboutique.com\/","name":"Nembutal winkel","description":"Mijn WordPress Blog","publisher":{"@id":"https:\/\/nembutalboutique.com\/#organization"},"potentialAction":[{"@type":"SearchAction","target":{"@type":"EntryPoint","urlTemplate":"https:\/\/nembutalboutique.com\/?s={search_term_string}"},"query-input":{"@type":"PropertyValueSpecification","valueRequired":true,"valueName":"search_term_string"}}],"inLanguage":"nl-BE"},{"@type":"Organization","@id":"https:\/\/nembutalboutique.com\/#organization","name":"Nembutal winkel","url":"https:\/\/nembutalboutique.com\/","logo":{"@type":"ImageObject","inLanguage":"nl-BE","@id":"https:\/\/nembutalboutique.com\/#\/schema\/logo\/image\/","url":"https:\/\/nembutalboutique.com\/wp-content\/uploads\/2024\/01\/logo.png","contentUrl":"https:\/\/nembutalboutique.com\/wp-content\/uploads\/2024\/01\/logo.png","width":494,"height":121,"caption":"Nembutal Boutique"},"image":{"@id":"https:\/\/nembutalboutique.com\/#\/schema\/logo\/image\/"}}]}},"_links":{"self":[{"href":"https:\/\/nembutalboutique.com\/nl\/wp-json\/wp\/v2\/product\/2685"}],"collection":[{"href":"https:\/\/nembutalboutique.com\/nl\/wp-json\/wp\/v2\/product"}],"about":[{"href":"https:\/\/nembutalboutique.com\/nl\/wp-json\/wp\/v2\/types\/product"}],"replies":[{"embeddable":true,"href":"https:\/\/nembutalboutique.com\/nl\/wp-json\/wp\/v2\/comments?post=2685"}],"wp:featuredmedia":[{"embeddable":true,"href":"https:\/\/nembutalboutique.com\/nl\/wp-json\/wp\/v2\/media\/2698"}],"wp:attachment":[{"href":"https:\/\/nembutalboutique.com\/nl\/wp-json\/wp\/v2\/media?parent=2685"}],"wp:term":[{"taxonomy":"product_brand","embeddable":true,"href":"https:\/\/nembutalboutique.com\/nl\/wp-json\/wp\/v2\/product_brand?post=2685"},{"taxonomy":"product_cat","embeddable":true,"href":"https:\/\/nembutalboutique.com\/nl\/wp-json\/wp\/v2\/product_cat?post=2685"},{"taxonomy":"product_tag","embeddable":true,"href":"https:\/\/nembutalboutique.com\/nl\/wp-json\/wp\/v2\/product_tag?post=2685"}],"curies":[{"name":"wp","href":"https:\/\/api.w.org\/{rel}","templated":true}]}}