{"id":2684,"date":"2024-09-16T08:11:43","date_gmt":"2024-09-16T08:11:43","guid":{"rendered":"https:\/\/nembutalboutique.com\/?post_type=product&#038;p=2684"},"modified":"2024-09-20T11:00:09","modified_gmt":"2024-09-20T11:00:09","slug":"eb-bk","status":"publish","type":"product","link":"https:\/\/nembutalboutique.com\/nl\/product\/eb-bk-online-kopen\/","title":{"rendered":"EB-Bk"},"content":{"rendered":"<h2>EBK Crystal is online verkrijgbaar.<\/h2>\n<p>EB-Bk online krijgen: Iedereen boven de achttien kan EB-Bk, de nieuwe stimulerende chemicali\u00ebn, online krijgen van Buy Nembutal, een gerenommeerde online verkoper van onderzoekschemicali\u00ebn. Het wordt op de markt gebracht als een vervanger voor N-ethylpentylene en is verkrijgbaar in grote kristalvorm. Het is ook bekend als Ephylon en bk-EBDP.<\/p>\n<h3>Waar wordt Ebk gebruikt?<\/h3>\n<p>Gegeven dat<a href=\"https:\/\/nembutalboutique.com\/produit\/eb-bk\/\">EBK Kristal<\/a> in de meeste landen legaal is, is er geen probleem om het online te bestellen. Het wordt uitsluitend verkocht voor onderzoeksdoeleinden en zal niet voor andere doeleinden worden gebruikt. Het kan onder andere gebruikt worden voor in vivo diagnostiek, maaltijden, medicijnen, medische apparatuur, cosmetica en farmaceutische producten. Controleer voordat u het online bestelformulier voor EBK chemicali\u00ebn invult of er voldoende afval beschikbaar is in uw regio.<\/p>\n<p>We hebben een lange geschiedenis als betrouwbare bron van informatie.<\/p>\n<p>We hebben een lange geschiedenis als betrouwbare en legitieme bron van onderzoekschemicali\u00ebn. Authentieke getuigenissen van nieuwe en terugkerende klanten op onze websites moedigen potenti\u00eble klanten aan om een bestelling bij ons te plaatsen.<\/p>\n<p>De grootste en meest betrouwbare leverancier van EBK chemicali\u00ebn tegen een eerlijke prijs is Nembutalboutique. We verkopen topkwaliteit EBK chemicali\u00ebn en kunnen deze overal ter wereld verzenden, inclusief de Verenigde Staten, Europa, Australi\u00eb en Canada. Vanwege de uitzonderlijke kwaliteit van onze producten zijn we onge\u00ebvenaard in de productie en distributie van research chemicali\u00ebn.<\/p>\n<p>We nemen de vertrouwelijkheid van onze klanten zeer serieus en doen hier nooit concessies aan. We integreren de nieuwste beveiligingstechnologie\u00ebn in elke transactie. Het geluk van onze klanten is essentieel voor het succes van ons bedrijf. Belang. Koop EBK Crystal online, dat een rigoureus proces van testen en evalueren doorloopt voordat het op de markt komt. We hoeven geen compromissen te sluiten over productconsistentie en kwaliteit.<\/p>\n<p>Gebruik onze hotline voor klantenservice om contact met ons op te nemen als je vragen of opmerkingen hebt. We beloven dat we zo snel mogelijk op je verzoek zullen reageren.<\/p>\n<p>Ons merk is het merk dat mensen om verschillende redenen kiezen, zoals de beschikbaarheid van onze producten in elke hoeveelheid, handige bezorgdiensten en professionele verpakking. De verwerking van bestellingen begint zodra de betaling is ontvangen.<\/p>\n<h3>Waar kan ik EBK-Kristalle online kopen?<\/h3>\n<p>Nu je volledig ge\u00efnformeerd bent over EBK-Kristalle, vraag je je misschien af waar je ze kunt kopen. Het goede nieuws is dat je ze online kunt kopen bij een gerenommeerde website als firstsyntheticchemical.net\/shop.<\/p>\n<p>We gebruiken alleen de beste producten die verkrijgbaar zijn en zijn een veilige en betrouwbare leverancier van kristallen en chemicali\u00ebn van laboratoriumkwaliteit. Je kunt er ook zeker van zijn dat je de beste waarde en de hoogste kwaliteit krijgt als je met ons werkt. Waar koop ik EBK-Kristalle online?<\/p>\n<p>Vergeet niet onze huidige speciale aanbiedingen en kortingen te bekijken voordat je je bestelling verzendt! 5C-18.<\/p>\n<h3>Wat is een EBK-kristal?<\/h3>\n<p>EBK online kopen. EBK is een nieuwe synthetische chemische stof die overeenkomsten vertoont met MDMA, maar waarvan gezegd wordt dat het een intenser en langduriger effect heeft. Het is onduidelijk of het daadwerkelijk sterker is dan MDMA, maar \u00e9\u00e9n ding is zeker: feestgangers en clubbers zullen er de voorkeur aan blijven geven. Voordat je EBK probeert, moet je je huiswerk doen. Omdat het een nieuwe draak is, is er op dit moment nog niet veel bekend over de effecten. Zoals met elke drug is het essentieel om te weten waar je aan begint voordat je je eraan waagt. Praat met vrienden die het al geprobeerd hebben, lees online reviews en vraag advies aan een arts of andere professional in de gezondheidszorg als je vragen of zorgen hebt. 7a-19.<\/p>\n<h3>Voordelen van online EBK-Kristall kopen<\/h3>\n<p>Wanneer je EBK-Kristall online koopt van een gerenommeerde verkoper zoals shopchemicalz.com, krijg je een product van hoge kwaliteit dat grondig is getest en gecertificeerd voor menselijk gebruik. Je kunt er zeker van zijn dat je een product krijgt dat aan al je behoeften voldoet en dat je kunt vertrouwen wanneer je EB-Bk online koopt.<\/p>\n<p>Bovendien is online winkelen een geweldige manier om geld te besparen. Je krijgt producten van hoge kwaliteit tegen betaalbare prijzen en je hoeft je geen zorgen te maken over de tijd en het geld dat je moet investeren in het opzetten van een winkel. Online winkelen is eenvoudig, handig en veilig, dus je kunt er zeker van zijn dat je aankoop zo effici\u00ebnt mogelijk wordt afgehandeld.<\/p>","protected":false},"excerpt":{"rendered":"<p>Vous pouvez obtenir EBK Crystal en ligne. Obtenez EB-Bk en ligne : Toute personne de plus de dix-huit ans peut obtenir EB-Bk, les nouveaux produits chimiques stimulants, en ligne aupr\u00e8s de Buy Nembutal, un d\u00e9taillant en ligne r\u00e9put\u00e9 de produits chimiques de recherche. Il est commercialis\u00e9 comme substitut du N-\u00e9thylpentyl\u00e8ne et est disponible sous forme [&hellip;]<\/p>","protected":false},"featured_media":2697,"comment_status":"open","ping_status":"closed","template":"","meta":{"_joinchat":[]},"product_brand":[],"product_cat":[386,385],"product_tag":[],"class_list":{"0":"post-2684","1":"product","2":"type-product","3":"status-publish","4":"has-post-thumbnail","6":"product_cat-cannabinoids","7":"product_cat-forschung-schemikalien","9":"first","10":"instock","11":"shipping-taxable","12":"purchasable","13":"product-type-variable"},"yoast_head":"<!-- This site is optimized with the Yoast SEO plugin v23.5 - https:\/\/yoast.com\/wordpress\/plugins\/seo\/ -->\n<title>Acheter EB-BK en ligne - EB-BK \u00e0 vendre - Commander EB-BK<\/title>\n<meta name=\"description\" content=\"Si vous souhaitez acheter EB-BK en ligne et recherchez une boutique en ligne fiable, achetez ici. Nous proposons uniquement des EB-BK de haute qualit\u00e9 \u00e0 un prix abordable. Commandez EB-BK maintenant !\" \/>\n<meta name=\"robots\" content=\"index, follow, max-snippet:-1, max-image-preview:large, max-video-preview:-1\" \/>\n<link rel=\"canonical\" href=\"https:\/\/nembutalboutique.com\/nl\/product\/eb-bk-online-kopen\/\" \/>\n<meta property=\"og:locale\" content=\"nl_BE\" \/>\n<meta property=\"og:type\" content=\"article\" \/>\n<meta property=\"og:title\" content=\"Acheter EB-BK en ligne - EB-BK \u00e0 vendre - Commander EB-BK\" \/>\n<meta property=\"og:description\" content=\"Si vous souhaitez acheter EB-BK en ligne et recherchez une boutique en ligne fiable, achetez ici. Nous proposons uniquement des EB-BK de haute qualit\u00e9 \u00e0 un prix abordable. Commandez EB-BK maintenant !\" \/>\n<meta property=\"og:url\" content=\"https:\/\/nembutalboutique.com\/nl\/product\/eb-bk-online-kopen\/\" \/>\n<meta property=\"og:site_name\" content=\"Nembutal Boutique\" \/>\n<meta property=\"article:modified_time\" content=\"2024-09-20T11:00:09+00:00\" \/>\n<meta property=\"og:image\" content=\"https:\/\/nembutalboutique.com\/wp-content\/uploads\/2024\/09\/EB-Bk.gif\" \/>\n\t<meta property=\"og:image:width\" content=\"600\" \/>\n\t<meta property=\"og:image:height\" content=\"600\" \/>\n\t<meta property=\"og:image:type\" content=\"image\/gif\" \/>\n<meta name=\"twitter:card\" content=\"summary_large_image\" \/>\n<meta name=\"twitter:label1\" content=\"Geschatte leestijd\" \/>\n\t<meta name=\"twitter:data1\" content=\"4 minuten\" \/>\n<script type=\"application\/ld+json\" class=\"yoast-schema-graph\">{\"@context\":\"https:\/\/schema.org\",\"@graph\":[{\"@type\":\"WebPage\",\"@id\":\"https:\/\/nembutalboutique.com\/produit\/eb-bk\/\",\"url\":\"https:\/\/nembutalboutique.com\/produit\/eb-bk\/\",\"name\":\"Acheter EB-BK en ligne - EB-BK \u00e0 vendre - Commander EB-BK\",\"isPartOf\":{\"@id\":\"https:\/\/nembutalboutique.com\/#website\"},\"primaryImageOfPage\":{\"@id\":\"https:\/\/nembutalboutique.com\/produit\/eb-bk\/#primaryimage\"},\"image\":{\"@id\":\"https:\/\/nembutalboutique.com\/produit\/eb-bk\/#primaryimage\"},\"thumbnailUrl\":\"https:\/\/nembutalboutique.com\/wp-content\/uploads\/2024\/09\/EB-Bk.gif\",\"datePublished\":\"2024-09-16T08:11:43+00:00\",\"dateModified\":\"2024-09-20T11:00:09+00:00\",\"description\":\"Si vous souhaitez acheter EB-BK en ligne et recherchez une boutique en ligne fiable, achetez ici. Nous proposons uniquement des EB-BK de haute qualit\u00e9 \u00e0 un prix abordable. Commandez EB-BK maintenant !\",\"breadcrumb\":{\"@id\":\"https:\/\/nembutalboutique.com\/produit\/eb-bk\/#breadcrumb\"},\"inLanguage\":\"nl-BE\",\"potentialAction\":[{\"@type\":\"ReadAction\",\"target\":[\"https:\/\/nembutalboutique.com\/produit\/eb-bk\/\"]}]},{\"@type\":\"ImageObject\",\"inLanguage\":\"nl-BE\",\"@id\":\"https:\/\/nembutalboutique.com\/produit\/eb-bk\/#primaryimage\",\"url\":\"https:\/\/nembutalboutique.com\/wp-content\/uploads\/2024\/09\/EB-Bk.gif\",\"contentUrl\":\"https:\/\/nembutalboutique.com\/wp-content\/uploads\/2024\/09\/EB-Bk.gif\",\"width\":600,\"height\":600,\"caption\":\"Acheter EB-Bk.gif\"},{\"@type\":\"BreadcrumbList\",\"@id\":\"https:\/\/nembutalboutique.com\/produit\/eb-bk\/#breadcrumb\",\"itemListElement\":[{\"@type\":\"ListItem\",\"position\":1,\"name\":\"Home\",\"item\":\"https:\/\/nembutalboutique.com\/\"},{\"@type\":\"ListItem\",\"position\":2,\"name\":\"Boutique\",\"item\":\"https:\/\/nembutalboutique.com\/shop\/\"},{\"@type\":\"ListItem\",\"position\":3,\"name\":\"EB-Bk\"}]},{\"@type\":\"WebSite\",\"@id\":\"https:\/\/nembutalboutique.com\/#website\",\"url\":\"https:\/\/nembutalboutique.com\/\",\"name\":\"Nembutal Boutique\",\"description\":\"My WordPress Blog\",\"publisher\":{\"@id\":\"https:\/\/nembutalboutique.com\/#organization\"},\"potentialAction\":[{\"@type\":\"SearchAction\",\"target\":{\"@type\":\"EntryPoint\",\"urlTemplate\":\"https:\/\/nembutalboutique.com\/?s={search_term_string}\"},\"query-input\":{\"@type\":\"PropertyValueSpecification\",\"valueRequired\":true,\"valueName\":\"search_term_string\"}}],\"inLanguage\":\"nl-BE\"},{\"@type\":\"Organization\",\"@id\":\"https:\/\/nembutalboutique.com\/#organization\",\"name\":\"Nembutal Boutique\",\"url\":\"https:\/\/nembutalboutique.com\/\",\"logo\":{\"@type\":\"ImageObject\",\"inLanguage\":\"nl-BE\",\"@id\":\"https:\/\/nembutalboutique.com\/#\/schema\/logo\/image\/\",\"url\":\"https:\/\/nembutalboutique.com\/wp-content\/uploads\/2024\/01\/logo.png\",\"contentUrl\":\"https:\/\/nembutalboutique.com\/wp-content\/uploads\/2024\/01\/logo.png\",\"width\":494,\"height\":121,\"caption\":\"Nembutal Boutique\"},\"image\":{\"@id\":\"https:\/\/nembutalboutique.com\/#\/schema\/logo\/image\/\"}}]}<\/script>\n<!-- \/ Yoast SEO plugin. -->","yoast_head_json":{"title":"EB-BK online kopen - EB-BK te koop - EB-BK bestellen","description":"Als je EB-BK online wilt kopen en op zoek bent naar een betrouwbare online winkel, koop dan hier. Wij bieden alleen EB-BK van hoge kwaliteit tegen een betaalbare prijs. Bestel EB-BK nu!","robots":{"index":"index","follow":"follow","max-snippet":"max-snippet:-1","max-image-preview":"max-image-preview:large","max-video-preview":"max-video-preview:-1"},"canonical":"https:\/\/nembutalboutique.com\/nl\/product\/eb-bk-online-kopen\/","og_locale":"nl_BE","og_type":"article","og_title":"Acheter EB-BK en ligne - EB-BK \u00e0 vendre - Commander EB-BK","og_description":"Si vous souhaitez acheter EB-BK en ligne et recherchez une boutique en ligne fiable, achetez ici. Nous proposons uniquement des EB-BK de haute qualit\u00e9 \u00e0 un prix abordable. Commandez EB-BK maintenant !","og_url":"https:\/\/nembutalboutique.com\/nl\/product\/eb-bk-online-kopen\/","og_site_name":"Nembutal Boutique","article_modified_time":"2024-09-20T11:00:09+00:00","og_image":[{"width":600,"height":600,"url":"https:\/\/nembutalboutique.com\/wp-content\/uploads\/2024\/09\/EB-Bk.gif","type":"image\/gif"}],"twitter_card":"summary_large_image","twitter_misc":{"Geschatte leestijd":"4 minuten"},"schema":{"@context":"https:\/\/schema.org","@graph":[{"@type":"WebPage","@id":"https:\/\/nembutalboutique.com\/produit\/eb-bk\/","url":"https:\/\/nembutalboutique.com\/produit\/eb-bk\/","name":"EB-BK online kopen - EB-BK te koop - EB-BK bestellen","isPartOf":{"@id":"https:\/\/nembutalboutique.com\/#website"},"primaryImageOfPage":{"@id":"https:\/\/nembutalboutique.com\/produit\/eb-bk\/#primaryimage"},"image":{"@id":"https:\/\/nembutalboutique.com\/produit\/eb-bk\/#primaryimage"},"thumbnailUrl":"https:\/\/nembutalboutique.com\/wp-content\/uploads\/2024\/09\/EB-Bk.gif","datePublished":"2024-09-16T08:11:43+00:00","dateModified":"2024-09-20T11:00:09+00:00","description":"Als je EB-BK online wilt kopen en op zoek bent naar een betrouwbare online winkel, koop dan hier. Wij bieden alleen EB-BK van hoge kwaliteit tegen een betaalbare prijs. Bestel EB-BK nu!","breadcrumb":{"@id":"https:\/\/nembutalboutique.com\/produit\/eb-bk\/#breadcrumb"},"inLanguage":"nl-BE","potentialAction":[{"@type":"ReadAction","target":["https:\/\/nembutalboutique.com\/produit\/eb-bk\/"]}]},{"@type":"ImageObject","inLanguage":"nl-BE","@id":"https:\/\/nembutalboutique.com\/produit\/eb-bk\/#primaryimage","url":"https:\/\/nembutalboutique.com\/wp-content\/uploads\/2024\/09\/EB-Bk.gif","contentUrl":"https:\/\/nembutalboutique.com\/wp-content\/uploads\/2024\/09\/EB-Bk.gif","width":600,"height":600,"caption":"Acheter EB-Bk.gif"},{"@type":"BreadcrumbList","@id":"https:\/\/nembutalboutique.com\/produit\/eb-bk\/#breadcrumb","itemListElement":[{"@type":"ListItem","position":1,"name":"Home","item":"https:\/\/nembutalboutique.com\/"},{"@type":"ListItem","position":2,"name":"Boutique","item":"https:\/\/nembutalboutique.com\/shop\/"},{"@type":"ListItem","position":3,"name":"EB-Bk"}]},{"@type":"WebSite","@id":"https:\/\/nembutalboutique.com\/#website","url":"https:\/\/nembutalboutique.com\/","name":"Nembutal winkel","description":"Mijn WordPress Blog","publisher":{"@id":"https:\/\/nembutalboutique.com\/#organization"},"potentialAction":[{"@type":"SearchAction","target":{"@type":"EntryPoint","urlTemplate":"https:\/\/nembutalboutique.com\/?s={search_term_string}"},"query-input":{"@type":"PropertyValueSpecification","valueRequired":true,"valueName":"search_term_string"}}],"inLanguage":"nl-BE"},{"@type":"Organization","@id":"https:\/\/nembutalboutique.com\/#organization","name":"Nembutal winkel","url":"https:\/\/nembutalboutique.com\/","logo":{"@type":"ImageObject","inLanguage":"nl-BE","@id":"https:\/\/nembutalboutique.com\/#\/schema\/logo\/image\/","url":"https:\/\/nembutalboutique.com\/wp-content\/uploads\/2024\/01\/logo.png","contentUrl":"https:\/\/nembutalboutique.com\/wp-content\/uploads\/2024\/01\/logo.png","width":494,"height":121,"caption":"Nembutal Boutique"},"image":{"@id":"https:\/\/nembutalboutique.com\/#\/schema\/logo\/image\/"}}]}},"_links":{"self":[{"href":"https:\/\/nembutalboutique.com\/nl\/wp-json\/wp\/v2\/product\/2684"}],"collection":[{"href":"https:\/\/nembutalboutique.com\/nl\/wp-json\/wp\/v2\/product"}],"about":[{"href":"https:\/\/nembutalboutique.com\/nl\/wp-json\/wp\/v2\/types\/product"}],"replies":[{"embeddable":true,"href":"https:\/\/nembutalboutique.com\/nl\/wp-json\/wp\/v2\/comments?post=2684"}],"wp:featuredmedia":[{"embeddable":true,"href":"https:\/\/nembutalboutique.com\/nl\/wp-json\/wp\/v2\/media\/2697"}],"wp:attachment":[{"href":"https:\/\/nembutalboutique.com\/nl\/wp-json\/wp\/v2\/media?parent=2684"}],"wp:term":[{"taxonomy":"product_brand","embeddable":true,"href":"https:\/\/nembutalboutique.com\/nl\/wp-json\/wp\/v2\/product_brand?post=2684"},{"taxonomy":"product_cat","embeddable":true,"href":"https:\/\/nembutalboutique.com\/nl\/wp-json\/wp\/v2\/product_cat?post=2684"},{"taxonomy":"product_tag","embeddable":true,"href":"https:\/\/nembutalboutique.com\/nl\/wp-json\/wp\/v2\/product_tag?post=2684"}],"curies":[{"name":"wp","href":"https:\/\/api.w.org\/{rel}","templated":true}]}}