{"id":2682,"date":"2024-09-16T08:11:42","date_gmt":"2024-09-16T08:11:42","guid":{"rendered":"https:\/\/nembutalboutique.com\/?post_type=product&#038;p=2682"},"modified":"2024-09-20T10:59:51","modified_gmt":"2024-09-20T10:59:51","slug":"3b-rpvp","status":"publish","type":"product","link":"https:\/\/nembutalboutique.com\/nl\/product\/3b-rpvp-online-kopen\/","title":{"rendered":"3B-RPVP"},"content":{"rendered":"<h2>Achetez 3B-RPVP en ligne<\/h2>\n<p>Salutations de Nembutalboutique, la source la plus fiable de 3BR-PvP et d&rsquo;autres cannabino\u00efdes synth\u00e9tiques de l&rsquo;industrie. Que vous habitiez en Europe, aux \u00c9tats-Unis, au Canada, en Australie ou en Nouvelle-Z\u00e9lande, nous vous proposons des moyens simples d&rsquo;acheter du 3BR-PvP en ligne. Nous nous d\u00e9marquons des autres fournisseurs par notre d\u00e9vouement \u00e0 la qualit\u00e9 et \u00e0 la satisfaction de la client\u00e8le, ce qui fait de nous votre premier choix pour tous vos besoins en <a href=\"https:\/\/nembutalboutique.com\/produit\/3b-rpvp\/\">3BR-PvP<\/a>.<\/p>\n<p>Chez Nembutalboutique, nous comprenons \u00e0 quel point il est crucial de fournir \u00e0 nos clients une boutique en ligne fiable et s\u00e9curis\u00e9e pour acheter du 3BR-PvP. Nous avons donc acc\u00e8s \u00e0 une technologie de cryptage de pointe pour garantir que votre paiement et vos informations personnelles sont s\u00e9curis\u00e9s \u00e0 tout moment. Nous esp\u00e9rons que la facilit\u00e9 d&rsquo;utilisation et de navigation de notre site Web vous permettra de parcourir facilement notre vaste s\u00e9lection d&rsquo;articles 3BR-PvP.<\/p>\n<p>Vous pouvez obtenir du 3br-pvp chez Nembutalboutique en toute confiance pour vous assurer d&rsquo;obtenir le meilleur produit possible. Nous travaillons en \u00e9troite collaboration avec des producteurs r\u00e9put\u00e9s qui adh\u00e8rent \u00e0 des directives strictes de contr\u00f4le de la qualit\u00e9. Chaque charge <a href=\"https:\/\/en.wikipedia.org\/wiki\/3F-PVP\">3br-PvP<\/a> subit des tests approfondis pour garantir la fiabilit\u00e9 et la coh\u00e9rence. Nous valorisons l&rsquo;honn\u00eatet\u00e9, c&rsquo;est pourquoi nous fournissons des informations compl\u00e8tes sur les produits, y compris les r\u00e9sultats de recherche, pour vous aider \u00e0 prendre une d\u00e9cision \u00e9clair\u00e9e avant de faire un achat.<\/p>\n<p>En plus de fournir 3BR-PvP Premium, nous offrons \u00e9galement un excellent service client. Nous sommes l\u00e0 pour r\u00e9pondre \u00e0 toutes vos questions sur nos produits ou le processus d&rsquo;achat. Notre \u00e9quipe est enti\u00e8rement dot\u00e9e en personnel et enti\u00e8rement \u00e9quip\u00e9e. Notre objectif est de fournir un service rapide et efficace tout en garantissant que votre transaction est compl\u00e9t\u00e9e et envoy\u00e9e \u00e0 temps.<\/p>\n<p>Lorsqu&rsquo;il s&rsquo;agit d&rsquo;acheter 3BR-PvP en ligne, la confiance est cruciale. \u00c9tant donn\u00e9 que NembuKauFlog est un fournisseur r\u00e9put\u00e9 avec des ann\u00e9es d&rsquo;exp\u00e9rience dans ce domaine, vous pouvez travailler avec eux en toute confiance. Gr\u00e2ce \u00e0 notre engagement envers l&rsquo;excellence, la fiabilit\u00e9 et la satisfaction de la client\u00e8le, nous avons b\u00e2ti une solide r\u00e9putation.<\/p>\n<p>Alors pourquoi attendre ? Profitez de notre processus de commande en ligne facile et achetez 3BR-PVP aupr\u00e8s du fournisseur le plus fiable du secteur. D\u00e9couvrez les diff\u00e9rences entre Nembutalboutique et pourquoi nous sommes toujours le premier choix des clients du monde entier. Achetez 3B-RPVP .<\/p>\n<h3>3BR-PVP Kristall : qu&rsquo;est-ce que c&rsquo;est ?<\/h3>\n<p>Tout d&rsquo;abord, acheter 3BRPVP Kristall en ligne chez Nembutal est totalement sans risque. 3BRPVP est pr\u00e9sent\u00e9 comme un substitut de la cathinone. La cathinone substitu\u00e9e est disponible dans une grande vari\u00e9t\u00e9 et en abondance. Ses caract\u00e9ristiques distinctives comprennent un maillage broy\u00e9 de ph\u00e9n\u00e9thylamine avec une c\u00e9tone en position b\u00eata et un substitut alkyle en position alpha qui est adjacent au carbone de la substance en b\u00e2ton. Achetez 3BR-PVP Crystal dans notre boutique en ligne.<\/p>","protected":false},"excerpt":{"rendered":"<p>Achetez 3B-RPVP en ligne Salutations de Nembutalboutique, la source la plus fiable de 3BR-PvP et d&rsquo;autres cannabino\u00efdes synth\u00e9tiques de l&rsquo;industrie. Que vous habitiez en Europe, aux \u00c9tats-Unis, au Canada, en Australie ou en Nouvelle-Z\u00e9lande, nous vous proposons des moyens simples d&rsquo;acheter du 3BR-PvP en ligne. Nous nous d\u00e9marquons des autres fournisseurs par notre d\u00e9vouement \u00e0 [&hellip;]<\/p>","protected":false},"featured_media":2695,"comment_status":"open","ping_status":"closed","template":"","meta":{"_joinchat":[]},"product_brand":[],"product_cat":[386],"product_tag":[419,420,421,422,423,424,425,426,427,428,429,430,431,432,433,434,435,436,437,438,439,440,441,442,443,444,445,446],"class_list":{"0":"post-2682","1":"product","2":"type-product","3":"status-publish","4":"has-post-thumbnail","6":"product_cat-cannabinoids","7":"product_tag-3brpvp-kristall-online","8":"product_tag-3brpvp-kristall-pulver-liefern","9":"product_tag-alprazolam-pulver-zu-verkaufen","10":"product_tag-bestellen-sie-3br-pvp","11":"product_tag-3br-pvp-kaufen","12":"product_tag-3brpvp-99","13":"product_tag-3brpvp-zu-verkaufen","14":"product_tag-5-hohe-reinheit","15":"product_tag-alprazolam-pulver","16":"product_tag-alprazolam-pulver-kaufen","17":"product_tag-alprazolam-pulver-online-kaufen","18":"product_tag-alprazolam-pulver-preis","19":"product_tag-alprazolam-zu-verkaufen","20":"product_tag-authentic-chemicals-verkauf","21":"product_tag-chemieladen-in-meiner-nahe-chemische-handler","22":"product_tag-chemielieferanten-in-meiner-nahe","23":"product_tag-chemikalien","24":"product_tag-chemikalien-liefern","25":"product_tag-chemische-versorgung","26":"product_tag-chemische-versorgung-speichern","27":"product_tag-chemische-versorgung-unternehmen","28":"product_tag-forschungschemikalien","29":"product_tag-forschungschemikalien-lieferant","30":"product_tag-forschungschemikalien-online-kaufen","31":"product_tag-kaufen-alprazolam-pulver","32":"product_tag-kaufen-alprazolam-pulver-online","33":"product_tag-lieferanten-von-industriechemikalien","34":"product_tag-rohchemikalien-lieferanten","36":"first","37":"instock","38":"shipping-taxable","39":"purchasable","40":"product-type-variable"},"yoast_head":"<!-- This site is optimized with the Yoast SEO plugin v23.5 - https:\/\/yoast.com\/wordpress\/plugins\/seo\/ -->\n<title>Achetez 3B-RPVP en ligne - 3B-RPVP \u00e0 vendre<\/title>\n<meta name=\"description\" content=\"Votre commande de 3B-RPVP \u00e0 vendre est notre responsabilit\u00e9. Nous prendrons en compte votre demande d&#039;achat de 3B-RPVP en ligne et vous r\u00e9pondrons dans les plus brefs d\u00e9lais. Passez des commandes group\u00e9es d\u00e8s maintenant !\" \/>\n<meta name=\"robots\" content=\"index, follow, max-snippet:-1, max-image-preview:large, max-video-preview:-1\" \/>\n<link rel=\"canonical\" href=\"https:\/\/nembutalboutique.com\/nl\/product\/3b-rpvp-online-kopen\/\" \/>\n<meta property=\"og:locale\" content=\"nl_BE\" \/>\n<meta property=\"og:type\" content=\"article\" \/>\n<meta property=\"og:title\" content=\"Achetez 3B-RPVP en ligne - 3B-RPVP \u00e0 vendre\" \/>\n<meta property=\"og:description\" content=\"Votre commande de 3B-RPVP \u00e0 vendre est notre responsabilit\u00e9. Nous prendrons en compte votre demande d&#039;achat de 3B-RPVP en ligne et vous r\u00e9pondrons dans les plus brefs d\u00e9lais. Passez des commandes group\u00e9es d\u00e8s maintenant !\" \/>\n<meta property=\"og:url\" content=\"https:\/\/nembutalboutique.com\/nl\/product\/3b-rpvp-online-kopen\/\" \/>\n<meta property=\"og:site_name\" content=\"Nembutal Boutique\" \/>\n<meta property=\"article:modified_time\" content=\"2024-09-20T10:59:51+00:00\" \/>\n<meta property=\"og:image\" content=\"https:\/\/nembutalboutique.com\/wp-content\/uploads\/2024\/09\/3F-apvp.gif\" \/>\n\t<meta property=\"og:image:width\" content=\"600\" \/>\n\t<meta property=\"og:image:height\" content=\"600\" \/>\n\t<meta property=\"og:image:type\" content=\"image\/gif\" \/>\n<meta name=\"twitter:card\" content=\"summary_large_image\" \/>\n<meta name=\"twitter:label1\" content=\"Geschatte leestijd\" \/>\n\t<meta name=\"twitter:data1\" content=\"3 minuten\" \/>\n<script type=\"application\/ld+json\" class=\"yoast-schema-graph\">{\"@context\":\"https:\/\/schema.org\",\"@graph\":[{\"@type\":\"WebPage\",\"@id\":\"https:\/\/nembutalboutique.com\/produit\/3b-rpvp\/\",\"url\":\"https:\/\/nembutalboutique.com\/produit\/3b-rpvp\/\",\"name\":\"Achetez 3B-RPVP en ligne - 3B-RPVP \u00e0 vendre\",\"isPartOf\":{\"@id\":\"https:\/\/nembutalboutique.com\/#website\"},\"primaryImageOfPage\":{\"@id\":\"https:\/\/nembutalboutique.com\/produit\/3b-rpvp\/#primaryimage\"},\"image\":{\"@id\":\"https:\/\/nembutalboutique.com\/produit\/3b-rpvp\/#primaryimage\"},\"thumbnailUrl\":\"https:\/\/nembutalboutique.com\/wp-content\/uploads\/2024\/09\/3F-apvp.gif\",\"datePublished\":\"2024-09-16T08:11:42+00:00\",\"dateModified\":\"2024-09-20T10:59:51+00:00\",\"description\":\"Votre commande de 3B-RPVP \u00e0 vendre est notre responsabilit\u00e9. Nous prendrons en compte votre demande d'achat de 3B-RPVP en ligne et vous r\u00e9pondrons dans les plus brefs d\u00e9lais. Passez des commandes group\u00e9es d\u00e8s maintenant !\",\"breadcrumb\":{\"@id\":\"https:\/\/nembutalboutique.com\/produit\/3b-rpvp\/#breadcrumb\"},\"inLanguage\":\"nl-BE\",\"potentialAction\":[{\"@type\":\"ReadAction\",\"target\":[\"https:\/\/nembutalboutique.com\/produit\/3b-rpvp\/\"]}]},{\"@type\":\"ImageObject\",\"inLanguage\":\"nl-BE\",\"@id\":\"https:\/\/nembutalboutique.com\/produit\/3b-rpvp\/#primaryimage\",\"url\":\"https:\/\/nembutalboutique.com\/wp-content\/uploads\/2024\/09\/3F-apvp.gif\",\"contentUrl\":\"https:\/\/nembutalboutique.com\/wp-content\/uploads\/2024\/09\/3F-apvp.gif\",\"width\":600,\"height\":600,\"caption\":\"Achetez 3B-RPVP\"},{\"@type\":\"BreadcrumbList\",\"@id\":\"https:\/\/nembutalboutique.com\/produit\/3b-rpvp\/#breadcrumb\",\"itemListElement\":[{\"@type\":\"ListItem\",\"position\":1,\"name\":\"Home\",\"item\":\"https:\/\/nembutalboutique.com\/\"},{\"@type\":\"ListItem\",\"position\":2,\"name\":\"Boutique\",\"item\":\"https:\/\/nembutalboutique.com\/shop\/\"},{\"@type\":\"ListItem\",\"position\":3,\"name\":\"3B-RPVP\"}]},{\"@type\":\"WebSite\",\"@id\":\"https:\/\/nembutalboutique.com\/#website\",\"url\":\"https:\/\/nembutalboutique.com\/\",\"name\":\"Nembutal Boutique\",\"description\":\"My WordPress Blog\",\"publisher\":{\"@id\":\"https:\/\/nembutalboutique.com\/#organization\"},\"potentialAction\":[{\"@type\":\"SearchAction\",\"target\":{\"@type\":\"EntryPoint\",\"urlTemplate\":\"https:\/\/nembutalboutique.com\/?s={search_term_string}\"},\"query-input\":{\"@type\":\"PropertyValueSpecification\",\"valueRequired\":true,\"valueName\":\"search_term_string\"}}],\"inLanguage\":\"nl-BE\"},{\"@type\":\"Organization\",\"@id\":\"https:\/\/nembutalboutique.com\/#organization\",\"name\":\"Nembutal Boutique\",\"url\":\"https:\/\/nembutalboutique.com\/\",\"logo\":{\"@type\":\"ImageObject\",\"inLanguage\":\"nl-BE\",\"@id\":\"https:\/\/nembutalboutique.com\/#\/schema\/logo\/image\/\",\"url\":\"https:\/\/nembutalboutique.com\/wp-content\/uploads\/2024\/01\/logo.png\",\"contentUrl\":\"https:\/\/nembutalboutique.com\/wp-content\/uploads\/2024\/01\/logo.png\",\"width\":494,\"height\":121,\"caption\":\"Nembutal Boutique\"},\"image\":{\"@id\":\"https:\/\/nembutalboutique.com\/#\/schema\/logo\/image\/\"}}]}<\/script>\n<!-- \/ Yoast SEO plugin. -->","yoast_head_json":{"title":"Achetez 3B-RPVP en ligne - 3B-RPVP \u00e0 vendre","description":"Votre commande de 3B-RPVP \u00e0 vendre est notre responsabilit\u00e9. Nous prendrons en compte votre demande d'achat de 3B-RPVP en ligne et vous r\u00e9pondrons dans les plus brefs d\u00e9lais. Passez des commandes group\u00e9es d\u00e8s maintenant !","robots":{"index":"index","follow":"follow","max-snippet":"max-snippet:-1","max-image-preview":"max-image-preview:large","max-video-preview":"max-video-preview:-1"},"canonical":"https:\/\/nembutalboutique.com\/nl\/product\/3b-rpvp-online-kopen\/","og_locale":"nl_BE","og_type":"article","og_title":"Achetez 3B-RPVP en ligne - 3B-RPVP \u00e0 vendre","og_description":"Votre commande de 3B-RPVP \u00e0 vendre est notre responsabilit\u00e9. Nous prendrons en compte votre demande d'achat de 3B-RPVP en ligne et vous r\u00e9pondrons dans les plus brefs d\u00e9lais. Passez des commandes group\u00e9es d\u00e8s maintenant !","og_url":"https:\/\/nembutalboutique.com\/nl\/product\/3b-rpvp-online-kopen\/","og_site_name":"Nembutal Boutique","article_modified_time":"2024-09-20T10:59:51+00:00","og_image":[{"width":600,"height":600,"url":"https:\/\/nembutalboutique.com\/wp-content\/uploads\/2024\/09\/3F-apvp.gif","type":"image\/gif"}],"twitter_card":"summary_large_image","twitter_misc":{"Geschatte leestijd":"3 minuten"},"schema":{"@context":"https:\/\/schema.org","@graph":[{"@type":"WebPage","@id":"https:\/\/nembutalboutique.com\/produit\/3b-rpvp\/","url":"https:\/\/nembutalboutique.com\/produit\/3b-rpvp\/","name":"Achetez 3B-RPVP en ligne - 3B-RPVP \u00e0 vendre","isPartOf":{"@id":"https:\/\/nembutalboutique.com\/#website"},"primaryImageOfPage":{"@id":"https:\/\/nembutalboutique.com\/produit\/3b-rpvp\/#primaryimage"},"image":{"@id":"https:\/\/nembutalboutique.com\/produit\/3b-rpvp\/#primaryimage"},"thumbnailUrl":"https:\/\/nembutalboutique.com\/wp-content\/uploads\/2024\/09\/3F-apvp.gif","datePublished":"2024-09-16T08:11:42+00:00","dateModified":"2024-09-20T10:59:51+00:00","description":"Votre commande de 3B-RPVP \u00e0 vendre est notre responsabilit\u00e9. Nous prendrons en compte votre demande d'achat de 3B-RPVP en ligne et vous r\u00e9pondrons dans les plus brefs d\u00e9lais. Passez des commandes group\u00e9es d\u00e8s maintenant !","breadcrumb":{"@id":"https:\/\/nembutalboutique.com\/produit\/3b-rpvp\/#breadcrumb"},"inLanguage":"nl-BE","potentialAction":[{"@type":"ReadAction","target":["https:\/\/nembutalboutique.com\/produit\/3b-rpvp\/"]}]},{"@type":"ImageObject","inLanguage":"nl-BE","@id":"https:\/\/nembutalboutique.com\/produit\/3b-rpvp\/#primaryimage","url":"https:\/\/nembutalboutique.com\/wp-content\/uploads\/2024\/09\/3F-apvp.gif","contentUrl":"https:\/\/nembutalboutique.com\/wp-content\/uploads\/2024\/09\/3F-apvp.gif","width":600,"height":600,"caption":"Achetez 3B-RPVP"},{"@type":"BreadcrumbList","@id":"https:\/\/nembutalboutique.com\/produit\/3b-rpvp\/#breadcrumb","itemListElement":[{"@type":"ListItem","position":1,"name":"Home","item":"https:\/\/nembutalboutique.com\/"},{"@type":"ListItem","position":2,"name":"Boutique","item":"https:\/\/nembutalboutique.com\/shop\/"},{"@type":"ListItem","position":3,"name":"3B-RPVP"}]},{"@type":"WebSite","@id":"https:\/\/nembutalboutique.com\/#website","url":"https:\/\/nembutalboutique.com\/","name":"Nembutal winkel","description":"Mijn WordPress Blog","publisher":{"@id":"https:\/\/nembutalboutique.com\/#organization"},"potentialAction":[{"@type":"SearchAction","target":{"@type":"EntryPoint","urlTemplate":"https:\/\/nembutalboutique.com\/?s={search_term_string}"},"query-input":{"@type":"PropertyValueSpecification","valueRequired":true,"valueName":"search_term_string"}}],"inLanguage":"nl-BE"},{"@type":"Organization","@id":"https:\/\/nembutalboutique.com\/#organization","name":"Nembutal winkel","url":"https:\/\/nembutalboutique.com\/","logo":{"@type":"ImageObject","inLanguage":"nl-BE","@id":"https:\/\/nembutalboutique.com\/#\/schema\/logo\/image\/","url":"https:\/\/nembutalboutique.com\/wp-content\/uploads\/2024\/01\/logo.png","contentUrl":"https:\/\/nembutalboutique.com\/wp-content\/uploads\/2024\/01\/logo.png","width":494,"height":121,"caption":"Nembutal Boutique"},"image":{"@id":"https:\/\/nembutalboutique.com\/#\/schema\/logo\/image\/"}}]}},"_links":{"self":[{"href":"https:\/\/nembutalboutique.com\/nl\/wp-json\/wp\/v2\/product\/2682"}],"collection":[{"href":"https:\/\/nembutalboutique.com\/nl\/wp-json\/wp\/v2\/product"}],"about":[{"href":"https:\/\/nembutalboutique.com\/nl\/wp-json\/wp\/v2\/types\/product"}],"replies":[{"embeddable":true,"href":"https:\/\/nembutalboutique.com\/nl\/wp-json\/wp\/v2\/comments?post=2682"}],"wp:featuredmedia":[{"embeddable":true,"href":"https:\/\/nembutalboutique.com\/nl\/wp-json\/wp\/v2\/media\/2695"}],"wp:attachment":[{"href":"https:\/\/nembutalboutique.com\/nl\/wp-json\/wp\/v2\/media?parent=2682"}],"wp:term":[{"taxonomy":"product_brand","embeddable":true,"href":"https:\/\/nembutalboutique.com\/nl\/wp-json\/wp\/v2\/product_brand?post=2682"},{"taxonomy":"product_cat","embeddable":true,"href":"https:\/\/nembutalboutique.com\/nl\/wp-json\/wp\/v2\/product_cat?post=2682"},{"taxonomy":"product_tag","embeddable":true,"href":"https:\/\/nembutalboutique.com\/nl\/wp-json\/wp\/v2\/product_tag?post=2682"}],"curies":[{"name":"wp","href":"https:\/\/api.w.org\/{rel}","templated":true}]}}