{"id":2645,"date":"2024-09-16T08:11:27","date_gmt":"2024-09-16T08:11:27","guid":{"rendered":"https:\/\/nembutalboutique.com\/?post_type=product&#038;p=2645"},"modified":"2024-09-21T03:57:46","modified_gmt":"2024-09-21T03:57:46","slug":"mfpep","status":"publish","type":"product","link":"https:\/\/nembutalboutique.com\/nl\/product\/mfpep-online-kopen\/","title":{"rendered":"MFPEP"},"content":{"rendered":"<h2>Koop MFPEP online bij toonaangevende leveranciers en wederverkopers.<\/h2>\n<p><a href=\"https:\/\/nembutalboutique.com\/produit\/mfpep\/\">MFPEP<\/a> is beschikbaar om online te kopen bij. Wij beschouwen onszelf als de meest competente en deskundige online leveranciers en beheerders van MFPEP. Als je in de VS, Australi\u00eb, Canada of Europa woont, is het online kopen van MFPEP heel eenvoudig.<\/p>\n<p>We werken met de beste researchchemicali\u00ebn en -poeders, omdat we zeer gespecialiseerd zijn op dit gebied. We helpen al een aantal jaren mensen die dat willen. Dit product wordt hier aangeboden tegen een scherpe prijs. Vertel ons nu wat je nodig hebt en wij zorgen er snel voor.<\/p>\n<h3>Waarom zou je kiezen voor de online MFPEP aangeboden door Nembutalboutique?<\/h3>\n<p><a href=\"https:\/\/en.namu.wiki\/w\/MDPOPE\">MFPEP<\/a> is nu verkrijgbaar in onze online shop. Bovendien zijn er veel dwingende redenen om ons te kiezen als uw favoriete reseller.<\/p>\n<p>We zitten al heel lang in dit vak.<\/p>\n<p>We zitten al vele jaren in deze branche.<\/p>\n<p>We werken met bekende, gevestigde bedrijven.<\/p>\n<p>We blijven uitstekende producten van hoge kwaliteit leveren die werken.<\/p>\n<p>Wij bieden onze klanten de snelste en veiligste levering.<\/p>\n<p>We verpakken al onze producten voor een veilige verzending.<\/p>\n<p>We bieden onze klanten ook een dienst na verkoop.<\/p>\n<h3>Waar kan ik MFPEP online kopen?<\/h3>\n<p>Bij NembuKauFlog ben je aan het juiste adres. Je kunt op onze online shop vertrouwen voor het beste op winkelgebied. We verzenden over de hele wereld. Je kunt ons altijd en overal ter wereld bereiken.<\/p>\n<p>Alle dingen die we hierboven hebben staan, zijn er om je te helpen. Met de hulp van onze online shop hoef je je nergens zorgen over te maken.<\/p>\n<p>Je kunt MFPEP volledig benutten.<\/p>\n<p>We zitten al vele jaren in deze branche.<\/p>\n<p>We werken met bekende, gevestigde bedrijven.<\/p>\n<p>We blijven uitstekende producten van hoge kwaliteit leveren die werken.<\/p>\n<p>Wij bieden onze klanten de snelste en veiligste levering.<\/p>\n<p>We verpakken al onze producten voor een veilige verzending.<\/p>\n<p>We bieden onze klanten ook een dienst na verkoop.<\/p>\n<h3>Waar kan ik MFPEP online kopen?<\/h3>\n<p>Nembutalboutique is de plek om dat te doen. Je kunt op onze online winkel vertrouwen voor het beste in shoppen. We verzenden onze goederen over de hele wereld. U kunt altijd contact met ons opnemen, waar ook ter wereld.<\/p>\n<p>Alle dingen die we hierboven hebben staan, zijn er om je te helpen. Met de hulp van onze online shop hoef je je nergens zorgen over te maken.<br \/>\nJe kunt MFPEP volledig benutten.<\/p>\n<p>Voeg eenvoudig iets toe aan je winkelmandje op onze offici\u00eble website. Door de betalingsoptie van je voorkeur te kiezen, kun je doorgaan met afrekenen. Maak je geen zorgen over je persoonlijke gegevens. Je persoonlijke gegevens zijn volledig veilig bij ons. Maak een afspraak met onze online shop om MFPEP van de beste fabrikanten en leveranciers te ontvangen. Koop MFPEP online!<\/p>","protected":false},"excerpt":{"rendered":"<p>Achetez du MFPEP en ligne aupr\u00e8s des principaux fournisseurs et revendeurs. Le MFPEP est disponible \u00e0 l&rsquo;achat en ligne sur. Nous nous consid\u00e9rons comme les fournisseurs et les gestionnaires en ligne de MFPEP les plus comp\u00e9tents et les plus comp\u00e9tents. Si vous vivez aux \u00c9tats-Unis, en Australie, au Canada ou en Europe, acheter du MFPEP [&hellip;]<\/p>","protected":false},"featured_media":2663,"comment_status":"open","ping_status":"closed","template":"","meta":{"_joinchat":[]},"product_brand":[],"product_cat":[385],"product_tag":[],"class_list":{"0":"post-2645","1":"product","2":"type-product","3":"status-publish","4":"has-post-thumbnail","6":"product_cat-forschung-schemikalien","8":"first","9":"instock","10":"shipping-taxable","11":"purchasable","12":"product-type-variable"},"yoast_head":"<!-- This site is optimized with the Yoast SEO plugin v23.5 - https:\/\/yoast.com\/wordpress\/plugins\/seo\/ -->\n<title>Achetez MFPEP en ligne - MFPEP \u00e0 vendre - Commandez MFPEP<\/title>\n<meta name=\"description\" content=\"Dans notre boutique Nembutal, vous pouvez acheter du MFPEP \u00e0 des prix avantageux. Nous ne vendons que des produits de qualit\u00e9 sup\u00e9rieure. Achetez d\u00e8s maintenant du MFPEP en ligne dans notre boutique avec un service d&#039;exp\u00e9dition rapide et s\u00e9curis\u00e9.\" \/>\n<meta name=\"robots\" content=\"index, follow, max-snippet:-1, max-image-preview:large, max-video-preview:-1\" \/>\n<link rel=\"canonical\" href=\"https:\/\/nembutalboutique.com\/nl\/product\/mfpep-online-kopen\/\" \/>\n<meta property=\"og:locale\" content=\"nl_BE\" \/>\n<meta property=\"og:type\" content=\"article\" \/>\n<meta property=\"og:title\" content=\"Achetez MFPEP en ligne - MFPEP \u00e0 vendre - Commandez MFPEP\" \/>\n<meta property=\"og:description\" content=\"Dans notre boutique Nembutal, vous pouvez acheter du MFPEP \u00e0 des prix avantageux. Nous ne vendons que des produits de qualit\u00e9 sup\u00e9rieure. Achetez d\u00e8s maintenant du MFPEP en ligne dans notre boutique avec un service d&#039;exp\u00e9dition rapide et s\u00e9curis\u00e9.\" \/>\n<meta property=\"og:url\" content=\"https:\/\/nembutalboutique.com\/nl\/product\/mfpep-online-kopen\/\" \/>\n<meta property=\"og:site_name\" content=\"Nembutal Boutique\" \/>\n<meta property=\"article:modified_time\" content=\"2024-09-21T03:57:46+00:00\" \/>\n<meta property=\"og:image\" content=\"https:\/\/nembutalboutique.com\/wp-content\/uploads\/2024\/09\/MFPEP.gif\" \/>\n\t<meta property=\"og:image:width\" content=\"600\" \/>\n\t<meta property=\"og:image:height\" content=\"600\" \/>\n\t<meta property=\"og:image:type\" content=\"image\/gif\" \/>\n<meta name=\"twitter:card\" content=\"summary_large_image\" \/>\n<meta name=\"twitter:label1\" content=\"Geschatte leestijd\" \/>\n\t<meta name=\"twitter:data1\" content=\"3 minuten\" \/>\n<script type=\"application\/ld+json\" class=\"yoast-schema-graph\">{\"@context\":\"https:\/\/schema.org\",\"@graph\":[{\"@type\":\"WebPage\",\"@id\":\"https:\/\/nembutalboutique.com\/produit\/mfpep\/\",\"url\":\"https:\/\/nembutalboutique.com\/produit\/mfpep\/\",\"name\":\"Achetez MFPEP en ligne - MFPEP \u00e0 vendre - Commandez MFPEP\",\"isPartOf\":{\"@id\":\"https:\/\/nembutalboutique.com\/#website\"},\"primaryImageOfPage\":{\"@id\":\"https:\/\/nembutalboutique.com\/produit\/mfpep\/#primaryimage\"},\"image\":{\"@id\":\"https:\/\/nembutalboutique.com\/produit\/mfpep\/#primaryimage\"},\"thumbnailUrl\":\"https:\/\/nembutalboutique.com\/wp-content\/uploads\/2024\/09\/MFPEP.gif\",\"datePublished\":\"2024-09-16T08:11:27+00:00\",\"dateModified\":\"2024-09-21T03:57:46+00:00\",\"description\":\"Dans notre boutique Nembutal, vous pouvez acheter du MFPEP \u00e0 des prix avantageux. Nous ne vendons que des produits de qualit\u00e9 sup\u00e9rieure. Achetez d\u00e8s maintenant du MFPEP en ligne dans notre boutique avec un service d'exp\u00e9dition rapide et s\u00e9curis\u00e9.\",\"breadcrumb\":{\"@id\":\"https:\/\/nembutalboutique.com\/produit\/mfpep\/#breadcrumb\"},\"inLanguage\":\"nl-BE\",\"potentialAction\":[{\"@type\":\"ReadAction\",\"target\":[\"https:\/\/nembutalboutique.com\/produit\/mfpep\/\"]}]},{\"@type\":\"ImageObject\",\"inLanguage\":\"nl-BE\",\"@id\":\"https:\/\/nembutalboutique.com\/produit\/mfpep\/#primaryimage\",\"url\":\"https:\/\/nembutalboutique.com\/wp-content\/uploads\/2024\/09\/MFPEP.gif\",\"contentUrl\":\"https:\/\/nembutalboutique.com\/wp-content\/uploads\/2024\/09\/MFPEP.gif\",\"width\":600,\"height\":600,\"caption\":\"Acheter MFPEP.gif\"},{\"@type\":\"BreadcrumbList\",\"@id\":\"https:\/\/nembutalboutique.com\/produit\/mfpep\/#breadcrumb\",\"itemListElement\":[{\"@type\":\"ListItem\",\"position\":1,\"name\":\"Home\",\"item\":\"https:\/\/nembutalboutique.com\/\"},{\"@type\":\"ListItem\",\"position\":2,\"name\":\"Boutique\",\"item\":\"https:\/\/nembutalboutique.com\/shop\/\"},{\"@type\":\"ListItem\",\"position\":3,\"name\":\"MFPEP\"}]},{\"@type\":\"WebSite\",\"@id\":\"https:\/\/nembutalboutique.com\/#website\",\"url\":\"https:\/\/nembutalboutique.com\/\",\"name\":\"Nembutal Boutique\",\"description\":\"My WordPress Blog\",\"publisher\":{\"@id\":\"https:\/\/nembutalboutique.com\/#organization\"},\"potentialAction\":[{\"@type\":\"SearchAction\",\"target\":{\"@type\":\"EntryPoint\",\"urlTemplate\":\"https:\/\/nembutalboutique.com\/?s={search_term_string}\"},\"query-input\":{\"@type\":\"PropertyValueSpecification\",\"valueRequired\":true,\"valueName\":\"search_term_string\"}}],\"inLanguage\":\"nl-BE\"},{\"@type\":\"Organization\",\"@id\":\"https:\/\/nembutalboutique.com\/#organization\",\"name\":\"Nembutal Boutique\",\"url\":\"https:\/\/nembutalboutique.com\/\",\"logo\":{\"@type\":\"ImageObject\",\"inLanguage\":\"nl-BE\",\"@id\":\"https:\/\/nembutalboutique.com\/#\/schema\/logo\/image\/\",\"url\":\"https:\/\/nembutalboutique.com\/wp-content\/uploads\/2024\/01\/logo.png\",\"contentUrl\":\"https:\/\/nembutalboutique.com\/wp-content\/uploads\/2024\/01\/logo.png\",\"width\":494,\"height\":121,\"caption\":\"Nembutal Boutique\"},\"image\":{\"@id\":\"https:\/\/nembutalboutique.com\/#\/schema\/logo\/image\/\"}}]}<\/script>\n<!-- \/ Yoast SEO plugin. -->","yoast_head_json":{"title":"MFPEP online kopen - MFPEP te koop - MFPEP bestellen","description":"In onze Nembutal winkel kun je MFPEP kopen tegen voordelige prijzen. Wij verkopen alleen producten van topkwaliteit. Koop MFPEP nu online in onze winkel met een snelle en veilige verzendservice.","robots":{"index":"index","follow":"follow","max-snippet":"max-snippet:-1","max-image-preview":"max-image-preview:large","max-video-preview":"max-video-preview:-1"},"canonical":"https:\/\/nembutalboutique.com\/nl\/product\/mfpep-online-kopen\/","og_locale":"nl_BE","og_type":"article","og_title":"Achetez MFPEP en ligne - MFPEP \u00e0 vendre - Commandez MFPEP","og_description":"Dans notre boutique Nembutal, vous pouvez acheter du MFPEP \u00e0 des prix avantageux. Nous ne vendons que des produits de qualit\u00e9 sup\u00e9rieure. Achetez d\u00e8s maintenant du MFPEP en ligne dans notre boutique avec un service d'exp\u00e9dition rapide et s\u00e9curis\u00e9.","og_url":"https:\/\/nembutalboutique.com\/nl\/product\/mfpep-online-kopen\/","og_site_name":"Nembutal Boutique","article_modified_time":"2024-09-21T03:57:46+00:00","og_image":[{"width":600,"height":600,"url":"https:\/\/nembutalboutique.com\/wp-content\/uploads\/2024\/09\/MFPEP.gif","type":"image\/gif"}],"twitter_card":"summary_large_image","twitter_misc":{"Geschatte leestijd":"3 minuten"},"schema":{"@context":"https:\/\/schema.org","@graph":[{"@type":"WebPage","@id":"https:\/\/nembutalboutique.com\/produit\/mfpep\/","url":"https:\/\/nembutalboutique.com\/produit\/mfpep\/","name":"MFPEP online kopen - MFPEP te koop - MFPEP bestellen","isPartOf":{"@id":"https:\/\/nembutalboutique.com\/#website"},"primaryImageOfPage":{"@id":"https:\/\/nembutalboutique.com\/produit\/mfpep\/#primaryimage"},"image":{"@id":"https:\/\/nembutalboutique.com\/produit\/mfpep\/#primaryimage"},"thumbnailUrl":"https:\/\/nembutalboutique.com\/wp-content\/uploads\/2024\/09\/MFPEP.gif","datePublished":"2024-09-16T08:11:27+00:00","dateModified":"2024-09-21T03:57:46+00:00","description":"In onze Nembutal winkel kun je MFPEP kopen tegen voordelige prijzen. Wij verkopen alleen producten van topkwaliteit. Koop MFPEP nu online in onze winkel met een snelle en veilige verzendservice.","breadcrumb":{"@id":"https:\/\/nembutalboutique.com\/produit\/mfpep\/#breadcrumb"},"inLanguage":"nl-BE","potentialAction":[{"@type":"ReadAction","target":["https:\/\/nembutalboutique.com\/produit\/mfpep\/"]}]},{"@type":"ImageObject","inLanguage":"nl-BE","@id":"https:\/\/nembutalboutique.com\/produit\/mfpep\/#primaryimage","url":"https:\/\/nembutalboutique.com\/wp-content\/uploads\/2024\/09\/MFPEP.gif","contentUrl":"https:\/\/nembutalboutique.com\/wp-content\/uploads\/2024\/09\/MFPEP.gif","width":600,"height":600,"caption":"Acheter MFPEP.gif"},{"@type":"BreadcrumbList","@id":"https:\/\/nembutalboutique.com\/produit\/mfpep\/#breadcrumb","itemListElement":[{"@type":"ListItem","position":1,"name":"Home","item":"https:\/\/nembutalboutique.com\/"},{"@type":"ListItem","position":2,"name":"Boutique","item":"https:\/\/nembutalboutique.com\/shop\/"},{"@type":"ListItem","position":3,"name":"MFPEP"}]},{"@type":"WebSite","@id":"https:\/\/nembutalboutique.com\/#website","url":"https:\/\/nembutalboutique.com\/","name":"Nembutal winkel","description":"Mijn WordPress Blog","publisher":{"@id":"https:\/\/nembutalboutique.com\/#organization"},"potentialAction":[{"@type":"SearchAction","target":{"@type":"EntryPoint","urlTemplate":"https:\/\/nembutalboutique.com\/?s={search_term_string}"},"query-input":{"@type":"PropertyValueSpecification","valueRequired":true,"valueName":"search_term_string"}}],"inLanguage":"nl-BE"},{"@type":"Organization","@id":"https:\/\/nembutalboutique.com\/#organization","name":"Nembutal winkel","url":"https:\/\/nembutalboutique.com\/","logo":{"@type":"ImageObject","inLanguage":"nl-BE","@id":"https:\/\/nembutalboutique.com\/#\/schema\/logo\/image\/","url":"https:\/\/nembutalboutique.com\/wp-content\/uploads\/2024\/01\/logo.png","contentUrl":"https:\/\/nembutalboutique.com\/wp-content\/uploads\/2024\/01\/logo.png","width":494,"height":121,"caption":"Nembutal Boutique"},"image":{"@id":"https:\/\/nembutalboutique.com\/#\/schema\/logo\/image\/"}}]}},"_links":{"self":[{"href":"https:\/\/nembutalboutique.com\/nl\/wp-json\/wp\/v2\/product\/2645"}],"collection":[{"href":"https:\/\/nembutalboutique.com\/nl\/wp-json\/wp\/v2\/product"}],"about":[{"href":"https:\/\/nembutalboutique.com\/nl\/wp-json\/wp\/v2\/types\/product"}],"replies":[{"embeddable":true,"href":"https:\/\/nembutalboutique.com\/nl\/wp-json\/wp\/v2\/comments?post=2645"}],"wp:featuredmedia":[{"embeddable":true,"href":"https:\/\/nembutalboutique.com\/nl\/wp-json\/wp\/v2\/media\/2663"}],"wp:attachment":[{"href":"https:\/\/nembutalboutique.com\/nl\/wp-json\/wp\/v2\/media?parent=2645"}],"wp:term":[{"taxonomy":"product_brand","embeddable":true,"href":"https:\/\/nembutalboutique.com\/nl\/wp-json\/wp\/v2\/product_brand?post=2645"},{"taxonomy":"product_cat","embeddable":true,"href":"https:\/\/nembutalboutique.com\/nl\/wp-json\/wp\/v2\/product_cat?post=2645"},{"taxonomy":"product_tag","embeddable":true,"href":"https:\/\/nembutalboutique.com\/nl\/wp-json\/wp\/v2\/product_tag?post=2645"}],"curies":[{"name":"wp","href":"https:\/\/api.w.org\/{rel}","templated":true}]}}