{"id":2644,"date":"2024-09-16T08:11:27","date_gmt":"2024-09-16T08:11:27","guid":{"rendered":"https:\/\/nembutalboutique.com\/?post_type=product&#038;p=2644"},"modified":"2024-09-21T03:58:23","modified_gmt":"2024-09-21T03:58:23","slug":"mcpep","status":"publish","type":"product","link":"https:\/\/nembutalboutique.com\/nl\/product\/mcpep-online-kopen\/","title":{"rendered":"MCPEP"},"content":{"rendered":"<h2>Koop je MCPEP online.<\/h2>\n<p>MCPEP online winkel : <a href=\"https:\/\/nembutalboutique.com\/produit\/mcpep\/\">MCPEP<\/a> heeft geen fysieke winkel; het is de enige plek waar je een verscheidenheid aan kunststoffen onder \u00e9\u00e9n dak kunt kopen. MCPEP via het internet. Flakka, vaak bekend als Rock, is een stimulerende drug die in de jaren 1960 werd ontwikkeld voor de Cathinon-klasse.<\/p>\n<p>MCPEP is een synthetische energiebron van de klassen pyrovalerion en cathinon die online kan worden gekocht. Het is vergelijkbaar met andere synthetische pyrovalerionmengsels, zoals MDPV en Cathinon. Het is over het algemeen verkrijgbaar als grote, mooie steenfragmenten of als glasachtig poeder waar gebruikers op kunnen zuigen voor een amfetamine-achtig effect.<\/p>\n<p><a href=\"https:\/\/en.wikipedia.org\/wiki\/Meta-Chlorophenylpiperazine\">MCPEP<\/a>dat online kan worden gekocht, is een eenvoudig prolintan dat specifiek wordt ge\u00efdentificeerd met pyrovaleron en vaak wordt gebruikt als recreatieve drug.<\/p>\n<p>Pyrovaleron remt de opname van specifieke monoaminesynapsen, zoals die voor dopamine en noradrenaline, door binding aan hun transporters. Het enige verschil tussen 1,2-\u03b1-pyrrolidinopentiofenon (hydrochloride) en Pyrovaleron is dat de laatste geen methylgroep op het fenylresidu heeft. Men denkt dat het werkt als een psychotrope energieversterker, net als Pyrovaleron. Dit artikel wordt gebruikt in juridische contexten.<\/p>\n<h3>IS DE BESTE WEBSITE OM MCPEP ONLINE TE VERKOPEN NEMBUTALBOUTIQUE SOFTWARE?<\/h3>\n<p>NembuKauFlog is erkend leverancier van grote en kleine hoeveelheden authentieke vleeswaren zoals Mcpep. Ons bedrijf garandeert niet alleen de hoogste kwaliteit van MCPEP, maar ook speciale verpakkingen en veilige verzending wereldwijd.<\/p>\n<p>De kritieke band die verschijnt zodra MCPEP wordt gecontroleerd. Sommige pati\u00ebnten verklaarden dat het gebruik van MCPEP om te stoppen met het roken van sigaretten meestal veel meer was dan nodig, omdat hun<br \/>\nAlleen producten van hoge kwaliteit voor onderzoeksdoeleinden zijn bij ons verkrijgbaar. In onze online shop kun je de meest elementaire en onderscheidende MCPEP vinden. We communiceren met onze klanten en zijn er trots op dat we diensten van hoge kwaliteit leveren.<\/p>\n<p>MCPEP, dat online kan worden gekocht, wordt specifiek ge\u00efdentificeerd als Pyrovaleron en is een basisvorm van Prolintan. Het wordt vaak gebruikt als recreatieve drug.<\/p>\n<h3>Bestel MCPEP-Pulver<\/h3>\n<p>Dit pyrovalenon remt stoffen die overbelast zijn in verschillende monoaminesynapsen, zoals noradrenaline en dopamine, door de absorptie ervan te verhinderen. 1,2-hydrochloridopentiofenon (hydrochloride) is een eenvoudige pyroclaride die alleen de methylgroep mist die zich op het fenyle\u00efne van pyroclariden bevindt. Deze combinatie wordt ook beschouwd als een bron van psychoactieve energie, vergelijkbaar met pyrovaleron. Dit element wordt gebruikt in legale toepassingen.<\/p>\n<h3>WARUM kopenWaar kun je MCPEP het beste online kopen? Nembutal?<\/h3>\n<p>Als erkend wederverkoper biedt Houston Research Chemicals groothandel en individuele uitwisseling van echte poeders zoals McPep. Onze organisatie garandeert niet alleen de beste kwaliteit MCPEP, maar ook een uitzonderlijke groepering en veilige promotie bij het online kopen van Globus MCPEP.<\/p>","protected":false},"excerpt":{"rendered":"<p>Achetez votre MCPEP en ligne. Boutique en ligne MCPEP : MCPEP n&rsquo;a pas de magasin physique ; c&rsquo;est le seul endroit o\u00f9 l&rsquo;on peut se procurer une vari\u00e9t\u00e9 de plastiques sous un m\u00eame toit. MCPEP via Internet. Flakka, souvent connu sous le nom de Rock, est un m\u00e9dicament stimulant d\u00e9velopp\u00e9 dans les ann\u00e9es 1960 pour [&hellip;]<\/p>","protected":false},"featured_media":2662,"comment_status":"open","ping_status":"closed","template":"","meta":{"_joinchat":[]},"product_brand":[],"product_cat":[387,385],"product_tag":[],"class_list":{"0":"post-2644","1":"product","2":"type-product","3":"status-publish","4":"has-post-thumbnail","6":"product_cat-cathinone","7":"product_cat-forschung-schemikalien","9":"first","10":"instock","11":"shipping-taxable","12":"purchasable","13":"product-type-variable"},"yoast_head":"<!-- This site is optimized with the Yoast SEO plugin v23.5 - https:\/\/yoast.com\/wordpress\/plugins\/seo\/ -->\n<title>Acheter MCPEP en ligne - MCPEP \u00e0 vendre - Commander MCPEP<\/title>\n<meta name=\"description\" content=\"Nembutal Boutique est le meilleur endroit pour acheter du MCPEP en ligne. Nous proposons du MCPEP \u00e0 la vente aux meilleurs prix. Obtenez le meilleur prix avec des offres incroyables, r\u00e9servez votre commande maintenant !\" \/>\n<meta name=\"robots\" content=\"index, follow, max-snippet:-1, max-image-preview:large, max-video-preview:-1\" \/>\n<link rel=\"canonical\" href=\"https:\/\/nembutalboutique.com\/nl\/product\/mcpep-online-kopen\/\" \/>\n<meta property=\"og:locale\" content=\"nl_BE\" \/>\n<meta property=\"og:type\" content=\"article\" \/>\n<meta property=\"og:title\" content=\"Acheter MCPEP en ligne - MCPEP \u00e0 vendre - Commander MCPEP\" \/>\n<meta property=\"og:description\" content=\"Nembutal Boutique est le meilleur endroit pour acheter du MCPEP en ligne. Nous proposons du MCPEP \u00e0 la vente aux meilleurs prix. Obtenez le meilleur prix avec des offres incroyables, r\u00e9servez votre commande maintenant !\" \/>\n<meta property=\"og:url\" content=\"https:\/\/nembutalboutique.com\/nl\/product\/mcpep-online-kopen\/\" \/>\n<meta property=\"og:site_name\" content=\"Nembutal Boutique\" \/>\n<meta property=\"article:modified_time\" content=\"2024-09-21T03:58:23+00:00\" \/>\n<meta property=\"og:image\" content=\"https:\/\/nembutalboutique.com\/wp-content\/uploads\/2024\/09\/Mcpep.gif\" \/>\n\t<meta property=\"og:image:width\" content=\"600\" \/>\n\t<meta property=\"og:image:height\" content=\"600\" \/>\n\t<meta property=\"og:image:type\" content=\"image\/gif\" \/>\n<meta name=\"twitter:card\" content=\"summary_large_image\" \/>\n<meta name=\"twitter:label1\" content=\"Geschatte leestijd\" \/>\n\t<meta name=\"twitter:data1\" content=\"3 minuten\" \/>\n<script type=\"application\/ld+json\" class=\"yoast-schema-graph\">{\"@context\":\"https:\/\/schema.org\",\"@graph\":[{\"@type\":\"WebPage\",\"@id\":\"https:\/\/nembutalboutique.com\/produit\/mcpep\/\",\"url\":\"https:\/\/nembutalboutique.com\/produit\/mcpep\/\",\"name\":\"Acheter MCPEP en ligne - MCPEP \u00e0 vendre - Commander MCPEP\",\"isPartOf\":{\"@id\":\"https:\/\/nembutalboutique.com\/#website\"},\"primaryImageOfPage\":{\"@id\":\"https:\/\/nembutalboutique.com\/produit\/mcpep\/#primaryimage\"},\"image\":{\"@id\":\"https:\/\/nembutalboutique.com\/produit\/mcpep\/#primaryimage\"},\"thumbnailUrl\":\"https:\/\/nembutalboutique.com\/wp-content\/uploads\/2024\/09\/Mcpep.gif\",\"datePublished\":\"2024-09-16T08:11:27+00:00\",\"dateModified\":\"2024-09-21T03:58:23+00:00\",\"description\":\"Nembutal Boutique est le meilleur endroit pour acheter du MCPEP en ligne. Nous proposons du MCPEP \u00e0 la vente aux meilleurs prix. Obtenez le meilleur prix avec des offres incroyables, r\u00e9servez votre commande maintenant !\",\"breadcrumb\":{\"@id\":\"https:\/\/nembutalboutique.com\/produit\/mcpep\/#breadcrumb\"},\"inLanguage\":\"nl-BE\",\"potentialAction\":[{\"@type\":\"ReadAction\",\"target\":[\"https:\/\/nembutalboutique.com\/produit\/mcpep\/\"]}]},{\"@type\":\"ImageObject\",\"inLanguage\":\"nl-BE\",\"@id\":\"https:\/\/nembutalboutique.com\/produit\/mcpep\/#primaryimage\",\"url\":\"https:\/\/nembutalboutique.com\/wp-content\/uploads\/2024\/09\/Mcpep.gif\",\"contentUrl\":\"https:\/\/nembutalboutique.com\/wp-content\/uploads\/2024\/09\/Mcpep.gif\",\"width\":600,\"height\":600,\"caption\":\"Acheter Mcpep.gif\"},{\"@type\":\"BreadcrumbList\",\"@id\":\"https:\/\/nembutalboutique.com\/produit\/mcpep\/#breadcrumb\",\"itemListElement\":[{\"@type\":\"ListItem\",\"position\":1,\"name\":\"Home\",\"item\":\"https:\/\/nembutalboutique.com\/\"},{\"@type\":\"ListItem\",\"position\":2,\"name\":\"Boutique\",\"item\":\"https:\/\/nembutalboutique.com\/shop\/\"},{\"@type\":\"ListItem\",\"position\":3,\"name\":\"MCPEP\"}]},{\"@type\":\"WebSite\",\"@id\":\"https:\/\/nembutalboutique.com\/#website\",\"url\":\"https:\/\/nembutalboutique.com\/\",\"name\":\"Nembutal Boutique\",\"description\":\"My WordPress Blog\",\"publisher\":{\"@id\":\"https:\/\/nembutalboutique.com\/#organization\"},\"potentialAction\":[{\"@type\":\"SearchAction\",\"target\":{\"@type\":\"EntryPoint\",\"urlTemplate\":\"https:\/\/nembutalboutique.com\/?s={search_term_string}\"},\"query-input\":{\"@type\":\"PropertyValueSpecification\",\"valueRequired\":true,\"valueName\":\"search_term_string\"}}],\"inLanguage\":\"nl-BE\"},{\"@type\":\"Organization\",\"@id\":\"https:\/\/nembutalboutique.com\/#organization\",\"name\":\"Nembutal Boutique\",\"url\":\"https:\/\/nembutalboutique.com\/\",\"logo\":{\"@type\":\"ImageObject\",\"inLanguage\":\"nl-BE\",\"@id\":\"https:\/\/nembutalboutique.com\/#\/schema\/logo\/image\/\",\"url\":\"https:\/\/nembutalboutique.com\/wp-content\/uploads\/2024\/01\/logo.png\",\"contentUrl\":\"https:\/\/nembutalboutique.com\/wp-content\/uploads\/2024\/01\/logo.png\",\"width\":494,\"height\":121,\"caption\":\"Nembutal Boutique\"},\"image\":{\"@id\":\"https:\/\/nembutalboutique.com\/#\/schema\/logo\/image\/\"}}]}<\/script>\n<!-- \/ Yoast SEO plugin. -->","yoast_head_json":{"title":"MCPEP online kopen - MCPEP te koop - MCPEP bestellen","description":"Nembutal Boutique is de beste plek om MCPEP online te kopen. Wij bieden MCPEP te koop aan tegen de beste prijzen. Krijg de beste prijs met geweldige aanbiedingen, boek nu je bestelling!","robots":{"index":"index","follow":"follow","max-snippet":"max-snippet:-1","max-image-preview":"max-image-preview:large","max-video-preview":"max-video-preview:-1"},"canonical":"https:\/\/nembutalboutique.com\/nl\/product\/mcpep-online-kopen\/","og_locale":"nl_BE","og_type":"article","og_title":"Acheter MCPEP en ligne - MCPEP \u00e0 vendre - Commander MCPEP","og_description":"Nembutal Boutique est le meilleur endroit pour acheter du MCPEP en ligne. Nous proposons du MCPEP \u00e0 la vente aux meilleurs prix. Obtenez le meilleur prix avec des offres incroyables, r\u00e9servez votre commande maintenant !","og_url":"https:\/\/nembutalboutique.com\/nl\/product\/mcpep-online-kopen\/","og_site_name":"Nembutal Boutique","article_modified_time":"2024-09-21T03:58:23+00:00","og_image":[{"width":600,"height":600,"url":"https:\/\/nembutalboutique.com\/wp-content\/uploads\/2024\/09\/Mcpep.gif","type":"image\/gif"}],"twitter_card":"summary_large_image","twitter_misc":{"Geschatte leestijd":"3 minuten"},"schema":{"@context":"https:\/\/schema.org","@graph":[{"@type":"WebPage","@id":"https:\/\/nembutalboutique.com\/produit\/mcpep\/","url":"https:\/\/nembutalboutique.com\/produit\/mcpep\/","name":"MCPEP online kopen - MCPEP te koop - MCPEP bestellen","isPartOf":{"@id":"https:\/\/nembutalboutique.com\/#website"},"primaryImageOfPage":{"@id":"https:\/\/nembutalboutique.com\/produit\/mcpep\/#primaryimage"},"image":{"@id":"https:\/\/nembutalboutique.com\/produit\/mcpep\/#primaryimage"},"thumbnailUrl":"https:\/\/nembutalboutique.com\/wp-content\/uploads\/2024\/09\/Mcpep.gif","datePublished":"2024-09-16T08:11:27+00:00","dateModified":"2024-09-21T03:58:23+00:00","description":"Nembutal Boutique is de beste plek om MCPEP online te kopen. Wij bieden MCPEP te koop aan tegen de beste prijzen. Krijg de beste prijs met geweldige aanbiedingen, boek nu je bestelling!","breadcrumb":{"@id":"https:\/\/nembutalboutique.com\/produit\/mcpep\/#breadcrumb"},"inLanguage":"nl-BE","potentialAction":[{"@type":"ReadAction","target":["https:\/\/nembutalboutique.com\/produit\/mcpep\/"]}]},{"@type":"ImageObject","inLanguage":"nl-BE","@id":"https:\/\/nembutalboutique.com\/produit\/mcpep\/#primaryimage","url":"https:\/\/nembutalboutique.com\/wp-content\/uploads\/2024\/09\/Mcpep.gif","contentUrl":"https:\/\/nembutalboutique.com\/wp-content\/uploads\/2024\/09\/Mcpep.gif","width":600,"height":600,"caption":"Acheter Mcpep.gif"},{"@type":"BreadcrumbList","@id":"https:\/\/nembutalboutique.com\/produit\/mcpep\/#breadcrumb","itemListElement":[{"@type":"ListItem","position":1,"name":"Home","item":"https:\/\/nembutalboutique.com\/"},{"@type":"ListItem","position":2,"name":"Boutique","item":"https:\/\/nembutalboutique.com\/shop\/"},{"@type":"ListItem","position":3,"name":"MCPEP"}]},{"@type":"WebSite","@id":"https:\/\/nembutalboutique.com\/#website","url":"https:\/\/nembutalboutique.com\/","name":"Nembutal winkel","description":"Mijn WordPress Blog","publisher":{"@id":"https:\/\/nembutalboutique.com\/#organization"},"potentialAction":[{"@type":"SearchAction","target":{"@type":"EntryPoint","urlTemplate":"https:\/\/nembutalboutique.com\/?s={search_term_string}"},"query-input":{"@type":"PropertyValueSpecification","valueRequired":true,"valueName":"search_term_string"}}],"inLanguage":"nl-BE"},{"@type":"Organization","@id":"https:\/\/nembutalboutique.com\/#organization","name":"Nembutal winkel","url":"https:\/\/nembutalboutique.com\/","logo":{"@type":"ImageObject","inLanguage":"nl-BE","@id":"https:\/\/nembutalboutique.com\/#\/schema\/logo\/image\/","url":"https:\/\/nembutalboutique.com\/wp-content\/uploads\/2024\/01\/logo.png","contentUrl":"https:\/\/nembutalboutique.com\/wp-content\/uploads\/2024\/01\/logo.png","width":494,"height":121,"caption":"Nembutal Boutique"},"image":{"@id":"https:\/\/nembutalboutique.com\/#\/schema\/logo\/image\/"}}]}},"_links":{"self":[{"href":"https:\/\/nembutalboutique.com\/nl\/wp-json\/wp\/v2\/product\/2644"}],"collection":[{"href":"https:\/\/nembutalboutique.com\/nl\/wp-json\/wp\/v2\/product"}],"about":[{"href":"https:\/\/nembutalboutique.com\/nl\/wp-json\/wp\/v2\/types\/product"}],"replies":[{"embeddable":true,"href":"https:\/\/nembutalboutique.com\/nl\/wp-json\/wp\/v2\/comments?post=2644"}],"wp:featuredmedia":[{"embeddable":true,"href":"https:\/\/nembutalboutique.com\/nl\/wp-json\/wp\/v2\/media\/2662"}],"wp:attachment":[{"href":"https:\/\/nembutalboutique.com\/nl\/wp-json\/wp\/v2\/media?parent=2644"}],"wp:term":[{"taxonomy":"product_brand","embeddable":true,"href":"https:\/\/nembutalboutique.com\/nl\/wp-json\/wp\/v2\/product_brand?post=2644"},{"taxonomy":"product_cat","embeddable":true,"href":"https:\/\/nembutalboutique.com\/nl\/wp-json\/wp\/v2\/product_cat?post=2644"},{"taxonomy":"product_tag","embeddable":true,"href":"https:\/\/nembutalboutique.com\/nl\/wp-json\/wp\/v2\/product_tag?post=2644"}],"curies":[{"name":"wp","href":"https:\/\/api.w.org\/{rel}","templated":true}]}}