{"id":2605,"date":"2024-09-16T08:11:15","date_gmt":"2024-09-16T08:11:15","guid":{"rendered":"https:\/\/nembutalboutique.com\/?post_type=product&#038;p=2605"},"modified":"2024-09-21T04:07:35","modified_gmt":"2024-09-21T04:07:35","slug":"sgt-263","status":"publish","type":"product","link":"https:\/\/nembutalboutique.com\/nl\/product\/sgt-263-kopen\/","title":{"rendered":"SGT-263"},"content":{"rendered":"<h2>SGT-263 online kopen.<\/h2>\n<p>Nu kopen, <a href=\"https:\/\/nembutalboutique.com\/produit\/sgt-263\/\">SGT-263<\/a> In ons land van herkomst is het gebruik van SGT-263 cannabino\u00efden toegestaan. Het is jouw verantwoordelijkheid om op de hoogte te zijn van lokale, staats-, federale en regionale wetten en deze na te leven. Mocht je ervoor kiezen om een bestelling te plaatsen, dan wijzen wij elke verantwoordelijkheid af voor welke actie of uitkomst dan ook.<\/p>\n<h3>Waarom zou je SGT-263 cannabino\u00efde bij ons kopen?<\/h3>\n<p>We leveren al heel lang chemicali\u00ebn voor onderzoek en zijn een betrouwbare bron.<\/p>\n<p>Live chat is altijd beschikbaar. Wees niet bang om vragen te stellen als je ze hebt.<\/p>\n<p>Verschillende betalingsmethoden om ervoor te zorgen dat aan uw eisen wordt voldaan<\/p>\n<p>We verzenden nog dezelfde dag als je bestelling voor 16:00 MEZ is geplaatst.<\/p>\n<h3>De schat aan ervaring van onze klanten geeft je het vertrouwen om aankopen te doen.<\/h3>\n<p>Nembutalboutique.com is een toonaangevend wereldwijd verkoopbedrijf. Het is opgericht in 2008 en is een wereldwijde leverancier van onderzoekschemicali\u00ebn en chemicali\u00ebn voor onderzoek. Wij werken. Alle producten worden verzonden vanuit onze magazijnen in Hongkong, China, de EU en Oekra\u00efne. We reageren snel en betrouwbaar, en ons uitgebreide distributienetwerk zorgt ervoor dat elk product dat u bestelt op tijd op de aangewezen locatie aankomt, geleverd op het adres van uw keuze.<\/p>\n<p>Ons belangrijkste doel is om de tevredenheid van onze klanten te garanderen. Daarom streven we naar een uitstekende klantenservice. Als je een bestelling plaatst bij Top Cannabinoids Shop, kun je er zeker van zijn dat deze onmiddellijk wordt afgeleverd op het adres dat je hebt opgegeven. Daarnaast bieden we een reeks verzendopties waarmee we goederen naar onze klanten op verschillende markten en locaties over de hele wereld kunnen sturen.<br \/>\nte koop. Elk item op deze website<\/p>\n<p>wordt uitsluitend te koop aangeboden ter ondersteuning van onderzoek en onderwijs. Geen van de producten die we verkopen is bedoeld voor illegaal gebruik of voor menselijke of dierlijke consumptie.<\/p>\n<p>Vergelijkbaar met MMB-CHMINACA, 1-(5-fluorpentyl) of <a href=\"https:\/\/en.wikipedia.org\/wiki\/5F-CUMYL-P7AICA\">SGT-263<\/a>(2-fenylpropaan-2-yl)-N is een zeer effectieve -7-azaindol-3-carboxamide. SGT-263 is een synthetische cannabino\u00efde op basis van pyrrolopyridin-3-carboxamide die wordt verkocht als een synthetisch geneesmiddel.<\/p>\n<h3>De SGT-263 is gepatenteerd door een wereldberoemd bedrijf.<\/h3>\n<p>SGT-263 is een unieke cannabino\u00efde die momenteel in bijna alle landen, waaronder Duitsland, te koop is.<\/p>\n<p>SGT-263 is ook bekend als ipac 1-(5-fluorpentyl). SGT-263 is het beschikbare product voor -1H-pyrrolo[2,3-b]pyridine 2-fenylpropan-2-yl)-N-3-carboxamide.<br \/>\nSGT-25 wordt gecombineerd met een cannabino\u00efde, 1-(5-fluorpentyl)-N-(2-fenylpropaan-2-yl)-7-azaindol-3-carboxamide. Bovendien is RC-poeder nu legaal in alle Europese landen. De afkorting van de straatnaam is SGT-263: SGT-25 is een stof die soms voor recreatieve doeleinden wordt gebruikt en aanwezig is in 'C-Liquid', een additief voor elektronische sigarettenvloeistof.<\/p>\n<p>Farmacologie: 1. 2-(2-fenylpropaan-2-yl)-N-(fluorpentyl-5-)Ondanks zijn complexe farmacologische werking is 7-azaindol-3-carboxamide een synthetisch cannabino\u00efde dat behoort tot de indazol-3-carboxamidefamilie. De selectiviteit op de CB1 receptor is naar verwachting ongeveer vier keer zo groot als die van 5F-CUMYL-PINACA.<\/p>\n<h3>Vergelijkbare producten: 5F-SDB-006, MMB-CHMINACA, CUMYL-PICA<\/h3>\n<p>- CUMYL-PINACA, CUMYL-THPINACA, SDB-006<\/p>\n<p>Voordat je een bestelling plaatst, moet je ervoor zorgen dat je werkruimte goed geventileerd is en dat je voldoende voorbereid bent om met chemische stoffen voor onderzoek om te gaan.<\/p>\n<h3>Wat is SGT-263?<\/h3>\n<p>SGT-263 is een nieuwe synthetische cannabino\u00efde die pas sinds 2016 verkrijgbaar is. Het is een krachtige CB1- en CB2-receptorantagonist. Chemische onderzoekers hebben beschreven dat SGT-263 effecten heeft die vergelijkbaar zijn met die van een andere bekende synthetische cannabino\u00efde, ADB-FUBINACA. Experimentele resultaten verkregen met SGT-263 geven vaak resultaten die vergelijkbaar zijn met die van veel andere synthetische cannabino\u00efden. Als je liever experimenteert met andere synthetische cannabino\u00efden, dan is SGT-263 waarschijnlijk een welkome aanvulling voor je laboratorium.<\/p>\n<h3>Waar kan ik SGT-263 kopen?<\/h3>\n<p>SGT-263 is te koop op de Buy Nembuta website. Normaal gesproken leveren we onze SGT-263 in poedervorm. Als u de voorkeur geeft aan een andere vorm van deze chemische stof, neem dan contact met ons op en we zullen kijken of we een andere vorm beschikbaar hebben. We hebben vaak meerdere vormen beschikbaar. Om SGT-263 van ons te kopen, moet je ten minste achttien jaar oud zijn en voldoen aan alle toepasselijke nationale wetten met betrekking tot chemisch onderzoek. Onze SGT-263 is alleen voor onderzoeksdoeleinden en is niet bedoeld voor gebruik op mensen of dieren.<\/p>\n<h3>SGT-263 Evenwicht<\/h3>\n<p>Omdat SGT-263 zo nieuw is, is het in de meeste landen illegaal. Sommige landen, waaronder de VS, hebben echter strenge wetten voor analogen die deze chemicali\u00ebn illegaal kunnen maken.<\/p>","protected":false},"excerpt":{"rendered":"<p>Acheter SGT-263 en ligne. Acheter, SGT-263 Dans notre pays d&rsquo;origine, l&rsquo;utilisation des cannabino\u00efdes SGT-263 est autoris\u00e9e. Il est de votre responsabilit\u00e9 de conna\u00eetre et de respecter les lois locales, \u00e9tatiques, f\u00e9d\u00e9rales, r\u00e9gionales et locales. Dans le cas o\u00f9 vous choisissez de soumettre une commande, nous d\u00e9clinons toute responsabilit\u00e9 pour toute action ou r\u00e9sultat. Pourquoi devriez-vous [&hellip;]<\/p>","protected":false},"featured_media":2628,"comment_status":"open","ping_status":"closed","template":"","meta":{"_joinchat":[]},"product_brand":[],"product_cat":[386,385],"product_tag":[],"class_list":{"0":"post-2605","1":"product","2":"type-product","3":"status-publish","4":"has-post-thumbnail","6":"product_cat-cannabinoids","7":"product_cat-forschung-schemikalien","9":"first","10":"instock","11":"shipping-taxable","12":"purchasable","13":"product-type-variable"},"yoast_head":"<!-- This site is optimized with the Yoast SEO plugin v23.5 - https:\/\/yoast.com\/wordpress\/plugins\/seo\/ -->\n<title>Achetez SGT-263 en ligne - SGT-263 \u00e0 vendre - Commandez SGT-263<\/title>\n<meta name=\"description\" content=\"Votre demande d&#039;achat de SGT-263 en ligne peut \u00eatre satisfaite dans notre boutique en ligne car nous avons SGT-263 \u00e0 vendre ici. Passez votre commande et obtenez des offres abordables tous les jours. Commandez maintenant !\" \/>\n<meta name=\"robots\" content=\"index, follow, max-snippet:-1, max-image-preview:large, max-video-preview:-1\" \/>\n<link rel=\"canonical\" href=\"https:\/\/nembutalboutique.com\/nl\/product\/sgt-263-kopen\/\" \/>\n<meta property=\"og:locale\" content=\"nl_BE\" \/>\n<meta property=\"og:type\" content=\"article\" \/>\n<meta property=\"og:title\" content=\"Achetez SGT-263 en ligne - SGT-263 \u00e0 vendre - Commandez SGT-263\" \/>\n<meta property=\"og:description\" content=\"Votre demande d&#039;achat de SGT-263 en ligne peut \u00eatre satisfaite dans notre boutique en ligne car nous avons SGT-263 \u00e0 vendre ici. Passez votre commande et obtenez des offres abordables tous les jours. Commandez maintenant !\" \/>\n<meta property=\"og:url\" content=\"https:\/\/nembutalboutique.com\/nl\/product\/sgt-263-kopen\/\" \/>\n<meta property=\"og:site_name\" content=\"Nembutal Boutique\" \/>\n<meta property=\"article:modified_time\" content=\"2024-09-21T04:07:35+00:00\" \/>\n<meta property=\"og:image\" content=\"https:\/\/nembutalboutique.com\/wp-content\/uploads\/2024\/09\/Sgt-263.gif\" \/>\n\t<meta property=\"og:image:width\" content=\"600\" \/>\n\t<meta property=\"og:image:height\" content=\"600\" \/>\n\t<meta property=\"og:image:type\" content=\"image\/gif\" \/>\n<meta name=\"twitter:card\" content=\"summary_large_image\" \/>\n<meta name=\"twitter:label1\" content=\"Geschatte leestijd\" \/>\n\t<meta name=\"twitter:data1\" content=\"4 minuten\" \/>\n<script type=\"application\/ld+json\" class=\"yoast-schema-graph\">{\"@context\":\"https:\/\/schema.org\",\"@graph\":[{\"@type\":\"WebPage\",\"@id\":\"https:\/\/nembutalboutique.com\/produit\/sgt-263\/\",\"url\":\"https:\/\/nembutalboutique.com\/produit\/sgt-263\/\",\"name\":\"Achetez SGT-263 en ligne - SGT-263 \u00e0 vendre - Commandez SGT-263\",\"isPartOf\":{\"@id\":\"https:\/\/nembutalboutique.com\/#website\"},\"primaryImageOfPage\":{\"@id\":\"https:\/\/nembutalboutique.com\/produit\/sgt-263\/#primaryimage\"},\"image\":{\"@id\":\"https:\/\/nembutalboutique.com\/produit\/sgt-263\/#primaryimage\"},\"thumbnailUrl\":\"https:\/\/nembutalboutique.com\/wp-content\/uploads\/2024\/09\/Sgt-263.gif\",\"datePublished\":\"2024-09-16T08:11:15+00:00\",\"dateModified\":\"2024-09-21T04:07:35+00:00\",\"description\":\"Votre demande d'achat de SGT-263 en ligne peut \u00eatre satisfaite dans notre boutique en ligne car nous avons SGT-263 \u00e0 vendre ici. Passez votre commande et obtenez des offres abordables tous les jours. Commandez maintenant !\",\"breadcrumb\":{\"@id\":\"https:\/\/nembutalboutique.com\/produit\/sgt-263\/#breadcrumb\"},\"inLanguage\":\"nl-BE\",\"potentialAction\":[{\"@type\":\"ReadAction\",\"target\":[\"https:\/\/nembutalboutique.com\/produit\/sgt-263\/\"]}]},{\"@type\":\"ImageObject\",\"inLanguage\":\"nl-BE\",\"@id\":\"https:\/\/nembutalboutique.com\/produit\/sgt-263\/#primaryimage\",\"url\":\"https:\/\/nembutalboutique.com\/wp-content\/uploads\/2024\/09\/Sgt-263.gif\",\"contentUrl\":\"https:\/\/nembutalboutique.com\/wp-content\/uploads\/2024\/09\/Sgt-263.gif\",\"width\":600,\"height\":600,\"caption\":\"acheter Sgt-263.gif\"},{\"@type\":\"BreadcrumbList\",\"@id\":\"https:\/\/nembutalboutique.com\/produit\/sgt-263\/#breadcrumb\",\"itemListElement\":[{\"@type\":\"ListItem\",\"position\":1,\"name\":\"Home\",\"item\":\"https:\/\/nembutalboutique.com\/\"},{\"@type\":\"ListItem\",\"position\":2,\"name\":\"Boutique\",\"item\":\"https:\/\/nembutalboutique.com\/shop\/\"},{\"@type\":\"ListItem\",\"position\":3,\"name\":\"SGT-263\"}]},{\"@type\":\"WebSite\",\"@id\":\"https:\/\/nembutalboutique.com\/#website\",\"url\":\"https:\/\/nembutalboutique.com\/\",\"name\":\"Nembutal Boutique\",\"description\":\"My WordPress Blog\",\"publisher\":{\"@id\":\"https:\/\/nembutalboutique.com\/#organization\"},\"potentialAction\":[{\"@type\":\"SearchAction\",\"target\":{\"@type\":\"EntryPoint\",\"urlTemplate\":\"https:\/\/nembutalboutique.com\/?s={search_term_string}\"},\"query-input\":{\"@type\":\"PropertyValueSpecification\",\"valueRequired\":true,\"valueName\":\"search_term_string\"}}],\"inLanguage\":\"nl-BE\"},{\"@type\":\"Organization\",\"@id\":\"https:\/\/nembutalboutique.com\/#organization\",\"name\":\"Nembutal Boutique\",\"url\":\"https:\/\/nembutalboutique.com\/\",\"logo\":{\"@type\":\"ImageObject\",\"inLanguage\":\"nl-BE\",\"@id\":\"https:\/\/nembutalboutique.com\/#\/schema\/logo\/image\/\",\"url\":\"https:\/\/nembutalboutique.com\/wp-content\/uploads\/2024\/01\/logo.png\",\"contentUrl\":\"https:\/\/nembutalboutique.com\/wp-content\/uploads\/2024\/01\/logo.png\",\"width\":494,\"height\":121,\"caption\":\"Nembutal Boutique\"},\"image\":{\"@id\":\"https:\/\/nembutalboutique.com\/#\/schema\/logo\/image\/\"}}]}<\/script>\n<!-- \/ Yoast SEO plugin. -->","yoast_head_json":{"title":"SGT-263 online kopen - SGT-263 te koop - SGT-263 bestellen","description":"Uw verzoek om SGT-263 online te kopen kan worden voldaan in onze online winkel als we SGT-263 hier te koop hebben. Plaats je bestelling en krijg elke dag betaalbare aanbiedingen. Plaats nu uw bestelling!","robots":{"index":"index","follow":"follow","max-snippet":"max-snippet:-1","max-image-preview":"max-image-preview:large","max-video-preview":"max-video-preview:-1"},"canonical":"https:\/\/nembutalboutique.com\/nl\/product\/sgt-263-kopen\/","og_locale":"nl_BE","og_type":"article","og_title":"Achetez SGT-263 en ligne - SGT-263 \u00e0 vendre - Commandez SGT-263","og_description":"Votre demande d'achat de SGT-263 en ligne peut \u00eatre satisfaite dans notre boutique en ligne car nous avons SGT-263 \u00e0 vendre ici. Passez votre commande et obtenez des offres abordables tous les jours. Commandez maintenant !","og_url":"https:\/\/nembutalboutique.com\/nl\/product\/sgt-263-kopen\/","og_site_name":"Nembutal Boutique","article_modified_time":"2024-09-21T04:07:35+00:00","og_image":[{"width":600,"height":600,"url":"https:\/\/nembutalboutique.com\/wp-content\/uploads\/2024\/09\/Sgt-263.gif","type":"image\/gif"}],"twitter_card":"summary_large_image","twitter_misc":{"Geschatte leestijd":"4 minuten"},"schema":{"@context":"https:\/\/schema.org","@graph":[{"@type":"WebPage","@id":"https:\/\/nembutalboutique.com\/produit\/sgt-263\/","url":"https:\/\/nembutalboutique.com\/produit\/sgt-263\/","name":"SGT-263 online kopen - SGT-263 te koop - SGT-263 bestellen","isPartOf":{"@id":"https:\/\/nembutalboutique.com\/#website"},"primaryImageOfPage":{"@id":"https:\/\/nembutalboutique.com\/produit\/sgt-263\/#primaryimage"},"image":{"@id":"https:\/\/nembutalboutique.com\/produit\/sgt-263\/#primaryimage"},"thumbnailUrl":"https:\/\/nembutalboutique.com\/wp-content\/uploads\/2024\/09\/Sgt-263.gif","datePublished":"2024-09-16T08:11:15+00:00","dateModified":"2024-09-21T04:07:35+00:00","description":"Uw verzoek om SGT-263 online te kopen kan worden voldaan in onze online winkel als we SGT-263 hier te koop hebben. Plaats je bestelling en krijg elke dag betaalbare aanbiedingen. Plaats nu uw bestelling!","breadcrumb":{"@id":"https:\/\/nembutalboutique.com\/produit\/sgt-263\/#breadcrumb"},"inLanguage":"nl-BE","potentialAction":[{"@type":"ReadAction","target":["https:\/\/nembutalboutique.com\/produit\/sgt-263\/"]}]},{"@type":"ImageObject","inLanguage":"nl-BE","@id":"https:\/\/nembutalboutique.com\/produit\/sgt-263\/#primaryimage","url":"https:\/\/nembutalboutique.com\/wp-content\/uploads\/2024\/09\/Sgt-263.gif","contentUrl":"https:\/\/nembutalboutique.com\/wp-content\/uploads\/2024\/09\/Sgt-263.gif","width":600,"height":600,"caption":"acheter Sgt-263.gif"},{"@type":"BreadcrumbList","@id":"https:\/\/nembutalboutique.com\/produit\/sgt-263\/#breadcrumb","itemListElement":[{"@type":"ListItem","position":1,"name":"Home","item":"https:\/\/nembutalboutique.com\/"},{"@type":"ListItem","position":2,"name":"Boutique","item":"https:\/\/nembutalboutique.com\/shop\/"},{"@type":"ListItem","position":3,"name":"SGT-263"}]},{"@type":"WebSite","@id":"https:\/\/nembutalboutique.com\/#website","url":"https:\/\/nembutalboutique.com\/","name":"Nembutal winkel","description":"Mijn WordPress Blog","publisher":{"@id":"https:\/\/nembutalboutique.com\/#organization"},"potentialAction":[{"@type":"SearchAction","target":{"@type":"EntryPoint","urlTemplate":"https:\/\/nembutalboutique.com\/?s={search_term_string}"},"query-input":{"@type":"PropertyValueSpecification","valueRequired":true,"valueName":"search_term_string"}}],"inLanguage":"nl-BE"},{"@type":"Organization","@id":"https:\/\/nembutalboutique.com\/#organization","name":"Nembutal winkel","url":"https:\/\/nembutalboutique.com\/","logo":{"@type":"ImageObject","inLanguage":"nl-BE","@id":"https:\/\/nembutalboutique.com\/#\/schema\/logo\/image\/","url":"https:\/\/nembutalboutique.com\/wp-content\/uploads\/2024\/01\/logo.png","contentUrl":"https:\/\/nembutalboutique.com\/wp-content\/uploads\/2024\/01\/logo.png","width":494,"height":121,"caption":"Nembutal Boutique"},"image":{"@id":"https:\/\/nembutalboutique.com\/#\/schema\/logo\/image\/"}}]}},"_links":{"self":[{"href":"https:\/\/nembutalboutique.com\/nl\/wp-json\/wp\/v2\/product\/2605"}],"collection":[{"href":"https:\/\/nembutalboutique.com\/nl\/wp-json\/wp\/v2\/product"}],"about":[{"href":"https:\/\/nembutalboutique.com\/nl\/wp-json\/wp\/v2\/types\/product"}],"replies":[{"embeddable":true,"href":"https:\/\/nembutalboutique.com\/nl\/wp-json\/wp\/v2\/comments?post=2605"}],"wp:featuredmedia":[{"embeddable":true,"href":"https:\/\/nembutalboutique.com\/nl\/wp-json\/wp\/v2\/media\/2628"}],"wp:attachment":[{"href":"https:\/\/nembutalboutique.com\/nl\/wp-json\/wp\/v2\/media?parent=2605"}],"wp:term":[{"taxonomy":"product_brand","embeddable":true,"href":"https:\/\/nembutalboutique.com\/nl\/wp-json\/wp\/v2\/product_brand?post=2605"},{"taxonomy":"product_cat","embeddable":true,"href":"https:\/\/nembutalboutique.com\/nl\/wp-json\/wp\/v2\/product_cat?post=2605"},{"taxonomy":"product_tag","embeddable":true,"href":"https:\/\/nembutalboutique.com\/nl\/wp-json\/wp\/v2\/product_tag?post=2605"}],"curies":[{"name":"wp","href":"https:\/\/api.w.org\/{rel}","templated":true}]}}