{"id":2604,"date":"2024-09-16T08:11:15","date_gmt":"2024-09-16T08:11:15","guid":{"rendered":"https:\/\/nembutalboutique.com\/?post_type=product&#038;p=2604"},"modified":"2024-09-21T03:40:50","modified_gmt":"2024-09-21T03:40:50","slug":"sgt-151","status":"publish","type":"product","link":"https:\/\/nembutalboutique.com\/nl\/product\/sgt-151-kopen\/","title":{"rendered":"SGT-151"},"content":{"rendered":"<h2>SGT-151 online kopen<\/h2>\n<p>Verwerving van <a href=\"https:\/\/nembutalboutique.com\/produit\/sgt-151\/\">SGT-151<\/a> Nieuwe psychoactieve stoffen, synthetische cannabino\u00efden (SC's) genaamd, neutraliseren de effecten van cannabis. Deze producten, waaronder ook verzwakte kruidenmengsels, werden te koop aangeboden door online retailers. Omdat ze worden gesynthetiseerd in gesloten laboratoria, die vaak vertrouwen op farmaceutisch onderzoek en patenten, is er sindsdien een wereldwijde toename van chemische varianten van SC's, waardoor het voor de autoriteiten moeilijk is om deze verbindingen te reguleren. In de afgelopen jaren zijn er een aantal zeer effectieve verbindingen beschikbaar gekomen, bekend als SGT-Verbindungen, die zijn gesynthetiseerd in overeenstemming met de patentaanvraag van Bowden en Williamson. Deze geneesmiddelen zijn te herkennen aan een cumylsubstituut dat indool, indazool of azaindol bevat. In 2016 werd ontdekt dat een van de eerste cumylverbindingen, CUMYL-PEGACLONE, op de markt is onder de merknaam CUMYL-PEGACLONE. Het huidige onderzoek heeft als doel te begrijpen wat er in een verpakking van SGT-151 zit die online wordt verkocht onder de naam \"Forschungschemikalie\".<\/p>\n<p>Identificatie van cannabino\u00efden aan de hand van hun massaspectra werd uitgevoerd met behulp van de Cayman-Datenbank (Chemical C. Cayman Spectral Library, Bd. v08302018). De stof werd geanalyseerd door GC\/MS met behulp van een MEGA-5 MS capsulebuis (0,25 \u00b5m, 0,32 mm, 30 m). De volgende parameters werden gebruikt bij de chromatografische analyse: Injectie zonder splitsing bij 280\u00b0C met een injectievolume van 1 \u00b5L. Nadat de temperatuur gedurende drie minuten 100\u00b0C had bereikt, werd de oven gedurende tien minuten verwarmd tot 310\u00b0C met een snelheid van dertig graden Celsius per minuut. De volgende MS-bereiken waren : De ionisatie-energie werd ingesteld op 70 eV en het gebied van de scanmodus voor de vangst varieerde van 30 tot 450. Het draaggas was deze keer helium. Clarity wordt gebruikt in combinatie met een fasegetal-terugfilter om een HPLC\/DAD-programma op te schonen. De mobiele fase werd gevormd door een gradi\u00ebntsysteem met gemiddelde oplossingen met (A) 5 % van 10 mM ammoniak en (B) 95 % acetonitril, geoptimaliseerd voor een uitstekende resolutie.<\/p>\n<h3>Wat is SGT-151?<\/h3>\n<p>Le <a href=\"https:\/\/en.wikipedia.org\/wiki\/CUMYL-PEGACLONE\">SGT-151<\/a> is een nieuwe chemische stof voor onderzoek die snel bekend wordt in de wetenschappelijke gemeenschap. 5-pentyl-2-(1-methyl-1-fenyl-ethyl)-2,5-dihydro-pyrido[4,3-b]indol-1-on is de chemische naam van SGT-151. SGT-151 is geclassificeerd als een synthetisch cannabino\u00efde. Een van de CND-receptorantagonisten is SGT-151.<\/p>\n<p>Het produceert vergelijkbare experimentele resultaten als veel andere synthetische cannabino\u00efden in termen van ontspanning, lichaamseuforie en verbeterde kleuren. Wetenschappers die de chemie bestuderen hebben gemeld dat het veel overeenkomsten heeft met STS-135. SGT-151 is een nuttige aanvulling voor elk onderzoekslaboratorium.<\/p>\n<h3>Waar kan ik SGT-151 kopen?<\/h3>\n<p>Bij Inkoop Nembutal leveren we SGT-151 van hoge kwaliteit. Over het algemeen wordt onze SGT-151 beschreven als geleverd in poedervorm. U kunt echter contact met ons opnemen als u de voorkeur geeft aan een ander formaat. We bieden vaak verschillende soorten SGT-151 aan.<\/p>\n<p>Je moet minstens achttien jaar oud zijn om SGT-151 van ons te kopen. Bovendien moet je je gedragen in overeenstemming met de wetten van je land wanneer je chemisch onderzoek uitvoert bij G\u00e4nze. Onze SGT-151 is niet bedoeld voor gebruik op mensen of dieren. Het is in de eerste plaats ontworpen voor onderzoeksdoeleinden.<\/p>\n<h3>Legitimiteit van SGT-151<\/h3>\n<p>De SGT-151 is in de meeste landen niet goedgekeurd, vooral omdat hij zo nieuw is. Het kan echter als illegaal worden beschouwd in landen zoals de Verenigde Staten, die krachtige analoge systemen hebben.<\/p>","protected":false},"excerpt":{"rendered":"<p>Achetez SGT-151 en ligne Acquisition de SGT-151 De nouveaux compos\u00e9s psychoactifs, appel\u00e9s cannabino\u00efdes synth\u00e9tiques (SC), neutralisent les effets du cannabis. Ces produits, qui comprenaient \u00e9galement des m\u00e9langes d\u2019herbes affaiblis, \u00e9taient propos\u00e9s \u00e0 la vente par des d\u00e9taillants en ligne. En raison de leur synth\u00e8se dans des laboratoires ferm\u00e9s, qui s\u2019appuient souvent sur la recherche pharmaceutique [&hellip;]<\/p>","protected":false},"featured_media":2627,"comment_status":"open","ping_status":"closed","template":"","meta":{"_joinchat":[]},"product_brand":[],"product_cat":[386,385],"product_tag":[],"class_list":{"0":"post-2604","1":"product","2":"type-product","3":"status-publish","4":"has-post-thumbnail","6":"product_cat-cannabinoids","7":"product_cat-forschung-schemikalien","9":"first","10":"instock","11":"shipping-taxable","12":"purchasable","13":"product-type-variable"},"yoast_head":"<!-- This site is optimized with the Yoast SEO plugin v23.5 - https:\/\/yoast.com\/wordpress\/plugins\/seo\/ -->\n<title>Achetez SGT-151 en ligne - SGT-151 \u00e0 vendre<\/title>\n<meta name=\"description\" content=\"Vous pouvez entrer en contact avec notre boutique en ligne et acheter le SGT-151 en ligne. Nous avons le SGT-151 en vente \u00e0 des prix bon march\u00e9. Procurez-vous le v\u00f4tre chez vous tout de suite !\" \/>\n<meta name=\"robots\" content=\"index, follow, max-snippet:-1, max-image-preview:large, max-video-preview:-1\" \/>\n<link rel=\"canonical\" href=\"https:\/\/nembutalboutique.com\/nl\/product\/sgt-151-kopen\/\" \/>\n<meta property=\"og:locale\" content=\"nl_BE\" \/>\n<meta property=\"og:type\" content=\"article\" \/>\n<meta property=\"og:title\" content=\"Achetez SGT-151 en ligne - SGT-151 \u00e0 vendre\" \/>\n<meta property=\"og:description\" content=\"Vous pouvez entrer en contact avec notre boutique en ligne et acheter le SGT-151 en ligne. Nous avons le SGT-151 en vente \u00e0 des prix bon march\u00e9. Procurez-vous le v\u00f4tre chez vous tout de suite !\" \/>\n<meta property=\"og:url\" content=\"https:\/\/nembutalboutique.com\/nl\/product\/sgt-151-kopen\/\" \/>\n<meta property=\"og:site_name\" content=\"Nembutal Boutique\" \/>\n<meta property=\"article:modified_time\" content=\"2024-09-21T03:40:50+00:00\" \/>\n<meta property=\"og:image\" content=\"https:\/\/nembutalboutique.com\/wp-content\/uploads\/2024\/09\/Sgt-515.gif\" \/>\n\t<meta property=\"og:image:width\" content=\"600\" \/>\n\t<meta property=\"og:image:height\" content=\"600\" \/>\n\t<meta property=\"og:image:type\" content=\"image\/gif\" \/>\n<meta name=\"twitter:card\" content=\"summary_large_image\" \/>\n<meta name=\"twitter:label1\" content=\"Geschatte leestijd\" \/>\n\t<meta name=\"twitter:data1\" content=\"3 minuten\" \/>\n<script type=\"application\/ld+json\" class=\"yoast-schema-graph\">{\"@context\":\"https:\/\/schema.org\",\"@graph\":[{\"@type\":\"WebPage\",\"@id\":\"https:\/\/nembutalboutique.com\/produit\/sgt-151\/\",\"url\":\"https:\/\/nembutalboutique.com\/produit\/sgt-151\/\",\"name\":\"Achetez SGT-151 en ligne - SGT-151 \u00e0 vendre\",\"isPartOf\":{\"@id\":\"https:\/\/nembutalboutique.com\/#website\"},\"primaryImageOfPage\":{\"@id\":\"https:\/\/nembutalboutique.com\/produit\/sgt-151\/#primaryimage\"},\"image\":{\"@id\":\"https:\/\/nembutalboutique.com\/produit\/sgt-151\/#primaryimage\"},\"thumbnailUrl\":\"https:\/\/nembutalboutique.com\/wp-content\/uploads\/2024\/09\/Sgt-515.gif\",\"datePublished\":\"2024-09-16T08:11:15+00:00\",\"dateModified\":\"2024-09-21T03:40:50+00:00\",\"description\":\"Vous pouvez entrer en contact avec notre boutique en ligne et acheter le SGT-151 en ligne. Nous avons le SGT-151 en vente \u00e0 des prix bon march\u00e9. Procurez-vous le v\u00f4tre chez vous tout de suite !\",\"breadcrumb\":{\"@id\":\"https:\/\/nembutalboutique.com\/produit\/sgt-151\/#breadcrumb\"},\"inLanguage\":\"nl-BE\",\"potentialAction\":[{\"@type\":\"ReadAction\",\"target\":[\"https:\/\/nembutalboutique.com\/produit\/sgt-151\/\"]}]},{\"@type\":\"ImageObject\",\"inLanguage\":\"nl-BE\",\"@id\":\"https:\/\/nembutalboutique.com\/produit\/sgt-151\/#primaryimage\",\"url\":\"https:\/\/nembutalboutique.com\/wp-content\/uploads\/2024\/09\/Sgt-515.gif\",\"contentUrl\":\"https:\/\/nembutalboutique.com\/wp-content\/uploads\/2024\/09\/Sgt-515.gif\",\"width\":600,\"height\":600,\"caption\":\"acheter Sgt-515.gif\"},{\"@type\":\"BreadcrumbList\",\"@id\":\"https:\/\/nembutalboutique.com\/produit\/sgt-151\/#breadcrumb\",\"itemListElement\":[{\"@type\":\"ListItem\",\"position\":1,\"name\":\"Home\",\"item\":\"https:\/\/nembutalboutique.com\/\"},{\"@type\":\"ListItem\",\"position\":2,\"name\":\"Boutique\",\"item\":\"https:\/\/nembutalboutique.com\/shop\/\"},{\"@type\":\"ListItem\",\"position\":3,\"name\":\"SGT-151\"}]},{\"@type\":\"WebSite\",\"@id\":\"https:\/\/nembutalboutique.com\/#website\",\"url\":\"https:\/\/nembutalboutique.com\/\",\"name\":\"Nembutal Boutique\",\"description\":\"My WordPress Blog\",\"publisher\":{\"@id\":\"https:\/\/nembutalboutique.com\/#organization\"},\"potentialAction\":[{\"@type\":\"SearchAction\",\"target\":{\"@type\":\"EntryPoint\",\"urlTemplate\":\"https:\/\/nembutalboutique.com\/?s={search_term_string}\"},\"query-input\":{\"@type\":\"PropertyValueSpecification\",\"valueRequired\":true,\"valueName\":\"search_term_string\"}}],\"inLanguage\":\"nl-BE\"},{\"@type\":\"Organization\",\"@id\":\"https:\/\/nembutalboutique.com\/#organization\",\"name\":\"Nembutal Boutique\",\"url\":\"https:\/\/nembutalboutique.com\/\",\"logo\":{\"@type\":\"ImageObject\",\"inLanguage\":\"nl-BE\",\"@id\":\"https:\/\/nembutalboutique.com\/#\/schema\/logo\/image\/\",\"url\":\"https:\/\/nembutalboutique.com\/wp-content\/uploads\/2024\/01\/logo.png\",\"contentUrl\":\"https:\/\/nembutalboutique.com\/wp-content\/uploads\/2024\/01\/logo.png\",\"width\":494,\"height\":121,\"caption\":\"Nembutal Boutique\"},\"image\":{\"@id\":\"https:\/\/nembutalboutique.com\/#\/schema\/logo\/image\/\"}}]}<\/script>\n<!-- \/ Yoast SEO plugin. -->","yoast_head_json":{"title":"SGT-151 online kopen - SGT-151 te koop","description":"Je kunt contact opnemen met onze online shop en de SGT-151 online kopen. We hebben de SGT-151 te koop tegen lage prijzen. Haal de jouwe meteen in huis!","robots":{"index":"index","follow":"follow","max-snippet":"max-snippet:-1","max-image-preview":"max-image-preview:large","max-video-preview":"max-video-preview:-1"},"canonical":"https:\/\/nembutalboutique.com\/nl\/product\/sgt-151-kopen\/","og_locale":"nl_BE","og_type":"article","og_title":"Achetez SGT-151 en ligne - SGT-151 \u00e0 vendre","og_description":"Vous pouvez entrer en contact avec notre boutique en ligne et acheter le SGT-151 en ligne. Nous avons le SGT-151 en vente \u00e0 des prix bon march\u00e9. Procurez-vous le v\u00f4tre chez vous tout de suite !","og_url":"https:\/\/nembutalboutique.com\/nl\/product\/sgt-151-kopen\/","og_site_name":"Nembutal Boutique","article_modified_time":"2024-09-21T03:40:50+00:00","og_image":[{"width":600,"height":600,"url":"https:\/\/nembutalboutique.com\/wp-content\/uploads\/2024\/09\/Sgt-515.gif","type":"image\/gif"}],"twitter_card":"summary_large_image","twitter_misc":{"Geschatte leestijd":"3 minuten"},"schema":{"@context":"https:\/\/schema.org","@graph":[{"@type":"WebPage","@id":"https:\/\/nembutalboutique.com\/produit\/sgt-151\/","url":"https:\/\/nembutalboutique.com\/produit\/sgt-151\/","name":"SGT-151 online kopen - SGT-151 te koop","isPartOf":{"@id":"https:\/\/nembutalboutique.com\/#website"},"primaryImageOfPage":{"@id":"https:\/\/nembutalboutique.com\/produit\/sgt-151\/#primaryimage"},"image":{"@id":"https:\/\/nembutalboutique.com\/produit\/sgt-151\/#primaryimage"},"thumbnailUrl":"https:\/\/nembutalboutique.com\/wp-content\/uploads\/2024\/09\/Sgt-515.gif","datePublished":"2024-09-16T08:11:15+00:00","dateModified":"2024-09-21T03:40:50+00:00","description":"Je kunt contact opnemen met onze online shop en de SGT-151 online kopen. We hebben de SGT-151 te koop tegen lage prijzen. Haal de jouwe meteen in huis!","breadcrumb":{"@id":"https:\/\/nembutalboutique.com\/produit\/sgt-151\/#breadcrumb"},"inLanguage":"nl-BE","potentialAction":[{"@type":"ReadAction","target":["https:\/\/nembutalboutique.com\/produit\/sgt-151\/"]}]},{"@type":"ImageObject","inLanguage":"nl-BE","@id":"https:\/\/nembutalboutique.com\/produit\/sgt-151\/#primaryimage","url":"https:\/\/nembutalboutique.com\/wp-content\/uploads\/2024\/09\/Sgt-515.gif","contentUrl":"https:\/\/nembutalboutique.com\/wp-content\/uploads\/2024\/09\/Sgt-515.gif","width":600,"height":600,"caption":"acheter Sgt-515.gif"},{"@type":"BreadcrumbList","@id":"https:\/\/nembutalboutique.com\/produit\/sgt-151\/#breadcrumb","itemListElement":[{"@type":"ListItem","position":1,"name":"Home","item":"https:\/\/nembutalboutique.com\/"},{"@type":"ListItem","position":2,"name":"Boutique","item":"https:\/\/nembutalboutique.com\/shop\/"},{"@type":"ListItem","position":3,"name":"SGT-151"}]},{"@type":"WebSite","@id":"https:\/\/nembutalboutique.com\/#website","url":"https:\/\/nembutalboutique.com\/","name":"Nembutal winkel","description":"Mijn WordPress Blog","publisher":{"@id":"https:\/\/nembutalboutique.com\/#organization"},"potentialAction":[{"@type":"SearchAction","target":{"@type":"EntryPoint","urlTemplate":"https:\/\/nembutalboutique.com\/?s={search_term_string}"},"query-input":{"@type":"PropertyValueSpecification","valueRequired":true,"valueName":"search_term_string"}}],"inLanguage":"nl-BE"},{"@type":"Organization","@id":"https:\/\/nembutalboutique.com\/#organization","name":"Nembutal winkel","url":"https:\/\/nembutalboutique.com\/","logo":{"@type":"ImageObject","inLanguage":"nl-BE","@id":"https:\/\/nembutalboutique.com\/#\/schema\/logo\/image\/","url":"https:\/\/nembutalboutique.com\/wp-content\/uploads\/2024\/01\/logo.png","contentUrl":"https:\/\/nembutalboutique.com\/wp-content\/uploads\/2024\/01\/logo.png","width":494,"height":121,"caption":"Nembutal Boutique"},"image":{"@id":"https:\/\/nembutalboutique.com\/#\/schema\/logo\/image\/"}}]}},"_links":{"self":[{"href":"https:\/\/nembutalboutique.com\/nl\/wp-json\/wp\/v2\/product\/2604"}],"collection":[{"href":"https:\/\/nembutalboutique.com\/nl\/wp-json\/wp\/v2\/product"}],"about":[{"href":"https:\/\/nembutalboutique.com\/nl\/wp-json\/wp\/v2\/types\/product"}],"replies":[{"embeddable":true,"href":"https:\/\/nembutalboutique.com\/nl\/wp-json\/wp\/v2\/comments?post=2604"}],"wp:featuredmedia":[{"embeddable":true,"href":"https:\/\/nembutalboutique.com\/nl\/wp-json\/wp\/v2\/media\/2627"}],"wp:attachment":[{"href":"https:\/\/nembutalboutique.com\/nl\/wp-json\/wp\/v2\/media?parent=2604"}],"wp:term":[{"taxonomy":"product_brand","embeddable":true,"href":"https:\/\/nembutalboutique.com\/nl\/wp-json\/wp\/v2\/product_brand?post=2604"},{"taxonomy":"product_cat","embeddable":true,"href":"https:\/\/nembutalboutique.com\/nl\/wp-json\/wp\/v2\/product_cat?post=2604"},{"taxonomy":"product_tag","embeddable":true,"href":"https:\/\/nembutalboutique.com\/nl\/wp-json\/wp\/v2\/product_tag?post=2604"}],"curies":[{"name":"wp","href":"https:\/\/api.w.org\/{rel}","templated":true}]}}