{"id":2584,"date":"2024-09-16T08:11:03","date_gmt":"2024-09-16T08:11:03","guid":{"rendered":"https:\/\/nembutalboutique.com\/?post_type=product&#038;p=2584"},"modified":"2024-09-21T03:59:42","modified_gmt":"2024-09-21T03:59:42","slug":"5f-emb","status":"publish","type":"product","link":"https:\/\/nembutalboutique.com\/nl\/product\/5f-emb-online-kopen\/","title":{"rendered":"5f-EMB"},"content":{"rendered":"<h2>Koop 5f-EMB op Nembutalboutique.com.<\/h2>\n<p>5f-EMB kopen, De combinatie van synthetische en natuurlijke componenten heeft geresulteerd in de creatie van een nieuwe synthetische chemische stof voor onderzoek, bekend als 5f-EMB. Het belangrijkste doel van onderzoekschemicali\u00ebn is om diepgaande studie van deze verbindingen mogelijk te maken om meer te weten te komen over hun eigenschappen. Het gebruik van 5f-EMB is beperkt tot wetenschappelijke of forensische laboratoria. De beste optie om 5f-EMB online te kopen is NembutalBoutique.<\/p>\n<p>Omdat 5f-EMB een relatief nieuwe chemische stof op de markt is, is er weinig bekend over de effecten op de menselijke gezondheid. Het moleculaire gewicht is 376,5 en de chemische formule is c21h29fn203. De verstrekte gegevens zijn bepaald door verschillende laboratoriumexperimenten. Gegeven dat <a href=\"https:\/\/nembutalboutique.com\/produit\/5f-emb\/\">5f-EMB<\/a> en andere moleculen enigszins vergelijkbaar zijn, suggereren aanvullende gegevens een verband tussen de twee.<\/p>\n<p>Aangezien het wetenschappelijk bewijs suggereert dat de chemische stof een krachtige cannabino\u00efde receptorantagonist is, zou 5f-EMB een vergelijkbaar resultaat moeten opleveren.<\/p>\n<p>Onderzoeksprojecten op academische instellingen hebben 5f-EMB gekoppeld aan verschillende stoffen. We zullen deze stof bestuderen om te bepalen of de samenstelling en eigenschappen ervan bekend zijn. Deze chemische stof wordt echter niet aanbevolen voor menselijk gebruik omdat er momenteel geen informatie beschikbaar is over de voordelen, toxiciteit, bijwerkingen of langetermijneffecten ervan (5f-EMB aankopen).<\/p>\n<h3>Voordelen van 5f-EMB.<\/h3>\n<p>Onderzoek suggereert dat online 5f-EMB kopen gunstig kan zijn voor het volgende:<\/p>\n<p>Infecties en ziekten veroorzaakt door chemotherapie kunnen worden behandeld.<\/p>\n<p>helpt ongemak te verminderen en traumatische ervaringen te verzachten.<\/p>\n<p>Tumorwacht wordt gestopt zodat de kankercellen kunnen worden ge\u00eblimineerd.<\/p>\n<p>Mensen met multiple sclerose moeten hun gespannen spieren ontspannen.<\/p>\n<p>Stimuleer je eetlust en laat zien dat je aids- en kankerpati\u00ebnten steunt.<\/p>\n<h3>Waarom zijn wij de beste goksite in de stad, 5f-EMB Online?<\/h3>\n<p>Bij Nembutalboutique verkopen we de beste <a href=\"https:\/\/en.wikipedia.org\/wiki\/5F-EMB-PINACA\">5f-EMB<\/a> wereldwijd beschikbaar. We hanteren concurrerende productprijzen op de markt. Professionele technische en logistieke ondersteuning is beschikbaar voor onze online shop. Ons verzendbeleid is snel en we gebruiken gedekte verpakkingen. Je kunt je bestelling bij ons langsbrengen en wij verwerken deze zo snel mogelijk. Activeer nu je 5f-EMB online aankoop!<\/p>","protected":false},"excerpt":{"rendered":"<p>Achetez 5f-EMB sur Nembutalboutique.com. Achetez 5f-EMB, La combinaison de composants synth\u00e9tiques et naturels a abouti \u00e0 la cr\u00e9ation d&rsquo;un nouveau produit chimique de recherche synth\u00e9tique connu sous le nom de 5f-EMB. Le but principal des produits chimiques de recherche est de permettre une \u00e9tude approfondie de ces compos\u00e9s afin d&rsquo;en savoir plus sur leurs propri\u00e9t\u00e9s. [&hellip;]<\/p>","protected":false},"featured_media":2594,"comment_status":"open","ping_status":"closed","template":"","meta":{"_joinchat":[]},"product_brand":[],"product_cat":[385],"product_tag":[],"class_list":{"0":"post-2584","1":"product","2":"type-product","3":"status-publish","4":"has-post-thumbnail","6":"product_cat-forschung-schemikalien","8":"first","9":"instock","10":"shipping-taxable","11":"purchasable","12":"product-type-variable"},"yoast_head":"<!-- This site is optimized with the Yoast SEO plugin v23.5 - https:\/\/yoast.com\/wordpress\/plugins\/seo\/ -->\n<title>Achetez 5F-EMB en ligne - 5F-EMB \u00e0 vendre<\/title>\n<meta name=\"description\" content=\"Vous souhaitez approfondir vos recherches ? Achetez 5F-EMB en ligne de mani\u00e8re pratique et s\u00e9curis\u00e9e, gr\u00e2ce \u00e0 un processus de commande simple pour la vente de 5F-EMB. Explorez les possibilit\u00e9s et achetez 5F-EMB en ligne pour vos travaux de recherche d\u00e8s aujourd&#039;hui.\" \/>\n<meta name=\"robots\" content=\"index, follow, max-snippet:-1, max-image-preview:large, max-video-preview:-1\" \/>\n<link rel=\"canonical\" href=\"https:\/\/nembutalboutique.com\/nl\/product\/5f-emb-online-kopen\/\" \/>\n<meta property=\"og:locale\" content=\"nl_BE\" \/>\n<meta property=\"og:type\" content=\"article\" \/>\n<meta property=\"og:title\" content=\"Achetez 5F-EMB en ligne - 5F-EMB \u00e0 vendre\" \/>\n<meta property=\"og:description\" content=\"Vous souhaitez approfondir vos recherches ? Achetez 5F-EMB en ligne de mani\u00e8re pratique et s\u00e9curis\u00e9e, gr\u00e2ce \u00e0 un processus de commande simple pour la vente de 5F-EMB. Explorez les possibilit\u00e9s et achetez 5F-EMB en ligne pour vos travaux de recherche d\u00e8s aujourd&#039;hui.\" \/>\n<meta property=\"og:url\" content=\"https:\/\/nembutalboutique.com\/nl\/product\/5f-emb-online-kopen\/\" \/>\n<meta property=\"og:site_name\" content=\"Nembutal Boutique\" \/>\n<meta property=\"article:modified_time\" content=\"2024-09-21T03:59:42+00:00\" \/>\n<meta property=\"og:image\" content=\"https:\/\/nembutalboutique.com\/wp-content\/uploads\/2024\/09\/5f-EMB.gif\" \/>\n\t<meta property=\"og:image:width\" content=\"600\" \/>\n\t<meta property=\"og:image:height\" content=\"600\" \/>\n\t<meta property=\"og:image:type\" content=\"image\/gif\" \/>\n<meta name=\"twitter:card\" content=\"summary_large_image\" \/>\n<meta name=\"twitter:label1\" content=\"Geschatte leestijd\" \/>\n\t<meta name=\"twitter:data1\" content=\"2 minuten\" \/>\n<script type=\"application\/ld+json\" class=\"yoast-schema-graph\">{\"@context\":\"https:\/\/schema.org\",\"@graph\":[{\"@type\":\"WebPage\",\"@id\":\"https:\/\/nembutalboutique.com\/produit\/5f-emb\/\",\"url\":\"https:\/\/nembutalboutique.com\/produit\/5f-emb\/\",\"name\":\"Achetez 5F-EMB en ligne - 5F-EMB \u00e0 vendre\",\"isPartOf\":{\"@id\":\"https:\/\/nembutalboutique.com\/#website\"},\"primaryImageOfPage\":{\"@id\":\"https:\/\/nembutalboutique.com\/produit\/5f-emb\/#primaryimage\"},\"image\":{\"@id\":\"https:\/\/nembutalboutique.com\/produit\/5f-emb\/#primaryimage\"},\"thumbnailUrl\":\"https:\/\/nembutalboutique.com\/wp-content\/uploads\/2024\/09\/5f-EMB.gif\",\"datePublished\":\"2024-09-16T08:11:03+00:00\",\"dateModified\":\"2024-09-21T03:59:42+00:00\",\"description\":\"Vous souhaitez approfondir vos recherches ? Achetez 5F-EMB en ligne de mani\u00e8re pratique et s\u00e9curis\u00e9e, gr\u00e2ce \u00e0 un processus de commande simple pour la vente de 5F-EMB. Explorez les possibilit\u00e9s et achetez 5F-EMB en ligne pour vos travaux de recherche d\u00e8s aujourd'hui.\",\"breadcrumb\":{\"@id\":\"https:\/\/nembutalboutique.com\/produit\/5f-emb\/#breadcrumb\"},\"inLanguage\":\"nl-BE\",\"potentialAction\":[{\"@type\":\"ReadAction\",\"target\":[\"https:\/\/nembutalboutique.com\/produit\/5f-emb\/\"]}]},{\"@type\":\"ImageObject\",\"inLanguage\":\"nl-BE\",\"@id\":\"https:\/\/nembutalboutique.com\/produit\/5f-emb\/#primaryimage\",\"url\":\"https:\/\/nembutalboutique.com\/wp-content\/uploads\/2024\/09\/5f-EMB.gif\",\"contentUrl\":\"https:\/\/nembutalboutique.com\/wp-content\/uploads\/2024\/09\/5f-EMB.gif\",\"width\":600,\"height\":600,\"caption\":\"Acheter 5f-EMB\"},{\"@type\":\"BreadcrumbList\",\"@id\":\"https:\/\/nembutalboutique.com\/produit\/5f-emb\/#breadcrumb\",\"itemListElement\":[{\"@type\":\"ListItem\",\"position\":1,\"name\":\"Home\",\"item\":\"https:\/\/nembutalboutique.com\/\"},{\"@type\":\"ListItem\",\"position\":2,\"name\":\"Boutique\",\"item\":\"https:\/\/nembutalboutique.com\/shop\/\"},{\"@type\":\"ListItem\",\"position\":3,\"name\":\"5f-EMB\"}]},{\"@type\":\"WebSite\",\"@id\":\"https:\/\/nembutalboutique.com\/#website\",\"url\":\"https:\/\/nembutalboutique.com\/\",\"name\":\"Nembutal Boutique\",\"description\":\"My WordPress Blog\",\"publisher\":{\"@id\":\"https:\/\/nembutalboutique.com\/#organization\"},\"potentialAction\":[{\"@type\":\"SearchAction\",\"target\":{\"@type\":\"EntryPoint\",\"urlTemplate\":\"https:\/\/nembutalboutique.com\/?s={search_term_string}\"},\"query-input\":{\"@type\":\"PropertyValueSpecification\",\"valueRequired\":true,\"valueName\":\"search_term_string\"}}],\"inLanguage\":\"nl-BE\"},{\"@type\":\"Organization\",\"@id\":\"https:\/\/nembutalboutique.com\/#organization\",\"name\":\"Nembutal Boutique\",\"url\":\"https:\/\/nembutalboutique.com\/\",\"logo\":{\"@type\":\"ImageObject\",\"inLanguage\":\"nl-BE\",\"@id\":\"https:\/\/nembutalboutique.com\/#\/schema\/logo\/image\/\",\"url\":\"https:\/\/nembutalboutique.com\/wp-content\/uploads\/2024\/01\/logo.png\",\"contentUrl\":\"https:\/\/nembutalboutique.com\/wp-content\/uploads\/2024\/01\/logo.png\",\"width\":494,\"height\":121,\"caption\":\"Nembutal Boutique\"},\"image\":{\"@id\":\"https:\/\/nembutalboutique.com\/#\/schema\/logo\/image\/\"}}]}<\/script>\n<!-- \/ Yoast SEO plugin. -->","yoast_head_json":{"title":"5F-EMB online kopen - 5F-EMB te koop","description":"Meer weten? Koop 5F-EMB gemakkelijk en veilig online dankzij een eenvoudig bestelproces voor de verkoop van 5F-EMB. Ontdek de mogelijkheden en koop vandaag nog 5F-EMB online voor uw onderzoekswerk.","robots":{"index":"index","follow":"follow","max-snippet":"max-snippet:-1","max-image-preview":"max-image-preview:large","max-video-preview":"max-video-preview:-1"},"canonical":"https:\/\/nembutalboutique.com\/nl\/product\/5f-emb-online-kopen\/","og_locale":"nl_BE","og_type":"article","og_title":"Achetez 5F-EMB en ligne - 5F-EMB \u00e0 vendre","og_description":"Vous souhaitez approfondir vos recherches ? Achetez 5F-EMB en ligne de mani\u00e8re pratique et s\u00e9curis\u00e9e, gr\u00e2ce \u00e0 un processus de commande simple pour la vente de 5F-EMB. Explorez les possibilit\u00e9s et achetez 5F-EMB en ligne pour vos travaux de recherche d\u00e8s aujourd'hui.","og_url":"https:\/\/nembutalboutique.com\/nl\/product\/5f-emb-online-kopen\/","og_site_name":"Nembutal Boutique","article_modified_time":"2024-09-21T03:59:42+00:00","og_image":[{"width":600,"height":600,"url":"https:\/\/nembutalboutique.com\/wp-content\/uploads\/2024\/09\/5f-EMB.gif","type":"image\/gif"}],"twitter_card":"summary_large_image","twitter_misc":{"Geschatte leestijd":"2 minuten"},"schema":{"@context":"https:\/\/schema.org","@graph":[{"@type":"WebPage","@id":"https:\/\/nembutalboutique.com\/produit\/5f-emb\/","url":"https:\/\/nembutalboutique.com\/produit\/5f-emb\/","name":"5F-EMB online kopen - 5F-EMB te koop","isPartOf":{"@id":"https:\/\/nembutalboutique.com\/#website"},"primaryImageOfPage":{"@id":"https:\/\/nembutalboutique.com\/produit\/5f-emb\/#primaryimage"},"image":{"@id":"https:\/\/nembutalboutique.com\/produit\/5f-emb\/#primaryimage"},"thumbnailUrl":"https:\/\/nembutalboutique.com\/wp-content\/uploads\/2024\/09\/5f-EMB.gif","datePublished":"2024-09-16T08:11:03+00:00","dateModified":"2024-09-21T03:59:42+00:00","description":"Meer weten? Koop 5F-EMB gemakkelijk en veilig online dankzij een eenvoudig bestelproces voor de verkoop van 5F-EMB. Ontdek de mogelijkheden en koop vandaag nog 5F-EMB online voor uw onderzoekswerk.","breadcrumb":{"@id":"https:\/\/nembutalboutique.com\/produit\/5f-emb\/#breadcrumb"},"inLanguage":"nl-BE","potentialAction":[{"@type":"ReadAction","target":["https:\/\/nembutalboutique.com\/produit\/5f-emb\/"]}]},{"@type":"ImageObject","inLanguage":"nl-BE","@id":"https:\/\/nembutalboutique.com\/produit\/5f-emb\/#primaryimage","url":"https:\/\/nembutalboutique.com\/wp-content\/uploads\/2024\/09\/5f-EMB.gif","contentUrl":"https:\/\/nembutalboutique.com\/wp-content\/uploads\/2024\/09\/5f-EMB.gif","width":600,"height":600,"caption":"Acheter 5f-EMB"},{"@type":"BreadcrumbList","@id":"https:\/\/nembutalboutique.com\/produit\/5f-emb\/#breadcrumb","itemListElement":[{"@type":"ListItem","position":1,"name":"Home","item":"https:\/\/nembutalboutique.com\/"},{"@type":"ListItem","position":2,"name":"Boutique","item":"https:\/\/nembutalboutique.com\/shop\/"},{"@type":"ListItem","position":3,"name":"5f-EMB"}]},{"@type":"WebSite","@id":"https:\/\/nembutalboutique.com\/#website","url":"https:\/\/nembutalboutique.com\/","name":"Nembutal winkel","description":"Mijn WordPress Blog","publisher":{"@id":"https:\/\/nembutalboutique.com\/#organization"},"potentialAction":[{"@type":"SearchAction","target":{"@type":"EntryPoint","urlTemplate":"https:\/\/nembutalboutique.com\/?s={search_term_string}"},"query-input":{"@type":"PropertyValueSpecification","valueRequired":true,"valueName":"search_term_string"}}],"inLanguage":"nl-BE"},{"@type":"Organization","@id":"https:\/\/nembutalboutique.com\/#organization","name":"Nembutal winkel","url":"https:\/\/nembutalboutique.com\/","logo":{"@type":"ImageObject","inLanguage":"nl-BE","@id":"https:\/\/nembutalboutique.com\/#\/schema\/logo\/image\/","url":"https:\/\/nembutalboutique.com\/wp-content\/uploads\/2024\/01\/logo.png","contentUrl":"https:\/\/nembutalboutique.com\/wp-content\/uploads\/2024\/01\/logo.png","width":494,"height":121,"caption":"Nembutal Boutique"},"image":{"@id":"https:\/\/nembutalboutique.com\/#\/schema\/logo\/image\/"}}]}},"_links":{"self":[{"href":"https:\/\/nembutalboutique.com\/nl\/wp-json\/wp\/v2\/product\/2584"}],"collection":[{"href":"https:\/\/nembutalboutique.com\/nl\/wp-json\/wp\/v2\/product"}],"about":[{"href":"https:\/\/nembutalboutique.com\/nl\/wp-json\/wp\/v2\/types\/product"}],"replies":[{"embeddable":true,"href":"https:\/\/nembutalboutique.com\/nl\/wp-json\/wp\/v2\/comments?post=2584"}],"wp:featuredmedia":[{"embeddable":true,"href":"https:\/\/nembutalboutique.com\/nl\/wp-json\/wp\/v2\/media\/2594"}],"wp:attachment":[{"href":"https:\/\/nembutalboutique.com\/nl\/wp-json\/wp\/v2\/media?parent=2584"}],"wp:term":[{"taxonomy":"product_brand","embeddable":true,"href":"https:\/\/nembutalboutique.com\/nl\/wp-json\/wp\/v2\/product_brand?post=2584"},{"taxonomy":"product_cat","embeddable":true,"href":"https:\/\/nembutalboutique.com\/nl\/wp-json\/wp\/v2\/product_cat?post=2584"},{"taxonomy":"product_tag","embeddable":true,"href":"https:\/\/nembutalboutique.com\/nl\/wp-json\/wp\/v2\/product_tag?post=2584"}],"curies":[{"name":"wp","href":"https:\/\/api.w.org\/{rel}","templated":true}]}}