{"id":2551,"date":"2024-09-16T08:10:46","date_gmt":"2024-09-16T08:10:46","guid":{"rendered":"https:\/\/nembutalboutique.com\/?post_type=product&#038;p=2551"},"modified":"2024-09-21T04:03:29","modified_gmt":"2024-09-21T04:03:29","slug":"5f-mdp","status":"publish","type":"product","link":"https:\/\/nembutalboutique.com\/nl\/product\/5f-mdp-online-kopen\/","title":{"rendered":"5F-MDP"},"content":{"rendered":"<h2>5F-MDP online kopen.<\/h2>\n<p>Synthetisch indazool 5F-MDP kopen <a href=\"https:\/\/nembutalboutique.com\/produit\/5f-mdp\/\">5F-MDP<\/a> is nauw verwant aan 5f-mdmb-2201. We hebben het over een synthetische vorm van indazool-3-carboxamide, die op grote schaal wordt gebruikt. Het is een zeer krachtige CB1-antagonist. Het wordt in geen enkel deel van het land of door het rechtssysteem erkend als een erkende stof. Aangenomen wordt dat we hier te maken hebben met een 5F-analoog of verwante verbindingen. Omdat het op de markt wordt gebracht als een chemische stof voor onderzoek, is het niet geschikt voor inname door mensen of dieren. Het kan alleen worden gebruikt door gekwalificeerde forensische of laboratorium professionals. Je kunt 5F-MDP met korting online kopen bij Nembutalboutique.<\/p>\n<h3>De variabiliteit van 5F-MDP<\/h3>\n<p>5F-MDP-Kristalle is ook bekend als I-AMB, 5F-AMB-PICA en 5F-MMB-PICA. Deze synthetische cannabino\u00efde is afgeleid van indool-3-carboxamide. Het wordt op de markt gebracht als een synthetische drug. Het wordt gebruikt als bestanddeel van synthetische cannabismengsels. Het werd in januari 2014 ingevoerd in Rusland en Wit-Rusland. Een vergelijkbaar apparaat zou een Indolkern 5F-AMB zijn. Nieuwere synthetische cannabino\u00efde verbindingen met een indool-3-carboxamide of indazol-3-carboxamide ring, zoals die met een N-1-methylcarbonylgroep met een isopropyl- of t-butylsubstituent eraan, zijn minder gevaarlijk gebleken dan de meer traditionele synthetische cannabino\u00efde verbindingen.<\/p>\n<h3>Waarom zijn wij de beste plaats om 5F-MDP te kopen?<\/h3>\n<p>Als je het volgende wilt kopen <a href=\"https:\/\/en.wikipedia.org\/wiki\/5F-MDMB-PICA\">5F-MDP<\/a> online zonder je recept aan iemand te hoeven geven, ben je bij ons aan het juiste adres. Wij bieden een breed scala aan chemische producten tegen concurrerende prijzen. Ons doel is om de best mogelijke leveringsservice te bieden voor producten van topkwaliteit in de kortst mogelijke tijd.<br \/>\nMet een molecuulgewicht van 376,5 g mol -1 is onze online shop verkrijgbaar in goud of zilver.<\/p>\n<p>5F MDMB 2201 is een synthetische cannabino\u00efde waarvan gedacht wordt dat het veel van dezelfde medische voordelen biedt als THC. Momenteel wordt de potenti\u00eble therapeutische waarde van deze verbinding voor verschillende ziekten onderzocht. Van bepaalde aandoeningen die in 5F MDMB 2201 online staan, is aangetoond dat ze effectief zijn bij de behandeling van epilepsie en angstaanvallen. Daarnaast is aangetoond dat 5F Mdmb 2201 effectief is tegen de ziekte van Alzheimer en andere vormen van dementie. Hoewel er nog onzekerheden bestaan over het volledige scala aan therapeutische effecten van 5F Mdmb 2201, heeft deze verbinding een groot potentieel om in de toekomst een belangrijke speler te worden in de medische behandeling.<\/p>","protected":false},"excerpt":{"rendered":"<p>Acheter 5F-MDP en ligne. Acheter 5F-MDP L&rsquo;indazole synth\u00e9tique 5F-MDP est \u00e9troitement li\u00e9 au 5f-mdmb-2201. Nous parlons d&rsquo;une forme synth\u00e9tique d&rsquo;indazole-3-carboxamide, qui trouve une utilisation r\u00e9pandue. Vous \u00eates un antagoniste CB1 tr\u00e8s puissant. Il n&rsquo;est reconnu dans aucune r\u00e9gion du pays ni par le syst\u00e8me juridique comme une substance reconnue. On suppose que nous avons affaire [&hellip;]<\/p>","protected":false},"featured_media":2559,"comment_status":"open","ping_status":"closed","template":"","meta":{"_joinchat":[]},"product_brand":[],"product_cat":[386,385],"product_tag":[],"class_list":{"0":"post-2551","1":"product","2":"type-product","3":"status-publish","4":"has-post-thumbnail","6":"product_cat-cannabinoids","7":"product_cat-forschung-schemikalien","9":"first","10":"instock","11":"shipping-taxable","12":"purchasable","13":"product-type-variable"},"yoast_head":"<!-- This site is optimized with the Yoast SEO plugin v23.5 - https:\/\/yoast.com\/wordpress\/plugins\/seo\/ -->\n<title>Acheter 5F-MDP en ligne - 5F-MDP \u00e0 vendre | NembutalBoutique<\/title>\n<meta name=\"description\" content=\"Si vous souhaitez acheter du 5F-MDP en ligne et recherchez une boutique en ligne fiable, achetez ici. Nous proposons uniquement du 5F-MDP de haute qualit\u00e9 \u00e0 un prix abordable. Commandez le 5F-MDP maintenant !\" \/>\n<meta name=\"robots\" content=\"index, follow, max-snippet:-1, max-image-preview:large, max-video-preview:-1\" \/>\n<link rel=\"canonical\" href=\"https:\/\/nembutalboutique.com\/nl\/product\/5f-mdp-online-kopen\/\" \/>\n<meta property=\"og:locale\" content=\"nl_BE\" \/>\n<meta property=\"og:type\" content=\"article\" \/>\n<meta property=\"og:title\" content=\"Acheter 5F-MDP en ligne - 5F-MDP \u00e0 vendre | NembutalBoutique\" \/>\n<meta property=\"og:description\" content=\"Si vous souhaitez acheter du 5F-MDP en ligne et recherchez une boutique en ligne fiable, achetez ici. Nous proposons uniquement du 5F-MDP de haute qualit\u00e9 \u00e0 un prix abordable. Commandez le 5F-MDP maintenant !\" \/>\n<meta property=\"og:url\" content=\"https:\/\/nembutalboutique.com\/nl\/product\/5f-mdp-online-kopen\/\" \/>\n<meta property=\"og:site_name\" content=\"Nembutal Boutique\" \/>\n<meta property=\"article:modified_time\" content=\"2024-09-21T04:03:29+00:00\" \/>\n<meta property=\"og:image\" content=\"https:\/\/nembutalboutique.com\/wp-content\/uploads\/2024\/09\/5fmdp.gif\" \/>\n\t<meta property=\"og:image:width\" content=\"600\" \/>\n\t<meta property=\"og:image:height\" content=\"600\" \/>\n\t<meta property=\"og:image:type\" content=\"image\/gif\" \/>\n<meta name=\"twitter:card\" content=\"summary_large_image\" \/>\n<meta name=\"twitter:label1\" content=\"Geschatte leestijd\" \/>\n\t<meta name=\"twitter:data1\" content=\"2 minuten\" \/>\n<script type=\"application\/ld+json\" class=\"yoast-schema-graph\">{\"@context\":\"https:\/\/schema.org\",\"@graph\":[{\"@type\":\"WebPage\",\"@id\":\"https:\/\/nembutalboutique.com\/produit\/5f-mdp\/\",\"url\":\"https:\/\/nembutalboutique.com\/produit\/5f-mdp\/\",\"name\":\"Acheter 5F-MDP en ligne - 5F-MDP \u00e0 vendre | NembutalBoutique\",\"isPartOf\":{\"@id\":\"https:\/\/nembutalboutique.com\/#website\"},\"primaryImageOfPage\":{\"@id\":\"https:\/\/nembutalboutique.com\/produit\/5f-mdp\/#primaryimage\"},\"image\":{\"@id\":\"https:\/\/nembutalboutique.com\/produit\/5f-mdp\/#primaryimage\"},\"thumbnailUrl\":\"https:\/\/nembutalboutique.com\/wp-content\/uploads\/2024\/09\/5fmdp.gif\",\"datePublished\":\"2024-09-16T08:10:46+00:00\",\"dateModified\":\"2024-09-21T04:03:29+00:00\",\"description\":\"Si vous souhaitez acheter du 5F-MDP en ligne et recherchez une boutique en ligne fiable, achetez ici. Nous proposons uniquement du 5F-MDP de haute qualit\u00e9 \u00e0 un prix abordable. Commandez le 5F-MDP maintenant !\",\"breadcrumb\":{\"@id\":\"https:\/\/nembutalboutique.com\/produit\/5f-mdp\/#breadcrumb\"},\"inLanguage\":\"nl-BE\",\"potentialAction\":[{\"@type\":\"ReadAction\",\"target\":[\"https:\/\/nembutalboutique.com\/produit\/5f-mdp\/\"]}]},{\"@type\":\"ImageObject\",\"inLanguage\":\"nl-BE\",\"@id\":\"https:\/\/nembutalboutique.com\/produit\/5f-mdp\/#primaryimage\",\"url\":\"https:\/\/nembutalboutique.com\/wp-content\/uploads\/2024\/09\/5fmdp.gif\",\"contentUrl\":\"https:\/\/nembutalboutique.com\/wp-content\/uploads\/2024\/09\/5fmdp.gif\",\"width\":600,\"height\":600,\"caption\":\"Acheter 5fmdp\"},{\"@type\":\"BreadcrumbList\",\"@id\":\"https:\/\/nembutalboutique.com\/produit\/5f-mdp\/#breadcrumb\",\"itemListElement\":[{\"@type\":\"ListItem\",\"position\":1,\"name\":\"Home\",\"item\":\"https:\/\/nembutalboutique.com\/\"},{\"@type\":\"ListItem\",\"position\":2,\"name\":\"Boutique\",\"item\":\"https:\/\/nembutalboutique.com\/shop\/\"},{\"@type\":\"ListItem\",\"position\":3,\"name\":\"5F-MDP\"}]},{\"@type\":\"WebSite\",\"@id\":\"https:\/\/nembutalboutique.com\/#website\",\"url\":\"https:\/\/nembutalboutique.com\/\",\"name\":\"Nembutal Boutique\",\"description\":\"My WordPress Blog\",\"publisher\":{\"@id\":\"https:\/\/nembutalboutique.com\/#organization\"},\"potentialAction\":[{\"@type\":\"SearchAction\",\"target\":{\"@type\":\"EntryPoint\",\"urlTemplate\":\"https:\/\/nembutalboutique.com\/?s={search_term_string}\"},\"query-input\":{\"@type\":\"PropertyValueSpecification\",\"valueRequired\":true,\"valueName\":\"search_term_string\"}}],\"inLanguage\":\"nl-BE\"},{\"@type\":\"Organization\",\"@id\":\"https:\/\/nembutalboutique.com\/#organization\",\"name\":\"Nembutal Boutique\",\"url\":\"https:\/\/nembutalboutique.com\/\",\"logo\":{\"@type\":\"ImageObject\",\"inLanguage\":\"nl-BE\",\"@id\":\"https:\/\/nembutalboutique.com\/#\/schema\/logo\/image\/\",\"url\":\"https:\/\/nembutalboutique.com\/wp-content\/uploads\/2024\/01\/logo.png\",\"contentUrl\":\"https:\/\/nembutalboutique.com\/wp-content\/uploads\/2024\/01\/logo.png\",\"width\":494,\"height\":121,\"caption\":\"Nembutal Boutique\"},\"image\":{\"@id\":\"https:\/\/nembutalboutique.com\/#\/schema\/logo\/image\/\"}}]}<\/script>\n<!-- \/ Yoast SEO plugin. -->","yoast_head_json":{"title":"Online 5F-MDP kopen - 5F-MDP te koop | NembutalBoutique","description":"Als je 5F-MDP online wilt kopen en op zoek bent naar een betrouwbare online winkel, koop dan hier. Wij bieden alleen hoge kwaliteit 5F-MDP tegen een betaalbare prijs. Bestel nu 5F-MDP!","robots":{"index":"index","follow":"follow","max-snippet":"max-snippet:-1","max-image-preview":"max-image-preview:large","max-video-preview":"max-video-preview:-1"},"canonical":"https:\/\/nembutalboutique.com\/nl\/product\/5f-mdp-online-kopen\/","og_locale":"nl_BE","og_type":"article","og_title":"Acheter 5F-MDP en ligne - 5F-MDP \u00e0 vendre | NembutalBoutique","og_description":"Si vous souhaitez acheter du 5F-MDP en ligne et recherchez une boutique en ligne fiable, achetez ici. Nous proposons uniquement du 5F-MDP de haute qualit\u00e9 \u00e0 un prix abordable. Commandez le 5F-MDP maintenant !","og_url":"https:\/\/nembutalboutique.com\/nl\/product\/5f-mdp-online-kopen\/","og_site_name":"Nembutal Boutique","article_modified_time":"2024-09-21T04:03:29+00:00","og_image":[{"width":600,"height":600,"url":"https:\/\/nembutalboutique.com\/wp-content\/uploads\/2024\/09\/5fmdp.gif","type":"image\/gif"}],"twitter_card":"summary_large_image","twitter_misc":{"Geschatte leestijd":"2 minuten"},"schema":{"@context":"https:\/\/schema.org","@graph":[{"@type":"WebPage","@id":"https:\/\/nembutalboutique.com\/produit\/5f-mdp\/","url":"https:\/\/nembutalboutique.com\/produit\/5f-mdp\/","name":"Online 5F-MDP kopen - 5F-MDP te koop | NembutalBoutique","isPartOf":{"@id":"https:\/\/nembutalboutique.com\/#website"},"primaryImageOfPage":{"@id":"https:\/\/nembutalboutique.com\/produit\/5f-mdp\/#primaryimage"},"image":{"@id":"https:\/\/nembutalboutique.com\/produit\/5f-mdp\/#primaryimage"},"thumbnailUrl":"https:\/\/nembutalboutique.com\/wp-content\/uploads\/2024\/09\/5fmdp.gif","datePublished":"2024-09-16T08:10:46+00:00","dateModified":"2024-09-21T04:03:29+00:00","description":"Als je 5F-MDP online wilt kopen en op zoek bent naar een betrouwbare online winkel, koop dan hier. Wij bieden alleen hoge kwaliteit 5F-MDP tegen een betaalbare prijs. Bestel nu 5F-MDP!","breadcrumb":{"@id":"https:\/\/nembutalboutique.com\/produit\/5f-mdp\/#breadcrumb"},"inLanguage":"nl-BE","potentialAction":[{"@type":"ReadAction","target":["https:\/\/nembutalboutique.com\/produit\/5f-mdp\/"]}]},{"@type":"ImageObject","inLanguage":"nl-BE","@id":"https:\/\/nembutalboutique.com\/produit\/5f-mdp\/#primaryimage","url":"https:\/\/nembutalboutique.com\/wp-content\/uploads\/2024\/09\/5fmdp.gif","contentUrl":"https:\/\/nembutalboutique.com\/wp-content\/uploads\/2024\/09\/5fmdp.gif","width":600,"height":600,"caption":"Acheter 5fmdp"},{"@type":"BreadcrumbList","@id":"https:\/\/nembutalboutique.com\/produit\/5f-mdp\/#breadcrumb","itemListElement":[{"@type":"ListItem","position":1,"name":"Home","item":"https:\/\/nembutalboutique.com\/"},{"@type":"ListItem","position":2,"name":"Boutique","item":"https:\/\/nembutalboutique.com\/shop\/"},{"@type":"ListItem","position":3,"name":"5F-MDP"}]},{"@type":"WebSite","@id":"https:\/\/nembutalboutique.com\/#website","url":"https:\/\/nembutalboutique.com\/","name":"Nembutal winkel","description":"Mijn WordPress Blog","publisher":{"@id":"https:\/\/nembutalboutique.com\/#organization"},"potentialAction":[{"@type":"SearchAction","target":{"@type":"EntryPoint","urlTemplate":"https:\/\/nembutalboutique.com\/?s={search_term_string}"},"query-input":{"@type":"PropertyValueSpecification","valueRequired":true,"valueName":"search_term_string"}}],"inLanguage":"nl-BE"},{"@type":"Organization","@id":"https:\/\/nembutalboutique.com\/#organization","name":"Nembutal winkel","url":"https:\/\/nembutalboutique.com\/","logo":{"@type":"ImageObject","inLanguage":"nl-BE","@id":"https:\/\/nembutalboutique.com\/#\/schema\/logo\/image\/","url":"https:\/\/nembutalboutique.com\/wp-content\/uploads\/2024\/01\/logo.png","contentUrl":"https:\/\/nembutalboutique.com\/wp-content\/uploads\/2024\/01\/logo.png","width":494,"height":121,"caption":"Nembutal Boutique"},"image":{"@id":"https:\/\/nembutalboutique.com\/#\/schema\/logo\/image\/"}}]}},"_links":{"self":[{"href":"https:\/\/nembutalboutique.com\/nl\/wp-json\/wp\/v2\/product\/2551"}],"collection":[{"href":"https:\/\/nembutalboutique.com\/nl\/wp-json\/wp\/v2\/product"}],"about":[{"href":"https:\/\/nembutalboutique.com\/nl\/wp-json\/wp\/v2\/types\/product"}],"replies":[{"embeddable":true,"href":"https:\/\/nembutalboutique.com\/nl\/wp-json\/wp\/v2\/comments?post=2551"}],"wp:featuredmedia":[{"embeddable":true,"href":"https:\/\/nembutalboutique.com\/nl\/wp-json\/wp\/v2\/media\/2559"}],"wp:attachment":[{"href":"https:\/\/nembutalboutique.com\/nl\/wp-json\/wp\/v2\/media?parent=2551"}],"wp:term":[{"taxonomy":"product_brand","embeddable":true,"href":"https:\/\/nembutalboutique.com\/nl\/wp-json\/wp\/v2\/product_brand?post=2551"},{"taxonomy":"product_cat","embeddable":true,"href":"https:\/\/nembutalboutique.com\/nl\/wp-json\/wp\/v2\/product_cat?post=2551"},{"taxonomy":"product_tag","embeddable":true,"href":"https:\/\/nembutalboutique.com\/nl\/wp-json\/wp\/v2\/product_tag?post=2551"}],"curies":[{"name":"wp","href":"https:\/\/api.w.org\/{rel}","templated":true}]}}