{"id":2295,"date":"2024-01-16T06:05:04","date_gmt":"2024-01-16T06:05:04","guid":{"rendered":"https:\/\/gblexpress.com\/nembu\/?post_type=product&#038;p=2295"},"modified":"2024-10-06T15:52:25","modified_gmt":"2024-10-06T15:52:25","slug":"comprimes-de-nembutal","status":"publish","type":"product","link":"https:\/\/nembutalboutique.com\/nl\/product\/nembutal-tabletten\/","title":{"rendered":"Nembutal tabletten"},"content":{"rendered":"<h2>Achetez des comprim\u00e9s de Nembutal en ligne<\/h2>\n<h3>Am\u00e9liorez vos transitions paisibles\u00a0: votre source de comprim\u00e9s de Nembutal l\u00e9gaux en ligne sur NembutalBoutique.com<\/h3>\n<p>Bienvenue dans notre boutique de <a href=\"https:\/\/nembutalboutique.com\/produit\/comprimes-de-nembutal\/\">comprim\u00e9s de Nembutal<\/a> sur NembutalBoutique.com, votre destination de confiance pour une fin paisible. Sur notre plateforme en ligne, nous proposons un moyen l\u00e9gal et discret d&rsquo;acheter des comprim\u00e9s de Nembutal, garantissant un processus s\u00fbr et confidentiel pour ceux qui recherchent la paix.<\/p>\n<h3>D\u00e9couvrez notre s\u00e9lection de comprim\u00e9s de Nembutal<\/h3>\n<p>Faites l&rsquo;exp\u00e9rience de la tranquillit\u00e9 d&rsquo;esprit avec notre large gamme de comprim\u00e9s de <a href=\"https:\/\/en.wikipedia.org\/?title=Nembutal&amp;redirect=no\">Nembutal<\/a> \u00e0 vendre. Nous sommes fiers de fournir une source fiable \u00e0 ceux qui se demandent o\u00f9 acheter des comprim\u00e9s de Nembutal en ligne. Notre s\u00e9lection r\u00e9pond aux normes les plus \u00e9lev\u00e9es, garantissant qualit\u00e9 et tranquillit\u00e9 d&rsquo;esprit.<\/p>\n<h3>Vereenvoudigd bestelproces<\/h3>\n<p>Nous comprenons la nature sensible de l&rsquo;acquisition de comprim\u00e9s de Nembutal et avons simplifi\u00e9 le processus de commande pour votre commodit\u00e9. Visitez simplement NembutalBoutique.com, choisissez les comprim\u00e9s de Nembutal qui correspondent \u00e0 vos besoins et passez votre commande en toute confiance. Notre plateforme s\u00e9curis\u00e9e assure une transaction discr\u00e8te, en privil\u00e9giant votre vie priv\u00e9e.<\/p>\n<h3>Legaal Nembutal tabletten kopen<\/h3>\n<p>Nous nous engageons \u00e0 fournir un moyen l\u00e9gal et transparent d&rsquo;acheter des comprim\u00e9s de Nembutal. Notre boutique en ligne respecte strictement les r\u00e9glementations l\u00e9gales, vous offrant une source fiable pour acheter des comprim\u00e9s de Nembutal l\u00e9galement. Rassurez-vous, votre bien-\u00eatre est notre priorit\u00e9 absolue.<\/p>\n<h3>Disponibilit\u00e9 dans le monde entier, y compris en France<\/h3>\n<p>O\u00f9 que vous soyez, nous livrons la paix \u00e0 votre porte. Les r\u00e9sidents en France peuvent facilement acheter des comprim\u00e9s de Nembutal sur notre boutique en ligne. Nous garantissons une livraison rapide et s\u00e9curis\u00e9e, respectant votre besoin de confidentialit\u00e9.<\/p>\n<p>Chez NembutalBoutique.com, nous sommes votre magasin de confiance de comprim\u00e9s de Nembutal, offrant une solution l\u00e9gale et discr\u00e8te pour ceux qui recherchent la paix. Faites le premier pas vers une fin paisible en commandant des comprim\u00e9s de Nembutal chez nous. Votre voyage vers la tranquillit\u00e9 commence ici.<\/p>","protected":false},"excerpt":{"rendered":"<p>Achetez des comprim\u00e9s de Nembutal en ligne Am\u00e9liorez vos transitions paisibles\u00a0: votre source de comprim\u00e9s de Nembutal l\u00e9gaux en ligne sur NembutalBoutique.com Bienvenue dans notre boutique de comprim\u00e9s de Nembutal sur NembutalBoutique.com, votre destination de confiance pour une fin paisible. Sur notre plateforme en ligne, nous proposons un moyen l\u00e9gal et discret d&rsquo;acheter des comprim\u00e9s [&hellip;]<\/p>","protected":false},"featured_media":2312,"comment_status":"open","ping_status":"closed","template":"","meta":{"_joinchat":[]},"product_brand":[],"product_cat":[116],"product_tag":[],"class_list":{"0":"post-2295","1":"product","2":"type-product","3":"status-publish","4":"has-post-thumbnail","6":"product_cat-nembutal","8":"first","9":"instock","10":"shipping-taxable","11":"purchasable","12":"product-type-variable","13":"has-default-attributes"},"yoast_head":"<!-- This site is optimized with the Yoast SEO plugin v23.5 - https:\/\/yoast.com\/wordpress\/plugins\/seo\/ -->\n<title>Acheter des comprim\u00e9s de Nembutal en ligne - Vente de comprim\u00e9s de Nembutal<\/title>\n<meta name=\"description\" content=\"Vous souhaitez acheter des comprim\u00e9s de Nembutal en ligne ? D\u00e9couvrez une plateforme transparente sur notre boutique en ligne o\u00f9 vous pouvez acheter des comprim\u00e9s de Nembutal, garantissant une qualit\u00e9 de premier ordre pour vos besoins de recherche.\" \/>\n<meta name=\"robots\" content=\"index, follow, max-snippet:-1, max-image-preview:large, max-video-preview:-1\" \/>\n<link rel=\"canonical\" href=\"https:\/\/nembutalboutique.com\/nl\/product\/nembutal-tabletten\/\" \/>\n<meta property=\"og:locale\" content=\"nl_BE\" \/>\n<meta property=\"og:type\" content=\"article\" \/>\n<meta property=\"og:title\" content=\"Acheter des comprim\u00e9s de Nembutal en ligne - Vente de comprim\u00e9s de Nembutal\" \/>\n<meta property=\"og:description\" content=\"Vous souhaitez acheter des comprim\u00e9s de Nembutal en ligne ? D\u00e9couvrez une plateforme transparente sur notre boutique en ligne o\u00f9 vous pouvez acheter des comprim\u00e9s de Nembutal, garantissant une qualit\u00e9 de premier ordre pour vos besoins de recherche.\" \/>\n<meta property=\"og:url\" content=\"https:\/\/nembutalboutique.com\/nl\/product\/nembutal-tabletten\/\" \/>\n<meta property=\"og:site_name\" content=\"Nembutal Boutique\" \/>\n<meta property=\"article:modified_time\" content=\"2024-10-06T15:52:25+00:00\" \/>\n<meta property=\"og:image\" content=\"https:\/\/nembutalboutique.com\/wp-content\/uploads\/2024\/01\/nembutal-tablets.jpg\" \/>\n\t<meta property=\"og:image:width\" content=\"1000\" \/>\n\t<meta property=\"og:image:height\" content=\"1000\" \/>\n\t<meta property=\"og:image:type\" content=\"image\/jpeg\" \/>\n<meta name=\"twitter:card\" content=\"summary_large_image\" \/>\n<meta name=\"twitter:label1\" content=\"Geschatte leestijd\" \/>\n\t<meta name=\"twitter:data1\" content=\"2 minuten\" \/>\n<script type=\"application\/ld+json\" class=\"yoast-schema-graph\">{\"@context\":\"https:\/\/schema.org\",\"@graph\":[{\"@type\":\"WebPage\",\"@id\":\"https:\/\/nembutalboutique.com\/produit\/comprimes-de-nembutal\/\",\"url\":\"https:\/\/nembutalboutique.com\/produit\/comprimes-de-nembutal\/\",\"name\":\"Acheter des comprim\u00e9s de Nembutal en ligne - Vente de comprim\u00e9s de Nembutal\",\"isPartOf\":{\"@id\":\"https:\/\/nembutalboutique.com\/#website\"},\"primaryImageOfPage\":{\"@id\":\"https:\/\/nembutalboutique.com\/produit\/comprimes-de-nembutal\/#primaryimage\"},\"image\":{\"@id\":\"https:\/\/nembutalboutique.com\/produit\/comprimes-de-nembutal\/#primaryimage\"},\"thumbnailUrl\":\"https:\/\/nembutalboutique.com\/wp-content\/uploads\/2024\/01\/nembutal-tablets.jpg\",\"datePublished\":\"2024-01-16T06:05:04+00:00\",\"dateModified\":\"2024-10-06T15:52:25+00:00\",\"description\":\"Vous souhaitez acheter des comprim\u00e9s de Nembutal en ligne ? D\u00e9couvrez une plateforme transparente sur notre boutique en ligne o\u00f9 vous pouvez acheter des comprim\u00e9s de Nembutal, garantissant une qualit\u00e9 de premier ordre pour vos besoins de recherche.\",\"breadcrumb\":{\"@id\":\"https:\/\/nembutalboutique.com\/produit\/comprimes-de-nembutal\/#breadcrumb\"},\"inLanguage\":\"nl-BE\",\"potentialAction\":[{\"@type\":\"ReadAction\",\"target\":[\"https:\/\/nembutalboutique.com\/produit\/comprimes-de-nembutal\/\"]}]},{\"@type\":\"ImageObject\",\"inLanguage\":\"nl-BE\",\"@id\":\"https:\/\/nembutalboutique.com\/produit\/comprimes-de-nembutal\/#primaryimage\",\"url\":\"https:\/\/nembutalboutique.com\/wp-content\/uploads\/2024\/01\/nembutal-tablets.jpg\",\"contentUrl\":\"https:\/\/nembutalboutique.com\/wp-content\/uploads\/2024\/01\/nembutal-tablets.jpg\",\"width\":1000,\"height\":1000,\"caption\":\"Acheter des comprim\u00e9s Nembutal\"},{\"@type\":\"BreadcrumbList\",\"@id\":\"https:\/\/nembutalboutique.com\/produit\/comprimes-de-nembutal\/#breadcrumb\",\"itemListElement\":[{\"@type\":\"ListItem\",\"position\":1,\"name\":\"Home\",\"item\":\"https:\/\/nembutalboutique.com\/\"},{\"@type\":\"ListItem\",\"position\":2,\"name\":\"Boutique\",\"item\":\"https:\/\/nembutalboutique.com\/shop\/\"},{\"@type\":\"ListItem\",\"position\":3,\"name\":\"Comprim\u00e9s de Nembutal\"}]},{\"@type\":\"WebSite\",\"@id\":\"https:\/\/nembutalboutique.com\/#website\",\"url\":\"https:\/\/nembutalboutique.com\/\",\"name\":\"Nembutal Boutique\",\"description\":\"My WordPress Blog\",\"publisher\":{\"@id\":\"https:\/\/nembutalboutique.com\/#organization\"},\"potentialAction\":[{\"@type\":\"SearchAction\",\"target\":{\"@type\":\"EntryPoint\",\"urlTemplate\":\"https:\/\/nembutalboutique.com\/?s={search_term_string}\"},\"query-input\":{\"@type\":\"PropertyValueSpecification\",\"valueRequired\":true,\"valueName\":\"search_term_string\"}}],\"inLanguage\":\"nl-BE\"},{\"@type\":\"Organization\",\"@id\":\"https:\/\/nembutalboutique.com\/#organization\",\"name\":\"Nembutal Boutique\",\"url\":\"https:\/\/nembutalboutique.com\/\",\"logo\":{\"@type\":\"ImageObject\",\"inLanguage\":\"nl-BE\",\"@id\":\"https:\/\/nembutalboutique.com\/#\/schema\/logo\/image\/\",\"url\":\"https:\/\/nembutalboutique.com\/wp-content\/uploads\/2024\/01\/logo.png\",\"contentUrl\":\"https:\/\/nembutalboutique.com\/wp-content\/uploads\/2024\/01\/logo.png\",\"width\":494,\"height\":121,\"caption\":\"Nembutal Boutique\"},\"image\":{\"@id\":\"https:\/\/nembutalboutique.com\/#\/schema\/logo\/image\/\"}}]}<\/script>\n<!-- \/ Yoast SEO plugin. -->","yoast_head_json":{"title":"Acheter des comprim\u00e9s de Nembutal en ligne - Vente de comprim\u00e9s de Nembutal","description":"Vous souhaitez acheter des comprim\u00e9s de Nembutal en ligne ? D\u00e9couvrez une plateforme transparente sur notre boutique en ligne o\u00f9 vous pouvez acheter des comprim\u00e9s de Nembutal, garantissant une qualit\u00e9 de premier ordre pour vos besoins de recherche.","robots":{"index":"index","follow":"follow","max-snippet":"max-snippet:-1","max-image-preview":"max-image-preview:large","max-video-preview":"max-video-preview:-1"},"canonical":"https:\/\/nembutalboutique.com\/nl\/product\/nembutal-tabletten\/","og_locale":"nl_BE","og_type":"article","og_title":"Acheter des comprim\u00e9s de Nembutal en ligne - Vente de comprim\u00e9s de Nembutal","og_description":"Vous souhaitez acheter des comprim\u00e9s de Nembutal en ligne ? D\u00e9couvrez une plateforme transparente sur notre boutique en ligne o\u00f9 vous pouvez acheter des comprim\u00e9s de Nembutal, garantissant une qualit\u00e9 de premier ordre pour vos besoins de recherche.","og_url":"https:\/\/nembutalboutique.com\/nl\/product\/nembutal-tabletten\/","og_site_name":"Nembutal Boutique","article_modified_time":"2024-10-06T15:52:25+00:00","og_image":[{"width":1000,"height":1000,"url":"https:\/\/nembutalboutique.com\/wp-content\/uploads\/2024\/01\/nembutal-tablets.jpg","type":"image\/jpeg"}],"twitter_card":"summary_large_image","twitter_misc":{"Geschatte leestijd":"2 minuten"},"schema":{"@context":"https:\/\/schema.org","@graph":[{"@type":"WebPage","@id":"https:\/\/nembutalboutique.com\/produit\/comprimes-de-nembutal\/","url":"https:\/\/nembutalboutique.com\/produit\/comprimes-de-nembutal\/","name":"Acheter des comprim\u00e9s de Nembutal en ligne - Vente de comprim\u00e9s de Nembutal","isPartOf":{"@id":"https:\/\/nembutalboutique.com\/#website"},"primaryImageOfPage":{"@id":"https:\/\/nembutalboutique.com\/produit\/comprimes-de-nembutal\/#primaryimage"},"image":{"@id":"https:\/\/nembutalboutique.com\/produit\/comprimes-de-nembutal\/#primaryimage"},"thumbnailUrl":"https:\/\/nembutalboutique.com\/wp-content\/uploads\/2024\/01\/nembutal-tablets.jpg","datePublished":"2024-01-16T06:05:04+00:00","dateModified":"2024-10-06T15:52:25+00:00","description":"Vous souhaitez acheter des comprim\u00e9s de Nembutal en ligne ? D\u00e9couvrez une plateforme transparente sur notre boutique en ligne o\u00f9 vous pouvez acheter des comprim\u00e9s de Nembutal, garantissant une qualit\u00e9 de premier ordre pour vos besoins de recherche.","breadcrumb":{"@id":"https:\/\/nembutalboutique.com\/produit\/comprimes-de-nembutal\/#breadcrumb"},"inLanguage":"nl-BE","potentialAction":[{"@type":"ReadAction","target":["https:\/\/nembutalboutique.com\/produit\/comprimes-de-nembutal\/"]}]},{"@type":"ImageObject","inLanguage":"nl-BE","@id":"https:\/\/nembutalboutique.com\/produit\/comprimes-de-nembutal\/#primaryimage","url":"https:\/\/nembutalboutique.com\/wp-content\/uploads\/2024\/01\/nembutal-tablets.jpg","contentUrl":"https:\/\/nembutalboutique.com\/wp-content\/uploads\/2024\/01\/nembutal-tablets.jpg","width":1000,"height":1000,"caption":"Acheter des comprim\u00e9s Nembutal"},{"@type":"BreadcrumbList","@id":"https:\/\/nembutalboutique.com\/produit\/comprimes-de-nembutal\/#breadcrumb","itemListElement":[{"@type":"ListItem","position":1,"name":"Home","item":"https:\/\/nembutalboutique.com\/"},{"@type":"ListItem","position":2,"name":"Boutique","item":"https:\/\/nembutalboutique.com\/shop\/"},{"@type":"ListItem","position":3,"name":"Comprim\u00e9s de Nembutal"}]},{"@type":"WebSite","@id":"https:\/\/nembutalboutique.com\/#website","url":"https:\/\/nembutalboutique.com\/","name":"Nembutal winkel","description":"Mijn WordPress Blog","publisher":{"@id":"https:\/\/nembutalboutique.com\/#organization"},"potentialAction":[{"@type":"SearchAction","target":{"@type":"EntryPoint","urlTemplate":"https:\/\/nembutalboutique.com\/?s={search_term_string}"},"query-input":{"@type":"PropertyValueSpecification","valueRequired":true,"valueName":"search_term_string"}}],"inLanguage":"nl-BE"},{"@type":"Organization","@id":"https:\/\/nembutalboutique.com\/#organization","name":"Nembutal winkel","url":"https:\/\/nembutalboutique.com\/","logo":{"@type":"ImageObject","inLanguage":"nl-BE","@id":"https:\/\/nembutalboutique.com\/#\/schema\/logo\/image\/","url":"https:\/\/nembutalboutique.com\/wp-content\/uploads\/2024\/01\/logo.png","contentUrl":"https:\/\/nembutalboutique.com\/wp-content\/uploads\/2024\/01\/logo.png","width":494,"height":121,"caption":"Nembutal Boutique"},"image":{"@id":"https:\/\/nembutalboutique.com\/#\/schema\/logo\/image\/"}}]}},"_links":{"self":[{"href":"https:\/\/nembutalboutique.com\/nl\/wp-json\/wp\/v2\/product\/2295"}],"collection":[{"href":"https:\/\/nembutalboutique.com\/nl\/wp-json\/wp\/v2\/product"}],"about":[{"href":"https:\/\/nembutalboutique.com\/nl\/wp-json\/wp\/v2\/types\/product"}],"replies":[{"embeddable":true,"href":"https:\/\/nembutalboutique.com\/nl\/wp-json\/wp\/v2\/comments?post=2295"}],"wp:featuredmedia":[{"embeddable":true,"href":"https:\/\/nembutalboutique.com\/nl\/wp-json\/wp\/v2\/media\/2312"}],"wp:attachment":[{"href":"https:\/\/nembutalboutique.com\/nl\/wp-json\/wp\/v2\/media?parent=2295"}],"wp:term":[{"taxonomy":"product_brand","embeddable":true,"href":"https:\/\/nembutalboutique.com\/nl\/wp-json\/wp\/v2\/product_brand?post=2295"},{"taxonomy":"product_cat","embeddable":true,"href":"https:\/\/nembutalboutique.com\/nl\/wp-json\/wp\/v2\/product_cat?post=2295"},{"taxonomy":"product_tag","embeddable":true,"href":"https:\/\/nembutalboutique.com\/nl\/wp-json\/wp\/v2\/product_tag?post=2295"}],"curies":[{"name":"wp","href":"https:\/\/api.w.org\/{rel}","templated":true}]}}