{"id":2290,"date":"2024-01-16T06:05:04","date_gmt":"2024-01-16T06:05:04","guid":{"rendered":"https:\/\/gblexpress.com\/nembu\/?post_type=product&#038;p=2290"},"modified":"2024-09-21T04:18:41","modified_gmt":"2024-09-21T04:18:41","slug":"liquide-nembutal","status":"publish","type":"product","link":"https:\/\/nembutalboutique.com\/nl\/product\/vloeibaar-nembutaal\/","title":{"rendered":"Nembutal vloeibaar"},"content":{"rendered":"<h2>Achetez du liquide Nembutal en ligne<\/h2>\n<p>Ayez l&rsquo;esprit tranquille : achetez du liquide Nembutal en toute s\u00e9curit\u00e9 en ligne sur NembutalBoutique.com<\/p>\n<p>Chez NembutalBoutique.com, nous comprenons l&rsquo;importance de fournir une option paisible et l\u00e9gale \u00e0 ceux qui recherchent du liquide Nembutal. Si vous vous demandez o\u00f9 acheter du liquide Nembutal, ne cherchez pas plus loin. Nous vous proposons une plateforme s\u00e9curis\u00e9e pour acheter du <a href=\"https:\/\/nembutalboutique.com\/produit\/liquide-nembutal\/\">liquide Nembutal<\/a> en ligne, garantissant un processus discret et fiable.<\/p>\n<h3>Het gemak van Nembutal vloeibaar bestellen<\/h3>\n<p>Commander du liquide Nembutal n&rsquo;a jamais \u00e9t\u00e9 aussi simple. Visitez notre boutique Nembutal Liquid sur NembutalBoutique.com et d\u00e9couvrez la simplicit\u00e9 du processus d&rsquo;achat. Nous sommes fiers d&rsquo;offrir une plateforme conviviale, vous permettant d&rsquo;acheter facilement du liquide Nembutal en quelques clics.<\/p>\n<h3>Assurer des transactions l\u00e9gales<\/h3>\n<p>Chez NembutalBoutique.com, nous accordons la priorit\u00e9 \u00e0 la l\u00e9galit\u00e9 et \u00e0 la transparence. Soyez assur\u00e9 que lorsque vous achetez du liquide Nembutal chez nous, vous effectuez un achat l\u00e9gal. Notre engagement envers la l\u00e9galit\u00e9 nous distingue, vous donnant la tranquillit\u00e9 d&rsquo;esprit que votre transaction est s\u00e9curis\u00e9e et conforme \u00e0 la r\u00e9glementation.<\/p>\n<h3>Vloeibare Nembutal te koop in Frankrijk<\/h3>\n<p>We richten ons op een wereldwijd publiek en ja, we bieden ook <a href=\"https:\/\/en.wikipedia.org\/?title=Nembutal&amp;redirect=no\">Nembutal liquide<\/a> \u00e0 vendre en France. Que vous soyez situ\u00e9 en France ou dans toute autre partie du monde, nos services s&rsquo;\u00e9tendent pour assurer l&rsquo;accessibilit\u00e9 \u00e0 ceux qui recherchent une solution pacifique. Faites confiance \u00e0 NembutalBoutique.com pour une exp\u00e9rience d&rsquo;achat fluide.<\/p>\n<h3>Pourquoi nous choisir ?<\/h3>\n<p>Lorsque vous envisagez o\u00f9 acheter du Nembutal Liquid, il est essentiel de choisir une source fiable et digne de confiance. NembutalBoutique.com a gagn\u00e9 sa r\u00e9putation en fournissant des produits de qualit\u00e9, des transactions l\u00e9gales et des services discrets. Notre engagement envers la satisfaction du client fait de nous le choix pr\u00e9f\u00e9r\u00e9 de ceux qui recherchent du Nembutal Liquid.<\/p>\n<p>Si vous souhaitez acheter du Nembutal Liquid en ligne l\u00e9galement, NembutalBoutique.com est votre destination de choix. Explorez notre boutique Nembutal Liquid pour une exp\u00e9rience sans tracas, garantissant une tranquillit\u00e9 d&rsquo;esprit et une transaction s\u00e9curis\u00e9e. Choisissez-nous pour une source fiable de liquide Nembutal, apportant la tranquillit\u00e9 d\u2019esprit \u00e0 vos d\u00e9cisions de vie.<\/p>","protected":false},"excerpt":{"rendered":"<p>Achetez du liquide Nembutal en ligne Ayez l&rsquo;esprit tranquille : achetez du liquide Nembutal en toute s\u00e9curit\u00e9 en ligne sur NembutalBoutique.com Chez NembutalBoutique.com, nous comprenons l&rsquo;importance de fournir une option paisible et l\u00e9gale \u00e0 ceux qui recherchent du liquide Nembutal. Si vous vous demandez o\u00f9 acheter du liquide Nembutal, ne cherchez pas plus loin. Nous [&hellip;]<\/p>","protected":false},"featured_media":2311,"comment_status":"open","ping_status":"closed","template":"","meta":{"_joinchat":[]},"product_brand":[],"product_cat":[116],"product_tag":[],"class_list":{"0":"post-2290","1":"product","2":"type-product","3":"status-publish","4":"has-post-thumbnail","6":"product_cat-nembutal","8":"first","9":"instock","10":"shipping-taxable","11":"purchasable","12":"product-type-variable","13":"has-default-attributes"},"yoast_head":"<!-- This site is optimized with the Yoast SEO plugin v23.5 - https:\/\/yoast.com\/wordpress\/plugins\/seo\/ -->\n<title>Acheter du liquide Nembutal en ligne - Liquide Nembutal \u00e0 vendre<\/title>\n<meta name=\"description\" content=\"O\u00f9 acheter du liquide Nembutal en ligne au meilleur prix ? Trouvez du liquide Nembutal de haute qualit\u00e9 \u00e0 vendre dans notre boutique en ligne s\u00e9curis\u00e9e, r\u00e9pondant \u00e0 vos besoins de recherche. Commandez maintenant !\" \/>\n<meta name=\"robots\" content=\"index, follow, max-snippet:-1, max-image-preview:large, max-video-preview:-1\" \/>\n<link rel=\"canonical\" href=\"https:\/\/nembutalboutique.com\/nl\/product\/vloeibaar-nembutaal\/\" \/>\n<meta property=\"og:locale\" content=\"nl_BE\" \/>\n<meta property=\"og:type\" content=\"article\" \/>\n<meta property=\"og:title\" content=\"Acheter du liquide Nembutal en ligne - Liquide Nembutal \u00e0 vendre\" \/>\n<meta property=\"og:description\" content=\"O\u00f9 acheter du liquide Nembutal en ligne au meilleur prix ? Trouvez du liquide Nembutal de haute qualit\u00e9 \u00e0 vendre dans notre boutique en ligne s\u00e9curis\u00e9e, r\u00e9pondant \u00e0 vos besoins de recherche. Commandez maintenant !\" \/>\n<meta property=\"og:url\" content=\"https:\/\/nembutalboutique.com\/nl\/product\/vloeibaar-nembutaal\/\" \/>\n<meta property=\"og:site_name\" content=\"Nembutal Boutique\" \/>\n<meta property=\"article:modified_time\" content=\"2024-09-21T04:18:41+00:00\" \/>\n<meta property=\"og:image\" content=\"https:\/\/nembutalboutique.com\/wp-content\/uploads\/2024\/01\/nembutal-liquid.jpg\" \/>\n\t<meta property=\"og:image:width\" content=\"1000\" \/>\n\t<meta property=\"og:image:height\" content=\"1000\" \/>\n\t<meta property=\"og:image:type\" content=\"image\/jpeg\" \/>\n<meta name=\"twitter:card\" content=\"summary_large_image\" \/>\n<meta name=\"twitter:label1\" content=\"Geschatte leestijd\" \/>\n\t<meta name=\"twitter:data1\" content=\"2 minuten\" \/>\n<script type=\"application\/ld+json\" class=\"yoast-schema-graph\">{\"@context\":\"https:\/\/schema.org\",\"@graph\":[{\"@type\":\"WebPage\",\"@id\":\"https:\/\/nembutalboutique.com\/produit\/liquide-nembutal\/\",\"url\":\"https:\/\/nembutalboutique.com\/produit\/liquide-nembutal\/\",\"name\":\"Acheter du liquide Nembutal en ligne - Liquide Nembutal \u00e0 vendre\",\"isPartOf\":{\"@id\":\"https:\/\/nembutalboutique.com\/#website\"},\"primaryImageOfPage\":{\"@id\":\"https:\/\/nembutalboutique.com\/produit\/liquide-nembutal\/#primaryimage\"},\"image\":{\"@id\":\"https:\/\/nembutalboutique.com\/produit\/liquide-nembutal\/#primaryimage\"},\"thumbnailUrl\":\"https:\/\/nembutalboutique.com\/wp-content\/uploads\/2024\/01\/nembutal-liquid.jpg\",\"datePublished\":\"2024-01-16T06:05:04+00:00\",\"dateModified\":\"2024-09-21T04:18:41+00:00\",\"description\":\"O\u00f9 acheter du liquide Nembutal en ligne au meilleur prix ? Trouvez du liquide Nembutal de haute qualit\u00e9 \u00e0 vendre dans notre boutique en ligne s\u00e9curis\u00e9e, r\u00e9pondant \u00e0 vos besoins de recherche. Commandez maintenant !\",\"breadcrumb\":{\"@id\":\"https:\/\/nembutalboutique.com\/produit\/liquide-nembutal\/#breadcrumb\"},\"inLanguage\":\"nl-BE\",\"potentialAction\":[{\"@type\":\"ReadAction\",\"target\":[\"https:\/\/nembutalboutique.com\/produit\/liquide-nembutal\/\"]}]},{\"@type\":\"ImageObject\",\"inLanguage\":\"nl-BE\",\"@id\":\"https:\/\/nembutalboutique.com\/produit\/liquide-nembutal\/#primaryimage\",\"url\":\"https:\/\/nembutalboutique.com\/wp-content\/uploads\/2024\/01\/nembutal-liquid.jpg\",\"contentUrl\":\"https:\/\/nembutalboutique.com\/wp-content\/uploads\/2024\/01\/nembutal-liquid.jpg\",\"width\":1000,\"height\":1000,\"caption\":\"Acheter Liquide Nembutal\"},{\"@type\":\"BreadcrumbList\",\"@id\":\"https:\/\/nembutalboutique.com\/produit\/liquide-nembutal\/#breadcrumb\",\"itemListElement\":[{\"@type\":\"ListItem\",\"position\":1,\"name\":\"Home\",\"item\":\"https:\/\/nembutalboutique.com\/\"},{\"@type\":\"ListItem\",\"position\":2,\"name\":\"Boutique\",\"item\":\"https:\/\/nembutalboutique.com\/shop\/\"},{\"@type\":\"ListItem\",\"position\":3,\"name\":\"Liquide Nembutal\"}]},{\"@type\":\"WebSite\",\"@id\":\"https:\/\/nembutalboutique.com\/#website\",\"url\":\"https:\/\/nembutalboutique.com\/\",\"name\":\"Nembutal Boutique\",\"description\":\"My WordPress Blog\",\"publisher\":{\"@id\":\"https:\/\/nembutalboutique.com\/#organization\"},\"potentialAction\":[{\"@type\":\"SearchAction\",\"target\":{\"@type\":\"EntryPoint\",\"urlTemplate\":\"https:\/\/nembutalboutique.com\/?s={search_term_string}\"},\"query-input\":{\"@type\":\"PropertyValueSpecification\",\"valueRequired\":true,\"valueName\":\"search_term_string\"}}],\"inLanguage\":\"nl-BE\"},{\"@type\":\"Organization\",\"@id\":\"https:\/\/nembutalboutique.com\/#organization\",\"name\":\"Nembutal Boutique\",\"url\":\"https:\/\/nembutalboutique.com\/\",\"logo\":{\"@type\":\"ImageObject\",\"inLanguage\":\"nl-BE\",\"@id\":\"https:\/\/nembutalboutique.com\/#\/schema\/logo\/image\/\",\"url\":\"https:\/\/nembutalboutique.com\/wp-content\/uploads\/2024\/01\/logo.png\",\"contentUrl\":\"https:\/\/nembutalboutique.com\/wp-content\/uploads\/2024\/01\/logo.png\",\"width\":494,\"height\":121,\"caption\":\"Nembutal Boutique\"},\"image\":{\"@id\":\"https:\/\/nembutalboutique.com\/#\/schema\/logo\/image\/\"}}]}<\/script>\n<!-- \/ Yoast SEO plugin. -->","yoast_head_json":{"title":"Acheter du liquide Nembutal en ligne - Liquide Nembutal \u00e0 vendre","description":"O\u00f9 acheter du liquide Nembutal en ligne au meilleur prix ? Trouvez du liquide Nembutal de haute qualit\u00e9 \u00e0 vendre dans notre boutique en ligne s\u00e9curis\u00e9e, r\u00e9pondant \u00e0 vos besoins de recherche. Commandez maintenant !","robots":{"index":"index","follow":"follow","max-snippet":"max-snippet:-1","max-image-preview":"max-image-preview:large","max-video-preview":"max-video-preview:-1"},"canonical":"https:\/\/nembutalboutique.com\/nl\/product\/vloeibaar-nembutaal\/","og_locale":"nl_BE","og_type":"article","og_title":"Acheter du liquide Nembutal en ligne - Liquide Nembutal \u00e0 vendre","og_description":"O\u00f9 acheter du liquide Nembutal en ligne au meilleur prix ? Trouvez du liquide Nembutal de haute qualit\u00e9 \u00e0 vendre dans notre boutique en ligne s\u00e9curis\u00e9e, r\u00e9pondant \u00e0 vos besoins de recherche. Commandez maintenant !","og_url":"https:\/\/nembutalboutique.com\/nl\/product\/vloeibaar-nembutaal\/","og_site_name":"Nembutal Boutique","article_modified_time":"2024-09-21T04:18:41+00:00","og_image":[{"width":1000,"height":1000,"url":"https:\/\/nembutalboutique.com\/wp-content\/uploads\/2024\/01\/nembutal-liquid.jpg","type":"image\/jpeg"}],"twitter_card":"summary_large_image","twitter_misc":{"Geschatte leestijd":"2 minuten"},"schema":{"@context":"https:\/\/schema.org","@graph":[{"@type":"WebPage","@id":"https:\/\/nembutalboutique.com\/produit\/liquide-nembutal\/","url":"https:\/\/nembutalboutique.com\/produit\/liquide-nembutal\/","name":"Acheter du liquide Nembutal en ligne - Liquide Nembutal \u00e0 vendre","isPartOf":{"@id":"https:\/\/nembutalboutique.com\/#website"},"primaryImageOfPage":{"@id":"https:\/\/nembutalboutique.com\/produit\/liquide-nembutal\/#primaryimage"},"image":{"@id":"https:\/\/nembutalboutique.com\/produit\/liquide-nembutal\/#primaryimage"},"thumbnailUrl":"https:\/\/nembutalboutique.com\/wp-content\/uploads\/2024\/01\/nembutal-liquid.jpg","datePublished":"2024-01-16T06:05:04+00:00","dateModified":"2024-09-21T04:18:41+00:00","description":"O\u00f9 acheter du liquide Nembutal en ligne au meilleur prix ? Trouvez du liquide Nembutal de haute qualit\u00e9 \u00e0 vendre dans notre boutique en ligne s\u00e9curis\u00e9e, r\u00e9pondant \u00e0 vos besoins de recherche. Commandez maintenant !","breadcrumb":{"@id":"https:\/\/nembutalboutique.com\/produit\/liquide-nembutal\/#breadcrumb"},"inLanguage":"nl-BE","potentialAction":[{"@type":"ReadAction","target":["https:\/\/nembutalboutique.com\/produit\/liquide-nembutal\/"]}]},{"@type":"ImageObject","inLanguage":"nl-BE","@id":"https:\/\/nembutalboutique.com\/produit\/liquide-nembutal\/#primaryimage","url":"https:\/\/nembutalboutique.com\/wp-content\/uploads\/2024\/01\/nembutal-liquid.jpg","contentUrl":"https:\/\/nembutalboutique.com\/wp-content\/uploads\/2024\/01\/nembutal-liquid.jpg","width":1000,"height":1000,"caption":"Acheter Liquide Nembutal"},{"@type":"BreadcrumbList","@id":"https:\/\/nembutalboutique.com\/produit\/liquide-nembutal\/#breadcrumb","itemListElement":[{"@type":"ListItem","position":1,"name":"Home","item":"https:\/\/nembutalboutique.com\/"},{"@type":"ListItem","position":2,"name":"Boutique","item":"https:\/\/nembutalboutique.com\/shop\/"},{"@type":"ListItem","position":3,"name":"Liquide Nembutal"}]},{"@type":"WebSite","@id":"https:\/\/nembutalboutique.com\/#website","url":"https:\/\/nembutalboutique.com\/","name":"Nembutal winkel","description":"Mijn WordPress Blog","publisher":{"@id":"https:\/\/nembutalboutique.com\/#organization"},"potentialAction":[{"@type":"SearchAction","target":{"@type":"EntryPoint","urlTemplate":"https:\/\/nembutalboutique.com\/?s={search_term_string}"},"query-input":{"@type":"PropertyValueSpecification","valueRequired":true,"valueName":"search_term_string"}}],"inLanguage":"nl-BE"},{"@type":"Organization","@id":"https:\/\/nembutalboutique.com\/#organization","name":"Nembutal winkel","url":"https:\/\/nembutalboutique.com\/","logo":{"@type":"ImageObject","inLanguage":"nl-BE","@id":"https:\/\/nembutalboutique.com\/#\/schema\/logo\/image\/","url":"https:\/\/nembutalboutique.com\/wp-content\/uploads\/2024\/01\/logo.png","contentUrl":"https:\/\/nembutalboutique.com\/wp-content\/uploads\/2024\/01\/logo.png","width":494,"height":121,"caption":"Nembutal Boutique"},"image":{"@id":"https:\/\/nembutalboutique.com\/#\/schema\/logo\/image\/"}}]}},"_links":{"self":[{"href":"https:\/\/nembutalboutique.com\/nl\/wp-json\/wp\/v2\/product\/2290"}],"collection":[{"href":"https:\/\/nembutalboutique.com\/nl\/wp-json\/wp\/v2\/product"}],"about":[{"href":"https:\/\/nembutalboutique.com\/nl\/wp-json\/wp\/v2\/types\/product"}],"replies":[{"embeddable":true,"href":"https:\/\/nembutalboutique.com\/nl\/wp-json\/wp\/v2\/comments?post=2290"}],"wp:featuredmedia":[{"embeddable":true,"href":"https:\/\/nembutalboutique.com\/nl\/wp-json\/wp\/v2\/media\/2311"}],"wp:attachment":[{"href":"https:\/\/nembutalboutique.com\/nl\/wp-json\/wp\/v2\/media?parent=2290"}],"wp:term":[{"taxonomy":"product_brand","embeddable":true,"href":"https:\/\/nembutalboutique.com\/nl\/wp-json\/wp\/v2\/product_brand?post=2290"},{"taxonomy":"product_cat","embeddable":true,"href":"https:\/\/nembutalboutique.com\/nl\/wp-json\/wp\/v2\/product_cat?post=2290"},{"taxonomy":"product_tag","embeddable":true,"href":"https:\/\/nembutalboutique.com\/nl\/wp-json\/wp\/v2\/product_tag?post=2290"}],"curies":[{"name":"wp","href":"https:\/\/api.w.org\/{rel}","templated":true}]}}