{"id":3386,"date":"2024-09-16T08:17:23","date_gmt":"2024-09-16T08:17:23","guid":{"rendered":"https:\/\/nembutalboutique.com\/?post_type=product&#038;p=3386"},"modified":"2024-09-20T08:19:38","modified_gmt":"2024-09-20T08:19:38","slug":"a-phip","status":"publish","type":"product","link":"https:\/\/nembutalboutique.com\/it\/prodotto\/acquistare-un-phip-online\/","title":{"rendered":"A-PHiP"},"content":{"rendered":"<h2>Acheter \u03b1-PHiP en ligne\u00a0?<\/h2>\n<p>L&rsquo;\u03b1-PHiP, parfois appel\u00e9 <a href=\"https:\/\/nembutalboutique.com\/produit\/a-phip\/\">Alpha-PHiP<\/a>, est un isom\u00e8re structurel de son compos\u00e9 mol\u00e9culaire parent, le pyroclalan, et fait partie de la classe des cathinones.<\/p>\n<p>De plus, il pr\u00e9sente de nombreuses similitudes avec d&rsquo;autres produits chimiques mieux connus, le MDPV et l&rsquo;A-PHP.<\/p>\n<p>Bien que l&rsquo;\u03b1-PHiP partage des similitudes structurelles avec des substances qui ont \u00e9t\u00e9 test\u00e9es et approuv\u00e9es pour la consommation humaine, il ne doit \u00eatre utilis\u00e9 qu&rsquo;\u00e0 des fins de recherche et ne doit pas \u00eatre consomm\u00e9.<\/p>\n<p>Propri\u00e9t\u00e9s chimiques de l&rsquo;\u03b1-PHiP\u00a0: Formule\u00a0: C23H27N3O2.<\/p>\n<p>Nome completo: 4-metil-2-(pirrolidin-1-il)pentan-1-one<\/p>\n<p>Peso molecolare: g\/mol<\/p>\n<p>&gt;98 % Reinheit<br \/>\nComme indiqu\u00e9 pr\u00e9c\u00e9demment, l&rsquo;\u03b1-PHiP est un compos\u00e9 de la classe des cathinones avec des propri\u00e9t\u00e9s mol\u00e9culaires similaires \u00e0 la pyroval\u00e9rone plus \u00e9tudi\u00e9e\u00a0; La principale diff\u00e9rence est un groupe m\u00e9thyle qui a \u00e9t\u00e9 d\u00e9plac\u00e9 de la position 4 du cycle aromatique. Comme mentionn\u00e9 pr\u00e9c\u00e9demment, dans l&rsquo;\u03b1-PHiP, un compos\u00e9 de la classe des cathinones est impliqu\u00e9, qui est en outre accompagn\u00e9 d&rsquo;un groupe m\u00e9thyle de la quatri\u00e8me position des cycles aromatiques qui a \u00e9t\u00e9 oxyd\u00e9. La substance qui se trouve en position quatre dans l&rsquo;acylkette a les m\u00eames propri\u00e9t\u00e9s chimiques que la pyroval\u00e9rone, qui a \u00e9t\u00e9 \u00e9tudi\u00e9e plus en d\u00e9tail. Comme pour la pyroval\u00e9rone, l&rsquo;\u03b1-PHiP devrait donner des r\u00e9sultats remarquables ; cependant, aucune \u00e9tude n&rsquo;a \u00e9t\u00e9 men\u00e9e pour confirmer cette th\u00e9orie.<\/p>\n<p>Comme pour toute autre caf\u00e9ine psychoactive, l&rsquo;<a href=\"https:\/\/en.wikipedia.org\/wiki\/%CE%91-PHiP\">\u03b1-PHiP<\/a> est cens\u00e9e stimuler la lib\u00e9ration de dopamine et inhiber simultan\u00e9ment la capacit\u00e9 du syst\u00e8me nerveux central \u00e0 produire de la s\u00e9rotonine, de l&rsquo;adr\u00e9naline et de la noradr\u00e9naline.<\/p>\n<p>Il est essentiel de garder \u00e0 l&rsquo;esprit que les substances psychoactives trouv\u00e9es dans les feuilles de la plante catha edulis, qui a des propri\u00e9t\u00e9s stimulantes, sont la source de tous les ph\u00e9nols. De cette fa\u00e7on, le khat est accept\u00e9 depuis des centaines d&rsquo;ann\u00e9es. Toutes les connexions de la famille Cathinon proviennent de cette plante, qui est cultiv\u00e9e depuis de nombreuses ann\u00e9es dans plusieurs pays africains.<br \/>\nREMARQUE : Contrairement au Pyrovaleron ou au khat, qui ont d\u00e9j\u00e0 \u00e9t\u00e9 utilis\u00e9s sur des humains, l&rsquo;\u03b1-PHiP ne doit \u00eatre utilis\u00e9 qu&rsquo;\u00e0 des fins de recherche et non sur des humains. L&rsquo;A-PHiP peut \u00eatre achet\u00e9 en ligne.<\/p>\n<h3>O\u00f9 l&rsquo;\u03b1-PHiP est-il vendu ?<\/h3>\n<p>Achetez du Nembutal, une source N1 de confiance qui fournit de l&rsquo;\u03b1-PHiP de qualit\u00e9 laboratoire sous forme de sel finement moulu du plus haut calibre. Chemical Planet est la meilleure source pour acheter des produits chimiques de recherche. Veuillez noter que vous devez avoir au moins 18 ans pour acheter de l&rsquo;\u03b1-PHiP aupr\u00e8s de Chemical Planet. Tous les produits chimiques de recherche commerciaux ne conviennent pas \u00e0 la consommation humaine ; ils ne doivent plut\u00f4t \u00eatre utilis\u00e9s que pour la recherche et les exp\u00e9riences en laboratoire. L&rsquo;A-PHiP peut \u00eatre achet\u00e9 en ligne.<\/p>\n<h3>Chlorhydrate d&rsquo;\u03b1-PHiP : qu&rsquo;est-ce que c&rsquo;est ?<\/h3>\n<p>L&rsquo;A-PHiP, \u00e9galement connu sous le nom d&rsquo;alpha-PHiP, est un isom\u00e8re structurel de son compos\u00e9 parent et un lien entre les classes Cathinon et PhiP.<\/p>\n<p>Les autres connexions plus connues entre l&rsquo;A-PHP et le MDPV sont \u00e9galement tr\u00e8s similaires.<\/p>\n<p>Bien que les connexions structurelles de l&rsquo;\u03b1-PHiP ressemblent \u00e0 celles qui ont \u00e9t\u00e9 test\u00e9es et approuv\u00e9es pour une utilisation dans des tests sur l&rsquo;homme, l&rsquo;\u03b1-PHiP est destin\u00e9 \u00e0 des fins de recherche uniquement et ne doit pas \u00eatre utilis\u00e9 dans des tests sur l&rsquo;homme.<\/p>\n<p>Avvertenze<\/p>\n<p>Il n&rsquo;est pas recommand\u00e9 d&rsquo;administrer cette substance aux humains ou aux animaux. Cette substance est exclusivement destin\u00e9e \u00e0 la vente aux laboratoires de recherche. Nous vous sugg\u00e9rons \u00e9galement de manipuler le S-Liquid a-PiHP avec pr\u00e9caution. Chemical Planet ne sera pas tenu responsable des incidents qui pourraient survenir suite \u00e0 la manipulation de ce produit chimique. Veillez donc \u00e0 utiliser un \u00e9quipement de protection.<\/p>\n<h3>Le S-Liquid a-PiHP est-il l\u00e9gal ?<\/h3>\n<p>Nous vous recommandons de v\u00e9rifier aupr\u00e8s des autorit\u00e9s comp\u00e9tentes de votre r\u00e9gion ou du lieu de livraison de votre S-liquide a-PiHP avant de proc\u00e9der \u00e0 votre achat.<\/p>\n<p>Nous avons pris les pr\u00e9cautions n\u00e9cessaires pour garantir que nos clients agissent dans le respect de la loi en appliquant des r\u00e8gles strictes dans la vente de ce produit. La r\u00e9glementation change constamment, donc en tant qu&rsquo;acheteur, vous devez vous tenir inform\u00e9 des lois en vigueur dans votre r\u00e9gion. Nous ne sommes pas responsables des difficult\u00e9s juridiques qui pourraient survenir suite \u00e0 l&rsquo;achat de S-liquide PiHP dans votre pays.<\/p>\n<h3>O\u00f9 acheter S-Liquid a-PiHP ?<\/h3>\n<p>Chemical Planet est un fournisseur et distributeur de S-liquide a-PiHP et d&rsquo;autres produits chimiques de recherche de haute qualit\u00e9. Nous sommes fiers de notre capacit\u00e9 \u00e0 vendre des produits chimiques sp\u00e9cialis\u00e9s, en particulier certains qui sont rares ou inhabituels. Nos produits sont vendus uniquement \u00e0 des fins de recherche en laboratoire. Veuillez noter que nous ne vendrons qu&rsquo;\u00e0 des personnes agr\u00e9\u00e9es \u00e2g\u00e9es d&rsquo;au moins 18 ans.<\/p>","protected":false},"excerpt":{"rendered":"<p>Acheter \u03b1-PHiP en ligne\u00a0? L&rsquo;\u03b1-PHiP, parfois appel\u00e9 Alpha-PHiP, est un isom\u00e8re structurel de son compos\u00e9 mol\u00e9culaire parent, le pyroclalan, et fait partie de la classe des cathinones. De plus, il pr\u00e9sente de nombreuses similitudes avec d&rsquo;autres produits chimiques mieux connus, le MDPV et l&rsquo;A-PHP. Bien que l&rsquo;\u03b1-PHiP partage des similitudes structurelles avec des substances qui [&hellip;]<\/p>","protected":false},"featured_media":3414,"comment_status":"open","ping_status":"closed","template":"","meta":{"_joinchat":[]},"product_brand":[],"product_cat":[387],"product_tag":[],"class_list":{"0":"post-3386","1":"product","2":"type-product","3":"status-publish","4":"has-post-thumbnail","6":"product_cat-cathinone","8":"first","9":"instock","10":"shipping-taxable","11":"purchasable","12":"product-type-variable"},"yoast_head":"<!-- This site is optimized with the Yoast SEO plugin v23.5 - https:\/\/yoast.com\/wordpress\/plugins\/seo\/ -->\n<title>Acheter A-Phip en ligne - A-Phip \u00e0 vendre - Commander A-Phip<\/title>\n<meta name=\"description\" content=\"Vous pouvez entrer en contact avec notre boutique en ligne et acheter A-Phip en ligne. Nous avons A-Phip en vente \u00e0 des prix bon march\u00e9. Procurez-vous le v\u00f4tre chez vous tout de suite !\" \/>\n<meta name=\"robots\" content=\"index, follow, max-snippet:-1, max-image-preview:large, max-video-preview:-1\" \/>\n<link rel=\"canonical\" href=\"https:\/\/nembutalboutique.com\/it\/prodotto\/acquistare-un-phip-online\/\" \/>\n<meta property=\"og:locale\" content=\"it_IT\" \/>\n<meta property=\"og:type\" content=\"article\" \/>\n<meta property=\"og:title\" content=\"Acheter A-Phip en ligne - A-Phip \u00e0 vendre - Commander A-Phip\" \/>\n<meta property=\"og:description\" content=\"Vous pouvez entrer en contact avec notre boutique en ligne et acheter A-Phip en ligne. Nous avons A-Phip en vente \u00e0 des prix bon march\u00e9. Procurez-vous le v\u00f4tre chez vous tout de suite !\" \/>\n<meta property=\"og:url\" content=\"https:\/\/nembutalboutique.com\/it\/prodotto\/acquistare-un-phip-online\/\" \/>\n<meta property=\"og:site_name\" content=\"Nembutal Boutique\" \/>\n<meta property=\"article:modified_time\" content=\"2024-09-20T08:19:38+00:00\" \/>\n<meta property=\"og:image\" content=\"https:\/\/nembutalboutique.com\/wp-content\/uploads\/2024\/09\/A-PHiP.gif\" \/>\n\t<meta property=\"og:image:width\" content=\"600\" \/>\n\t<meta property=\"og:image:height\" content=\"600\" \/>\n\t<meta property=\"og:image:type\" content=\"image\/gif\" \/>\n<meta name=\"twitter:card\" content=\"summary_large_image\" \/>\n<meta name=\"twitter:label1\" content=\"Tempo di lettura stimato\" \/>\n\t<meta name=\"twitter:data1\" content=\"4 minuti\" \/>\n<script type=\"application\/ld+json\" class=\"yoast-schema-graph\">{\"@context\":\"https:\/\/schema.org\",\"@graph\":[{\"@type\":\"WebPage\",\"@id\":\"https:\/\/nembutalboutique.com\/produit\/a-phip\/\",\"url\":\"https:\/\/nembutalboutique.com\/produit\/a-phip\/\",\"name\":\"Acheter A-Phip en ligne - A-Phip \u00e0 vendre - Commander A-Phip\",\"isPartOf\":{\"@id\":\"https:\/\/nembutalboutique.com\/#website\"},\"primaryImageOfPage\":{\"@id\":\"https:\/\/nembutalboutique.com\/produit\/a-phip\/#primaryimage\"},\"image\":{\"@id\":\"https:\/\/nembutalboutique.com\/produit\/a-phip\/#primaryimage\"},\"thumbnailUrl\":\"https:\/\/nembutalboutique.com\/wp-content\/uploads\/2024\/09\/A-PHiP.gif\",\"datePublished\":\"2024-09-16T08:17:23+00:00\",\"dateModified\":\"2024-09-20T08:19:38+00:00\",\"description\":\"Vous pouvez entrer en contact avec notre boutique en ligne et acheter A-Phip en ligne. Nous avons A-Phip en vente \u00e0 des prix bon march\u00e9. Procurez-vous le v\u00f4tre chez vous tout de suite !\",\"breadcrumb\":{\"@id\":\"https:\/\/nembutalboutique.com\/produit\/a-phip\/#breadcrumb\"},\"inLanguage\":\"it-IT\",\"potentialAction\":[{\"@type\":\"ReadAction\",\"target\":[\"https:\/\/nembutalboutique.com\/produit\/a-phip\/\"]}]},{\"@type\":\"ImageObject\",\"inLanguage\":\"it-IT\",\"@id\":\"https:\/\/nembutalboutique.com\/produit\/a-phip\/#primaryimage\",\"url\":\"https:\/\/nembutalboutique.com\/wp-content\/uploads\/2024\/09\/A-PHiP.gif\",\"contentUrl\":\"https:\/\/nembutalboutique.com\/wp-content\/uploads\/2024\/09\/A-PHiP.gif\",\"width\":600,\"height\":600,\"caption\":\"Acheter A-PHiP.gif\"},{\"@type\":\"BreadcrumbList\",\"@id\":\"https:\/\/nembutalboutique.com\/produit\/a-phip\/#breadcrumb\",\"itemListElement\":[{\"@type\":\"ListItem\",\"position\":1,\"name\":\"Home\",\"item\":\"https:\/\/nembutalboutique.com\/\"},{\"@type\":\"ListItem\",\"position\":2,\"name\":\"Boutique\",\"item\":\"https:\/\/nembutalboutique.com\/shop\/\"},{\"@type\":\"ListItem\",\"position\":3,\"name\":\"A-PHiP\"}]},{\"@type\":\"WebSite\",\"@id\":\"https:\/\/nembutalboutique.com\/#website\",\"url\":\"https:\/\/nembutalboutique.com\/\",\"name\":\"Nembutal Boutique\",\"description\":\"My WordPress Blog\",\"publisher\":{\"@id\":\"https:\/\/nembutalboutique.com\/#organization\"},\"potentialAction\":[{\"@type\":\"SearchAction\",\"target\":{\"@type\":\"EntryPoint\",\"urlTemplate\":\"https:\/\/nembutalboutique.com\/?s={search_term_string}\"},\"query-input\":{\"@type\":\"PropertyValueSpecification\",\"valueRequired\":true,\"valueName\":\"search_term_string\"}}],\"inLanguage\":\"it-IT\"},{\"@type\":\"Organization\",\"@id\":\"https:\/\/nembutalboutique.com\/#organization\",\"name\":\"Nembutal Boutique\",\"url\":\"https:\/\/nembutalboutique.com\/\",\"logo\":{\"@type\":\"ImageObject\",\"inLanguage\":\"it-IT\",\"@id\":\"https:\/\/nembutalboutique.com\/#\/schema\/logo\/image\/\",\"url\":\"https:\/\/nembutalboutique.com\/wp-content\/uploads\/2024\/01\/logo.png\",\"contentUrl\":\"https:\/\/nembutalboutique.com\/wp-content\/uploads\/2024\/01\/logo.png\",\"width\":494,\"height\":121,\"caption\":\"Nembutal Boutique\"},\"image\":{\"@id\":\"https:\/\/nembutalboutique.com\/#\/schema\/logo\/image\/\"}}]}<\/script>\n<!-- \/ Yoast SEO plugin. -->","yoast_head_json":{"title":"Acheter A-Phip en ligne - A-Phip \u00e0 vendre - Commander A-Phip","description":"Vous pouvez entrer en contact avec notre boutique en ligne et acheter A-Phip en ligne. Nous avons A-Phip en vente \u00e0 des prix bon march\u00e9. Procurez-vous le v\u00f4tre chez vous tout de suite !","robots":{"index":"index","follow":"follow","max-snippet":"max-snippet:-1","max-image-preview":"max-image-preview:large","max-video-preview":"max-video-preview:-1"},"canonical":"https:\/\/nembutalboutique.com\/it\/prodotto\/acquistare-un-phip-online\/","og_locale":"it_IT","og_type":"article","og_title":"Acheter A-Phip en ligne - A-Phip \u00e0 vendre - Commander A-Phip","og_description":"Vous pouvez entrer en contact avec notre boutique en ligne et acheter A-Phip en ligne. Nous avons A-Phip en vente \u00e0 des prix bon march\u00e9. Procurez-vous le v\u00f4tre chez vous tout de suite !","og_url":"https:\/\/nembutalboutique.com\/it\/prodotto\/acquistare-un-phip-online\/","og_site_name":"Nembutal Boutique","article_modified_time":"2024-09-20T08:19:38+00:00","og_image":[{"width":600,"height":600,"url":"https:\/\/nembutalboutique.com\/wp-content\/uploads\/2024\/09\/A-PHiP.gif","type":"image\/gif"}],"twitter_card":"summary_large_image","twitter_misc":{"Tempo di lettura stimato":"4 minuti"},"schema":{"@context":"https:\/\/schema.org","@graph":[{"@type":"WebPage","@id":"https:\/\/nembutalboutique.com\/produit\/a-phip\/","url":"https:\/\/nembutalboutique.com\/produit\/a-phip\/","name":"Acheter A-Phip en ligne - A-Phip \u00e0 vendre - Commander A-Phip","isPartOf":{"@id":"https:\/\/nembutalboutique.com\/#website"},"primaryImageOfPage":{"@id":"https:\/\/nembutalboutique.com\/produit\/a-phip\/#primaryimage"},"image":{"@id":"https:\/\/nembutalboutique.com\/produit\/a-phip\/#primaryimage"},"thumbnailUrl":"https:\/\/nembutalboutique.com\/wp-content\/uploads\/2024\/09\/A-PHiP.gif","datePublished":"2024-09-16T08:17:23+00:00","dateModified":"2024-09-20T08:19:38+00:00","description":"Vous pouvez entrer en contact avec notre boutique en ligne et acheter A-Phip en ligne. Nous avons A-Phip en vente \u00e0 des prix bon march\u00e9. Procurez-vous le v\u00f4tre chez vous tout de suite !","breadcrumb":{"@id":"https:\/\/nembutalboutique.com\/produit\/a-phip\/#breadcrumb"},"inLanguage":"it-IT","potentialAction":[{"@type":"ReadAction","target":["https:\/\/nembutalboutique.com\/produit\/a-phip\/"]}]},{"@type":"ImageObject","inLanguage":"it-IT","@id":"https:\/\/nembutalboutique.com\/produit\/a-phip\/#primaryimage","url":"https:\/\/nembutalboutique.com\/wp-content\/uploads\/2024\/09\/A-PHiP.gif","contentUrl":"https:\/\/nembutalboutique.com\/wp-content\/uploads\/2024\/09\/A-PHiP.gif","width":600,"height":600,"caption":"Acheter A-PHiP.gif"},{"@type":"BreadcrumbList","@id":"https:\/\/nembutalboutique.com\/produit\/a-phip\/#breadcrumb","itemListElement":[{"@type":"ListItem","position":1,"name":"Home","item":"https:\/\/nembutalboutique.com\/"},{"@type":"ListItem","position":2,"name":"Boutique","item":"https:\/\/nembutalboutique.com\/shop\/"},{"@type":"ListItem","position":3,"name":"A-PHiP"}]},{"@type":"WebSite","@id":"https:\/\/nembutalboutique.com\/#website","url":"https:\/\/nembutalboutique.com\/","name":"Boutique del Nembutal","description":"Il mio blog WordPress","publisher":{"@id":"https:\/\/nembutalboutique.com\/#organization"},"potentialAction":[{"@type":"SearchAction","target":{"@type":"EntryPoint","urlTemplate":"https:\/\/nembutalboutique.com\/?s={search_term_string}"},"query-input":{"@type":"PropertyValueSpecification","valueRequired":true,"valueName":"search_term_string"}}],"inLanguage":"it-IT"},{"@type":"Organization","@id":"https:\/\/nembutalboutique.com\/#organization","name":"Boutique del Nembutal","url":"https:\/\/nembutalboutique.com\/","logo":{"@type":"ImageObject","inLanguage":"it-IT","@id":"https:\/\/nembutalboutique.com\/#\/schema\/logo\/image\/","url":"https:\/\/nembutalboutique.com\/wp-content\/uploads\/2024\/01\/logo.png","contentUrl":"https:\/\/nembutalboutique.com\/wp-content\/uploads\/2024\/01\/logo.png","width":494,"height":121,"caption":"Nembutal Boutique"},"image":{"@id":"https:\/\/nembutalboutique.com\/#\/schema\/logo\/image\/"}}]}},"_links":{"self":[{"href":"https:\/\/nembutalboutique.com\/it\/wp-json\/wp\/v2\/product\/3386"}],"collection":[{"href":"https:\/\/nembutalboutique.com\/it\/wp-json\/wp\/v2\/product"}],"about":[{"href":"https:\/\/nembutalboutique.com\/it\/wp-json\/wp\/v2\/types\/product"}],"replies":[{"embeddable":true,"href":"https:\/\/nembutalboutique.com\/it\/wp-json\/wp\/v2\/comments?post=3386"}],"wp:featuredmedia":[{"embeddable":true,"href":"https:\/\/nembutalboutique.com\/it\/wp-json\/wp\/v2\/media\/3414"}],"wp:attachment":[{"href":"https:\/\/nembutalboutique.com\/it\/wp-json\/wp\/v2\/media?parent=3386"}],"wp:term":[{"taxonomy":"product_brand","embeddable":true,"href":"https:\/\/nembutalboutique.com\/it\/wp-json\/wp\/v2\/product_brand?post=3386"},{"taxonomy":"product_cat","embeddable":true,"href":"https:\/\/nembutalboutique.com\/it\/wp-json\/wp\/v2\/product_cat?post=3386"},{"taxonomy":"product_tag","embeddable":true,"href":"https:\/\/nembutalboutique.com\/it\/wp-json\/wp\/v2\/product_tag?post=3386"}],"curies":[{"name":"wp","href":"https:\/\/api.w.org\/{rel}","templated":true}]}}