{"id":3124,"date":"2024-09-16T08:15:14","date_gmt":"2024-09-16T08:15:14","guid":{"rendered":"https:\/\/nembutalboutique.com\/?post_type=product&#038;p=3124"},"modified":"2024-09-20T09:41:17","modified_gmt":"2024-09-20T09:41:17","slug":"lisopropylphenidate","status":"publish","type":"product","link":"https:\/\/nembutalboutique.com\/it\/prodotto\/comprare-isopropilfenidato\/","title":{"rendered":"isopropilfenidato"},"content":{"rendered":"<h2>Comprare isopropylphenidate online<\/h2>\n<p>Prendete un po' di polvere <a href=\"https:\/\/nembutalboutique.com\/produit\/lisopropylphenidate\/\">isopropilfenidato<\/a> (talvolta chiamato IPPD e IPH). \u00c8 uno stimolante appartenente alla classe delle piperidine. L'isopropilfenidato ha un effetto stimolante e motivante che favorisce anche la concentrazione. \u00c8 un analogo strutturale del metilfenidato, un farmaco comunemente prescritto per l'ADHD, e si ritiene che provochi effetti quasi identici in termini di cognizione e corpo, ma con una componente euforica \"Rausch\" pi\u00f9 debole e un'emivita pi\u00f9 lunga.<\/p>\n<h2>Isopropilfenidato (IPH): cos'\u00e8?<\/h2>\n<p>L'HPI \u00e8 una sostanza chimica di ricerca della classe delle piperidine. Questo stimolante \u00e8 di natura sintetica. L'IPH \u00e8 molto simile al metilfenidato dal punto di vista chimico e produce risultati di ricerca quasi identici. Mantenere sempre le procedure di sicurezza appropriate in laboratorio, poich\u00e9 i dosaggi pi\u00f9 elevati possono essere molto pi\u00f9 efficaci.<\/p>\n<p>Legalit\u00e0 dell'isopropilfenidato<\/p>\n<p>L'HPI \u00e8 vietato in Germania, nei Paesi Bassi e nel Regno Unito. In molti altri Paesi \u00e8 vietato, ma non \u00e8 autorizzato ed \u00e8 quindi perfettamente legale. L'acquisto di isopropilfenidato pu\u00f2 essere vietato in paesi con leggi altrettanto severe, come gli Stati Uniti.<\/p>\n<p>Effetti dell'isopropilfenidato<\/p>\n<p><a href=\"https:\/\/en.wikipedia.org\/wiki\/Isopropylphenidate\">Isopropilfenidato<\/a>comunemente noto come IPPD o IPH, \u00e8 uno stimolante appartenente alla classe delle piperidine. Pu\u00f2 anche aumentare la concentrazione. Ha un effetto stimolante e motivante. Presenta analogie strutturali con il metilfenidato, un farmaco per l'ADHD, e si ritiene che abbia effetti cognitivi e fisici comparabili. Ha una durata d'azione pi\u00f9 breve e una componente meno euforica.<\/p>\n<p>L'isopropilfenidato \u00e8 stato usato solo di recente come droga ricreativa e non \u00e8 ancora stato venduto sul mercato.<\/p>\n<h3>Dove posso acquistare l'HPI?<\/h3>\n<p>\u00c8 possibile acquistare prodotti chimici per la ricerca contenenti isopropilfenidato da Achemic sul nostro sito web. Tutti i nostri prodotti chimici di ricerca vengono esaminati e testati prima di essere messi in vendita. Non possiamo garantire l'eccellente qualit\u00e0 dei nostri prodotti a base di isopropilfenidato. Saremo lieti di rispondere alle vostre domande e di fornirvi ulteriori informazioni.<\/p>\n<p>Questo prodotto \u00e8 destinato esclusivamente all'uso didattico. Achemic non vende alcun HPI per scopi diversi da quelli educativi e scientifici. NON \u00e8 destinato all'uso in medicina veterinaria o nella riproduzione umana. Spediamo ovunque, compresi gli Stati Uniti.<\/p>","protected":false},"excerpt":{"rendered":"<p>Achetez l&rsquo;isopropylph\u00e9nidate en ligne Procurez-vous de la poudre d&rsquo;isopropylph\u00e9nidate (parfois appel\u00e9e IPPD et IPH). C&rsquo;est un stimulant qui appartient \u00e0 la classe des pip\u00e9ridines. L&rsquo;isopropylph\u00e9nidate a un effet stimulant et motivant qui aide \u00e9galement \u00e0 la concentration. C&rsquo;est un analogue structurel du m\u00e9thylph\u00e9nidate, un m\u00e9dicament couramment prescrit pour le TDAH, et il est cens\u00e9 provoquer [&hellip;]<\/p>","protected":false},"featured_media":3143,"comment_status":"open","ping_status":"closed","template":"","meta":{"_joinchat":[]},"product_brand":[],"product_cat":[385],"product_tag":[],"class_list":{"0":"post-3124","1":"product","2":"type-product","3":"status-publish","4":"has-post-thumbnail","6":"product_cat-forschung-schemikalien","8":"first","9":"instock","10":"shipping-taxable","11":"purchasable","12":"product-type-variable"},"yoast_head":"<!-- This site is optimized with the Yoast SEO plugin v23.5 - https:\/\/yoast.com\/wordpress\/plugins\/seo\/ -->\n<title>Acheter de l&#039;isopropylph\u00e9nidate en ligne - isopropylph\u00e9nidate \u00e0 vendre<\/title>\n<meta name=\"description\" content=\"Si vous souhaitez acheter de l&#039;isopropylph\u00e9nidate en ligne, visitez notre boutique en ligne Nembutal Boutique. Nous proposons \u00e0 la vente des produits de haute qualit\u00e9 comme l&#039;isopropylph\u00e9nidate. Passez votre commande maintenant !\" \/>\n<meta name=\"robots\" content=\"index, follow, max-snippet:-1, max-image-preview:large, max-video-preview:-1\" \/>\n<link rel=\"canonical\" href=\"https:\/\/nembutalboutique.com\/it\/prodotto\/comprare-isopropilfenidato\/\" \/>\n<meta property=\"og:locale\" content=\"it_IT\" \/>\n<meta property=\"og:type\" content=\"article\" \/>\n<meta property=\"og:title\" content=\"Acheter de l&#039;isopropylph\u00e9nidate en ligne - isopropylph\u00e9nidate \u00e0 vendre\" \/>\n<meta property=\"og:description\" content=\"Si vous souhaitez acheter de l&#039;isopropylph\u00e9nidate en ligne, visitez notre boutique en ligne Nembutal Boutique. Nous proposons \u00e0 la vente des produits de haute qualit\u00e9 comme l&#039;isopropylph\u00e9nidate. Passez votre commande maintenant !\" \/>\n<meta property=\"og:url\" content=\"https:\/\/nembutalboutique.com\/it\/prodotto\/comprare-isopropilfenidato\/\" \/>\n<meta property=\"og:site_name\" content=\"Nembutal Boutique\" \/>\n<meta property=\"article:modified_time\" content=\"2024-09-20T09:41:17+00:00\" \/>\n<meta property=\"og:image\" content=\"https:\/\/nembutalboutique.com\/wp-content\/uploads\/2024\/09\/Isopropylphenidate.gif\" \/>\n\t<meta property=\"og:image:width\" content=\"600\" \/>\n\t<meta property=\"og:image:height\" content=\"600\" \/>\n\t<meta property=\"og:image:type\" content=\"image\/gif\" \/>\n<meta name=\"twitter:card\" content=\"summary_large_image\" \/>\n<meta name=\"twitter:label1\" content=\"Tempo di lettura stimato\" \/>\n\t<meta name=\"twitter:data1\" content=\"2 minuti\" \/>\n<script type=\"application\/ld+json\" class=\"yoast-schema-graph\">{\"@context\":\"https:\/\/schema.org\",\"@graph\":[{\"@type\":\"WebPage\",\"@id\":\"https:\/\/nembutalboutique.com\/produit\/lisopropylphenidate\/\",\"url\":\"https:\/\/nembutalboutique.com\/produit\/lisopropylphenidate\/\",\"name\":\"Acheter de l'isopropylph\u00e9nidate en ligne - isopropylph\u00e9nidate \u00e0 vendre\",\"isPartOf\":{\"@id\":\"https:\/\/nembutalboutique.com\/#website\"},\"primaryImageOfPage\":{\"@id\":\"https:\/\/nembutalboutique.com\/produit\/lisopropylphenidate\/#primaryimage\"},\"image\":{\"@id\":\"https:\/\/nembutalboutique.com\/produit\/lisopropylphenidate\/#primaryimage\"},\"thumbnailUrl\":\"https:\/\/nembutalboutique.com\/wp-content\/uploads\/2024\/09\/Isopropylphenidate.gif\",\"datePublished\":\"2024-09-16T08:15:14+00:00\",\"dateModified\":\"2024-09-20T09:41:17+00:00\",\"description\":\"Si vous souhaitez acheter de l'isopropylph\u00e9nidate en ligne, visitez notre boutique en ligne Nembutal Boutique. Nous proposons \u00e0 la vente des produits de haute qualit\u00e9 comme l'isopropylph\u00e9nidate. Passez votre commande maintenant !\",\"breadcrumb\":{\"@id\":\"https:\/\/nembutalboutique.com\/produit\/lisopropylphenidate\/#breadcrumb\"},\"inLanguage\":\"it-IT\",\"potentialAction\":[{\"@type\":\"ReadAction\",\"target\":[\"https:\/\/nembutalboutique.com\/produit\/lisopropylphenidate\/\"]}]},{\"@type\":\"ImageObject\",\"inLanguage\":\"it-IT\",\"@id\":\"https:\/\/nembutalboutique.com\/produit\/lisopropylphenidate\/#primaryimage\",\"url\":\"https:\/\/nembutalboutique.com\/wp-content\/uploads\/2024\/09\/Isopropylphenidate.gif\",\"contentUrl\":\"https:\/\/nembutalboutique.com\/wp-content\/uploads\/2024\/09\/Isopropylphenidate.gif\",\"width\":600,\"height\":600,\"caption\":\"Acheter Isopropylphenidate.gif\"},{\"@type\":\"BreadcrumbList\",\"@id\":\"https:\/\/nembutalboutique.com\/produit\/lisopropylphenidate\/#breadcrumb\",\"itemListElement\":[{\"@type\":\"ListItem\",\"position\":1,\"name\":\"Home\",\"item\":\"https:\/\/nembutalboutique.com\/\"},{\"@type\":\"ListItem\",\"position\":2,\"name\":\"Boutique\",\"item\":\"https:\/\/nembutalboutique.com\/shop\/\"},{\"@type\":\"ListItem\",\"position\":3,\"name\":\"l&#8217;isopropylph\u00e9nidate\"}]},{\"@type\":\"WebSite\",\"@id\":\"https:\/\/nembutalboutique.com\/#website\",\"url\":\"https:\/\/nembutalboutique.com\/\",\"name\":\"Nembutal Boutique\",\"description\":\"My WordPress Blog\",\"publisher\":{\"@id\":\"https:\/\/nembutalboutique.com\/#organization\"},\"potentialAction\":[{\"@type\":\"SearchAction\",\"target\":{\"@type\":\"EntryPoint\",\"urlTemplate\":\"https:\/\/nembutalboutique.com\/?s={search_term_string}\"},\"query-input\":{\"@type\":\"PropertyValueSpecification\",\"valueRequired\":true,\"valueName\":\"search_term_string\"}}],\"inLanguage\":\"it-IT\"},{\"@type\":\"Organization\",\"@id\":\"https:\/\/nembutalboutique.com\/#organization\",\"name\":\"Nembutal Boutique\",\"url\":\"https:\/\/nembutalboutique.com\/\",\"logo\":{\"@type\":\"ImageObject\",\"inLanguage\":\"it-IT\",\"@id\":\"https:\/\/nembutalboutique.com\/#\/schema\/logo\/image\/\",\"url\":\"https:\/\/nembutalboutique.com\/wp-content\/uploads\/2024\/01\/logo.png\",\"contentUrl\":\"https:\/\/nembutalboutique.com\/wp-content\/uploads\/2024\/01\/logo.png\",\"width\":494,\"height\":121,\"caption\":\"Nembutal Boutique\"},\"image\":{\"@id\":\"https:\/\/nembutalboutique.com\/#\/schema\/logo\/image\/\"}}]}<\/script>\n<!-- \/ Yoast SEO plugin. -->","yoast_head_json":{"title":"Comprare isopropylphenidate online - isopropylphenidate in vendita","description":"Se desiderate acquistare isopropilfenidato online, visitate il nostro negozio online Nembutal Boutique. Offriamo prodotti di alta qualit\u00e0 come l'isopropilfenidato in vendita. Effettuate subito il vostro ordine!","robots":{"index":"index","follow":"follow","max-snippet":"max-snippet:-1","max-image-preview":"max-image-preview:large","max-video-preview":"max-video-preview:-1"},"canonical":"https:\/\/nembutalboutique.com\/it\/prodotto\/comprare-isopropilfenidato\/","og_locale":"it_IT","og_type":"article","og_title":"Acheter de l'isopropylph\u00e9nidate en ligne - isopropylph\u00e9nidate \u00e0 vendre","og_description":"Si vous souhaitez acheter de l'isopropylph\u00e9nidate en ligne, visitez notre boutique en ligne Nembutal Boutique. Nous proposons \u00e0 la vente des produits de haute qualit\u00e9 comme l'isopropylph\u00e9nidate. Passez votre commande maintenant !","og_url":"https:\/\/nembutalboutique.com\/it\/prodotto\/comprare-isopropilfenidato\/","og_site_name":"Nembutal Boutique","article_modified_time":"2024-09-20T09:41:17+00:00","og_image":[{"width":600,"height":600,"url":"https:\/\/nembutalboutique.com\/wp-content\/uploads\/2024\/09\/Isopropylphenidate.gif","type":"image\/gif"}],"twitter_card":"summary_large_image","twitter_misc":{"Tempo di lettura stimato":"2 minuti"},"schema":{"@context":"https:\/\/schema.org","@graph":[{"@type":"WebPage","@id":"https:\/\/nembutalboutique.com\/produit\/lisopropylphenidate\/","url":"https:\/\/nembutalboutique.com\/produit\/lisopropylphenidate\/","name":"Comprare isopropylphenidate online - isopropylphenidate in vendita","isPartOf":{"@id":"https:\/\/nembutalboutique.com\/#website"},"primaryImageOfPage":{"@id":"https:\/\/nembutalboutique.com\/produit\/lisopropylphenidate\/#primaryimage"},"image":{"@id":"https:\/\/nembutalboutique.com\/produit\/lisopropylphenidate\/#primaryimage"},"thumbnailUrl":"https:\/\/nembutalboutique.com\/wp-content\/uploads\/2024\/09\/Isopropylphenidate.gif","datePublished":"2024-09-16T08:15:14+00:00","dateModified":"2024-09-20T09:41:17+00:00","description":"Se desiderate acquistare isopropilfenidato online, visitate il nostro negozio online Nembutal Boutique. Offriamo prodotti di alta qualit\u00e0 come l'isopropilfenidato in vendita. Effettuate subito il vostro ordine!","breadcrumb":{"@id":"https:\/\/nembutalboutique.com\/produit\/lisopropylphenidate\/#breadcrumb"},"inLanguage":"it-IT","potentialAction":[{"@type":"ReadAction","target":["https:\/\/nembutalboutique.com\/produit\/lisopropylphenidate\/"]}]},{"@type":"ImageObject","inLanguage":"it-IT","@id":"https:\/\/nembutalboutique.com\/produit\/lisopropylphenidate\/#primaryimage","url":"https:\/\/nembutalboutique.com\/wp-content\/uploads\/2024\/09\/Isopropylphenidate.gif","contentUrl":"https:\/\/nembutalboutique.com\/wp-content\/uploads\/2024\/09\/Isopropylphenidate.gif","width":600,"height":600,"caption":"Acheter Isopropylphenidate.gif"},{"@type":"BreadcrumbList","@id":"https:\/\/nembutalboutique.com\/produit\/lisopropylphenidate\/#breadcrumb","itemListElement":[{"@type":"ListItem","position":1,"name":"Home","item":"https:\/\/nembutalboutique.com\/"},{"@type":"ListItem","position":2,"name":"Boutique","item":"https:\/\/nembutalboutique.com\/shop\/"},{"@type":"ListItem","position":3,"name":"l&#8217;isopropylph\u00e9nidate"}]},{"@type":"WebSite","@id":"https:\/\/nembutalboutique.com\/#website","url":"https:\/\/nembutalboutique.com\/","name":"Boutique del Nembutal","description":"Il mio blog WordPress","publisher":{"@id":"https:\/\/nembutalboutique.com\/#organization"},"potentialAction":[{"@type":"SearchAction","target":{"@type":"EntryPoint","urlTemplate":"https:\/\/nembutalboutique.com\/?s={search_term_string}"},"query-input":{"@type":"PropertyValueSpecification","valueRequired":true,"valueName":"search_term_string"}}],"inLanguage":"it-IT"},{"@type":"Organization","@id":"https:\/\/nembutalboutique.com\/#organization","name":"Boutique del Nembutal","url":"https:\/\/nembutalboutique.com\/","logo":{"@type":"ImageObject","inLanguage":"it-IT","@id":"https:\/\/nembutalboutique.com\/#\/schema\/logo\/image\/","url":"https:\/\/nembutalboutique.com\/wp-content\/uploads\/2024\/01\/logo.png","contentUrl":"https:\/\/nembutalboutique.com\/wp-content\/uploads\/2024\/01\/logo.png","width":494,"height":121,"caption":"Nembutal Boutique"},"image":{"@id":"https:\/\/nembutalboutique.com\/#\/schema\/logo\/image\/"}}]}},"_links":{"self":[{"href":"https:\/\/nembutalboutique.com\/it\/wp-json\/wp\/v2\/product\/3124"}],"collection":[{"href":"https:\/\/nembutalboutique.com\/it\/wp-json\/wp\/v2\/product"}],"about":[{"href":"https:\/\/nembutalboutique.com\/it\/wp-json\/wp\/v2\/types\/product"}],"replies":[{"embeddable":true,"href":"https:\/\/nembutalboutique.com\/it\/wp-json\/wp\/v2\/comments?post=3124"}],"wp:featuredmedia":[{"embeddable":true,"href":"https:\/\/nembutalboutique.com\/it\/wp-json\/wp\/v2\/media\/3143"}],"wp:attachment":[{"href":"https:\/\/nembutalboutique.com\/it\/wp-json\/wp\/v2\/media?parent=3124"}],"wp:term":[{"taxonomy":"product_brand","embeddable":true,"href":"https:\/\/nembutalboutique.com\/it\/wp-json\/wp\/v2\/product_brand?post=3124"},{"taxonomy":"product_cat","embeddable":true,"href":"https:\/\/nembutalboutique.com\/it\/wp-json\/wp\/v2\/product_cat?post=3124"},{"taxonomy":"product_tag","embeddable":true,"href":"https:\/\/nembutalboutique.com\/it\/wp-json\/wp\/v2\/product_tag?post=3124"}],"curies":[{"name":"wp","href":"https:\/\/api.w.org\/{rel}","templated":true}]}}