{"id":3063,"date":"2024-09-16T08:14:39","date_gmt":"2024-09-16T08:14:39","guid":{"rendered":"https:\/\/nembutalboutique.com\/?post_type=product&#038;p=3063"},"modified":"2024-09-20T09:44:33","modified_gmt":"2024-09-20T09:44:33","slug":"25c-nbome","status":"publish","type":"product","link":"https:\/\/nembutalboutique.com\/it\/prodotto\/acquistare-25c-nbome-online\/","title":{"rendered":"25C-NBOMe"},"content":{"rendered":"<h2>Acquistare 25C-NBOMe online<\/h2>\n<p>Acquistare 25C-NBOMe, compresi 25I, 25B e <a href=\"https:\/\/nembutalboutique.com\/produit\/25c-nbome\/\">25C NBOMe<\/a>su carta. Analisi dei derivati della dimetossifenil-N-[(2-metossifenil)metil]etanamina (disponibile per il download in formato PDF). La pubblicazione \"Analysis of 25I-NBOMe, 25B-NBOMe, 25C-NBOMe and other dimethoxyphenyl-N-[(2-methoxyphenyl)methyl]ethanamine derivatives on blotting paper\" (281847988) \u00e8 accessibile cliccando sul seguente link.<\/p>\n<p>Altre parole<\/p>\n<h3>2C-C-NBOMe<\/h3>\n<p>La classificazione strutturale dello standard analitico di riferimento 2C-NBOMe (Art.-Nr. 9001096) \u00e8 fenetilammina. Un derivato 2C-C con aggiunta di N-(2-metossibenzile) all'ammina \u00e8 la <a href=\"https:\/\/en.wikipedia.org\/wiki\/25C-NBOMe\">25C-NBOMe<\/a>. Il 2C-C \u00e8 un noto allucinogeno che riduce la capacit\u00e0 dei sinaptosomi di ratto di riassorbire serotonina e noradrenalina e aumenta l'attivit\u00e0 dei recettori monoaminici (IC50 = da 31 a 63 \u03bcM).1, 2 L'N-(2-metossibenzile) aggiunto al 2C-NBOMe aumenta l'affinit\u00e0 e la selettivit\u00e0 del recettore 5-HT2A rispetto agli altri recettori della serotonina.3 .Utilizzando 25C-NBOMe marcato radioattivamente, i recettori 5-HT2A nei suini sono stati mappati mediante tomografia a emissione di positroni.4 Le applicazioni previste per questo prodotto sono le indagini forensi e la ricerca.<\/p>\n<p>Negli ultimi anni, composti sintetici come i derivati della N-metossibenzil-metossifeniletilammina (NBOMe) hanno guadagnato popolarit\u00e0 come farmaci per i disturbi della personalit\u00e0. Queste sostanze hanno causato lesioni e decessi estremamente gravi. Agiscono come antagonisti dei recettori 5-HT2A e causano una nota sindrome serotonino-simile che si manifesta con grave ansia, agitazione ed episodi che durano fino a tre giorni. 25-(4-Iod-2,5-dimetossifenil)-N-[(2-metossifenil)metil]etanamina, N-(2-metossibenzil)-2,5-dimetossi o 25I-NBOMe, 25B-NBOMe e 25C-NBOMeI derivati pi\u00f9 frequentemente citati sono la N-(2-metossibenzil)-2,5-dimetossi-4-clorofenetilamina e la -4-bromfenetilamina. Come molti allucinogeni a basso dosaggio, queste sostanze chimiche sono spesso vendute su carta di L\u00f6sch. \u00c8 stato possibile ottenere tre diversi tipi di carta l\u00f6sch disponibili in commercio contenenti legami NBOMe. Analisi diretta in tempo reale Per filtrare queste carte l\u00f6sch e i cristalli liquidi ad alte prestazioni, sono stati utilizzati spettrometri di massa AccuTOFTM .<\/p>\n<p>Spettrometria di massa cromatografica a triplo quadrupolo. Ciascuno dei tre prodotti Blotter (25I-NBOMe, 25C-NBOMe o 25B-NBOMe) conteneva una specifica droga primaria. Inoltre, nelle carte l\u00f6sch sono state riscontrate diverse quantit\u00e0 di due o tre NBOMe-Derivati-Verunreinigungen di 25H-NBOMe, 25I-NBOMe, 25C-NBOMe, 25B-NBOMe e\/o 25D-NBOMe.<\/p>\n<p>Finest NembuKauFlog \u00e8 un'azienda europea che \u00e8 stata fondata e si concentra sulla vendita individuale e su larga scala dei migliori prodotti Nembutalbotique riscoperti.<\/p>\n<p>Per soddisfare le esigenze dei nostri clienti, fin dalla nostra fondazione abbiamo sviluppato un'ampia gamma di prodotti.<\/p>\n<p>La droga psichedelica 25C-NBOMe (nota anche come NBOMe-2C-C, 2C-C-NBOMe e Cimbi-82) \u00e8 derivata dalla fenetilammina psichedelica 2C-C. Il 25C-NBOMe \u00e8 stato pubblicato su Internet da Nembutalbotique.<\/p>","protected":false},"excerpt":{"rendered":"<p>Achetez 25C-NBOMe en ligne Achetez du 25C-NBOMe, y compris 25I, 25B et 25C NBOMe, sur papier. Analysez les d\u00e9riv\u00e9s de dim\u00e9thoxyph\u00e9nyl-N-[(2-m\u00e9thoxyph\u00e9nyl)m\u00e9thyl]\u00e9thanamine (disponibles en t\u00e9l\u00e9chargement au format PDF). La publication \u00ab Analyse de 25I-NBOMe, 25B-NBOMe, 25C-NBOMe et d&rsquo;autres d\u00e9riv\u00e9s de dim\u00e9thoxyph\u00e9nyl-N-2-m\u00e9thoxyph\u00e9nyl m\u00e9thyl\u00e9thanamine sur papier buvard \u00bb (281847988) est accessible en cliquant sur le lien suivant. Autres [&hellip;]<\/p>","protected":false},"featured_media":3078,"comment_status":"open","ping_status":"closed","template":"","meta":{"_joinchat":[]},"product_brand":[],"product_cat":[385],"product_tag":[514,515,516,517,518,519,520,521],"class_list":{"0":"post-3063","1":"product","2":"type-product","3":"status-publish","4":"has-post-thumbnail","6":"product_cat-forschung-schemikalien","7":"product_tag-25b-nbome","8":"product_tag-25b-nbome-serum","9":"product_tag-25c-2c-nbome","10":"product_tag-25c-nbome-5ht","11":"product_tag-25c-nbome-chemisch","12":"product_tag-25c-nbome-droge","13":"product_tag-25c-nbome-pulver","14":"product_tag-25c-nbome-zu-verkaufen","16":"first","17":"instock","18":"shipping-taxable","19":"purchasable","20":"product-type-variable"},"yoast_head":"<!-- This site is optimized with the Yoast SEO plugin v23.5 - https:\/\/yoast.com\/wordpress\/plugins\/seo\/ -->\n<title>25C-NBOME \u00e0 vendre - Achetez 25C-NBOME en ligne<\/title>\n<meta name=\"description\" content=\"Vous recherchez une source fiable pour acheter du 25C-NBOME en ligne ? Votre recherche s&#039;arr\u00eate ici. Commandez du 25C-NBOME en ligne dans notre boutique de confiance et profitez d&#039;un processus d&#039;achat transparent adapt\u00e9 \u00e0 vos besoins de recherche.\" \/>\n<meta name=\"robots\" content=\"index, follow, max-snippet:-1, max-image-preview:large, max-video-preview:-1\" \/>\n<link rel=\"canonical\" href=\"https:\/\/nembutalboutique.com\/it\/prodotto\/acquistare-25c-nbome-online\/\" \/>\n<meta property=\"og:locale\" content=\"it_IT\" \/>\n<meta property=\"og:type\" content=\"article\" \/>\n<meta property=\"og:title\" content=\"25C-NBOME \u00e0 vendre - Achetez 25C-NBOME en ligne\" \/>\n<meta property=\"og:description\" content=\"Vous recherchez une source fiable pour acheter du 25C-NBOME en ligne ? Votre recherche s&#039;arr\u00eate ici. Commandez du 25C-NBOME en ligne dans notre boutique de confiance et profitez d&#039;un processus d&#039;achat transparent adapt\u00e9 \u00e0 vos besoins de recherche.\" \/>\n<meta property=\"og:url\" content=\"https:\/\/nembutalboutique.com\/it\/prodotto\/acquistare-25c-nbome-online\/\" \/>\n<meta property=\"og:site_name\" content=\"Nembutal Boutique\" \/>\n<meta property=\"article:modified_time\" content=\"2024-09-20T09:44:33+00:00\" \/>\n<meta property=\"og:image\" content=\"https:\/\/nembutalboutique.com\/wp-content\/uploads\/2024\/09\/25C-NBOMe.gif\" \/>\n\t<meta property=\"og:image:width\" content=\"600\" \/>\n\t<meta property=\"og:image:height\" content=\"600\" \/>\n\t<meta property=\"og:image:type\" content=\"image\/gif\" \/>\n<meta name=\"twitter:card\" content=\"summary_large_image\" \/>\n<meta name=\"twitter:label1\" content=\"Tempo di lettura stimato\" \/>\n\t<meta name=\"twitter:data1\" content=\"3 minuti\" \/>\n<script type=\"application\/ld+json\" class=\"yoast-schema-graph\">{\"@context\":\"https:\/\/schema.org\",\"@graph\":[{\"@type\":\"WebPage\",\"@id\":\"https:\/\/nembutalboutique.com\/produit\/25c-nbome\/\",\"url\":\"https:\/\/nembutalboutique.com\/produit\/25c-nbome\/\",\"name\":\"25C-NBOME \u00e0 vendre - Achetez 25C-NBOME en ligne\",\"isPartOf\":{\"@id\":\"https:\/\/nembutalboutique.com\/#website\"},\"primaryImageOfPage\":{\"@id\":\"https:\/\/nembutalboutique.com\/produit\/25c-nbome\/#primaryimage\"},\"image\":{\"@id\":\"https:\/\/nembutalboutique.com\/produit\/25c-nbome\/#primaryimage\"},\"thumbnailUrl\":\"https:\/\/nembutalboutique.com\/wp-content\/uploads\/2024\/09\/25C-NBOMe.gif\",\"datePublished\":\"2024-09-16T08:14:39+00:00\",\"dateModified\":\"2024-09-20T09:44:33+00:00\",\"description\":\"Vous recherchez une source fiable pour acheter du 25C-NBOME en ligne ? Votre recherche s'arr\u00eate ici. Commandez du 25C-NBOME en ligne dans notre boutique de confiance et profitez d'un processus d'achat transparent adapt\u00e9 \u00e0 vos besoins de recherche.\",\"breadcrumb\":{\"@id\":\"https:\/\/nembutalboutique.com\/produit\/25c-nbome\/#breadcrumb\"},\"inLanguage\":\"it-IT\",\"potentialAction\":[{\"@type\":\"ReadAction\",\"target\":[\"https:\/\/nembutalboutique.com\/produit\/25c-nbome\/\"]}]},{\"@type\":\"ImageObject\",\"inLanguage\":\"it-IT\",\"@id\":\"https:\/\/nembutalboutique.com\/produit\/25c-nbome\/#primaryimage\",\"url\":\"https:\/\/nembutalboutique.com\/wp-content\/uploads\/2024\/09\/25C-NBOMe.gif\",\"contentUrl\":\"https:\/\/nembutalboutique.com\/wp-content\/uploads\/2024\/09\/25C-NBOMe.gif\",\"width\":600,\"height\":600,\"caption\":\"Achetez 25C-NBOME\"},{\"@type\":\"BreadcrumbList\",\"@id\":\"https:\/\/nembutalboutique.com\/produit\/25c-nbome\/#breadcrumb\",\"itemListElement\":[{\"@type\":\"ListItem\",\"position\":1,\"name\":\"Home\",\"item\":\"https:\/\/nembutalboutique.com\/\"},{\"@type\":\"ListItem\",\"position\":2,\"name\":\"Boutique\",\"item\":\"https:\/\/nembutalboutique.com\/shop\/\"},{\"@type\":\"ListItem\",\"position\":3,\"name\":\"25C-NBOMe\"}]},{\"@type\":\"WebSite\",\"@id\":\"https:\/\/nembutalboutique.com\/#website\",\"url\":\"https:\/\/nembutalboutique.com\/\",\"name\":\"Nembutal Boutique\",\"description\":\"My WordPress Blog\",\"publisher\":{\"@id\":\"https:\/\/nembutalboutique.com\/#organization\"},\"potentialAction\":[{\"@type\":\"SearchAction\",\"target\":{\"@type\":\"EntryPoint\",\"urlTemplate\":\"https:\/\/nembutalboutique.com\/?s={search_term_string}\"},\"query-input\":{\"@type\":\"PropertyValueSpecification\",\"valueRequired\":true,\"valueName\":\"search_term_string\"}}],\"inLanguage\":\"it-IT\"},{\"@type\":\"Organization\",\"@id\":\"https:\/\/nembutalboutique.com\/#organization\",\"name\":\"Nembutal Boutique\",\"url\":\"https:\/\/nembutalboutique.com\/\",\"logo\":{\"@type\":\"ImageObject\",\"inLanguage\":\"it-IT\",\"@id\":\"https:\/\/nembutalboutique.com\/#\/schema\/logo\/image\/\",\"url\":\"https:\/\/nembutalboutique.com\/wp-content\/uploads\/2024\/01\/logo.png\",\"contentUrl\":\"https:\/\/nembutalboutique.com\/wp-content\/uploads\/2024\/01\/logo.png\",\"width\":494,\"height\":121,\"caption\":\"Nembutal Boutique\"},\"image\":{\"@id\":\"https:\/\/nembutalboutique.com\/#\/schema\/logo\/image\/\"}}]}<\/script>\n<!-- \/ Yoast SEO plugin. -->","yoast_head_json":{"title":"25C-NBOME in vendita - Comprare 25C-NBOME online","description":"Stai cercando una fonte affidabile per acquistare 25C-NBOME online? La vostra ricerca termina qui. Ordinate 25C-NBOME online dal nostro negozio di fiducia e godetevi un processo di acquisto senza interruzioni, adatto alle vostre esigenze di ricerca.","robots":{"index":"index","follow":"follow","max-snippet":"max-snippet:-1","max-image-preview":"max-image-preview:large","max-video-preview":"max-video-preview:-1"},"canonical":"https:\/\/nembutalboutique.com\/it\/prodotto\/acquistare-25c-nbome-online\/","og_locale":"it_IT","og_type":"article","og_title":"25C-NBOME \u00e0 vendre - Achetez 25C-NBOME en ligne","og_description":"Vous recherchez une source fiable pour acheter du 25C-NBOME en ligne ? Votre recherche s'arr\u00eate ici. Commandez du 25C-NBOME en ligne dans notre boutique de confiance et profitez d'un processus d'achat transparent adapt\u00e9 \u00e0 vos besoins de recherche.","og_url":"https:\/\/nembutalboutique.com\/it\/prodotto\/acquistare-25c-nbome-online\/","og_site_name":"Nembutal Boutique","article_modified_time":"2024-09-20T09:44:33+00:00","og_image":[{"width":600,"height":600,"url":"https:\/\/nembutalboutique.com\/wp-content\/uploads\/2024\/09\/25C-NBOMe.gif","type":"image\/gif"}],"twitter_card":"summary_large_image","twitter_misc":{"Tempo di lettura stimato":"3 minuti"},"schema":{"@context":"https:\/\/schema.org","@graph":[{"@type":"WebPage","@id":"https:\/\/nembutalboutique.com\/produit\/25c-nbome\/","url":"https:\/\/nembutalboutique.com\/produit\/25c-nbome\/","name":"25C-NBOME in vendita - Comprare 25C-NBOME online","isPartOf":{"@id":"https:\/\/nembutalboutique.com\/#website"},"primaryImageOfPage":{"@id":"https:\/\/nembutalboutique.com\/produit\/25c-nbome\/#primaryimage"},"image":{"@id":"https:\/\/nembutalboutique.com\/produit\/25c-nbome\/#primaryimage"},"thumbnailUrl":"https:\/\/nembutalboutique.com\/wp-content\/uploads\/2024\/09\/25C-NBOMe.gif","datePublished":"2024-09-16T08:14:39+00:00","dateModified":"2024-09-20T09:44:33+00:00","description":"Stai cercando una fonte affidabile per acquistare 25C-NBOME online? La vostra ricerca termina qui. Ordinate 25C-NBOME online dal nostro negozio di fiducia e godetevi un processo di acquisto senza interruzioni, adatto alle vostre esigenze di ricerca.","breadcrumb":{"@id":"https:\/\/nembutalboutique.com\/produit\/25c-nbome\/#breadcrumb"},"inLanguage":"it-IT","potentialAction":[{"@type":"ReadAction","target":["https:\/\/nembutalboutique.com\/produit\/25c-nbome\/"]}]},{"@type":"ImageObject","inLanguage":"it-IT","@id":"https:\/\/nembutalboutique.com\/produit\/25c-nbome\/#primaryimage","url":"https:\/\/nembutalboutique.com\/wp-content\/uploads\/2024\/09\/25C-NBOMe.gif","contentUrl":"https:\/\/nembutalboutique.com\/wp-content\/uploads\/2024\/09\/25C-NBOMe.gif","width":600,"height":600,"caption":"Achetez 25C-NBOME"},{"@type":"BreadcrumbList","@id":"https:\/\/nembutalboutique.com\/produit\/25c-nbome\/#breadcrumb","itemListElement":[{"@type":"ListItem","position":1,"name":"Home","item":"https:\/\/nembutalboutique.com\/"},{"@type":"ListItem","position":2,"name":"Boutique","item":"https:\/\/nembutalboutique.com\/shop\/"},{"@type":"ListItem","position":3,"name":"25C-NBOMe"}]},{"@type":"WebSite","@id":"https:\/\/nembutalboutique.com\/#website","url":"https:\/\/nembutalboutique.com\/","name":"Boutique del Nembutal","description":"Il mio blog WordPress","publisher":{"@id":"https:\/\/nembutalboutique.com\/#organization"},"potentialAction":[{"@type":"SearchAction","target":{"@type":"EntryPoint","urlTemplate":"https:\/\/nembutalboutique.com\/?s={search_term_string}"},"query-input":{"@type":"PropertyValueSpecification","valueRequired":true,"valueName":"search_term_string"}}],"inLanguage":"it-IT"},{"@type":"Organization","@id":"https:\/\/nembutalboutique.com\/#organization","name":"Boutique del Nembutal","url":"https:\/\/nembutalboutique.com\/","logo":{"@type":"ImageObject","inLanguage":"it-IT","@id":"https:\/\/nembutalboutique.com\/#\/schema\/logo\/image\/","url":"https:\/\/nembutalboutique.com\/wp-content\/uploads\/2024\/01\/logo.png","contentUrl":"https:\/\/nembutalboutique.com\/wp-content\/uploads\/2024\/01\/logo.png","width":494,"height":121,"caption":"Nembutal Boutique"},"image":{"@id":"https:\/\/nembutalboutique.com\/#\/schema\/logo\/image\/"}}]}},"_links":{"self":[{"href":"https:\/\/nembutalboutique.com\/it\/wp-json\/wp\/v2\/product\/3063"}],"collection":[{"href":"https:\/\/nembutalboutique.com\/it\/wp-json\/wp\/v2\/product"}],"about":[{"href":"https:\/\/nembutalboutique.com\/it\/wp-json\/wp\/v2\/types\/product"}],"replies":[{"embeddable":true,"href":"https:\/\/nembutalboutique.com\/it\/wp-json\/wp\/v2\/comments?post=3063"}],"wp:featuredmedia":[{"embeddable":true,"href":"https:\/\/nembutalboutique.com\/it\/wp-json\/wp\/v2\/media\/3078"}],"wp:attachment":[{"href":"https:\/\/nembutalboutique.com\/it\/wp-json\/wp\/v2\/media?parent=3063"}],"wp:term":[{"taxonomy":"product_brand","embeddable":true,"href":"https:\/\/nembutalboutique.com\/it\/wp-json\/wp\/v2\/product_brand?post=3063"},{"taxonomy":"product_cat","embeddable":true,"href":"https:\/\/nembutalboutique.com\/it\/wp-json\/wp\/v2\/product_cat?post=3063"},{"taxonomy":"product_tag","embeddable":true,"href":"https:\/\/nembutalboutique.com\/it\/wp-json\/wp\/v2\/product_tag?post=3063"}],"curies":[{"name":"wp","href":"https:\/\/api.w.org\/{rel}","templated":true}]}}