{"id":3061,"date":"2024-09-16T08:14:38","date_gmt":"2024-09-16T08:14:38","guid":{"rendered":"https:\/\/nembutalboutique.com\/?post_type=product&#038;p=3061"},"modified":"2025-04-13T18:14:54","modified_gmt":"2025-04-13T18:14:54","slug":"5-meo-dalt","status":"publish","type":"product","link":"https:\/\/nembutalboutique.com\/it\/prodotto\/acquistare-5-meo-dalt-online\/","title":{"rendered":"5-MeO-DALT"},"content":{"rendered":"<h2>Acquistare la presentazione 5-MEO-DALT online.<\/h2>\n<p>Acquista il tuo <a href=\"https:\/\/nembutalboutique.com\/produit\/5-meo-dalt\/\">5-MEO-DALT<\/a> online qui: Nel maggio 2004, Alexander Shulgin \u00e8 stato il primo a sintetizzare il 5-MeO-DALT, noto anche come N,N-Diallil-5-metossitriptamina, un derivato psichedelico della triptamina.<\/p>\n<p>Negli ultimi anni \u00e8 diventata sempre pi\u00f9 popolare come ingrediente dei \"Badesalzen\", che agiscono direttamente sui recettori delle monoammine per produrre i loro effetti euforizzanti. Questo \u00e8 simile al modo in cui agisce la 3,4-metilendioxyanfetamina. La caratterizzazione completa delle attivit\u00e0 fisiologiche del 5-meo-DALT, che sono neurologicamente, tossicologicamente e tossicologicamente indotte, rimane incompleta.<\/p>\n<h3>5. DALT- o MeO-Tabakonsum<\/h3>\n<p>L'emivita della vitamina <a href=\"https:\/\/en.wikipedia.org\/wiki\/5-MeO-DALT\">5-MeO-DALT<\/a> \u00e8 breve. Il pi\u00f9 delle volte \u00e8 disponibile in polvere, che pu\u00f2 essere assunta per via orale o topica.<\/p>\n<p>5-Meto-Dalt o Dosaggio (e applicazione) del DALT<br \/>\nIl ricercatore ha spesso assunto dosi che vanno da 12 a 20 mg. La soglia \u00e8 da 4 a 5 mg, la sensazione \u00e8 lieve da 5 a 8 mg, comune da 12 a 25 mg e forte a 25 mg. 5. MeO-DALT o DALT-Begnung (neutralizzazione)<\/p>\n<p>5. MeO-DALT (noto anche come DALT-Erlebnis): raggiunge l'apice non appena viene consumato, proprio come altre sostanze chimiche psicoattive, e crea un'emozione indotta. \u00c8 incredibile come il corpo e la mente reagiscano alla droga. Si pu\u00f2 provare un'immensa felicit\u00e0 o euforia. Inoltre, d\u00e0 al consumatore una sensazione vibrante ed energizzante. Di conseguenza, i clienti creano pi\u00f9 connessioni e si impegnano in un maggior numero di esperienze. Tuttavia, a seconda dell'ambiente in cui si trova il consumatore, la sostanza pu\u00f2 anche causare confusione e frustrazione.<\/p>\n<p>Acquistare 5-MEO-DALT online L'effetto del DALT raggiunge un picco dopo le prime tre ore di ingestione, per poi svanire. Complessivamente, l'effetto dura fino a otto ore. Tuttavia, una volta esauriti gli effetti iniziali, subentra una sensazione di depressione che dura per diverse ore.<\/p>\n<p>Acquistare 5-MEO-DALT online Se il 5-MeO-DALT \u00e8 al suo apice, pu\u00f2 causare ansia e paranoia nell'acquirente. L'accresciuto livello di consapevolezza, combinato con un lieve disagio fisico, pu\u00f2 causare paranoia. Molti hanno detto di avere il collo grosso. Quando il cervello \u00e8 influenzato psicoattivamente, si manifesta una mentalit\u00e0 concentrata, ottimista e simpatica. Il cliente si trova in uno stato emotivo favorevole o neutro. Questo pu\u00f2 progredire fino a uno stadio iniziale di disforia. Alcuni degli effetti visivi prodotti dalla DALT sono immagini spettrali costituite da linee ondulate con estremit\u00e0 lunghe e smussate.<\/p>\n<p>Non \u00e8 in grado di fornire l'esperienza intensamente euforica di altre droghe note come l'MD-MA. \u00c8 meno impegnativa dal punto di vista fisico ed emotivo dell'MD-MA, ma pi\u00f9 attraente dal punto di vista visivo.<\/p>\n<h3>5. Analisi MeO-DALT- o DALT-<\/h3>\n<p>Per chi fa uso regolare di psichedelici sar\u00e0 difficile sentirsi sballato o euforico all'inizio, ma sperimenter\u00e0 rapidamente lo \"sballo\" che l'MDMA provoca. Finora non sono stati documentati casi di effetti collaterali come la nausea.<\/p>\n<h3>5-meO-DALT vs 5-meO-mipt<\/h3>\n<p>Comprare 5-MEO-DALT online Sempre pi\u00f9 membri dei forum pi\u00f9 grandi preferiscono 5-meo-mipt a 5-meo-dalt; entrambi sono solo suggerimenti e gli utenti possono decidere quale sia pi\u00f9 appropriato. Nel maggio 2004, Alexander Shulgin ha creato il 5-MeO-DALT, noto anche come N,N-Diallil-5-metossitriptamina, un derivato allucinogeno della triptamandra.<\/p>\n<p>Oggi \u00e8 spesso utilizzato come ingrediente dei \"sali da bagno\", che agiscono direttamente sui recettori delle monoammine per produrre un effetto euforizzante. La caratterizzazione completa delle attivit\u00e0 neurologiche, tossicologiche e fisiologiche del 5-meo-DALT \u00e8 ancora in corso.<\/p>\n<h3>5. Consumo di tabacco DALT o MeO<\/h3>\n<p>La vitamina 5-MeO-DALT ha un'emivita breve. La maggior parte delle volte \u00e8 disponibile in polvere, che pu\u00f2 essere assunta per via orale o topica.<\/p>\n<h3>5-Meto-Dalt o Dosaggio (e applicazione) del DALT<\/h3>\n<p>Il ricercatore ha spesso assunto dosi che vanno da 12 a 20 mg. La soglia \u00e8 di 4-5 mg, la sensazione \u00e8 lieve a 5-8 mg, comune a 12-25 mg e forte a 25 mg.<\/p>\n<p>Acquistare 5-MEO-DALT online. L'effetto del DALT raggiunge il suo picco dopo le prime tre ore di ingestione, per poi svanire. L'effetto completo dura fino a otto ore. Tuttavia, una volta esauriti gli effetti iniziali, subentra una sensazione di depressione che dura per diverse ore.<\/p>\n<p>Acquistare 5-MEO-DALT online Se il 5-MeO-DALT \u00e8 al suo apice, pu\u00f2 causare ansia e paranoia nell'acquirente. L'accresciuto livello di consapevolezza, combinato con un lieve disagio fisico, pu\u00f2 causare paranoia. Molti hanno detto di avere il collo grosso. Quando il cervello \u00e8 influenzato psicoattivamente, si manifesta una mentalit\u00e0 concentrata, ottimista e simpatica. Il cliente si trova in uno stato emotivo favorevole o neutro. Questo pu\u00f2 evolvere in uno stato disforico precoce. Alcuni degli effetti visivi prodotti dalla DALT sono immagini spettrali costituite da linee ben definite con estremit\u00e0 lunghe e smussate.<br \/>\nNon \u00e8 in grado di fornire l'esperienza intensamente euforica di altre droghe note come l'MD-MA. \u00c8 meno impegnativa dal punto di vista fisico ed emotivo dell'MD-MA, ma pi\u00f9 attraente dal punto di vista visivo.<\/p>","protected":false},"excerpt":{"rendered":"<p>Achetez la pr\u00e9sentation en ligne de 5-MEO-DALT. Achetez votre 5-MEO-DALT en ligne ici : En mai 2004, Alexander Shulgin est devenu le premier \u00e0 synth\u00e9tiser le 5-MeO-DALT, \u00e9galement connu sous le nom de N,N-Diallyl-5-m\u00e9thoxytryptamine, un d\u00e9riv\u00e9 psych\u00e9d\u00e9lique de la tryptamine. Il est devenu de plus en plus populaire ces derni\u00e8res ann\u00e9es en tant qu&rsquo;ingr\u00e9dient des [&hellip;]<\/p>","protected":false},"featured_media":3076,"comment_status":"open","ping_status":"closed","template":"","meta":{"_joinchat":[]},"product_brand":[],"product_cat":[385],"product_tag":[513],"class_list":{"0":"post-3061","1":"product","2":"type-product","3":"status-publish","4":"has-post-thumbnail","6":"product_cat-forschung-schemikalien","7":"product_tag-foxtrot-online-kaufen","9":"first","10":"instock","11":"shipping-taxable","12":"purchasable","13":"product-type-variable"},"yoast_head":"<!-- This site is optimized with the Yoast SEO plugin v23.5 - https:\/\/yoast.com\/wordpress\/plugins\/seo\/ -->\n<title>Acheter 5-MEO Dalt \u00e0 vendre - Acheter 5-MEO Dalt en ligne<\/title>\n<meta name=\"description\" content=\"You can now get Buy 5-MEO Dalt for sale from our top meds store. Our staff will assist you to buy Buy 5-MEO Dalt online at the best prices. Order 5-MEO Dalt online today with worldwide shipping!\" \/>\n<meta name=\"robots\" content=\"index, follow, max-snippet:-1, max-image-preview:large, max-video-preview:-1\" \/>\n<link rel=\"canonical\" href=\"https:\/\/nembutalboutique.com\/it\/prodotto\/acquistare-5-meo-dalt-online\/\" \/>\n<meta property=\"og:locale\" content=\"it_IT\" \/>\n<meta property=\"og:type\" content=\"article\" \/>\n<meta property=\"og:title\" content=\"Acheter 5-MEO Dalt \u00e0 vendre - Acheter 5-MEO Dalt en ligne\" \/>\n<meta property=\"og:description\" content=\"You can now get Buy 5-MEO Dalt for sale from our top meds store. Our staff will assist you to buy Buy 5-MEO Dalt online at the best prices. Order 5-MEO Dalt online today with worldwide shipping!\" \/>\n<meta property=\"og:url\" content=\"https:\/\/nembutalboutique.com\/it\/prodotto\/acquistare-5-meo-dalt-online\/\" \/>\n<meta property=\"og:site_name\" content=\"Nembutal Boutique\" \/>\n<meta property=\"article:modified_time\" content=\"2025-04-13T18:14:54+00:00\" \/>\n<meta property=\"og:image\" content=\"https:\/\/nembutalboutique.com\/wp-content\/uploads\/2024\/09\/5-MeO-DALT.gif\" \/>\n\t<meta property=\"og:image:width\" content=\"600\" \/>\n\t<meta property=\"og:image:height\" content=\"600\" \/>\n\t<meta property=\"og:image:type\" content=\"image\/gif\" \/>\n<meta name=\"twitter:card\" content=\"summary_large_image\" \/>\n<meta name=\"twitter:label1\" content=\"Tempo di lettura stimato\" \/>\n\t<meta name=\"twitter:data1\" content=\"4 minuti\" \/>\n<script type=\"application\/ld+json\" class=\"yoast-schema-graph\">{\"@context\":\"https:\/\/schema.org\",\"@graph\":[{\"@type\":\"WebPage\",\"@id\":\"https:\/\/nembutalboutique.com\/produit\/5-meo-dalt\/\",\"url\":\"https:\/\/nembutalboutique.com\/produit\/5-meo-dalt\/\",\"name\":\"Acheter 5-MEO Dalt \u00e0 vendre - Acheter 5-MEO Dalt en ligne\",\"isPartOf\":{\"@id\":\"https:\/\/nembutalboutique.com\/#website\"},\"primaryImageOfPage\":{\"@id\":\"https:\/\/nembutalboutique.com\/produit\/5-meo-dalt\/#primaryimage\"},\"image\":{\"@id\":\"https:\/\/nembutalboutique.com\/produit\/5-meo-dalt\/#primaryimage\"},\"thumbnailUrl\":\"https:\/\/nembutalboutique.com\/wp-content\/uploads\/2024\/09\/5-MeO-DALT.gif\",\"datePublished\":\"2024-09-16T08:14:38+00:00\",\"dateModified\":\"2025-04-13T18:14:54+00:00\",\"description\":\"You can now get Buy 5-MEO Dalt for sale from our top meds store. Our staff will assist you to buy Buy 5-MEO Dalt online at the best prices. Order 5-MEO Dalt online today with worldwide shipping!\",\"breadcrumb\":{\"@id\":\"https:\/\/nembutalboutique.com\/produit\/5-meo-dalt\/#breadcrumb\"},\"inLanguage\":\"it-IT\",\"potentialAction\":[{\"@type\":\"ReadAction\",\"target\":[\"https:\/\/nembutalboutique.com\/produit\/5-meo-dalt\/\"]}]},{\"@type\":\"ImageObject\",\"inLanguage\":\"it-IT\",\"@id\":\"https:\/\/nembutalboutique.com\/produit\/5-meo-dalt\/#primaryimage\",\"url\":\"https:\/\/nembutalboutique.com\/wp-content\/uploads\/2024\/09\/5-MeO-DALT.gif\",\"contentUrl\":\"https:\/\/nembutalboutique.com\/wp-content\/uploads\/2024\/09\/5-MeO-DALT.gif\",\"width\":600,\"height\":600,\"caption\":\"Acheter 5-MeO-DALT\"},{\"@type\":\"BreadcrumbList\",\"@id\":\"https:\/\/nembutalboutique.com\/produit\/5-meo-dalt\/#breadcrumb\",\"itemListElement\":[{\"@type\":\"ListItem\",\"position\":1,\"name\":\"Home\",\"item\":\"https:\/\/nembutalboutique.com\/\"},{\"@type\":\"ListItem\",\"position\":2,\"name\":\"Boutique\",\"item\":\"https:\/\/nembutalboutique.com\/shop\/\"},{\"@type\":\"ListItem\",\"position\":3,\"name\":\"5-MeO-DALT\"}]},{\"@type\":\"WebSite\",\"@id\":\"https:\/\/nembutalboutique.com\/#website\",\"url\":\"https:\/\/nembutalboutique.com\/\",\"name\":\"Nembutal Boutique\",\"description\":\"My WordPress Blog\",\"publisher\":{\"@id\":\"https:\/\/nembutalboutique.com\/#organization\"},\"potentialAction\":[{\"@type\":\"SearchAction\",\"target\":{\"@type\":\"EntryPoint\",\"urlTemplate\":\"https:\/\/nembutalboutique.com\/?s={search_term_string}\"},\"query-input\":{\"@type\":\"PropertyValueSpecification\",\"valueRequired\":true,\"valueName\":\"search_term_string\"}}],\"inLanguage\":\"it-IT\"},{\"@type\":\"Organization\",\"@id\":\"https:\/\/nembutalboutique.com\/#organization\",\"name\":\"Nembutal Boutique\",\"url\":\"https:\/\/nembutalboutique.com\/\",\"logo\":{\"@type\":\"ImageObject\",\"inLanguage\":\"it-IT\",\"@id\":\"https:\/\/nembutalboutique.com\/#\/schema\/logo\/image\/\",\"url\":\"https:\/\/nembutalboutique.com\/wp-content\/uploads\/2024\/01\/logo.png\",\"contentUrl\":\"https:\/\/nembutalboutique.com\/wp-content\/uploads\/2024\/01\/logo.png\",\"width\":494,\"height\":121,\"caption\":\"Nembutal Boutique\"},\"image\":{\"@id\":\"https:\/\/nembutalboutique.com\/#\/schema\/logo\/image\/\"}}]}<\/script>\n<!-- \/ Yoast SEO plugin. -->","yoast_head_json":{"title":"Comprare 5-MEO Dalt in vendita - Comprare 5-MEO Dalt online","description":"\u00c8 ora possibile ottenere Buy 5-MEO Dalt in vendita dal nostro negozio di farmaci top. Il nostro staff vi assister\u00e0 nell'acquisto di Buy 5-MEO Dalt online al miglior prezzo. Ordina 5-MEO Dalt online oggi con spedizione in tutto il mondo!","robots":{"index":"index","follow":"follow","max-snippet":"max-snippet:-1","max-image-preview":"max-image-preview:large","max-video-preview":"max-video-preview:-1"},"canonical":"https:\/\/nembutalboutique.com\/it\/prodotto\/acquistare-5-meo-dalt-online\/","og_locale":"it_IT","og_type":"article","og_title":"Acheter 5-MEO Dalt \u00e0 vendre - Acheter 5-MEO Dalt en ligne","og_description":"You can now get Buy 5-MEO Dalt for sale from our top meds store. Our staff will assist you to buy Buy 5-MEO Dalt online at the best prices. Order 5-MEO Dalt online today with worldwide shipping!","og_url":"https:\/\/nembutalboutique.com\/it\/prodotto\/acquistare-5-meo-dalt-online\/","og_site_name":"Nembutal Boutique","article_modified_time":"2025-04-13T18:14:54+00:00","og_image":[{"width":600,"height":600,"url":"https:\/\/nembutalboutique.com\/wp-content\/uploads\/2024\/09\/5-MeO-DALT.gif","type":"image\/gif"}],"twitter_card":"summary_large_image","twitter_misc":{"Tempo di lettura stimato":"4 minuti"},"schema":{"@context":"https:\/\/schema.org","@graph":[{"@type":"WebPage","@id":"https:\/\/nembutalboutique.com\/produit\/5-meo-dalt\/","url":"https:\/\/nembutalboutique.com\/produit\/5-meo-dalt\/","name":"Comprare 5-MEO Dalt in vendita - Comprare 5-MEO Dalt online","isPartOf":{"@id":"https:\/\/nembutalboutique.com\/#website"},"primaryImageOfPage":{"@id":"https:\/\/nembutalboutique.com\/produit\/5-meo-dalt\/#primaryimage"},"image":{"@id":"https:\/\/nembutalboutique.com\/produit\/5-meo-dalt\/#primaryimage"},"thumbnailUrl":"https:\/\/nembutalboutique.com\/wp-content\/uploads\/2024\/09\/5-MeO-DALT.gif","datePublished":"2024-09-16T08:14:38+00:00","dateModified":"2025-04-13T18:14:54+00:00","description":"\u00c8 ora possibile ottenere Buy 5-MEO Dalt in vendita dal nostro negozio di farmaci top. Il nostro staff vi assister\u00e0 nell'acquisto di Buy 5-MEO Dalt online al miglior prezzo. Ordina 5-MEO Dalt online oggi con spedizione in tutto il mondo!","breadcrumb":{"@id":"https:\/\/nembutalboutique.com\/produit\/5-meo-dalt\/#breadcrumb"},"inLanguage":"it-IT","potentialAction":[{"@type":"ReadAction","target":["https:\/\/nembutalboutique.com\/produit\/5-meo-dalt\/"]}]},{"@type":"ImageObject","inLanguage":"it-IT","@id":"https:\/\/nembutalboutique.com\/produit\/5-meo-dalt\/#primaryimage","url":"https:\/\/nembutalboutique.com\/wp-content\/uploads\/2024\/09\/5-MeO-DALT.gif","contentUrl":"https:\/\/nembutalboutique.com\/wp-content\/uploads\/2024\/09\/5-MeO-DALT.gif","width":600,"height":600,"caption":"Acheter 5-MeO-DALT"},{"@type":"BreadcrumbList","@id":"https:\/\/nembutalboutique.com\/produit\/5-meo-dalt\/#breadcrumb","itemListElement":[{"@type":"ListItem","position":1,"name":"Home","item":"https:\/\/nembutalboutique.com\/"},{"@type":"ListItem","position":2,"name":"Boutique","item":"https:\/\/nembutalboutique.com\/shop\/"},{"@type":"ListItem","position":3,"name":"5-MeO-DALT"}]},{"@type":"WebSite","@id":"https:\/\/nembutalboutique.com\/#website","url":"https:\/\/nembutalboutique.com\/","name":"Boutique del Nembutal","description":"Il mio blog WordPress","publisher":{"@id":"https:\/\/nembutalboutique.com\/#organization"},"potentialAction":[{"@type":"SearchAction","target":{"@type":"EntryPoint","urlTemplate":"https:\/\/nembutalboutique.com\/?s={search_term_string}"},"query-input":{"@type":"PropertyValueSpecification","valueRequired":true,"valueName":"search_term_string"}}],"inLanguage":"it-IT"},{"@type":"Organization","@id":"https:\/\/nembutalboutique.com\/#organization","name":"Boutique del Nembutal","url":"https:\/\/nembutalboutique.com\/","logo":{"@type":"ImageObject","inLanguage":"it-IT","@id":"https:\/\/nembutalboutique.com\/#\/schema\/logo\/image\/","url":"https:\/\/nembutalboutique.com\/wp-content\/uploads\/2024\/01\/logo.png","contentUrl":"https:\/\/nembutalboutique.com\/wp-content\/uploads\/2024\/01\/logo.png","width":494,"height":121,"caption":"Nembutal Boutique"},"image":{"@id":"https:\/\/nembutalboutique.com\/#\/schema\/logo\/image\/"}}]}},"_links":{"self":[{"href":"https:\/\/nembutalboutique.com\/it\/wp-json\/wp\/v2\/product\/3061"}],"collection":[{"href":"https:\/\/nembutalboutique.com\/it\/wp-json\/wp\/v2\/product"}],"about":[{"href":"https:\/\/nembutalboutique.com\/it\/wp-json\/wp\/v2\/types\/product"}],"replies":[{"embeddable":true,"href":"https:\/\/nembutalboutique.com\/it\/wp-json\/wp\/v2\/comments?post=3061"}],"wp:featuredmedia":[{"embeddable":true,"href":"https:\/\/nembutalboutique.com\/it\/wp-json\/wp\/v2\/media\/3076"}],"wp:attachment":[{"href":"https:\/\/nembutalboutique.com\/it\/wp-json\/wp\/v2\/media?parent=3061"}],"wp:term":[{"taxonomy":"product_brand","embeddable":true,"href":"https:\/\/nembutalboutique.com\/it\/wp-json\/wp\/v2\/product_brand?post=3061"},{"taxonomy":"product_cat","embeddable":true,"href":"https:\/\/nembutalboutique.com\/it\/wp-json\/wp\/v2\/product_cat?post=3061"},{"taxonomy":"product_tag","embeddable":true,"href":"https:\/\/nembutalboutique.com\/it\/wp-json\/wp\/v2\/product_tag?post=3061"}],"curies":[{"name":"wp","href":"https:\/\/api.w.org\/{rel}","templated":true}]}}