{"id":3056,"date":"2024-09-16T08:14:37","date_gmt":"2024-09-16T08:14:37","guid":{"rendered":"https:\/\/nembutalboutique.com\/?post_type=product&#038;p=3056"},"modified":"2024-09-20T09:50:41","modified_gmt":"2024-09-20T09:50:41","slug":"2c-b-fly","status":"publish","type":"product","link":"https:\/\/nembutalboutique.com\/it\/prodotto\/acquistare-2c-b-fly\/","title":{"rendered":"2C-B-FLY"},"content":{"rendered":"<h2>Vendi online le compresse di 2C-B-FLY.<\/h2>\n<p><a href=\"https:\/\/nembutalboutique.com\/produit\/2c-b-fly\/\">2C-B-FLY<\/a> L'acquisto di una mosca 2CB da noi comporta la consegna gratuita su ordini di grandi dimensioni. La 2-dimetossi-4-bromfenetilamina \u00e8 una droga psichedelica appartenente alla famiglia delle 2C. Come droga ricreativa, la 2C-B viene venduta in polvere, a volte compressa in compresse o capsule, e viene chiamata con diversi altri nomi. La droga viene solitamente assunta per via orale, ma pu\u00f2 anche essere ingerita o somministrata per via sublinguale.<\/p>\n<p>Il Tucibi \u00e8 conosciuto anche come \"Elitedroge\" per il suo prezzo elevato. Esistono anche altri nomi, per citarne solo alcuni: Venus, Erox, Nexus, MFT, Pink Cocaine.<\/p>\n<p>Il suo nome originale era 2C-B.<\/p>\n<p>Il composto 2C-B (2,5-dimetossi-4-bromfenetilammina) \u00e8 un membro della famiglia delle anfetamine.<\/p>\n<p>Ogni compressa di 2C-B contiene 25 mg. di 2C-B<\/p>\n<p>Nome del prodotto: 2C-B-Pellets, 25 mg<\/p>\n<p>Numero CAS: 66142-81-2<\/p>\n<p>Formula: C10H14BrNO2.<\/p>\n<p>Display: rosso, punti di forma quadrata<\/p>\n<p>Reinheit: oltre 98,5 %<\/p>\n<h3>Che cos'\u00e8 un 2C-B-FLY?<\/h3>\n<p>Le <a href=\"https:\/\/en.wikipedia.org\/wiki\/2C-B-FLY\">2C-B-FLY<\/a>nota anche come 2-Bromo-2,3,6,7-benzo-diidro-difuran-etilamina e 2C-B-FLY-idrocloruro, \u00e8 una sostanza chimica appartenente alla classe delle fenetilamine. \u00c8 strettamente correlata alla 2C-B ed \u00e8 una fenetilammina insolita che funziona in modo simile alla 2C-B, alla 3-FEA e alla 5-MAPB come stimolante e psichedelico. L'incorporazione dei due gruppi metilici nel quinto anello crea una posizione ideale per il legame con il recettore che, a differenza della 2C-B, determina un effetto pi\u00f9 forte della 2C-B-FLY.<\/p>\n<h3>Propriet\u00e0 chimiche di 2C-B-FLY<\/h3>\n<p>Il 2C-B-FLY fa parte di una classe di derivati noti come FLY-Verbindungen, cos\u00ec chiamati per il loro aspetto simile a quello di un insetto e per i due anelli tetraidrofuranici \"alati\" che sono fusi sul lato opposto del benzoring centrale.<br \/>\nUn sostituto molecolare della classe chimica della fenetilammina e del diidrobenzofurano \u00e8 il 2C-B-FLY. Il 2C-B-FLY ha un anello fenolico collegato a un gruppo amminico (NH2) attraverso una catena eterea. Ha anche un bromatomo attaccato al carbonio R4 dell'anello fenolico. Di conseguenza, i gruppi metossi attaccati a R2 e R5 di 2C-B si legano agli anelli di cinque gliossifurani che sono fusi al benzoring centrale e incorporati.<\/p>\n<h3>Quali sono gli effetti di 2C-B-FLY?<\/h3>\n<p>Si dice che la 2C-B-FLY HCL abbia un effetto fisico molto pi\u00f9 forte, effetti visivi pi\u00f9 forti, una geometria pi\u00f9 complessa e allucinazioni interne pi\u00f9 profonde rispetto alla 2-CB, rendendola pi\u00f9 paragonabile alla meskalina, alla 2C-E o alla MDA a dosi pi\u00f9 elevate. I rapporti sulle dosi pi\u00f9 basse, tuttavia, parlano di una risposta pi\u00f9 viscerale ed emotiva rispetto ai tradizionali effetti psichedelici.<\/p>\n<p>Effetti<\/p>\n<p>Gli effetti di 2C-B-FLY possono variare, ma le esperienze comuni includono:<\/p>\n<p>Allucinazioni visive: colori e disegni vivaci.<br \/>\nApertura emotiva: aumento dell'empatia e dell'espressione emotiva.<br \/>\nEuforia: sensazione di benessere e appagamento.<br \/>\nDistorsione temporale: alterazione della percezione del tempo.<\/p>\n<p>Questi effetti dipendono fortemente dal dosaggio, dall'impostazione e dalla regolazione e possono variare notevolmente da un individuo all'altro.<\/p>\n<p>Dosaggio di 2C-B-FLY<br \/>\nDosaggio leggero: 5-10 mg<br \/>\nDosaggio abituale: 10-20 mg<br \/>\nDosaggio elevato: 20-30 mg<br \/>\nDurata degli effetti<\/p>\n<p>La durata degli effetti di 2C-B-FLY varia:<\/p>\n<p>Insorgenza degli effetti: da 20 a 60 minuti dopo l'ingestione.<br \/>\nEffetto massimo: da 2 a 5 ore dopo l'ingestione.<br \/>\nDurata totale: da 6 a 8 ore.<\/p>\n<p>Questo periodo pu\u00f2 variare da un individuo all'altro e dipende da una serie di fattori, come il dosaggio e il metabolismo.<\/p>\n<h3>Come posso acquistare 10 mg di pastiglie di 2C-B-FLY?<\/h3>\n<p>\u00c8 possibile acquistare le pastiglie di 2C-B-FLY 10 mg e altre fenoletilamine, come 3-FEA-HCL e 5-MAPB-HCL, su Nembutalboutique.com.<\/p>\n<p>Tutti i nostri prodotti chimici sono testati in un laboratorio indipendente e sono destinati esclusivamente all'uso in laboratorio; non sono destinati al consumo umano.<\/p>","protected":false},"excerpt":{"rendered":"<p><span style=\"vertical-align: inherit;\"><span style=\"vertical-align: inherit;\">La 2C-B-FLY \u00e8 una fenetilammina psichedelica e una droga di design della famiglia 2C. \u00c8 stata sintetizzata per la prima volta nel 1996 da Aaron Monte, professore di chimica all'UW-La Crosse.<\/span><\/span><\/p>","protected":false},"featured_media":3071,"comment_status":"open","ping_status":"closed","template":"","meta":{"_joinchat":[]},"product_brand":[],"product_cat":[385],"product_tag":[],"class_list":{"0":"post-3056","1":"product","2":"type-product","3":"status-publish","4":"has-post-thumbnail","6":"product_cat-forschung-schemikalien","8":"first","9":"instock","10":"shipping-taxable","11":"purchasable","12":"product-type-variable"},"yoast_head":"<!-- This site is optimized with the Yoast SEO plugin v23.5 - https:\/\/yoast.com\/wordpress\/plugins\/seo\/ -->\n<title>Achetez 2C-B Fly en ligne - 2C-B Fly \u00e0 vendre<\/title>\n<meta name=\"description\" content=\"Vous souhaitez acheter de la poudre 2C-B Fly en ligne ? D\u00e9couvrez une plateforme transparente sur notre boutique en ligne o\u00f9 vous pouvez acheter de la poudre 2C-B Fly, garantissant une qualit\u00e9 sup\u00e9rieure pour vos besoins de recherche.\" \/>\n<meta name=\"robots\" content=\"index, follow, max-snippet:-1, max-image-preview:large, max-video-preview:-1\" \/>\n<link rel=\"canonical\" href=\"https:\/\/nembutalboutique.com\/it\/prodotto\/acquistare-2c-b-fly\/\" \/>\n<meta property=\"og:locale\" content=\"it_IT\" \/>\n<meta property=\"og:type\" content=\"article\" \/>\n<meta property=\"og:title\" content=\"Achetez 2C-B Fly en ligne - 2C-B Fly \u00e0 vendre\" \/>\n<meta property=\"og:description\" content=\"Vous souhaitez acheter de la poudre 2C-B Fly en ligne ? D\u00e9couvrez une plateforme transparente sur notre boutique en ligne o\u00f9 vous pouvez acheter de la poudre 2C-B Fly, garantissant une qualit\u00e9 sup\u00e9rieure pour vos besoins de recherche.\" \/>\n<meta property=\"og:url\" content=\"https:\/\/nembutalboutique.com\/it\/prodotto\/acquistare-2c-b-fly\/\" \/>\n<meta property=\"og:site_name\" content=\"Nembutal Boutique\" \/>\n<meta property=\"article:modified_time\" content=\"2024-09-20T09:50:41+00:00\" \/>\n<meta property=\"og:image\" content=\"https:\/\/nembutalboutique.com\/wp-content\/uploads\/2024\/09\/2C-B-FLY.gif\" \/>\n\t<meta property=\"og:image:width\" content=\"600\" \/>\n\t<meta property=\"og:image:height\" content=\"600\" \/>\n\t<meta property=\"og:image:type\" content=\"image\/gif\" \/>\n<meta name=\"twitter:card\" content=\"summary_large_image\" \/>\n<meta name=\"twitter:label1\" content=\"Tempo di lettura stimato\" \/>\n\t<meta name=\"twitter:data1\" content=\"3 minuti\" \/>\n<script type=\"application\/ld+json\" class=\"yoast-schema-graph\">{\"@context\":\"https:\/\/schema.org\",\"@graph\":[{\"@type\":\"WebPage\",\"@id\":\"https:\/\/nembutalboutique.com\/produit\/2c-b-fly\/\",\"url\":\"https:\/\/nembutalboutique.com\/produit\/2c-b-fly\/\",\"name\":\"Achetez 2C-B Fly en ligne - 2C-B Fly \u00e0 vendre\",\"isPartOf\":{\"@id\":\"https:\/\/nembutalboutique.com\/#website\"},\"primaryImageOfPage\":{\"@id\":\"https:\/\/nembutalboutique.com\/produit\/2c-b-fly\/#primaryimage\"},\"image\":{\"@id\":\"https:\/\/nembutalboutique.com\/produit\/2c-b-fly\/#primaryimage\"},\"thumbnailUrl\":\"https:\/\/nembutalboutique.com\/wp-content\/uploads\/2024\/09\/2C-B-FLY.gif\",\"datePublished\":\"2024-09-16T08:14:37+00:00\",\"dateModified\":\"2024-09-20T09:50:41+00:00\",\"description\":\"Vous souhaitez acheter de la poudre 2C-B Fly en ligne ? D\u00e9couvrez une plateforme transparente sur notre boutique en ligne o\u00f9 vous pouvez acheter de la poudre 2C-B Fly, garantissant une qualit\u00e9 sup\u00e9rieure pour vos besoins de recherche.\",\"breadcrumb\":{\"@id\":\"https:\/\/nembutalboutique.com\/produit\/2c-b-fly\/#breadcrumb\"},\"inLanguage\":\"it-IT\",\"potentialAction\":[{\"@type\":\"ReadAction\",\"target\":[\"https:\/\/nembutalboutique.com\/produit\/2c-b-fly\/\"]}]},{\"@type\":\"ImageObject\",\"inLanguage\":\"it-IT\",\"@id\":\"https:\/\/nembutalboutique.com\/produit\/2c-b-fly\/#primaryimage\",\"url\":\"https:\/\/nembutalboutique.com\/wp-content\/uploads\/2024\/09\/2C-B-FLY.gif\",\"contentUrl\":\"https:\/\/nembutalboutique.com\/wp-content\/uploads\/2024\/09\/2C-B-FLY.gif\",\"width\":600,\"height\":600,\"caption\":\"2C-B-FLY\"},{\"@type\":\"BreadcrumbList\",\"@id\":\"https:\/\/nembutalboutique.com\/produit\/2c-b-fly\/#breadcrumb\",\"itemListElement\":[{\"@type\":\"ListItem\",\"position\":1,\"name\":\"Home\",\"item\":\"https:\/\/nembutalboutique.com\/\"},{\"@type\":\"ListItem\",\"position\":2,\"name\":\"Boutique\",\"item\":\"https:\/\/nembutalboutique.com\/shop\/\"},{\"@type\":\"ListItem\",\"position\":3,\"name\":\"2C-B-FLY\"}]},{\"@type\":\"WebSite\",\"@id\":\"https:\/\/nembutalboutique.com\/#website\",\"url\":\"https:\/\/nembutalboutique.com\/\",\"name\":\"Nembutal Boutique\",\"description\":\"My WordPress Blog\",\"publisher\":{\"@id\":\"https:\/\/nembutalboutique.com\/#organization\"},\"potentialAction\":[{\"@type\":\"SearchAction\",\"target\":{\"@type\":\"EntryPoint\",\"urlTemplate\":\"https:\/\/nembutalboutique.com\/?s={search_term_string}\"},\"query-input\":{\"@type\":\"PropertyValueSpecification\",\"valueRequired\":true,\"valueName\":\"search_term_string\"}}],\"inLanguage\":\"it-IT\"},{\"@type\":\"Organization\",\"@id\":\"https:\/\/nembutalboutique.com\/#organization\",\"name\":\"Nembutal Boutique\",\"url\":\"https:\/\/nembutalboutique.com\/\",\"logo\":{\"@type\":\"ImageObject\",\"inLanguage\":\"it-IT\",\"@id\":\"https:\/\/nembutalboutique.com\/#\/schema\/logo\/image\/\",\"url\":\"https:\/\/nembutalboutique.com\/wp-content\/uploads\/2024\/01\/logo.png\",\"contentUrl\":\"https:\/\/nembutalboutique.com\/wp-content\/uploads\/2024\/01\/logo.png\",\"width\":494,\"height\":121,\"caption\":\"Nembutal Boutique\"},\"image\":{\"@id\":\"https:\/\/nembutalboutique.com\/#\/schema\/logo\/image\/\"}}]}<\/script>\n<!-- \/ Yoast SEO plugin. -->","yoast_head_json":{"title":"Comprare 2C-B Fly online - 2C-B Fly in vendita","description":"Desiderate acquistare 2C-B Fly in polvere online? Scoprite una piattaforma trasparente sul nostro negozio online dove potete acquistare 2C-B Fly in polvere, garantendo la massima qualit\u00e0 per le vostre esigenze di ricerca.","robots":{"index":"index","follow":"follow","max-snippet":"max-snippet:-1","max-image-preview":"max-image-preview:large","max-video-preview":"max-video-preview:-1"},"canonical":"https:\/\/nembutalboutique.com\/it\/prodotto\/acquistare-2c-b-fly\/","og_locale":"it_IT","og_type":"article","og_title":"Achetez 2C-B Fly en ligne - 2C-B Fly \u00e0 vendre","og_description":"Vous souhaitez acheter de la poudre 2C-B Fly en ligne ? D\u00e9couvrez une plateforme transparente sur notre boutique en ligne o\u00f9 vous pouvez acheter de la poudre 2C-B Fly, garantissant une qualit\u00e9 sup\u00e9rieure pour vos besoins de recherche.","og_url":"https:\/\/nembutalboutique.com\/it\/prodotto\/acquistare-2c-b-fly\/","og_site_name":"Nembutal Boutique","article_modified_time":"2024-09-20T09:50:41+00:00","og_image":[{"width":600,"height":600,"url":"https:\/\/nembutalboutique.com\/wp-content\/uploads\/2024\/09\/2C-B-FLY.gif","type":"image\/gif"}],"twitter_card":"summary_large_image","twitter_misc":{"Tempo di lettura stimato":"3 minuti"},"schema":{"@context":"https:\/\/schema.org","@graph":[{"@type":"WebPage","@id":"https:\/\/nembutalboutique.com\/produit\/2c-b-fly\/","url":"https:\/\/nembutalboutique.com\/produit\/2c-b-fly\/","name":"Comprare 2C-B Fly online - 2C-B Fly in vendita","isPartOf":{"@id":"https:\/\/nembutalboutique.com\/#website"},"primaryImageOfPage":{"@id":"https:\/\/nembutalboutique.com\/produit\/2c-b-fly\/#primaryimage"},"image":{"@id":"https:\/\/nembutalboutique.com\/produit\/2c-b-fly\/#primaryimage"},"thumbnailUrl":"https:\/\/nembutalboutique.com\/wp-content\/uploads\/2024\/09\/2C-B-FLY.gif","datePublished":"2024-09-16T08:14:37+00:00","dateModified":"2024-09-20T09:50:41+00:00","description":"Desiderate acquistare 2C-B Fly in polvere online? Scoprite una piattaforma trasparente sul nostro negozio online dove potete acquistare 2C-B Fly in polvere, garantendo la massima qualit\u00e0 per le vostre esigenze di ricerca.","breadcrumb":{"@id":"https:\/\/nembutalboutique.com\/produit\/2c-b-fly\/#breadcrumb"},"inLanguage":"it-IT","potentialAction":[{"@type":"ReadAction","target":["https:\/\/nembutalboutique.com\/produit\/2c-b-fly\/"]}]},{"@type":"ImageObject","inLanguage":"it-IT","@id":"https:\/\/nembutalboutique.com\/produit\/2c-b-fly\/#primaryimage","url":"https:\/\/nembutalboutique.com\/wp-content\/uploads\/2024\/09\/2C-B-FLY.gif","contentUrl":"https:\/\/nembutalboutique.com\/wp-content\/uploads\/2024\/09\/2C-B-FLY.gif","width":600,"height":600,"caption":"2C-B-FLY"},{"@type":"BreadcrumbList","@id":"https:\/\/nembutalboutique.com\/produit\/2c-b-fly\/#breadcrumb","itemListElement":[{"@type":"ListItem","position":1,"name":"Home","item":"https:\/\/nembutalboutique.com\/"},{"@type":"ListItem","position":2,"name":"Boutique","item":"https:\/\/nembutalboutique.com\/shop\/"},{"@type":"ListItem","position":3,"name":"2C-B-FLY"}]},{"@type":"WebSite","@id":"https:\/\/nembutalboutique.com\/#website","url":"https:\/\/nembutalboutique.com\/","name":"Boutique del Nembutal","description":"Il mio blog WordPress","publisher":{"@id":"https:\/\/nembutalboutique.com\/#organization"},"potentialAction":[{"@type":"SearchAction","target":{"@type":"EntryPoint","urlTemplate":"https:\/\/nembutalboutique.com\/?s={search_term_string}"},"query-input":{"@type":"PropertyValueSpecification","valueRequired":true,"valueName":"search_term_string"}}],"inLanguage":"it-IT"},{"@type":"Organization","@id":"https:\/\/nembutalboutique.com\/#organization","name":"Boutique del Nembutal","url":"https:\/\/nembutalboutique.com\/","logo":{"@type":"ImageObject","inLanguage":"it-IT","@id":"https:\/\/nembutalboutique.com\/#\/schema\/logo\/image\/","url":"https:\/\/nembutalboutique.com\/wp-content\/uploads\/2024\/01\/logo.png","contentUrl":"https:\/\/nembutalboutique.com\/wp-content\/uploads\/2024\/01\/logo.png","width":494,"height":121,"caption":"Nembutal Boutique"},"image":{"@id":"https:\/\/nembutalboutique.com\/#\/schema\/logo\/image\/"}}]}},"_links":{"self":[{"href":"https:\/\/nembutalboutique.com\/it\/wp-json\/wp\/v2\/product\/3056"}],"collection":[{"href":"https:\/\/nembutalboutique.com\/it\/wp-json\/wp\/v2\/product"}],"about":[{"href":"https:\/\/nembutalboutique.com\/it\/wp-json\/wp\/v2\/types\/product"}],"replies":[{"embeddable":true,"href":"https:\/\/nembutalboutique.com\/it\/wp-json\/wp\/v2\/comments?post=3056"}],"wp:featuredmedia":[{"embeddable":true,"href":"https:\/\/nembutalboutique.com\/it\/wp-json\/wp\/v2\/media\/3071"}],"wp:attachment":[{"href":"https:\/\/nembutalboutique.com\/it\/wp-json\/wp\/v2\/media?parent=3056"}],"wp:term":[{"taxonomy":"product_brand","embeddable":true,"href":"https:\/\/nembutalboutique.com\/it\/wp-json\/wp\/v2\/product_brand?post=3056"},{"taxonomy":"product_cat","embeddable":true,"href":"https:\/\/nembutalboutique.com\/it\/wp-json\/wp\/v2\/product_cat?post=3056"},{"taxonomy":"product_tag","embeddable":true,"href":"https:\/\/nembutalboutique.com\/it\/wp-json\/wp\/v2\/product_tag?post=3056"}],"curies":[{"name":"wp","href":"https:\/\/api.w.org\/{rel}","templated":true}]}}