{"id":3014,"date":"2024-09-16T08:14:17","date_gmt":"2024-09-16T08:14:17","guid":{"rendered":"https:\/\/nembutalboutique.com\/?post_type=product&#038;p=3014"},"modified":"2024-09-20T09:53:00","modified_gmt":"2024-09-20T09:53:00","slug":"1p-lsd","status":"publish","type":"product","link":"https:\/\/nembutalboutique.com\/it\/prodotto\/comprare-1p-lsd-online\/","title":{"rendered":"1P-LSD"},"content":{"rendered":"<h2>Acquistare la carta assorbente 1P-LSD qui.<\/h2>\n<p>L'acquisto di 1P-LSD online non \u00e8 consigliato per il consumo umano; si tratta piuttosto di una sostanza chimica per la ricerca. L'1P-LSD \u00e8 disponibile su kaufennembutal.com. Se effettuate un ordine prima delle 18:00, verr\u00e0 elaborato il giorno successivo! Come sempre, \u00e8 possibile effettuare pagamenti sicuri e convenienti con iDEAL, carte di credito, bonifici bancari e criptovalute. Un'altra opzione \u00e8 quella di effettuare un ordine per <a href=\"https:\/\/nembutalboutique.com\/produit\/1p-lsd\/\">1P-LSD<\/a> su Lekkergaan.NL. Offriamo anche una serie di connessioni di ricerca, tra cui 2MMC, Pentedrone (CIP) e 3FMC.<\/p>\n<h3>1P-LSD: cos'\u00e8?<\/h3>\n<p>Membro della classe delle lisergamidi, l'1-propionil-d-lisergs\u00e4uredietilamide (1P-LSD) \u00e8 una nuova sostanza psichedelica che presenta analogie strutturali con l'LSD. Sebbene non si conosca la data precisa della sua sintesi, si presume che interagisca con i recettori della serotonina nel cervello. \u00c8 stata lanciata nel 2015 sul mercato online per programmi di ricerca. eingef\u00fchrt. Eppure \u00e8 stato presentato come un sostituto sicuro dell'LSD, anche se il suo uso non \u00e8 supportato dalla letteratura di ricerca. L'idea che si tratti di un prodrug di <a href=\"https:\/\/en.wikipedia.org\/wiki\/1P-LSD\">LSD<\/a> \u00e8 supportata da uno studio che mostra come viene convertita in LSD nei ratti. A causa della mancanza di conoscenze sulla sua farmacologia, sullo scambio di metaboliti e sulla tossicit\u00e0, \u00e8 necessario utilizzare strategie di minimizzazione dei danni e usare cautela quando si utilizza questa sostanza nella ricerca.<\/p>\n<h3>Gli effetti della 1P-LSD<\/h3>\n<p>Secondo quanto riportato, gli effetti soggettivi della 1P-LSD sono quasi identici a quelli dell'LSD, secondo le dichiarazioni di diversi utenti. In termini di effetti fisici e cognitivi unici, l'1P-LSD \u00e8 molto pi\u00f9 veloce e stimolante di altri psichedelici come la psilocibina, l'LSA e l'ayahuasca. Stimolazione emotiva, miglioramento del pensiero, pensiero astratto, stimolazione fisica e rappresentazioni visive. Le sue qualit\u00e0 stimolanti possono includere attivit\u00e0 fisiche come camminare, correre, arrampicarsi o ballare, oltre a sensazioni di calore, amore e rilassamento. La percezione tattile \u00e8 migliorata e la durata della vita \u00e8 potenzialmente pi\u00f9 lunga.<\/p>\n<p>Nota: quando si conduce una ricerca, \u00e8 importante essere consapevoli dei rischi potenziali, che includono, ma non sono limitati a, frequenza cardiaca elevata, vampate di calore, nausea e la possibilit\u00e0 di dipendenza e di eventi avversi gravi a dosi elevate. Gli effetti visivi della 1P-LSD includono cambiamenti di schema, di colore, di marcatura e una migliore percezione dei colori, riconoscimento degli schemi e nitidezza. Se effettui l'ordine prima delle 18:00, ti verr\u00e0 consegnato domani!<\/p>\n<p>Se effettui l'ordine prima delle 18:00, la consegna avverr\u00e0 domani! Il vostro ordine sar\u00e0 inviato in modo discreto e anonimo dal nostro affidabile partner PostNL. Bancommunication o iDEAL sono ancora pi\u00f9 veloci e facili da trasferire, il denaro va. Inviateci un ordine tramite il nostro sito web o avviate una conversazione con noi. Se avete domande o commenti, potete contattarci per telefono, e-mail o tramite la nostra app. Per ordini di grandi dimensioni, contattateci. Saremo lieti di ricevere il vostro ordine!<\/p>\n<h3><strong>Effettuiamo anche consegne di massa.<\/strong><\/h3>\n<p>L'1P-LSD \u00e8 disponibile in una gamma di dosaggi. Volete acquistare 1P-LSD in quantit\u00e0 maggiori? NembuKauFlog.com offre prezzi competitivi per quantit\u00e0 maggiori; contattateci. Contattateci ora; non esitate - acquistate 1P-LSD online.<\/p>","protected":false},"excerpt":{"rendered":"<p>Achetez le buvard 1P-LSD ici. L&rsquo;achat de 1P-LSD en ligne n&rsquo;est pas recommand\u00e9 pour la consommation humaine ; il s&rsquo;agit plut\u00f4t d&rsquo;un produit chimique de recherche. Le 1P-LSD est disponible sur kaufennembutal.com. Si vous passez une commande avant 18h00, elle sera trait\u00e9e le lendemain ! Comme toujours, vous pouvez effectuer des paiements en toute s\u00e9curit\u00e9 [&hellip;]<\/p>","protected":false},"featured_media":3040,"comment_status":"open","ping_status":"closed","template":"","meta":{"_joinchat":[]},"product_brand":[],"product_cat":[385],"product_tag":[467,468,469,470,471,472,473,474,475,476,477,478],"class_list":{"0":"post-3014","1":"product","2":"type-product","3":"status-publish","4":"has-post-thumbnail","6":"product_cat-forschung-schemikalien","7":"product_tag-1p-lsd-blotter","8":"product_tag-1p-lsd-blotters-zu-verkaufen","9":"product_tag-1p-lsd-liquid-zu-verkaufen","10":"product_tag-1p-lsd-online-kaufen","11":"product_tag-1p-lsd-shop","12":"product_tag-1p-lsd-shop-usa","13":"product_tag-1p-lsd-usa-zu-verkaufen","14":"product_tag-acid","15":"product_tag-ist-1p-lsd-legal","16":"product_tag-lad","17":"product_tag-lsd","18":"product_tag-lsd-25","20":"first","21":"instock","22":"shipping-taxable","23":"purchasable","24":"product-type-variable"},"yoast_head":"<!-- This site is optimized with the Yoast SEO plugin v23.5 - https:\/\/yoast.com\/wordpress\/plugins\/seo\/ -->\n<title>Acheter 1P-LSD en ligne - 1P-LSD \u00e0 vendre<\/title>\n<meta name=\"description\" content=\"C&#039;est le meilleur moment pour visiter notre boutique en ligne Nembutal et acheter du 1P-LSD en ligne. Nous avons du 1P-LSD \u00e0 vendre ici. Rencontrez-nous en ligne et passez votre commande d\u00e8s aujourd&#039;hui.\" \/>\n<meta name=\"robots\" content=\"index, follow, max-snippet:-1, max-image-preview:large, max-video-preview:-1\" \/>\n<link rel=\"canonical\" href=\"https:\/\/nembutalboutique.com\/it\/prodotto\/comprare-1p-lsd-online\/\" \/>\n<meta property=\"og:locale\" content=\"it_IT\" \/>\n<meta property=\"og:type\" content=\"article\" \/>\n<meta property=\"og:title\" content=\"Acheter 1P-LSD en ligne - 1P-LSD \u00e0 vendre\" \/>\n<meta property=\"og:description\" content=\"C&#039;est le meilleur moment pour visiter notre boutique en ligne Nembutal et acheter du 1P-LSD en ligne. Nous avons du 1P-LSD \u00e0 vendre ici. Rencontrez-nous en ligne et passez votre commande d\u00e8s aujourd&#039;hui.\" \/>\n<meta property=\"og:url\" content=\"https:\/\/nembutalboutique.com\/it\/prodotto\/comprare-1p-lsd-online\/\" \/>\n<meta property=\"og:site_name\" content=\"Nembutal Boutique\" \/>\n<meta property=\"article:modified_time\" content=\"2024-09-20T09:53:00+00:00\" \/>\n<meta property=\"og:image\" content=\"https:\/\/nembutalboutique.com\/wp-content\/uploads\/2024\/09\/1P-LSD.gif\" \/>\n\t<meta property=\"og:image:width\" content=\"600\" \/>\n\t<meta property=\"og:image:height\" content=\"600\" \/>\n\t<meta property=\"og:image:type\" content=\"image\/gif\" \/>\n<meta name=\"twitter:card\" content=\"summary_large_image\" \/>\n<meta name=\"twitter:label1\" content=\"Tempo di lettura stimato\" \/>\n\t<meta name=\"twitter:data1\" content=\"3 minuti\" \/>\n<script type=\"application\/ld+json\" class=\"yoast-schema-graph\">{\"@context\":\"https:\/\/schema.org\",\"@graph\":[{\"@type\":\"WebPage\",\"@id\":\"https:\/\/nembutalboutique.com\/produit\/1p-lsd\/\",\"url\":\"https:\/\/nembutalboutique.com\/produit\/1p-lsd\/\",\"name\":\"Acheter 1P-LSD en ligne - 1P-LSD \u00e0 vendre\",\"isPartOf\":{\"@id\":\"https:\/\/nembutalboutique.com\/#website\"},\"primaryImageOfPage\":{\"@id\":\"https:\/\/nembutalboutique.com\/produit\/1p-lsd\/#primaryimage\"},\"image\":{\"@id\":\"https:\/\/nembutalboutique.com\/produit\/1p-lsd\/#primaryimage\"},\"thumbnailUrl\":\"https:\/\/nembutalboutique.com\/wp-content\/uploads\/2024\/09\/1P-LSD.gif\",\"datePublished\":\"2024-09-16T08:14:17+00:00\",\"dateModified\":\"2024-09-20T09:53:00+00:00\",\"description\":\"C'est le meilleur moment pour visiter notre boutique en ligne Nembutal et acheter du 1P-LSD en ligne. Nous avons du 1P-LSD \u00e0 vendre ici. Rencontrez-nous en ligne et passez votre commande d\u00e8s aujourd'hui.\",\"breadcrumb\":{\"@id\":\"https:\/\/nembutalboutique.com\/produit\/1p-lsd\/#breadcrumb\"},\"inLanguage\":\"it-IT\",\"potentialAction\":[{\"@type\":\"ReadAction\",\"target\":[\"https:\/\/nembutalboutique.com\/produit\/1p-lsd\/\"]}]},{\"@type\":\"ImageObject\",\"inLanguage\":\"it-IT\",\"@id\":\"https:\/\/nembutalboutique.com\/produit\/1p-lsd\/#primaryimage\",\"url\":\"https:\/\/nembutalboutique.com\/wp-content\/uploads\/2024\/09\/1P-LSD.gif\",\"contentUrl\":\"https:\/\/nembutalboutique.com\/wp-content\/uploads\/2024\/09\/1P-LSD.gif\",\"width\":600,\"height\":600,\"caption\":\"Acheter 1P-LSD.gif\"},{\"@type\":\"BreadcrumbList\",\"@id\":\"https:\/\/nembutalboutique.com\/produit\/1p-lsd\/#breadcrumb\",\"itemListElement\":[{\"@type\":\"ListItem\",\"position\":1,\"name\":\"Home\",\"item\":\"https:\/\/nembutalboutique.com\/\"},{\"@type\":\"ListItem\",\"position\":2,\"name\":\"Boutique\",\"item\":\"https:\/\/nembutalboutique.com\/shop\/\"},{\"@type\":\"ListItem\",\"position\":3,\"name\":\"1P-LSD\"}]},{\"@type\":\"WebSite\",\"@id\":\"https:\/\/nembutalboutique.com\/#website\",\"url\":\"https:\/\/nembutalboutique.com\/\",\"name\":\"Nembutal Boutique\",\"description\":\"My WordPress Blog\",\"publisher\":{\"@id\":\"https:\/\/nembutalboutique.com\/#organization\"},\"potentialAction\":[{\"@type\":\"SearchAction\",\"target\":{\"@type\":\"EntryPoint\",\"urlTemplate\":\"https:\/\/nembutalboutique.com\/?s={search_term_string}\"},\"query-input\":{\"@type\":\"PropertyValueSpecification\",\"valueRequired\":true,\"valueName\":\"search_term_string\"}}],\"inLanguage\":\"it-IT\"},{\"@type\":\"Organization\",\"@id\":\"https:\/\/nembutalboutique.com\/#organization\",\"name\":\"Nembutal Boutique\",\"url\":\"https:\/\/nembutalboutique.com\/\",\"logo\":{\"@type\":\"ImageObject\",\"inLanguage\":\"it-IT\",\"@id\":\"https:\/\/nembutalboutique.com\/#\/schema\/logo\/image\/\",\"url\":\"https:\/\/nembutalboutique.com\/wp-content\/uploads\/2024\/01\/logo.png\",\"contentUrl\":\"https:\/\/nembutalboutique.com\/wp-content\/uploads\/2024\/01\/logo.png\",\"width\":494,\"height\":121,\"caption\":\"Nembutal Boutique\"},\"image\":{\"@id\":\"https:\/\/nembutalboutique.com\/#\/schema\/logo\/image\/\"}}]}<\/script>\n<!-- \/ Yoast SEO plugin. -->","yoast_head_json":{"title":"Comprare 1P-LSD online - 1P-LSD in vendita","description":"\u00c8 il momento migliore per visitare il nostro negozio online di Nembutal e acquistare 1P-LSD online. Abbiamo 1P-LSD in vendita qui. Venite a trovarci online e fate il vostro ordine oggi stesso.","robots":{"index":"index","follow":"follow","max-snippet":"max-snippet:-1","max-image-preview":"max-image-preview:large","max-video-preview":"max-video-preview:-1"},"canonical":"https:\/\/nembutalboutique.com\/it\/prodotto\/comprare-1p-lsd-online\/","og_locale":"it_IT","og_type":"article","og_title":"Acheter 1P-LSD en ligne - 1P-LSD \u00e0 vendre","og_description":"C'est le meilleur moment pour visiter notre boutique en ligne Nembutal et acheter du 1P-LSD en ligne. Nous avons du 1P-LSD \u00e0 vendre ici. Rencontrez-nous en ligne et passez votre commande d\u00e8s aujourd'hui.","og_url":"https:\/\/nembutalboutique.com\/it\/prodotto\/comprare-1p-lsd-online\/","og_site_name":"Nembutal Boutique","article_modified_time":"2024-09-20T09:53:00+00:00","og_image":[{"width":600,"height":600,"url":"https:\/\/nembutalboutique.com\/wp-content\/uploads\/2024\/09\/1P-LSD.gif","type":"image\/gif"}],"twitter_card":"summary_large_image","twitter_misc":{"Tempo di lettura stimato":"3 minuti"},"schema":{"@context":"https:\/\/schema.org","@graph":[{"@type":"WebPage","@id":"https:\/\/nembutalboutique.com\/produit\/1p-lsd\/","url":"https:\/\/nembutalboutique.com\/produit\/1p-lsd\/","name":"Comprare 1P-LSD online - 1P-LSD in vendita","isPartOf":{"@id":"https:\/\/nembutalboutique.com\/#website"},"primaryImageOfPage":{"@id":"https:\/\/nembutalboutique.com\/produit\/1p-lsd\/#primaryimage"},"image":{"@id":"https:\/\/nembutalboutique.com\/produit\/1p-lsd\/#primaryimage"},"thumbnailUrl":"https:\/\/nembutalboutique.com\/wp-content\/uploads\/2024\/09\/1P-LSD.gif","datePublished":"2024-09-16T08:14:17+00:00","dateModified":"2024-09-20T09:53:00+00:00","description":"\u00c8 il momento migliore per visitare il nostro negozio online di Nembutal e acquistare 1P-LSD online. Abbiamo 1P-LSD in vendita qui. Venite a trovarci online e fate il vostro ordine oggi stesso.","breadcrumb":{"@id":"https:\/\/nembutalboutique.com\/produit\/1p-lsd\/#breadcrumb"},"inLanguage":"it-IT","potentialAction":[{"@type":"ReadAction","target":["https:\/\/nembutalboutique.com\/produit\/1p-lsd\/"]}]},{"@type":"ImageObject","inLanguage":"it-IT","@id":"https:\/\/nembutalboutique.com\/produit\/1p-lsd\/#primaryimage","url":"https:\/\/nembutalboutique.com\/wp-content\/uploads\/2024\/09\/1P-LSD.gif","contentUrl":"https:\/\/nembutalboutique.com\/wp-content\/uploads\/2024\/09\/1P-LSD.gif","width":600,"height":600,"caption":"Acheter 1P-LSD.gif"},{"@type":"BreadcrumbList","@id":"https:\/\/nembutalboutique.com\/produit\/1p-lsd\/#breadcrumb","itemListElement":[{"@type":"ListItem","position":1,"name":"Home","item":"https:\/\/nembutalboutique.com\/"},{"@type":"ListItem","position":2,"name":"Boutique","item":"https:\/\/nembutalboutique.com\/shop\/"},{"@type":"ListItem","position":3,"name":"1P-LSD"}]},{"@type":"WebSite","@id":"https:\/\/nembutalboutique.com\/#website","url":"https:\/\/nembutalboutique.com\/","name":"Boutique del Nembutal","description":"Il mio blog WordPress","publisher":{"@id":"https:\/\/nembutalboutique.com\/#organization"},"potentialAction":[{"@type":"SearchAction","target":{"@type":"EntryPoint","urlTemplate":"https:\/\/nembutalboutique.com\/?s={search_term_string}"},"query-input":{"@type":"PropertyValueSpecification","valueRequired":true,"valueName":"search_term_string"}}],"inLanguage":"it-IT"},{"@type":"Organization","@id":"https:\/\/nembutalboutique.com\/#organization","name":"Boutique del Nembutal","url":"https:\/\/nembutalboutique.com\/","logo":{"@type":"ImageObject","inLanguage":"it-IT","@id":"https:\/\/nembutalboutique.com\/#\/schema\/logo\/image\/","url":"https:\/\/nembutalboutique.com\/wp-content\/uploads\/2024\/01\/logo.png","contentUrl":"https:\/\/nembutalboutique.com\/wp-content\/uploads\/2024\/01\/logo.png","width":494,"height":121,"caption":"Nembutal Boutique"},"image":{"@id":"https:\/\/nembutalboutique.com\/#\/schema\/logo\/image\/"}}]}},"_links":{"self":[{"href":"https:\/\/nembutalboutique.com\/it\/wp-json\/wp\/v2\/product\/3014"}],"collection":[{"href":"https:\/\/nembutalboutique.com\/it\/wp-json\/wp\/v2\/product"}],"about":[{"href":"https:\/\/nembutalboutique.com\/it\/wp-json\/wp\/v2\/types\/product"}],"replies":[{"embeddable":true,"href":"https:\/\/nembutalboutique.com\/it\/wp-json\/wp\/v2\/comments?post=3014"}],"wp:featuredmedia":[{"embeddable":true,"href":"https:\/\/nembutalboutique.com\/it\/wp-json\/wp\/v2\/media\/3040"}],"wp:attachment":[{"href":"https:\/\/nembutalboutique.com\/it\/wp-json\/wp\/v2\/media?parent=3014"}],"wp:term":[{"taxonomy":"product_brand","embeddable":true,"href":"https:\/\/nembutalboutique.com\/it\/wp-json\/wp\/v2\/product_brand?post=3014"},{"taxonomy":"product_cat","embeddable":true,"href":"https:\/\/nembutalboutique.com\/it\/wp-json\/wp\/v2\/product_cat?post=3014"},{"taxonomy":"product_tag","embeddable":true,"href":"https:\/\/nembutalboutique.com\/it\/wp-json\/wp\/v2\/product_tag?post=3014"}],"curies":[{"name":"wp","href":"https:\/\/api.w.org\/{rel}","templated":true}]}}