{"id":3011,"date":"2024-09-16T08:14:16","date_gmt":"2024-09-16T08:14:16","guid":{"rendered":"https:\/\/nembutalboutique.com\/?post_type=product&#038;p=3011"},"modified":"2024-09-20T09:54:26","modified_gmt":"2024-09-20T09:54:26","slug":"th-php","status":"publish","type":"product","link":"https:\/\/nembutalboutique.com\/it\/prodotto\/acquistare-php\/","title":{"rendered":"TH-PHP"},"content":{"rendered":"<h2>Acquistare TH-PHP online.<\/h2>\n<p><a href=\"https:\/\/nembutalboutique.com\/produit\/th-php\/\">Acquisto di TH-PHP<\/a> via Internet: poich\u00e9 non sono disponibili informazioni precise sulla farmacologia, l'effetto tossicologico e l'effetto biochimico del th-PHP, il suo consumo da parte dell'uomo pu\u00f2 essere dannoso. Per la ricerca sulle sostanze chimiche di sintesi sono autorizzati solo usi ragionevoli e scientifici.<\/p>\n<p>I clienti che hanno recentemente utilizzato th-PHP hanno condiviso esperienze sorprendenti e inaspettate. I clienti hanno apprezzato l'aumento dell'entusiasmo e dell'energia. Sembrava in ottima salute ed era piuttosto piacevole. Ulteriori effetti del th-PHP sono la schw\u00e4chtheit, l'aumento della sudorazione e il potenziale miglioramento della vista e del movimento mentale.<\/p>\n<p>Acquistate TH-PHP da Nembutalboutique a un prezzo ragionevole. Prepariamo i migliori prodotti chimici per la ricerca e li distribuiamo in tutto il mondo. Concordato<\/p>\n<p>Ogni prodotto \u00e8 confezionato e spedito con cura per garantire la privacy e la sicurezza dei nostri clienti. Utilizziamo una serie di metodi di pagamento sicuri e sconti per gli acquisti pi\u00f9 consistenti.<\/p>\n<h3>Acquista TH-PHP su Nembutal: acquista ora, perch\u00e9 la qualit\u00e0 \u00e8 importante!<\/h3>\n<p>Per acquistare <a href=\"https:\/\/en.wikipedia.org\/wiki\/PHP\">TH-PHP<\/a> online dalle migliori aziende chimiche europee Prodotto professionalmente con almeno 98 % + Reinheit garantito. Forniamo il COA di ogni carica prodotta chimicamente durante la nostra ricerca!<\/p>\n<p>Materiali in TH-PHP<\/p>\n<h3>Contiene un minimo di 98 % di TH-PHP puro per unit\u00e0 di controllo.<\/h3>\n<p>Determinazione del TH-PHP<\/p>\n<p>Non esiste un dosaggio consigliato, poich\u00e9 il TH-PHP \u00e8 venduto solo per l'uso nella ricerca chimica scientifica e non \u00e8 destinato al consumo umano.<\/p>\n<p>Effetti della TH-PHP :<\/p>\n<p>Gli effetti clinici della maggior parte delle nuove droghe sintetiche, come il TH-PHP, possono essere classificati come stimolanti, allucinogeni o simili agli oppioidi.<\/p>\n<p>Effetti indesiderati della TH-PHP<br \/>\nCome per altre droghe sintetiche, l'uso del TH-PHP pu\u00f2 avere gravi effetti collaterali; la sostanza non \u00e8 stata testata clinicamente, ma \u00e8 comunque autorizzata come prodotto per i medici! Per questo motivo, il TH-PHP \u00e8 destinato solo alla ricerca scientifica e non all'uso umano!<\/p>\n<h3>Capire come memorizzare TH-PHP<\/h3>\n<p>Sospeso a TH-PHP-30 gradi Celsius. Conservare il TH-PHP nella confezione originale, al riparo dalla luce solare diretta e dall'umidit\u00e0.<\/p>","protected":false},"excerpt":{"rendered":"<p>Acheter du TH-PHP en ligne sur Internet. Acheter du TH-PHP via Internet : \u00c9tant donn\u00e9 que les informations pr\u00e9cises concernant la pharmacologie, l&rsquo;effet toxicologique et l&rsquo;effet biochimique du th-PHP ne sont pas facilement disponibles, sa consommation par l&rsquo;homme peut \u00eatre nocive. Seules les utilisations raisonnables et scientifiques sont autoris\u00e9es pour la recherche sur les produits [&hellip;]<\/p>","protected":false},"featured_media":3037,"comment_status":"open","ping_status":"closed","template":"","meta":{"_joinchat":[]},"product_brand":[],"product_cat":[385],"product_tag":[],"class_list":{"0":"post-3011","1":"product","2":"type-product","3":"status-publish","4":"has-post-thumbnail","6":"product_cat-forschung-schemikalien","8":"first","9":"instock","10":"shipping-taxable","11":"purchasable","12":"product-type-variable"},"yoast_head":"<!-- This site is optimized with the Yoast SEO plugin v23.5 - https:\/\/yoast.com\/wordpress\/plugins\/seo\/ -->\n<title>Acheter TH-PHP en ligne - TH-PHP \u00e0 vendre<\/title>\n<meta name=\"description\" content=\"Nous sommes le magasin leader proposant la vente de TH-PHP. Si vous souhaitez acheter TH-PHP, contactez-nous imm\u00e9diatement et faites livrer votre commande. Commandez maintenant !\" \/>\n<meta name=\"robots\" content=\"index, follow, max-snippet:-1, max-image-preview:large, max-video-preview:-1\" \/>\n<link rel=\"canonical\" href=\"https:\/\/nembutalboutique.com\/it\/prodotto\/acquistare-php\/\" \/>\n<meta property=\"og:locale\" content=\"it_IT\" \/>\n<meta property=\"og:type\" content=\"article\" \/>\n<meta property=\"og:title\" content=\"Acheter TH-PHP en ligne - TH-PHP \u00e0 vendre\" \/>\n<meta property=\"og:description\" content=\"Nous sommes le magasin leader proposant la vente de TH-PHP. Si vous souhaitez acheter TH-PHP, contactez-nous imm\u00e9diatement et faites livrer votre commande. Commandez maintenant !\" \/>\n<meta property=\"og:url\" content=\"https:\/\/nembutalboutique.com\/it\/prodotto\/acquistare-php\/\" \/>\n<meta property=\"og:site_name\" content=\"Nembutal Boutique\" \/>\n<meta property=\"article:modified_time\" content=\"2024-09-20T09:54:26+00:00\" \/>\n<meta property=\"og:image\" content=\"https:\/\/nembutalboutique.com\/wp-content\/uploads\/2024\/09\/TH-PHP.gif\" \/>\n\t<meta property=\"og:image:width\" content=\"600\" \/>\n\t<meta property=\"og:image:height\" content=\"600\" \/>\n\t<meta property=\"og:image:type\" content=\"image\/gif\" \/>\n<meta name=\"twitter:card\" content=\"summary_large_image\" \/>\n<meta name=\"twitter:label1\" content=\"Tempo di lettura stimato\" \/>\n\t<meta name=\"twitter:data1\" content=\"2 minuti\" \/>\n<script type=\"application\/ld+json\" class=\"yoast-schema-graph\">{\"@context\":\"https:\/\/schema.org\",\"@graph\":[{\"@type\":\"WebPage\",\"@id\":\"https:\/\/nembutalboutique.com\/produit\/th-php\/\",\"url\":\"https:\/\/nembutalboutique.com\/produit\/th-php\/\",\"name\":\"Acheter TH-PHP en ligne - TH-PHP \u00e0 vendre\",\"isPartOf\":{\"@id\":\"https:\/\/nembutalboutique.com\/#website\"},\"primaryImageOfPage\":{\"@id\":\"https:\/\/nembutalboutique.com\/produit\/th-php\/#primaryimage\"},\"image\":{\"@id\":\"https:\/\/nembutalboutique.com\/produit\/th-php\/#primaryimage\"},\"thumbnailUrl\":\"https:\/\/nembutalboutique.com\/wp-content\/uploads\/2024\/09\/TH-PHP.gif\",\"datePublished\":\"2024-09-16T08:14:16+00:00\",\"dateModified\":\"2024-09-20T09:54:26+00:00\",\"description\":\"Nous sommes le magasin leader proposant la vente de TH-PHP. Si vous souhaitez acheter TH-PHP, contactez-nous imm\u00e9diatement et faites livrer votre commande. Commandez maintenant !\",\"breadcrumb\":{\"@id\":\"https:\/\/nembutalboutique.com\/produit\/th-php\/#breadcrumb\"},\"inLanguage\":\"it-IT\",\"potentialAction\":[{\"@type\":\"ReadAction\",\"target\":[\"https:\/\/nembutalboutique.com\/produit\/th-php\/\"]}]},{\"@type\":\"ImageObject\",\"inLanguage\":\"it-IT\",\"@id\":\"https:\/\/nembutalboutique.com\/produit\/th-php\/#primaryimage\",\"url\":\"https:\/\/nembutalboutique.com\/wp-content\/uploads\/2024\/09\/TH-PHP.gif\",\"contentUrl\":\"https:\/\/nembutalboutique.com\/wp-content\/uploads\/2024\/09\/TH-PHP.gif\",\"width\":600,\"height\":600,\"caption\":\"acheter TH-PHP.gif\"},{\"@type\":\"BreadcrumbList\",\"@id\":\"https:\/\/nembutalboutique.com\/produit\/th-php\/#breadcrumb\",\"itemListElement\":[{\"@type\":\"ListItem\",\"position\":1,\"name\":\"Home\",\"item\":\"https:\/\/nembutalboutique.com\/\"},{\"@type\":\"ListItem\",\"position\":2,\"name\":\"Boutique\",\"item\":\"https:\/\/nembutalboutique.com\/shop\/\"},{\"@type\":\"ListItem\",\"position\":3,\"name\":\"TH-PHP\"}]},{\"@type\":\"WebSite\",\"@id\":\"https:\/\/nembutalboutique.com\/#website\",\"url\":\"https:\/\/nembutalboutique.com\/\",\"name\":\"Nembutal Boutique\",\"description\":\"My WordPress Blog\",\"publisher\":{\"@id\":\"https:\/\/nembutalboutique.com\/#organization\"},\"potentialAction\":[{\"@type\":\"SearchAction\",\"target\":{\"@type\":\"EntryPoint\",\"urlTemplate\":\"https:\/\/nembutalboutique.com\/?s={search_term_string}\"},\"query-input\":{\"@type\":\"PropertyValueSpecification\",\"valueRequired\":true,\"valueName\":\"search_term_string\"}}],\"inLanguage\":\"it-IT\"},{\"@type\":\"Organization\",\"@id\":\"https:\/\/nembutalboutique.com\/#organization\",\"name\":\"Nembutal Boutique\",\"url\":\"https:\/\/nembutalboutique.com\/\",\"logo\":{\"@type\":\"ImageObject\",\"inLanguage\":\"it-IT\",\"@id\":\"https:\/\/nembutalboutique.com\/#\/schema\/logo\/image\/\",\"url\":\"https:\/\/nembutalboutique.com\/wp-content\/uploads\/2024\/01\/logo.png\",\"contentUrl\":\"https:\/\/nembutalboutique.com\/wp-content\/uploads\/2024\/01\/logo.png\",\"width\":494,\"height\":121,\"caption\":\"Nembutal Boutique\"},\"image\":{\"@id\":\"https:\/\/nembutalboutique.com\/#\/schema\/logo\/image\/\"}}]}<\/script>\n<!-- \/ Yoast SEO plugin. -->","yoast_head_json":{"title":"Acquistare TH-PHP online - TH-PHP in vendita","description":"Siamo il negozio leader nella vendita di TH-PHP. Se desiderate acquistare TH-PHP, contattateci immediatamente e fatevi consegnare il vostro ordine. Ordinate ora!","robots":{"index":"index","follow":"follow","max-snippet":"max-snippet:-1","max-image-preview":"max-image-preview:large","max-video-preview":"max-video-preview:-1"},"canonical":"https:\/\/nembutalboutique.com\/it\/prodotto\/acquistare-php\/","og_locale":"it_IT","og_type":"article","og_title":"Acheter TH-PHP en ligne - TH-PHP \u00e0 vendre","og_description":"Nous sommes le magasin leader proposant la vente de TH-PHP. Si vous souhaitez acheter TH-PHP, contactez-nous imm\u00e9diatement et faites livrer votre commande. Commandez maintenant !","og_url":"https:\/\/nembutalboutique.com\/it\/prodotto\/acquistare-php\/","og_site_name":"Nembutal Boutique","article_modified_time":"2024-09-20T09:54:26+00:00","og_image":[{"width":600,"height":600,"url":"https:\/\/nembutalboutique.com\/wp-content\/uploads\/2024\/09\/TH-PHP.gif","type":"image\/gif"}],"twitter_card":"summary_large_image","twitter_misc":{"Tempo di lettura stimato":"2 minuti"},"schema":{"@context":"https:\/\/schema.org","@graph":[{"@type":"WebPage","@id":"https:\/\/nembutalboutique.com\/produit\/th-php\/","url":"https:\/\/nembutalboutique.com\/produit\/th-php\/","name":"Acquistare TH-PHP online - TH-PHP in vendita","isPartOf":{"@id":"https:\/\/nembutalboutique.com\/#website"},"primaryImageOfPage":{"@id":"https:\/\/nembutalboutique.com\/produit\/th-php\/#primaryimage"},"image":{"@id":"https:\/\/nembutalboutique.com\/produit\/th-php\/#primaryimage"},"thumbnailUrl":"https:\/\/nembutalboutique.com\/wp-content\/uploads\/2024\/09\/TH-PHP.gif","datePublished":"2024-09-16T08:14:16+00:00","dateModified":"2024-09-20T09:54:26+00:00","description":"Siamo il negozio leader nella vendita di TH-PHP. Se desiderate acquistare TH-PHP, contattateci immediatamente e fatevi consegnare il vostro ordine. Ordinate ora!","breadcrumb":{"@id":"https:\/\/nembutalboutique.com\/produit\/th-php\/#breadcrumb"},"inLanguage":"it-IT","potentialAction":[{"@type":"ReadAction","target":["https:\/\/nembutalboutique.com\/produit\/th-php\/"]}]},{"@type":"ImageObject","inLanguage":"it-IT","@id":"https:\/\/nembutalboutique.com\/produit\/th-php\/#primaryimage","url":"https:\/\/nembutalboutique.com\/wp-content\/uploads\/2024\/09\/TH-PHP.gif","contentUrl":"https:\/\/nembutalboutique.com\/wp-content\/uploads\/2024\/09\/TH-PHP.gif","width":600,"height":600,"caption":"acheter TH-PHP.gif"},{"@type":"BreadcrumbList","@id":"https:\/\/nembutalboutique.com\/produit\/th-php\/#breadcrumb","itemListElement":[{"@type":"ListItem","position":1,"name":"Home","item":"https:\/\/nembutalboutique.com\/"},{"@type":"ListItem","position":2,"name":"Boutique","item":"https:\/\/nembutalboutique.com\/shop\/"},{"@type":"ListItem","position":3,"name":"TH-PHP"}]},{"@type":"WebSite","@id":"https:\/\/nembutalboutique.com\/#website","url":"https:\/\/nembutalboutique.com\/","name":"Boutique del Nembutal","description":"Il mio blog WordPress","publisher":{"@id":"https:\/\/nembutalboutique.com\/#organization"},"potentialAction":[{"@type":"SearchAction","target":{"@type":"EntryPoint","urlTemplate":"https:\/\/nembutalboutique.com\/?s={search_term_string}"},"query-input":{"@type":"PropertyValueSpecification","valueRequired":true,"valueName":"search_term_string"}}],"inLanguage":"it-IT"},{"@type":"Organization","@id":"https:\/\/nembutalboutique.com\/#organization","name":"Boutique del Nembutal","url":"https:\/\/nembutalboutique.com\/","logo":{"@type":"ImageObject","inLanguage":"it-IT","@id":"https:\/\/nembutalboutique.com\/#\/schema\/logo\/image\/","url":"https:\/\/nembutalboutique.com\/wp-content\/uploads\/2024\/01\/logo.png","contentUrl":"https:\/\/nembutalboutique.com\/wp-content\/uploads\/2024\/01\/logo.png","width":494,"height":121,"caption":"Nembutal Boutique"},"image":{"@id":"https:\/\/nembutalboutique.com\/#\/schema\/logo\/image\/"}}]}},"_links":{"self":[{"href":"https:\/\/nembutalboutique.com\/it\/wp-json\/wp\/v2\/product\/3011"}],"collection":[{"href":"https:\/\/nembutalboutique.com\/it\/wp-json\/wp\/v2\/product"}],"about":[{"href":"https:\/\/nembutalboutique.com\/it\/wp-json\/wp\/v2\/types\/product"}],"replies":[{"embeddable":true,"href":"https:\/\/nembutalboutique.com\/it\/wp-json\/wp\/v2\/comments?post=3011"}],"wp:featuredmedia":[{"embeddable":true,"href":"https:\/\/nembutalboutique.com\/it\/wp-json\/wp\/v2\/media\/3037"}],"wp:attachment":[{"href":"https:\/\/nembutalboutique.com\/it\/wp-json\/wp\/v2\/media?parent=3011"}],"wp:term":[{"taxonomy":"product_brand","embeddable":true,"href":"https:\/\/nembutalboutique.com\/it\/wp-json\/wp\/v2\/product_brand?post=3011"},{"taxonomy":"product_cat","embeddable":true,"href":"https:\/\/nembutalboutique.com\/it\/wp-json\/wp\/v2\/product_cat?post=3011"},{"taxonomy":"product_tag","embeddable":true,"href":"https:\/\/nembutalboutique.com\/it\/wp-json\/wp\/v2\/product_tag?post=3011"}],"curies":[{"name":"wp","href":"https:\/\/api.w.org\/{rel}","templated":true}]}}