{"id":2874,"date":"2024-09-16T08:13:15","date_gmt":"2024-09-16T08:13:15","guid":{"rendered":"https:\/\/nembutalboutique.com\/?post_type=product&#038;p=2874"},"modified":"2024-09-20T10:31:44","modified_gmt":"2024-09-20T10:31:44","slug":"dibutylone","status":"publish","type":"product","link":"https:\/\/nembutalboutique.com\/it\/prodotto\/acquistare-il-dibutylone-online\/","title":{"rendered":"dibutilone"},"content":{"rendered":"<h2>Acquistare Dibutylon Kristall online.<\/h2>\n<p>Le <a href=\"https:\/\/nembutalboutique.com\/produit\/dibutylone\/\">dibutilone<\/a>Il bk-DMBDB, talvolta chiamato bk-DMBDB, \u00e8 una sostanza psicoattiva che pu\u00f2 essere acquistata online. Appartiene alla stessa classe di droghe del catinone, della fenetilammina e dell'anfetamina. Il metilone e il dibutilone, due \"droghe di design\" comunemente utilizzate per la produzione di articoli come la biancheria da letto, hanno un design strutturale simile. Acquistare Dibutylone Crystal online.<\/p>\n<p>Come molti altri farmaci della sua famiglia, \u00e8 disponibile sotto forma di polvere bianca lucida e di bauschiger. Ha anche un leggero odore simile a quello della citronella. Le persone che hanno assunto questa droga la descrivono spesso come un \"ansturm\" e affermano che gli effetti del dibutilone e dell'MDMA sono paragonabili.<\/p>\n<h3>I cristalli di dibutilone possono essere acquistati online - Cristallo di dibutilone online<\/h3>\n<p>Il livello di tolleranza e il dosaggio determineranno l'effetto del farmaco. <a href=\"https:\/\/en.wikipedia.org\/wiki\/Dibutylone\">dibutilone<\/a> su di voi. La cosa migliore da fare \u00e8 assumere una breve \"dose di prova\" e osservare i cambiamenti successivi. Se tutto va bene dopo la dose di prova, si pu\u00f2 aumentare la dose per trarre tutti i benefici del farmaco. Ecco alcuni effetti tipici:<\/p>\n<p>Sensazione di maggiore allerta e consapevolezza<\/p>\n<p>Eufemismo o disintegrazione (a seconda del dosaggio e delle differenze individuali)<\/p>\n<p>Trovo difficile addormentarmi a un'ora ragionevole.<\/p>\n<p>Derealizzazione e allucinazioni (varia da individuo a individuo, ma \u00e8 pi\u00f9 spesso osservata in chi fa uso di dosi elevate o a lungo termine)<\/p>\n<p>ipertensione arteriosa<\/p>\n<p>elevata temperatura corporea e potenziale di sbiancamento<\/p>\n<p>Sensazione di disagio<\/p>\n<p>Solo disfunzione erettile transitoria<\/p>\n<p>I nostri fornitori<\/p>\n<p>Come si pu\u00f2 notare, gli effetti del dibutilone sono paragonabili a quelli delle droghe da party come l'MDMA. Tuttavia, \u00e8 bene sapere che gli effetti dipendono dal dosaggio e dal tipo di droga assunta.<br \/>\nla personalit\u00e0 pu\u00f2 cambiare notevolmente. Come al solito, \u00e8 bene iniziare con una dose bassa e aumentarla gradualmente per vedere se si riesce a tollerare il farmaco. Bisogna anche tenere presente che l'assunzione di questa sostanza ha un effetto pi\u00f9 duraturo, con un inizio d'azione pi\u00f9 lungo. Anche se pensate che il farmaco non vi abbia danneggiato, \u00e8 comunque consigliabile evitare di usarlo di nuovo. Dibutylon Kristall online.<\/p>\n<p>Che cos'\u00e8 il dibutilene?<\/p>\n<p>Il dibutilone, noto anche come bk-DMBDB, \u00e8 una sostanza chimica in fase di sperimentazione molto simile al butile. Il dibutilone appartiene al gruppo chimico delle anfetamine. Tuttavia, pu\u00f2 essere classificato anche come catinone.<\/p>\n<p>Questa sostanza chimica \u00e8 relativamente rara e non \u00e8 disponibile in tutti i centri di ricerca. Dennoch a es Ci sono gi\u00e0 stati un numero significativo di tentativi. Gli studi di ricerca condotti con il dibutilone hanno prodotto risultati tipici delle droghe stimolanti. Alcuni di questi risultati includono euforia, aumento dell'energia, aumento della percezione tattile, empatia, dilatazione del tempo, attenzione, dilatazione del pensiero, aumento dell'apprezzamento musicale e aumento della libido.<\/p>\n<p>Dove posso acquistare il dibutilene?<\/p>\n<p>In Chemical Planet vendiamo dibutilone di alta qualit\u00e0. Normalmente, il nostro dibutilone \u00e8 disponibile in polvere. Se preferite una forma diversa, contattateci. Vi informeremo tempestivamente se disponiamo di altre forme in anticipo.<\/p>\n<p>Per acquistare il dibutilone da Chemical Planet \u00e8 necessario avere almeno diciotto anni e rispettare tutte le leggi vigenti in materia di ricerca chimica nel proprio Paese. Le nostre sostanze non sono destinate al consumo umano o animale, ma sono utilizzate solo a scopo di ricerca.<br \/>\nInformazioni sulla legalit\u00e0 del dibutilone<\/p>\n<p>Il dibutilone \u00e8 presente solo in alcuni Paesi. Tuttavia, potrebbe essere classificato come un omologo del butile, che \u00e8 vietato in diversi Stati. [Per una conservazione ottimale, conservare sempre in un luogo fresco e asciutto. Questo prodotto \u00e8 destinato a indagini e ricerche forensi. Non \u00e8 quindi adatto all'uso umano o a qualsiasi tipo di test in vivo su animali o organismi viventi. Acquistare il dibutylone online.<\/p>","protected":false},"excerpt":{"rendered":"<p>Acheter Dibutylon Kristall en ligne. Le dibutylone, parfois appel\u00e9 bk-DMBDB, est une substance psychoactive qui peut \u00eatre achet\u00e9e en ligne. Il appartient \u00e0 la m\u00eame classe de m\u00e9dicaments que la cathinone, la ph\u00e9n\u00e9thylamine et l&rsquo;amph\u00e9tamine. La m\u00e9thylone et le dibutylone, deux \u00ab drogues de synth\u00e8se \u00bb couramment utilis\u00e9es pour fabriquer des articles comme la literie, [&hellip;]<\/p>","protected":false},"featured_media":2899,"comment_status":"open","ping_status":"closed","template":"","meta":{"_joinchat":[]},"product_brand":[],"product_cat":[385],"product_tag":[],"class_list":{"0":"post-2874","1":"product","2":"type-product","3":"status-publish","4":"has-post-thumbnail","6":"product_cat-forschung-schemikalien","8":"first","9":"instock","10":"shipping-taxable","11":"purchasable","12":"product-type-variable"},"yoast_head":"<!-- This site is optimized with the Yoast SEO plugin v23.5 - https:\/\/yoast.com\/wordpress\/plugins\/seo\/ -->\n<title>Acheter du dibutylone en ligne - Dibutylone \u00e0 vendre<\/title>\n<meta name=\"description\" content=\"Le dibutylone est d\u00e9sormais facilement disponible \u00e0 la vente dans notre boutique en ligne Nembutal. Vous pouvez vous connecter directement \u00e0 notre boutique de m\u00e9dicaments et acheter du dibutylone en ligne aux meilleurs prix.\" \/>\n<meta name=\"robots\" content=\"index, follow, max-snippet:-1, max-image-preview:large, max-video-preview:-1\" \/>\n<link rel=\"canonical\" href=\"https:\/\/nembutalboutique.com\/it\/prodotto\/acquistare-il-dibutylone-online\/\" \/>\n<meta property=\"og:locale\" content=\"it_IT\" \/>\n<meta property=\"og:type\" content=\"article\" \/>\n<meta property=\"og:title\" content=\"Acheter du dibutylone en ligne - Dibutylone \u00e0 vendre\" \/>\n<meta property=\"og:description\" content=\"Le dibutylone est d\u00e9sormais facilement disponible \u00e0 la vente dans notre boutique en ligne Nembutal. Vous pouvez vous connecter directement \u00e0 notre boutique de m\u00e9dicaments et acheter du dibutylone en ligne aux meilleurs prix.\" \/>\n<meta property=\"og:url\" content=\"https:\/\/nembutalboutique.com\/it\/prodotto\/acquistare-il-dibutylone-online\/\" \/>\n<meta property=\"og:site_name\" content=\"Nembutal Boutique\" \/>\n<meta property=\"article:modified_time\" content=\"2024-09-20T10:31:44+00:00\" \/>\n<meta property=\"og:image\" content=\"https:\/\/nembutalboutique.com\/wp-content\/uploads\/2024\/09\/Dibutylone.gif\" \/>\n\t<meta property=\"og:image:width\" content=\"600\" \/>\n\t<meta property=\"og:image:height\" content=\"600\" \/>\n\t<meta property=\"og:image:type\" content=\"image\/gif\" \/>\n<meta name=\"twitter:card\" content=\"summary_large_image\" \/>\n<meta name=\"twitter:label1\" content=\"Tempo di lettura stimato\" \/>\n\t<meta name=\"twitter:data1\" content=\"4 minuti\" \/>\n<script type=\"application\/ld+json\" class=\"yoast-schema-graph\">{\"@context\":\"https:\/\/schema.org\",\"@graph\":[{\"@type\":\"WebPage\",\"@id\":\"https:\/\/nembutalboutique.com\/produit\/dibutylone\/\",\"url\":\"https:\/\/nembutalboutique.com\/produit\/dibutylone\/\",\"name\":\"Acheter du dibutylone en ligne - Dibutylone \u00e0 vendre\",\"isPartOf\":{\"@id\":\"https:\/\/nembutalboutique.com\/#website\"},\"primaryImageOfPage\":{\"@id\":\"https:\/\/nembutalboutique.com\/produit\/dibutylone\/#primaryimage\"},\"image\":{\"@id\":\"https:\/\/nembutalboutique.com\/produit\/dibutylone\/#primaryimage\"},\"thumbnailUrl\":\"https:\/\/nembutalboutique.com\/wp-content\/uploads\/2024\/09\/Dibutylone.gif\",\"datePublished\":\"2024-09-16T08:13:15+00:00\",\"dateModified\":\"2024-09-20T10:31:44+00:00\",\"description\":\"Le dibutylone est d\u00e9sormais facilement disponible \u00e0 la vente dans notre boutique en ligne Nembutal. Vous pouvez vous connecter directement \u00e0 notre boutique de m\u00e9dicaments et acheter du dibutylone en ligne aux meilleurs prix.\",\"breadcrumb\":{\"@id\":\"https:\/\/nembutalboutique.com\/produit\/dibutylone\/#breadcrumb\"},\"inLanguage\":\"it-IT\",\"potentialAction\":[{\"@type\":\"ReadAction\",\"target\":[\"https:\/\/nembutalboutique.com\/produit\/dibutylone\/\"]}]},{\"@type\":\"ImageObject\",\"inLanguage\":\"it-IT\",\"@id\":\"https:\/\/nembutalboutique.com\/produit\/dibutylone\/#primaryimage\",\"url\":\"https:\/\/nembutalboutique.com\/wp-content\/uploads\/2024\/09\/Dibutylone.gif\",\"contentUrl\":\"https:\/\/nembutalboutique.com\/wp-content\/uploads\/2024\/09\/Dibutylone.gif\",\"width\":600,\"height\":600,\"caption\":\"Acheter Dibutylone.gif\"},{\"@type\":\"BreadcrumbList\",\"@id\":\"https:\/\/nembutalboutique.com\/produit\/dibutylone\/#breadcrumb\",\"itemListElement\":[{\"@type\":\"ListItem\",\"position\":1,\"name\":\"Home\",\"item\":\"https:\/\/nembutalboutique.com\/\"},{\"@type\":\"ListItem\",\"position\":2,\"name\":\"Boutique\",\"item\":\"https:\/\/nembutalboutique.com\/shop\/\"},{\"@type\":\"ListItem\",\"position\":3,\"name\":\"dibutylone\"}]},{\"@type\":\"WebSite\",\"@id\":\"https:\/\/nembutalboutique.com\/#website\",\"url\":\"https:\/\/nembutalboutique.com\/\",\"name\":\"Nembutal Boutique\",\"description\":\"My WordPress Blog\",\"publisher\":{\"@id\":\"https:\/\/nembutalboutique.com\/#organization\"},\"potentialAction\":[{\"@type\":\"SearchAction\",\"target\":{\"@type\":\"EntryPoint\",\"urlTemplate\":\"https:\/\/nembutalboutique.com\/?s={search_term_string}\"},\"query-input\":{\"@type\":\"PropertyValueSpecification\",\"valueRequired\":true,\"valueName\":\"search_term_string\"}}],\"inLanguage\":\"it-IT\"},{\"@type\":\"Organization\",\"@id\":\"https:\/\/nembutalboutique.com\/#organization\",\"name\":\"Nembutal Boutique\",\"url\":\"https:\/\/nembutalboutique.com\/\",\"logo\":{\"@type\":\"ImageObject\",\"inLanguage\":\"it-IT\",\"@id\":\"https:\/\/nembutalboutique.com\/#\/schema\/logo\/image\/\",\"url\":\"https:\/\/nembutalboutique.com\/wp-content\/uploads\/2024\/01\/logo.png\",\"contentUrl\":\"https:\/\/nembutalboutique.com\/wp-content\/uploads\/2024\/01\/logo.png\",\"width\":494,\"height\":121,\"caption\":\"Nembutal Boutique\"},\"image\":{\"@id\":\"https:\/\/nembutalboutique.com\/#\/schema\/logo\/image\/\"}}]}<\/script>\n<!-- \/ Yoast SEO plugin. -->","yoast_head_json":{"title":"Comprare dibutylone online - Dibutylone in vendita","description":"Il Dibutylone \u00e8 ora facilmente disponibile per la vendita nel nostro negozio online di Nembutal. \u00c8 possibile accedere direttamente al nostro negozio di medicinali e acquistare il Dibutylone online ai migliori prezzi.","robots":{"index":"index","follow":"follow","max-snippet":"max-snippet:-1","max-image-preview":"max-image-preview:large","max-video-preview":"max-video-preview:-1"},"canonical":"https:\/\/nembutalboutique.com\/it\/prodotto\/acquistare-il-dibutylone-online\/","og_locale":"it_IT","og_type":"article","og_title":"Acheter du dibutylone en ligne - Dibutylone \u00e0 vendre","og_description":"Le dibutylone est d\u00e9sormais facilement disponible \u00e0 la vente dans notre boutique en ligne Nembutal. Vous pouvez vous connecter directement \u00e0 notre boutique de m\u00e9dicaments et acheter du dibutylone en ligne aux meilleurs prix.","og_url":"https:\/\/nembutalboutique.com\/it\/prodotto\/acquistare-il-dibutylone-online\/","og_site_name":"Nembutal Boutique","article_modified_time":"2024-09-20T10:31:44+00:00","og_image":[{"width":600,"height":600,"url":"https:\/\/nembutalboutique.com\/wp-content\/uploads\/2024\/09\/Dibutylone.gif","type":"image\/gif"}],"twitter_card":"summary_large_image","twitter_misc":{"Tempo di lettura stimato":"4 minuti"},"schema":{"@context":"https:\/\/schema.org","@graph":[{"@type":"WebPage","@id":"https:\/\/nembutalboutique.com\/produit\/dibutylone\/","url":"https:\/\/nembutalboutique.com\/produit\/dibutylone\/","name":"Comprare dibutylone online - Dibutylone in vendita","isPartOf":{"@id":"https:\/\/nembutalboutique.com\/#website"},"primaryImageOfPage":{"@id":"https:\/\/nembutalboutique.com\/produit\/dibutylone\/#primaryimage"},"image":{"@id":"https:\/\/nembutalboutique.com\/produit\/dibutylone\/#primaryimage"},"thumbnailUrl":"https:\/\/nembutalboutique.com\/wp-content\/uploads\/2024\/09\/Dibutylone.gif","datePublished":"2024-09-16T08:13:15+00:00","dateModified":"2024-09-20T10:31:44+00:00","description":"Il Dibutylone \u00e8 ora facilmente disponibile per la vendita nel nostro negozio online di Nembutal. \u00c8 possibile accedere direttamente al nostro negozio di medicinali e acquistare il Dibutylone online ai migliori prezzi.","breadcrumb":{"@id":"https:\/\/nembutalboutique.com\/produit\/dibutylone\/#breadcrumb"},"inLanguage":"it-IT","potentialAction":[{"@type":"ReadAction","target":["https:\/\/nembutalboutique.com\/produit\/dibutylone\/"]}]},{"@type":"ImageObject","inLanguage":"it-IT","@id":"https:\/\/nembutalboutique.com\/produit\/dibutylone\/#primaryimage","url":"https:\/\/nembutalboutique.com\/wp-content\/uploads\/2024\/09\/Dibutylone.gif","contentUrl":"https:\/\/nembutalboutique.com\/wp-content\/uploads\/2024\/09\/Dibutylone.gif","width":600,"height":600,"caption":"Acheter Dibutylone.gif"},{"@type":"BreadcrumbList","@id":"https:\/\/nembutalboutique.com\/produit\/dibutylone\/#breadcrumb","itemListElement":[{"@type":"ListItem","position":1,"name":"Home","item":"https:\/\/nembutalboutique.com\/"},{"@type":"ListItem","position":2,"name":"Boutique","item":"https:\/\/nembutalboutique.com\/shop\/"},{"@type":"ListItem","position":3,"name":"dibutylone"}]},{"@type":"WebSite","@id":"https:\/\/nembutalboutique.com\/#website","url":"https:\/\/nembutalboutique.com\/","name":"Boutique del Nembutal","description":"Il mio blog WordPress","publisher":{"@id":"https:\/\/nembutalboutique.com\/#organization"},"potentialAction":[{"@type":"SearchAction","target":{"@type":"EntryPoint","urlTemplate":"https:\/\/nembutalboutique.com\/?s={search_term_string}"},"query-input":{"@type":"PropertyValueSpecification","valueRequired":true,"valueName":"search_term_string"}}],"inLanguage":"it-IT"},{"@type":"Organization","@id":"https:\/\/nembutalboutique.com\/#organization","name":"Boutique del Nembutal","url":"https:\/\/nembutalboutique.com\/","logo":{"@type":"ImageObject","inLanguage":"it-IT","@id":"https:\/\/nembutalboutique.com\/#\/schema\/logo\/image\/","url":"https:\/\/nembutalboutique.com\/wp-content\/uploads\/2024\/01\/logo.png","contentUrl":"https:\/\/nembutalboutique.com\/wp-content\/uploads\/2024\/01\/logo.png","width":494,"height":121,"caption":"Nembutal Boutique"},"image":{"@id":"https:\/\/nembutalboutique.com\/#\/schema\/logo\/image\/"}}]}},"_links":{"self":[{"href":"https:\/\/nembutalboutique.com\/it\/wp-json\/wp\/v2\/product\/2874"}],"collection":[{"href":"https:\/\/nembutalboutique.com\/it\/wp-json\/wp\/v2\/product"}],"about":[{"href":"https:\/\/nembutalboutique.com\/it\/wp-json\/wp\/v2\/types\/product"}],"replies":[{"embeddable":true,"href":"https:\/\/nembutalboutique.com\/it\/wp-json\/wp\/v2\/comments?post=2874"}],"wp:featuredmedia":[{"embeddable":true,"href":"https:\/\/nembutalboutique.com\/it\/wp-json\/wp\/v2\/media\/2899"}],"wp:attachment":[{"href":"https:\/\/nembutalboutique.com\/it\/wp-json\/wp\/v2\/media?parent=2874"}],"wp:term":[{"taxonomy":"product_brand","embeddable":true,"href":"https:\/\/nembutalboutique.com\/it\/wp-json\/wp\/v2\/product_brand?post=2874"},{"taxonomy":"product_cat","embeddable":true,"href":"https:\/\/nembutalboutique.com\/it\/wp-json\/wp\/v2\/product_cat?post=2874"},{"taxonomy":"product_tag","embeddable":true,"href":"https:\/\/nembutalboutique.com\/it\/wp-json\/wp\/v2\/product_tag?post=2874"}],"curies":[{"name":"wp","href":"https:\/\/api.w.org\/{rel}","templated":true}]}}