{"id":2824,"date":"2024-09-16T08:12:45","date_gmt":"2024-09-16T08:12:45","guid":{"rendered":"https:\/\/nembutalboutique.com\/?post_type=product&#038;p=2824"},"modified":"2024-09-20T10:33:52","modified_gmt":"2024-09-20T10:33:52","slug":"bk-ebdp","status":"publish","type":"product","link":"https:\/\/nembutalboutique.com\/it\/prodotto\/comprare-bk-ebdp-online\/","title":{"rendered":"BK-EBDP"},"content":{"rendered":"<h2>ACQUISTA BK-EBDP online,<\/h2>\n<p>Una nuova strategia per la ricerca e la stimolazione \u00e8 la <a href=\"https:\/\/nembutalboutique.com\/produit\/bk-ebdp\/\">BK-EBDP<\/a>. Sebbene abbia una rigidit\u00e0 di lavoro molto pi\u00f9 elevata rispetto alla sua controparte Methylon, \u00e8 comunque paragonabile a quest'ultima. L'Ephylon, noto anche come bk-EBDP, \u00e8 una sostanza psicoattiva appartenente alla classe chimica delle fenetilamine. Viene utilizzata come stimolante, psichedelico ed entactogeno. Si ritiene che Alexander Shulgin sia stato il primo a sintetizzarla. \u00c8 stata commercializzata anche con il nome di Ethyl-K.<\/p>\n<h3>A cosa serve il bk-EBDP?<\/h3>\n<p>Anche se non \u00e8 potente come altri stimolanti come l'MDMA, il Bk-EBDP \u00e8 noto per essere un leggero stimolante e un soppressore dell'appetito quando viene utilizzato. Le persone che vogliono provare una leggera euforia ma non vogliono impegnarsi in comportamenti coercitivi o involontari sono quelle che utilizzano questo metodo. Questo pu\u00f2 essere fatto attraverso i media. Crea un forte desiderio di attivit\u00e0 fisicamente impegnative e viene utilizzata da chi si dedica ad allenamenti ed esercizi intensi.<\/p>\n<p>Inoltre, stimola un consumo eccessivo di acqua. Sebbene non piaccia a tutti, pu\u00f2 aumentare l'appetito. Si sa che le persone la usano per scopi non medici per ottenere effetti come l'aumento dell'ego o il potenziamento emotivo.<\/p>\n<h3>Effetti collaterali di bk-EBDP<\/h3>\n<p>Le <a href=\"https:\/\/en.wikipedia.org\/wiki\/1,3-Benzodioxolyl-N-ethylpentanamine\">bk-EBDP<\/a> \u00e8 uno stimolante con effetti psichedelici ed entactogeni. Pu\u00f2 causare un comportamento leggermente irregolare, spesso descritto come un comportamento nervoso o eccitato all'accettazione. Pu\u00f2 migliorare il contatto fisico. Uno degli effetti collaterali del farmaco \u00e8 una lieve irritazione oculare, che si manifesta da una a due settimane dopo l'inizio del trattamento.<\/p>\n<p>Gli effetti fisici includono amputazioni degli arti, contrazioni in tutto il corpo e arti incontrollabili a causa della perdita della funzione motoria. Bere troppa acqua pu\u00f2 causare forti sbornie e perdita di appetito. Gli effetti collaterali includono aumento della frequenza cardiaca ed emorragie.<\/p>\n<p>Le disparit\u00e0 in materia di droga possono avere effetti dannosi.<\/p>\n<h3>Dosaggio e sovradosaggio di bk-EBDP<\/h3>\n<p>Le persone vogliono assumerne di pi\u00f9 perch\u00e9 il dosaggio abituale raramente copre l'intero spettro di effetti. Un sovradosaggio pu\u00f2 causare questi effetti collaterali e altri effetti indesiderati come gravi emorragie o, nel peggiore dei casi, persino la morte.<br \/>\nStato giuridico del bk-EBDP<br \/>\nLa maggior parte dei Paesi regolamenta la produzione, la distribuzione e la propriet\u00e0 di questi droni.<\/p>\n<h3>Dove posso acquistare bk-EBDP?<\/h3>\n<p>I farmaci di buona qualit\u00e0 sono disponibili in tutto il mondo sul nostro mercato farmaceutico online, a prezzi molto competitivi per laboratori, farmacie, centri di ricerca o singoli consumatori.<\/p>","protected":false},"excerpt":{"rendered":"<p>ACHETER BK-EBDP en ligne, Une nouvelle strat\u00e9gie de recherche et de stimulation est le BK-EBDP. Bien qu&rsquo;il ait une rigidit\u00e9 de travail beaucoup plus \u00e9lev\u00e9e que son homologue Methylon, il est n\u00e9anmoins comparable au Methylon. L&rsquo;Ephylon, \u00e9galement appel\u00e9 bk-EBDP, est une substance psychoactive qui appartient \u00e0 la classe chimique des ph\u00e9n\u00e9thylamines. Il est utilis\u00e9 comme [&hellip;]<\/p>","protected":false},"featured_media":2837,"comment_status":"open","ping_status":"closed","template":"","meta":{"_joinchat":[]},"product_brand":[],"product_cat":[386],"product_tag":[],"class_list":{"0":"post-2824","1":"product","2":"type-product","3":"status-publish","4":"has-post-thumbnail","6":"product_cat-cannabinoids","8":"first","9":"instock","10":"shipping-taxable","11":"purchasable","12":"product-type-variable"},"yoast_head":"<!-- This site is optimized with the Yoast SEO plugin v23.5 - https:\/\/yoast.com\/wordpress\/plugins\/seo\/ -->\n<title>EBDP \u00e0 vendre - Achetez EBDP en ligne - Commandez EBDP<\/title>\n<meta name=\"description\" content=\"Vous pouvez obtenir EBDP \u00e0 vendre aux meilleurs tarifs dans notre boutique en ligne. Nous sommes l\u00e0 pour vous aider \u00e0 acheter EBDP en ligne. Connectez-vous au meilleur magasin de la ville d\u00e8s aujourd&#039;hui\u00a0!\" \/>\n<meta name=\"robots\" content=\"index, follow, max-snippet:-1, max-image-preview:large, max-video-preview:-1\" \/>\n<link rel=\"canonical\" href=\"https:\/\/nembutalboutique.com\/it\/prodotto\/comprare-bk-ebdp-online\/\" \/>\n<meta property=\"og:locale\" content=\"it_IT\" \/>\n<meta property=\"og:type\" content=\"article\" \/>\n<meta property=\"og:title\" content=\"EBDP \u00e0 vendre - Achetez EBDP en ligne - Commandez EBDP\" \/>\n<meta property=\"og:description\" content=\"Vous pouvez obtenir EBDP \u00e0 vendre aux meilleurs tarifs dans notre boutique en ligne. Nous sommes l\u00e0 pour vous aider \u00e0 acheter EBDP en ligne. Connectez-vous au meilleur magasin de la ville d\u00e8s aujourd&#039;hui\u00a0!\" \/>\n<meta property=\"og:url\" content=\"https:\/\/nembutalboutique.com\/it\/prodotto\/comprare-bk-ebdp-online\/\" \/>\n<meta property=\"og:site_name\" content=\"Nembutal Boutique\" \/>\n<meta property=\"article:modified_time\" content=\"2024-09-20T10:33:52+00:00\" \/>\n<meta property=\"og:image\" content=\"https:\/\/nembutalboutique.com\/wp-content\/uploads\/2024\/09\/BK-EBDP.gif\" \/>\n\t<meta property=\"og:image:width\" content=\"600\" \/>\n\t<meta property=\"og:image:height\" content=\"600\" \/>\n\t<meta property=\"og:image:type\" content=\"image\/gif\" \/>\n<meta name=\"twitter:card\" content=\"summary_large_image\" \/>\n<meta name=\"twitter:label1\" content=\"Tempo di lettura stimato\" \/>\n\t<meta name=\"twitter:data1\" content=\"3 minuti\" \/>\n<script type=\"application\/ld+json\" class=\"yoast-schema-graph\">{\"@context\":\"https:\/\/schema.org\",\"@graph\":[{\"@type\":\"WebPage\",\"@id\":\"https:\/\/nembutalboutique.com\/produit\/bk-ebdp\/\",\"url\":\"https:\/\/nembutalboutique.com\/produit\/bk-ebdp\/\",\"name\":\"EBDP \u00e0 vendre - Achetez EBDP en ligne - Commandez EBDP\",\"isPartOf\":{\"@id\":\"https:\/\/nembutalboutique.com\/#website\"},\"primaryImageOfPage\":{\"@id\":\"https:\/\/nembutalboutique.com\/produit\/bk-ebdp\/#primaryimage\"},\"image\":{\"@id\":\"https:\/\/nembutalboutique.com\/produit\/bk-ebdp\/#primaryimage\"},\"thumbnailUrl\":\"https:\/\/nembutalboutique.com\/wp-content\/uploads\/2024\/09\/BK-EBDP.gif\",\"datePublished\":\"2024-09-16T08:12:45+00:00\",\"dateModified\":\"2024-09-20T10:33:52+00:00\",\"description\":\"Vous pouvez obtenir EBDP \u00e0 vendre aux meilleurs tarifs dans notre boutique en ligne. Nous sommes l\u00e0 pour vous aider \u00e0 acheter EBDP en ligne. Connectez-vous au meilleur magasin de la ville d\u00e8s aujourd'hui\u00a0!\",\"breadcrumb\":{\"@id\":\"https:\/\/nembutalboutique.com\/produit\/bk-ebdp\/#breadcrumb\"},\"inLanguage\":\"it-IT\",\"potentialAction\":[{\"@type\":\"ReadAction\",\"target\":[\"https:\/\/nembutalboutique.com\/produit\/bk-ebdp\/\"]}]},{\"@type\":\"ImageObject\",\"inLanguage\":\"it-IT\",\"@id\":\"https:\/\/nembutalboutique.com\/produit\/bk-ebdp\/#primaryimage\",\"url\":\"https:\/\/nembutalboutique.com\/wp-content\/uploads\/2024\/09\/BK-EBDP.gif\",\"contentUrl\":\"https:\/\/nembutalboutique.com\/wp-content\/uploads\/2024\/09\/BK-EBDP.gif\",\"width\":600,\"height\":600,\"caption\":\"Acheter BK-EBDP.gif\"},{\"@type\":\"BreadcrumbList\",\"@id\":\"https:\/\/nembutalboutique.com\/produit\/bk-ebdp\/#breadcrumb\",\"itemListElement\":[{\"@type\":\"ListItem\",\"position\":1,\"name\":\"Home\",\"item\":\"https:\/\/nembutalboutique.com\/\"},{\"@type\":\"ListItem\",\"position\":2,\"name\":\"Boutique\",\"item\":\"https:\/\/nembutalboutique.com\/shop\/\"},{\"@type\":\"ListItem\",\"position\":3,\"name\":\"BK-EBDP\"}]},{\"@type\":\"WebSite\",\"@id\":\"https:\/\/nembutalboutique.com\/#website\",\"url\":\"https:\/\/nembutalboutique.com\/\",\"name\":\"Nembutal Boutique\",\"description\":\"My WordPress Blog\",\"publisher\":{\"@id\":\"https:\/\/nembutalboutique.com\/#organization\"},\"potentialAction\":[{\"@type\":\"SearchAction\",\"target\":{\"@type\":\"EntryPoint\",\"urlTemplate\":\"https:\/\/nembutalboutique.com\/?s={search_term_string}\"},\"query-input\":{\"@type\":\"PropertyValueSpecification\",\"valueRequired\":true,\"valueName\":\"search_term_string\"}}],\"inLanguage\":\"it-IT\"},{\"@type\":\"Organization\",\"@id\":\"https:\/\/nembutalboutique.com\/#organization\",\"name\":\"Nembutal Boutique\",\"url\":\"https:\/\/nembutalboutique.com\/\",\"logo\":{\"@type\":\"ImageObject\",\"inLanguage\":\"it-IT\",\"@id\":\"https:\/\/nembutalboutique.com\/#\/schema\/logo\/image\/\",\"url\":\"https:\/\/nembutalboutique.com\/wp-content\/uploads\/2024\/01\/logo.png\",\"contentUrl\":\"https:\/\/nembutalboutique.com\/wp-content\/uploads\/2024\/01\/logo.png\",\"width\":494,\"height\":121,\"caption\":\"Nembutal Boutique\"},\"image\":{\"@id\":\"https:\/\/nembutalboutique.com\/#\/schema\/logo\/image\/\"}}]}<\/script>\n<!-- \/ Yoast SEO plugin. -->","yoast_head_json":{"title":"EBDP in vendita - Comprare EBDP online - Ordinare EBDP","description":"Potete trovare EBDP in vendita ai migliori prezzi nel nostro negozio online. Siamo qui per aiutarvi a comprare EBDP online. Collegatevi oggi stesso al miglior negozio della citt\u00e0!","robots":{"index":"index","follow":"follow","max-snippet":"max-snippet:-1","max-image-preview":"max-image-preview:large","max-video-preview":"max-video-preview:-1"},"canonical":"https:\/\/nembutalboutique.com\/it\/prodotto\/comprare-bk-ebdp-online\/","og_locale":"it_IT","og_type":"article","og_title":"EBDP \u00e0 vendre - Achetez EBDP en ligne - Commandez EBDP","og_description":"Vous pouvez obtenir EBDP \u00e0 vendre aux meilleurs tarifs dans notre boutique en ligne. Nous sommes l\u00e0 pour vous aider \u00e0 acheter EBDP en ligne. Connectez-vous au meilleur magasin de la ville d\u00e8s aujourd'hui\u00a0!","og_url":"https:\/\/nembutalboutique.com\/it\/prodotto\/comprare-bk-ebdp-online\/","og_site_name":"Nembutal Boutique","article_modified_time":"2024-09-20T10:33:52+00:00","og_image":[{"width":600,"height":600,"url":"https:\/\/nembutalboutique.com\/wp-content\/uploads\/2024\/09\/BK-EBDP.gif","type":"image\/gif"}],"twitter_card":"summary_large_image","twitter_misc":{"Tempo di lettura stimato":"3 minuti"},"schema":{"@context":"https:\/\/schema.org","@graph":[{"@type":"WebPage","@id":"https:\/\/nembutalboutique.com\/produit\/bk-ebdp\/","url":"https:\/\/nembutalboutique.com\/produit\/bk-ebdp\/","name":"EBDP in vendita - Comprare EBDP online - Ordinare EBDP","isPartOf":{"@id":"https:\/\/nembutalboutique.com\/#website"},"primaryImageOfPage":{"@id":"https:\/\/nembutalboutique.com\/produit\/bk-ebdp\/#primaryimage"},"image":{"@id":"https:\/\/nembutalboutique.com\/produit\/bk-ebdp\/#primaryimage"},"thumbnailUrl":"https:\/\/nembutalboutique.com\/wp-content\/uploads\/2024\/09\/BK-EBDP.gif","datePublished":"2024-09-16T08:12:45+00:00","dateModified":"2024-09-20T10:33:52+00:00","description":"Potete trovare EBDP in vendita ai migliori prezzi nel nostro negozio online. Siamo qui per aiutarvi a comprare EBDP online. Collegatevi oggi stesso al miglior negozio della citt\u00e0!","breadcrumb":{"@id":"https:\/\/nembutalboutique.com\/produit\/bk-ebdp\/#breadcrumb"},"inLanguage":"it-IT","potentialAction":[{"@type":"ReadAction","target":["https:\/\/nembutalboutique.com\/produit\/bk-ebdp\/"]}]},{"@type":"ImageObject","inLanguage":"it-IT","@id":"https:\/\/nembutalboutique.com\/produit\/bk-ebdp\/#primaryimage","url":"https:\/\/nembutalboutique.com\/wp-content\/uploads\/2024\/09\/BK-EBDP.gif","contentUrl":"https:\/\/nembutalboutique.com\/wp-content\/uploads\/2024\/09\/BK-EBDP.gif","width":600,"height":600,"caption":"Acheter BK-EBDP.gif"},{"@type":"BreadcrumbList","@id":"https:\/\/nembutalboutique.com\/produit\/bk-ebdp\/#breadcrumb","itemListElement":[{"@type":"ListItem","position":1,"name":"Home","item":"https:\/\/nembutalboutique.com\/"},{"@type":"ListItem","position":2,"name":"Boutique","item":"https:\/\/nembutalboutique.com\/shop\/"},{"@type":"ListItem","position":3,"name":"BK-EBDP"}]},{"@type":"WebSite","@id":"https:\/\/nembutalboutique.com\/#website","url":"https:\/\/nembutalboutique.com\/","name":"Boutique del Nembutal","description":"Il mio blog WordPress","publisher":{"@id":"https:\/\/nembutalboutique.com\/#organization"},"potentialAction":[{"@type":"SearchAction","target":{"@type":"EntryPoint","urlTemplate":"https:\/\/nembutalboutique.com\/?s={search_term_string}"},"query-input":{"@type":"PropertyValueSpecification","valueRequired":true,"valueName":"search_term_string"}}],"inLanguage":"it-IT"},{"@type":"Organization","@id":"https:\/\/nembutalboutique.com\/#organization","name":"Boutique del Nembutal","url":"https:\/\/nembutalboutique.com\/","logo":{"@type":"ImageObject","inLanguage":"it-IT","@id":"https:\/\/nembutalboutique.com\/#\/schema\/logo\/image\/","url":"https:\/\/nembutalboutique.com\/wp-content\/uploads\/2024\/01\/logo.png","contentUrl":"https:\/\/nembutalboutique.com\/wp-content\/uploads\/2024\/01\/logo.png","width":494,"height":121,"caption":"Nembutal Boutique"},"image":{"@id":"https:\/\/nembutalboutique.com\/#\/schema\/logo\/image\/"}}]}},"_links":{"self":[{"href":"https:\/\/nembutalboutique.com\/it\/wp-json\/wp\/v2\/product\/2824"}],"collection":[{"href":"https:\/\/nembutalboutique.com\/it\/wp-json\/wp\/v2\/product"}],"about":[{"href":"https:\/\/nembutalboutique.com\/it\/wp-json\/wp\/v2\/types\/product"}],"replies":[{"embeddable":true,"href":"https:\/\/nembutalboutique.com\/it\/wp-json\/wp\/v2\/comments?post=2824"}],"wp:featuredmedia":[{"embeddable":true,"href":"https:\/\/nembutalboutique.com\/it\/wp-json\/wp\/v2\/media\/2837"}],"wp:attachment":[{"href":"https:\/\/nembutalboutique.com\/it\/wp-json\/wp\/v2\/media?parent=2824"}],"wp:term":[{"taxonomy":"product_brand","embeddable":true,"href":"https:\/\/nembutalboutique.com\/it\/wp-json\/wp\/v2\/product_brand?post=2824"},{"taxonomy":"product_cat","embeddable":true,"href":"https:\/\/nembutalboutique.com\/it\/wp-json\/wp\/v2\/product_cat?post=2824"},{"taxonomy":"product_tag","embeddable":true,"href":"https:\/\/nembutalboutique.com\/it\/wp-json\/wp\/v2\/product_tag?post=2824"}],"curies":[{"name":"wp","href":"https:\/\/api.w.org\/{rel}","templated":true}]}}