{"id":2689,"date":"2024-09-16T08:11:44","date_gmt":"2024-09-16T08:11:44","guid":{"rendered":"https:\/\/nembutalboutique.com\/?post_type=product&#038;p=2689"},"modified":"2024-09-20T11:14:44","modified_gmt":"2024-09-20T11:14:44","slug":"neh-2","status":"publish","type":"product","link":"https:\/\/nembutalboutique.com\/it\/prodotto\/acquistare-polvere-di-neh\/","title":{"rendered":"NEH"},"content":{"rendered":"<h2>Ordinare NEH-Pulver online.<\/h2>\n<p>NEH-Pulver Kaufen \u00e8 uno strumento di ricerca premium che pu\u00f2 essere acquistato online. NDH-Pulver pu\u00f2 essere acquistato online dal rinomato fornitore Nembutalboutique.com a un prezzo ragionevole.<\/p>\n<p>Noi di Nembutalboutique siamo lieti di presentare <a href=\"https:\/\/nembutalboutique.com\/produit\/neh-2\/\">NEH-Pulver<\/a>che viene fornito esclusivamente a scopo di ricerca. Non pu\u00f2 essere utilizzato per altri scopi, compresi, ma non solo, la diagnostica in vivo, i pasti, i farmaci, i dispositivi medici o i cosmetici per l'uomo o gli animali.<\/p>\n<p>Prima di acquistare questo prodotto da noi, assicuratevi di avere gli strumenti necessari per maneggiare i prodotti chimici di ricerca e che il vostro spazio di lavoro sia adeguatamente ventilato.<\/p>\n<h3>L'et\u00e0 minima per ordinare questo prodotto \u00e8 di diciannove anni.<\/h3>\n<p>Nel Paese di origine, <a href=\"https:\/\/en.wikipedia.org\/wiki\/Neh\">NEH-Pulver<\/a> \u00e8 legale. \u00c8 responsabilit\u00e0 dell'utente comprendere il sistema legale del proprio Paese. Non ci assumiamo alcuna responsabilit\u00e0 per eventuali azioni o risultati derivanti dalla vostra decisione di ordinare o utilizzare questo prodotto.<\/p>\n<h3>Cultura passata e presente<\/h3>\n<p>La prima identificazione della n-etilesidina \u00e8 stata effettuata in una sonda Zolllabor belga, lanciata nel novembre 2015 con il CCR. Nel gennaio 2016 \u00e8 stata identificata dal CCR in una sonda messa a disposizione dalla francese Zoll. Successivamente, nel febbraio 2016, il Comitato europeo per i medicinali ha ricevuto segnalazioni di identificazione di questa sostanza da altri Paesi, tra cui Svizzera, Paesi Bassi, Germania, Belgio e Slovenia.<\/p>\n<h3>Chimica<\/h3>\n<p>Un composto molecolare appartenente alla classe chimica dei catalizzatori \u00e8 il n-etilesdron. Il termine \"catinone sostituito\" si riferisce a un'ampia gamma di sostanze basate sul catinone, il principale principio attivo della pianta di Khat. Esiste un catinone costituito da un'anfetamina (una fenetilammina con un gruppo alchilico attaccato all'atomo di carbonio beta) e da un gruppo sauerstoff attaccato all'atomo di carbonio beta. I catinoni sono noti anche come analoghi del beta chetone (\u03b2k), che sono composti di zolfo con un doppio legame sull'atomo di \u03b2 chetone delle anfetamine.<\/p>\n<p>In particolare, il catalizzatore del catinone pu\u00f2 essere modificato in tre punti diversi, dando origine a centinaia di potenziali connessioni, tra cui sostituti come<\/p>\n<p>che sull'anello aromatico, sull'alfa-chetone o sul gruppo amminico.<\/p>\n<h3>Prodotti farmaceutici<\/h3>\n<p>Sono disponibili pochissimi dati sulla farmacologia e sulla farmacodinamica del n-etilesdrone e di altri catinoni sostituiti nell'uomo. Il catinone sintetico, come l'anfetamina, esercita i suoi effetti simpaticomimetici e stimolanti aumentando la concentrazione di catecolamine nelle sinapsi, in particolare dopamina, serotonina e noradrenalina. Queste molecole hanno la capacit\u00e0 di bloccare i trasportatori delle monoammine, determinando una riduzione della clearance dei neurotrasmettitori dalle sinapsi. Inoltre, possono influenzare il rilascio di ammine biogene dal deposito intracellulare.<\/p>\n<p>I catechinoni sintetici hanno spesso una capacit\u00e0 inferiore rispetto alle anfetamine di attraversare la barriera emato-encefalica, poich\u00e9 il gruppo beta-cheto aumenta la polarit\u00e0. A differenza di altri catechinoni sintetici, i derivati pirrolidinici hanno una maggiore capacit\u00e0 di superare le barriere della coagulazione del sangue, poich\u00e9 l'anello pirrolidinico conferisce a queste molecole una minore polarit\u00e0. Le ricerche sulla trasformazione chimica del catecinone sintetico hanno rivelato che viene n-demetilato, il gruppo cheto viene ridotto a idrossile e i gruppi alchilici dell'anello vengono ossidati.<\/p>","protected":false},"excerpt":{"rendered":"<p>Commandez NEH-Pulver en ligne. NEH-Pulver Kaufen est un outil de recherche haut de gamme qui peut \u00eatre achet\u00e9 en ligne. NDH-Pulver peut \u00eatre achet\u00e9 en ligne aupr\u00e8s du fournisseur r\u00e9put\u00e9 Nembutalboutique.com \u00e0 un prix raisonnable. Chez Nembutalboutique, nous sommes heureux de pr\u00e9senter NEH-Pulver, qui est fourni uniquement \u00e0 des fins de recherche. Il ne peut [&hellip;]<\/p>","protected":false},"featured_media":2702,"comment_status":"open","ping_status":"closed","template":"","meta":{"_joinchat":[]},"product_brand":[],"product_cat":[387],"product_tag":[],"class_list":{"0":"post-2689","1":"product","2":"type-product","3":"status-publish","4":"has-post-thumbnail","6":"product_cat-cathinone","8":"first","9":"instock","10":"shipping-taxable","11":"purchasable","12":"product-type-variable"},"yoast_head":"<!-- This site is optimized with the Yoast SEO plugin v23.5 - https:\/\/yoast.com\/wordpress\/plugins\/seo\/ -->\n<title>Achetez de la poudre NEH en ligne - Poudre NEH \u00e0 vendre<\/title>\n<meta name=\"description\" content=\"Vous pouvez acheter de la poudre NEH en vente dans notre magasin et la recevoir \u00e0 votre porte sans aucun probl\u00e8me. Nous vous aiderons \u00e0 acheter de la poudre NEH en ligne. Commandez maintenant !\" \/>\n<meta name=\"robots\" content=\"index, follow, max-snippet:-1, max-image-preview:large, max-video-preview:-1\" \/>\n<link rel=\"canonical\" href=\"https:\/\/nembutalboutique.com\/it\/prodotto\/acquistare-polvere-di-neh\/\" \/>\n<meta property=\"og:locale\" content=\"it_IT\" \/>\n<meta property=\"og:type\" content=\"article\" \/>\n<meta property=\"og:title\" content=\"Achetez de la poudre NEH en ligne - Poudre NEH \u00e0 vendre\" \/>\n<meta property=\"og:description\" content=\"Vous pouvez acheter de la poudre NEH en vente dans notre magasin et la recevoir \u00e0 votre porte sans aucun probl\u00e8me. Nous vous aiderons \u00e0 acheter de la poudre NEH en ligne. Commandez maintenant !\" \/>\n<meta property=\"og:url\" content=\"https:\/\/nembutalboutique.com\/it\/prodotto\/acquistare-polvere-di-neh\/\" \/>\n<meta property=\"og:site_name\" content=\"Nembutal Boutique\" \/>\n<meta property=\"article:modified_time\" content=\"2024-09-20T11:14:44+00:00\" \/>\n<meta property=\"og:image\" content=\"https:\/\/nembutalboutique.com\/wp-content\/uploads\/2024\/09\/NEH.gif\" \/>\n\t<meta property=\"og:image:width\" content=\"600\" \/>\n\t<meta property=\"og:image:height\" content=\"600\" \/>\n\t<meta property=\"og:image:type\" content=\"image\/gif\" \/>\n<meta name=\"twitter:card\" content=\"summary_large_image\" \/>\n<meta name=\"twitter:label1\" content=\"Tempo di lettura stimato\" \/>\n\t<meta name=\"twitter:data1\" content=\"3 minuti\" \/>\n<script type=\"application\/ld+json\" class=\"yoast-schema-graph\">{\"@context\":\"https:\/\/schema.org\",\"@graph\":[{\"@type\":\"WebPage\",\"@id\":\"https:\/\/nembutalboutique.com\/produit\/neh-2\/\",\"url\":\"https:\/\/nembutalboutique.com\/produit\/neh-2\/\",\"name\":\"Achetez de la poudre NEH en ligne - Poudre NEH \u00e0 vendre\",\"isPartOf\":{\"@id\":\"https:\/\/nembutalboutique.com\/#website\"},\"primaryImageOfPage\":{\"@id\":\"https:\/\/nembutalboutique.com\/produit\/neh-2\/#primaryimage\"},\"image\":{\"@id\":\"https:\/\/nembutalboutique.com\/produit\/neh-2\/#primaryimage\"},\"thumbnailUrl\":\"https:\/\/nembutalboutique.com\/wp-content\/uploads\/2024\/09\/NEH.gif\",\"datePublished\":\"2024-09-16T08:11:44+00:00\",\"dateModified\":\"2024-09-20T11:14:44+00:00\",\"description\":\"Vous pouvez acheter de la poudre NEH en vente dans notre magasin et la recevoir \u00e0 votre porte sans aucun probl\u00e8me. Nous vous aiderons \u00e0 acheter de la poudre NEH en ligne. Commandez maintenant !\",\"breadcrumb\":{\"@id\":\"https:\/\/nembutalboutique.com\/produit\/neh-2\/#breadcrumb\"},\"inLanguage\":\"it-IT\",\"potentialAction\":[{\"@type\":\"ReadAction\",\"target\":[\"https:\/\/nembutalboutique.com\/produit\/neh-2\/\"]}]},{\"@type\":\"ImageObject\",\"inLanguage\":\"it-IT\",\"@id\":\"https:\/\/nembutalboutique.com\/produit\/neh-2\/#primaryimage\",\"url\":\"https:\/\/nembutalboutique.com\/wp-content\/uploads\/2024\/09\/NEH.gif\",\"contentUrl\":\"https:\/\/nembutalboutique.com\/wp-content\/uploads\/2024\/09\/NEH.gif\",\"width\":600,\"height\":600,\"caption\":\"Acheter NEH.gif\"},{\"@type\":\"BreadcrumbList\",\"@id\":\"https:\/\/nembutalboutique.com\/produit\/neh-2\/#breadcrumb\",\"itemListElement\":[{\"@type\":\"ListItem\",\"position\":1,\"name\":\"Home\",\"item\":\"https:\/\/nembutalboutique.com\/\"},{\"@type\":\"ListItem\",\"position\":2,\"name\":\"Boutique\",\"item\":\"https:\/\/nembutalboutique.com\/shop\/\"},{\"@type\":\"ListItem\",\"position\":3,\"name\":\"NEH\"}]},{\"@type\":\"WebSite\",\"@id\":\"https:\/\/nembutalboutique.com\/#website\",\"url\":\"https:\/\/nembutalboutique.com\/\",\"name\":\"Nembutal Boutique\",\"description\":\"My WordPress Blog\",\"publisher\":{\"@id\":\"https:\/\/nembutalboutique.com\/#organization\"},\"potentialAction\":[{\"@type\":\"SearchAction\",\"target\":{\"@type\":\"EntryPoint\",\"urlTemplate\":\"https:\/\/nembutalboutique.com\/?s={search_term_string}\"},\"query-input\":{\"@type\":\"PropertyValueSpecification\",\"valueRequired\":true,\"valueName\":\"search_term_string\"}}],\"inLanguage\":\"it-IT\"},{\"@type\":\"Organization\",\"@id\":\"https:\/\/nembutalboutique.com\/#organization\",\"name\":\"Nembutal Boutique\",\"url\":\"https:\/\/nembutalboutique.com\/\",\"logo\":{\"@type\":\"ImageObject\",\"inLanguage\":\"it-IT\",\"@id\":\"https:\/\/nembutalboutique.com\/#\/schema\/logo\/image\/\",\"url\":\"https:\/\/nembutalboutique.com\/wp-content\/uploads\/2024\/01\/logo.png\",\"contentUrl\":\"https:\/\/nembutalboutique.com\/wp-content\/uploads\/2024\/01\/logo.png\",\"width\":494,\"height\":121,\"caption\":\"Nembutal Boutique\"},\"image\":{\"@id\":\"https:\/\/nembutalboutique.com\/#\/schema\/logo\/image\/\"}}]}<\/script>\n<!-- \/ Yoast SEO plugin. -->","yoast_head_json":{"title":"Comprare NEH in polvere online - NEH in polvere in vendita","description":"Potete acquistare la polvere NEH in vendita nel nostro negozio e farvela consegnare a casa senza problemi. Vi aiutiamo a comprare polvere NEH online. Ordinate ora!","robots":{"index":"index","follow":"follow","max-snippet":"max-snippet:-1","max-image-preview":"max-image-preview:large","max-video-preview":"max-video-preview:-1"},"canonical":"https:\/\/nembutalboutique.com\/it\/prodotto\/acquistare-polvere-di-neh\/","og_locale":"it_IT","og_type":"article","og_title":"Achetez de la poudre NEH en ligne - Poudre NEH \u00e0 vendre","og_description":"Vous pouvez acheter de la poudre NEH en vente dans notre magasin et la recevoir \u00e0 votre porte sans aucun probl\u00e8me. Nous vous aiderons \u00e0 acheter de la poudre NEH en ligne. Commandez maintenant !","og_url":"https:\/\/nembutalboutique.com\/it\/prodotto\/acquistare-polvere-di-neh\/","og_site_name":"Nembutal Boutique","article_modified_time":"2024-09-20T11:14:44+00:00","og_image":[{"width":600,"height":600,"url":"https:\/\/nembutalboutique.com\/wp-content\/uploads\/2024\/09\/NEH.gif","type":"image\/gif"}],"twitter_card":"summary_large_image","twitter_misc":{"Tempo di lettura stimato":"3 minuti"},"schema":{"@context":"https:\/\/schema.org","@graph":[{"@type":"WebPage","@id":"https:\/\/nembutalboutique.com\/produit\/neh-2\/","url":"https:\/\/nembutalboutique.com\/produit\/neh-2\/","name":"Comprare NEH in polvere online - NEH in polvere in vendita","isPartOf":{"@id":"https:\/\/nembutalboutique.com\/#website"},"primaryImageOfPage":{"@id":"https:\/\/nembutalboutique.com\/produit\/neh-2\/#primaryimage"},"image":{"@id":"https:\/\/nembutalboutique.com\/produit\/neh-2\/#primaryimage"},"thumbnailUrl":"https:\/\/nembutalboutique.com\/wp-content\/uploads\/2024\/09\/NEH.gif","datePublished":"2024-09-16T08:11:44+00:00","dateModified":"2024-09-20T11:14:44+00:00","description":"Potete acquistare la polvere NEH in vendita nel nostro negozio e farvela consegnare a casa senza problemi. Vi aiutiamo a comprare polvere NEH online. Ordinate ora!","breadcrumb":{"@id":"https:\/\/nembutalboutique.com\/produit\/neh-2\/#breadcrumb"},"inLanguage":"it-IT","potentialAction":[{"@type":"ReadAction","target":["https:\/\/nembutalboutique.com\/produit\/neh-2\/"]}]},{"@type":"ImageObject","inLanguage":"it-IT","@id":"https:\/\/nembutalboutique.com\/produit\/neh-2\/#primaryimage","url":"https:\/\/nembutalboutique.com\/wp-content\/uploads\/2024\/09\/NEH.gif","contentUrl":"https:\/\/nembutalboutique.com\/wp-content\/uploads\/2024\/09\/NEH.gif","width":600,"height":600,"caption":"Acheter NEH.gif"},{"@type":"BreadcrumbList","@id":"https:\/\/nembutalboutique.com\/produit\/neh-2\/#breadcrumb","itemListElement":[{"@type":"ListItem","position":1,"name":"Home","item":"https:\/\/nembutalboutique.com\/"},{"@type":"ListItem","position":2,"name":"Boutique","item":"https:\/\/nembutalboutique.com\/shop\/"},{"@type":"ListItem","position":3,"name":"NEH"}]},{"@type":"WebSite","@id":"https:\/\/nembutalboutique.com\/#website","url":"https:\/\/nembutalboutique.com\/","name":"Boutique del Nembutal","description":"Il mio blog WordPress","publisher":{"@id":"https:\/\/nembutalboutique.com\/#organization"},"potentialAction":[{"@type":"SearchAction","target":{"@type":"EntryPoint","urlTemplate":"https:\/\/nembutalboutique.com\/?s={search_term_string}"},"query-input":{"@type":"PropertyValueSpecification","valueRequired":true,"valueName":"search_term_string"}}],"inLanguage":"it-IT"},{"@type":"Organization","@id":"https:\/\/nembutalboutique.com\/#organization","name":"Boutique del Nembutal","url":"https:\/\/nembutalboutique.com\/","logo":{"@type":"ImageObject","inLanguage":"it-IT","@id":"https:\/\/nembutalboutique.com\/#\/schema\/logo\/image\/","url":"https:\/\/nembutalboutique.com\/wp-content\/uploads\/2024\/01\/logo.png","contentUrl":"https:\/\/nembutalboutique.com\/wp-content\/uploads\/2024\/01\/logo.png","width":494,"height":121,"caption":"Nembutal Boutique"},"image":{"@id":"https:\/\/nembutalboutique.com\/#\/schema\/logo\/image\/"}}]}},"_links":{"self":[{"href":"https:\/\/nembutalboutique.com\/it\/wp-json\/wp\/v2\/product\/2689"}],"collection":[{"href":"https:\/\/nembutalboutique.com\/it\/wp-json\/wp\/v2\/product"}],"about":[{"href":"https:\/\/nembutalboutique.com\/it\/wp-json\/wp\/v2\/types\/product"}],"replies":[{"embeddable":true,"href":"https:\/\/nembutalboutique.com\/it\/wp-json\/wp\/v2\/comments?post=2689"}],"wp:featuredmedia":[{"embeddable":true,"href":"https:\/\/nembutalboutique.com\/it\/wp-json\/wp\/v2\/media\/2702"}],"wp:attachment":[{"href":"https:\/\/nembutalboutique.com\/it\/wp-json\/wp\/v2\/media?parent=2689"}],"wp:term":[{"taxonomy":"product_brand","embeddable":true,"href":"https:\/\/nembutalboutique.com\/it\/wp-json\/wp\/v2\/product_brand?post=2689"},{"taxonomy":"product_cat","embeddable":true,"href":"https:\/\/nembutalboutique.com\/it\/wp-json\/wp\/v2\/product_cat?post=2689"},{"taxonomy":"product_tag","embeddable":true,"href":"https:\/\/nembutalboutique.com\/it\/wp-json\/wp\/v2\/product_tag?post=2689"}],"curies":[{"name":"wp","href":"https:\/\/api.w.org\/{rel}","templated":true}]}}