{"id":2688,"date":"2024-09-16T08:11:44","date_gmt":"2024-09-16T08:11:44","guid":{"rendered":"https:\/\/nembutalboutique.com\/?post_type=product&#038;p=2688"},"modified":"2024-09-20T11:10:27","modified_gmt":"2024-09-20T11:10:27","slug":"ethylhexedrone","status":"publish","type":"product","link":"https:\/\/nembutalboutique.com\/it\/prodotto\/n-acquistare-etilexedrone\/","title":{"rendered":"N-etilesone"},"content":{"rendered":"<h2>Acquistare HEX online.<\/h2>\n<p><a href=\"https:\/\/nembutalboutique.com\/produit\/ethylhexedrone\/\">Comprare N-Ethylhexdron<\/a>, noto anche come \u03b1-Etilaminocaprofenone, N-Etilnorhexedron, Hexen o NEH, \u00e8 uno stimolante catechinico che funziona come inibitore della noradrenalina-dopamina (NDRI) con valori IC50 di 0,0978 e 0,0467 \u03bcM. L'N-etilesdron \u00e8 stato menzionato per la prima volta in una serie di brevetti Boehringer Ingelheim negli anni '60, che hanno contribuito allo sviluppo del pi\u00f9 noto farmaco metilendioxypirovalerone (MDPV).<\/p>\n<p>Acquistate online prodotti chimici per la ricerca di alta qualit\u00e0 da N-Ethylhexdron. N-Ethylhexdron (HEXEN, NEH) \u00e8 disponibile online a prezzi all'ingrosso da un fornitore affidabile su NembuKauFlog.com.<\/p>\n<p>L'N-etilnorhexedron, talvolta noto come HEX, \u00e8 uno stimolante del gruppo dei cateminoni. Da quando il farmaco \u00e8 stato introdotto sul mercato nel 2015, le recensioni degli utenti sono state l'unica fonte di informazioni disponibili sulla sua efficacia.<\/p>\n<h3>Acquistare HEX online.<\/h3>\n<p>Le <a href=\"https:\/\/en.wikipedia.org\/wiki\/N-Ethylhexedrone\">N-etilesene<\/a>noto anche come N-etilnorhexedron, \u03b1-etilaminocaprofenone e NEH, pu\u00f2 talvolta essere trovato. definito uno stimolante della classe dei catinoni. Negli anni '60 Boehringer Ingelheim ha depositato numerosi brevetti sull'N-etilhexedron, che hanno aperto la strada allo sviluppo del pi\u00f9 noto farmaco, il metilendioxypirovalerone (MDPV). La N-etilesina \u00e8 venduta online come droga sintetica dalla met\u00e0 del 2010.<\/p>\n<p>L'N-etilhexedra \u00e8 una sostanza chimica in fase di sperimentazione, nota anche come HEX, NEH, a-etilaminocaprofenone e N-etilnorhexedra.<\/p>\n<p>si riferisce al Gruppo Cathinone.<\/p>\n<h3>Acquistare HEX online.<\/h3>\n<p>Si presume che la base per la stimolazione dell'HEX (N-etilhexedra; NEH) sia la sua affinit\u00e0 come NDRI (Norepinephrin-Dopamin-Wiederaufnahmehemmer). ha un gruppo idrossilico aggiuntivo sulla catena di carbonio contenente lo stickstoff, che lo rende strettamente correlato all'esadron. Grazie alla sua integrazione, la sua efficacia \u00e8 circa tre volte superiore a quella dell'esadron.<\/p>\n<p>Attualmente sono disponibili pochissimi dettagli sulle propriet\u00e0 farmacologiche, sul metabolismo e sulla tossicit\u00e0 dell'N-etilesione. I nuovi prodotti chimici per la ricerca sono venduti su www.Nembutalboutique.com (HEX; NEH).<\/p>\n<p>La sostanza pu\u00f2 essere utilizzata come stimolante produttivo a dosi basse o elevate, anche se la maggior parte dei consumatori la usa solo nella speranza di raggiungere l'euforia.<\/p>","protected":false},"excerpt":{"rendered":"<p>Achetez HEX en ligne. Achetez N-Ethylhexdron, \u00e9galement appel\u00e9 \u03b1-Ethylaminocaprophenon, N-Ethylnorhexedron, Hexen ou NEH, est un stimulant de la cat\u00e9chinone qui fonctionne comme un inhibiteur de la noradr\u00e9naline-dopamine (NDRI) avec des valeurs IC50 de 0,0978 et 0,0467 \u03bcM. Le N-\u00e9thylhexdron a \u00e9t\u00e9 mentionn\u00e9 pour la premi\u00e8re fois dans une s\u00e9rie de brevets de Boehringer Ingelheim dans [&hellip;]<\/p>","protected":false},"featured_media":2701,"comment_status":"open","ping_status":"closed","template":"","meta":{"_joinchat":[]},"product_brand":[],"product_cat":[387],"product_tag":[],"class_list":{"0":"post-2688","1":"product","2":"type-product","3":"status-publish","4":"has-post-thumbnail","6":"product_cat-cathinone","8":"first","9":"instock","10":"shipping-taxable","11":"purchasable","12":"product-type-variable"},"yoast_head":"<!-- This site is optimized with the Yoast SEO plugin v23.5 - https:\/\/yoast.com\/wordpress\/plugins\/seo\/ -->\n<title>Acheter N-\u00e9thylhex\u00e9drone en ligne - N-\u00e9thylhex\u00e9drone \u00e0 vendre<\/title>\n<meta name=\"description\" content=\"Votre demande d&#039;achat de N-\u00e9thylhex\u00e9drone peut \u00eatre satisfaite dans notre boutique en ligne Nembutal, car nous avons du N-\u00e9thylhex\u00e9drone \u00e0 vendre ici. Passez votre commande et obtenez des offres abordables tous les jours.\" \/>\n<meta name=\"robots\" content=\"index, follow, max-snippet:-1, max-image-preview:large, max-video-preview:-1\" \/>\n<link rel=\"canonical\" href=\"https:\/\/nembutalboutique.com\/it\/prodotto\/n-acquistare-etilexedrone\/\" \/>\n<meta property=\"og:locale\" content=\"it_IT\" \/>\n<meta property=\"og:type\" content=\"article\" \/>\n<meta property=\"og:title\" content=\"Acheter N-\u00e9thylhex\u00e9drone en ligne - N-\u00e9thylhex\u00e9drone \u00e0 vendre\" \/>\n<meta property=\"og:description\" content=\"Votre demande d&#039;achat de N-\u00e9thylhex\u00e9drone peut \u00eatre satisfaite dans notre boutique en ligne Nembutal, car nous avons du N-\u00e9thylhex\u00e9drone \u00e0 vendre ici. Passez votre commande et obtenez des offres abordables tous les jours.\" \/>\n<meta property=\"og:url\" content=\"https:\/\/nembutalboutique.com\/it\/prodotto\/n-acquistare-etilexedrone\/\" \/>\n<meta property=\"og:site_name\" content=\"Nembutal Boutique\" \/>\n<meta property=\"article:modified_time\" content=\"2024-09-20T11:10:27+00:00\" \/>\n<meta property=\"og:image\" content=\"https:\/\/nembutalboutique.com\/wp-content\/uploads\/2024\/09\/crystal_rocks-e1570651788830-7.jpg\" \/>\n\t<meta property=\"og:image:width\" content=\"841\" \/>\n\t<meta property=\"og:image:height\" content=\"640\" \/>\n\t<meta property=\"og:image:type\" content=\"image\/jpeg\" \/>\n<meta name=\"twitter:card\" content=\"summary_large_image\" \/>\n<meta name=\"twitter:label1\" content=\"Tempo di lettura stimato\" \/>\n\t<meta name=\"twitter:data1\" content=\"2 minuti\" \/>\n<script type=\"application\/ld+json\" class=\"yoast-schema-graph\">{\"@context\":\"https:\/\/schema.org\",\"@graph\":[{\"@type\":\"WebPage\",\"@id\":\"https:\/\/nembutalboutique.com\/produit\/ethylhexedrone\/\",\"url\":\"https:\/\/nembutalboutique.com\/produit\/ethylhexedrone\/\",\"name\":\"Acheter N-\u00e9thylhex\u00e9drone en ligne - N-\u00e9thylhex\u00e9drone \u00e0 vendre\",\"isPartOf\":{\"@id\":\"https:\/\/nembutalboutique.com\/#website\"},\"primaryImageOfPage\":{\"@id\":\"https:\/\/nembutalboutique.com\/produit\/ethylhexedrone\/#primaryimage\"},\"image\":{\"@id\":\"https:\/\/nembutalboutique.com\/produit\/ethylhexedrone\/#primaryimage\"},\"thumbnailUrl\":\"https:\/\/nembutalboutique.com\/wp-content\/uploads\/2024\/09\/crystal_rocks-e1570651788830-7.jpg\",\"datePublished\":\"2024-09-16T08:11:44+00:00\",\"dateModified\":\"2024-09-20T11:10:27+00:00\",\"description\":\"Votre demande d'achat de N-\u00e9thylhex\u00e9drone peut \u00eatre satisfaite dans notre boutique en ligne Nembutal, car nous avons du N-\u00e9thylhex\u00e9drone \u00e0 vendre ici. Passez votre commande et obtenez des offres abordables tous les jours.\",\"breadcrumb\":{\"@id\":\"https:\/\/nembutalboutique.com\/produit\/ethylhexedrone\/#breadcrumb\"},\"inLanguage\":\"it-IT\",\"potentialAction\":[{\"@type\":\"ReadAction\",\"target\":[\"https:\/\/nembutalboutique.com\/produit\/ethylhexedrone\/\"]}]},{\"@type\":\"ImageObject\",\"inLanguage\":\"it-IT\",\"@id\":\"https:\/\/nembutalboutique.com\/produit\/ethylhexedrone\/#primaryimage\",\"url\":\"https:\/\/nembutalboutique.com\/wp-content\/uploads\/2024\/09\/crystal_rocks-e1570651788830-7.jpg\",\"contentUrl\":\"https:\/\/nembutalboutique.com\/wp-content\/uploads\/2024\/09\/crystal_rocks-e1570651788830-7.jpg\",\"width\":841,\"height\":640,\"caption\":\"Acheter de la N-\u00e9thylhexedrone\"},{\"@type\":\"BreadcrumbList\",\"@id\":\"https:\/\/nembutalboutique.com\/produit\/ethylhexedrone\/#breadcrumb\",\"itemListElement\":[{\"@type\":\"ListItem\",\"position\":1,\"name\":\"Home\",\"item\":\"https:\/\/nembutalboutique.com\/\"},{\"@type\":\"ListItem\",\"position\":2,\"name\":\"Boutique\",\"item\":\"https:\/\/nembutalboutique.com\/shop\/\"},{\"@type\":\"ListItem\",\"position\":3,\"name\":\"N-\u00e9thylhexedrone\"}]},{\"@type\":\"WebSite\",\"@id\":\"https:\/\/nembutalboutique.com\/#website\",\"url\":\"https:\/\/nembutalboutique.com\/\",\"name\":\"Nembutal Boutique\",\"description\":\"My WordPress Blog\",\"publisher\":{\"@id\":\"https:\/\/nembutalboutique.com\/#organization\"},\"potentialAction\":[{\"@type\":\"SearchAction\",\"target\":{\"@type\":\"EntryPoint\",\"urlTemplate\":\"https:\/\/nembutalboutique.com\/?s={search_term_string}\"},\"query-input\":{\"@type\":\"PropertyValueSpecification\",\"valueRequired\":true,\"valueName\":\"search_term_string\"}}],\"inLanguage\":\"it-IT\"},{\"@type\":\"Organization\",\"@id\":\"https:\/\/nembutalboutique.com\/#organization\",\"name\":\"Nembutal Boutique\",\"url\":\"https:\/\/nembutalboutique.com\/\",\"logo\":{\"@type\":\"ImageObject\",\"inLanguage\":\"it-IT\",\"@id\":\"https:\/\/nembutalboutique.com\/#\/schema\/logo\/image\/\",\"url\":\"https:\/\/nembutalboutique.com\/wp-content\/uploads\/2024\/01\/logo.png\",\"contentUrl\":\"https:\/\/nembutalboutique.com\/wp-content\/uploads\/2024\/01\/logo.png\",\"width\":494,\"height\":121,\"caption\":\"Nembutal Boutique\"},\"image\":{\"@id\":\"https:\/\/nembutalboutique.com\/#\/schema\/logo\/image\/\"}}]}<\/script>\n<!-- \/ Yoast SEO plugin. -->","yoast_head_json":{"title":"Comprare N-etil-esedrone online - N-etil-esedrone in vendita","description":"La vostra richiesta di acquisto di N-etilesone pu\u00f2 essere soddisfatta nel nostro negozio online di Nembutal, in quanto abbiamo N-etilesone in vendita qui. Effettuate il vostro ordine e ottenete ogni giorno offerte convenienti.","robots":{"index":"index","follow":"follow","max-snippet":"max-snippet:-1","max-image-preview":"max-image-preview:large","max-video-preview":"max-video-preview:-1"},"canonical":"https:\/\/nembutalboutique.com\/it\/prodotto\/n-acquistare-etilexedrone\/","og_locale":"it_IT","og_type":"article","og_title":"Acheter N-\u00e9thylhex\u00e9drone en ligne - N-\u00e9thylhex\u00e9drone \u00e0 vendre","og_description":"Votre demande d'achat de N-\u00e9thylhex\u00e9drone peut \u00eatre satisfaite dans notre boutique en ligne Nembutal, car nous avons du N-\u00e9thylhex\u00e9drone \u00e0 vendre ici. Passez votre commande et obtenez des offres abordables tous les jours.","og_url":"https:\/\/nembutalboutique.com\/it\/prodotto\/n-acquistare-etilexedrone\/","og_site_name":"Nembutal Boutique","article_modified_time":"2024-09-20T11:10:27+00:00","og_image":[{"width":841,"height":640,"url":"https:\/\/nembutalboutique.com\/wp-content\/uploads\/2024\/09\/crystal_rocks-e1570651788830-7.jpg","type":"image\/jpeg"}],"twitter_card":"summary_large_image","twitter_misc":{"Tempo di lettura stimato":"2 minuti"},"schema":{"@context":"https:\/\/schema.org","@graph":[{"@type":"WebPage","@id":"https:\/\/nembutalboutique.com\/produit\/ethylhexedrone\/","url":"https:\/\/nembutalboutique.com\/produit\/ethylhexedrone\/","name":"Comprare N-etil-esedrone online - N-etil-esedrone in vendita","isPartOf":{"@id":"https:\/\/nembutalboutique.com\/#website"},"primaryImageOfPage":{"@id":"https:\/\/nembutalboutique.com\/produit\/ethylhexedrone\/#primaryimage"},"image":{"@id":"https:\/\/nembutalboutique.com\/produit\/ethylhexedrone\/#primaryimage"},"thumbnailUrl":"https:\/\/nembutalboutique.com\/wp-content\/uploads\/2024\/09\/crystal_rocks-e1570651788830-7.jpg","datePublished":"2024-09-16T08:11:44+00:00","dateModified":"2024-09-20T11:10:27+00:00","description":"La vostra richiesta di acquisto di N-etilesone pu\u00f2 essere soddisfatta nel nostro negozio online di Nembutal, in quanto abbiamo N-etilesone in vendita qui. Effettuate il vostro ordine e ottenete ogni giorno offerte convenienti.","breadcrumb":{"@id":"https:\/\/nembutalboutique.com\/produit\/ethylhexedrone\/#breadcrumb"},"inLanguage":"it-IT","potentialAction":[{"@type":"ReadAction","target":["https:\/\/nembutalboutique.com\/produit\/ethylhexedrone\/"]}]},{"@type":"ImageObject","inLanguage":"it-IT","@id":"https:\/\/nembutalboutique.com\/produit\/ethylhexedrone\/#primaryimage","url":"https:\/\/nembutalboutique.com\/wp-content\/uploads\/2024\/09\/crystal_rocks-e1570651788830-7.jpg","contentUrl":"https:\/\/nembutalboutique.com\/wp-content\/uploads\/2024\/09\/crystal_rocks-e1570651788830-7.jpg","width":841,"height":640,"caption":"Acheter de la N-\u00e9thylhexedrone"},{"@type":"BreadcrumbList","@id":"https:\/\/nembutalboutique.com\/produit\/ethylhexedrone\/#breadcrumb","itemListElement":[{"@type":"ListItem","position":1,"name":"Home","item":"https:\/\/nembutalboutique.com\/"},{"@type":"ListItem","position":2,"name":"Boutique","item":"https:\/\/nembutalboutique.com\/shop\/"},{"@type":"ListItem","position":3,"name":"N-\u00e9thylhexedrone"}]},{"@type":"WebSite","@id":"https:\/\/nembutalboutique.com\/#website","url":"https:\/\/nembutalboutique.com\/","name":"Boutique del Nembutal","description":"Il mio blog WordPress","publisher":{"@id":"https:\/\/nembutalboutique.com\/#organization"},"potentialAction":[{"@type":"SearchAction","target":{"@type":"EntryPoint","urlTemplate":"https:\/\/nembutalboutique.com\/?s={search_term_string}"},"query-input":{"@type":"PropertyValueSpecification","valueRequired":true,"valueName":"search_term_string"}}],"inLanguage":"it-IT"},{"@type":"Organization","@id":"https:\/\/nembutalboutique.com\/#organization","name":"Boutique del Nembutal","url":"https:\/\/nembutalboutique.com\/","logo":{"@type":"ImageObject","inLanguage":"it-IT","@id":"https:\/\/nembutalboutique.com\/#\/schema\/logo\/image\/","url":"https:\/\/nembutalboutique.com\/wp-content\/uploads\/2024\/01\/logo.png","contentUrl":"https:\/\/nembutalboutique.com\/wp-content\/uploads\/2024\/01\/logo.png","width":494,"height":121,"caption":"Nembutal Boutique"},"image":{"@id":"https:\/\/nembutalboutique.com\/#\/schema\/logo\/image\/"}}]}},"_links":{"self":[{"href":"https:\/\/nembutalboutique.com\/it\/wp-json\/wp\/v2\/product\/2688"}],"collection":[{"href":"https:\/\/nembutalboutique.com\/it\/wp-json\/wp\/v2\/product"}],"about":[{"href":"https:\/\/nembutalboutique.com\/it\/wp-json\/wp\/v2\/types\/product"}],"replies":[{"embeddable":true,"href":"https:\/\/nembutalboutique.com\/it\/wp-json\/wp\/v2\/comments?post=2688"}],"wp:featuredmedia":[{"embeddable":true,"href":"https:\/\/nembutalboutique.com\/it\/wp-json\/wp\/v2\/media\/2701"}],"wp:attachment":[{"href":"https:\/\/nembutalboutique.com\/it\/wp-json\/wp\/v2\/media?parent=2688"}],"wp:term":[{"taxonomy":"product_brand","embeddable":true,"href":"https:\/\/nembutalboutique.com\/it\/wp-json\/wp\/v2\/product_brand?post=2688"},{"taxonomy":"product_cat","embeddable":true,"href":"https:\/\/nembutalboutique.com\/it\/wp-json\/wp\/v2\/product_cat?post=2688"},{"taxonomy":"product_tag","embeddable":true,"href":"https:\/\/nembutalboutique.com\/it\/wp-json\/wp\/v2\/product_tag?post=2688"}],"curies":[{"name":"wp","href":"https:\/\/api.w.org\/{rel}","templated":true}]}}