{"id":2683,"date":"2024-09-16T08:11:43","date_gmt":"2024-09-16T08:11:43","guid":{"rendered":"https:\/\/nembutalboutique.com\/?post_type=product&#038;p=2683"},"modified":"2024-09-20T11:15:31","modified_gmt":"2024-09-20T11:15:31","slug":"bmdp","status":"publish","type":"product","link":"https:\/\/nembutalboutique.com\/it\/prodotto\/acquistare-bmdp-online\/","title":{"rendered":"BMDP"},"content":{"rendered":"<h2>BMDP-Pulver pu\u00f2 essere acquistato online.<\/h2>\n<p>Strutturalmente, il <a href=\"https:\/\/nembutalboutique.com\/produit\/bmdp\/\">BMDP<\/a> \u00e8 paragonabile al metilone e pu\u00f2 essere utilizzato come sostituto del catinone. Il gruppo metile aggiunto alla famiglia molecolare fenilica del BMDP riduce notevolmente il peso molecolare in soluzioni acquose. Attualmente non sono disponibili informazioni sulle caratteristiche fisiologiche o tossicologiche del BMDP. L'uso del BMDP \u00e8 limitato a scopi forensi e investigativi.<\/p>\n<p>Formulante: 1-[ammino (fenilmetil)]2,3-(1,3-benzodiossolo-5-il) Der Monoclorocarbon 1-propanon<\/p>\n<p>Altri nomi per questo : BMDP<\/p>\n<p>Peso della formula: 319,8<\/p>\n<p>Rinnovo al 100 %<\/p>\n<p>Formulazione: un solido contenente cristalli<\/p>\n<p>Alcuni stimolanti e agonisti sono esempi di sostituti della catechina derivati dalla catechina. Oltre ad altri materiali di sostituzione, hanno un anello di fenolftalamina con un gruppo alchilico attaccato al catalizzatore alfa e un gruppo chetonico attaccato al catalizzatore beta. La pianta di Khat, le cui foglie sono utilizzate come droga ricreativa, \u00e8 naturalmente composta da ftalone.<br \/>\nLa polvere di BMDP \u00e8 una catechina sintetica con una struttura simile al metilone. L'aggiunta di una famiglia fenilica al gruppo aminometilico della molecola di BMDP in polvere riduce notevolmente la sua solubilit\u00e0 in soluzioni acquose. Attualmente si sa poco sulle caratteristiche fisiologiche e tossicologiche della polvere. <a href=\"https:\/\/en.wikipedia.org\/wiki\/BMDP\">BMDP<\/a>. La polvere di BMDP deve essere utilizzata solo per scopi scientifici e forensi.<\/p>\n<h3>Che cos'\u00e8 il BDMP?<\/h3>\n<p>Il BDMP \u00e8 una sostanza chimica di ricerca appartenente alla classe delle catechine sintetiche. Questi metodi di ricerca rivelano il metilone in massa. Poich\u00e9 il BDMP \u00e8 una metodologia di ricerca relativamente nuova, non esiste ancora un numero significativo di rapporti di prova relativi ai risultati sperimentali. Tuttavia, secondo i rapporti preliminari, l'esperimento ha prodotto risultati come stimolazione, osservazioni fisiche estemporanee, miglioramento delle capacit\u00e0 motorie, calma, riduzione dell'ansia, accelerazione dei processi di pensiero, aumento della motivazione, miglioramento dell'empatia e miglioramento della comprensione musicale. Quando si effettuano esperimenti con il BDMP, bisogna sempre prestare attenzione alle appropriate procedure di sicurezza in laboratorio e mantenere la Dove posso acquistare il BDMP?<br \/>\nChemical Planet offre BDMP di altissima qualit\u00e0. Siamo uno dei principali fornitori mondiali di prodotti chimici per la ricerca. Il nostro BDMP \u00e8 normalmente fornito in forma di cristallo. Tuttavia, occasionalmente offriamo formati alternativi: contattateci se preferite un formato diverso.<\/p>\n<p>Per acquistare BDMP \u00e8 necessario avere almeno diciotto anni. Inoltre, \u00e8 necessario comportarsi in conformit\u00e0 con le leggi del proprio Paese quando si conduce una ricerca chimica presso G\u00e4nze. Il nostro BDMP non \u00e8 specificamente destinato all'uso in medicina umana o veterinaria; \u00e8 destinato esclusivamente a scopi scientifici.<\/p>\n<h3>Legittimit\u00e0 della BDMP<\/h3>\n<p>Poich\u00e9 il BDMP non \u00e8 autorizzato nella maggior parte degli Stati, \u00e8 completamente legale nella maggior parte dei luoghi. Tuttavia, pu\u00f2 essere considerato un analogo del metilone e quindi un luogo dove il metilone \u00e8 autorizzato.<\/p>","protected":false},"excerpt":{"rendered":"<p>BMDP-Pulver peut \u00eatre achet\u00e9 en ligne. Structurellement, le BMDP est comparable \u00e0 la m\u00e9thylone et peut \u00eatre utilis\u00e9 comme substitut de la cathinone. Le groupe m\u00e9thyle ajout\u00e9 \u00e0 la famille mol\u00e9culaire ph\u00e9nyle du BMDP r\u00e9duit consid\u00e9rablement le poids mol\u00e9culaire dans les solutions aqueuses. Il n&rsquo;existe actuellement aucune information disponible concernant les caract\u00e9ristiques physiologiques ou toxicologiques [&hellip;]<\/p>","protected":false},"featured_media":2696,"comment_status":"open","ping_status":"closed","template":"","meta":{"_joinchat":[]},"product_brand":[],"product_cat":[447],"product_tag":[],"class_list":{"0":"post-2683","1":"product","2":"type-product","3":"status-publish","4":"has-post-thumbnail","6":"product_cat-stimulants","8":"first","9":"instock","10":"shipping-taxable","11":"purchasable","12":"product-type-variable"},"yoast_head":"<!-- This site is optimized with the Yoast SEO plugin v23.5 - https:\/\/yoast.com\/wordpress\/plugins\/seo\/ -->\n<title>Acheter BMDP en ligne - BMDP \u00e0 vendre en ligne<\/title>\n<meta name=\"description\" content=\"Si vous souhaitez acheter du BMDP en ligne sans ordonnance, Nembutal Boutique.com est le meilleur endroit pour acheter du BMDP en ligne, du BMDP \u00e0 vendre et du BMDP en ligne au meilleur prix. Commandez maintenant !\" \/>\n<meta name=\"robots\" content=\"index, follow, max-snippet:-1, max-image-preview:large, max-video-preview:-1\" \/>\n<link rel=\"canonical\" href=\"https:\/\/nembutalboutique.com\/it\/prodotto\/acquistare-bmdp-online\/\" \/>\n<meta property=\"og:locale\" content=\"it_IT\" \/>\n<meta property=\"og:type\" content=\"article\" \/>\n<meta property=\"og:title\" content=\"Acheter BMDP en ligne - BMDP \u00e0 vendre en ligne\" \/>\n<meta property=\"og:description\" content=\"Si vous souhaitez acheter du BMDP en ligne sans ordonnance, Nembutal Boutique.com est le meilleur endroit pour acheter du BMDP en ligne, du BMDP \u00e0 vendre et du BMDP en ligne au meilleur prix. Commandez maintenant !\" \/>\n<meta property=\"og:url\" content=\"https:\/\/nembutalboutique.com\/it\/prodotto\/acquistare-bmdp-online\/\" \/>\n<meta property=\"og:site_name\" content=\"Nembutal Boutique\" \/>\n<meta property=\"article:modified_time\" content=\"2024-09-20T11:15:31+00:00\" \/>\n<meta property=\"og:image\" content=\"https:\/\/nembutalboutique.com\/wp-content\/uploads\/2024\/09\/BMDP.gif\" \/>\n\t<meta property=\"og:image:width\" content=\"600\" \/>\n\t<meta property=\"og:image:height\" content=\"600\" \/>\n\t<meta property=\"og:image:type\" content=\"image\/gif\" \/>\n<meta name=\"twitter:card\" content=\"summary_large_image\" \/>\n<meta name=\"twitter:label1\" content=\"Tempo di lettura stimato\" \/>\n\t<meta name=\"twitter:data1\" content=\"3 minuti\" \/>\n<script type=\"application\/ld+json\" class=\"yoast-schema-graph\">{\"@context\":\"https:\/\/schema.org\",\"@graph\":[{\"@type\":\"WebPage\",\"@id\":\"https:\/\/nembutalboutique.com\/produit\/bmdp\/\",\"url\":\"https:\/\/nembutalboutique.com\/produit\/bmdp\/\",\"name\":\"Acheter BMDP en ligne - BMDP \u00e0 vendre en ligne\",\"isPartOf\":{\"@id\":\"https:\/\/nembutalboutique.com\/#website\"},\"primaryImageOfPage\":{\"@id\":\"https:\/\/nembutalboutique.com\/produit\/bmdp\/#primaryimage\"},\"image\":{\"@id\":\"https:\/\/nembutalboutique.com\/produit\/bmdp\/#primaryimage\"},\"thumbnailUrl\":\"https:\/\/nembutalboutique.com\/wp-content\/uploads\/2024\/09\/BMDP.gif\",\"datePublished\":\"2024-09-16T08:11:43+00:00\",\"dateModified\":\"2024-09-20T11:15:31+00:00\",\"description\":\"Si vous souhaitez acheter du BMDP en ligne sans ordonnance, Nembutal Boutique.com est le meilleur endroit pour acheter du BMDP en ligne, du BMDP \u00e0 vendre et du BMDP en ligne au meilleur prix. Commandez maintenant !\",\"breadcrumb\":{\"@id\":\"https:\/\/nembutalboutique.com\/produit\/bmdp\/#breadcrumb\"},\"inLanguage\":\"it-IT\",\"potentialAction\":[{\"@type\":\"ReadAction\",\"target\":[\"https:\/\/nembutalboutique.com\/produit\/bmdp\/\"]}]},{\"@type\":\"ImageObject\",\"inLanguage\":\"it-IT\",\"@id\":\"https:\/\/nembutalboutique.com\/produit\/bmdp\/#primaryimage\",\"url\":\"https:\/\/nembutalboutique.com\/wp-content\/uploads\/2024\/09\/BMDP.gif\",\"contentUrl\":\"https:\/\/nembutalboutique.com\/wp-content\/uploads\/2024\/09\/BMDP.gif\",\"width\":600,\"height\":600,\"caption\":\"Acheter BMDP.gif\"},{\"@type\":\"BreadcrumbList\",\"@id\":\"https:\/\/nembutalboutique.com\/produit\/bmdp\/#breadcrumb\",\"itemListElement\":[{\"@type\":\"ListItem\",\"position\":1,\"name\":\"Home\",\"item\":\"https:\/\/nembutalboutique.com\/\"},{\"@type\":\"ListItem\",\"position\":2,\"name\":\"Boutique\",\"item\":\"https:\/\/nembutalboutique.com\/shop\/\"},{\"@type\":\"ListItem\",\"position\":3,\"name\":\"BMDP\"}]},{\"@type\":\"WebSite\",\"@id\":\"https:\/\/nembutalboutique.com\/#website\",\"url\":\"https:\/\/nembutalboutique.com\/\",\"name\":\"Nembutal Boutique\",\"description\":\"My WordPress Blog\",\"publisher\":{\"@id\":\"https:\/\/nembutalboutique.com\/#organization\"},\"potentialAction\":[{\"@type\":\"SearchAction\",\"target\":{\"@type\":\"EntryPoint\",\"urlTemplate\":\"https:\/\/nembutalboutique.com\/?s={search_term_string}\"},\"query-input\":{\"@type\":\"PropertyValueSpecification\",\"valueRequired\":true,\"valueName\":\"search_term_string\"}}],\"inLanguage\":\"it-IT\"},{\"@type\":\"Organization\",\"@id\":\"https:\/\/nembutalboutique.com\/#organization\",\"name\":\"Nembutal Boutique\",\"url\":\"https:\/\/nembutalboutique.com\/\",\"logo\":{\"@type\":\"ImageObject\",\"inLanguage\":\"it-IT\",\"@id\":\"https:\/\/nembutalboutique.com\/#\/schema\/logo\/image\/\",\"url\":\"https:\/\/nembutalboutique.com\/wp-content\/uploads\/2024\/01\/logo.png\",\"contentUrl\":\"https:\/\/nembutalboutique.com\/wp-content\/uploads\/2024\/01\/logo.png\",\"width\":494,\"height\":121,\"caption\":\"Nembutal Boutique\"},\"image\":{\"@id\":\"https:\/\/nembutalboutique.com\/#\/schema\/logo\/image\/\"}}]}<\/script>\n<!-- \/ Yoast SEO plugin. -->","yoast_head_json":{"title":"Acquistare BMDP online - BMDP in vendita online","description":"Se si desidera acquistare BMDP online senza ricetta, Nembutal Boutique.com \u00e8 il posto migliore per acquistare BMDP online, BMDP in vendita e BMDP online al miglior prezzo. Ordinate ora!","robots":{"index":"index","follow":"follow","max-snippet":"max-snippet:-1","max-image-preview":"max-image-preview:large","max-video-preview":"max-video-preview:-1"},"canonical":"https:\/\/nembutalboutique.com\/it\/prodotto\/acquistare-bmdp-online\/","og_locale":"it_IT","og_type":"article","og_title":"Acheter BMDP en ligne - BMDP \u00e0 vendre en ligne","og_description":"Si vous souhaitez acheter du BMDP en ligne sans ordonnance, Nembutal Boutique.com est le meilleur endroit pour acheter du BMDP en ligne, du BMDP \u00e0 vendre et du BMDP en ligne au meilleur prix. Commandez maintenant !","og_url":"https:\/\/nembutalboutique.com\/it\/prodotto\/acquistare-bmdp-online\/","og_site_name":"Nembutal Boutique","article_modified_time":"2024-09-20T11:15:31+00:00","og_image":[{"width":600,"height":600,"url":"https:\/\/nembutalboutique.com\/wp-content\/uploads\/2024\/09\/BMDP.gif","type":"image\/gif"}],"twitter_card":"summary_large_image","twitter_misc":{"Tempo di lettura stimato":"3 minuti"},"schema":{"@context":"https:\/\/schema.org","@graph":[{"@type":"WebPage","@id":"https:\/\/nembutalboutique.com\/produit\/bmdp\/","url":"https:\/\/nembutalboutique.com\/produit\/bmdp\/","name":"Acquistare BMDP online - BMDP in vendita online","isPartOf":{"@id":"https:\/\/nembutalboutique.com\/#website"},"primaryImageOfPage":{"@id":"https:\/\/nembutalboutique.com\/produit\/bmdp\/#primaryimage"},"image":{"@id":"https:\/\/nembutalboutique.com\/produit\/bmdp\/#primaryimage"},"thumbnailUrl":"https:\/\/nembutalboutique.com\/wp-content\/uploads\/2024\/09\/BMDP.gif","datePublished":"2024-09-16T08:11:43+00:00","dateModified":"2024-09-20T11:15:31+00:00","description":"Se si desidera acquistare BMDP online senza ricetta, Nembutal Boutique.com \u00e8 il posto migliore per acquistare BMDP online, BMDP in vendita e BMDP online al miglior prezzo. Ordinate ora!","breadcrumb":{"@id":"https:\/\/nembutalboutique.com\/produit\/bmdp\/#breadcrumb"},"inLanguage":"it-IT","potentialAction":[{"@type":"ReadAction","target":["https:\/\/nembutalboutique.com\/produit\/bmdp\/"]}]},{"@type":"ImageObject","inLanguage":"it-IT","@id":"https:\/\/nembutalboutique.com\/produit\/bmdp\/#primaryimage","url":"https:\/\/nembutalboutique.com\/wp-content\/uploads\/2024\/09\/BMDP.gif","contentUrl":"https:\/\/nembutalboutique.com\/wp-content\/uploads\/2024\/09\/BMDP.gif","width":600,"height":600,"caption":"Acheter BMDP.gif"},{"@type":"BreadcrumbList","@id":"https:\/\/nembutalboutique.com\/produit\/bmdp\/#breadcrumb","itemListElement":[{"@type":"ListItem","position":1,"name":"Home","item":"https:\/\/nembutalboutique.com\/"},{"@type":"ListItem","position":2,"name":"Boutique","item":"https:\/\/nembutalboutique.com\/shop\/"},{"@type":"ListItem","position":3,"name":"BMDP"}]},{"@type":"WebSite","@id":"https:\/\/nembutalboutique.com\/#website","url":"https:\/\/nembutalboutique.com\/","name":"Boutique del Nembutal","description":"Il mio blog WordPress","publisher":{"@id":"https:\/\/nembutalboutique.com\/#organization"},"potentialAction":[{"@type":"SearchAction","target":{"@type":"EntryPoint","urlTemplate":"https:\/\/nembutalboutique.com\/?s={search_term_string}"},"query-input":{"@type":"PropertyValueSpecification","valueRequired":true,"valueName":"search_term_string"}}],"inLanguage":"it-IT"},{"@type":"Organization","@id":"https:\/\/nembutalboutique.com\/#organization","name":"Boutique del Nembutal","url":"https:\/\/nembutalboutique.com\/","logo":{"@type":"ImageObject","inLanguage":"it-IT","@id":"https:\/\/nembutalboutique.com\/#\/schema\/logo\/image\/","url":"https:\/\/nembutalboutique.com\/wp-content\/uploads\/2024\/01\/logo.png","contentUrl":"https:\/\/nembutalboutique.com\/wp-content\/uploads\/2024\/01\/logo.png","width":494,"height":121,"caption":"Nembutal Boutique"},"image":{"@id":"https:\/\/nembutalboutique.com\/#\/schema\/logo\/image\/"}}]}},"_links":{"self":[{"href":"https:\/\/nembutalboutique.com\/it\/wp-json\/wp\/v2\/product\/2683"}],"collection":[{"href":"https:\/\/nembutalboutique.com\/it\/wp-json\/wp\/v2\/product"}],"about":[{"href":"https:\/\/nembutalboutique.com\/it\/wp-json\/wp\/v2\/types\/product"}],"replies":[{"embeddable":true,"href":"https:\/\/nembutalboutique.com\/it\/wp-json\/wp\/v2\/comments?post=2683"}],"wp:featuredmedia":[{"embeddable":true,"href":"https:\/\/nembutalboutique.com\/it\/wp-json\/wp\/v2\/media\/2696"}],"wp:attachment":[{"href":"https:\/\/nembutalboutique.com\/it\/wp-json\/wp\/v2\/media?parent=2683"}],"wp:term":[{"taxonomy":"product_brand","embeddable":true,"href":"https:\/\/nembutalboutique.com\/it\/wp-json\/wp\/v2\/product_brand?post=2683"},{"taxonomy":"product_cat","embeddable":true,"href":"https:\/\/nembutalboutique.com\/it\/wp-json\/wp\/v2\/product_cat?post=2683"},{"taxonomy":"product_tag","embeddable":true,"href":"https:\/\/nembutalboutique.com\/it\/wp-json\/wp\/v2\/product_tag?post=2683"}],"curies":[{"name":"wp","href":"https:\/\/api.w.org\/{rel}","templated":true}]}}