{"id":2644,"date":"2024-09-16T08:11:27","date_gmt":"2024-09-16T08:11:27","guid":{"rendered":"https:\/\/nembutalboutique.com\/?post_type=product&#038;p=2644"},"modified":"2024-09-21T03:58:23","modified_gmt":"2024-09-21T03:58:23","slug":"mcpep","status":"publish","type":"product","link":"https:\/\/nembutalboutique.com\/it\/prodotto\/acquistare-mcpep-online\/","title":{"rendered":"MCPEP"},"content":{"rendered":"<h2>Acquistate il vostro MCPEP online.<\/h2>\n<p>Negozio online MCPEP : <a href=\"https:\/\/nembutalboutique.com\/produit\/mcpep\/\">MCPEP<\/a> non ha un negozio fisico; \u00e8 l'unico posto dove \u00e8 possibile acquistare una variet\u00e0 di materie plastiche sotto lo stesso tetto. MCPEP via Internet. La Flakka, spesso nota come Rock, \u00e8 una droga stimolante sviluppata negli anni '60 per la classe Cathinon.<\/p>\n<p>L'MCPEP \u00e8 una fonte di energia sintetica delle classi pirovalerion e cathinon che pu\u00f2 essere acquistata online. \u00c8 simile ad altre miscele sintetiche di pirovalori, come MDPV e Cathinon. \u00c8 generalmente disponibile sotto forma di grandi e bellissimi frammenti di pietra o come polvere simile al vetro che gli utenti possono succhiare per ottenere un effetto simile all'anfetamina.<\/p>\n<p><a href=\"https:\/\/en.wikipedia.org\/wiki\/Meta-Chlorophenylpiperazine\">MCPEP<\/a>acquistabile online, \u00e8 un semplice prolintano che si identifica specificamente con il pirovaleron e viene spesso utilizzato come droga ricreativa.<\/p>\n<p>Il pirovalerone inibisce l'assorbimento di specifiche sinapsi monoaminiche, come quelle della dopamina e della noradrenalina, legandosi ai loro trasportatori. L'unica differenza tra l'1,2-\u03b1-pirrolidinopentiofenone (cloridrato) e il pirovalerone \u00e8 che quest'ultimo non ha un gruppo metile sul residuo fenilico. Si pensa che funzioni come stimolante energetico psicotropo, proprio come il Pyrovaleron. Questo articolo viene utilizzato in contesti legali.<\/p>\n<h3>\u00c8 IL MIGLIOR SITO PER LA VENDITA DI SOFTWARE MCPEP ONLINE NEMBUTALBOUTIQUE?<\/h3>\n<p>NembuKauFlog \u00e8 un fornitore autorizzato di grandi e piccole quantit\u00e0 di carni autentiche come il Mcpep. La nostra azienda garantisce non solo la massima qualit\u00e0 di MCPEP, ma anche un imballaggio speciale e una spedizione sicura in tutto il mondo.<\/p>\n<p>La fascia critica che appare una volta controllato l'MCPEP. Alcuni pazienti hanno dichiarato che l'uso dell'MCPEP per smettere di fumare sigarette era di solito molto pi\u00f9 del necessario perch\u00e9 i loro<br \/>\nDa noi sono disponibili solo prodotti di alta qualit\u00e0 per scopi di ricerca. Nel nostro negozio online potrete trovare i prodotti pi\u00f9 semplici e particolari di MCPEP. Comunichiamo con i nostri clienti e siamo orgogliosi di fornire servizi di alta qualit\u00e0.<\/p>\n<p>L'MCPEP, che pu\u00f2 essere acquistato online, \u00e8 identificato specificamente come Pyrovaleron ed \u00e8 una forma base del Prolintan. Viene spesso utilizzata come droga ricreativa.<\/p>\n<h3>Ordine MCPEP-Pulver<\/h3>\n<p>Questo pirovalenone inibisce le sostanze sovraccaricate in diverse sinapsi monoaminiche, come la noradrenalina e la dopamina, impedendone l'assorbimento. L'1,2-idrocloridopentifenone (cloridrato) \u00e8 un piroclaride semplice a cui manca solo il gruppo metilico situato sulla fenileina dei piroclaridi. Questa combinazione \u00e8 considerata una fonte di energia psicoattiva, simile al pirovalerone. Questo elemento \u00e8 utilizzato in applicazioni legali.<\/p>\n<h3>Comprare WARUMDove \u00e8 il posto migliore per comprare MCPEP online? Nembutal?<\/h3>\n<p>In qualit\u00e0 di rivenditore autorizzato, Houston Research Chemicals offre scambi all'ingrosso e individuali di polveri genuine come McPep. La nostra organizzazione garantisce non solo la migliore qualit\u00e0 di MCPEP, ma anche un raggruppamento eccezionale e una promozione sicura quando si acquista Globus MCPEP online.<\/p>","protected":false},"excerpt":{"rendered":"<p>Achetez votre MCPEP en ligne. Boutique en ligne MCPEP : MCPEP n&rsquo;a pas de magasin physique ; c&rsquo;est le seul endroit o\u00f9 l&rsquo;on peut se procurer une vari\u00e9t\u00e9 de plastiques sous un m\u00eame toit. MCPEP via Internet. Flakka, souvent connu sous le nom de Rock, est un m\u00e9dicament stimulant d\u00e9velopp\u00e9 dans les ann\u00e9es 1960 pour [&hellip;]<\/p>","protected":false},"featured_media":2662,"comment_status":"open","ping_status":"closed","template":"","meta":{"_joinchat":[]},"product_brand":[],"product_cat":[387,385],"product_tag":[],"class_list":{"0":"post-2644","1":"product","2":"type-product","3":"status-publish","4":"has-post-thumbnail","6":"product_cat-cathinone","7":"product_cat-forschung-schemikalien","9":"first","10":"instock","11":"shipping-taxable","12":"purchasable","13":"product-type-variable"},"yoast_head":"<!-- This site is optimized with the Yoast SEO plugin v23.5 - https:\/\/yoast.com\/wordpress\/plugins\/seo\/ -->\n<title>Acheter MCPEP en ligne - MCPEP \u00e0 vendre - Commander MCPEP<\/title>\n<meta name=\"description\" content=\"Nembutal Boutique est le meilleur endroit pour acheter du MCPEP en ligne. Nous proposons du MCPEP \u00e0 la vente aux meilleurs prix. Obtenez le meilleur prix avec des offres incroyables, r\u00e9servez votre commande maintenant !\" \/>\n<meta name=\"robots\" content=\"index, follow, max-snippet:-1, max-image-preview:large, max-video-preview:-1\" \/>\n<link rel=\"canonical\" href=\"https:\/\/nembutalboutique.com\/it\/prodotto\/acquistare-mcpep-online\/\" \/>\n<meta property=\"og:locale\" content=\"it_IT\" \/>\n<meta property=\"og:type\" content=\"article\" \/>\n<meta property=\"og:title\" content=\"Acheter MCPEP en ligne - MCPEP \u00e0 vendre - Commander MCPEP\" \/>\n<meta property=\"og:description\" content=\"Nembutal Boutique est le meilleur endroit pour acheter du MCPEP en ligne. Nous proposons du MCPEP \u00e0 la vente aux meilleurs prix. Obtenez le meilleur prix avec des offres incroyables, r\u00e9servez votre commande maintenant !\" \/>\n<meta property=\"og:url\" content=\"https:\/\/nembutalboutique.com\/it\/prodotto\/acquistare-mcpep-online\/\" \/>\n<meta property=\"og:site_name\" content=\"Nembutal Boutique\" \/>\n<meta property=\"article:modified_time\" content=\"2024-09-21T03:58:23+00:00\" \/>\n<meta property=\"og:image\" content=\"https:\/\/nembutalboutique.com\/wp-content\/uploads\/2024\/09\/Mcpep.gif\" \/>\n\t<meta property=\"og:image:width\" content=\"600\" \/>\n\t<meta property=\"og:image:height\" content=\"600\" \/>\n\t<meta property=\"og:image:type\" content=\"image\/gif\" \/>\n<meta name=\"twitter:card\" content=\"summary_large_image\" \/>\n<meta name=\"twitter:label1\" content=\"Tempo di lettura stimato\" \/>\n\t<meta name=\"twitter:data1\" content=\"3 minuti\" \/>\n<script type=\"application\/ld+json\" class=\"yoast-schema-graph\">{\"@context\":\"https:\/\/schema.org\",\"@graph\":[{\"@type\":\"WebPage\",\"@id\":\"https:\/\/nembutalboutique.com\/produit\/mcpep\/\",\"url\":\"https:\/\/nembutalboutique.com\/produit\/mcpep\/\",\"name\":\"Acheter MCPEP en ligne - MCPEP \u00e0 vendre - Commander MCPEP\",\"isPartOf\":{\"@id\":\"https:\/\/nembutalboutique.com\/#website\"},\"primaryImageOfPage\":{\"@id\":\"https:\/\/nembutalboutique.com\/produit\/mcpep\/#primaryimage\"},\"image\":{\"@id\":\"https:\/\/nembutalboutique.com\/produit\/mcpep\/#primaryimage\"},\"thumbnailUrl\":\"https:\/\/nembutalboutique.com\/wp-content\/uploads\/2024\/09\/Mcpep.gif\",\"datePublished\":\"2024-09-16T08:11:27+00:00\",\"dateModified\":\"2024-09-21T03:58:23+00:00\",\"description\":\"Nembutal Boutique est le meilleur endroit pour acheter du MCPEP en ligne. Nous proposons du MCPEP \u00e0 la vente aux meilleurs prix. Obtenez le meilleur prix avec des offres incroyables, r\u00e9servez votre commande maintenant !\",\"breadcrumb\":{\"@id\":\"https:\/\/nembutalboutique.com\/produit\/mcpep\/#breadcrumb\"},\"inLanguage\":\"it-IT\",\"potentialAction\":[{\"@type\":\"ReadAction\",\"target\":[\"https:\/\/nembutalboutique.com\/produit\/mcpep\/\"]}]},{\"@type\":\"ImageObject\",\"inLanguage\":\"it-IT\",\"@id\":\"https:\/\/nembutalboutique.com\/produit\/mcpep\/#primaryimage\",\"url\":\"https:\/\/nembutalboutique.com\/wp-content\/uploads\/2024\/09\/Mcpep.gif\",\"contentUrl\":\"https:\/\/nembutalboutique.com\/wp-content\/uploads\/2024\/09\/Mcpep.gif\",\"width\":600,\"height\":600,\"caption\":\"Acheter Mcpep.gif\"},{\"@type\":\"BreadcrumbList\",\"@id\":\"https:\/\/nembutalboutique.com\/produit\/mcpep\/#breadcrumb\",\"itemListElement\":[{\"@type\":\"ListItem\",\"position\":1,\"name\":\"Home\",\"item\":\"https:\/\/nembutalboutique.com\/\"},{\"@type\":\"ListItem\",\"position\":2,\"name\":\"Boutique\",\"item\":\"https:\/\/nembutalboutique.com\/shop\/\"},{\"@type\":\"ListItem\",\"position\":3,\"name\":\"MCPEP\"}]},{\"@type\":\"WebSite\",\"@id\":\"https:\/\/nembutalboutique.com\/#website\",\"url\":\"https:\/\/nembutalboutique.com\/\",\"name\":\"Nembutal Boutique\",\"description\":\"My WordPress Blog\",\"publisher\":{\"@id\":\"https:\/\/nembutalboutique.com\/#organization\"},\"potentialAction\":[{\"@type\":\"SearchAction\",\"target\":{\"@type\":\"EntryPoint\",\"urlTemplate\":\"https:\/\/nembutalboutique.com\/?s={search_term_string}\"},\"query-input\":{\"@type\":\"PropertyValueSpecification\",\"valueRequired\":true,\"valueName\":\"search_term_string\"}}],\"inLanguage\":\"it-IT\"},{\"@type\":\"Organization\",\"@id\":\"https:\/\/nembutalboutique.com\/#organization\",\"name\":\"Nembutal Boutique\",\"url\":\"https:\/\/nembutalboutique.com\/\",\"logo\":{\"@type\":\"ImageObject\",\"inLanguage\":\"it-IT\",\"@id\":\"https:\/\/nembutalboutique.com\/#\/schema\/logo\/image\/\",\"url\":\"https:\/\/nembutalboutique.com\/wp-content\/uploads\/2024\/01\/logo.png\",\"contentUrl\":\"https:\/\/nembutalboutique.com\/wp-content\/uploads\/2024\/01\/logo.png\",\"width\":494,\"height\":121,\"caption\":\"Nembutal Boutique\"},\"image\":{\"@id\":\"https:\/\/nembutalboutique.com\/#\/schema\/logo\/image\/\"}}]}<\/script>\n<!-- \/ Yoast SEO plugin. -->","yoast_head_json":{"title":"Acquistare MCPEP online - MCPEP in vendita - Ordinare MCPEP","description":"Nembutal Boutique \u00e8 il posto migliore per acquistare MCPEP online. Offriamo MCPEP in vendita ai migliori prezzi. Ottieni il miglior prezzo con offerte incredibili, prenota subito il tuo ordine!","robots":{"index":"index","follow":"follow","max-snippet":"max-snippet:-1","max-image-preview":"max-image-preview:large","max-video-preview":"max-video-preview:-1"},"canonical":"https:\/\/nembutalboutique.com\/it\/prodotto\/acquistare-mcpep-online\/","og_locale":"it_IT","og_type":"article","og_title":"Acheter MCPEP en ligne - MCPEP \u00e0 vendre - Commander MCPEP","og_description":"Nembutal Boutique est le meilleur endroit pour acheter du MCPEP en ligne. Nous proposons du MCPEP \u00e0 la vente aux meilleurs prix. Obtenez le meilleur prix avec des offres incroyables, r\u00e9servez votre commande maintenant !","og_url":"https:\/\/nembutalboutique.com\/it\/prodotto\/acquistare-mcpep-online\/","og_site_name":"Nembutal Boutique","article_modified_time":"2024-09-21T03:58:23+00:00","og_image":[{"width":600,"height":600,"url":"https:\/\/nembutalboutique.com\/wp-content\/uploads\/2024\/09\/Mcpep.gif","type":"image\/gif"}],"twitter_card":"summary_large_image","twitter_misc":{"Tempo di lettura stimato":"3 minuti"},"schema":{"@context":"https:\/\/schema.org","@graph":[{"@type":"WebPage","@id":"https:\/\/nembutalboutique.com\/produit\/mcpep\/","url":"https:\/\/nembutalboutique.com\/produit\/mcpep\/","name":"Acquistare MCPEP online - MCPEP in vendita - Ordinare MCPEP","isPartOf":{"@id":"https:\/\/nembutalboutique.com\/#website"},"primaryImageOfPage":{"@id":"https:\/\/nembutalboutique.com\/produit\/mcpep\/#primaryimage"},"image":{"@id":"https:\/\/nembutalboutique.com\/produit\/mcpep\/#primaryimage"},"thumbnailUrl":"https:\/\/nembutalboutique.com\/wp-content\/uploads\/2024\/09\/Mcpep.gif","datePublished":"2024-09-16T08:11:27+00:00","dateModified":"2024-09-21T03:58:23+00:00","description":"Nembutal Boutique \u00e8 il posto migliore per acquistare MCPEP online. Offriamo MCPEP in vendita ai migliori prezzi. Ottieni il miglior prezzo con offerte incredibili, prenota subito il tuo ordine!","breadcrumb":{"@id":"https:\/\/nembutalboutique.com\/produit\/mcpep\/#breadcrumb"},"inLanguage":"it-IT","potentialAction":[{"@type":"ReadAction","target":["https:\/\/nembutalboutique.com\/produit\/mcpep\/"]}]},{"@type":"ImageObject","inLanguage":"it-IT","@id":"https:\/\/nembutalboutique.com\/produit\/mcpep\/#primaryimage","url":"https:\/\/nembutalboutique.com\/wp-content\/uploads\/2024\/09\/Mcpep.gif","contentUrl":"https:\/\/nembutalboutique.com\/wp-content\/uploads\/2024\/09\/Mcpep.gif","width":600,"height":600,"caption":"Acheter Mcpep.gif"},{"@type":"BreadcrumbList","@id":"https:\/\/nembutalboutique.com\/produit\/mcpep\/#breadcrumb","itemListElement":[{"@type":"ListItem","position":1,"name":"Home","item":"https:\/\/nembutalboutique.com\/"},{"@type":"ListItem","position":2,"name":"Boutique","item":"https:\/\/nembutalboutique.com\/shop\/"},{"@type":"ListItem","position":3,"name":"MCPEP"}]},{"@type":"WebSite","@id":"https:\/\/nembutalboutique.com\/#website","url":"https:\/\/nembutalboutique.com\/","name":"Boutique del Nembutal","description":"Il mio blog WordPress","publisher":{"@id":"https:\/\/nembutalboutique.com\/#organization"},"potentialAction":[{"@type":"SearchAction","target":{"@type":"EntryPoint","urlTemplate":"https:\/\/nembutalboutique.com\/?s={search_term_string}"},"query-input":{"@type":"PropertyValueSpecification","valueRequired":true,"valueName":"search_term_string"}}],"inLanguage":"it-IT"},{"@type":"Organization","@id":"https:\/\/nembutalboutique.com\/#organization","name":"Boutique del Nembutal","url":"https:\/\/nembutalboutique.com\/","logo":{"@type":"ImageObject","inLanguage":"it-IT","@id":"https:\/\/nembutalboutique.com\/#\/schema\/logo\/image\/","url":"https:\/\/nembutalboutique.com\/wp-content\/uploads\/2024\/01\/logo.png","contentUrl":"https:\/\/nembutalboutique.com\/wp-content\/uploads\/2024\/01\/logo.png","width":494,"height":121,"caption":"Nembutal Boutique"},"image":{"@id":"https:\/\/nembutalboutique.com\/#\/schema\/logo\/image\/"}}]}},"_links":{"self":[{"href":"https:\/\/nembutalboutique.com\/it\/wp-json\/wp\/v2\/product\/2644"}],"collection":[{"href":"https:\/\/nembutalboutique.com\/it\/wp-json\/wp\/v2\/product"}],"about":[{"href":"https:\/\/nembutalboutique.com\/it\/wp-json\/wp\/v2\/types\/product"}],"replies":[{"embeddable":true,"href":"https:\/\/nembutalboutique.com\/it\/wp-json\/wp\/v2\/comments?post=2644"}],"wp:featuredmedia":[{"embeddable":true,"href":"https:\/\/nembutalboutique.com\/it\/wp-json\/wp\/v2\/media\/2662"}],"wp:attachment":[{"href":"https:\/\/nembutalboutique.com\/it\/wp-json\/wp\/v2\/media?parent=2644"}],"wp:term":[{"taxonomy":"product_brand","embeddable":true,"href":"https:\/\/nembutalboutique.com\/it\/wp-json\/wp\/v2\/product_brand?post=2644"},{"taxonomy":"product_cat","embeddable":true,"href":"https:\/\/nembutalboutique.com\/it\/wp-json\/wp\/v2\/product_cat?post=2644"},{"taxonomy":"product_tag","embeddable":true,"href":"https:\/\/nembutalboutique.com\/it\/wp-json\/wp\/v2\/product_tag?post=2644"}],"curies":[{"name":"wp","href":"https:\/\/api.w.org\/{rel}","templated":true}]}}