{"id":2606,"date":"2024-09-16T08:11:15","date_gmt":"2024-09-16T08:11:15","guid":{"rendered":"https:\/\/nembutalboutique.com\/?post_type=product&#038;p=2606"},"modified":"2024-09-21T04:06:03","modified_gmt":"2024-09-21T04:06:03","slug":"sgt-67","status":"publish","type":"product","link":"https:\/\/nembutalboutique.com\/it\/prodotto\/acquistare-sgt-67-online\/","title":{"rendered":"SGT-67"},"content":{"rendered":"<h2>Acquistare SGT-67 su Nembutalboutique en ligne<\/h2>\n<p>Acquistare SGT-67, <a href=\"https:\/\/nembutalboutique.com\/produit\/sgt-67\/\">SGT-67<\/a> \u00e8 un tipo di droga sintetica nota come cannabidioide sintetico.<\/p>\n<p>Invece di un gruppo N-Adamantile, l'equivalente SGT-67 5F-APICA (5F-CUMYL-PICA) ha un gruppo N-Cumile. Si ritiene che il 5F-CUMYL-PICA funzioni come antagonista dei recettori dei cannabinoidi. Questo prodotto \u00e8 destinato all'uso in ambienti forensi e di ricerca.<\/p>\n<p>All'interno della famiglia dei cannabinoidi sintetici, <a href=\"https:\/\/en.wikipedia.org\/wiki\/CUMYL-4CN-BINACA\">Sgt-67<\/a> \u00e8 un legame di ricerca scoperto di recente. 1-(5-Fluorpentyl)-n-(2-phenylpropan-2-yl)-1h-indol-3-carboxamide \u00e8 il nome IUPAC del composto.<\/p>\n<h3>Per acquistare SGT-67 online, \u00e8 sufficiente cliccare sul banner \"Acquista ora\" su Buy Nembutal.<\/h3>\n<p>I microsomi e gli epatoziti di ratto e dell'uomo sono utilizzati per l'uso in vivo dell'urina e del plasma di ratto con il metabolismo e l'autorizzazione delle sostanze chimiche di ricerca.<\/p>\n<h3>Inoltre, \u00e8 stata studiata l'ipotermia ed \u00e8 stata implementata la terapia con microsomi.<\/h3>\n<p>Gli studi sull'ipotermia hanno anche rivelato che mentre il trattamento con microsomi ha portato a una rapida clearance metabolica, il metabolismo in vivo ha richiesto pi\u00f9 tempo ed \u00e8 stato rilevabile nel plasma dei ratti. L'identificazione di 28 molecole ha rivelato le propriet\u00e0 ipotermiche della ricerca chimica.<\/p>\n<h3>Specifiche di SGT-67 (5F-CUMYL-PICA)<\/h3>\n<p>Formula del peso molecolare: C23H27FN2O<\/p>\n<p>Peso molecolare: 366.471<\/p>\n<p>Il nome chimico di questo composto \u00e8 N-(2-fenilpropan-2-il)-1-(5-fluorpentil)-1H-indol-3-carbossamide.<\/p>\n<p>Numero di casi : 1400742-18-8<\/p>\n<p>Aspetto: polvere bianca<\/p>\n<p>Reinheit : (\u00e8 richiesta la verifica GCMS)<\/p>\n<p>Prodotti farmaceutici Fino ad ora, l'industria farmaceutica ha prestato poca attenzione a questo prodotto. Fondamentalmente, per\u00f2, si tratta di un membro sintetico della famiglia dei cannabinoidi Indazol. L'unica cosa che distingue il vostro prossimo verwandter \u00e8 che la formula ora richiede un gruppo N-Cumile anzich\u00e9 un gruppo N-Adamantile. Dovrebbe agganciare il recettore CB2 e mostrare una selettivit\u00e0 5F-CUMIL per il recettore CBI.<\/p>\n<p>Acquistate da noi.<\/p>\n<p>Noi di Nembutalboutique ci impegniamo a garantire la soddisfazione dei nostri clienti. Vendiamo SGT-67 a prezzi estremamente convenienti e di alta qualit\u00e0 a clienti di tutto il mondo. Contattateci oggi stesso per un servizio eccezionale.<\/p>\n<p>Abbiamo anche una variet\u00e0 di prodotti chimici disponibili per l'acquisto. Se avete bisogno di prodotti chimici che non sono elencati sul nostro sito web, contattateci. Vi informeremo sulla loro disponibilit\u00e0 e sul trasporto presso la vostra sede.<\/p>\n<p>Il vostro ordine sar\u00e0 imballato con cura e spedito in un foglio di alluminio. Abbiamo a disposizione diverse societ\u00e0 di trasporto a seconda della vostra posizione. Effettuate una prenotazione online per SGT-67 e contattateci per maggiori dettagli. Acquistare SGT-67.<\/p>","protected":false},"excerpt":{"rendered":"<p>Acheter SGT-67 sur Nembutalboutique en ligne Acheter SGT-67, SGT-67 est un type de drogue de synth\u00e8se connu sous le nom de cannabidioide synth\u00e9tique. Au lieu d&rsquo;un groupe N-Adamantyl, l&rsquo;\u00e9quivalent SGT-67 5F-APICA (5F-CUMYL-PICA) poss\u00e8de un groupe N-Cumyl. On pense que le 5F-CUMYL-PICA fonctionne comme un antagoniste des r\u00e9cepteurs cannabino\u00efdes. Cet article est destin\u00e9 \u00e0 \u00eatre utilis\u00e9 [&hellip;]<\/p>","protected":false},"featured_media":2629,"comment_status":"open","ping_status":"closed","template":"","meta":{"_joinchat":[]},"product_brand":[],"product_cat":[386,385],"product_tag":[],"class_list":{"0":"post-2606","1":"product","2":"type-product","3":"status-publish","4":"has-post-thumbnail","6":"product_cat-cannabinoids","7":"product_cat-forschung-schemikalien","9":"first","10":"instock","11":"shipping-taxable","12":"purchasable","13":"product-type-variable"},"yoast_head":"<!-- This site is optimized with the Yoast SEO plugin v23.5 - https:\/\/yoast.com\/wordpress\/plugins\/seo\/ -->\n<title>Achetez SGT-67 en ligne - SGT-67 \u00e0 vendre - Commandez SGT-67<\/title>\n<meta name=\"description\" content=\"Vous pouvez acheter le SGT-67 dans notre boutique en ligne et le recevoir \u00e0 votre porte sans aucun probl\u00e8me. Nous vous aidons \u00e0 acheter le SGT-67 en ligne. Passez simplement votre commande maintenant !\" \/>\n<meta name=\"robots\" content=\"index, follow, max-snippet:-1, max-image-preview:large, max-video-preview:-1\" \/>\n<link rel=\"canonical\" href=\"https:\/\/nembutalboutique.com\/it\/prodotto\/acquistare-sgt-67-online\/\" \/>\n<meta property=\"og:locale\" content=\"it_IT\" \/>\n<meta property=\"og:type\" content=\"article\" \/>\n<meta property=\"og:title\" content=\"Achetez SGT-67 en ligne - SGT-67 \u00e0 vendre - Commandez SGT-67\" \/>\n<meta property=\"og:description\" content=\"Vous pouvez acheter le SGT-67 dans notre boutique en ligne et le recevoir \u00e0 votre porte sans aucun probl\u00e8me. Nous vous aidons \u00e0 acheter le SGT-67 en ligne. Passez simplement votre commande maintenant !\" \/>\n<meta property=\"og:url\" content=\"https:\/\/nembutalboutique.com\/it\/prodotto\/acquistare-sgt-67-online\/\" \/>\n<meta property=\"og:site_name\" content=\"Nembutal Boutique\" \/>\n<meta property=\"article:modified_time\" content=\"2024-09-21T04:06:03+00:00\" \/>\n<meta property=\"og:image\" content=\"https:\/\/nembutalboutique.com\/wp-content\/uploads\/2024\/09\/Sgt-76.gif\" \/>\n\t<meta property=\"og:image:width\" content=\"600\" \/>\n\t<meta property=\"og:image:height\" content=\"600\" \/>\n\t<meta property=\"og:image:type\" content=\"image\/gif\" \/>\n<meta name=\"twitter:card\" content=\"summary_large_image\" \/>\n<meta name=\"twitter:label1\" content=\"Tempo di lettura stimato\" \/>\n\t<meta name=\"twitter:data1\" content=\"3 minuti\" \/>\n<script type=\"application\/ld+json\" class=\"yoast-schema-graph\">{\"@context\":\"https:\/\/schema.org\",\"@graph\":[{\"@type\":\"WebPage\",\"@id\":\"https:\/\/nembutalboutique.com\/produit\/sgt-67\/\",\"url\":\"https:\/\/nembutalboutique.com\/produit\/sgt-67\/\",\"name\":\"Achetez SGT-67 en ligne - SGT-67 \u00e0 vendre - Commandez SGT-67\",\"isPartOf\":{\"@id\":\"https:\/\/nembutalboutique.com\/#website\"},\"primaryImageOfPage\":{\"@id\":\"https:\/\/nembutalboutique.com\/produit\/sgt-67\/#primaryimage\"},\"image\":{\"@id\":\"https:\/\/nembutalboutique.com\/produit\/sgt-67\/#primaryimage\"},\"thumbnailUrl\":\"https:\/\/nembutalboutique.com\/wp-content\/uploads\/2024\/09\/Sgt-76.gif\",\"datePublished\":\"2024-09-16T08:11:15+00:00\",\"dateModified\":\"2024-09-21T04:06:03+00:00\",\"description\":\"Vous pouvez acheter le SGT-67 dans notre boutique en ligne et le recevoir \u00e0 votre porte sans aucun probl\u00e8me. Nous vous aidons \u00e0 acheter le SGT-67 en ligne. Passez simplement votre commande maintenant !\",\"breadcrumb\":{\"@id\":\"https:\/\/nembutalboutique.com\/produit\/sgt-67\/#breadcrumb\"},\"inLanguage\":\"it-IT\",\"potentialAction\":[{\"@type\":\"ReadAction\",\"target\":[\"https:\/\/nembutalboutique.com\/produit\/sgt-67\/\"]}]},{\"@type\":\"ImageObject\",\"inLanguage\":\"it-IT\",\"@id\":\"https:\/\/nembutalboutique.com\/produit\/sgt-67\/#primaryimage\",\"url\":\"https:\/\/nembutalboutique.com\/wp-content\/uploads\/2024\/09\/Sgt-76.gif\",\"contentUrl\":\"https:\/\/nembutalboutique.com\/wp-content\/uploads\/2024\/09\/Sgt-76.gif\",\"width\":600,\"height\":600,\"caption\":\"acheter Sgt-76.gif\"},{\"@type\":\"BreadcrumbList\",\"@id\":\"https:\/\/nembutalboutique.com\/produit\/sgt-67\/#breadcrumb\",\"itemListElement\":[{\"@type\":\"ListItem\",\"position\":1,\"name\":\"Home\",\"item\":\"https:\/\/nembutalboutique.com\/\"},{\"@type\":\"ListItem\",\"position\":2,\"name\":\"Boutique\",\"item\":\"https:\/\/nembutalboutique.com\/shop\/\"},{\"@type\":\"ListItem\",\"position\":3,\"name\":\"SGT-67\"}]},{\"@type\":\"WebSite\",\"@id\":\"https:\/\/nembutalboutique.com\/#website\",\"url\":\"https:\/\/nembutalboutique.com\/\",\"name\":\"Nembutal Boutique\",\"description\":\"My WordPress Blog\",\"publisher\":{\"@id\":\"https:\/\/nembutalboutique.com\/#organization\"},\"potentialAction\":[{\"@type\":\"SearchAction\",\"target\":{\"@type\":\"EntryPoint\",\"urlTemplate\":\"https:\/\/nembutalboutique.com\/?s={search_term_string}\"},\"query-input\":{\"@type\":\"PropertyValueSpecification\",\"valueRequired\":true,\"valueName\":\"search_term_string\"}}],\"inLanguage\":\"it-IT\"},{\"@type\":\"Organization\",\"@id\":\"https:\/\/nembutalboutique.com\/#organization\",\"name\":\"Nembutal Boutique\",\"url\":\"https:\/\/nembutalboutique.com\/\",\"logo\":{\"@type\":\"ImageObject\",\"inLanguage\":\"it-IT\",\"@id\":\"https:\/\/nembutalboutique.com\/#\/schema\/logo\/image\/\",\"url\":\"https:\/\/nembutalboutique.com\/wp-content\/uploads\/2024\/01\/logo.png\",\"contentUrl\":\"https:\/\/nembutalboutique.com\/wp-content\/uploads\/2024\/01\/logo.png\",\"width\":494,\"height\":121,\"caption\":\"Nembutal Boutique\"},\"image\":{\"@id\":\"https:\/\/nembutalboutique.com\/#\/schema\/logo\/image\/\"}}]}<\/script>\n<!-- \/ Yoast SEO plugin. -->","yoast_head_json":{"title":"Comprare SGT-67 online - SGT-67 in vendita - Ordinare SGT-67","description":"Potete acquistare l'SGT-67 nel nostro negozio online e farvelo consegnare a casa senza problemi. Vi aiutiamo a comprare l'SGT-67 online. Effettuate subito l'ordine!","robots":{"index":"index","follow":"follow","max-snippet":"max-snippet:-1","max-image-preview":"max-image-preview:large","max-video-preview":"max-video-preview:-1"},"canonical":"https:\/\/nembutalboutique.com\/it\/prodotto\/acquistare-sgt-67-online\/","og_locale":"it_IT","og_type":"article","og_title":"Achetez SGT-67 en ligne - SGT-67 \u00e0 vendre - Commandez SGT-67","og_description":"Vous pouvez acheter le SGT-67 dans notre boutique en ligne et le recevoir \u00e0 votre porte sans aucun probl\u00e8me. Nous vous aidons \u00e0 acheter le SGT-67 en ligne. Passez simplement votre commande maintenant !","og_url":"https:\/\/nembutalboutique.com\/it\/prodotto\/acquistare-sgt-67-online\/","og_site_name":"Nembutal Boutique","article_modified_time":"2024-09-21T04:06:03+00:00","og_image":[{"width":600,"height":600,"url":"https:\/\/nembutalboutique.com\/wp-content\/uploads\/2024\/09\/Sgt-76.gif","type":"image\/gif"}],"twitter_card":"summary_large_image","twitter_misc":{"Tempo di lettura stimato":"3 minuti"},"schema":{"@context":"https:\/\/schema.org","@graph":[{"@type":"WebPage","@id":"https:\/\/nembutalboutique.com\/produit\/sgt-67\/","url":"https:\/\/nembutalboutique.com\/produit\/sgt-67\/","name":"Comprare SGT-67 online - SGT-67 in vendita - Ordinare SGT-67","isPartOf":{"@id":"https:\/\/nembutalboutique.com\/#website"},"primaryImageOfPage":{"@id":"https:\/\/nembutalboutique.com\/produit\/sgt-67\/#primaryimage"},"image":{"@id":"https:\/\/nembutalboutique.com\/produit\/sgt-67\/#primaryimage"},"thumbnailUrl":"https:\/\/nembutalboutique.com\/wp-content\/uploads\/2024\/09\/Sgt-76.gif","datePublished":"2024-09-16T08:11:15+00:00","dateModified":"2024-09-21T04:06:03+00:00","description":"Potete acquistare l'SGT-67 nel nostro negozio online e farvelo consegnare a casa senza problemi. Vi aiutiamo a comprare l'SGT-67 online. Effettuate subito l'ordine!","breadcrumb":{"@id":"https:\/\/nembutalboutique.com\/produit\/sgt-67\/#breadcrumb"},"inLanguage":"it-IT","potentialAction":[{"@type":"ReadAction","target":["https:\/\/nembutalboutique.com\/produit\/sgt-67\/"]}]},{"@type":"ImageObject","inLanguage":"it-IT","@id":"https:\/\/nembutalboutique.com\/produit\/sgt-67\/#primaryimage","url":"https:\/\/nembutalboutique.com\/wp-content\/uploads\/2024\/09\/Sgt-76.gif","contentUrl":"https:\/\/nembutalboutique.com\/wp-content\/uploads\/2024\/09\/Sgt-76.gif","width":600,"height":600,"caption":"acheter Sgt-76.gif"},{"@type":"BreadcrumbList","@id":"https:\/\/nembutalboutique.com\/produit\/sgt-67\/#breadcrumb","itemListElement":[{"@type":"ListItem","position":1,"name":"Home","item":"https:\/\/nembutalboutique.com\/"},{"@type":"ListItem","position":2,"name":"Boutique","item":"https:\/\/nembutalboutique.com\/shop\/"},{"@type":"ListItem","position":3,"name":"SGT-67"}]},{"@type":"WebSite","@id":"https:\/\/nembutalboutique.com\/#website","url":"https:\/\/nembutalboutique.com\/","name":"Boutique del Nembutal","description":"Il mio blog WordPress","publisher":{"@id":"https:\/\/nembutalboutique.com\/#organization"},"potentialAction":[{"@type":"SearchAction","target":{"@type":"EntryPoint","urlTemplate":"https:\/\/nembutalboutique.com\/?s={search_term_string}"},"query-input":{"@type":"PropertyValueSpecification","valueRequired":true,"valueName":"search_term_string"}}],"inLanguage":"it-IT"},{"@type":"Organization","@id":"https:\/\/nembutalboutique.com\/#organization","name":"Boutique del Nembutal","url":"https:\/\/nembutalboutique.com\/","logo":{"@type":"ImageObject","inLanguage":"it-IT","@id":"https:\/\/nembutalboutique.com\/#\/schema\/logo\/image\/","url":"https:\/\/nembutalboutique.com\/wp-content\/uploads\/2024\/01\/logo.png","contentUrl":"https:\/\/nembutalboutique.com\/wp-content\/uploads\/2024\/01\/logo.png","width":494,"height":121,"caption":"Nembutal Boutique"},"image":{"@id":"https:\/\/nembutalboutique.com\/#\/schema\/logo\/image\/"}}]}},"_links":{"self":[{"href":"https:\/\/nembutalboutique.com\/it\/wp-json\/wp\/v2\/product\/2606"}],"collection":[{"href":"https:\/\/nembutalboutique.com\/it\/wp-json\/wp\/v2\/product"}],"about":[{"href":"https:\/\/nembutalboutique.com\/it\/wp-json\/wp\/v2\/types\/product"}],"replies":[{"embeddable":true,"href":"https:\/\/nembutalboutique.com\/it\/wp-json\/wp\/v2\/comments?post=2606"}],"wp:featuredmedia":[{"embeddable":true,"href":"https:\/\/nembutalboutique.com\/it\/wp-json\/wp\/v2\/media\/2629"}],"wp:attachment":[{"href":"https:\/\/nembutalboutique.com\/it\/wp-json\/wp\/v2\/media?parent=2606"}],"wp:term":[{"taxonomy":"product_brand","embeddable":true,"href":"https:\/\/nembutalboutique.com\/it\/wp-json\/wp\/v2\/product_brand?post=2606"},{"taxonomy":"product_cat","embeddable":true,"href":"https:\/\/nembutalboutique.com\/it\/wp-json\/wp\/v2\/product_cat?post=2606"},{"taxonomy":"product_tag","embeddable":true,"href":"https:\/\/nembutalboutique.com\/it\/wp-json\/wp\/v2\/product_tag?post=2606"}],"curies":[{"name":"wp","href":"https:\/\/api.w.org\/{rel}","templated":true}]}}