{"id":2318,"date":"2024-01-16T06:05:30","date_gmt":"2024-01-16T06:05:30","guid":{"rendered":"https:\/\/gblexpress.com\/nembu\/?post_type=product&#038;p=2318"},"modified":"2024-09-20T05:13:41","modified_gmt":"2024-09-20T05:13:41","slug":"sodium-seconal-a-vendre","status":"publish","type":"product","link":"https:\/\/nembutalboutique.com\/it\/prodotto\/seconal-sodium-in-vendita\/","title":{"rendered":"Sodio Seconal in vendita"},"content":{"rendered":"<p><strong>Acquistare Seconal Sodium in modo sicuro online su NembutalBoutique.com<\/strong><\/p>\n<p>In NembutalBoutique.com siamo consapevoli dell'importanza di un buon sonno per il vostro benessere generale. Ecco perch\u00e9 offriamo il Seconal Sodium, un sedativo affidabile che pu\u00f2 aiutarvi a ottenere un sonno riposante e rigenerante. Siamo orgogliosi di fornire una fonte affidabile per coloro che desiderano <strong><a href=\"https:\/\/nembutalboutique.com\/produit\/sodium-seconal-a-vendre\/\">acquistare Seconal Sodium online<\/a>.<\/strong><\/p>\n<p><strong>Dove acquistare Seconal Sodium legalmente<\/strong><\/p>\n<p>Voi siete <strong>dove acquistare Seconal Sodium legalmente?<\/strong> Non cercate oltre il nostro negozio <strong>Sodio Seconal su<\/strong> NembutalBoutique.com. Mettiamo la vostra sicurezza e il vostro benessere al primo posto, assicurandoci che ogni acquisto sia effettuato nel rispetto delle norme di legge. Siate tranquilli sapendo che potete contare su di noi per una transazione sicura e legittima.<\/p>\n<p><strong>Ordinare Seconal sodium con fiducia<\/strong><\/p>\n<p>Su NembutalBoutique.com abbiamo semplificato il processo di ordinazione del sodio Seconal, fornendo una piattaforma di facile utilizzo per un'esperienza senza problemi. \u00c8 sufficiente sfogliare la nostra selezione, scegliere la quantit\u00e0 desiderata e procedere al pagamento. Il nostro impegno per la soddisfazione del cliente assicura una transazione senza interruzioni, dall'ordine alla consegna a domicilio.<\/p>\n<p><strong>Seconal Sodium in vendita in Francia<\/strong><\/p>\n<p>Forniamo clienti in tutto il mondo, anche in Francia, che sono alla ricerca di <strong>Seconal Sodium in vendita.<\/strong> I nostri servizi di spedizione internazionale vi garantiscono l'accesso al sonnifero di cui avete bisogno, indipendentemente dal luogo in cui vi trovate. Scoprite la convenienza di ricevere Seconal Sodium a domicilio, grazie a Example.com.<\/p>\n<p><strong>Abbracciare la tranquillit\u00e0 - Acquistare Seconal Sodium online<\/strong><\/p>\n<p>Intraprendete un viaggio verso un sonno migliore con NembutalBoutique.com come vostro partner di fiducia. <strong>Acquistare il Seconal Sodium online e scoprire<\/strong> la pace e la tranquillit\u00e0 che derivano da una buona notte di sonno. Il nostro impegno per la qualit\u00e0, la legalit\u00e0 e la soddisfazione del cliente ci distingue come fonte di riferimento per il sodio Seconal.<\/p>\n<p>Quando si tratta di garantire un sonno sereno, NembutalBoutique.com si distingue come la prima destinazione per <strong>acquistare Seconal Sodium online.<\/strong> Affidatevi a noi per un'esperienza di acquisto sicura e senza intoppi e lasciate che vi aiutiamo a ottenere il sonno ristoratore che meritate.<\/p>","protected":false},"excerpt":{"rendered":"<p>Achetez Seconal Sodium en ligne en toute s\u00e9curit\u00e9 sur NembutalBoutique.com Chez NembutalBoutique.com, nous comprenons l&rsquo;importance d&rsquo;une bonne nuit de sommeil pour votre bien-\u00eatre g\u00e9n\u00e9ral. C&rsquo;est pourquoi nous proposons Seconal Sodium, un s\u00e9datif fiable qui peut vous aider \u00e0 obtenir un sommeil r\u00e9parateur et rajeunissant. Nous sommes fiers de fournir une source fiable \u00e0 ceux qui [&hellip;]<\/p>","protected":false},"featured_media":2345,"comment_status":"closed","ping_status":"closed","template":"","meta":{"_joinchat":[]},"product_brand":[],"product_cat":[116],"product_tag":[],"class_list":{"0":"post-2318","1":"product","2":"type-product","3":"status-publish","4":"has-post-thumbnail","6":"product_cat-nembutal","8":"first","9":"instock","10":"shipping-taxable","11":"purchasable","12":"product-type-variable"},"yoast_head":"<!-- This site is optimized with the Yoast SEO plugin v23.5 - https:\/\/yoast.com\/wordpress\/plugins\/seo\/ -->\n<title>Achetez du Seconal Sodium en ligne - Seconal Sodium \u00e0 vendre<\/title>\n<meta name=\"description\" content=\"Trouvez du Seconal Sodium de qualit\u00e9 sup\u00e9rieure \u00e0 vendre dans notre boutique en ligne, offrant une plate-forme s\u00e9curis\u00e9e pour acheter du Seconal Sodium en ligne en toute simplicit\u00e9, r\u00e9pondant \u00e0 vos besoins de recherche.\" \/>\n<meta name=\"robots\" content=\"index, follow, max-snippet:-1, max-image-preview:large, max-video-preview:-1\" \/>\n<link rel=\"canonical\" href=\"https:\/\/nembutalboutique.com\/it\/prodotto\/seconal-sodium-in-vendita\/\" \/>\n<meta property=\"og:locale\" content=\"it_IT\" \/>\n<meta property=\"og:type\" content=\"article\" \/>\n<meta property=\"og:title\" content=\"Achetez du Seconal Sodium en ligne - Seconal Sodium \u00e0 vendre\" \/>\n<meta property=\"og:description\" content=\"Trouvez du Seconal Sodium de qualit\u00e9 sup\u00e9rieure \u00e0 vendre dans notre boutique en ligne, offrant une plate-forme s\u00e9curis\u00e9e pour acheter du Seconal Sodium en ligne en toute simplicit\u00e9, r\u00e9pondant \u00e0 vos besoins de recherche.\" \/>\n<meta property=\"og:url\" content=\"https:\/\/nembutalboutique.com\/it\/prodotto\/seconal-sodium-in-vendita\/\" \/>\n<meta property=\"og:site_name\" content=\"Nembutal Boutique\" \/>\n<meta property=\"article:modified_time\" content=\"2024-09-20T05:13:41+00:00\" \/>\n<meta property=\"og:image\" content=\"https:\/\/nembutalboutique.com\/wp-content\/uploads\/2024\/01\/seconal-sodium.jpg\" \/>\n\t<meta property=\"og:image:width\" content=\"600\" \/>\n\t<meta property=\"og:image:height\" content=\"600\" \/>\n\t<meta property=\"og:image:type\" content=\"image\/jpeg\" \/>\n<meta name=\"twitter:card\" content=\"summary_large_image\" \/>\n<meta name=\"twitter:label1\" content=\"Tempo di lettura stimato\" \/>\n\t<meta name=\"twitter:data1\" content=\"2 minuti\" \/>\n<script type=\"application\/ld+json\" class=\"yoast-schema-graph\">{\"@context\":\"https:\/\/schema.org\",\"@graph\":[{\"@type\":\"WebPage\",\"@id\":\"https:\/\/nembutalboutique.com\/produit\/sodium-seconal-a-vendre\/\",\"url\":\"https:\/\/nembutalboutique.com\/produit\/sodium-seconal-a-vendre\/\",\"name\":\"Achetez du Seconal Sodium en ligne - Seconal Sodium \u00e0 vendre\",\"isPartOf\":{\"@id\":\"https:\/\/nembutalboutique.com\/#website\"},\"primaryImageOfPage\":{\"@id\":\"https:\/\/nembutalboutique.com\/produit\/sodium-seconal-a-vendre\/#primaryimage\"},\"image\":{\"@id\":\"https:\/\/nembutalboutique.com\/produit\/sodium-seconal-a-vendre\/#primaryimage\"},\"thumbnailUrl\":\"https:\/\/nembutalboutique.com\/wp-content\/uploads\/2024\/01\/seconal-sodium.jpg\",\"datePublished\":\"2024-01-16T06:05:30+00:00\",\"dateModified\":\"2024-09-20T05:13:41+00:00\",\"description\":\"Trouvez du Seconal Sodium de qualit\u00e9 sup\u00e9rieure \u00e0 vendre dans notre boutique en ligne, offrant une plate-forme s\u00e9curis\u00e9e pour acheter du Seconal Sodium en ligne en toute simplicit\u00e9, r\u00e9pondant \u00e0 vos besoins de recherche.\",\"breadcrumb\":{\"@id\":\"https:\/\/nembutalboutique.com\/produit\/sodium-seconal-a-vendre\/#breadcrumb\"},\"inLanguage\":\"it-IT\",\"potentialAction\":[{\"@type\":\"ReadAction\",\"target\":[\"https:\/\/nembutalboutique.com\/produit\/sodium-seconal-a-vendre\/\"]}]},{\"@type\":\"ImageObject\",\"inLanguage\":\"it-IT\",\"@id\":\"https:\/\/nembutalboutique.com\/produit\/sodium-seconal-a-vendre\/#primaryimage\",\"url\":\"https:\/\/nembutalboutique.com\/wp-content\/uploads\/2024\/01\/seconal-sodium.jpg\",\"contentUrl\":\"https:\/\/nembutalboutique.com\/wp-content\/uploads\/2024\/01\/seconal-sodium.jpg\",\"width\":600,\"height\":600,\"caption\":\"Sodium Seconal \u00e0 vendre\"},{\"@type\":\"BreadcrumbList\",\"@id\":\"https:\/\/nembutalboutique.com\/produit\/sodium-seconal-a-vendre\/#breadcrumb\",\"itemListElement\":[{\"@type\":\"ListItem\",\"position\":1,\"name\":\"Home\",\"item\":\"https:\/\/nembutalboutique.com\/\"},{\"@type\":\"ListItem\",\"position\":2,\"name\":\"Boutique\",\"item\":\"https:\/\/nembutalboutique.com\/shop\/\"},{\"@type\":\"ListItem\",\"position\":3,\"name\":\"Sodium Seconal \u00e0 vendre\"}]},{\"@type\":\"WebSite\",\"@id\":\"https:\/\/nembutalboutique.com\/#website\",\"url\":\"https:\/\/nembutalboutique.com\/\",\"name\":\"Nembutal Boutique\",\"description\":\"My WordPress Blog\",\"publisher\":{\"@id\":\"https:\/\/nembutalboutique.com\/#organization\"},\"potentialAction\":[{\"@type\":\"SearchAction\",\"target\":{\"@type\":\"EntryPoint\",\"urlTemplate\":\"https:\/\/nembutalboutique.com\/?s={search_term_string}\"},\"query-input\":{\"@type\":\"PropertyValueSpecification\",\"valueRequired\":true,\"valueName\":\"search_term_string\"}}],\"inLanguage\":\"it-IT\"},{\"@type\":\"Organization\",\"@id\":\"https:\/\/nembutalboutique.com\/#organization\",\"name\":\"Nembutal Boutique\",\"url\":\"https:\/\/nembutalboutique.com\/\",\"logo\":{\"@type\":\"ImageObject\",\"inLanguage\":\"it-IT\",\"@id\":\"https:\/\/nembutalboutique.com\/#\/schema\/logo\/image\/\",\"url\":\"https:\/\/nembutalboutique.com\/wp-content\/uploads\/2024\/01\/logo.png\",\"contentUrl\":\"https:\/\/nembutalboutique.com\/wp-content\/uploads\/2024\/01\/logo.png\",\"width\":494,\"height\":121,\"caption\":\"Nembutal Boutique\"},\"image\":{\"@id\":\"https:\/\/nembutalboutique.com\/#\/schema\/logo\/image\/\"}}]}<\/script>\n<!-- \/ Yoast SEO plugin. -->","yoast_head_json":{"title":"Achetez du Seconal Sodium en ligne - Seconal Sodium \u00e0 vendre","description":"Trouvez du Seconal Sodium de qualit\u00e9 sup\u00e9rieure \u00e0 vendre dans notre boutique en ligne, offrant une plate-forme s\u00e9curis\u00e9e pour acheter du Seconal Sodium en ligne en toute simplicit\u00e9, r\u00e9pondant \u00e0 vos besoins de recherche.","robots":{"index":"index","follow":"follow","max-snippet":"max-snippet:-1","max-image-preview":"max-image-preview:large","max-video-preview":"max-video-preview:-1"},"canonical":"https:\/\/nembutalboutique.com\/it\/prodotto\/seconal-sodium-in-vendita\/","og_locale":"it_IT","og_type":"article","og_title":"Achetez du Seconal Sodium en ligne - Seconal Sodium \u00e0 vendre","og_description":"Trouvez du Seconal Sodium de qualit\u00e9 sup\u00e9rieure \u00e0 vendre dans notre boutique en ligne, offrant une plate-forme s\u00e9curis\u00e9e pour acheter du Seconal Sodium en ligne en toute simplicit\u00e9, r\u00e9pondant \u00e0 vos besoins de recherche.","og_url":"https:\/\/nembutalboutique.com\/it\/prodotto\/seconal-sodium-in-vendita\/","og_site_name":"Nembutal Boutique","article_modified_time":"2024-09-20T05:13:41+00:00","og_image":[{"width":600,"height":600,"url":"https:\/\/nembutalboutique.com\/wp-content\/uploads\/2024\/01\/seconal-sodium.jpg","type":"image\/jpeg"}],"twitter_card":"summary_large_image","twitter_misc":{"Tempo di lettura stimato":"2 minuti"},"schema":{"@context":"https:\/\/schema.org","@graph":[{"@type":"WebPage","@id":"https:\/\/nembutalboutique.com\/produit\/sodium-seconal-a-vendre\/","url":"https:\/\/nembutalboutique.com\/produit\/sodium-seconal-a-vendre\/","name":"Achetez du Seconal Sodium en ligne - Seconal Sodium \u00e0 vendre","isPartOf":{"@id":"https:\/\/nembutalboutique.com\/#website"},"primaryImageOfPage":{"@id":"https:\/\/nembutalboutique.com\/produit\/sodium-seconal-a-vendre\/#primaryimage"},"image":{"@id":"https:\/\/nembutalboutique.com\/produit\/sodium-seconal-a-vendre\/#primaryimage"},"thumbnailUrl":"https:\/\/nembutalboutique.com\/wp-content\/uploads\/2024\/01\/seconal-sodium.jpg","datePublished":"2024-01-16T06:05:30+00:00","dateModified":"2024-09-20T05:13:41+00:00","description":"Trouvez du Seconal Sodium de qualit\u00e9 sup\u00e9rieure \u00e0 vendre dans notre boutique en ligne, offrant une plate-forme s\u00e9curis\u00e9e pour acheter du Seconal Sodium en ligne en toute simplicit\u00e9, r\u00e9pondant \u00e0 vos besoins de recherche.","breadcrumb":{"@id":"https:\/\/nembutalboutique.com\/produit\/sodium-seconal-a-vendre\/#breadcrumb"},"inLanguage":"it-IT","potentialAction":[{"@type":"ReadAction","target":["https:\/\/nembutalboutique.com\/produit\/sodium-seconal-a-vendre\/"]}]},{"@type":"ImageObject","inLanguage":"it-IT","@id":"https:\/\/nembutalboutique.com\/produit\/sodium-seconal-a-vendre\/#primaryimage","url":"https:\/\/nembutalboutique.com\/wp-content\/uploads\/2024\/01\/seconal-sodium.jpg","contentUrl":"https:\/\/nembutalboutique.com\/wp-content\/uploads\/2024\/01\/seconal-sodium.jpg","width":600,"height":600,"caption":"Sodium Seconal \u00e0 vendre"},{"@type":"BreadcrumbList","@id":"https:\/\/nembutalboutique.com\/produit\/sodium-seconal-a-vendre\/#breadcrumb","itemListElement":[{"@type":"ListItem","position":1,"name":"Home","item":"https:\/\/nembutalboutique.com\/"},{"@type":"ListItem","position":2,"name":"Boutique","item":"https:\/\/nembutalboutique.com\/shop\/"},{"@type":"ListItem","position":3,"name":"Sodium Seconal \u00e0 vendre"}]},{"@type":"WebSite","@id":"https:\/\/nembutalboutique.com\/#website","url":"https:\/\/nembutalboutique.com\/","name":"Boutique del Nembutal","description":"Il mio blog WordPress","publisher":{"@id":"https:\/\/nembutalboutique.com\/#organization"},"potentialAction":[{"@type":"SearchAction","target":{"@type":"EntryPoint","urlTemplate":"https:\/\/nembutalboutique.com\/?s={search_term_string}"},"query-input":{"@type":"PropertyValueSpecification","valueRequired":true,"valueName":"search_term_string"}}],"inLanguage":"it-IT"},{"@type":"Organization","@id":"https:\/\/nembutalboutique.com\/#organization","name":"Boutique del Nembutal","url":"https:\/\/nembutalboutique.com\/","logo":{"@type":"ImageObject","inLanguage":"it-IT","@id":"https:\/\/nembutalboutique.com\/#\/schema\/logo\/image\/","url":"https:\/\/nembutalboutique.com\/wp-content\/uploads\/2024\/01\/logo.png","contentUrl":"https:\/\/nembutalboutique.com\/wp-content\/uploads\/2024\/01\/logo.png","width":494,"height":121,"caption":"Nembutal Boutique"},"image":{"@id":"https:\/\/nembutalboutique.com\/#\/schema\/logo\/image\/"}}]}},"_links":{"self":[{"href":"https:\/\/nembutalboutique.com\/it\/wp-json\/wp\/v2\/product\/2318"}],"collection":[{"href":"https:\/\/nembutalboutique.com\/it\/wp-json\/wp\/v2\/product"}],"about":[{"href":"https:\/\/nembutalboutique.com\/it\/wp-json\/wp\/v2\/types\/product"}],"replies":[{"embeddable":true,"href":"https:\/\/nembutalboutique.com\/it\/wp-json\/wp\/v2\/comments?post=2318"}],"wp:featuredmedia":[{"embeddable":true,"href":"https:\/\/nembutalboutique.com\/it\/wp-json\/wp\/v2\/media\/2345"}],"wp:attachment":[{"href":"https:\/\/nembutalboutique.com\/it\/wp-json\/wp\/v2\/media?parent=2318"}],"wp:term":[{"taxonomy":"product_brand","embeddable":true,"href":"https:\/\/nembutalboutique.com\/it\/wp-json\/wp\/v2\/product_brand?post=2318"},{"taxonomy":"product_cat","embeddable":true,"href":"https:\/\/nembutalboutique.com\/it\/wp-json\/wp\/v2\/product_cat?post=2318"},{"taxonomy":"product_tag","embeddable":true,"href":"https:\/\/nembutalboutique.com\/it\/wp-json\/wp\/v2\/product_tag?post=2318"}],"curies":[{"name":"wp","href":"https:\/\/api.w.org\/{rel}","templated":true}]}}