{"id":3368,"date":"2024-09-16T08:17:13","date_gmt":"2024-09-16T08:17:13","guid":{"rendered":"https:\/\/nembutalboutique.com\/?post_type=product&#038;p=3368"},"modified":"2024-09-20T08:19:10","modified_gmt":"2024-09-20T08:19:10","slug":"herion","status":"publish","type":"product","link":"https:\/\/nembutalboutique.com\/hu\/termek\/herion\/","title":{"rendered":"HERION"},"content":{"rendered":"<h2>Lehet v\u00e1s\u00e1rolni heroin online, v\u00e1s\u00e1rolni heroin online vagy v\u00e1s\u00e1rolni heroin online.<\/h2>\n<p>V\u00e1s\u00e1roljon heroint online a kaufennembutal.com oldalon, hogy heroint v\u00e1s\u00e1roljon. A legmagasabb min\u0151s\u00e9g\u0171 heroint k\u00edn\u00e1ljuk elad\u00e1sra az Egyes\u00fclt \u00c1llamokban, Afganiszt\u00e1nban, Nagy-Britanni\u00e1ban, Kanad\u00e1ban, Ausztr\u00e1li\u00e1ban \u00e9s m\u00e1s orsz\u00e1gokban. A viszontelad\u00f3knak lehet\u0151s\u00e9get k\u00edn\u00e1lunk arra, hogy megv\u00e1s\u00e1rolj\u00e1k<a href=\"https:\/\/nembutalboutique.com\/produit\/acheter-herion-en-ligne\/\">heroin<\/a> online nagy mennyis\u00e9gben. V\u00e1s\u00e1roljon heroint online.<\/p>\n<h3>Online heroin v\u00e1s\u00e1rl\u00e1s az Egyes\u00fclt \u00c1llamokban \u00e9s Nagy-Britanni\u00e1ban.<\/h3>\n<p>A heroint az \u00e1zsiai altat\u00f3 n\u00f6v\u00e9ny sz\u00e1r\u00e1b\u00f3l nyert term\u00e9szetes vegyi anyag, a morfium szint\u00e9zis\u00e9vel \u00e1ll\u00edtj\u00e1k el\u0151. A heroin egy k\u00e1b\u00edt\u00f3 hat\u00e1s\u00fa opioid. A heroint \u00e1ltal\u00e1ban feh\u00e9r vagy buff sz\u00edn\u0171 pornak, illetve \"Schwarzteer-Heroin\" n\u00e9ven ismert finom fekete anyagnak tekintik.<\/p>\n<p>2011-ben 4,2 milli\u00f3 amerikai (1,6 %) 12 \u00e9ves vagy ann\u00e1l id\u0151sebb szem\u00e9ly sz\u00e1molt be arr\u00f3l, hogy fogyasztott<a href=\"https:\/\/en.wikipedia.org\/wiki\/Heroin\">heroin<\/a> legal\u00e1bb egyszer az \u00e9let\u00fckben. Khaben. Becsl\u00e9sek szerint a heroinhaszn\u00e1l\u00f3k mintegy 23 %-je v\u00e1lik \u00f6n\u00e1ll\u00f3v\u00e1.<\/p>\n<h3>Mire haszn\u00e1lj\u00e1k a heroint?<\/h3>\n<p>A heroinnal vissza lehet \u00e9lni, vissza lehet \u00e9lni vagy rosszul lehet b\u00e1nni. Be is lehet injekci\u00f3zni. A k\u00e1b\u00edt\u00f3szer gyors bejut\u00e1sa az agyba mindh\u00e1rom m\u00f3dszerrel n\u00f6veli a k\u00e1b\u00edt\u00f3szer eg\u00e9szs\u00e9g\u00fcgyi kock\u00e1zatait, \u00e9s n\u00f6veli a skizofr\u00e9nia kialakul\u00e1s\u00e1nak val\u00f3sz\u00edn\u0171s\u00e9g\u00e9t, amely kr\u00f3nikus betegs\u00e9g, amelyet a k\u00f6vetkezm\u00e9nyekre val\u00f3 tekintet n\u00e9lk\u00fcli, k\u00e9nyszeres k\u00e1b\u00edt\u00f3szer-haszn\u00e1lat jellemez.<\/p>\n<p>Heroin online v\u00e1s\u00e1rl\u00e1sa<\/p>\n<h3>Milyen beavatkoz\u00e1sok \u00e1llnak rendelkez\u00e9sre a heroinf\u00fcgg\u0151s\u00e9g kezel\u00e9s\u00e9re?<\/h3>\n<p>Ezenk\u00edv\u00fcl a heroinf\u00fcgg\u0151s\u00e9g kezel\u00e9s\u00e9re sz\u00e1mos hat\u00e9kony kezel\u00e9s l\u00e9tezik, p\u00e9ld\u00e1ul viselked\u00e9ster\u00e1pia \u00e9s gy\u00f3gyszeres (gy\u00f3gyszeralap\u00fa) megk\u00f6zel\u00edt\u00e9sek. Mindk\u00e9t strat\u00e9gia seg\u00edt helyre\u00e1ll\u00edtani az agy \u00e9s a viselked\u00e9s bizonyos fok\u00fa normalit\u00e1s\u00e1t, ami n\u00f6veli a foglalkoztat\u00e1si ar\u00e1nyt, \u00e9s cs\u00f6kkenti a HIV \u00e9s m\u00e1s betegs\u00e9gek, valamint a b\u0171n\u00f6z\u00e9s kock\u00e1zat\u00e1t. B\u00e1r a gy\u00f3gyszeres \u00e9s a viselked\u00e9ses kezel\u00e9sek \u00f6nmagukban is nagyon hasznosak lehetnek, a kutat\u00e1sok azt mutatj\u00e1k, hogy sok ember sz\u00e1m\u00e1ra a leghat\u00e9konyabb megk\u00f6zel\u00edt\u00e9s a k\u00e9t kezel\u00e9si forma kombin\u00e1l\u00e1sa.<\/p>\n<h3>Farmakol\u00f3giai kezel\u00e9s: gy\u00f3gyszerek<\/h3>\n<p>Tudom\u00e1nyos tanulm\u00e1nyok bizony\u00edtott\u00e1k az opioidf\u00fcgg\u0151s\u00e9g gy\u00f3gyszeres kezel\u00e9s\u00e9nek hat\u00e9konys\u00e1g\u00e1t. A kezel\u00e9s bizony\u00edt\u00e9kokon alapul\u00f3 megk\u00f6zel\u00edt\u00e9s\u00e9nek k\u00f6sz\u00f6nhet\u0151en a Heriont online v\u00e1s\u00e1rolhatja meg regisztr\u00e1ci\u00f3 n\u00e9lk\u00fcl.<\/p>\n<p>R\u00e1ad\u00e1sul, amikor az opioidokt\u00f3l f\u00fcgg\u0151 emberek abbahagyj\u00e1k a szed\u00e9s\u00fcket, s\u00falyos elvon\u00e1si t\u00fcneteket, p\u00e9ld\u00e1ul h\u00e1nyingert, h\u00e1ny\u00e1st \u00e9s nyugtalans\u00e1got tapasztalhatnak. A gy\u00f3gyszerek cs\u00f6kkenthetik az \u00e9hs\u00e9g\u00e9rzetet ebben az elvon\u00e1si f\u00e1zisban. A tov\u00e1bbi fizikai t\u00fcnetek gyakran vezetnek visszaes\u00e9shez. V\u00e1s\u00e1roljon Heriont online regisztr\u00e1ci\u00f3 n\u00e9lk\u00fcl.<\/p>","protected":false},"excerpt":{"rendered":"<p>Vous pouvez acheter de l&rsquo;h\u00e9ro\u00efne en ligne, acheter de l&rsquo;h\u00e9ro\u00efne en ligne ou acheter de l&rsquo;h\u00e9ro\u00efne en ligne. Achetez de l&rsquo;h\u00e9ro\u00efne en ligne sur kaufennembutal.com pour acheter de l&rsquo;h\u00e9ro\u00efne. Nous proposons l&rsquo;h\u00e9ro\u00efne de la plus haute qualit\u00e9 \u00e0 la vente aux \u00c9tats-Unis, en Afghanistan, en Grande-Bretagne, au Canada, en Australie et dans d&rsquo;autres pays. Nous [&hellip;]<\/p>","protected":false},"featured_media":3380,"comment_status":"open","ping_status":"closed","template":"","meta":{"_joinchat":[]},"product_brand":[],"product_cat":[385],"product_tag":[],"class_list":{"0":"post-3368","1":"product","2":"type-product","3":"status-publish","4":"has-post-thumbnail","6":"product_cat-forschung-schemikalien","8":"first","9":"instock","10":"shipping-taxable","11":"purchasable","12":"product-type-variable"},"yoast_head":"<!-- This site is optimized with the Yoast SEO plugin v23.5 - https:\/\/yoast.com\/wordpress\/plugins\/seo\/ -->\n<title>Achetez HERION en ligne - HERION \u00e0 vendre<\/title>\n<meta name=\"description\" content=\"Trouvez HERION premium \u00e0 vendre dans notre boutique en ligne, offrant une plate-forme s\u00e9curis\u00e9e pour acheter HERION en ligne en toute simplicit\u00e9, r\u00e9pondant \u00e0 vos besoins de recherche.\" \/>\n<meta name=\"robots\" content=\"index, follow, max-snippet:-1, max-image-preview:large, max-video-preview:-1\" \/>\n<link rel=\"canonical\" href=\"https:\/\/nembutalboutique.com\/hu\/termek\/herion\/\" \/>\n<meta property=\"og:locale\" content=\"hu_HU\" \/>\n<meta property=\"og:type\" content=\"article\" \/>\n<meta property=\"og:title\" content=\"Achetez HERION en ligne - HERION \u00e0 vendre\" \/>\n<meta property=\"og:description\" content=\"Trouvez HERION premium \u00e0 vendre dans notre boutique en ligne, offrant une plate-forme s\u00e9curis\u00e9e pour acheter HERION en ligne en toute simplicit\u00e9, r\u00e9pondant \u00e0 vos besoins de recherche.\" \/>\n<meta property=\"og:url\" content=\"https:\/\/nembutalboutique.com\/hu\/termek\/herion\/\" \/>\n<meta property=\"og:site_name\" content=\"Nembutal Boutique\" \/>\n<meta property=\"article:modified_time\" content=\"2024-09-20T08:19:10+00:00\" \/>\n<meta property=\"og:image\" content=\"https:\/\/nembutalboutique.com\/wp-content\/uploads\/2024\/09\/heroin.gif\" \/>\n\t<meta property=\"og:image:width\" content=\"600\" \/>\n\t<meta property=\"og:image:height\" content=\"600\" \/>\n\t<meta property=\"og:image:type\" content=\"image\/gif\" \/>\n<meta name=\"twitter:card\" content=\"summary_large_image\" \/>\n<meta name=\"twitter:label1\" content=\"Becs\u00fclt olvas\u00e1si id\u0151\" \/>\n\t<meta name=\"twitter:data1\" content=\"3 perc\" \/>\n<script type=\"application\/ld+json\" class=\"yoast-schema-graph\">{\"@context\":\"https:\/\/schema.org\",\"@graph\":[{\"@type\":\"WebPage\",\"@id\":\"https:\/\/nembutalboutique.com\/produit\/herion\/\",\"url\":\"https:\/\/nembutalboutique.com\/produit\/herion\/\",\"name\":\"Achetez HERION en ligne - HERION \u00e0 vendre\",\"isPartOf\":{\"@id\":\"https:\/\/nembutalboutique.com\/#website\"},\"primaryImageOfPage\":{\"@id\":\"https:\/\/nembutalboutique.com\/produit\/herion\/#primaryimage\"},\"image\":{\"@id\":\"https:\/\/nembutalboutique.com\/produit\/herion\/#primaryimage\"},\"thumbnailUrl\":\"https:\/\/nembutalboutique.com\/wp-content\/uploads\/2024\/09\/heroin.gif\",\"datePublished\":\"2024-09-16T08:17:13+00:00\",\"dateModified\":\"2024-09-20T08:19:10+00:00\",\"description\":\"Trouvez HERION premium \u00e0 vendre dans notre boutique en ligne, offrant une plate-forme s\u00e9curis\u00e9e pour acheter HERION en ligne en toute simplicit\u00e9, r\u00e9pondant \u00e0 vos besoins de recherche.\",\"breadcrumb\":{\"@id\":\"https:\/\/nembutalboutique.com\/produit\/herion\/#breadcrumb\"},\"inLanguage\":\"hu\",\"potentialAction\":[{\"@type\":\"ReadAction\",\"target\":[\"https:\/\/nembutalboutique.com\/produit\/herion\/\"]}]},{\"@type\":\"ImageObject\",\"inLanguage\":\"hu\",\"@id\":\"https:\/\/nembutalboutique.com\/produit\/herion\/#primaryimage\",\"url\":\"https:\/\/nembutalboutique.com\/wp-content\/uploads\/2024\/09\/heroin.gif\",\"contentUrl\":\"https:\/\/nembutalboutique.com\/wp-content\/uploads\/2024\/09\/heroin.gif\",\"width\":600,\"height\":600,\"caption\":\"Acheter heroin.gif\"},{\"@type\":\"BreadcrumbList\",\"@id\":\"https:\/\/nembutalboutique.com\/produit\/herion\/#breadcrumb\",\"itemListElement\":[{\"@type\":\"ListItem\",\"position\":1,\"name\":\"Home\",\"item\":\"https:\/\/nembutalboutique.com\/\"},{\"@type\":\"ListItem\",\"position\":2,\"name\":\"Boutique\",\"item\":\"https:\/\/nembutalboutique.com\/shop\/\"},{\"@type\":\"ListItem\",\"position\":3,\"name\":\"HERION\"}]},{\"@type\":\"WebSite\",\"@id\":\"https:\/\/nembutalboutique.com\/#website\",\"url\":\"https:\/\/nembutalboutique.com\/\",\"name\":\"Nembutal Boutique\",\"description\":\"My WordPress Blog\",\"publisher\":{\"@id\":\"https:\/\/nembutalboutique.com\/#organization\"},\"potentialAction\":[{\"@type\":\"SearchAction\",\"target\":{\"@type\":\"EntryPoint\",\"urlTemplate\":\"https:\/\/nembutalboutique.com\/?s={search_term_string}\"},\"query-input\":{\"@type\":\"PropertyValueSpecification\",\"valueRequired\":true,\"valueName\":\"search_term_string\"}}],\"inLanguage\":\"hu\"},{\"@type\":\"Organization\",\"@id\":\"https:\/\/nembutalboutique.com\/#organization\",\"name\":\"Nembutal Boutique\",\"url\":\"https:\/\/nembutalboutique.com\/\",\"logo\":{\"@type\":\"ImageObject\",\"inLanguage\":\"hu\",\"@id\":\"https:\/\/nembutalboutique.com\/#\/schema\/logo\/image\/\",\"url\":\"https:\/\/nembutalboutique.com\/wp-content\/uploads\/2024\/01\/logo.png\",\"contentUrl\":\"https:\/\/nembutalboutique.com\/wp-content\/uploads\/2024\/01\/logo.png\",\"width\":494,\"height\":121,\"caption\":\"Nembutal Boutique\"},\"image\":{\"@id\":\"https:\/\/nembutalboutique.com\/#\/schema\/logo\/image\/\"}}]}<\/script>\n<!-- \/ Yoast SEO plugin. -->","yoast_head_json":{"title":"HERION online v\u00e1s\u00e1rl\u00e1s - HERION elad\u00f3","description":"Tal\u00e1lja meg az elad\u00f3 pr\u00e9mium HERIONt online \u00e1ruh\u00e1zunkban, amely biztons\u00e1gos platformot k\u00edn\u00e1l a HERION online v\u00e1s\u00e1rl\u00e1s\u00e1hoz, k\u00f6nnyed\u00e9n, az \u00d6n keres\u00e9si ig\u00e9nyeinek megfelel\u0151en.","robots":{"index":"index","follow":"follow","max-snippet":"max-snippet:-1","max-image-preview":"max-image-preview:large","max-video-preview":"max-video-preview:-1"},"canonical":"https:\/\/nembutalboutique.com\/hu\/termek\/herion\/","og_locale":"hu_HU","og_type":"article","og_title":"Achetez HERION en ligne - HERION \u00e0 vendre","og_description":"Trouvez HERION premium \u00e0 vendre dans notre boutique en ligne, offrant une plate-forme s\u00e9curis\u00e9e pour acheter HERION en ligne en toute simplicit\u00e9, r\u00e9pondant \u00e0 vos besoins de recherche.","og_url":"https:\/\/nembutalboutique.com\/hu\/termek\/herion\/","og_site_name":"Nembutal Boutique","article_modified_time":"2024-09-20T08:19:10+00:00","og_image":[{"width":600,"height":600,"url":"https:\/\/nembutalboutique.com\/wp-content\/uploads\/2024\/09\/heroin.gif","type":"image\/gif"}],"twitter_card":"summary_large_image","twitter_misc":{"Becs\u00fclt olvas\u00e1si id\u0151":"3 perc"},"schema":{"@context":"https:\/\/schema.org","@graph":[{"@type":"WebPage","@id":"https:\/\/nembutalboutique.com\/produit\/herion\/","url":"https:\/\/nembutalboutique.com\/produit\/herion\/","name":"HERION online v\u00e1s\u00e1rl\u00e1s - HERION elad\u00f3","isPartOf":{"@id":"https:\/\/nembutalboutique.com\/#website"},"primaryImageOfPage":{"@id":"https:\/\/nembutalboutique.com\/produit\/herion\/#primaryimage"},"image":{"@id":"https:\/\/nembutalboutique.com\/produit\/herion\/#primaryimage"},"thumbnailUrl":"https:\/\/nembutalboutique.com\/wp-content\/uploads\/2024\/09\/heroin.gif","datePublished":"2024-09-16T08:17:13+00:00","dateModified":"2024-09-20T08:19:10+00:00","description":"Tal\u00e1lja meg az elad\u00f3 pr\u00e9mium HERIONt online \u00e1ruh\u00e1zunkban, amely biztons\u00e1gos platformot k\u00edn\u00e1l a HERION online v\u00e1s\u00e1rl\u00e1s\u00e1hoz, k\u00f6nnyed\u00e9n, az \u00d6n keres\u00e9si ig\u00e9nyeinek megfelel\u0151en.","breadcrumb":{"@id":"https:\/\/nembutalboutique.com\/produit\/herion\/#breadcrumb"},"inLanguage":"hu","potentialAction":[{"@type":"ReadAction","target":["https:\/\/nembutalboutique.com\/produit\/herion\/"]}]},{"@type":"ImageObject","inLanguage":"hu","@id":"https:\/\/nembutalboutique.com\/produit\/herion\/#primaryimage","url":"https:\/\/nembutalboutique.com\/wp-content\/uploads\/2024\/09\/heroin.gif","contentUrl":"https:\/\/nembutalboutique.com\/wp-content\/uploads\/2024\/09\/heroin.gif","width":600,"height":600,"caption":"Acheter heroin.gif"},{"@type":"BreadcrumbList","@id":"https:\/\/nembutalboutique.com\/produit\/herion\/#breadcrumb","itemListElement":[{"@type":"ListItem","position":1,"name":"Home","item":"https:\/\/nembutalboutique.com\/"},{"@type":"ListItem","position":2,"name":"Boutique","item":"https:\/\/nembutalboutique.com\/shop\/"},{"@type":"ListItem","position":3,"name":"HERION"}]},{"@type":"WebSite","@id":"https:\/\/nembutalboutique.com\/#website","url":"https:\/\/nembutalboutique.com\/","name":"Nembutal Boutique","description":"Az \u00e9n WordPress blogom","publisher":{"@id":"https:\/\/nembutalboutique.com\/#organization"},"potentialAction":[{"@type":"SearchAction","target":{"@type":"EntryPoint","urlTemplate":"https:\/\/nembutalboutique.com\/?s={search_term_string}"},"query-input":{"@type":"PropertyValueSpecification","valueRequired":true,"valueName":"search_term_string"}}],"inLanguage":"hu"},{"@type":"Organization","@id":"https:\/\/nembutalboutique.com\/#organization","name":"Nembutal Boutique","url":"https:\/\/nembutalboutique.com\/","logo":{"@type":"ImageObject","inLanguage":"hu","@id":"https:\/\/nembutalboutique.com\/#\/schema\/logo\/image\/","url":"https:\/\/nembutalboutique.com\/wp-content\/uploads\/2024\/01\/logo.png","contentUrl":"https:\/\/nembutalboutique.com\/wp-content\/uploads\/2024\/01\/logo.png","width":494,"height":121,"caption":"Nembutal Boutique"},"image":{"@id":"https:\/\/nembutalboutique.com\/#\/schema\/logo\/image\/"}}]}},"_links":{"self":[{"href":"https:\/\/nembutalboutique.com\/hu\/wp-json\/wp\/v2\/product\/3368"}],"collection":[{"href":"https:\/\/nembutalboutique.com\/hu\/wp-json\/wp\/v2\/product"}],"about":[{"href":"https:\/\/nembutalboutique.com\/hu\/wp-json\/wp\/v2\/types\/product"}],"replies":[{"embeddable":true,"href":"https:\/\/nembutalboutique.com\/hu\/wp-json\/wp\/v2\/comments?post=3368"}],"wp:featuredmedia":[{"embeddable":true,"href":"https:\/\/nembutalboutique.com\/hu\/wp-json\/wp\/v2\/media\/3380"}],"wp:attachment":[{"href":"https:\/\/nembutalboutique.com\/hu\/wp-json\/wp\/v2\/media?parent=3368"}],"wp:term":[{"taxonomy":"product_brand","embeddable":true,"href":"https:\/\/nembutalboutique.com\/hu\/wp-json\/wp\/v2\/product_brand?post=3368"},{"taxonomy":"product_cat","embeddable":true,"href":"https:\/\/nembutalboutique.com\/hu\/wp-json\/wp\/v2\/product_cat?post=3368"},{"taxonomy":"product_tag","embeddable":true,"href":"https:\/\/nembutalboutique.com\/hu\/wp-json\/wp\/v2\/product_tag?post=3368"}],"curies":[{"name":"wp","href":"https:\/\/api.w.org\/{rel}","templated":true}]}}