{"id":3288,"date":"2024-09-16T08:16:29","date_gmt":"2024-09-16T08:16:29","guid":{"rendered":"https:\/\/nembutalboutique.com\/?post_type=product&#038;p=3288"},"modified":"2024-09-20T08:30:54","modified_gmt":"2024-09-20T08:30:54","slug":"mmb2101","status":"publish","type":"product","link":"https:\/\/nembutalboutique.com\/hu\/termek\/mmb2101\/","title":{"rendered":"MMB2101"},"content":{"rendered":"<h2>MMB-2101 online megv\u00e1s\u00e1rl\u00e1sa<\/h2>\n<p>Ez az online v\u00e1s\u00e1rl\u00e1s <a href=\"https:\/\/nembutalboutique.com\/produit\/mmb2101\/\">MMB2101<\/a> egy szintetikus kannabiszkapcsolatra utal, amely a kutat\u00e1sban haszn\u00e1lt kapcsolatok csoportj\u00e1ba tartozik. A t\u00f6bbi szintetikus kannabinoidhoz hasonl\u00f3an az MMB-2101-et is kutat\u00e1si \u00e9s laborat\u00f3riumi k\u00f6r\u00fclm\u00e9nyek k\u00f6z\u00f6tt k\u00edv\u00e1nj\u00e1k felhaszn\u00e1lni az endokannabinoid rendszer mechanizmusainak tanulm\u00e1nyoz\u00e1s\u00e1ra, valamint a lehets\u00e9ges orvosi felhaszn\u00e1l\u00e1sra. Fontos azonban szem el\u0151tt tartani, hogy a legut\u00f3bbi friss\u00edt\u00e9sem ut\u00e1n bizonyos vegyi anyagokkal kapcsolatos inform\u00e1ci\u00f3kban v\u00e1ltoz\u00e1sok t\u00f6rt\u00e9nhettek. V\u00e1s\u00e1rolja meg az MMB2101-et online.<\/p>\n<p>MMB-2101: K\u00e9miai szerkezet alapjai: \u00e1ttekint\u00e9s Az MMB2101, amelyet n\u00e9ha 5F-MMB-PICA n\u00e9ven is ismernek, tipikus szintetikus kannabisz szerkezet\u0171, indolens maggal rendelkezik. A naftalin-1-il(9-pentil-9H-karbazol-3-il)metanon a vegy\u00fclet szerkezete.<\/p>\n<p>Farmakol\u00f3gia: Szintetikus kannabinoidok, mint pl. <a href=\"https:\/\/en.wikipedia.org\/wiki\/MMB-2201\">MMB-2101<\/a> befoly\u00e1solj\u00e1k az endokannabinoid rendszert, k\u00fcl\u00f6n\u00f6sen a kannabinoid receptorokon (CB1 \u00e9s CB2) kereszt\u00fcl. Ezeknek a k\u00f6lcs\u00f6nhat\u00e1soknak k\u00fcl\u00f6nb\u00f6z\u0151 \u00e9lettani hat\u00e1sai lehetnek, p\u00e9ld\u00e1ul az \u00e9tv\u00e1gyra,<\/p>\n<p>Kutat\u00e1si c\u00e9lok: Az MMB-2101-t els\u0151sorban tudom\u00e1nyos c\u00e9lokra \u00e1ll\u00edtj\u00e1k el\u0151. Az MMB-2101-hez hasonl\u00f3 molekul\u00e1k seg\u00edts\u00e9g\u00e9vel a kutat\u00f3k tanulm\u00e1nyozt\u00e1k a szintetikus kannabinoidok k\u00f6zponti idegrendszerre gyakorolt hat\u00e1s\u00e1t, ter\u00e1pi\u00e1s felhaszn\u00e1l\u00e1sukat \u00e9s az endokannabinoid rendszer mechanizmusait.<\/p>\n<p>Potenci\u00e1lis kock\u00e1zatok: Az MMB-2101-hez hasonl\u00f3 szintetikus kannabinoidok szabadid\u0151s c\u00e9l\u00fa haszn\u00e1lata kock\u00e1zatokkal j\u00e1r. Kisz\u00e1m\u00edthatatlan \u00f6sszet\u00e9tel\u00fck miatt e szerek hat\u00e1sa el\u0151re nem l\u00e1that\u00f3, \u00e9s olyan mell\u00e9khat\u00e1sokhoz vezethet, mint a szorong\u00e1sos rohamok, hallucin\u00e1ci\u00f3k \u00e9s sz\u00edvkering\u00e9si probl\u00e9m\u00e1k. A szabadid\u0151s haszn\u00e1lathoz kapcsol\u00f3d\u00f3 potenci\u00e1lis k\u00e1rokat tov\u00e1bb n\u00f6veli az illeg\u00e1lis gy\u00e1rt\u00e1s sor\u00e1n a min\u0151s\u00e9gellen\u0151rz\u00e9s hi\u00e1nya.<\/p>\n<p>Jogi st\u00e1tusz: Az MMB2101 \u00e9s a kapcsol\u00f3d\u00f3 szintetikus kannabinoidok beszerz\u00e9s\u00e9nek jogszer\u0171s\u00e9g\u00e9ben vil\u00e1gszerte k\u00fcl\u00f6nbs\u00e9gek vannak. Ezek a k\u00e1b\u00edt\u00f3szerek sz\u00e1mos orsz\u00e1gban tiltott anyagok, mivel a vissza\u00e9l\u00e9si lehet\u0151s\u00e9g\u00fckkel \u00e9s a kapcsol\u00f3d\u00f3 eg\u00e9szs\u00e9g\u00fcgyi kock\u00e1zatokkal kapcsolatos aggodalmak miatt.<\/p>\n<p>Eg\u00e9szs\u00e9g\u00fcgyi megfontol\u00e1sok: Eg\u00e9szs\u00e9g\u00fcgyi agg\u00e1lyok: A szintetikus kannabidiol haszn\u00e1lat\u00e1val kapcsolatban jelentettek olyan mell\u00e9khat\u00e1sokat, mint h\u00e1nyinger, h\u00e1ny\u00e1s, g\u00f6rcs\u00f6k \u00e9s hallucin\u00e1ci\u00f3k. Azok az emberek, akik szintetikus kannabinoidokat haszn\u00e1ltak \u00e9s s\u00falyos t\u00fcneteket tapasztalnak, gyakran keresik a Notfallkrankenhaus on MMB2101 Online Kaufen.<\/p>","protected":false},"excerpt":{"rendered":"<p>Achetez MMB-2101 en ligne Cet achat en ligne de MMB2101 fait r\u00e9f\u00e9rence \u00e0 une connexion de cannabis synth\u00e9tique qui fait partie du groupe de connexions utilis\u00e9es dans la recherche. Comme d&rsquo;autres cannabino\u00efdes synth\u00e9tiques, le MMB-2101 est destin\u00e9 \u00e0 \u00eatre utilis\u00e9 dans des contextes de recherche et de laboratoire pour \u00e9tudier les m\u00e9canismes du syst\u00e8me endocannabino\u00efde [&hellip;]<\/p>","protected":false},"featured_media":3310,"comment_status":"open","ping_status":"closed","template":"","meta":{"_joinchat":[]},"product_brand":[],"product_cat":[386],"product_tag":[],"class_list":{"0":"post-3288","1":"product","2":"type-product","3":"status-publish","4":"has-post-thumbnail","6":"product_cat-cannabinoids","8":"first","9":"instock","10":"shipping-taxable","11":"purchasable","12":"product-type-variable"},"yoast_head":"<!-- This site is optimized with the Yoast SEO plugin v23.5 - https:\/\/yoast.com\/wordpress\/plugins\/seo\/ -->\n<title>Achetez MMB2101 en ligne - MMB2101 \u00e0 vendre<\/title>\n<meta name=\"description\" content=\"Votre commande de MMB2101 \u00e0 vendre est notre responsabilit\u00e9. Nous prendrons en consid\u00e9ration votre commande d&#039;achat de MMB2101 et vous parviendrons dans un court laps de temps. Passez des commandes group\u00e9es d\u00e8s maintenant !\" \/>\n<meta name=\"robots\" content=\"index, follow, max-snippet:-1, max-image-preview:large, max-video-preview:-1\" \/>\n<link rel=\"canonical\" href=\"https:\/\/nembutalboutique.com\/hu\/termek\/mmb2101\/\" \/>\n<meta property=\"og:locale\" content=\"hu_HU\" \/>\n<meta property=\"og:type\" content=\"article\" \/>\n<meta property=\"og:title\" content=\"Achetez MMB2101 en ligne - MMB2101 \u00e0 vendre\" \/>\n<meta property=\"og:description\" content=\"Votre commande de MMB2101 \u00e0 vendre est notre responsabilit\u00e9. Nous prendrons en consid\u00e9ration votre commande d&#039;achat de MMB2101 et vous parviendrons dans un court laps de temps. Passez des commandes group\u00e9es d\u00e8s maintenant !\" \/>\n<meta property=\"og:url\" content=\"https:\/\/nembutalboutique.com\/hu\/termek\/mmb2101\/\" \/>\n<meta property=\"og:site_name\" content=\"Nembutal Boutique\" \/>\n<meta property=\"article:modified_time\" content=\"2024-09-20T08:30:54+00:00\" \/>\n<meta property=\"og:image\" content=\"https:\/\/nembutalboutique.com\/wp-content\/uploads\/2024\/09\/MMB2101.gif\" \/>\n\t<meta property=\"og:image:width\" content=\"600\" \/>\n\t<meta property=\"og:image:height\" content=\"600\" \/>\n\t<meta property=\"og:image:type\" content=\"image\/gif\" \/>\n<meta name=\"twitter:card\" content=\"summary_large_image\" \/>\n<meta name=\"twitter:label1\" content=\"Becs\u00fclt olvas\u00e1si id\u0151\" \/>\n\t<meta name=\"twitter:data1\" content=\"2 perc\" \/>\n<script type=\"application\/ld+json\" class=\"yoast-schema-graph\">{\"@context\":\"https:\/\/schema.org\",\"@graph\":[{\"@type\":\"WebPage\",\"@id\":\"https:\/\/nembutalboutique.com\/produit\/mmb2101\/\",\"url\":\"https:\/\/nembutalboutique.com\/produit\/mmb2101\/\",\"name\":\"Achetez MMB2101 en ligne - MMB2101 \u00e0 vendre\",\"isPartOf\":{\"@id\":\"https:\/\/nembutalboutique.com\/#website\"},\"primaryImageOfPage\":{\"@id\":\"https:\/\/nembutalboutique.com\/produit\/mmb2101\/#primaryimage\"},\"image\":{\"@id\":\"https:\/\/nembutalboutique.com\/produit\/mmb2101\/#primaryimage\"},\"thumbnailUrl\":\"https:\/\/nembutalboutique.com\/wp-content\/uploads\/2024\/09\/MMB2101.gif\",\"datePublished\":\"2024-09-16T08:16:29+00:00\",\"dateModified\":\"2024-09-20T08:30:54+00:00\",\"description\":\"Votre commande de MMB2101 \u00e0 vendre est notre responsabilit\u00e9. Nous prendrons en consid\u00e9ration votre commande d'achat de MMB2101 et vous parviendrons dans un court laps de temps. Passez des commandes group\u00e9es d\u00e8s maintenant !\",\"breadcrumb\":{\"@id\":\"https:\/\/nembutalboutique.com\/produit\/mmb2101\/#breadcrumb\"},\"inLanguage\":\"hu\",\"potentialAction\":[{\"@type\":\"ReadAction\",\"target\":[\"https:\/\/nembutalboutique.com\/produit\/mmb2101\/\"]}]},{\"@type\":\"ImageObject\",\"inLanguage\":\"hu\",\"@id\":\"https:\/\/nembutalboutique.com\/produit\/mmb2101\/#primaryimage\",\"url\":\"https:\/\/nembutalboutique.com\/wp-content\/uploads\/2024\/09\/MMB2101.gif\",\"contentUrl\":\"https:\/\/nembutalboutique.com\/wp-content\/uploads\/2024\/09\/MMB2101.gif\",\"width\":600,\"height\":600,\"caption\":\"Acheter MMB2101.gif\"},{\"@type\":\"BreadcrumbList\",\"@id\":\"https:\/\/nembutalboutique.com\/produit\/mmb2101\/#breadcrumb\",\"itemListElement\":[{\"@type\":\"ListItem\",\"position\":1,\"name\":\"Home\",\"item\":\"https:\/\/nembutalboutique.com\/\"},{\"@type\":\"ListItem\",\"position\":2,\"name\":\"Boutique\",\"item\":\"https:\/\/nembutalboutique.com\/shop\/\"},{\"@type\":\"ListItem\",\"position\":3,\"name\":\"MMB2101\"}]},{\"@type\":\"WebSite\",\"@id\":\"https:\/\/nembutalboutique.com\/#website\",\"url\":\"https:\/\/nembutalboutique.com\/\",\"name\":\"Nembutal Boutique\",\"description\":\"My WordPress Blog\",\"publisher\":{\"@id\":\"https:\/\/nembutalboutique.com\/#organization\"},\"potentialAction\":[{\"@type\":\"SearchAction\",\"target\":{\"@type\":\"EntryPoint\",\"urlTemplate\":\"https:\/\/nembutalboutique.com\/?s={search_term_string}\"},\"query-input\":{\"@type\":\"PropertyValueSpecification\",\"valueRequired\":true,\"valueName\":\"search_term_string\"}}],\"inLanguage\":\"hu\"},{\"@type\":\"Organization\",\"@id\":\"https:\/\/nembutalboutique.com\/#organization\",\"name\":\"Nembutal Boutique\",\"url\":\"https:\/\/nembutalboutique.com\/\",\"logo\":{\"@type\":\"ImageObject\",\"inLanguage\":\"hu\",\"@id\":\"https:\/\/nembutalboutique.com\/#\/schema\/logo\/image\/\",\"url\":\"https:\/\/nembutalboutique.com\/wp-content\/uploads\/2024\/01\/logo.png\",\"contentUrl\":\"https:\/\/nembutalboutique.com\/wp-content\/uploads\/2024\/01\/logo.png\",\"width\":494,\"height\":121,\"caption\":\"Nembutal Boutique\"},\"image\":{\"@id\":\"https:\/\/nembutalboutique.com\/#\/schema\/logo\/image\/\"}}]}<\/script>\n<!-- \/ Yoast SEO plugin. -->","yoast_head_json":{"title":"MMB2101 online v\u00e1s\u00e1rl\u00e1s - MMB2101 elad\u00f3","description":"Az MMB2101 elad\u00f3 rendel\u00e9se a mi felel\u0151ss\u00e9g\u00fcnk. Megfontoljuk MMB2101 rendel\u00e9s\u00e9t, \u00e9s r\u00f6vid id\u0151n bel\u00fcl visszajelz\u00fcnk \u00d6nnek. Adjon le nagy mennyis\u00e9g\u0171 megrendel\u00e9st most!","robots":{"index":"index","follow":"follow","max-snippet":"max-snippet:-1","max-image-preview":"max-image-preview:large","max-video-preview":"max-video-preview:-1"},"canonical":"https:\/\/nembutalboutique.com\/hu\/termek\/mmb2101\/","og_locale":"hu_HU","og_type":"article","og_title":"Achetez MMB2101 en ligne - MMB2101 \u00e0 vendre","og_description":"Votre commande de MMB2101 \u00e0 vendre est notre responsabilit\u00e9. Nous prendrons en consid\u00e9ration votre commande d'achat de MMB2101 et vous parviendrons dans un court laps de temps. Passez des commandes group\u00e9es d\u00e8s maintenant !","og_url":"https:\/\/nembutalboutique.com\/hu\/termek\/mmb2101\/","og_site_name":"Nembutal Boutique","article_modified_time":"2024-09-20T08:30:54+00:00","og_image":[{"width":600,"height":600,"url":"https:\/\/nembutalboutique.com\/wp-content\/uploads\/2024\/09\/MMB2101.gif","type":"image\/gif"}],"twitter_card":"summary_large_image","twitter_misc":{"Becs\u00fclt olvas\u00e1si id\u0151":"2 perc"},"schema":{"@context":"https:\/\/schema.org","@graph":[{"@type":"WebPage","@id":"https:\/\/nembutalboutique.com\/produit\/mmb2101\/","url":"https:\/\/nembutalboutique.com\/produit\/mmb2101\/","name":"MMB2101 online v\u00e1s\u00e1rl\u00e1s - MMB2101 elad\u00f3","isPartOf":{"@id":"https:\/\/nembutalboutique.com\/#website"},"primaryImageOfPage":{"@id":"https:\/\/nembutalboutique.com\/produit\/mmb2101\/#primaryimage"},"image":{"@id":"https:\/\/nembutalboutique.com\/produit\/mmb2101\/#primaryimage"},"thumbnailUrl":"https:\/\/nembutalboutique.com\/wp-content\/uploads\/2024\/09\/MMB2101.gif","datePublished":"2024-09-16T08:16:29+00:00","dateModified":"2024-09-20T08:30:54+00:00","description":"Az MMB2101 elad\u00f3 rendel\u00e9se a mi felel\u0151ss\u00e9g\u00fcnk. Megfontoljuk MMB2101 rendel\u00e9s\u00e9t, \u00e9s r\u00f6vid id\u0151n bel\u00fcl visszajelz\u00fcnk \u00d6nnek. Adjon le nagy mennyis\u00e9g\u0171 megrendel\u00e9st most!","breadcrumb":{"@id":"https:\/\/nembutalboutique.com\/produit\/mmb2101\/#breadcrumb"},"inLanguage":"hu","potentialAction":[{"@type":"ReadAction","target":["https:\/\/nembutalboutique.com\/produit\/mmb2101\/"]}]},{"@type":"ImageObject","inLanguage":"hu","@id":"https:\/\/nembutalboutique.com\/produit\/mmb2101\/#primaryimage","url":"https:\/\/nembutalboutique.com\/wp-content\/uploads\/2024\/09\/MMB2101.gif","contentUrl":"https:\/\/nembutalboutique.com\/wp-content\/uploads\/2024\/09\/MMB2101.gif","width":600,"height":600,"caption":"Acheter MMB2101.gif"},{"@type":"BreadcrumbList","@id":"https:\/\/nembutalboutique.com\/produit\/mmb2101\/#breadcrumb","itemListElement":[{"@type":"ListItem","position":1,"name":"Home","item":"https:\/\/nembutalboutique.com\/"},{"@type":"ListItem","position":2,"name":"Boutique","item":"https:\/\/nembutalboutique.com\/shop\/"},{"@type":"ListItem","position":3,"name":"MMB2101"}]},{"@type":"WebSite","@id":"https:\/\/nembutalboutique.com\/#website","url":"https:\/\/nembutalboutique.com\/","name":"Nembutal Boutique","description":"Az \u00e9n WordPress blogom","publisher":{"@id":"https:\/\/nembutalboutique.com\/#organization"},"potentialAction":[{"@type":"SearchAction","target":{"@type":"EntryPoint","urlTemplate":"https:\/\/nembutalboutique.com\/?s={search_term_string}"},"query-input":{"@type":"PropertyValueSpecification","valueRequired":true,"valueName":"search_term_string"}}],"inLanguage":"hu"},{"@type":"Organization","@id":"https:\/\/nembutalboutique.com\/#organization","name":"Nembutal Boutique","url":"https:\/\/nembutalboutique.com\/","logo":{"@type":"ImageObject","inLanguage":"hu","@id":"https:\/\/nembutalboutique.com\/#\/schema\/logo\/image\/","url":"https:\/\/nembutalboutique.com\/wp-content\/uploads\/2024\/01\/logo.png","contentUrl":"https:\/\/nembutalboutique.com\/wp-content\/uploads\/2024\/01\/logo.png","width":494,"height":121,"caption":"Nembutal Boutique"},"image":{"@id":"https:\/\/nembutalboutique.com\/#\/schema\/logo\/image\/"}}]}},"_links":{"self":[{"href":"https:\/\/nembutalboutique.com\/hu\/wp-json\/wp\/v2\/product\/3288"}],"collection":[{"href":"https:\/\/nembutalboutique.com\/hu\/wp-json\/wp\/v2\/product"}],"about":[{"href":"https:\/\/nembutalboutique.com\/hu\/wp-json\/wp\/v2\/types\/product"}],"replies":[{"embeddable":true,"href":"https:\/\/nembutalboutique.com\/hu\/wp-json\/wp\/v2\/comments?post=3288"}],"wp:featuredmedia":[{"embeddable":true,"href":"https:\/\/nembutalboutique.com\/hu\/wp-json\/wp\/v2\/media\/3310"}],"wp:attachment":[{"href":"https:\/\/nembutalboutique.com\/hu\/wp-json\/wp\/v2\/media?parent=3288"}],"wp:term":[{"taxonomy":"product_brand","embeddable":true,"href":"https:\/\/nembutalboutique.com\/hu\/wp-json\/wp\/v2\/product_brand?post=3288"},{"taxonomy":"product_cat","embeddable":true,"href":"https:\/\/nembutalboutique.com\/hu\/wp-json\/wp\/v2\/product_cat?post=3288"},{"taxonomy":"product_tag","embeddable":true,"href":"https:\/\/nembutalboutique.com\/hu\/wp-json\/wp\/v2\/product_tag?post=3288"}],"curies":[{"name":"wp","href":"https:\/\/api.w.org\/{rel}","templated":true}]}}