{"id":3224,"date":"2024-09-16T08:16:06","date_gmt":"2024-09-16T08:16:06","guid":{"rendered":"https:\/\/nembutalboutique.com\/?post_type=product&#038;p=3224"},"modified":"2024-09-20T08:25:51","modified_gmt":"2024-09-20T08:25:51","slug":"ab-pinaca","status":"publish","type":"product","link":"https:\/\/nembutalboutique.com\/hu\/termek\/ab-pinaca\/","title":{"rendered":"AB-PINACA"},"content":{"rendered":"<h2>Achetez AB-PINACA en ligne<\/h2>\n<p>Achetez AB-PINACA en ligne ici : Ce cannabino\u00efde synth\u00e9tique, d\u00e9velopp\u00e9 pour la premi\u00e8re fois comme analg\u00e9sique par Pfizer en 2009 et bas\u00e9 sur l&rsquo;indazole, est vendu en ligne comme drogue de synth\u00e8se.<\/p>\n<p>Il a \u00e9t\u00e9 d\u00e9couvert qu&rsquo;<a href=\"https:\/\/nembutalboutique.com\/produit\/ab-pinaca\/\">AB-PINACA<\/a> en ligne est un antagoniste puissant des r\u00e9cepteurs CB1 et CB2, avec des valeurs EC50 de 0,48 nM et 2,66 nM, respectivement. Dans la litt\u00e9rature, il existe des descriptions de ses modifications de substance. Cette poudre blanche est connue sous sa d\u00e9signation IUPAC N-(1-Amino-3-m\u00e9thyl-1-oxobutan-2-yl)-1-(5-fluorpentyl)-1H-indazol-3-carboxamid, ou AB-PINACA. On l&rsquo;appelle \u00e9galement 5-Fluor-AB-PINACA. Formule chimique C18H25FN4O2 a un poids mol\u00e9culaire de 349,42 g\/mol, un Reinheit de 99,3% et un point de fusion de 85,3 \u00b0C.<\/p>\n<p>\u00c9galement connu sous le nom de 5AB-PINACA.1-(5-Fluorpentyl) ou N-(1-Amino-3-methyl-1-oxobutan-2-yl)<br \/>\nselon la classification IUPACLa forme poudreuse du -1H-indazol-3-carboxamide est blanche. Avec un poids mol\u00e9culaire de 349,42 g\/mol, un Reinheit de 99% et un point de fusion de 85,3 \u00b0C, il est<br \/>\nLa formule chimique est C18H25FN4O2.<\/p>\n<p>V\u00e1s\u00e1roljon <a href=\"https:\/\/en.wikipedia.org\/wiki\/AB-PINACA\">AB-PINACA<\/a>, \u00e9galement connu sous le nom de 5-Fluor-AB-PINACA et identifi\u00e9 par l&rsquo;IUPAC comme N-(1-Amino-3-methyl-1-oxobutan-2-yl)-1-(5-fluorpentyl), en ligne. La poudre du -1H-indazol-3-carboxamide est blanche. La formule chimique C18H25FN4O2 a un poids mol\u00e9culaire de 349,42 g\/mol, un Reinheit de 99,3 % et un point de fusion de 85,3 \u00b0C.<\/p>\n<p>Pfizer a d\u00e9velopp\u00e9 AB-PINACA, un cannabino\u00efde synth\u00e9tique \u00e0 base d&rsquo;indazole, comme analg\u00e9sique pour la premi\u00e8re fois en 2009. Il a \u00e9t\u00e9 commercialis\u00e9 en ligne comme m\u00e9dicament de synth\u00e8se. Il a \u00e9t\u00e9 d\u00e9montr\u00e9 qu&rsquo;il avait une valeur EC50 de 0,48 nM ou 2,66 nM, ce qui en fait un antagoniste puissant des r\u00e9cepteurs CB1 et CB2. Le taux de m\u00e9tabolisme est d\u00e9termin\u00e9 par la d\u00e9signation IUPAC du N-(1-amino-3-m\u00e9thyl-1-oxobutan-2-yl)-1-(5-fluorpentyl). La poudre blanche connue sous le nom de 5F-AB-PINACA, ou -1H-indazol-3-carboxamid, peut \u00eatre achet\u00e9e en ligne sous le nom AB-PINACA. Il a \u00e9t\u00e9 d\u00e9montr\u00e9 que la valeur EC50 \u00e9tait de 0,48 nM ou 2,66 nM.<\/p>\n<p>Il poss\u00e8de cette propri\u00e9t\u00e9, ce qui en fait un antagoniste puissant des r\u00e9cepteurs CB1 et CB2. Dans la litt\u00e9rature, il existe des descriptions de ses modifications de substance.<\/p>\n<p>Le N-(1-amino-3-m\u00e9thyl-1-oxobutan-2-yl)-1-(5-fluorpentyl)-1H-indazol-3-carboxamide, ou 5F-AB-PINACA, est \u00e9galement connu sous sa d\u00e9signation IUPAC, AB-PINACA, qui est une poudre blanche. La formule chimique C18H25FN4O2 a un poids mol\u00e9culaire de 349,42 g\/mol, un Reinheit de 99,3 % et un point de fusion de 85,3 \u00b0C. Le N-(1-amino-3-m\u00e9thyl-1-oxobutan-2-yl)-1-(5-fluorpentyl)-1H-indazol-3-carboxamide, \u00e9galement parfois appel\u00e9 AB-PINACA, est une poudre blanche.<\/p>\n<h3>Achetez AB-PINACA chez Kaufen Nembutal ; apr\u00e8s tout, la qualit\u00e9 compte !<\/h3>\n<p>Achetez AB-PINACA en ligne aupr\u00e8s des meilleures entreprises chimiques europ\u00e9ennes Fabriqu\u00e9 professionnellement avec au moins 98 % + Reinheit garanti. Nous fournissons un COA de chaque charge produite chimiquement au cours de nos recherches\u00a0!<\/p>\n<p><strong>Werkstoffe ichn AB-PINACA<\/strong><\/p>\n<p>Contient un minimum de 98 % + reinen AB-PINACA par unit\u00e9 de commande.<\/p>\n<p>Le dosage d&rsquo;AB-PINACA<\/p>\n<p>Il n&rsquo;y a pas de dosage sugg\u00e9r\u00e9 car AB-PINACA n&rsquo;est pas vendu uniquement \u00e0 des fins de recherche chimique scientifique et non pour la consommation humaine.<\/p>\n<p><strong>Effets de l&rsquo;AB-PINACA\u00a0:<\/strong><\/p>\n<p>Les effets cliniques de la plupart des nouvelles drogues de synth\u00e8se, telles que l&rsquo;AB-PINACA, peuvent \u00eatre class\u00e9s comme stimulants, hallucinog\u00e8nes ou de type opio\u00efde. De plus, vous avez une combinaison de ces effets avec la substitution de sidekette de synth\u00e8se.<\/p>\n<p><strong>Effets ind\u00e9sirables de l&rsquo;AB-PINACA<\/strong><\/p>\n<p>Comme d&rsquo;autres drogues de synth\u00e8se, l&rsquo;utilisation d&rsquo;AB-PINACA peut provoquer des effets secondaires graves\u00a0; la substance n&rsquo;a pas \u00e9t\u00e9 test\u00e9e cliniquement ni approuv\u00e9e de quelque mani\u00e8re que ce soit en tant que produit pour le m\u00e9decin\u00a0! Pour cette raison, AB-PINACA est uniquement destin\u00e9 \u00e0 la recherche scientifique et non \u00e0 l&rsquo;usage humain\u00a0!<\/p>\n<p><strong>Comprendre comment conserver AB-PINACA<\/strong><br \/>\nConserver AB-PINACA \u00e0 une temp\u00e9rature inf\u00e9rieure \u00e0 30 degr\u00e9s Celsius. Conserver AB-PINACA dans son emballage d&rsquo;origine, \u00e0 l&rsquo;abri de la lumi\u00e8re directe du soleil et de l&rsquo;humidit\u00e9.<\/p>","protected":false},"excerpt":{"rendered":"<p>Achetez AB-PINACA en ligne Achetez AB-PINACA en ligne ici : Ce cannabino\u00efde synth\u00e9tique, d\u00e9velopp\u00e9 pour la premi\u00e8re fois comme analg\u00e9sique par Pfizer en 2009 et bas\u00e9 sur l&rsquo;indazole, est vendu en ligne comme drogue de synth\u00e8se. Il a \u00e9t\u00e9 d\u00e9couvert qu&rsquo;AB-PINACA en ligne est un antagoniste puissant des r\u00e9cepteurs CB1 et CB2, avec des valeurs [&hellip;]<\/p>","protected":false},"featured_media":3242,"comment_status":"open","ping_status":"closed","template":"","meta":{"_joinchat":[]},"product_brand":[],"product_cat":[386],"product_tag":[],"class_list":{"0":"post-3224","1":"product","2":"type-product","3":"status-publish","4":"has-post-thumbnail","6":"product_cat-cannabinoids","8":"first","9":"instock","10":"shipping-taxable","11":"purchasable","12":"product-type-variable"},"yoast_head":"<!-- This site is optimized with the Yoast SEO plugin v23.5 - https:\/\/yoast.com\/wordpress\/plugins\/seo\/ -->\n<title>Acheter AB-Pinaca en ligne - AB-Pinaca \u00e0 vendre<\/title>\n<meta name=\"description\" content=\"Nous sommes le magasin leader proposant AB-Pinaca \u00e0 la vente. Si vous souhaitez acheter AB-Pinaca, contactez-nous imm\u00e9diatement et faites livrer votre commande. Commandez maintenant !\" \/>\n<meta name=\"robots\" content=\"index, follow, max-snippet:-1, max-image-preview:large, max-video-preview:-1\" \/>\n<link rel=\"canonical\" href=\"https:\/\/nembutalboutique.com\/hu\/termek\/ab-pinaca\/\" \/>\n<meta property=\"og:locale\" content=\"hu_HU\" \/>\n<meta property=\"og:type\" content=\"article\" \/>\n<meta property=\"og:title\" content=\"Acheter AB-Pinaca en ligne - AB-Pinaca \u00e0 vendre\" \/>\n<meta property=\"og:description\" content=\"Nous sommes le magasin leader proposant AB-Pinaca \u00e0 la vente. Si vous souhaitez acheter AB-Pinaca, contactez-nous imm\u00e9diatement et faites livrer votre commande. Commandez maintenant !\" \/>\n<meta property=\"og:url\" content=\"https:\/\/nembutalboutique.com\/hu\/termek\/ab-pinaca\/\" \/>\n<meta property=\"og:site_name\" content=\"Nembutal Boutique\" \/>\n<meta property=\"article:modified_time\" content=\"2024-09-20T08:25:51+00:00\" \/>\n<meta property=\"og:image\" content=\"https:\/\/nembutalboutique.com\/wp-content\/uploads\/2024\/09\/AB-PINACA.gif\" \/>\n\t<meta property=\"og:image:width\" content=\"600\" \/>\n\t<meta property=\"og:image:height\" content=\"600\" \/>\n\t<meta property=\"og:image:type\" content=\"image\/gif\" \/>\n<meta name=\"twitter:card\" content=\"summary_large_image\" \/>\n<meta name=\"twitter:label1\" content=\"Becs\u00fclt olvas\u00e1si id\u0151\" \/>\n\t<meta name=\"twitter:data1\" content=\"3 perc\" \/>\n<script type=\"application\/ld+json\" class=\"yoast-schema-graph\">{\"@context\":\"https:\/\/schema.org\",\"@graph\":[{\"@type\":\"WebPage\",\"@id\":\"https:\/\/nembutalboutique.com\/produit\/ab-pinaca\/\",\"url\":\"https:\/\/nembutalboutique.com\/produit\/ab-pinaca\/\",\"name\":\"Acheter AB-Pinaca en ligne - AB-Pinaca \u00e0 vendre\",\"isPartOf\":{\"@id\":\"https:\/\/nembutalboutique.com\/#website\"},\"primaryImageOfPage\":{\"@id\":\"https:\/\/nembutalboutique.com\/produit\/ab-pinaca\/#primaryimage\"},\"image\":{\"@id\":\"https:\/\/nembutalboutique.com\/produit\/ab-pinaca\/#primaryimage\"},\"thumbnailUrl\":\"https:\/\/nembutalboutique.com\/wp-content\/uploads\/2024\/09\/AB-PINACA.gif\",\"datePublished\":\"2024-09-16T08:16:06+00:00\",\"dateModified\":\"2024-09-20T08:25:51+00:00\",\"description\":\"Nous sommes le magasin leader proposant AB-Pinaca \u00e0 la vente. Si vous souhaitez acheter AB-Pinaca, contactez-nous imm\u00e9diatement et faites livrer votre commande. Commandez maintenant !\",\"breadcrumb\":{\"@id\":\"https:\/\/nembutalboutique.com\/produit\/ab-pinaca\/#breadcrumb\"},\"inLanguage\":\"hu\",\"potentialAction\":[{\"@type\":\"ReadAction\",\"target\":[\"https:\/\/nembutalboutique.com\/produit\/ab-pinaca\/\"]}]},{\"@type\":\"ImageObject\",\"inLanguage\":\"hu\",\"@id\":\"https:\/\/nembutalboutique.com\/produit\/ab-pinaca\/#primaryimage\",\"url\":\"https:\/\/nembutalboutique.com\/wp-content\/uploads\/2024\/09\/AB-PINACA.gif\",\"contentUrl\":\"https:\/\/nembutalboutique.com\/wp-content\/uploads\/2024\/09\/AB-PINACA.gif\",\"width\":600,\"height\":600,\"caption\":\"Acheter AB-PINACA.gif\"},{\"@type\":\"BreadcrumbList\",\"@id\":\"https:\/\/nembutalboutique.com\/produit\/ab-pinaca\/#breadcrumb\",\"itemListElement\":[{\"@type\":\"ListItem\",\"position\":1,\"name\":\"Home\",\"item\":\"https:\/\/nembutalboutique.com\/\"},{\"@type\":\"ListItem\",\"position\":2,\"name\":\"Boutique\",\"item\":\"https:\/\/nembutalboutique.com\/shop\/\"},{\"@type\":\"ListItem\",\"position\":3,\"name\":\"AB-PINACA\"}]},{\"@type\":\"WebSite\",\"@id\":\"https:\/\/nembutalboutique.com\/#website\",\"url\":\"https:\/\/nembutalboutique.com\/\",\"name\":\"Nembutal Boutique\",\"description\":\"My WordPress Blog\",\"publisher\":{\"@id\":\"https:\/\/nembutalboutique.com\/#organization\"},\"potentialAction\":[{\"@type\":\"SearchAction\",\"target\":{\"@type\":\"EntryPoint\",\"urlTemplate\":\"https:\/\/nembutalboutique.com\/?s={search_term_string}\"},\"query-input\":{\"@type\":\"PropertyValueSpecification\",\"valueRequired\":true,\"valueName\":\"search_term_string\"}}],\"inLanguage\":\"hu\"},{\"@type\":\"Organization\",\"@id\":\"https:\/\/nembutalboutique.com\/#organization\",\"name\":\"Nembutal Boutique\",\"url\":\"https:\/\/nembutalboutique.com\/\",\"logo\":{\"@type\":\"ImageObject\",\"inLanguage\":\"hu\",\"@id\":\"https:\/\/nembutalboutique.com\/#\/schema\/logo\/image\/\",\"url\":\"https:\/\/nembutalboutique.com\/wp-content\/uploads\/2024\/01\/logo.png\",\"contentUrl\":\"https:\/\/nembutalboutique.com\/wp-content\/uploads\/2024\/01\/logo.png\",\"width\":494,\"height\":121,\"caption\":\"Nembutal Boutique\"},\"image\":{\"@id\":\"https:\/\/nembutalboutique.com\/#\/schema\/logo\/image\/\"}}]}<\/script>\n<!-- \/ Yoast SEO plugin. -->","yoast_head_json":{"title":"Acheter AB-Pinaca en ligne - AB-Pinaca \u00e0 vendre","description":"Nous sommes le magasin leader proposant AB-Pinaca \u00e0 la vente. Si vous souhaitez acheter AB-Pinaca, contactez-nous imm\u00e9diatement et faites livrer votre commande. Commandez maintenant !","robots":{"index":"index","follow":"follow","max-snippet":"max-snippet:-1","max-image-preview":"max-image-preview:large","max-video-preview":"max-video-preview:-1"},"canonical":"https:\/\/nembutalboutique.com\/hu\/termek\/ab-pinaca\/","og_locale":"hu_HU","og_type":"article","og_title":"Acheter AB-Pinaca en ligne - AB-Pinaca \u00e0 vendre","og_description":"Nous sommes le magasin leader proposant AB-Pinaca \u00e0 la vente. Si vous souhaitez acheter AB-Pinaca, contactez-nous imm\u00e9diatement et faites livrer votre commande. Commandez maintenant !","og_url":"https:\/\/nembutalboutique.com\/hu\/termek\/ab-pinaca\/","og_site_name":"Nembutal Boutique","article_modified_time":"2024-09-20T08:25:51+00:00","og_image":[{"width":600,"height":600,"url":"https:\/\/nembutalboutique.com\/wp-content\/uploads\/2024\/09\/AB-PINACA.gif","type":"image\/gif"}],"twitter_card":"summary_large_image","twitter_misc":{"Becs\u00fclt olvas\u00e1si id\u0151":"3 perc"},"schema":{"@context":"https:\/\/schema.org","@graph":[{"@type":"WebPage","@id":"https:\/\/nembutalboutique.com\/produit\/ab-pinaca\/","url":"https:\/\/nembutalboutique.com\/produit\/ab-pinaca\/","name":"Acheter AB-Pinaca en ligne - AB-Pinaca \u00e0 vendre","isPartOf":{"@id":"https:\/\/nembutalboutique.com\/#website"},"primaryImageOfPage":{"@id":"https:\/\/nembutalboutique.com\/produit\/ab-pinaca\/#primaryimage"},"image":{"@id":"https:\/\/nembutalboutique.com\/produit\/ab-pinaca\/#primaryimage"},"thumbnailUrl":"https:\/\/nembutalboutique.com\/wp-content\/uploads\/2024\/09\/AB-PINACA.gif","datePublished":"2024-09-16T08:16:06+00:00","dateModified":"2024-09-20T08:25:51+00:00","description":"Nous sommes le magasin leader proposant AB-Pinaca \u00e0 la vente. Si vous souhaitez acheter AB-Pinaca, contactez-nous imm\u00e9diatement et faites livrer votre commande. Commandez maintenant !","breadcrumb":{"@id":"https:\/\/nembutalboutique.com\/produit\/ab-pinaca\/#breadcrumb"},"inLanguage":"hu","potentialAction":[{"@type":"ReadAction","target":["https:\/\/nembutalboutique.com\/produit\/ab-pinaca\/"]}]},{"@type":"ImageObject","inLanguage":"hu","@id":"https:\/\/nembutalboutique.com\/produit\/ab-pinaca\/#primaryimage","url":"https:\/\/nembutalboutique.com\/wp-content\/uploads\/2024\/09\/AB-PINACA.gif","contentUrl":"https:\/\/nembutalboutique.com\/wp-content\/uploads\/2024\/09\/AB-PINACA.gif","width":600,"height":600,"caption":"Acheter AB-PINACA.gif"},{"@type":"BreadcrumbList","@id":"https:\/\/nembutalboutique.com\/produit\/ab-pinaca\/#breadcrumb","itemListElement":[{"@type":"ListItem","position":1,"name":"Home","item":"https:\/\/nembutalboutique.com\/"},{"@type":"ListItem","position":2,"name":"Boutique","item":"https:\/\/nembutalboutique.com\/shop\/"},{"@type":"ListItem","position":3,"name":"AB-PINACA"}]},{"@type":"WebSite","@id":"https:\/\/nembutalboutique.com\/#website","url":"https:\/\/nembutalboutique.com\/","name":"Nembutal Boutique","description":"Az \u00e9n WordPress blogom","publisher":{"@id":"https:\/\/nembutalboutique.com\/#organization"},"potentialAction":[{"@type":"SearchAction","target":{"@type":"EntryPoint","urlTemplate":"https:\/\/nembutalboutique.com\/?s={search_term_string}"},"query-input":{"@type":"PropertyValueSpecification","valueRequired":true,"valueName":"search_term_string"}}],"inLanguage":"hu"},{"@type":"Organization","@id":"https:\/\/nembutalboutique.com\/#organization","name":"Nembutal Boutique","url":"https:\/\/nembutalboutique.com\/","logo":{"@type":"ImageObject","inLanguage":"hu","@id":"https:\/\/nembutalboutique.com\/#\/schema\/logo\/image\/","url":"https:\/\/nembutalboutique.com\/wp-content\/uploads\/2024\/01\/logo.png","contentUrl":"https:\/\/nembutalboutique.com\/wp-content\/uploads\/2024\/01\/logo.png","width":494,"height":121,"caption":"Nembutal Boutique"},"image":{"@id":"https:\/\/nembutalboutique.com\/#\/schema\/logo\/image\/"}}]}},"_links":{"self":[{"href":"https:\/\/nembutalboutique.com\/hu\/wp-json\/wp\/v2\/product\/3224"}],"collection":[{"href":"https:\/\/nembutalboutique.com\/hu\/wp-json\/wp\/v2\/product"}],"about":[{"href":"https:\/\/nembutalboutique.com\/hu\/wp-json\/wp\/v2\/types\/product"}],"replies":[{"embeddable":true,"href":"https:\/\/nembutalboutique.com\/hu\/wp-json\/wp\/v2\/comments?post=3224"}],"wp:featuredmedia":[{"embeddable":true,"href":"https:\/\/nembutalboutique.com\/hu\/wp-json\/wp\/v2\/media\/3242"}],"wp:attachment":[{"href":"https:\/\/nembutalboutique.com\/hu\/wp-json\/wp\/v2\/media?parent=3224"}],"wp:term":[{"taxonomy":"product_brand","embeddable":true,"href":"https:\/\/nembutalboutique.com\/hu\/wp-json\/wp\/v2\/product_brand?post=3224"},{"taxonomy":"product_cat","embeddable":true,"href":"https:\/\/nembutalboutique.com\/hu\/wp-json\/wp\/v2\/product_cat?post=3224"},{"taxonomy":"product_tag","embeddable":true,"href":"https:\/\/nembutalboutique.com\/hu\/wp-json\/wp\/v2\/product_tag?post=3224"}],"curies":[{"name":"wp","href":"https:\/\/api.w.org\/{rel}","templated":true}]}}