{"id":3178,"date":"2024-09-16T08:15:44","date_gmt":"2024-09-16T08:15:44","guid":{"rendered":"https:\/\/nembutalboutique.com\/?post_type=product&#038;p=3178"},"modified":"2024-09-20T09:22:57","modified_gmt":"2024-09-20T09:22:57","slug":"5f-pb-22","status":"publish","type":"product","link":"https:\/\/nembutalboutique.com\/hu\/termek\/5f-pb-22\/","title":{"rendered":"5F-PB-22"},"content":{"rendered":"<h2>5F-PB-22 online v\u00e1s\u00e1rl\u00e1s.<\/h2>\n<p>Az 5F-PB22 term\u00e9ket az ISO17025:2005 \u00e9s a 34:2009 \u00fatmutat\u00f3 szerint gy\u00e1rtj\u00e1k \u00e9s vizsg\u00e1lj\u00e1k.<\/p>\n<p>Ezt a term\u00e9ket analitikai referenciastandardk\u00e9nt val\u00f3 felhaszn\u00e1l\u00e1sra sz\u00e1nj\u00e1k. A t\u00f6megtartalom a megfelel\u0151 int\u00e9zm\u00e9nyekn\u00e9l el\u00e9rhet\u0151 tudom\u00e1nyos tanulm\u00e1nyok sz\u00e1m\u00e1ra; k\u00e9rj\u00fck, vegye fel a kapcsolatot \u00e9rt\u00e9kes\u00edt\u00e9si oszt\u00e1lyunkkal, ha k\u00e9rd\u00e9se van az \u00e1rakkal kapcsolatban.<\/p>\n<p>M\u00e1s szavakkal.<\/p>\n<h3>5. Fluor-QUPIC<\/h3>\n<p>Az analitikai referenciaminta 5-Fluor PB-22 (cikksz\u00e1m: 14095) szerkezeti besorol\u00e1sa a szintetikus kannabinoid (CB). Teljes antagonista, a CB1- vagy CB1-m\u00e1l\u00e9 eset\u00e9ben 8,55 vagy 7,97 pEC50 \u00e9rt\u00e9kkel. CB2-Rezeptoren.1,2 <a href=\"https:\/\/nembutalboutique.com\/produit\/5f-pb-22\/\">5-Fluor-PB-22<\/a> megfelel a \u03949-THC in vivo hat\u00e1sainak, mivel d\u00f3zisf\u00fcgg\u0151 m\u00f3don hat\u00e9konyan v\u00e1lt ki hipotermi\u00e1t \u00e9s cs\u00f6kkenti a pulzussz\u00e1mot patk\u00e1nyokban (12068 cikksz\u00e1m | ISO60157).1. Az eszk\u00f6z c\u00e9lpiacai a t\u00f6rv\u00e9nysz\u00e9ki \u00e9s kutat\u00e1si alkalmaz\u00e1sok.<\/p>\n<p>Ezek a term\u00e9kek megfelelnek az ISO 17025 gy\u00e1rt\u00e1si \u00e9s vizsg\u00e1lati k\u00f6vetelm\u00e9nyeinek. Ez a term\u00e9k megfelel az ISO 17025 \u00e9s a Guide 34 gy\u00e1rt\u00e1si \u00e9s vizsg\u00e1lati k\u00f6vetelm\u00e9nyeinek, \u00edgy min\u0151s\u00edtett referenciaanyag (RM). Ezeket az anyagokat j\u00f3v\u00e1hagyott analitikai m\u00f3dszerekkel, hiteles\u00edtett berendez\u00e9sekkel elemzik a m\u00e9r\u00e9sek reproduk\u00e1lhat\u00f3s\u00e1g\u00e1nak biztos\u00edt\u00e1sa \u00e9rdek\u00e9ben. Itt minden nyomon k\u00f6vethet\u0151 RM a term\u00e9k c\u00edmk\u00e9j\u00e9n tal\u00e1lhat\u00f3 t\u00e9telsz\u00e1m seg\u00edts\u00e9g\u00e9vel visszakereshet\u0151, \u00e9s CofA igazolhat\u00f3. A CofA hivatalos m\u00e1solat\u00e1nak megszerz\u00e9s\u00e9hez k\u00e9rj\u00fck, forduljon m\u0171szaki t\u00e1mogat\u00e1sunkhoz.<\/p>\n<h3>A Nembutalboutique egy eur\u00f3pai v\u00e1llalat, amely a legjobb Nembutalboutique term\u00e9kek kis- \u00e9s nagykereskedelmi forgalmaz\u00e1s\u00e1ra szakosodott.<\/h3>\n<p>Alap\u00edt\u00e1sunk \u00f3ta folyamatosan fejl\u0151dt\u00fcnk, hogy jobban megfelelhess\u00fcnk \u00fcgyfeleink ig\u00e9nyeinek. Szakter\u00fclet\u00fcnk kib\u0151v\u00fclt a t\u00f6rv\u00e9nysz\u00e9ki elemz\u00e9si szabv\u00e1nyok l\u00e9trehoz\u00e1s\u00e1val, a preklinikai gy\u00f3gyszerfejleszt\u00e9ssel, a szerz\u0151d\u00e9ses kutat\u00e1si szolg\u00e1ltat\u00e1sokkal \u00e9s a gy\u00f3gyszer\u00e9szeti anyagok l\u00e9trehoz\u00e1s\u00e1val.<\/p>\n<p>Ez a term\u00e9k megfelel az ISO 17025 \u00e9s a Guide 34 gy\u00e1rt\u00e1si \u00e9s vizsg\u00e1lati k\u00f6vetelm\u00e9nyeinek, \u00edgy min\u0151s\u00edtett referenciaanyag (RM). Ehhez a list\u00e1hoz hozz\u00e1adjuk a fejleszt\u00e9st, a kutat\u00e1si \u00f6szt\u00f6nd\u00edjak t\u00e1mogat\u00e1s\u00e1t \u00e9s a t\u00e1rsadalmi szerepv\u00e1llal\u00e1st. Soha nem fogunk elt\u00e9rni alapelveinkt\u0151l \u00e9s eredeti c\u00e9lkit\u0171z\u00e9seinkt\u0151l, amelyek a kutat\u00f3i k\u00f6z\u00f6ss\u00e9g t\u00e1mogat\u00e1s\u00e1t \u00e9s a kiv\u00e1l\u00f3 min\u0151s\u00e9g\u0171 term\u00e9kek \u00e9sszer\u0171 \u00e1ron t\u00f6rt\u00e9n\u0151 biztos\u00edt\u00e1s\u00e1t c\u00e9lozt\u00e1k.<\/p>\n<p>A legjobb hely, ahol kutat\u00e1si vegyszereket szerezhet be, \u00e9s felszerelheti mag\u00e1t a legmodernebb anyagokkal a projektjeihez, a Nembutalboutique. Olyan besz\u00e1ll\u00edt\u00f3ra van sz\u00fcks\u00e9ge, akiben megb\u00edzhat, hogy val\u00f3di \u00e9s tiszta 100 % vegyszereket biztos\u00edt \u00d6nnek. A vel\u00fcnk val\u00f3 egy\u00fcttm\u0171k\u00f6d\u00e9s garant\u00e1lja ezt. Nagyon b\u00fcszk\u00e9k vagyunk arra, hogy a min\u0151s\u00e9g \u00e9s a tudom\u00e1nyos integrit\u00e1s ir\u00e1nti elk\u00f6telezetts\u00e9g\u00fcnk miatt az egyik vezet\u0151 besz\u00e1ll\u00edt\u00f3nak ismerik el az interneten.<br \/>\nA Nembutalboutique vezet\u0151 szerepet t\u00f6lt be a glob\u00e1lis vegyipari tan\u00e1csad\u00e1si szolg\u00e1ltat\u00e1sok, valamint az offshore \u00e9s nemzetk\u00f6zi vegyipari sz\u00e1ll\u00edt\u00e1sok ter\u00e9n. Igaz\u00e1n glob\u00e1lis besz\u00e1ll\u00edt\u00f3k\u00e9nt a Nembutalboutique hat kontinensen m\u0171k\u00f6dik. Vil\u00e1gszerte h\u00edrnevet szerezt\u00fcnk a legmagasabb sz\u00ednvonal\u00fa szolg\u00e1ltat\u00e1sainkr\u00f3l, \u00e9s tud\u00e1sunk, k\u00e9szs\u00e9geink \u00e9s tapasztalatunk mind helyi, mind nemzetk\u00f6zi szinten j\u00f3l ismert.<\/p>\n<h3>5F-PB-22 nembutal v\u00e1s\u00e1rl\u00e1sakor - a min\u0151s\u00e9g sz\u00e1m\u00edt!<\/h3>\n<p>V\u00e1s\u00e1roljon 5F-PB-22 online a legjobb eur\u00f3pai vegyipari v\u00e1llalatokt\u00f3l Szakszer\u0171en gy\u00e1rtott, legal\u00e1bb 98 % + Reinheit garant\u00e1lt. Kutat\u00e1saink sor\u00e1n minden k\u00e9miailag el\u0151\u00e1ll\u00edtott t\u00e9tel COA-t biztos\u00edtunk!<\/p>\n<p>5F-PB-22 tartalom: Legal\u00e1bb 98 % mennyis\u00e9g\u0171 <a href=\"https:\/\/en.wikipedia.org\/wiki\/5F-PB-22\">5F-PB-22<\/a> tiszt\u00e1n vez\u00e9rl\u0151egys\u00e9genk\u00e9nt.<\/p>\n<p>Az 5F-PB-22 meghat\u00e1roz\u00e1sa<\/p>\n<p>Mivel az 5F-PB-22-t kiz\u00e1r\u00f3lag tudom\u00e1nyos k\u00e9miai kutat\u00e1sokban val\u00f3 felhaszn\u00e1l\u00e1sra \u00e9rt\u00e9kes\u00edtik, \u00e9s nem emberi fogyaszt\u00e1sra sz\u00e1nt\u00e1k, nincs aj\u00e1nlott adagol\u00e1s.<\/p>\n<p>Az 5F-PB-22 hat\u00e1sai<\/p>\n<p>A legt\u00f6bb \u00faj szintetikus k\u00e1b\u00edt\u00f3szer, p\u00e9ld\u00e1ul az 5F-PB-22 klinikai hat\u00e1sai a stimul\u00e1ns, hallucinog\u00e9n vagy opioidszer\u0171 szerek k\u00f6z\u00e9 sorolhat\u00f3k. Ezen t\u00falmen\u0151en, a m\u00e1sodlagos szintetikus szer helyettes\u00edt\u00e9s\u00e9vel ezen hat\u00e1sok kombin\u00e1ci\u00f3j\u00e1val rendelkezik.<\/p>\n<h3>Az 5F-PB-22 nemk\u00edv\u00e1natos hat\u00e1sai<\/h3>\n<p>M\u00e1s szintetikus gy\u00f3gyszerekhez hasonl\u00f3an az 5F-PB-22-nek is s\u00falyos mell\u00e9khat\u00e1sai lehetnek, ez\u00e9rt klinikai vizsg\u00e1latokat nem v\u00e9geztek rajta, \u00e9s nem hagyt\u00e1k j\u00f3v\u00e1 semmilyen betegs\u00e9g kezel\u00e9s\u00e9re szolg\u00e1l\u00f3 term\u00e9kk\u00e9nt. K\u00f6vetkez\u00e9sk\u00e9ppen az 5F-PB-22 kiz\u00e1r\u00f3lag tudom\u00e1nyos kutat\u00e1sban val\u00f3 felhaszn\u00e1l\u00e1sra, \u00e9s nem emberi felhaszn\u00e1l\u00e1sra szolg\u00e1l!<\/p>\n<h3>Hogyan kell t\u00e1rolni az 5F-PB-22-t<\/h3>\n<p>Az 5F-PB-22-t harminc Celsius-fok alatti h\u0151m\u00e9rs\u00e9kleten kell t\u00e1rolni. Az 5F-PB-22-t eredeti csomagol\u00e1s\u00e1ban, k\u00f6zvetlen napf\u00e9nyt\u0151l \u00e9s nedvess\u00e9gt\u0151l v\u00e9dve kell t\u00e1rolni.<\/p>","protected":false},"excerpt":{"rendered":"<p>Acheter 5F-PB-22 en ligne. Le produit 5F-PB22 est fabriqu\u00e9 et test\u00e9 conform\u00e9ment aux sp\u00e9cifications ISO17025:2005 et Guide 34:2009. Ce produit est destin\u00e9 \u00e0 servir de norme de r\u00e9f\u00e9rence analytique. La teneur en masse est disponible aupr\u00e8s des institutions appropri\u00e9es pour des \u00e9tudes universitaires ; veuillez contacter notre service commercial pour toute question concernant les prix. [&hellip;]<\/p>","protected":false},"featured_media":3208,"comment_status":"open","ping_status":"closed","template":"","meta":{"_joinchat":[]},"product_brand":[],"product_cat":[386],"product_tag":[],"class_list":{"0":"post-3178","1":"product","2":"type-product","3":"status-publish","4":"has-post-thumbnail","6":"product_cat-cannabinoids","8":"first","9":"instock","10":"shipping-taxable","11":"purchasable","12":"product-type-variable"},"yoast_head":"<!-- This site is optimized with the Yoast SEO plugin v23.5 - https:\/\/yoast.com\/wordpress\/plugins\/seo\/ -->\n<title>Achetez 5F-PB 22 en ligne - 5F-PB 22 \u00e0 vendre - Commandez 5F-PB 22<\/title>\n<meta name=\"description\" content=\"Vous souhaitez approfondir vos recherches ? Achetez 5F-PB 22 en ligne de mani\u00e8re pratique et s\u00e9curis\u00e9e, gr\u00e2ce \u00e0 un processus de commande simple pour la vente de 5F-PB 22. Explorez les possibilit\u00e9s et achetez 5F-PB 22 en ligne pour vos recherches d\u00e8s aujourd&#039;hui.\" \/>\n<meta name=\"robots\" content=\"index, follow, max-snippet:-1, max-image-preview:large, max-video-preview:-1\" \/>\n<link rel=\"canonical\" href=\"https:\/\/nembutalboutique.com\/hu\/termek\/5f-pb-22\/\" \/>\n<meta property=\"og:locale\" content=\"hu_HU\" \/>\n<meta property=\"og:type\" content=\"article\" \/>\n<meta property=\"og:title\" content=\"Achetez 5F-PB 22 en ligne - 5F-PB 22 \u00e0 vendre - Commandez 5F-PB 22\" \/>\n<meta property=\"og:description\" content=\"Vous souhaitez approfondir vos recherches ? Achetez 5F-PB 22 en ligne de mani\u00e8re pratique et s\u00e9curis\u00e9e, gr\u00e2ce \u00e0 un processus de commande simple pour la vente de 5F-PB 22. Explorez les possibilit\u00e9s et achetez 5F-PB 22 en ligne pour vos recherches d\u00e8s aujourd&#039;hui.\" \/>\n<meta property=\"og:url\" content=\"https:\/\/nembutalboutique.com\/hu\/termek\/5f-pb-22\/\" \/>\n<meta property=\"og:site_name\" content=\"Nembutal Boutique\" \/>\n<meta property=\"article:modified_time\" content=\"2024-09-20T09:22:57+00:00\" \/>\n<meta property=\"og:image\" content=\"https:\/\/nembutalboutique.com\/wp-content\/uploads\/2024\/09\/5F-PB-22.gif\" \/>\n\t<meta property=\"og:image:width\" content=\"600\" \/>\n\t<meta property=\"og:image:height\" content=\"600\" \/>\n\t<meta property=\"og:image:type\" content=\"image\/gif\" \/>\n<meta name=\"twitter:card\" content=\"summary_large_image\" \/>\n<meta name=\"twitter:label1\" content=\"Becs\u00fclt olvas\u00e1si id\u0151\" \/>\n\t<meta name=\"twitter:data1\" content=\"4 perc\" \/>\n<script type=\"application\/ld+json\" class=\"yoast-schema-graph\">{\"@context\":\"https:\/\/schema.org\",\"@graph\":[{\"@type\":\"WebPage\",\"@id\":\"https:\/\/nembutalboutique.com\/produit\/5f-pb-22\/\",\"url\":\"https:\/\/nembutalboutique.com\/produit\/5f-pb-22\/\",\"name\":\"Achetez 5F-PB 22 en ligne - 5F-PB 22 \u00e0 vendre - Commandez 5F-PB 22\",\"isPartOf\":{\"@id\":\"https:\/\/nembutalboutique.com\/#website\"},\"primaryImageOfPage\":{\"@id\":\"https:\/\/nembutalboutique.com\/produit\/5f-pb-22\/#primaryimage\"},\"image\":{\"@id\":\"https:\/\/nembutalboutique.com\/produit\/5f-pb-22\/#primaryimage\"},\"thumbnailUrl\":\"https:\/\/nembutalboutique.com\/wp-content\/uploads\/2024\/09\/5F-PB-22.gif\",\"datePublished\":\"2024-09-16T08:15:44+00:00\",\"dateModified\":\"2024-09-20T09:22:57+00:00\",\"description\":\"Vous souhaitez approfondir vos recherches ? Achetez 5F-PB 22 en ligne de mani\u00e8re pratique et s\u00e9curis\u00e9e, gr\u00e2ce \u00e0 un processus de commande simple pour la vente de 5F-PB 22. Explorez les possibilit\u00e9s et achetez 5F-PB 22 en ligne pour vos recherches d\u00e8s aujourd'hui.\",\"breadcrumb\":{\"@id\":\"https:\/\/nembutalboutique.com\/produit\/5f-pb-22\/#breadcrumb\"},\"inLanguage\":\"hu\",\"potentialAction\":[{\"@type\":\"ReadAction\",\"target\":[\"https:\/\/nembutalboutique.com\/produit\/5f-pb-22\/\"]}]},{\"@type\":\"ImageObject\",\"inLanguage\":\"hu\",\"@id\":\"https:\/\/nembutalboutique.com\/produit\/5f-pb-22\/#primaryimage\",\"url\":\"https:\/\/nembutalboutique.com\/wp-content\/uploads\/2024\/09\/5F-PB-22.gif\",\"contentUrl\":\"https:\/\/nembutalboutique.com\/wp-content\/uploads\/2024\/09\/5F-PB-22.gif\",\"width\":600,\"height\":600,\"caption\":\"Acheter 5F-PB-22.gif\"},{\"@type\":\"BreadcrumbList\",\"@id\":\"https:\/\/nembutalboutique.com\/produit\/5f-pb-22\/#breadcrumb\",\"itemListElement\":[{\"@type\":\"ListItem\",\"position\":1,\"name\":\"Home\",\"item\":\"https:\/\/nembutalboutique.com\/\"},{\"@type\":\"ListItem\",\"position\":2,\"name\":\"Boutique\",\"item\":\"https:\/\/nembutalboutique.com\/shop\/\"},{\"@type\":\"ListItem\",\"position\":3,\"name\":\"5F-PB-22\"}]},{\"@type\":\"WebSite\",\"@id\":\"https:\/\/nembutalboutique.com\/#website\",\"url\":\"https:\/\/nembutalboutique.com\/\",\"name\":\"Nembutal Boutique\",\"description\":\"My WordPress Blog\",\"publisher\":{\"@id\":\"https:\/\/nembutalboutique.com\/#organization\"},\"potentialAction\":[{\"@type\":\"SearchAction\",\"target\":{\"@type\":\"EntryPoint\",\"urlTemplate\":\"https:\/\/nembutalboutique.com\/?s={search_term_string}\"},\"query-input\":{\"@type\":\"PropertyValueSpecification\",\"valueRequired\":true,\"valueName\":\"search_term_string\"}}],\"inLanguage\":\"hu\"},{\"@type\":\"Organization\",\"@id\":\"https:\/\/nembutalboutique.com\/#organization\",\"name\":\"Nembutal Boutique\",\"url\":\"https:\/\/nembutalboutique.com\/\",\"logo\":{\"@type\":\"ImageObject\",\"inLanguage\":\"hu\",\"@id\":\"https:\/\/nembutalboutique.com\/#\/schema\/logo\/image\/\",\"url\":\"https:\/\/nembutalboutique.com\/wp-content\/uploads\/2024\/01\/logo.png\",\"contentUrl\":\"https:\/\/nembutalboutique.com\/wp-content\/uploads\/2024\/01\/logo.png\",\"width\":494,\"height\":121,\"caption\":\"Nembutal Boutique\"},\"image\":{\"@id\":\"https:\/\/nembutalboutique.com\/#\/schema\/logo\/image\/\"}}]}<\/script>\n<!-- \/ Yoast SEO plugin. -->","yoast_head_json":{"title":"5F-PB 22 online v\u00e1s\u00e1rl\u00e1s - 5F-PB 22 elad\u00f3 - 5F-PB 22 rendel\u00e9se","description":"Szeretne t\u00f6bbet megtudni? V\u00e1s\u00e1roljon 5F-PB 22-t k\u00e9nyelmesen \u00e9s biztons\u00e1gosan online, az 5F-PB 22 \u00e9rt\u00e9kes\u00edt\u00e9s\u00e9re vonatkoz\u00f3 egyszer\u0171 rendel\u00e9si folyamatnak k\u00f6sz\u00f6nhet\u0151en. Fedezze fel a lehet\u0151s\u00e9geket, \u00e9s v\u00e1s\u00e1roljon 5F-PB 22-t online a kutat\u00e1s\u00e1hoz m\u00e9g ma.","robots":{"index":"index","follow":"follow","max-snippet":"max-snippet:-1","max-image-preview":"max-image-preview:large","max-video-preview":"max-video-preview:-1"},"canonical":"https:\/\/nembutalboutique.com\/hu\/termek\/5f-pb-22\/","og_locale":"hu_HU","og_type":"article","og_title":"Achetez 5F-PB 22 en ligne - 5F-PB 22 \u00e0 vendre - Commandez 5F-PB 22","og_description":"Vous souhaitez approfondir vos recherches ? Achetez 5F-PB 22 en ligne de mani\u00e8re pratique et s\u00e9curis\u00e9e, gr\u00e2ce \u00e0 un processus de commande simple pour la vente de 5F-PB 22. Explorez les possibilit\u00e9s et achetez 5F-PB 22 en ligne pour vos recherches d\u00e8s aujourd'hui.","og_url":"https:\/\/nembutalboutique.com\/hu\/termek\/5f-pb-22\/","og_site_name":"Nembutal Boutique","article_modified_time":"2024-09-20T09:22:57+00:00","og_image":[{"width":600,"height":600,"url":"https:\/\/nembutalboutique.com\/wp-content\/uploads\/2024\/09\/5F-PB-22.gif","type":"image\/gif"}],"twitter_card":"summary_large_image","twitter_misc":{"Becs\u00fclt olvas\u00e1si id\u0151":"4 perc"},"schema":{"@context":"https:\/\/schema.org","@graph":[{"@type":"WebPage","@id":"https:\/\/nembutalboutique.com\/produit\/5f-pb-22\/","url":"https:\/\/nembutalboutique.com\/produit\/5f-pb-22\/","name":"5F-PB 22 online v\u00e1s\u00e1rl\u00e1s - 5F-PB 22 elad\u00f3 - 5F-PB 22 rendel\u00e9se","isPartOf":{"@id":"https:\/\/nembutalboutique.com\/#website"},"primaryImageOfPage":{"@id":"https:\/\/nembutalboutique.com\/produit\/5f-pb-22\/#primaryimage"},"image":{"@id":"https:\/\/nembutalboutique.com\/produit\/5f-pb-22\/#primaryimage"},"thumbnailUrl":"https:\/\/nembutalboutique.com\/wp-content\/uploads\/2024\/09\/5F-PB-22.gif","datePublished":"2024-09-16T08:15:44+00:00","dateModified":"2024-09-20T09:22:57+00:00","description":"Szeretne t\u00f6bbet megtudni? V\u00e1s\u00e1roljon 5F-PB 22-t k\u00e9nyelmesen \u00e9s biztons\u00e1gosan online, az 5F-PB 22 \u00e9rt\u00e9kes\u00edt\u00e9s\u00e9re vonatkoz\u00f3 egyszer\u0171 rendel\u00e9si folyamatnak k\u00f6sz\u00f6nhet\u0151en. Fedezze fel a lehet\u0151s\u00e9geket, \u00e9s v\u00e1s\u00e1roljon 5F-PB 22-t online a kutat\u00e1s\u00e1hoz m\u00e9g ma.","breadcrumb":{"@id":"https:\/\/nembutalboutique.com\/produit\/5f-pb-22\/#breadcrumb"},"inLanguage":"hu","potentialAction":[{"@type":"ReadAction","target":["https:\/\/nembutalboutique.com\/produit\/5f-pb-22\/"]}]},{"@type":"ImageObject","inLanguage":"hu","@id":"https:\/\/nembutalboutique.com\/produit\/5f-pb-22\/#primaryimage","url":"https:\/\/nembutalboutique.com\/wp-content\/uploads\/2024\/09\/5F-PB-22.gif","contentUrl":"https:\/\/nembutalboutique.com\/wp-content\/uploads\/2024\/09\/5F-PB-22.gif","width":600,"height":600,"caption":"Acheter 5F-PB-22.gif"},{"@type":"BreadcrumbList","@id":"https:\/\/nembutalboutique.com\/produit\/5f-pb-22\/#breadcrumb","itemListElement":[{"@type":"ListItem","position":1,"name":"Home","item":"https:\/\/nembutalboutique.com\/"},{"@type":"ListItem","position":2,"name":"Boutique","item":"https:\/\/nembutalboutique.com\/shop\/"},{"@type":"ListItem","position":3,"name":"5F-PB-22"}]},{"@type":"WebSite","@id":"https:\/\/nembutalboutique.com\/#website","url":"https:\/\/nembutalboutique.com\/","name":"Nembutal Boutique","description":"Az \u00e9n WordPress blogom","publisher":{"@id":"https:\/\/nembutalboutique.com\/#organization"},"potentialAction":[{"@type":"SearchAction","target":{"@type":"EntryPoint","urlTemplate":"https:\/\/nembutalboutique.com\/?s={search_term_string}"},"query-input":{"@type":"PropertyValueSpecification","valueRequired":true,"valueName":"search_term_string"}}],"inLanguage":"hu"},{"@type":"Organization","@id":"https:\/\/nembutalboutique.com\/#organization","name":"Nembutal Boutique","url":"https:\/\/nembutalboutique.com\/","logo":{"@type":"ImageObject","inLanguage":"hu","@id":"https:\/\/nembutalboutique.com\/#\/schema\/logo\/image\/","url":"https:\/\/nembutalboutique.com\/wp-content\/uploads\/2024\/01\/logo.png","contentUrl":"https:\/\/nembutalboutique.com\/wp-content\/uploads\/2024\/01\/logo.png","width":494,"height":121,"caption":"Nembutal Boutique"},"image":{"@id":"https:\/\/nembutalboutique.com\/#\/schema\/logo\/image\/"}}]}},"_links":{"self":[{"href":"https:\/\/nembutalboutique.com\/hu\/wp-json\/wp\/v2\/product\/3178"}],"collection":[{"href":"https:\/\/nembutalboutique.com\/hu\/wp-json\/wp\/v2\/product"}],"about":[{"href":"https:\/\/nembutalboutique.com\/hu\/wp-json\/wp\/v2\/types\/product"}],"replies":[{"embeddable":true,"href":"https:\/\/nembutalboutique.com\/hu\/wp-json\/wp\/v2\/comments?post=3178"}],"wp:featuredmedia":[{"embeddable":true,"href":"https:\/\/nembutalboutique.com\/hu\/wp-json\/wp\/v2\/media\/3208"}],"wp:attachment":[{"href":"https:\/\/nembutalboutique.com\/hu\/wp-json\/wp\/v2\/media?parent=3178"}],"wp:term":[{"taxonomy":"product_brand","embeddable":true,"href":"https:\/\/nembutalboutique.com\/hu\/wp-json\/wp\/v2\/product_brand?post=3178"},{"taxonomy":"product_cat","embeddable":true,"href":"https:\/\/nembutalboutique.com\/hu\/wp-json\/wp\/v2\/product_cat?post=3178"},{"taxonomy":"product_tag","embeddable":true,"href":"https:\/\/nembutalboutique.com\/hu\/wp-json\/wp\/v2\/product_tag?post=3178"}],"curies":[{"name":"wp","href":"https:\/\/api.w.org\/{rel}","templated":true}]}}