{"id":3063,"date":"2024-09-16T08:14:39","date_gmt":"2024-09-16T08:14:39","guid":{"rendered":"https:\/\/nembutalboutique.com\/?post_type=product&#038;p=3063"},"modified":"2024-09-20T09:44:33","modified_gmt":"2024-09-20T09:44:33","slug":"25c-nbome","status":"publish","type":"product","link":"https:\/\/nembutalboutique.com\/hu\/termek\/25c-nbome\/","title":{"rendered":"25C-NBOMe"},"content":{"rendered":"<h2>25C-NBOMe online v\u00e1s\u00e1rl\u00e1sa<\/h2>\n<p>V\u00e1s\u00e1roljon 25C-NBOMe-t, bele\u00e9rtve a 25I-t, 25B-t \u00e9s <a href=\"https:\/\/nembutalboutique.com\/produit\/25c-nbome\/\">25C NBOMe<\/a>pap\u00edron. Dimetoxifenil-N-[(2-metoxifenil)metil]etanamin-sz\u00e1rmaz\u00e9kok elemz\u00e9se (let\u00f6lthet\u0151 PDF form\u00e1tumban). A \"25I-NBOMe, 25B-NBOMe, 25C-NBOMe \u00e9s m\u00e1s dimetoxifenil-N-[(2-metoxifenil)metil]ethanamin-sz\u00e1rmaz\u00e9kok elemz\u00e9se blotting pap\u00edron\" c\u00edm\u0171 kiadv\u00e1ny (281847988) az al\u00e1bbi linkre kattintva \u00e9rhet\u0151 el.<\/p>\n<p>M\u00e1s szavak<\/p>\n<h3>2C-C-NBOMe<\/h3>\n<p>A 2C-NBOMe analitikai referenciastandard (cikksz\u00e1m: 9001096) szerkezeti besorol\u00e1sa fenetilamin. A 2C-C-sz\u00e1rmaz\u00e9k N-(2-metoxi-benzil) adal\u00e9kkal az aminhoz, a 2C-C <a href=\"https:\/\/en.wikipedia.org\/wiki\/25C-NBOMe\">25C-NBOMe<\/a>. A 2C-C egy j\u00f3l ismert hallucinog\u00e9n, amely cs\u00f6kkenti a patk\u00e1ny szinaptosz\u00f3m\u00e1k szerotonin \u00e9s noradrenalin reabszorpci\u00f3s k\u00e9pess\u00e9g\u00e9t, \u00e9s n\u00f6veli a monoaminreceptorok aktivit\u00e1s\u00e1t (IC50 = 31-63 \u03bcM).1, 2 A 2C-NBOMe-hoz hozz\u00e1adott N-(2-metoxibenzil) n\u00f6veli az 5-HT2A receptor affinit\u00e1s\u00e1t \u00e9s szelektivit\u00e1s\u00e1t a t\u00f6bbi szerotoninreceptorhoz k\u00e9pest.3 .A radioakt\u00edvan jel\u00f6lt 25C-NBOMe haszn\u00e1lat\u00e1val pozitronemisszi\u00f3s tomogr\u00e1fi\u00e1val felt\u00e9rk\u00e9pezt\u00e9k a sert\u00e9sekben l\u00e9v\u0151 5-HT2A receptorokat.4 A term\u00e9k tervezett felhaszn\u00e1l\u00e1si ter\u00fcletei a t\u00f6rv\u00e9nysz\u00e9ki nyomoz\u00e1s \u00e9s a kutat\u00e1s.<\/p>\n<p>Az olyan szintetikus vegy\u00fcletek, mint az N-metoxi-benzil-metoxi-metoxi-feniletil-amin (NBOMe) sz\u00e1rmaz\u00e9kok az ut\u00f3bbi \u00e9vekben egyre n\u00e9pszer\u0171bbek a szem\u00e9lyis\u00e9gzavarok gy\u00f3gyszereik\u00e9nt. Ezek az anyagok rendk\u00edv\u00fcl s\u00falyos s\u00e9r\u00fcl\u00e9seket \u00e9s hal\u00e1leseteket okoztak. Ezek 5-HT2A receptor antagonistak\u00e9nt hatnak, \u00e9s egy ismert szerotonin-szer\u0171 szindr\u00f3m\u00e1t okoznak, amely s\u00falyos szorong\u00e1sban, izgatotts\u00e1gban \u00e9s ak\u00e1r h\u00e1rom napig tart\u00f3 epiz\u00f3dokban nyilv\u00e1nul meg. 25-(4-Iod-2,5-dimetoxifenil)-N-[(2-metoxifenil)metil]etanamin, N-(2-metoxibenzil)-2, 5-dimetoxi vagy 25I-NBOMe, 25B-NBOMe \u00e9s 25C-NBOMeA leggyakrabban eml\u00edtett sz\u00e1rmaz\u00e9kok az N-(2-metoxibenzil)-2,5-dimetoxi-4-kl\u00f3rfenetilamin \u00e9s a -4-bromfenetilamin. Sok alacsony d\u00f3zis\u00fa hallucinog\u00e9nhez hasonl\u00f3an ezeket a vegyi anyagokat is gyakran l\u00f6schpap\u00edron \u00e1rulj\u00e1k. H\u00e1rom k\u00fcl\u00f6nb\u00f6z\u0151 t\u00edpus\u00fa, NBOMe-kapcsolatokat tartalmaz\u00f3, kereskedelmi forgalomban kaphat\u00f3 lesz\u00e1ll\u00f3 pap\u00edrhoz lehetett hozz\u00e1jutni. K\u00f6zvetlen val\u00f3s idej\u0171 elemz\u00e9s E l\u00f6sch-pap\u00edrok \u00e9s a nagy teljes\u00edtm\u00e9ny\u0171 folyad\u00e9kkrist\u00e1lyok sz\u0171r\u00e9s\u00e9re AccuTOFTM t\u00f6megspektrom\u00e9tereket haszn\u00e1ltunk.<\/p>\n<p>Kromatogr\u00e1fi\u00e1s h\u00e1rmas kvadrapol t\u00f6megspektrometria. A h\u00e1rom Blotter-term\u00e9k (25I-NBOMe, 25C-NBOMe vagy 25B-NBOMe) mindegyike egy-egy specifikus primer hat\u00f3anyagot tartalmazott. Ezenk\u00edv\u00fcl a 25H-NBOMe, 25I-NBOMe, 25C-NBOMe, 25B-NBOMe, 25B-NBOMe \u00e9s\/vagy 25D-NBOMe k\u00e9t vagy h\u00e1rom NBOMe-sz\u00e1rmaz\u00e9k-Verunreinigungen t\u00f6bb mennyis\u00e9g\u00e9t tal\u00e1lt\u00e1k a l\u00f6sch-pap\u00edrokban.<\/p>\n<p>A Finest NembuKauFlog egy eur\u00f3pai v\u00e1llalat, amely a legjobb \u00fajra felfedezett Nembutalbotique term\u00e9kek egy\u00e9ni \u00e9s nagyszab\u00e1s\u00fa \u00e9rt\u00e9kes\u00edt\u00e9s\u00e9re \u00f6sszpontos\u00edt.<\/p>\n<p>\u00dcgyfeleink ig\u00e9nyeinek kiel\u00e9g\u00edt\u00e9se \u00e9rdek\u00e9ben alap\u00edt\u00e1sunk \u00f3ta a term\u00e9kek sz\u00e9les sk\u00e1l\u00e1j\u00e1t fejlesztett\u00fck ki.<\/p>\n<p>A 25C-NBOMe pszichedelikus drog (m\u00e1s n\u00e9ven NBOMe-2C-C, 2C-C-NBOMe \u00e9s Cimbi-82) a 2C-C pszichedelikus fenetilaminb\u00f3l sz\u00e1rmazik. A 25C-NBOMe-t a Nembutalbotique tette k\u00f6zz\u00e9 az interneten.<\/p>","protected":false},"excerpt":{"rendered":"<p>Achetez 25C-NBOMe en ligne Achetez du 25C-NBOMe, y compris 25I, 25B et 25C NBOMe, sur papier. Analysez les d\u00e9riv\u00e9s de dim\u00e9thoxyph\u00e9nyl-N-[(2-m\u00e9thoxyph\u00e9nyl)m\u00e9thyl]\u00e9thanamine (disponibles en t\u00e9l\u00e9chargement au format PDF). La publication \u00ab Analyse de 25I-NBOMe, 25B-NBOMe, 25C-NBOMe et d&rsquo;autres d\u00e9riv\u00e9s de dim\u00e9thoxyph\u00e9nyl-N-2-m\u00e9thoxyph\u00e9nyl m\u00e9thyl\u00e9thanamine sur papier buvard \u00bb (281847988) est accessible en cliquant sur le lien suivant. Autres [&hellip;]<\/p>","protected":false},"featured_media":3078,"comment_status":"open","ping_status":"closed","template":"","meta":{"_joinchat":[]},"product_brand":[],"product_cat":[385],"product_tag":[514,515,516,517,518,519,520,521],"class_list":{"0":"post-3063","1":"product","2":"type-product","3":"status-publish","4":"has-post-thumbnail","6":"product_cat-forschung-schemikalien","7":"product_tag-25b-nbome","8":"product_tag-25b-nbome-serum","9":"product_tag-25c-2c-nbome","10":"product_tag-25c-nbome-5ht","11":"product_tag-25c-nbome-chemisch","12":"product_tag-25c-nbome-droge","13":"product_tag-25c-nbome-pulver","14":"product_tag-25c-nbome-zu-verkaufen","16":"first","17":"instock","18":"shipping-taxable","19":"purchasable","20":"product-type-variable"},"yoast_head":"<!-- This site is optimized with the Yoast SEO plugin v23.5 - https:\/\/yoast.com\/wordpress\/plugins\/seo\/ -->\n<title>25C-NBOME \u00e0 vendre - Achetez 25C-NBOME en ligne<\/title>\n<meta name=\"description\" content=\"Vous recherchez une source fiable pour acheter du 25C-NBOME en ligne ? Votre recherche s&#039;arr\u00eate ici. Commandez du 25C-NBOME en ligne dans notre boutique de confiance et profitez d&#039;un processus d&#039;achat transparent adapt\u00e9 \u00e0 vos besoins de recherche.\" \/>\n<meta name=\"robots\" content=\"index, follow, max-snippet:-1, max-image-preview:large, max-video-preview:-1\" \/>\n<link rel=\"canonical\" href=\"https:\/\/nembutalboutique.com\/hu\/termek\/25c-nbome\/\" \/>\n<meta property=\"og:locale\" content=\"hu_HU\" \/>\n<meta property=\"og:type\" content=\"article\" \/>\n<meta property=\"og:title\" content=\"25C-NBOME \u00e0 vendre - Achetez 25C-NBOME en ligne\" \/>\n<meta property=\"og:description\" content=\"Vous recherchez une source fiable pour acheter du 25C-NBOME en ligne ? Votre recherche s&#039;arr\u00eate ici. Commandez du 25C-NBOME en ligne dans notre boutique de confiance et profitez d&#039;un processus d&#039;achat transparent adapt\u00e9 \u00e0 vos besoins de recherche.\" \/>\n<meta property=\"og:url\" content=\"https:\/\/nembutalboutique.com\/hu\/termek\/25c-nbome\/\" \/>\n<meta property=\"og:site_name\" content=\"Nembutal Boutique\" \/>\n<meta property=\"article:modified_time\" content=\"2024-09-20T09:44:33+00:00\" \/>\n<meta property=\"og:image\" content=\"https:\/\/nembutalboutique.com\/wp-content\/uploads\/2024\/09\/25C-NBOMe.gif\" \/>\n\t<meta property=\"og:image:width\" content=\"600\" \/>\n\t<meta property=\"og:image:height\" content=\"600\" \/>\n\t<meta property=\"og:image:type\" content=\"image\/gif\" \/>\n<meta name=\"twitter:card\" content=\"summary_large_image\" \/>\n<meta name=\"twitter:label1\" content=\"Becs\u00fclt olvas\u00e1si id\u0151\" \/>\n\t<meta name=\"twitter:data1\" content=\"3 perc\" \/>\n<script type=\"application\/ld+json\" class=\"yoast-schema-graph\">{\"@context\":\"https:\/\/schema.org\",\"@graph\":[{\"@type\":\"WebPage\",\"@id\":\"https:\/\/nembutalboutique.com\/produit\/25c-nbome\/\",\"url\":\"https:\/\/nembutalboutique.com\/produit\/25c-nbome\/\",\"name\":\"25C-NBOME \u00e0 vendre - Achetez 25C-NBOME en ligne\",\"isPartOf\":{\"@id\":\"https:\/\/nembutalboutique.com\/#website\"},\"primaryImageOfPage\":{\"@id\":\"https:\/\/nembutalboutique.com\/produit\/25c-nbome\/#primaryimage\"},\"image\":{\"@id\":\"https:\/\/nembutalboutique.com\/produit\/25c-nbome\/#primaryimage\"},\"thumbnailUrl\":\"https:\/\/nembutalboutique.com\/wp-content\/uploads\/2024\/09\/25C-NBOMe.gif\",\"datePublished\":\"2024-09-16T08:14:39+00:00\",\"dateModified\":\"2024-09-20T09:44:33+00:00\",\"description\":\"Vous recherchez une source fiable pour acheter du 25C-NBOME en ligne ? Votre recherche s'arr\u00eate ici. Commandez du 25C-NBOME en ligne dans notre boutique de confiance et profitez d'un processus d'achat transparent adapt\u00e9 \u00e0 vos besoins de recherche.\",\"breadcrumb\":{\"@id\":\"https:\/\/nembutalboutique.com\/produit\/25c-nbome\/#breadcrumb\"},\"inLanguage\":\"hu\",\"potentialAction\":[{\"@type\":\"ReadAction\",\"target\":[\"https:\/\/nembutalboutique.com\/produit\/25c-nbome\/\"]}]},{\"@type\":\"ImageObject\",\"inLanguage\":\"hu\",\"@id\":\"https:\/\/nembutalboutique.com\/produit\/25c-nbome\/#primaryimage\",\"url\":\"https:\/\/nembutalboutique.com\/wp-content\/uploads\/2024\/09\/25C-NBOMe.gif\",\"contentUrl\":\"https:\/\/nembutalboutique.com\/wp-content\/uploads\/2024\/09\/25C-NBOMe.gif\",\"width\":600,\"height\":600,\"caption\":\"Achetez 25C-NBOME\"},{\"@type\":\"BreadcrumbList\",\"@id\":\"https:\/\/nembutalboutique.com\/produit\/25c-nbome\/#breadcrumb\",\"itemListElement\":[{\"@type\":\"ListItem\",\"position\":1,\"name\":\"Home\",\"item\":\"https:\/\/nembutalboutique.com\/\"},{\"@type\":\"ListItem\",\"position\":2,\"name\":\"Boutique\",\"item\":\"https:\/\/nembutalboutique.com\/shop\/\"},{\"@type\":\"ListItem\",\"position\":3,\"name\":\"25C-NBOMe\"}]},{\"@type\":\"WebSite\",\"@id\":\"https:\/\/nembutalboutique.com\/#website\",\"url\":\"https:\/\/nembutalboutique.com\/\",\"name\":\"Nembutal Boutique\",\"description\":\"My WordPress Blog\",\"publisher\":{\"@id\":\"https:\/\/nembutalboutique.com\/#organization\"},\"potentialAction\":[{\"@type\":\"SearchAction\",\"target\":{\"@type\":\"EntryPoint\",\"urlTemplate\":\"https:\/\/nembutalboutique.com\/?s={search_term_string}\"},\"query-input\":{\"@type\":\"PropertyValueSpecification\",\"valueRequired\":true,\"valueName\":\"search_term_string\"}}],\"inLanguage\":\"hu\"},{\"@type\":\"Organization\",\"@id\":\"https:\/\/nembutalboutique.com\/#organization\",\"name\":\"Nembutal Boutique\",\"url\":\"https:\/\/nembutalboutique.com\/\",\"logo\":{\"@type\":\"ImageObject\",\"inLanguage\":\"hu\",\"@id\":\"https:\/\/nembutalboutique.com\/#\/schema\/logo\/image\/\",\"url\":\"https:\/\/nembutalboutique.com\/wp-content\/uploads\/2024\/01\/logo.png\",\"contentUrl\":\"https:\/\/nembutalboutique.com\/wp-content\/uploads\/2024\/01\/logo.png\",\"width\":494,\"height\":121,\"caption\":\"Nembutal Boutique\"},\"image\":{\"@id\":\"https:\/\/nembutalboutique.com\/#\/schema\/logo\/image\/\"}}]}<\/script>\n<!-- \/ Yoast SEO plugin. -->","yoast_head_json":{"title":"25C-NBOME elad\u00f3 - V\u00e1s\u00e1roljon 25C-NBOME-t online","description":"Megb\u00edzhat\u00f3 forr\u00e1st keres a 25C-NBOME online v\u00e1s\u00e1rl\u00e1s\u00e1hoz? A keres\u00e9sed itt \u00e9r v\u00e9get. Rendeljen 25C-NBOME-t online megb\u00edzhat\u00f3 \u00fczlet\u00fcnkb\u0151l, \u00e9s \u00e9lvezze a z\u00f6kken\u0151mentes, az \u00d6n kutat\u00e1si ig\u00e9nyeihez igaz\u00edtott v\u00e1s\u00e1rl\u00e1si folyamatot.","robots":{"index":"index","follow":"follow","max-snippet":"max-snippet:-1","max-image-preview":"max-image-preview:large","max-video-preview":"max-video-preview:-1"},"canonical":"https:\/\/nembutalboutique.com\/hu\/termek\/25c-nbome\/","og_locale":"hu_HU","og_type":"article","og_title":"25C-NBOME \u00e0 vendre - Achetez 25C-NBOME en ligne","og_description":"Vous recherchez une source fiable pour acheter du 25C-NBOME en ligne ? Votre recherche s'arr\u00eate ici. Commandez du 25C-NBOME en ligne dans notre boutique de confiance et profitez d'un processus d'achat transparent adapt\u00e9 \u00e0 vos besoins de recherche.","og_url":"https:\/\/nembutalboutique.com\/hu\/termek\/25c-nbome\/","og_site_name":"Nembutal Boutique","article_modified_time":"2024-09-20T09:44:33+00:00","og_image":[{"width":600,"height":600,"url":"https:\/\/nembutalboutique.com\/wp-content\/uploads\/2024\/09\/25C-NBOMe.gif","type":"image\/gif"}],"twitter_card":"summary_large_image","twitter_misc":{"Becs\u00fclt olvas\u00e1si id\u0151":"3 perc"},"schema":{"@context":"https:\/\/schema.org","@graph":[{"@type":"WebPage","@id":"https:\/\/nembutalboutique.com\/produit\/25c-nbome\/","url":"https:\/\/nembutalboutique.com\/produit\/25c-nbome\/","name":"25C-NBOME elad\u00f3 - V\u00e1s\u00e1roljon 25C-NBOME-t online","isPartOf":{"@id":"https:\/\/nembutalboutique.com\/#website"},"primaryImageOfPage":{"@id":"https:\/\/nembutalboutique.com\/produit\/25c-nbome\/#primaryimage"},"image":{"@id":"https:\/\/nembutalboutique.com\/produit\/25c-nbome\/#primaryimage"},"thumbnailUrl":"https:\/\/nembutalboutique.com\/wp-content\/uploads\/2024\/09\/25C-NBOMe.gif","datePublished":"2024-09-16T08:14:39+00:00","dateModified":"2024-09-20T09:44:33+00:00","description":"Megb\u00edzhat\u00f3 forr\u00e1st keres a 25C-NBOME online v\u00e1s\u00e1rl\u00e1s\u00e1hoz? A keres\u00e9sed itt \u00e9r v\u00e9get. Rendeljen 25C-NBOME-t online megb\u00edzhat\u00f3 \u00fczlet\u00fcnkb\u0151l, \u00e9s \u00e9lvezze a z\u00f6kken\u0151mentes, az \u00d6n kutat\u00e1si ig\u00e9nyeihez igaz\u00edtott v\u00e1s\u00e1rl\u00e1si folyamatot.","breadcrumb":{"@id":"https:\/\/nembutalboutique.com\/produit\/25c-nbome\/#breadcrumb"},"inLanguage":"hu","potentialAction":[{"@type":"ReadAction","target":["https:\/\/nembutalboutique.com\/produit\/25c-nbome\/"]}]},{"@type":"ImageObject","inLanguage":"hu","@id":"https:\/\/nembutalboutique.com\/produit\/25c-nbome\/#primaryimage","url":"https:\/\/nembutalboutique.com\/wp-content\/uploads\/2024\/09\/25C-NBOMe.gif","contentUrl":"https:\/\/nembutalboutique.com\/wp-content\/uploads\/2024\/09\/25C-NBOMe.gif","width":600,"height":600,"caption":"Achetez 25C-NBOME"},{"@type":"BreadcrumbList","@id":"https:\/\/nembutalboutique.com\/produit\/25c-nbome\/#breadcrumb","itemListElement":[{"@type":"ListItem","position":1,"name":"Home","item":"https:\/\/nembutalboutique.com\/"},{"@type":"ListItem","position":2,"name":"Boutique","item":"https:\/\/nembutalboutique.com\/shop\/"},{"@type":"ListItem","position":3,"name":"25C-NBOMe"}]},{"@type":"WebSite","@id":"https:\/\/nembutalboutique.com\/#website","url":"https:\/\/nembutalboutique.com\/","name":"Nembutal Boutique","description":"Az \u00e9n WordPress blogom","publisher":{"@id":"https:\/\/nembutalboutique.com\/#organization"},"potentialAction":[{"@type":"SearchAction","target":{"@type":"EntryPoint","urlTemplate":"https:\/\/nembutalboutique.com\/?s={search_term_string}"},"query-input":{"@type":"PropertyValueSpecification","valueRequired":true,"valueName":"search_term_string"}}],"inLanguage":"hu"},{"@type":"Organization","@id":"https:\/\/nembutalboutique.com\/#organization","name":"Nembutal Boutique","url":"https:\/\/nembutalboutique.com\/","logo":{"@type":"ImageObject","inLanguage":"hu","@id":"https:\/\/nembutalboutique.com\/#\/schema\/logo\/image\/","url":"https:\/\/nembutalboutique.com\/wp-content\/uploads\/2024\/01\/logo.png","contentUrl":"https:\/\/nembutalboutique.com\/wp-content\/uploads\/2024\/01\/logo.png","width":494,"height":121,"caption":"Nembutal Boutique"},"image":{"@id":"https:\/\/nembutalboutique.com\/#\/schema\/logo\/image\/"}}]}},"_links":{"self":[{"href":"https:\/\/nembutalboutique.com\/hu\/wp-json\/wp\/v2\/product\/3063"}],"collection":[{"href":"https:\/\/nembutalboutique.com\/hu\/wp-json\/wp\/v2\/product"}],"about":[{"href":"https:\/\/nembutalboutique.com\/hu\/wp-json\/wp\/v2\/types\/product"}],"replies":[{"embeddable":true,"href":"https:\/\/nembutalboutique.com\/hu\/wp-json\/wp\/v2\/comments?post=3063"}],"wp:featuredmedia":[{"embeddable":true,"href":"https:\/\/nembutalboutique.com\/hu\/wp-json\/wp\/v2\/media\/3078"}],"wp:attachment":[{"href":"https:\/\/nembutalboutique.com\/hu\/wp-json\/wp\/v2\/media?parent=3063"}],"wp:term":[{"taxonomy":"product_brand","embeddable":true,"href":"https:\/\/nembutalboutique.com\/hu\/wp-json\/wp\/v2\/product_brand?post=3063"},{"taxonomy":"product_cat","embeddable":true,"href":"https:\/\/nembutalboutique.com\/hu\/wp-json\/wp\/v2\/product_cat?post=3063"},{"taxonomy":"product_tag","embeddable":true,"href":"https:\/\/nembutalboutique.com\/hu\/wp-json\/wp\/v2\/product_tag?post=3063"}],"curies":[{"name":"wp","href":"https:\/\/api.w.org\/{rel}","templated":true}]}}