{"id":3061,"date":"2024-09-16T08:14:38","date_gmt":"2024-09-16T08:14:38","guid":{"rendered":"https:\/\/nembutalboutique.com\/?post_type=product&#038;p=3061"},"modified":"2025-04-13T18:14:54","modified_gmt":"2025-04-13T18:14:54","slug":"5-meo-dalt","status":"publish","type":"product","link":"https:\/\/nembutalboutique.com\/hu\/termek\/5-meo-dalt\/","title":{"rendered":"5-MeO-DALT"},"content":{"rendered":"<h2>V\u00e1s\u00e1rolja meg az 5-MEO-DALT bemutat\u00f3t online.<\/h2>\n<p>Vegye meg a <a href=\"https:\/\/nembutalboutique.com\/produit\/5-meo-dalt\/\">5-MEO-DALT<\/a> online itt : 2004 m\u00e1jus\u00e1ban Alexander Shulgin els\u0151k\u00e9nt szintetiz\u00e1lta az 5-MeO-DALT-ot, m\u00e1s n\u00e9ven N,N-Diallyl-5-metoxitriptamint, a triptamin pszichedelikus sz\u00e1rmaz\u00e9k\u00e1t.<\/p>\n<p>Az ut\u00f3bbi \u00e9vekben egyre n\u00e9pszer\u0171bb\u00e9 v\u00e1lt a \"Badesalzen\" \u00f6sszetev\u0151jek\u00e9nt, amely k\u00f6zvetlen\u00fcl a monoamin-receptorokra hatva fejti ki euforikus hat\u00e1s\u00e1t. Ez hasonl\u00f3 a 3,4-metilendioxiamfetamin hat\u00e1smechanizmus\u00e1hoz. Az 5-meo-DALT neurol\u00f3giai, toxikol\u00f3giai \u00e9s toxikol\u00f3giai induk\u00e1lt \u00e9lettani tev\u00e9kenys\u00e9geinek teljes k\u00f6r\u0171 jellemz\u00e9se m\u00e9g mindig nem teljes.<\/p>\n<h3>5. DALT- vagy MeO-Tabakonsum<\/h3>\n<p>A vitamin felez\u00e9si ideje <a href=\"https:\/\/en.wikipedia.org\/wiki\/5-MeO-DALT\">5-MeO-DALT<\/a> r\u00f6vid. Leggyakrabban por form\u00e1j\u00e1ban kaphat\u00f3, amely sz\u00e1jon \u00e1t vagy helyileg alkalmazhat\u00f3.<\/p>\n<p>5-Meto-Dalt vagy a DALT adagol\u00e1sa (\u00e9s alkalmaz\u00e1sa)<br \/>\nA kutat\u00f3 gyakran 12 \u00e9s 20 mg k\u00f6z\u00f6tti adagokat vett be. A k\u00fcsz\u00f6b\u00e9rt\u00e9k 4-5 mg, az \u00e9rz\u00e9s 5-8 mg-n\u00e1l enyhe, 12-25 mg-n\u00e1l gyakori, 25 mg-n\u00e1l pedig er\u0151s. 5. MeO-DALT vagy DALT-Begnung (semleges\u00edt\u00e9s)<\/p>\n<p>5. MeO-DALT (m\u00e1s n\u00e9ven DALT-Erlebnis): A t\u00f6bbi pszichoakt\u00edv vegyi anyaghoz hasonl\u00f3an fogyaszt\u00e1sa ut\u00e1n azonnal el\u00e9ri a cs\u00facspontj\u00e1t, \u00e9s induk\u00e1lt \u00e9rzelmet hoz l\u00e9tre. Elk\u00e9peszt\u0151, ahogy a test \u00e9s az elme reag\u00e1l a drogra. Hatalmas boldogs\u00e1got vagy euf\u00f3ri\u00e1t \u00e9rezhet\u00fcnk. Mi t\u00f6bb, vibr\u00e1l\u00f3, energiz\u00e1l\u00f3 \u00e9rz\u00e9st ad a haszn\u00e1l\u00f3nak. Ennek eredm\u00e9nyek\u00e9ppen a v\u00e1s\u00e1rl\u00f3k t\u00f6bb kapcsolatot teremtenek \u00e9s t\u00f6bb \u00e9lm\u00e9nyben vesznek r\u00e9szt. A felhaszn\u00e1l\u00f3 k\u00f6rnyezet\u00e9t\u0151l f\u00fcgg\u0151en azonban az anyag zavart \u00e9s frusztr\u00e1ci\u00f3t is okozhat.<\/p>\n<p>5-MEO-DALT online v\u00e1s\u00e1rl\u00e1s A DALT hat\u00e1sa a bev\u00e9tel ut\u00e1n az els\u0151 h\u00e1rom \u00f3r\u00e1val tet\u0151zik, majd elm\u00falik. \u00d6sszess\u00e9g\u00e9ben a hat\u00e1s legfeljebb nyolc \u00f3r\u00e1n \u00e1t tart. A kezdeti hat\u00e1sok lecseng\u00e9se ut\u00e1n azonban egy lehangol\u00f3 \u00e9rz\u00e9s alakul ki, amely t\u00f6bb \u00f3r\u00e1n \u00e1t tart.<\/p>\n<p>V\u00e1s\u00e1roljon 5-MEO-DALT online Ha az 5-MeO-DALT a cs\u00facspontj\u00e1n van, szorong\u00e1st \u00e9s paranoi\u00e1t okozhat a v\u00e1s\u00e1rl\u00f3ban. A megn\u00f6vekedett tudatoss\u00e1gi szintje enyhe fizikai kellemetlens\u00e9ggel kombin\u00e1lva paranoi\u00e1t okozhat. Sokan eml\u00edtett\u00e9k, hogy vastag a nyakuk. Amikor az agy pszichoakt\u00edvan \u00e9rintett, koncentr\u00e1lt, optimista \u00e9s szimpatikus gondolkod\u00e1sm\u00f3d jelenik meg. Az \u00fcgyf\u00e9l sz\u00e1m\u00e1ra kedvez\u0151 vagy semleges \u00e9rzelmi \u00e1llapot van jelen. Ez a diszf\u00f3ria korai st\u00e1dium\u00e1ig fejl\u0151dhet. A DALT \u00e1ltal keltett vizu\u00e1lis hat\u00e1sok k\u00f6z\u00fcl n\u00e9h\u00e1ny olyan k\u00eds\u00e9rteties k\u00e9p, amely hossz\u00fa, tompa v\u00e9g\u0171, hull\u00e1mos vonalakb\u00f3l \u00e1ll.<\/p>\n<p>Nem hat\u00e9kony m\u00e1s j\u00f3l ismert k\u00e1b\u00edt\u00f3szerek, p\u00e9ld\u00e1ul az MD-MA intenz\u00edv euf\u00f3rikus \u00e9lm\u00e9ny\u00e9nek biztos\u00edt\u00e1s\u00e1ban. Fizikailag \u00e9s \u00e9rzelmileg kev\u00e9sb\u00e9 megterhel\u0151, mint az MD-MA, de vizu\u00e1lisan vonz\u00f3bb.<\/p>\n<h3>5. MeO-DALT- vagy DALT-anal\u00edzis<\/h3>\n<p>Aki rendszeresen haszn\u00e1l pszichedelikus szereket, az eleinte nehezen fogja mag\u00e1t besz\u00edvottnak vagy euf\u00f3rikusnak \u00e9rezni, de hamar megtapasztalja az MDMA \u00e1ltal okozott \"m\u00e1mort\". Eddig nem dokument\u00e1ltak olyan mell\u00e9khat\u00e1sokat, mint p\u00e9ld\u00e1ul h\u00e1nyinger.<\/p>\n<h3>5-meO-DALT vs 5-meO-mipt<\/h3>\n<p>V\u00e1s\u00e1rl\u00e1s 5-MEO-DALT online A legnagyobb f\u00f3rumok egyre t\u00f6bb tagja r\u00e9szes\u00edti el\u0151nyben az 5-meo-mipt-et az 5-meo-dalt helyett; mindkett\u0151 csup\u00e1n javaslat, \u00e9s a felhaszn\u00e1l\u00f3k eld\u00f6nthetik, melyik a megfelel\u0151bb. 2004 m\u00e1jus\u00e1ban Alexander Shulgin l\u00e9trehozta az 5-MeO-DALT-ot, m\u00e1s n\u00e9ven N,N-Diallyl-5-metoxitriptamin, a triptamander hallucinog\u00e9n sz\u00e1rmaz\u00e9k\u00e1t.<\/p>\n<p>Ma m\u00e1r gyakran haszn\u00e1lj\u00e1k \"f\u00fcrd\u0151s\u00f3k\" \u00f6sszetev\u0151jek\u00e9nt, amelyek k\u00f6zvetlen\u00fcl a monoamin-receptorokra hatva euforikus hat\u00e1st v\u00e1ltanak ki. Az 5-meo-DALT neurol\u00f3giai, toxikol\u00f3giai \u00e9s \u00e9lettani hat\u00e1sainak teljes k\u00f6r\u0171 jellemz\u00e9se m\u00e9g folyamatban van.<\/p>\n<h3>5. Doh\u00e1nyfogyaszt\u00e1s DALT vagy MeO<\/h3>\n<p>Az 5-MeO-DALT-vitamin felez\u00e9si ideje r\u00f6vid. Leggyakrabban por alakban kaphat\u00f3, amely sz\u00e1jon \u00e1t vagy helyileg alkalmazhat\u00f3.<\/p>\n<h3>5-Meto-Dalt vagy a DALT adagol\u00e1sa (\u00e9s alkalmaz\u00e1sa)<\/h3>\n<p>A kutat\u00f3 gyakran 12 \u00e9s 20 mg k\u00f6z\u00f6tti adagokat vett be. A k\u00fcsz\u00f6b\u00e9rt\u00e9k 4-5 mg, az \u00e9rz\u00e9s 5-8 mg-n\u00e1l enyhe, 12-25 mg-n\u00e1l gyakori, 25 mg-n\u00e1l pedig er\u0151s.<\/p>\n<p>5-MEO-DALT online v\u00e1s\u00e1rl\u00e1s. A DALT hat\u00e1sa a lenyel\u00e9st k\u00f6vet\u0151 els\u0151 h\u00e1rom \u00f3ra ut\u00e1n \u00e9ri el a cs\u00facspontj\u00e1t, majd elm\u00falik. A teljes hat\u00e1s nyolc \u00f3r\u00e1ig tart. A kezdeti hat\u00e1sok lecseng\u00e9se ut\u00e1n azonban nyomaszt\u00f3 \u00e9rz\u00e9s alakul ki, amely t\u00f6bb \u00f3r\u00e1n \u00e1t tart.<\/p>\n<p>V\u00e1s\u00e1roljon 5-MEO-DALT online Ha az 5-MeO-DALT a cs\u00facspontj\u00e1n van, szorong\u00e1st \u00e9s paranoi\u00e1t okozhat a v\u00e1s\u00e1rl\u00f3ban. A megn\u00f6vekedett tudatoss\u00e1gi szintje enyhe fizikai kellemetlens\u00e9ggel kombin\u00e1lva paranoi\u00e1t okozhat. Sokan eml\u00edtett\u00e9k, hogy vastag a nyakuk. Amikor az agy pszichoakt\u00edvan \u00e9rintett, koncentr\u00e1lt, optimista \u00e9s szimpatikus gondolkod\u00e1sm\u00f3d jelenik meg. Az \u00fcgyf\u00e9l sz\u00e1m\u00e1ra kedvez\u0151 vagy semleges \u00e9rzelmi \u00e1llapot van jelen. Ez id\u0151 el\u0151tti diszforikus \u00e1llapotba fejl\u0151dhet. A DALT \u00e1ltal keltett vizu\u00e1lis hat\u00e1sok k\u00f6z\u00fcl n\u00e9h\u00e1ny olyan k\u00eds\u00e9rteties k\u00e9p, amely j\u00f3l meghat\u00e1rozott, hossz\u00fa, tompa v\u00e9g\u0171 vonalakb\u00f3l \u00e1ll.<br \/>\nNem hat\u00e9kony m\u00e1s j\u00f3l ismert k\u00e1b\u00edt\u00f3szerek, p\u00e9ld\u00e1ul az MD-MA intenz\u00edv euf\u00f3rikus \u00e9lm\u00e9ny\u00e9nek biztos\u00edt\u00e1s\u00e1ban. Fizikailag \u00e9s \u00e9rzelmileg kev\u00e9sb\u00e9 megterhel\u0151, mint az MD-MA, de vizu\u00e1lisan vonz\u00f3bb.<\/p>","protected":false},"excerpt":{"rendered":"<p>Achetez la pr\u00e9sentation en ligne de 5-MEO-DALT. Achetez votre 5-MEO-DALT en ligne ici : En mai 2004, Alexander Shulgin est devenu le premier \u00e0 synth\u00e9tiser le 5-MeO-DALT, \u00e9galement connu sous le nom de N,N-Diallyl-5-m\u00e9thoxytryptamine, un d\u00e9riv\u00e9 psych\u00e9d\u00e9lique de la tryptamine. Il est devenu de plus en plus populaire ces derni\u00e8res ann\u00e9es en tant qu&rsquo;ingr\u00e9dient des [&hellip;]<\/p>","protected":false},"featured_media":3076,"comment_status":"open","ping_status":"closed","template":"","meta":{"_joinchat":[]},"product_brand":[],"product_cat":[385],"product_tag":[513],"class_list":{"0":"post-3061","1":"product","2":"type-product","3":"status-publish","4":"has-post-thumbnail","6":"product_cat-forschung-schemikalien","7":"product_tag-foxtrot-online-kaufen","9":"first","10":"instock","11":"shipping-taxable","12":"purchasable","13":"product-type-variable"},"yoast_head":"<!-- This site is optimized with the Yoast SEO plugin v23.5 - https:\/\/yoast.com\/wordpress\/plugins\/seo\/ -->\n<title>Acheter 5-MEO Dalt \u00e0 vendre - Acheter 5-MEO Dalt en ligne<\/title>\n<meta name=\"description\" content=\"You can now get Buy 5-MEO Dalt for sale from our top meds store. Our staff will assist you to buy Buy 5-MEO Dalt online at the best prices. Order 5-MEO Dalt online today with worldwide shipping!\" \/>\n<meta name=\"robots\" content=\"index, follow, max-snippet:-1, max-image-preview:large, max-video-preview:-1\" \/>\n<link rel=\"canonical\" href=\"https:\/\/nembutalboutique.com\/hu\/termek\/5-meo-dalt\/\" \/>\n<meta property=\"og:locale\" content=\"hu_HU\" \/>\n<meta property=\"og:type\" content=\"article\" \/>\n<meta property=\"og:title\" content=\"Acheter 5-MEO Dalt \u00e0 vendre - Acheter 5-MEO Dalt en ligne\" \/>\n<meta property=\"og:description\" content=\"You can now get Buy 5-MEO Dalt for sale from our top meds store. Our staff will assist you to buy Buy 5-MEO Dalt online at the best prices. Order 5-MEO Dalt online today with worldwide shipping!\" \/>\n<meta property=\"og:url\" content=\"https:\/\/nembutalboutique.com\/hu\/termek\/5-meo-dalt\/\" \/>\n<meta property=\"og:site_name\" content=\"Nembutal Boutique\" \/>\n<meta property=\"article:modified_time\" content=\"2025-04-13T18:14:54+00:00\" \/>\n<meta property=\"og:image\" content=\"https:\/\/nembutalboutique.com\/wp-content\/uploads\/2024\/09\/5-MeO-DALT.gif\" \/>\n\t<meta property=\"og:image:width\" content=\"600\" \/>\n\t<meta property=\"og:image:height\" content=\"600\" \/>\n\t<meta property=\"og:image:type\" content=\"image\/gif\" \/>\n<meta name=\"twitter:card\" content=\"summary_large_image\" \/>\n<meta name=\"twitter:label1\" content=\"Becs\u00fclt olvas\u00e1si id\u0151\" \/>\n\t<meta name=\"twitter:data1\" content=\"4 perc\" \/>\n<script type=\"application\/ld+json\" class=\"yoast-schema-graph\">{\"@context\":\"https:\/\/schema.org\",\"@graph\":[{\"@type\":\"WebPage\",\"@id\":\"https:\/\/nembutalboutique.com\/produit\/5-meo-dalt\/\",\"url\":\"https:\/\/nembutalboutique.com\/produit\/5-meo-dalt\/\",\"name\":\"Acheter 5-MEO Dalt \u00e0 vendre - Acheter 5-MEO Dalt en ligne\",\"isPartOf\":{\"@id\":\"https:\/\/nembutalboutique.com\/#website\"},\"primaryImageOfPage\":{\"@id\":\"https:\/\/nembutalboutique.com\/produit\/5-meo-dalt\/#primaryimage\"},\"image\":{\"@id\":\"https:\/\/nembutalboutique.com\/produit\/5-meo-dalt\/#primaryimage\"},\"thumbnailUrl\":\"https:\/\/nembutalboutique.com\/wp-content\/uploads\/2024\/09\/5-MeO-DALT.gif\",\"datePublished\":\"2024-09-16T08:14:38+00:00\",\"dateModified\":\"2025-04-13T18:14:54+00:00\",\"description\":\"You can now get Buy 5-MEO Dalt for sale from our top meds store. Our staff will assist you to buy Buy 5-MEO Dalt online at the best prices. Order 5-MEO Dalt online today with worldwide shipping!\",\"breadcrumb\":{\"@id\":\"https:\/\/nembutalboutique.com\/produit\/5-meo-dalt\/#breadcrumb\"},\"inLanguage\":\"hu\",\"potentialAction\":[{\"@type\":\"ReadAction\",\"target\":[\"https:\/\/nembutalboutique.com\/produit\/5-meo-dalt\/\"]}]},{\"@type\":\"ImageObject\",\"inLanguage\":\"hu\",\"@id\":\"https:\/\/nembutalboutique.com\/produit\/5-meo-dalt\/#primaryimage\",\"url\":\"https:\/\/nembutalboutique.com\/wp-content\/uploads\/2024\/09\/5-MeO-DALT.gif\",\"contentUrl\":\"https:\/\/nembutalboutique.com\/wp-content\/uploads\/2024\/09\/5-MeO-DALT.gif\",\"width\":600,\"height\":600,\"caption\":\"Acheter 5-MeO-DALT\"},{\"@type\":\"BreadcrumbList\",\"@id\":\"https:\/\/nembutalboutique.com\/produit\/5-meo-dalt\/#breadcrumb\",\"itemListElement\":[{\"@type\":\"ListItem\",\"position\":1,\"name\":\"Home\",\"item\":\"https:\/\/nembutalboutique.com\/\"},{\"@type\":\"ListItem\",\"position\":2,\"name\":\"Boutique\",\"item\":\"https:\/\/nembutalboutique.com\/shop\/\"},{\"@type\":\"ListItem\",\"position\":3,\"name\":\"5-MeO-DALT\"}]},{\"@type\":\"WebSite\",\"@id\":\"https:\/\/nembutalboutique.com\/#website\",\"url\":\"https:\/\/nembutalboutique.com\/\",\"name\":\"Nembutal Boutique\",\"description\":\"My WordPress Blog\",\"publisher\":{\"@id\":\"https:\/\/nembutalboutique.com\/#organization\"},\"potentialAction\":[{\"@type\":\"SearchAction\",\"target\":{\"@type\":\"EntryPoint\",\"urlTemplate\":\"https:\/\/nembutalboutique.com\/?s={search_term_string}\"},\"query-input\":{\"@type\":\"PropertyValueSpecification\",\"valueRequired\":true,\"valueName\":\"search_term_string\"}}],\"inLanguage\":\"hu\"},{\"@type\":\"Organization\",\"@id\":\"https:\/\/nembutalboutique.com\/#organization\",\"name\":\"Nembutal Boutique\",\"url\":\"https:\/\/nembutalboutique.com\/\",\"logo\":{\"@type\":\"ImageObject\",\"inLanguage\":\"hu\",\"@id\":\"https:\/\/nembutalboutique.com\/#\/schema\/logo\/image\/\",\"url\":\"https:\/\/nembutalboutique.com\/wp-content\/uploads\/2024\/01\/logo.png\",\"contentUrl\":\"https:\/\/nembutalboutique.com\/wp-content\/uploads\/2024\/01\/logo.png\",\"width\":494,\"height\":121,\"caption\":\"Nembutal Boutique\"},\"image\":{\"@id\":\"https:\/\/nembutalboutique.com\/#\/schema\/logo\/image\/\"}}]}<\/script>\n<!-- \/ Yoast SEO plugin. -->","yoast_head_json":{"title":"V\u00e1s\u00e1rl\u00e1s 5-MEO Dalt elad\u00f3 - V\u00e1s\u00e1rl\u00e1s 5-MEO Dalt online","description":"Most kaphat V\u00e1s\u00e1rl\u00e1s 5-MEO Dalt elad\u00f3 a mi top meds store. Munkat\u00e1rsaink seg\u00edtenek \u00d6nnek v\u00e1s\u00e1rolni Buy 5-MEO Dalt online a legjobb \u00e1ron. Rendeljen 5-MEO Dalt online m\u00e9g ma, vil\u00e1gm\u00e9ret\u0171 sz\u00e1ll\u00edt\u00e1ssal!","robots":{"index":"index","follow":"follow","max-snippet":"max-snippet:-1","max-image-preview":"max-image-preview:large","max-video-preview":"max-video-preview:-1"},"canonical":"https:\/\/nembutalboutique.com\/hu\/termek\/5-meo-dalt\/","og_locale":"hu_HU","og_type":"article","og_title":"Acheter 5-MEO Dalt \u00e0 vendre - Acheter 5-MEO Dalt en ligne","og_description":"You can now get Buy 5-MEO Dalt for sale from our top meds store. Our staff will assist you to buy Buy 5-MEO Dalt online at the best prices. Order 5-MEO Dalt online today with worldwide shipping!","og_url":"https:\/\/nembutalboutique.com\/hu\/termek\/5-meo-dalt\/","og_site_name":"Nembutal Boutique","article_modified_time":"2025-04-13T18:14:54+00:00","og_image":[{"width":600,"height":600,"url":"https:\/\/nembutalboutique.com\/wp-content\/uploads\/2024\/09\/5-MeO-DALT.gif","type":"image\/gif"}],"twitter_card":"summary_large_image","twitter_misc":{"Becs\u00fclt olvas\u00e1si id\u0151":"4 perc"},"schema":{"@context":"https:\/\/schema.org","@graph":[{"@type":"WebPage","@id":"https:\/\/nembutalboutique.com\/produit\/5-meo-dalt\/","url":"https:\/\/nembutalboutique.com\/produit\/5-meo-dalt\/","name":"V\u00e1s\u00e1rl\u00e1s 5-MEO Dalt elad\u00f3 - V\u00e1s\u00e1rl\u00e1s 5-MEO Dalt online","isPartOf":{"@id":"https:\/\/nembutalboutique.com\/#website"},"primaryImageOfPage":{"@id":"https:\/\/nembutalboutique.com\/produit\/5-meo-dalt\/#primaryimage"},"image":{"@id":"https:\/\/nembutalboutique.com\/produit\/5-meo-dalt\/#primaryimage"},"thumbnailUrl":"https:\/\/nembutalboutique.com\/wp-content\/uploads\/2024\/09\/5-MeO-DALT.gif","datePublished":"2024-09-16T08:14:38+00:00","dateModified":"2025-04-13T18:14:54+00:00","description":"Most kaphat V\u00e1s\u00e1rl\u00e1s 5-MEO Dalt elad\u00f3 a mi top meds store. Munkat\u00e1rsaink seg\u00edtenek \u00d6nnek v\u00e1s\u00e1rolni Buy 5-MEO Dalt online a legjobb \u00e1ron. Rendeljen 5-MEO Dalt online m\u00e9g ma, vil\u00e1gm\u00e9ret\u0171 sz\u00e1ll\u00edt\u00e1ssal!","breadcrumb":{"@id":"https:\/\/nembutalboutique.com\/produit\/5-meo-dalt\/#breadcrumb"},"inLanguage":"hu","potentialAction":[{"@type":"ReadAction","target":["https:\/\/nembutalboutique.com\/produit\/5-meo-dalt\/"]}]},{"@type":"ImageObject","inLanguage":"hu","@id":"https:\/\/nembutalboutique.com\/produit\/5-meo-dalt\/#primaryimage","url":"https:\/\/nembutalboutique.com\/wp-content\/uploads\/2024\/09\/5-MeO-DALT.gif","contentUrl":"https:\/\/nembutalboutique.com\/wp-content\/uploads\/2024\/09\/5-MeO-DALT.gif","width":600,"height":600,"caption":"Acheter 5-MeO-DALT"},{"@type":"BreadcrumbList","@id":"https:\/\/nembutalboutique.com\/produit\/5-meo-dalt\/#breadcrumb","itemListElement":[{"@type":"ListItem","position":1,"name":"Home","item":"https:\/\/nembutalboutique.com\/"},{"@type":"ListItem","position":2,"name":"Boutique","item":"https:\/\/nembutalboutique.com\/shop\/"},{"@type":"ListItem","position":3,"name":"5-MeO-DALT"}]},{"@type":"WebSite","@id":"https:\/\/nembutalboutique.com\/#website","url":"https:\/\/nembutalboutique.com\/","name":"Nembutal Boutique","description":"Az \u00e9n WordPress blogom","publisher":{"@id":"https:\/\/nembutalboutique.com\/#organization"},"potentialAction":[{"@type":"SearchAction","target":{"@type":"EntryPoint","urlTemplate":"https:\/\/nembutalboutique.com\/?s={search_term_string}"},"query-input":{"@type":"PropertyValueSpecification","valueRequired":true,"valueName":"search_term_string"}}],"inLanguage":"hu"},{"@type":"Organization","@id":"https:\/\/nembutalboutique.com\/#organization","name":"Nembutal Boutique","url":"https:\/\/nembutalboutique.com\/","logo":{"@type":"ImageObject","inLanguage":"hu","@id":"https:\/\/nembutalboutique.com\/#\/schema\/logo\/image\/","url":"https:\/\/nembutalboutique.com\/wp-content\/uploads\/2024\/01\/logo.png","contentUrl":"https:\/\/nembutalboutique.com\/wp-content\/uploads\/2024\/01\/logo.png","width":494,"height":121,"caption":"Nembutal Boutique"},"image":{"@id":"https:\/\/nembutalboutique.com\/#\/schema\/logo\/image\/"}}]}},"_links":{"self":[{"href":"https:\/\/nembutalboutique.com\/hu\/wp-json\/wp\/v2\/product\/3061"}],"collection":[{"href":"https:\/\/nembutalboutique.com\/hu\/wp-json\/wp\/v2\/product"}],"about":[{"href":"https:\/\/nembutalboutique.com\/hu\/wp-json\/wp\/v2\/types\/product"}],"replies":[{"embeddable":true,"href":"https:\/\/nembutalboutique.com\/hu\/wp-json\/wp\/v2\/comments?post=3061"}],"wp:featuredmedia":[{"embeddable":true,"href":"https:\/\/nembutalboutique.com\/hu\/wp-json\/wp\/v2\/media\/3076"}],"wp:attachment":[{"href":"https:\/\/nembutalboutique.com\/hu\/wp-json\/wp\/v2\/media?parent=3061"}],"wp:term":[{"taxonomy":"product_brand","embeddable":true,"href":"https:\/\/nembutalboutique.com\/hu\/wp-json\/wp\/v2\/product_brand?post=3061"},{"taxonomy":"product_cat","embeddable":true,"href":"https:\/\/nembutalboutique.com\/hu\/wp-json\/wp\/v2\/product_cat?post=3061"},{"taxonomy":"product_tag","embeddable":true,"href":"https:\/\/nembutalboutique.com\/hu\/wp-json\/wp\/v2\/product_tag?post=3061"}],"curies":[{"name":"wp","href":"https:\/\/api.w.org\/{rel}","templated":true}]}}