{"id":3058,"date":"2024-09-16T08:14:38","date_gmt":"2024-09-16T08:14:38","guid":{"rendered":"https:\/\/nembutalboutique.com\/?post_type=product&#038;p=3058"},"modified":"2024-09-20T09:44:10","modified_gmt":"2024-09-20T09:44:10","slug":"3-meo-pcp","status":"publish","type":"product","link":"https:\/\/nembutalboutique.com\/hu\/termek\/3-meo-pcp\/","title":{"rendered":"3-MEO-PCP"},"content":{"rendered":"<h2>3-MeO-PCP online v\u00e1s\u00e1rl\u00e1sa<\/h2>\n<p>K\u00f6zvetlen \u00e9rintkez\u0151 fog\u00f3 3-MeO-PCP 3-MEO-PCP 3-MEO-PCP<\/p>\n<p>m\u00e1s n\u00e9ven 3-metoxi-fenciklidin vagy <a href=\"https:\/\/en.wikipedia.org\/wiki\/3-MeO-PCP\">3-MeO-PCP<\/a>egy \u00faj \u00e9s viszonylag ismeretlen disszociat\u00edv anyag az arilciklohexilaminok oszt\u00e1ly\u00e1ban. A 3-MeO-PCP a fen\u00fcklidin (PCP) sz\u00e1rmaz\u00e9ka, \u00e9s k\u00e9miailag olyan anyagokkal \u00e1ll rokons\u00e1gban, mint a metilxetamin \u00e9s a 3-MeO-PCE. Hat\u00e1s\u00e1t az agy NMDA-receptorainak blokkol\u00e1s\u00e1val enyh\u00edti.<\/p>\n<p>A 3-Methoxyphencyclidine, amelyet n\u00e9ha 3-MeO-PCP BUY ONLINE n\u00e9ven is eml\u00edtenek, egy szintetikus diazo vegy\u00fclet, amely az arilciklohexilamin csal\u00e1d tagja. A 3-MeO-PCP-ben egy hatgy\u0171r\u0171s ind\u00edt\u00f3gy\u0171r\u0171, a ciklohex\u00e1n van jelen, amely az R1-en kereszt\u00fcl k\u00e9t m\u00e1sik gy\u0171r\u0171h\u00f6z kapcsol\u00f3dik. A hatr\u00e9teg\u0171 piperidin gy\u0171r\u0171, amely a stickstoff csoporthoz kapcsol\u00f3dik, az egyik ilyen gy\u0171r\u0171. A m\u00e1sik gy\u0171r\u0171 egy arom\u00e1s fenilgy\u0171r\u0171, amely R3 helyzetben egy szubsztitu\u00e1lt metoxicsoportot tartalmaz.<br \/>\nSzerkezeti szempontb\u00f3l a <a href=\"https:\/\/nembutalboutique.com\/produit\/3-meo-pcp\/\">3-MeO-PCP<\/a> hasonl\u00f3 a 4-MeO-PCP-hez.<\/p>\n<p>B\u00e1r a 3-MeO-PCP-t eredetileg opioid vagy dopaminerg aktivit\u00e1s\u00e1r\u00f3l ismert\u00e9k el (kor\u00e1bbi fenomenol\u00f3giai elemz\u00e9sek alapj\u00e1n), a bizony\u00edt\u00e9kok arra utalnak, hogy a 3-MeO-PCP az NMDA-receptor er\u0151s \u00e9s szelekt\u00edv ligandja, elhanyagolhat\u00f3 affinit\u00e1ssal a dopaminhoz, ak\u00e1r transzporterk\u00e9nt, ak\u00e1r \u00b5-opioid receptork\u00e9nt. A kev\u00e9sb\u00e9 diszkriminat\u00edv 4-MeO-PCP 2011-es, vizsg\u00e1lati vegyszerk\u00e9nt t\u00f6rt\u00e9n\u0151 kereskedelmi forgalomba hozatala el\u0151tt a 3-MeO-PCP volt forgalomban.<\/p>\n<p>Ez a term\u00e9k kiz\u00e1r\u00f3lag laborat\u00f3riumi kutat\u00e1si k\u00f6rnyezetben val\u00f3 haszn\u00e1latra k\u00e9sz\u00fclt. Minden \u00e9rintett szem\u00e9lynek aj\u00e1nlott a megfelel\u0151 biztons\u00e1gi felszerel\u00e9sek ismerete \u00e9s a meg\u00e1llap\u00edtott biztons\u00e1gi elj\u00e1r\u00e1sok betart\u00e1sa.<\/p>\n<p>A legnagyobb kutat\u00f3i vegyszerbolt, ahol naprak\u00e9sz kell\u00e9keket szerezhet be tanulm\u00e1nyaihoz. Olyan besz\u00e1ll\u00edt\u00f3ra van sz\u00fcks\u00e9ge, akiben megb\u00edzhat, hogy val\u00f3di, tiszta 100 % vegyszereket biztos\u00edt \u00d6nnek. Egy\u00fcttm\u0171k\u00f6dve meggy\u0151z\u0151dhet r\u00f3la. Nagyon b\u00fcszk\u00e9k vagyunk arra, hogy a min\u0151s\u00e9g \u00e9s a tudom\u00e1nyos feddhetetlens\u00e9g ir\u00e1nti elk\u00f6telezetts\u00e9g\u00fcnkkel az egyik legelismertebb besz\u00e1ll\u00edt\u00f3v\u00e1 v\u00e1ltunk az ipar\u00e1gban.<\/p>","protected":false},"excerpt":{"rendered":"<p>Acheter 3-MeO-PCP en ligne La pince \u00e0 contact direct 3-MeO-PCP 3-MEO-PCP \u00e9galement appel\u00e9e 3-m\u00e9thoxyphencyclidine ou 3-MeO-PCP, est une nouvelle substance dissociative relativement inconnue de la classe des arylcyclohexylamines. La 3-MeO-PCP est un d\u00e9riv\u00e9 de la phencyclidine (PCP) et est chimiquement apparent\u00e9e \u00e0 des substances telles que la m\u00e9thylx\u00e9tamine et la 3-MeO-PCE. Elle att\u00e9nue ses effets [&hellip;]<\/p>","protected":false},"featured_media":3073,"comment_status":"open","ping_status":"closed","template":"","meta":{"_joinchat":[]},"product_brand":[],"product_cat":[385],"product_tag":[],"class_list":{"0":"post-3058","1":"product","2":"type-product","3":"status-publish","4":"has-post-thumbnail","6":"product_cat-forschung-schemikalien","8":"first","9":"instock","10":"shipping-taxable","11":"purchasable","12":"product-type-variable"},"yoast_head":"<!-- This site is optimized with the Yoast SEO plugin v23.5 - https:\/\/yoast.com\/wordpress\/plugins\/seo\/ -->\n<title>Acheter 3-Meo PCP en ligne - 3-Meo PCP \u00e0 vendre<\/title>\n<meta name=\"description\" content=\"Si vous souhaitez acheter du 3-Meo PCP en ligne, notre boutique en ligne Nembutal peut vous aider. Nous avons du 3-Meo PCP en vente aux meilleurs prix ici. Passez votre commande maintenant !\" \/>\n<meta name=\"robots\" content=\"index, follow, max-snippet:-1, max-image-preview:large, max-video-preview:-1\" \/>\n<link rel=\"canonical\" href=\"https:\/\/nembutalboutique.com\/hu\/termek\/3-meo-pcp\/\" \/>\n<meta property=\"og:locale\" content=\"hu_HU\" \/>\n<meta property=\"og:type\" content=\"article\" \/>\n<meta property=\"og:title\" content=\"Acheter 3-Meo PCP en ligne - 3-Meo PCP \u00e0 vendre\" \/>\n<meta property=\"og:description\" content=\"Si vous souhaitez acheter du 3-Meo PCP en ligne, notre boutique en ligne Nembutal peut vous aider. Nous avons du 3-Meo PCP en vente aux meilleurs prix ici. Passez votre commande maintenant !\" \/>\n<meta property=\"og:url\" content=\"https:\/\/nembutalboutique.com\/hu\/termek\/3-meo-pcp\/\" \/>\n<meta property=\"og:site_name\" content=\"Nembutal Boutique\" \/>\n<meta property=\"article:modified_time\" content=\"2024-09-20T09:44:10+00:00\" \/>\n<meta property=\"og:image\" content=\"https:\/\/nembutalboutique.com\/wp-content\/uploads\/2024\/09\/3-meo-pcp.gif\" \/>\n\t<meta property=\"og:image:width\" content=\"600\" \/>\n\t<meta property=\"og:image:height\" content=\"600\" \/>\n\t<meta property=\"og:image:type\" content=\"image\/gif\" \/>\n<meta name=\"twitter:card\" content=\"summary_large_image\" \/>\n<meta name=\"twitter:label1\" content=\"Becs\u00fclt olvas\u00e1si id\u0151\" \/>\n\t<meta name=\"twitter:data1\" content=\"2 perc\" \/>\n<script type=\"application\/ld+json\" class=\"yoast-schema-graph\">{\"@context\":\"https:\/\/schema.org\",\"@graph\":[{\"@type\":\"WebPage\",\"@id\":\"https:\/\/nembutalboutique.com\/produit\/3-meo-pcp\/\",\"url\":\"https:\/\/nembutalboutique.com\/produit\/3-meo-pcp\/\",\"name\":\"Acheter 3-Meo PCP en ligne - 3-Meo PCP \u00e0 vendre\",\"isPartOf\":{\"@id\":\"https:\/\/nembutalboutique.com\/#website\"},\"primaryImageOfPage\":{\"@id\":\"https:\/\/nembutalboutique.com\/produit\/3-meo-pcp\/#primaryimage\"},\"image\":{\"@id\":\"https:\/\/nembutalboutique.com\/produit\/3-meo-pcp\/#primaryimage\"},\"thumbnailUrl\":\"https:\/\/nembutalboutique.com\/wp-content\/uploads\/2024\/09\/3-meo-pcp.gif\",\"datePublished\":\"2024-09-16T08:14:38+00:00\",\"dateModified\":\"2024-09-20T09:44:10+00:00\",\"description\":\"Si vous souhaitez acheter du 3-Meo PCP en ligne, notre boutique en ligne Nembutal peut vous aider. Nous avons du 3-Meo PCP en vente aux meilleurs prix ici. Passez votre commande maintenant !\",\"breadcrumb\":{\"@id\":\"https:\/\/nembutalboutique.com\/produit\/3-meo-pcp\/#breadcrumb\"},\"inLanguage\":\"hu\",\"potentialAction\":[{\"@type\":\"ReadAction\",\"target\":[\"https:\/\/nembutalboutique.com\/produit\/3-meo-pcp\/\"]}]},{\"@type\":\"ImageObject\",\"inLanguage\":\"hu\",\"@id\":\"https:\/\/nembutalboutique.com\/produit\/3-meo-pcp\/#primaryimage\",\"url\":\"https:\/\/nembutalboutique.com\/wp-content\/uploads\/2024\/09\/3-meo-pcp.gif\",\"contentUrl\":\"https:\/\/nembutalboutique.com\/wp-content\/uploads\/2024\/09\/3-meo-pcp.gif\",\"width\":600,\"height\":600,\"caption\":\"Acheter 3-meo-pcp.gif\"},{\"@type\":\"BreadcrumbList\",\"@id\":\"https:\/\/nembutalboutique.com\/produit\/3-meo-pcp\/#breadcrumb\",\"itemListElement\":[{\"@type\":\"ListItem\",\"position\":1,\"name\":\"Home\",\"item\":\"https:\/\/nembutalboutique.com\/\"},{\"@type\":\"ListItem\",\"position\":2,\"name\":\"Boutique\",\"item\":\"https:\/\/nembutalboutique.com\/shop\/\"},{\"@type\":\"ListItem\",\"position\":3,\"name\":\"3-MEO-PCP\"}]},{\"@type\":\"WebSite\",\"@id\":\"https:\/\/nembutalboutique.com\/#website\",\"url\":\"https:\/\/nembutalboutique.com\/\",\"name\":\"Nembutal Boutique\",\"description\":\"My WordPress Blog\",\"publisher\":{\"@id\":\"https:\/\/nembutalboutique.com\/#organization\"},\"potentialAction\":[{\"@type\":\"SearchAction\",\"target\":{\"@type\":\"EntryPoint\",\"urlTemplate\":\"https:\/\/nembutalboutique.com\/?s={search_term_string}\"},\"query-input\":{\"@type\":\"PropertyValueSpecification\",\"valueRequired\":true,\"valueName\":\"search_term_string\"}}],\"inLanguage\":\"hu\"},{\"@type\":\"Organization\",\"@id\":\"https:\/\/nembutalboutique.com\/#organization\",\"name\":\"Nembutal Boutique\",\"url\":\"https:\/\/nembutalboutique.com\/\",\"logo\":{\"@type\":\"ImageObject\",\"inLanguage\":\"hu\",\"@id\":\"https:\/\/nembutalboutique.com\/#\/schema\/logo\/image\/\",\"url\":\"https:\/\/nembutalboutique.com\/wp-content\/uploads\/2024\/01\/logo.png\",\"contentUrl\":\"https:\/\/nembutalboutique.com\/wp-content\/uploads\/2024\/01\/logo.png\",\"width\":494,\"height\":121,\"caption\":\"Nembutal Boutique\"},\"image\":{\"@id\":\"https:\/\/nembutalboutique.com\/#\/schema\/logo\/image\/\"}}]}<\/script>\n<!-- \/ Yoast SEO plugin. -->","yoast_head_json":{"title":"V\u00e1s\u00e1rl\u00e1s 3-Meo PCP online - 3-Meo PCP elad\u00f3","description":"Ha 3-Meo PCP-t szeretne v\u00e1s\u00e1rolni online, a Nembutal web\u00e1ruh\u00e1zunk seg\u00edthet. N\u00e1lunk a 3-Meo PCP a legjobb \u00e1ron kaphat\u00f3 itt. Adja le rendel\u00e9s\u00e9t most!","robots":{"index":"index","follow":"follow","max-snippet":"max-snippet:-1","max-image-preview":"max-image-preview:large","max-video-preview":"max-video-preview:-1"},"canonical":"https:\/\/nembutalboutique.com\/hu\/termek\/3-meo-pcp\/","og_locale":"hu_HU","og_type":"article","og_title":"Acheter 3-Meo PCP en ligne - 3-Meo PCP \u00e0 vendre","og_description":"Si vous souhaitez acheter du 3-Meo PCP en ligne, notre boutique en ligne Nembutal peut vous aider. Nous avons du 3-Meo PCP en vente aux meilleurs prix ici. Passez votre commande maintenant !","og_url":"https:\/\/nembutalboutique.com\/hu\/termek\/3-meo-pcp\/","og_site_name":"Nembutal Boutique","article_modified_time":"2024-09-20T09:44:10+00:00","og_image":[{"width":600,"height":600,"url":"https:\/\/nembutalboutique.com\/wp-content\/uploads\/2024\/09\/3-meo-pcp.gif","type":"image\/gif"}],"twitter_card":"summary_large_image","twitter_misc":{"Becs\u00fclt olvas\u00e1si id\u0151":"2 perc"},"schema":{"@context":"https:\/\/schema.org","@graph":[{"@type":"WebPage","@id":"https:\/\/nembutalboutique.com\/produit\/3-meo-pcp\/","url":"https:\/\/nembutalboutique.com\/produit\/3-meo-pcp\/","name":"V\u00e1s\u00e1rl\u00e1s 3-Meo PCP online - 3-Meo PCP elad\u00f3","isPartOf":{"@id":"https:\/\/nembutalboutique.com\/#website"},"primaryImageOfPage":{"@id":"https:\/\/nembutalboutique.com\/produit\/3-meo-pcp\/#primaryimage"},"image":{"@id":"https:\/\/nembutalboutique.com\/produit\/3-meo-pcp\/#primaryimage"},"thumbnailUrl":"https:\/\/nembutalboutique.com\/wp-content\/uploads\/2024\/09\/3-meo-pcp.gif","datePublished":"2024-09-16T08:14:38+00:00","dateModified":"2024-09-20T09:44:10+00:00","description":"Ha 3-Meo PCP-t szeretne v\u00e1s\u00e1rolni online, a Nembutal web\u00e1ruh\u00e1zunk seg\u00edthet. N\u00e1lunk a 3-Meo PCP a legjobb \u00e1ron kaphat\u00f3 itt. Adja le rendel\u00e9s\u00e9t most!","breadcrumb":{"@id":"https:\/\/nembutalboutique.com\/produit\/3-meo-pcp\/#breadcrumb"},"inLanguage":"hu","potentialAction":[{"@type":"ReadAction","target":["https:\/\/nembutalboutique.com\/produit\/3-meo-pcp\/"]}]},{"@type":"ImageObject","inLanguage":"hu","@id":"https:\/\/nembutalboutique.com\/produit\/3-meo-pcp\/#primaryimage","url":"https:\/\/nembutalboutique.com\/wp-content\/uploads\/2024\/09\/3-meo-pcp.gif","contentUrl":"https:\/\/nembutalboutique.com\/wp-content\/uploads\/2024\/09\/3-meo-pcp.gif","width":600,"height":600,"caption":"Acheter 3-meo-pcp.gif"},{"@type":"BreadcrumbList","@id":"https:\/\/nembutalboutique.com\/produit\/3-meo-pcp\/#breadcrumb","itemListElement":[{"@type":"ListItem","position":1,"name":"Home","item":"https:\/\/nembutalboutique.com\/"},{"@type":"ListItem","position":2,"name":"Boutique","item":"https:\/\/nembutalboutique.com\/shop\/"},{"@type":"ListItem","position":3,"name":"3-MEO-PCP"}]},{"@type":"WebSite","@id":"https:\/\/nembutalboutique.com\/#website","url":"https:\/\/nembutalboutique.com\/","name":"Nembutal Boutique","description":"Az \u00e9n WordPress blogom","publisher":{"@id":"https:\/\/nembutalboutique.com\/#organization"},"potentialAction":[{"@type":"SearchAction","target":{"@type":"EntryPoint","urlTemplate":"https:\/\/nembutalboutique.com\/?s={search_term_string}"},"query-input":{"@type":"PropertyValueSpecification","valueRequired":true,"valueName":"search_term_string"}}],"inLanguage":"hu"},{"@type":"Organization","@id":"https:\/\/nembutalboutique.com\/#organization","name":"Nembutal Boutique","url":"https:\/\/nembutalboutique.com\/","logo":{"@type":"ImageObject","inLanguage":"hu","@id":"https:\/\/nembutalboutique.com\/#\/schema\/logo\/image\/","url":"https:\/\/nembutalboutique.com\/wp-content\/uploads\/2024\/01\/logo.png","contentUrl":"https:\/\/nembutalboutique.com\/wp-content\/uploads\/2024\/01\/logo.png","width":494,"height":121,"caption":"Nembutal Boutique"},"image":{"@id":"https:\/\/nembutalboutique.com\/#\/schema\/logo\/image\/"}}]}},"_links":{"self":[{"href":"https:\/\/nembutalboutique.com\/hu\/wp-json\/wp\/v2\/product\/3058"}],"collection":[{"href":"https:\/\/nembutalboutique.com\/hu\/wp-json\/wp\/v2\/product"}],"about":[{"href":"https:\/\/nembutalboutique.com\/hu\/wp-json\/wp\/v2\/types\/product"}],"replies":[{"embeddable":true,"href":"https:\/\/nembutalboutique.com\/hu\/wp-json\/wp\/v2\/comments?post=3058"}],"wp:featuredmedia":[{"embeddable":true,"href":"https:\/\/nembutalboutique.com\/hu\/wp-json\/wp\/v2\/media\/3073"}],"wp:attachment":[{"href":"https:\/\/nembutalboutique.com\/hu\/wp-json\/wp\/v2\/media?parent=3058"}],"wp:term":[{"taxonomy":"product_brand","embeddable":true,"href":"https:\/\/nembutalboutique.com\/hu\/wp-json\/wp\/v2\/product_brand?post=3058"},{"taxonomy":"product_cat","embeddable":true,"href":"https:\/\/nembutalboutique.com\/hu\/wp-json\/wp\/v2\/product_cat?post=3058"},{"taxonomy":"product_tag","embeddable":true,"href":"https:\/\/nembutalboutique.com\/hu\/wp-json\/wp\/v2\/product_tag?post=3058"}],"curies":[{"name":"wp","href":"https:\/\/api.w.org\/{rel}","templated":true}]}}