{"id":3012,"date":"2024-09-16T08:14:16","date_gmt":"2024-09-16T08:14:16","guid":{"rendered":"https:\/\/nembutalboutique.com\/?post_type=product&#038;p=3012"},"modified":"2024-09-20T09:59:23","modified_gmt":"2024-09-20T09:59:23","slug":"th-pbp","status":"publish","type":"product","link":"https:\/\/nembutalboutique.com\/hu\/termek\/th-pbp\/","title":{"rendered":"TH-PBP"},"content":{"rendered":"<h2>TH-PBP online megv\u00e1s\u00e1rl\u00e1sa<\/h2>\n<p>TH-PBP sz\u00e1ll\u00edt\u00f3, <a href=\"https:\/\/nembutalboutique.com\/produit\/th-pbp\/\">TH-PBP<\/a> elad\u00f3. TH-PBP Ausf\u00fchrer Grosshandel.<\/p>\n<p>Hat\u00e1sai: pszichedelikus, hallucinog\u00e9n \u00e9s stimul\u00e1ns.<\/p>\n<p>Term\u00e9kle\u00edr\u00e1sok :<\/p>\n<p>Sz\u00e1rmaz\u00e1si hely: K\u00edna<\/p>\n<p>A term\u00e9k c\u00edme : TH-PBP-Pulver<\/p>\n<p>Alternat\u00edv: PBP-TH<\/p>\n<p>Fluorfenil-prop\u00e1n-amin (IUPAC)<\/p>\n<p>MF :<\/p>\n<p>Reinheit: nagyobb, mint 99,5 %<\/p>\n<h3>Esem\u00e9nyk\u00e9p: Por, krist\u00e1ly<\/h3>\n<p>Csomagol\u00e1s : Alum\u00ednium vagy m\u0171anyag zacsk\u00f3<br \/>\nV\u00e1s\u00e1roljon TH-<a href=\"https:\/\/en.wikipedia.org\/wiki\/PBP\">PBP<\/a> kedvezm\u00e9nyes \u00e1ron a Buy Nembutal \u00e1ruh\u00e1zban. A legjobb kutat\u00e1si vegyszereket k\u00e9sz\u00edtj\u00fck \u00e9s forgalmazzuk vil\u00e1gszerte. Minden term\u00e9ket gondosan csomagolunk \u00e9s sz\u00e1ll\u00edtunk, hogy megv\u00e9dj\u00fck \u00fcgyfeleink mag\u00e1n\u00e9let\u00e9t \u00e9s biztons\u00e1g\u00e1t. Nagy megrendel\u00e9sek eset\u00e9n kedvezm\u00e9nyeket k\u00edn\u00e1lunk, valamint sz\u00e1mos biztons\u00e1gos fizet\u00e9si lehet\u0151s\u00e9get. Olyan term\u00e9kek sz\u00e9les v\u00e1laszt\u00e9k\u00e1t k\u00edn\u00e1ljuk, amelyek a vil\u00e1gon el\u00e9rhet\u0151 legjobb vegyszerek k\u00f6z\u00e9 tartoznak. Minden term\u00e9k\u00fcnk 100% eredet\u0171 \u00e9s vil\u00e1gszerte sz\u00e1ll\u00edthat\u00f3. Nagy hangs\u00falyt fektet\u00fcnk a szolg\u00e1ltat\u00e1s min\u0151s\u00e9g\u00e9re \u00e9s a besz\u00e1ll\u00edt\u00f3k kiv\u00e1laszt\u00e1s\u00e1ra. Elk\u00f6telezettek vagyunk abban, hogy gyorsan reag\u00e1ljunk az \u00d6n k\u00e9r\u00e9seire. L\u00e9nyeg: Ha ezeket a term\u00e9keket keresi online, akkor a legjobb helyen j\u00e1r. A csomag regisztr\u00e1l\u00e1sa ut\u00e1n \u00fcgyfeleink rendelkez\u00e9s\u00e9re bocs\u00e1tjuk a rendelkez\u00e9sre \u00e1ll\u00f3 nyomon k\u00f6vet\u00e9si sz\u00e1mokat, amelyekkel online k\u00f6vethetik a csomagot. Boldog v\u00e1s\u00e1rl\u00e1st!<\/p>","protected":false},"excerpt":{"rendered":"<p>Acheter TH-PBP en ligne fournisseur TH-PBP, TH-PBP \u00e0 vendre. TH-PBP Ausf\u00fchrer Grosshandel. Effets : psych\u00e9d\u00e9lique, hallucinog\u00e8ne et stimulant Sp\u00e9cifications du produit : Lieu d&rsquo;origine : Chine Titre du produit : TH-PBP-Pulver Alternative : PBP-TH Fluorph\u00e9nyl-propane-amine (IUPAC) MF : Reinheit : sup\u00e9rieur \u00e0 99,5 % Image de manifestation : Poussi\u00e8re, cristal Emballage : Sachet en aluminium [&hellip;]<\/p>","protected":false},"featured_media":3038,"comment_status":"open","ping_status":"closed","template":"","meta":{"_joinchat":[]},"product_brand":[],"product_cat":[385],"product_tag":[],"class_list":{"0":"post-3012","1":"product","2":"type-product","3":"status-publish","4":"has-post-thumbnail","6":"product_cat-forschung-schemikalien","8":"first","9":"instock","10":"shipping-taxable","11":"purchasable","12":"product-type-variable"},"yoast_head":"<!-- This site is optimized with the Yoast SEO plugin v23.5 - https:\/\/yoast.com\/wordpress\/plugins\/seo\/ -->\n<title>Acheter TH-PBP en ligne - TH-PBP \u00e0 vendre - Commander TH-PBP<\/title>\n<meta name=\"description\" content=\"Si vous souhaitez acheter du TH-PBP en ligne, notre boutique en ligne Nembutal peut vous aider. Nous avons du TH-PBP en vente aux meilleurs prix ici. Passez votre commande et profitez des derni\u00e8res offres d\u00e8s aujourd&#039;hui !\" \/>\n<meta name=\"robots\" content=\"index, follow, max-snippet:-1, max-image-preview:large, max-video-preview:-1\" \/>\n<link rel=\"canonical\" href=\"https:\/\/nembutalboutique.com\/hu\/termek\/th-pbp\/\" \/>\n<meta property=\"og:locale\" content=\"hu_HU\" \/>\n<meta property=\"og:type\" content=\"article\" \/>\n<meta property=\"og:title\" content=\"Acheter TH-PBP en ligne - TH-PBP \u00e0 vendre - Commander TH-PBP\" \/>\n<meta property=\"og:description\" content=\"Si vous souhaitez acheter du TH-PBP en ligne, notre boutique en ligne Nembutal peut vous aider. Nous avons du TH-PBP en vente aux meilleurs prix ici. Passez votre commande et profitez des derni\u00e8res offres d\u00e8s aujourd&#039;hui !\" \/>\n<meta property=\"og:url\" content=\"https:\/\/nembutalboutique.com\/hu\/termek\/th-pbp\/\" \/>\n<meta property=\"og:site_name\" content=\"Nembutal Boutique\" \/>\n<meta property=\"article:modified_time\" content=\"2024-09-20T09:59:23+00:00\" \/>\n<meta property=\"og:image\" content=\"https:\/\/nembutalboutique.com\/wp-content\/uploads\/2024\/09\/TH-PBP.gif\" \/>\n\t<meta property=\"og:image:width\" content=\"600\" \/>\n\t<meta property=\"og:image:height\" content=\"600\" \/>\n\t<meta property=\"og:image:type\" content=\"image\/gif\" \/>\n<meta name=\"twitter:card\" content=\"summary_large_image\" \/>\n<meta name=\"twitter:label1\" content=\"Becs\u00fclt olvas\u00e1si id\u0151\" \/>\n\t<meta name=\"twitter:data1\" content=\"2 perc\" \/>\n<script type=\"application\/ld+json\" class=\"yoast-schema-graph\">{\"@context\":\"https:\/\/schema.org\",\"@graph\":[{\"@type\":\"WebPage\",\"@id\":\"https:\/\/nembutalboutique.com\/produit\/th-pbp\/\",\"url\":\"https:\/\/nembutalboutique.com\/produit\/th-pbp\/\",\"name\":\"Acheter TH-PBP en ligne - TH-PBP \u00e0 vendre - Commander TH-PBP\",\"isPartOf\":{\"@id\":\"https:\/\/nembutalboutique.com\/#website\"},\"primaryImageOfPage\":{\"@id\":\"https:\/\/nembutalboutique.com\/produit\/th-pbp\/#primaryimage\"},\"image\":{\"@id\":\"https:\/\/nembutalboutique.com\/produit\/th-pbp\/#primaryimage\"},\"thumbnailUrl\":\"https:\/\/nembutalboutique.com\/wp-content\/uploads\/2024\/09\/TH-PBP.gif\",\"datePublished\":\"2024-09-16T08:14:16+00:00\",\"dateModified\":\"2024-09-20T09:59:23+00:00\",\"description\":\"Si vous souhaitez acheter du TH-PBP en ligne, notre boutique en ligne Nembutal peut vous aider. Nous avons du TH-PBP en vente aux meilleurs prix ici. Passez votre commande et profitez des derni\u00e8res offres d\u00e8s aujourd'hui !\",\"breadcrumb\":{\"@id\":\"https:\/\/nembutalboutique.com\/produit\/th-pbp\/#breadcrumb\"},\"inLanguage\":\"hu\",\"potentialAction\":[{\"@type\":\"ReadAction\",\"target\":[\"https:\/\/nembutalboutique.com\/produit\/th-pbp\/\"]}]},{\"@type\":\"ImageObject\",\"inLanguage\":\"hu\",\"@id\":\"https:\/\/nembutalboutique.com\/produit\/th-pbp\/#primaryimage\",\"url\":\"https:\/\/nembutalboutique.com\/wp-content\/uploads\/2024\/09\/TH-PBP.gif\",\"contentUrl\":\"https:\/\/nembutalboutique.com\/wp-content\/uploads\/2024\/09\/TH-PBP.gif\",\"width\":600,\"height\":600,\"caption\":\"acheter TH-PBP.gif\"},{\"@type\":\"BreadcrumbList\",\"@id\":\"https:\/\/nembutalboutique.com\/produit\/th-pbp\/#breadcrumb\",\"itemListElement\":[{\"@type\":\"ListItem\",\"position\":1,\"name\":\"Home\",\"item\":\"https:\/\/nembutalboutique.com\/\"},{\"@type\":\"ListItem\",\"position\":2,\"name\":\"Boutique\",\"item\":\"https:\/\/nembutalboutique.com\/shop\/\"},{\"@type\":\"ListItem\",\"position\":3,\"name\":\"TH-PBP\"}]},{\"@type\":\"WebSite\",\"@id\":\"https:\/\/nembutalboutique.com\/#website\",\"url\":\"https:\/\/nembutalboutique.com\/\",\"name\":\"Nembutal Boutique\",\"description\":\"My WordPress Blog\",\"publisher\":{\"@id\":\"https:\/\/nembutalboutique.com\/#organization\"},\"potentialAction\":[{\"@type\":\"SearchAction\",\"target\":{\"@type\":\"EntryPoint\",\"urlTemplate\":\"https:\/\/nembutalboutique.com\/?s={search_term_string}\"},\"query-input\":{\"@type\":\"PropertyValueSpecification\",\"valueRequired\":true,\"valueName\":\"search_term_string\"}}],\"inLanguage\":\"hu\"},{\"@type\":\"Organization\",\"@id\":\"https:\/\/nembutalboutique.com\/#organization\",\"name\":\"Nembutal Boutique\",\"url\":\"https:\/\/nembutalboutique.com\/\",\"logo\":{\"@type\":\"ImageObject\",\"inLanguage\":\"hu\",\"@id\":\"https:\/\/nembutalboutique.com\/#\/schema\/logo\/image\/\",\"url\":\"https:\/\/nembutalboutique.com\/wp-content\/uploads\/2024\/01\/logo.png\",\"contentUrl\":\"https:\/\/nembutalboutique.com\/wp-content\/uploads\/2024\/01\/logo.png\",\"width\":494,\"height\":121,\"caption\":\"Nembutal Boutique\"},\"image\":{\"@id\":\"https:\/\/nembutalboutique.com\/#\/schema\/logo\/image\/\"}}]}<\/script>\n<!-- \/ Yoast SEO plugin. -->","yoast_head_json":{"title":"TH-PBP online v\u00e1s\u00e1rl\u00e1s - TH-PBP elad\u00f3 - TH-PBP rendel\u00e9se","description":"Ha szeretne TH-PBP-t v\u00e1s\u00e1rolni online, a Nembutal web\u00e1ruh\u00e1zunk seg\u00edthet. N\u00e1lunk a TH-PBP a legjobb \u00e1ron kaphat\u00f3 itt. Adja le rendel\u00e9s\u00e9t \u00e9s haszn\u00e1lja ki a leg\u00fajabb aj\u00e1nlatokat m\u00e9g ma!","robots":{"index":"index","follow":"follow","max-snippet":"max-snippet:-1","max-image-preview":"max-image-preview:large","max-video-preview":"max-video-preview:-1"},"canonical":"https:\/\/nembutalboutique.com\/hu\/termek\/th-pbp\/","og_locale":"hu_HU","og_type":"article","og_title":"Acheter TH-PBP en ligne - TH-PBP \u00e0 vendre - Commander TH-PBP","og_description":"Si vous souhaitez acheter du TH-PBP en ligne, notre boutique en ligne Nembutal peut vous aider. Nous avons du TH-PBP en vente aux meilleurs prix ici. Passez votre commande et profitez des derni\u00e8res offres d\u00e8s aujourd'hui !","og_url":"https:\/\/nembutalboutique.com\/hu\/termek\/th-pbp\/","og_site_name":"Nembutal Boutique","article_modified_time":"2024-09-20T09:59:23+00:00","og_image":[{"width":600,"height":600,"url":"https:\/\/nembutalboutique.com\/wp-content\/uploads\/2024\/09\/TH-PBP.gif","type":"image\/gif"}],"twitter_card":"summary_large_image","twitter_misc":{"Becs\u00fclt olvas\u00e1si id\u0151":"2 perc"},"schema":{"@context":"https:\/\/schema.org","@graph":[{"@type":"WebPage","@id":"https:\/\/nembutalboutique.com\/produit\/th-pbp\/","url":"https:\/\/nembutalboutique.com\/produit\/th-pbp\/","name":"TH-PBP online v\u00e1s\u00e1rl\u00e1s - TH-PBP elad\u00f3 - TH-PBP rendel\u00e9se","isPartOf":{"@id":"https:\/\/nembutalboutique.com\/#website"},"primaryImageOfPage":{"@id":"https:\/\/nembutalboutique.com\/produit\/th-pbp\/#primaryimage"},"image":{"@id":"https:\/\/nembutalboutique.com\/produit\/th-pbp\/#primaryimage"},"thumbnailUrl":"https:\/\/nembutalboutique.com\/wp-content\/uploads\/2024\/09\/TH-PBP.gif","datePublished":"2024-09-16T08:14:16+00:00","dateModified":"2024-09-20T09:59:23+00:00","description":"Ha szeretne TH-PBP-t v\u00e1s\u00e1rolni online, a Nembutal web\u00e1ruh\u00e1zunk seg\u00edthet. N\u00e1lunk a TH-PBP a legjobb \u00e1ron kaphat\u00f3 itt. Adja le rendel\u00e9s\u00e9t \u00e9s haszn\u00e1lja ki a leg\u00fajabb aj\u00e1nlatokat m\u00e9g ma!","breadcrumb":{"@id":"https:\/\/nembutalboutique.com\/produit\/th-pbp\/#breadcrumb"},"inLanguage":"hu","potentialAction":[{"@type":"ReadAction","target":["https:\/\/nembutalboutique.com\/produit\/th-pbp\/"]}]},{"@type":"ImageObject","inLanguage":"hu","@id":"https:\/\/nembutalboutique.com\/produit\/th-pbp\/#primaryimage","url":"https:\/\/nembutalboutique.com\/wp-content\/uploads\/2024\/09\/TH-PBP.gif","contentUrl":"https:\/\/nembutalboutique.com\/wp-content\/uploads\/2024\/09\/TH-PBP.gif","width":600,"height":600,"caption":"acheter TH-PBP.gif"},{"@type":"BreadcrumbList","@id":"https:\/\/nembutalboutique.com\/produit\/th-pbp\/#breadcrumb","itemListElement":[{"@type":"ListItem","position":1,"name":"Home","item":"https:\/\/nembutalboutique.com\/"},{"@type":"ListItem","position":2,"name":"Boutique","item":"https:\/\/nembutalboutique.com\/shop\/"},{"@type":"ListItem","position":3,"name":"TH-PBP"}]},{"@type":"WebSite","@id":"https:\/\/nembutalboutique.com\/#website","url":"https:\/\/nembutalboutique.com\/","name":"Nembutal Boutique","description":"Az \u00e9n WordPress blogom","publisher":{"@id":"https:\/\/nembutalboutique.com\/#organization"},"potentialAction":[{"@type":"SearchAction","target":{"@type":"EntryPoint","urlTemplate":"https:\/\/nembutalboutique.com\/?s={search_term_string}"},"query-input":{"@type":"PropertyValueSpecification","valueRequired":true,"valueName":"search_term_string"}}],"inLanguage":"hu"},{"@type":"Organization","@id":"https:\/\/nembutalboutique.com\/#organization","name":"Nembutal Boutique","url":"https:\/\/nembutalboutique.com\/","logo":{"@type":"ImageObject","inLanguage":"hu","@id":"https:\/\/nembutalboutique.com\/#\/schema\/logo\/image\/","url":"https:\/\/nembutalboutique.com\/wp-content\/uploads\/2024\/01\/logo.png","contentUrl":"https:\/\/nembutalboutique.com\/wp-content\/uploads\/2024\/01\/logo.png","width":494,"height":121,"caption":"Nembutal Boutique"},"image":{"@id":"https:\/\/nembutalboutique.com\/#\/schema\/logo\/image\/"}}]}},"_links":{"self":[{"href":"https:\/\/nembutalboutique.com\/hu\/wp-json\/wp\/v2\/product\/3012"}],"collection":[{"href":"https:\/\/nembutalboutique.com\/hu\/wp-json\/wp\/v2\/product"}],"about":[{"href":"https:\/\/nembutalboutique.com\/hu\/wp-json\/wp\/v2\/types\/product"}],"replies":[{"embeddable":true,"href":"https:\/\/nembutalboutique.com\/hu\/wp-json\/wp\/v2\/comments?post=3012"}],"wp:featuredmedia":[{"embeddable":true,"href":"https:\/\/nembutalboutique.com\/hu\/wp-json\/wp\/v2\/media\/3038"}],"wp:attachment":[{"href":"https:\/\/nembutalboutique.com\/hu\/wp-json\/wp\/v2\/media?parent=3012"}],"wp:term":[{"taxonomy":"product_brand","embeddable":true,"href":"https:\/\/nembutalboutique.com\/hu\/wp-json\/wp\/v2\/product_brand?post=3012"},{"taxonomy":"product_cat","embeddable":true,"href":"https:\/\/nembutalboutique.com\/hu\/wp-json\/wp\/v2\/product_cat?post=3012"},{"taxonomy":"product_tag","embeddable":true,"href":"https:\/\/nembutalboutique.com\/hu\/wp-json\/wp\/v2\/product_tag?post=3012"}],"curies":[{"name":"wp","href":"https:\/\/api.w.org\/{rel}","templated":true}]}}