{"id":3010,"date":"2024-09-16T08:14:16","date_gmt":"2024-09-16T08:14:16","guid":{"rendered":"https:\/\/nembutalboutique.com\/?post_type=product&#038;p=3010"},"modified":"2024-09-20T09:53:41","modified_gmt":"2024-09-20T09:53:41","slug":"thirtylone","status":"publish","type":"product","link":"https:\/\/nembutalboutique.com\/hu\/termek\/thirtylone\/","title":{"rendered":"THIRTYLONE"},"content":{"rendered":"<h2>V\u00e1s\u00e1rl\u00e1s Kristall-Thirtylon, TIRTYLON-KRISTALL ONLINE ELAD\u00d3 TIRTYLONE<\/h2>\n<p><a href=\"https:\/\/nembutalboutique.com\/produit\/acheter-thirtylone\/\">Thirtylon megv\u00e1s\u00e1rl\u00e1sa<\/a> (nagy krist\u00e1ly) n\u00e9ha TTE-nek \u00e9s tilendioxi-N-etil-katinonnak nevezik. Ez az etil\u00e9n \u00e9s a poli\u00e9szter egyik legn\u00e9pszer\u0171bb \u00e9s legsz\u00e9lesebb k\u00f6rben haszn\u00e1lt helyettes\u00edt\u0151je. Ez az \u00faj vegy\u00fclet k\u00e9ts\u00e9gtelen\u00fcl az egyik legfrissebb vegyi anyag, amely a piacra ker\u00fclt. A TTE er\u0151sebb, mint megfelel\u0151je, mik\u00f6zben el\u0151sz\u00f6r szintetiz\u00e1lt\u00e1k etil\u00e9nb\u0151l, ami megmagyar\u00e1zza, mi\u00e9rt van annyi hasonl\u00f3s\u00e1g a k\u00e9t molekula k\u00f6z\u00f6tt.<\/p>\n<p>A pozit\u00edv v\u00e1laszok a k\u00f6vetkez\u0151k lehetnek:<\/p>\n<p>Bels\u0151 nyugalom; nyugalom; euf\u00f3ria; sz\u00edn\u00e9rz\u00e9kel\u00e9s; emp\u00e1ti\u00e1s hat\u00e1sok; interaktog\u00e9n hat\u00e1sok; \u00e9s a k\u00fclvil\u00e1ggal \u00e9s m\u00e1s emberekkel val\u00f3 egys\u00e9g \u00e9rz\u00e9se.<\/p>\n<h3>Az \u00f6nk\u00e9ntelen reakci\u00f3k k\u00f6z\u00e9 tartozik:<\/h3>\n<p>Szorong\u00e1s, depresszi\u00f3 \u00e9s v\u00e9rnyom\u00e1s<\/p>\n<p>magas testh\u0151m\u00e9rs\u00e9klet, sz\u00edvprobl\u00e9m\u00e1k, paranoia \u00e9s brachreiz.<\/p>\n<p>M\u00edg a sz\u00e9d\u00fcl\u00e9s t\u00fcnetei gyakrabban \u00e9s szinte mindenhol el\u0151fordulnak a felhaszn\u00e1l\u00f3k k\u00f6r\u00e9ben, az enyhe hallucin\u00e1ci\u00f3k val\u00f3j\u00e1ban ritk\u00e1bbak.<br \/>\nM\u00e1s anyagokkal ellent\u00e9tben a kereskedelemben kaphat\u00f3 tritylon (nagy krist\u00e1ly) \u00f6sszetettebb szerkezet\u0171, ami val\u00f3j\u00e1ban rendk\u00edv\u00fcl szokatlan. A <a href=\"https:\/\/en.wikipedia.org\/wiki\/Methylone\">Thirtylon<\/a>Nagym\u00e9ret\u0171 krist\u00e1ly, jelenleg f\u0151k\u00e9nt online v\u00e1s\u00e1rolj\u00e1k, sz\u00e1mos alkalmaz\u00e1shoz, b\u00e1r m\u00e1s kezel\u00e9si tervekhez \u00e9s alkalmaz\u00e1sokhoz is hozz\u00e1adhat\u00f3. M\u00e9g ennyi \u00f6sszetev\u0151 mellett is a legjobbak k\u00f6z\u00f6tt marad ez az \u00f6sszetev\u0151. Kedvez\u0151 hat\u00e1sai vannak, \u00e9s k\u00fcl\u00f6nb\u00f6zik a hagyom\u00e1nyos k\u00e9sz\u00edtm\u00e9nyekt\u0151l \u00e9s m\u00e1s szintetikus gy\u00f3gyszerekt\u0151l; ugyanakkor s\u00falyosabb mell\u00e9khat\u00e1sai is lehetnek, mint a hagyom\u00e1nyos gy\u00f3gyszereknek.<\/p>\n<p>Ha nagyobb krist\u00e1lyokat v\u00e1s\u00e1rol, mint p\u00e9ld\u00e1ul a Thirtylon, akkor olyan anyagot v\u00e1lasszon, amelynek tisztas\u00e1ga meghaladja a 90 %-t. Ez azt jelzi, hogy az anyag b\u00e1rmilyen c\u00e9lra felhaszn\u00e1lhat\u00f3. Ha a legmagasabb tisztas\u00e1gi fok\u00fa term\u00e9ket haszn\u00e1lja, nincs sz\u00fcks\u00e9g tiszt\u00edt\u00e1si l\u00e9p\u00e9sre. K\u00f6vetheti a k\u00f6vetkez\u0151ket<br \/>\n\u00dcdv\u00f6zlet a Kaufen Nembutal-t\u00f3l.<\/p>\n<p>Ez a weboldal csak feln\u0151tt felhaszn\u00e1l\u00f3knak k\u00e9sz\u00fclt. A weboldal felhaszn\u00e1l\u00f3inak legal\u00e1bb tizennyolc \u00e9vesnek kell lenni\u00fck. Tizennyolc \u00e9ven aluliak nem v\u00e1s\u00e1rolhatnak term\u00e9keinkb\u0151l. A Pharma Source a gy\u00f3gyszeripari \u00e9s orvosi k\u00f6ztes term\u00e9kek szak\u00e9rt\u0151 besz\u00e1ll\u00edt\u00f3ja.<\/p>\n<h3>A Thirtyone mell\u00e9khat\u00e1sai<\/h3>\n<p>A thirtilonnak sz\u00e1mos fiziol\u00f3giai \u00e9s kognit\u00edv hat\u00e1sa van. Maga a depresszi\u00f3 az egyik mell\u00e9khat\u00e1sa, b\u00e1r a depresszi\u00f3 lek\u00fczd\u00e9s\u00e9re is alkalmazhat\u00f3. Extr\u00e9m fesz\u00fclts\u00e9g \u00e9s szorong\u00e1s l\u00e9phet fel, ha a gy\u00f3gyszert rosszul kezelik. A gy\u00f3gyszerr\u0151l az is ismert, hogy a testh\u0151m\u00e9rs\u00e9klet emelked\u00e9s\u00e9t \u00e9s sz\u00edvprobl\u00e9m\u00e1kat okoz; egy\u00e9b mell\u00e9khat\u00e1sok k\u00f6z\u00e9 tartozik a paranoia \u00e9s a h\u00e1nyinger. Ritka \u00e9s s\u00falyos esetekben a k\u00e1b\u00edt\u00f3szer fogyaszt\u00e1sa kisebb hallucin\u00e1ci\u00f3kat is okozott.<\/p>\n<p>A gy\u00f3gyszeres egyenl\u0151tlens\u00e9geknek k\u00e1ros hat\u00e1sai lehetnek.<\/p>\n<h3>A Thirtylone adagol\u00e1sa \u00e9s t\u00faladagol\u00e1sa<\/h3>\n<p>Ennek a gy\u00f3gyszernek az adagol\u00e1sa ismeretlen, mivel eddig csak \u00e1llatokon tesztelt\u00e9k, \u00e9s az embereken val\u00f3 alkalmaz\u00e1s\u00e1t\u00f3l er\u0151sen el\u00e1llnak.<\/p>\n<p>A t\u00faladagol\u00e1s ezeket a mell\u00e9khat\u00e1sokat, valamint m\u00e1s nemk\u00edv\u00e1natos hat\u00e1sokat, p\u00e9ld\u00e1ul s\u00falyos v\u00e9rz\u00e9st vagy legrosszabb esetben ak\u00e1r hal\u00e1lt is okozhat.<\/p>\n<h3>Thirtylone jogi st\u00e1tusza<\/h3>\n<p>Ismert k\u00e1ros hat\u00e1sai \u00e9s vissza\u00e9l\u00e9sei miatt a legt\u00f6bb orsz\u00e1gban illeg\u00e1lis a term\u00e9k el\u0151\u00e1ll\u00edt\u00e1sa, forgalmaz\u00e1sa \u00e9s birtokl\u00e1sa.<\/p>\n<h3>Hol lehet megv\u00e1s\u00e1rolni a Thirtylone-t?<\/h3>\n<p>Online gy\u00f3gyszert\u00e1ri piacter\u00fcnk\u00f6n vil\u00e1gszerte kiv\u00e1l\u00f3 min\u0151s\u00e9g\u0171 gy\u00f3gyszerek \u00e1llnak rendelkez\u00e9sre, rendk\u00edv\u00fcl versenyk\u00e9pes \u00e1ron laborat\u00f3riumok, gy\u00f3gyszert\u00e1rak, kutat\u00f3k\u00f6zpontok vagy egy\u00e9ni fogyaszt\u00f3k sz\u00e1m\u00e1ra.<\/p>","protected":false},"excerpt":{"rendered":"<p>Acheter Kristall-Thirtylon, TIRTYLON-KRISTALL VENDRE EN LIGNE TIRTYLONE Acheter Thirtylon (gros cristal) est parfois appel\u00e9 TTE et thylendioxy-N-\u00e9thylcathinon. C&rsquo;est l&rsquo;un des substituts les plus appr\u00e9ci\u00e9s et les plus utilis\u00e9s de l&rsquo;\u00e9thyl\u00e8ne et du polyester. Ce nouveau compos\u00e9 fait sans aucun doute partie des produits chimiques les plus r\u00e9cents \u00e0 arriver sur le march\u00e9. Le TTE est [&hellip;]<\/p>","protected":false},"featured_media":3036,"comment_status":"open","ping_status":"closed","template":"","meta":{"_joinchat":[]},"product_brand":[],"product_cat":[386,385],"product_tag":[],"class_list":{"0":"post-3010","1":"product","2":"type-product","3":"status-publish","4":"has-post-thumbnail","6":"product_cat-cannabinoids","7":"product_cat-forschung-schemikalien","9":"first","10":"instock","11":"shipping-taxable","12":"purchasable","13":"product-type-variable"},"yoast_head":"<!-- This site is optimized with the Yoast SEO plugin v23.5 - https:\/\/yoast.com\/wordpress\/plugins\/seo\/ -->\n<title>Achetez THIRTYLONE en ligne - THIRTYLONE \u00e0 vendre<\/title>\n<meta name=\"description\" content=\"C&#039;est le meilleur moment pour visiter notre boutique en ligne et acheter THIRTYLONE en ligne. Nous avons THIRTYLONE de haute qualit\u00e9 \u00e0 vendre ici au prix le plus abordable. Rencontrez-nous en ligne et passez votre commande d\u00e8s aujourd&#039;hui.\" \/>\n<meta name=\"robots\" content=\"index, follow, max-snippet:-1, max-image-preview:large, max-video-preview:-1\" \/>\n<link rel=\"canonical\" href=\"https:\/\/nembutalboutique.com\/hu\/termek\/thirtylone\/\" \/>\n<meta property=\"og:locale\" content=\"hu_HU\" \/>\n<meta property=\"og:type\" content=\"article\" \/>\n<meta property=\"og:title\" content=\"Achetez THIRTYLONE en ligne - THIRTYLONE \u00e0 vendre\" \/>\n<meta property=\"og:description\" content=\"C&#039;est le meilleur moment pour visiter notre boutique en ligne et acheter THIRTYLONE en ligne. Nous avons THIRTYLONE de haute qualit\u00e9 \u00e0 vendre ici au prix le plus abordable. Rencontrez-nous en ligne et passez votre commande d\u00e8s aujourd&#039;hui.\" \/>\n<meta property=\"og:url\" content=\"https:\/\/nembutalboutique.com\/hu\/termek\/thirtylone\/\" \/>\n<meta property=\"og:site_name\" content=\"Nembutal Boutique\" \/>\n<meta property=\"article:modified_time\" content=\"2024-09-20T09:53:41+00:00\" \/>\n<meta property=\"og:image\" content=\"https:\/\/nembutalboutique.com\/wp-content\/uploads\/2024\/09\/Thirtylone.gif\" \/>\n\t<meta property=\"og:image:width\" content=\"600\" \/>\n\t<meta property=\"og:image:height\" content=\"600\" \/>\n\t<meta property=\"og:image:type\" content=\"image\/gif\" \/>\n<meta name=\"twitter:card\" content=\"summary_large_image\" \/>\n<meta name=\"twitter:label1\" content=\"Becs\u00fclt olvas\u00e1si id\u0151\" \/>\n\t<meta name=\"twitter:data1\" content=\"3 perc\" \/>\n<script type=\"application\/ld+json\" class=\"yoast-schema-graph\">{\"@context\":\"https:\/\/schema.org\",\"@graph\":[{\"@type\":\"WebPage\",\"@id\":\"https:\/\/nembutalboutique.com\/produit\/thirtylone\/\",\"url\":\"https:\/\/nembutalboutique.com\/produit\/thirtylone\/\",\"name\":\"Achetez THIRTYLONE en ligne - THIRTYLONE \u00e0 vendre\",\"isPartOf\":{\"@id\":\"https:\/\/nembutalboutique.com\/#website\"},\"primaryImageOfPage\":{\"@id\":\"https:\/\/nembutalboutique.com\/produit\/thirtylone\/#primaryimage\"},\"image\":{\"@id\":\"https:\/\/nembutalboutique.com\/produit\/thirtylone\/#primaryimage\"},\"thumbnailUrl\":\"https:\/\/nembutalboutique.com\/wp-content\/uploads\/2024\/09\/Thirtylone.gif\",\"datePublished\":\"2024-09-16T08:14:16+00:00\",\"dateModified\":\"2024-09-20T09:53:41+00:00\",\"description\":\"C'est le meilleur moment pour visiter notre boutique en ligne et acheter THIRTYLONE en ligne. Nous avons THIRTYLONE de haute qualit\u00e9 \u00e0 vendre ici au prix le plus abordable. Rencontrez-nous en ligne et passez votre commande d\u00e8s aujourd'hui.\",\"breadcrumb\":{\"@id\":\"https:\/\/nembutalboutique.com\/produit\/thirtylone\/#breadcrumb\"},\"inLanguage\":\"hu\",\"potentialAction\":[{\"@type\":\"ReadAction\",\"target\":[\"https:\/\/nembutalboutique.com\/produit\/thirtylone\/\"]}]},{\"@type\":\"ImageObject\",\"inLanguage\":\"hu\",\"@id\":\"https:\/\/nembutalboutique.com\/produit\/thirtylone\/#primaryimage\",\"url\":\"https:\/\/nembutalboutique.com\/wp-content\/uploads\/2024\/09\/Thirtylone.gif\",\"contentUrl\":\"https:\/\/nembutalboutique.com\/wp-content\/uploads\/2024\/09\/Thirtylone.gif\",\"width\":600,\"height\":600,\"caption\":\"acheter Thirtylone.gif\"},{\"@type\":\"BreadcrumbList\",\"@id\":\"https:\/\/nembutalboutique.com\/produit\/thirtylone\/#breadcrumb\",\"itemListElement\":[{\"@type\":\"ListItem\",\"position\":1,\"name\":\"Home\",\"item\":\"https:\/\/nembutalboutique.com\/\"},{\"@type\":\"ListItem\",\"position\":2,\"name\":\"Boutique\",\"item\":\"https:\/\/nembutalboutique.com\/shop\/\"},{\"@type\":\"ListItem\",\"position\":3,\"name\":\"THIRTYLONE\"}]},{\"@type\":\"WebSite\",\"@id\":\"https:\/\/nembutalboutique.com\/#website\",\"url\":\"https:\/\/nembutalboutique.com\/\",\"name\":\"Nembutal Boutique\",\"description\":\"My WordPress Blog\",\"publisher\":{\"@id\":\"https:\/\/nembutalboutique.com\/#organization\"},\"potentialAction\":[{\"@type\":\"SearchAction\",\"target\":{\"@type\":\"EntryPoint\",\"urlTemplate\":\"https:\/\/nembutalboutique.com\/?s={search_term_string}\"},\"query-input\":{\"@type\":\"PropertyValueSpecification\",\"valueRequired\":true,\"valueName\":\"search_term_string\"}}],\"inLanguage\":\"hu\"},{\"@type\":\"Organization\",\"@id\":\"https:\/\/nembutalboutique.com\/#organization\",\"name\":\"Nembutal Boutique\",\"url\":\"https:\/\/nembutalboutique.com\/\",\"logo\":{\"@type\":\"ImageObject\",\"inLanguage\":\"hu\",\"@id\":\"https:\/\/nembutalboutique.com\/#\/schema\/logo\/image\/\",\"url\":\"https:\/\/nembutalboutique.com\/wp-content\/uploads\/2024\/01\/logo.png\",\"contentUrl\":\"https:\/\/nembutalboutique.com\/wp-content\/uploads\/2024\/01\/logo.png\",\"width\":494,\"height\":121,\"caption\":\"Nembutal Boutique\"},\"image\":{\"@id\":\"https:\/\/nembutalboutique.com\/#\/schema\/logo\/image\/\"}}]}<\/script>\n<!-- \/ Yoast SEO plugin. -->","yoast_head_json":{"title":"THIRTYLONE online v\u00e1s\u00e1rl\u00e1s - THIRTYLONE elad\u00f3","description":"Ez a legjobb alkalom, hogy megl\u00e1togassa online \u00e1ruh\u00e1zunkat \u00e9s megv\u00e1s\u00e1rolja a THIRTYLONE-t online. Kiv\u00e1l\u00f3 min\u0151s\u00e9g\u0171 THIRTYLONE elad\u00f3 itt a legkedvez\u0151bb \u00e1ron. Tal\u00e1lkozzon vel\u00fcnk online \u00e9s adja le rendel\u00e9s\u00e9t m\u00e9g ma.","robots":{"index":"index","follow":"follow","max-snippet":"max-snippet:-1","max-image-preview":"max-image-preview:large","max-video-preview":"max-video-preview:-1"},"canonical":"https:\/\/nembutalboutique.com\/hu\/termek\/thirtylone\/","og_locale":"hu_HU","og_type":"article","og_title":"Achetez THIRTYLONE en ligne - THIRTYLONE \u00e0 vendre","og_description":"C'est le meilleur moment pour visiter notre boutique en ligne et acheter THIRTYLONE en ligne. Nous avons THIRTYLONE de haute qualit\u00e9 \u00e0 vendre ici au prix le plus abordable. Rencontrez-nous en ligne et passez votre commande d\u00e8s aujourd'hui.","og_url":"https:\/\/nembutalboutique.com\/hu\/termek\/thirtylone\/","og_site_name":"Nembutal Boutique","article_modified_time":"2024-09-20T09:53:41+00:00","og_image":[{"width":600,"height":600,"url":"https:\/\/nembutalboutique.com\/wp-content\/uploads\/2024\/09\/Thirtylone.gif","type":"image\/gif"}],"twitter_card":"summary_large_image","twitter_misc":{"Becs\u00fclt olvas\u00e1si id\u0151":"3 perc"},"schema":{"@context":"https:\/\/schema.org","@graph":[{"@type":"WebPage","@id":"https:\/\/nembutalboutique.com\/produit\/thirtylone\/","url":"https:\/\/nembutalboutique.com\/produit\/thirtylone\/","name":"THIRTYLONE online v\u00e1s\u00e1rl\u00e1s - THIRTYLONE elad\u00f3","isPartOf":{"@id":"https:\/\/nembutalboutique.com\/#website"},"primaryImageOfPage":{"@id":"https:\/\/nembutalboutique.com\/produit\/thirtylone\/#primaryimage"},"image":{"@id":"https:\/\/nembutalboutique.com\/produit\/thirtylone\/#primaryimage"},"thumbnailUrl":"https:\/\/nembutalboutique.com\/wp-content\/uploads\/2024\/09\/Thirtylone.gif","datePublished":"2024-09-16T08:14:16+00:00","dateModified":"2024-09-20T09:53:41+00:00","description":"Ez a legjobb alkalom, hogy megl\u00e1togassa online \u00e1ruh\u00e1zunkat \u00e9s megv\u00e1s\u00e1rolja a THIRTYLONE-t online. Kiv\u00e1l\u00f3 min\u0151s\u00e9g\u0171 THIRTYLONE elad\u00f3 itt a legkedvez\u0151bb \u00e1ron. Tal\u00e1lkozzon vel\u00fcnk online \u00e9s adja le rendel\u00e9s\u00e9t m\u00e9g ma.","breadcrumb":{"@id":"https:\/\/nembutalboutique.com\/produit\/thirtylone\/#breadcrumb"},"inLanguage":"hu","potentialAction":[{"@type":"ReadAction","target":["https:\/\/nembutalboutique.com\/produit\/thirtylone\/"]}]},{"@type":"ImageObject","inLanguage":"hu","@id":"https:\/\/nembutalboutique.com\/produit\/thirtylone\/#primaryimage","url":"https:\/\/nembutalboutique.com\/wp-content\/uploads\/2024\/09\/Thirtylone.gif","contentUrl":"https:\/\/nembutalboutique.com\/wp-content\/uploads\/2024\/09\/Thirtylone.gif","width":600,"height":600,"caption":"acheter Thirtylone.gif"},{"@type":"BreadcrumbList","@id":"https:\/\/nembutalboutique.com\/produit\/thirtylone\/#breadcrumb","itemListElement":[{"@type":"ListItem","position":1,"name":"Home","item":"https:\/\/nembutalboutique.com\/"},{"@type":"ListItem","position":2,"name":"Boutique","item":"https:\/\/nembutalboutique.com\/shop\/"},{"@type":"ListItem","position":3,"name":"THIRTYLONE"}]},{"@type":"WebSite","@id":"https:\/\/nembutalboutique.com\/#website","url":"https:\/\/nembutalboutique.com\/","name":"Nembutal Boutique","description":"Az \u00e9n WordPress blogom","publisher":{"@id":"https:\/\/nembutalboutique.com\/#organization"},"potentialAction":[{"@type":"SearchAction","target":{"@type":"EntryPoint","urlTemplate":"https:\/\/nembutalboutique.com\/?s={search_term_string}"},"query-input":{"@type":"PropertyValueSpecification","valueRequired":true,"valueName":"search_term_string"}}],"inLanguage":"hu"},{"@type":"Organization","@id":"https:\/\/nembutalboutique.com\/#organization","name":"Nembutal Boutique","url":"https:\/\/nembutalboutique.com\/","logo":{"@type":"ImageObject","inLanguage":"hu","@id":"https:\/\/nembutalboutique.com\/#\/schema\/logo\/image\/","url":"https:\/\/nembutalboutique.com\/wp-content\/uploads\/2024\/01\/logo.png","contentUrl":"https:\/\/nembutalboutique.com\/wp-content\/uploads\/2024\/01\/logo.png","width":494,"height":121,"caption":"Nembutal Boutique"},"image":{"@id":"https:\/\/nembutalboutique.com\/#\/schema\/logo\/image\/"}}]}},"_links":{"self":[{"href":"https:\/\/nembutalboutique.com\/hu\/wp-json\/wp\/v2\/product\/3010"}],"collection":[{"href":"https:\/\/nembutalboutique.com\/hu\/wp-json\/wp\/v2\/product"}],"about":[{"href":"https:\/\/nembutalboutique.com\/hu\/wp-json\/wp\/v2\/types\/product"}],"replies":[{"embeddable":true,"href":"https:\/\/nembutalboutique.com\/hu\/wp-json\/wp\/v2\/comments?post=3010"}],"wp:featuredmedia":[{"embeddable":true,"href":"https:\/\/nembutalboutique.com\/hu\/wp-json\/wp\/v2\/media\/3036"}],"wp:attachment":[{"href":"https:\/\/nembutalboutique.com\/hu\/wp-json\/wp\/v2\/media?parent=3010"}],"wp:term":[{"taxonomy":"product_brand","embeddable":true,"href":"https:\/\/nembutalboutique.com\/hu\/wp-json\/wp\/v2\/product_brand?post=3010"},{"taxonomy":"product_cat","embeddable":true,"href":"https:\/\/nembutalboutique.com\/hu\/wp-json\/wp\/v2\/product_cat?post=3010"},{"taxonomy":"product_tag","embeddable":true,"href":"https:\/\/nembutalboutique.com\/hu\/wp-json\/wp\/v2\/product_tag?post=3010"}],"curies":[{"name":"wp","href":"https:\/\/api.w.org\/{rel}","templated":true}]}}