{"id":2930,"date":"2024-09-16T08:13:34","date_gmt":"2024-09-16T08:13:34","guid":{"rendered":"https:\/\/nembutalboutique.com\/?post_type=product&#038;p=2930"},"modified":"2024-09-20T10:12:00","modified_gmt":"2024-09-20T10:12:00","slug":"mdpv","status":"publish","type":"product","link":"https:\/\/nembutalboutique.com\/hu\/termek\/mdpv\/","title":{"rendered":"MDPV"},"content":{"rendered":"<h2>MDPV online v\u00e1s\u00e1rl\u00e1sa<\/h2>\n<h3>V\u00e1s\u00e1roljon MDPV krist\u00e1lyokat online az MDPV Crystals for Sale oldalon, \u00e9s kapjon m\u00e1snapi sz\u00e1ll\u00edt\u00e1st.<\/h3>\n<p>MDPV online bolt: a legjobb min\u0151s\u00e9get k\u00edn\u00e1ljuk. V\u00e1s\u00e1roljon krist\u00e1lyokat <a href=\"https:\/\/nembutalboutique.com\/produit\/mdpv\/\">MDPV<\/a> online n\u00e1lunk; 100 % adatv\u00e9delmi garanci\u00e1t, biztons\u00e1gos visszat\u00e9r\u00edt\u00e9st \u00e9s megb\u00edzhat\u00f3 sz\u00e1ll\u00edt\u00e1st k\u00edn\u00e1lunk. Most, a f\u0151utc\u00e1n elt\u00f6lt\u00f6tt \u00e9vek kem\u00e9ny munk\u00e1ja ut\u00e1n \u00fagy d\u00f6nt\u00f6tt\u00fcnk, hogy radik\u00e1lis v\u00e1ltoz\u00e1st hajtunk v\u00e9gre. Eladjuk az MDPV krist\u00e1lyt.<\/p>\n<p>Nem k\u00f6nny\u0171 j\u00e1t\u00e9k, de csak ki kell pr\u00f3b\u00e1lnod, \u00e9s megl\u00e1tod, mi t\u00f6rt\u00e9nik. Mivel a mi j\u00e1t\u00e9kunk nem igaz\u00e1n egyszer\u0171, csak ki kell pr\u00f3b\u00e1lnod, \u00e9s megl\u00e1tod, mi t\u00f6rt\u00e9nik. Mivel most m\u00e1r online VPSM-eket is csin\u00e1lunk a boltunkon kereszt\u00fcl, mindig v\u00e1rjuk a l\u00e1togat\u00e1sodat.<\/p>\n<p>A mi ajt\u00f3nk sz\u00e9lesre t\u00e1rva \u00e1ll az \u00d6n el\u0151tt, ha \u00d6n is azok k\u00f6z\u00e9 tartozik, akiket szint\u00e9n nagy sz\u00e1mban fogadunk. vall\u00e1si meggy\u0151z\u0151d\u00e9s\u0171ek. V\u00e1s\u00e1roljon MDPV-t \u00e9s kapjon gyors sz\u00e1ll\u00edt\u00e1st.<\/p>\n<h3>MDPV v\u00e1s\u00e1rl\u00e1skor nembutal - v\u00e1s\u00e1roljon, mert a min\u0151s\u00e9g sz\u00e1m\u00edt!<\/h3>\n<p>V\u00e1s\u00e1roljon <a href=\"https:\/\/en.wikipedia.org\/wiki\/Methylenedioxypyrovalerone\">MDPV<\/a> vezet\u0151 eur\u00f3pai vegyipari v\u00e1llalatokt\u00f3l sz\u00e1rmaz\u00f3, garant\u00e1ltan legal\u00e1bb 98 %+ tisztas\u00e1g\u00fa. Minden, a kutat\u00e1saink sor\u00e1n k\u00e9miailag el\u0151\u00e1ll\u00edtott t\u00f6lt\u0151anyag COA-t sz\u00e1ll\u00edtunk!<\/p>\n<p><strong>Az MDPV anyagai<\/strong><\/p>\n<p>Ellen\u0151rz\u0151 egys\u00e9genk\u00e9nt legal\u00e1bb 98 % tiszta MDPV-t tartalmaz.<\/p>\n<p><strong>Az MDPV meghat\u00e1roz\u00e1sa<\/strong><\/p>\n<p>Mivel az MDPV-t csak tudom\u00e1nyos k\u00e9miai kutat\u00e1sokban val\u00f3 felhaszn\u00e1l\u00e1sra \u00e9rt\u00e9kes\u00edtik, \u00e9s nem emberi fogyaszt\u00e1sra sz\u00e1nt\u00e1k, nincs aj\u00e1nlott adagol\u00e1s.<\/p>\n<p><strong>Az MDPV k\u00f6vetkezm\u00e9nyei :<\/strong><\/p>\n<p>A legt\u00f6bb \u00faj szintetikus k\u00e1b\u00edt\u00f3szer, p\u00e9ld\u00e1ul az MDPV klinikai hat\u00e1sai a stimul\u00e1ns, hallucinog\u00e9n vagy opioidszer\u0171 szerek k\u00f6z\u00e9 sorolhat\u00f3k. Ezen t\u00falmen\u0151en a szintetikus drogok helyettes\u00edt\u00e9s\u00e9vel ezen hat\u00e1sok kombin\u00e1ci\u00f3ja is el\u0151fordul.<\/p>\n<p><strong>Az MDPV nemk\u00edv\u00e1natos hat\u00e1sai<\/strong><\/p>\n<p>M\u00e1s szintetikus k\u00e1b\u00edt\u00f3szerekhez hasonl\u00f3an az MDPV haszn\u00e1lat\u00e1nak is s\u00falyos mell\u00e9khat\u00e1sai lehetnek. Az anyagot klinikailag nem vizsg\u00e1lt\u00e1k, \u00e9s semmilyen m\u00f3don nem hagyt\u00e1k j\u00f3v\u00e1 a szakemberek sz\u00e1m\u00e1ra! Az MDPV-t ez\u00e9rt kiz\u00e1r\u00f3lag tudom\u00e1nyos kutat\u00e1sra \u00e9s nem emberi felhaszn\u00e1l\u00e1sra sz\u00e1nj\u00e1k!<\/p>\n<p><strong>Tudja meg, hogyan tartsa az MDPV-t<\/strong><\/p>\n<p>Az MDPV-t 30 Celsius-fok alatti h\u0151m\u00e9rs\u00e9kleten t\u00e1rolja. Az MDPV-t az eredeti csomagol\u00e1sban kell t\u00e1rolni, hogy elker\u00fclje a k\u00f6zvetlen napf\u00e9nyhat\u00e1st \u00e9s a nedvess\u00e9g okozta k\u00e1rosod\u00e1st.<\/p>","protected":false},"excerpt":{"rendered":"<p>Acheter MDPV en ligne Achetez des cristaux MDPV en ligne sur MDPV Crystals for Sale et obtenez une livraison le lendemain. Boutique en ligne MDPV : nous offrons la meilleure qualit\u00e9. Achetez des cristaux MDPV en ligne chez nous ; nous vous offrons une garantie de protection des donn\u00e9es \u00e0 100 %, un remboursement s\u00e9curis\u00e9 [&hellip;]<\/p>","protected":false},"featured_media":2936,"comment_status":"open","ping_status":"closed","template":"","meta":{"_joinchat":[]},"product_brand":[],"product_cat":[385],"product_tag":[],"class_list":{"0":"post-2930","1":"product","2":"type-product","3":"status-publish","4":"has-post-thumbnail","6":"product_cat-forschung-schemikalien","8":"first","9":"instock","10":"shipping-taxable","11":"purchasable","12":"product-type-variable"},"yoast_head":"<!-- This site is optimized with the Yoast SEO plugin v23.5 - https:\/\/yoast.com\/wordpress\/plugins\/seo\/ -->\n<title>MDPV \u00e0 vendre - Achetez MDPV en ligne<\/title>\n<meta name=\"description\" content=\"Achetez du MDPV en vente dans l&#039;une des meilleures boutiques en ligne Nembutal Boutique. Nous vous aiderons \u00e0 acheter du MDPV en ligne de haute qualit\u00e9. Ne tardez pas \u00e0 passer votre commande et profitez des derni\u00e8res r\u00e9ductions !\" \/>\n<meta name=\"robots\" content=\"index, follow, max-snippet:-1, max-image-preview:large, max-video-preview:-1\" \/>\n<link rel=\"canonical\" href=\"https:\/\/nembutalboutique.com\/hu\/termek\/mdpv\/\" \/>\n<meta property=\"og:locale\" content=\"hu_HU\" \/>\n<meta property=\"og:type\" content=\"article\" \/>\n<meta property=\"og:title\" content=\"MDPV \u00e0 vendre - Achetez MDPV en ligne\" \/>\n<meta property=\"og:description\" content=\"Achetez du MDPV en vente dans l&#039;une des meilleures boutiques en ligne Nembutal Boutique. Nous vous aiderons \u00e0 acheter du MDPV en ligne de haute qualit\u00e9. Ne tardez pas \u00e0 passer votre commande et profitez des derni\u00e8res r\u00e9ductions !\" \/>\n<meta property=\"og:url\" content=\"https:\/\/nembutalboutique.com\/hu\/termek\/mdpv\/\" \/>\n<meta property=\"og:site_name\" content=\"Nembutal Boutique\" \/>\n<meta property=\"article:modified_time\" content=\"2024-09-20T10:12:00+00:00\" \/>\n<meta property=\"og:image\" content=\"https:\/\/nembutalboutique.com\/wp-content\/uploads\/2024\/09\/MDPV.gif\" \/>\n\t<meta property=\"og:image:width\" content=\"600\" \/>\n\t<meta property=\"og:image:height\" content=\"600\" \/>\n\t<meta property=\"og:image:type\" content=\"image\/gif\" \/>\n<meta name=\"twitter:card\" content=\"summary_large_image\" \/>\n<meta name=\"twitter:label1\" content=\"Becs\u00fclt olvas\u00e1si id\u0151\" \/>\n\t<meta name=\"twitter:data1\" content=\"2 perc\" \/>\n<script type=\"application\/ld+json\" class=\"yoast-schema-graph\">{\"@context\":\"https:\/\/schema.org\",\"@graph\":[{\"@type\":\"WebPage\",\"@id\":\"https:\/\/nembutalboutique.com\/produit\/mdpv\/\",\"url\":\"https:\/\/nembutalboutique.com\/produit\/mdpv\/\",\"name\":\"MDPV \u00e0 vendre - Achetez MDPV en ligne\",\"isPartOf\":{\"@id\":\"https:\/\/nembutalboutique.com\/#website\"},\"primaryImageOfPage\":{\"@id\":\"https:\/\/nembutalboutique.com\/produit\/mdpv\/#primaryimage\"},\"image\":{\"@id\":\"https:\/\/nembutalboutique.com\/produit\/mdpv\/#primaryimage\"},\"thumbnailUrl\":\"https:\/\/nembutalboutique.com\/wp-content\/uploads\/2024\/09\/MDPV.gif\",\"datePublished\":\"2024-09-16T08:13:34+00:00\",\"dateModified\":\"2024-09-20T10:12:00+00:00\",\"description\":\"Achetez du MDPV en vente dans l'une des meilleures boutiques en ligne Nembutal Boutique. Nous vous aiderons \u00e0 acheter du MDPV en ligne de haute qualit\u00e9. Ne tardez pas \u00e0 passer votre commande et profitez des derni\u00e8res r\u00e9ductions !\",\"breadcrumb\":{\"@id\":\"https:\/\/nembutalboutique.com\/produit\/mdpv\/#breadcrumb\"},\"inLanguage\":\"hu\",\"potentialAction\":[{\"@type\":\"ReadAction\",\"target\":[\"https:\/\/nembutalboutique.com\/produit\/mdpv\/\"]}]},{\"@type\":\"ImageObject\",\"inLanguage\":\"hu\",\"@id\":\"https:\/\/nembutalboutique.com\/produit\/mdpv\/#primaryimage\",\"url\":\"https:\/\/nembutalboutique.com\/wp-content\/uploads\/2024\/09\/MDPV.gif\",\"contentUrl\":\"https:\/\/nembutalboutique.com\/wp-content\/uploads\/2024\/09\/MDPV.gif\",\"width\":600,\"height\":600,\"caption\":\"Acheter MDPV.gif\"},{\"@type\":\"BreadcrumbList\",\"@id\":\"https:\/\/nembutalboutique.com\/produit\/mdpv\/#breadcrumb\",\"itemListElement\":[{\"@type\":\"ListItem\",\"position\":1,\"name\":\"Home\",\"item\":\"https:\/\/nembutalboutique.com\/\"},{\"@type\":\"ListItem\",\"position\":2,\"name\":\"Boutique\",\"item\":\"https:\/\/nembutalboutique.com\/shop\/\"},{\"@type\":\"ListItem\",\"position\":3,\"name\":\"MDPV\"}]},{\"@type\":\"WebSite\",\"@id\":\"https:\/\/nembutalboutique.com\/#website\",\"url\":\"https:\/\/nembutalboutique.com\/\",\"name\":\"Nembutal Boutique\",\"description\":\"My WordPress Blog\",\"publisher\":{\"@id\":\"https:\/\/nembutalboutique.com\/#organization\"},\"potentialAction\":[{\"@type\":\"SearchAction\",\"target\":{\"@type\":\"EntryPoint\",\"urlTemplate\":\"https:\/\/nembutalboutique.com\/?s={search_term_string}\"},\"query-input\":{\"@type\":\"PropertyValueSpecification\",\"valueRequired\":true,\"valueName\":\"search_term_string\"}}],\"inLanguage\":\"hu\"},{\"@type\":\"Organization\",\"@id\":\"https:\/\/nembutalboutique.com\/#organization\",\"name\":\"Nembutal Boutique\",\"url\":\"https:\/\/nembutalboutique.com\/\",\"logo\":{\"@type\":\"ImageObject\",\"inLanguage\":\"hu\",\"@id\":\"https:\/\/nembutalboutique.com\/#\/schema\/logo\/image\/\",\"url\":\"https:\/\/nembutalboutique.com\/wp-content\/uploads\/2024\/01\/logo.png\",\"contentUrl\":\"https:\/\/nembutalboutique.com\/wp-content\/uploads\/2024\/01\/logo.png\",\"width\":494,\"height\":121,\"caption\":\"Nembutal Boutique\"},\"image\":{\"@id\":\"https:\/\/nembutalboutique.com\/#\/schema\/logo\/image\/\"}}]}<\/script>\n<!-- \/ Yoast SEO plugin. -->","yoast_head_json":{"title":"MDPV elad\u00f3 - MDPV v\u00e1s\u00e1rl\u00e1s online","description":"V\u00e1s\u00e1roljon MDPV-t elad\u00f3 az egyik legjobb online boltban Nembutal Boutique. Seg\u00edt\u00fcnk \u00d6nnek kiv\u00e1l\u00f3 min\u0151s\u00e9g\u0171 MDPV online v\u00e1s\u00e1rl\u00e1s\u00e1ban. Ne k\u00e9slekedjen a rendel\u00e9s lead\u00e1s\u00e1val \u00e9s haszn\u00e1lja ki a leg\u00fajabb kedvezm\u00e9nyeket!","robots":{"index":"index","follow":"follow","max-snippet":"max-snippet:-1","max-image-preview":"max-image-preview:large","max-video-preview":"max-video-preview:-1"},"canonical":"https:\/\/nembutalboutique.com\/hu\/termek\/mdpv\/","og_locale":"hu_HU","og_type":"article","og_title":"MDPV \u00e0 vendre - Achetez MDPV en ligne","og_description":"Achetez du MDPV en vente dans l'une des meilleures boutiques en ligne Nembutal Boutique. Nous vous aiderons \u00e0 acheter du MDPV en ligne de haute qualit\u00e9. Ne tardez pas \u00e0 passer votre commande et profitez des derni\u00e8res r\u00e9ductions !","og_url":"https:\/\/nembutalboutique.com\/hu\/termek\/mdpv\/","og_site_name":"Nembutal Boutique","article_modified_time":"2024-09-20T10:12:00+00:00","og_image":[{"width":600,"height":600,"url":"https:\/\/nembutalboutique.com\/wp-content\/uploads\/2024\/09\/MDPV.gif","type":"image\/gif"}],"twitter_card":"summary_large_image","twitter_misc":{"Becs\u00fclt olvas\u00e1si id\u0151":"2 perc"},"schema":{"@context":"https:\/\/schema.org","@graph":[{"@type":"WebPage","@id":"https:\/\/nembutalboutique.com\/produit\/mdpv\/","url":"https:\/\/nembutalboutique.com\/produit\/mdpv\/","name":"MDPV elad\u00f3 - MDPV v\u00e1s\u00e1rl\u00e1s online","isPartOf":{"@id":"https:\/\/nembutalboutique.com\/#website"},"primaryImageOfPage":{"@id":"https:\/\/nembutalboutique.com\/produit\/mdpv\/#primaryimage"},"image":{"@id":"https:\/\/nembutalboutique.com\/produit\/mdpv\/#primaryimage"},"thumbnailUrl":"https:\/\/nembutalboutique.com\/wp-content\/uploads\/2024\/09\/MDPV.gif","datePublished":"2024-09-16T08:13:34+00:00","dateModified":"2024-09-20T10:12:00+00:00","description":"V\u00e1s\u00e1roljon MDPV-t elad\u00f3 az egyik legjobb online boltban Nembutal Boutique. Seg\u00edt\u00fcnk \u00d6nnek kiv\u00e1l\u00f3 min\u0151s\u00e9g\u0171 MDPV online v\u00e1s\u00e1rl\u00e1s\u00e1ban. Ne k\u00e9slekedjen a rendel\u00e9s lead\u00e1s\u00e1val \u00e9s haszn\u00e1lja ki a leg\u00fajabb kedvezm\u00e9nyeket!","breadcrumb":{"@id":"https:\/\/nembutalboutique.com\/produit\/mdpv\/#breadcrumb"},"inLanguage":"hu","potentialAction":[{"@type":"ReadAction","target":["https:\/\/nembutalboutique.com\/produit\/mdpv\/"]}]},{"@type":"ImageObject","inLanguage":"hu","@id":"https:\/\/nembutalboutique.com\/produit\/mdpv\/#primaryimage","url":"https:\/\/nembutalboutique.com\/wp-content\/uploads\/2024\/09\/MDPV.gif","contentUrl":"https:\/\/nembutalboutique.com\/wp-content\/uploads\/2024\/09\/MDPV.gif","width":600,"height":600,"caption":"Acheter MDPV.gif"},{"@type":"BreadcrumbList","@id":"https:\/\/nembutalboutique.com\/produit\/mdpv\/#breadcrumb","itemListElement":[{"@type":"ListItem","position":1,"name":"Home","item":"https:\/\/nembutalboutique.com\/"},{"@type":"ListItem","position":2,"name":"Boutique","item":"https:\/\/nembutalboutique.com\/shop\/"},{"@type":"ListItem","position":3,"name":"MDPV"}]},{"@type":"WebSite","@id":"https:\/\/nembutalboutique.com\/#website","url":"https:\/\/nembutalboutique.com\/","name":"Nembutal Boutique","description":"Az \u00e9n WordPress blogom","publisher":{"@id":"https:\/\/nembutalboutique.com\/#organization"},"potentialAction":[{"@type":"SearchAction","target":{"@type":"EntryPoint","urlTemplate":"https:\/\/nembutalboutique.com\/?s={search_term_string}"},"query-input":{"@type":"PropertyValueSpecification","valueRequired":true,"valueName":"search_term_string"}}],"inLanguage":"hu"},{"@type":"Organization","@id":"https:\/\/nembutalboutique.com\/#organization","name":"Nembutal Boutique","url":"https:\/\/nembutalboutique.com\/","logo":{"@type":"ImageObject","inLanguage":"hu","@id":"https:\/\/nembutalboutique.com\/#\/schema\/logo\/image\/","url":"https:\/\/nembutalboutique.com\/wp-content\/uploads\/2024\/01\/logo.png","contentUrl":"https:\/\/nembutalboutique.com\/wp-content\/uploads\/2024\/01\/logo.png","width":494,"height":121,"caption":"Nembutal Boutique"},"image":{"@id":"https:\/\/nembutalboutique.com\/#\/schema\/logo\/image\/"}}]}},"_links":{"self":[{"href":"https:\/\/nembutalboutique.com\/hu\/wp-json\/wp\/v2\/product\/2930"}],"collection":[{"href":"https:\/\/nembutalboutique.com\/hu\/wp-json\/wp\/v2\/product"}],"about":[{"href":"https:\/\/nembutalboutique.com\/hu\/wp-json\/wp\/v2\/types\/product"}],"replies":[{"embeddable":true,"href":"https:\/\/nembutalboutique.com\/hu\/wp-json\/wp\/v2\/comments?post=2930"}],"wp:featuredmedia":[{"embeddable":true,"href":"https:\/\/nembutalboutique.com\/hu\/wp-json\/wp\/v2\/media\/2936"}],"wp:attachment":[{"href":"https:\/\/nembutalboutique.com\/hu\/wp-json\/wp\/v2\/media?parent=2930"}],"wp:term":[{"taxonomy":"product_brand","embeddable":true,"href":"https:\/\/nembutalboutique.com\/hu\/wp-json\/wp\/v2\/product_brand?post=2930"},{"taxonomy":"product_cat","embeddable":true,"href":"https:\/\/nembutalboutique.com\/hu\/wp-json\/wp\/v2\/product_cat?post=2930"},{"taxonomy":"product_tag","embeddable":true,"href":"https:\/\/nembutalboutique.com\/hu\/wp-json\/wp\/v2\/product_tag?post=2930"}],"curies":[{"name":"wp","href":"https:\/\/api.w.org\/{rel}","templated":true}]}}